{"id":29315,"date":"2025-02-17T11:07:42","date_gmt":"2025-02-17T09:07:42","guid":{"rendered":"https:\/\/gymfactory.eu\/product\/plate-forme-de-gymnastique-multi-stations-exterieure-u1\/"},"modified":"2025-02-17T11:07:42","modified_gmt":"2025-02-17T09:07:42","slug":"plate-forme-de-gymnastique-multi-stations-exterieure-u1","status":"publish","type":"product","link":"https:\/\/gymfactory.eu\/fr\/produit\/plate-forme-de-gymnastique-multi-stations-exterieure-u1\/","title":{"rendered":"Plate-forme de gymnastique multi-stations ext\u00e9rieure U1"},"content":{"rendered":"<p>Le U1 Outdoor Multi-Station Calisthenics Rig est un \u00e9quipement de fitness de plein air polyvalent con\u00e7u pour la gymnastique compl\u00e8te du corps et l&rsquo;entra\u00eenement en force sans poids. Con\u00e7ue pour prendre en charge des entra\u00eenements de haute performance, cette station permet \u00e0 plusieurs utilisateurs de s&rsquo;entra\u00eener simultan\u00e9ment dans une configuration ext\u00e9rieure compacte <\/p>\n<p><strong>La plate-forme comprend :<\/strong><\/p>\n<ul>\n<li>Barres de singe pour un mouvement dynamique et une force de pr\u00e9hension<\/li>\n<li>2 barres de d\u00e9crochage pour les \u00e9tirements, la mobilit\u00e9 ou le travail de base<\/li>\n<li>2 barres de traction \u00e0 diff\u00e9rentes hauteurs<\/li>\n<li>Barres parall\u00e8les pour les trempettes et les presses de poids corporel<\/li>\n<li>2 barres de pouss\u00e9e pour des exercices au niveau du sol<\/li>\n<li>Une station pour les lev\u00e9es et les trempettes des jambes, ciblant le tronc et les triceps<\/li>\n<\/ul>\n<p>Cette configuration prend en charge une grande vari\u00e9t\u00e9 d&rsquo;exercices de force au poids corporel, favorisant la mobilit\u00e9, la coordination et le conditionnement du haut du bas du corps dans des environnements ext\u00e9rieurs.<\/p>\n<p><strong>Mounting options:<\/strong><br \/>\nEach outdoor trainer can be prepared with different mounting solutions, depending on installation needs:<\/p>\n<ul>\n<li>Ancrage en b\u00e9ton \u00e0 l&rsquo;aide d&rsquo;extensions de barres d&rsquo;armature.<\/li>\n<li>Ancrage du boulon \u00e0 l&rsquo;aide de plaques de base avec des trous pr\u00e9-perc\u00e9s.<\/li>\n<li>Ancrage \u00e0 vis au sol \u00e0 l&rsquo;aide de pieux \u00e0 vis et de plaques de montage &#8211; cette option est plus ch\u00e8re en raison du co\u00fbt des pieux \u00e0 vis et d\u00e9pend du nombre de points de montage requis pour chaque unit\u00e9.<\/li>\n<\/ul>\n\n    <div class=\"xs_social_share_widget xs_share_url after_content \t\tmain_content  wslu-style-1 wslu-share-box-shaped wslu-fill-colored wslu-none wslu-share-horizontal wslu-theme-font-no wslu-main_content\">\n\n\t\t\n        <ul>\n\t\t\t        <\/ul>\n    <\/div> \n","protected":false},"excerpt":{"rendered":"<p>Le U1 Outdoor Multi-Station Calisthenics Rig est un \u00e9quipement de fitness de plein air polyvalent con\u00e7u pour la gymnastique compl\u00e8te du corps et l&rsquo;entra\u00eenement en force sans poids. Con\u00e7ue pour prendre en charge des entra\u00eenements de haute performance, cette station permet \u00e0 plusieurs utilisateurs de s&rsquo;entra\u00eener simultan\u00e9ment dans une configuration ext\u00e9rieure compacte La plate-forme comprend [&hellip;]<\/p>\n","protected":false},"featured_media":10909,"template":"","meta":{"_acf_changed":false},"product_brand":[56],"product_cat":[831],"product_tag":[857],"class_list":{"0":"post-29315","1":"product","2":"type-product","3":"status-publish","4":"has-post-thumbnail","6":"product_brand-gym-factory","7":"product_cat-equipements-de-fitness-exterieur","8":"product_tag-couleur-metal-uniquement","10":"first","11":"onbackorder","12":"taxable","13":"shipping-taxable","14":"purchasable","15":"product-type-variable","16":"has-default-attributes"},"acf":[],"yoast_head":"<!-- This site is optimized with the Yoast SEO plugin v25.2 - https:\/\/yoast.com\/wordpress\/plugins\/seo\/ -->\n<title>U1 Outdoor Multi-Station Calisthenics Rig pour la musculation<\/title>\n<meta name=\"description\" content=\"Plate-forme polyvalente de gymnastique multi-stations d&#039;ext\u00e9rieur construite avec une structure en acier de haute qualit\u00e9. Parfait pour la musculation et les s\u00e9ances d&#039;entra\u00eenement complet du corps.\" \/>\n<meta name=\"robots\" content=\"index, follow, max-snippet:-1, max-image-preview:large, max-video-preview:-1\" \/>\n<link rel=\"canonical\" href=\"https:\/\/gymfactory.eu\/fr\/produit\/plate-forme-de-gymnastique-multi-stations-exterieure-u1\/\" \/>\n<meta property=\"og:locale\" content=\"fr_FR\" \/>\n<meta property=\"og:type\" content=\"article\" \/>\n<meta property=\"og:title\" content=\"U1 Outdoor Multi-Station Calisthenics Rig pour la musculation\" \/>\n<meta property=\"og:description\" content=\"Plate-forme polyvalente de gymnastique multi-stations d&#039;ext\u00e9rieur construite avec une structure en acier de haute qualit\u00e9. Parfait pour la musculation et les s\u00e9ances d&#039;entra\u00eenement complet du corps.\" \/>\n<meta property=\"og:url\" content=\"https:\/\/gymfactory.eu\/fr\/produit\/plate-forme-de-gymnastique-multi-stations-exterieure-u1\/\" \/>\n<meta property=\"og:site_name\" content=\"Gym Factory\" \/>\n<meta property=\"og:image\" content=\"https:\/\/gymfactory.eu\/wp-content\/uploads\/2025\/02\/outdoor-fitness-equipment-scaled-1.webp\" \/>\n\t<meta property=\"og:image:width\" content=\"1500\" \/>\n\t<meta property=\"og:image:height\" content=\"1500\" \/>\n\t<meta property=\"og:image:type\" content=\"image\/webp\" \/>\n<meta name=\"twitter:card\" content=\"summary_large_image\" \/>\n<meta name=\"twitter:label1\" content=\"Dur\u00e9e de lecture estim\u00e9e\" \/>\n\t<meta name=\"twitter:data1\" content=\"1 minute\" \/>\n<script type=\"application\/ld+json\" class=\"yoast-schema-graph\">{\"@context\":\"https:\/\/schema.org\",\"@graph\":[{\"@type\":\"WebPage\",\"@id\":\"https:\/\/gymfactory.eu\/fr\/produit\/plate-forme-de-gymnastique-multi-stations-exterieure-u1\/\",\"url\":\"https:\/\/gymfactory.eu\/fr\/produit\/plate-forme-de-gymnastique-multi-stations-exterieure-u1\/\",\"name\":\"U1 Outdoor Multi-Station Calisthenics Rig pour la musculation\",\"isPartOf\":{\"@id\":\"https:\/\/gymfactory.eu\/fr\/#website\"},\"primaryImageOfPage\":{\"@id\":\"https:\/\/gymfactory.eu\/fr\/produit\/plate-forme-de-gymnastique-multi-stations-exterieure-u1\/#primaryimage\"},\"image\":{\"@id\":\"https:\/\/gymfactory.eu\/fr\/produit\/plate-forme-de-gymnastique-multi-stations-exterieure-u1\/#primaryimage\"},\"thumbnailUrl\":\"https:\/\/gymfactory.eu\/wp-content\/uploads\/2025\/02\/outdoor-fitness-equipment-scaled-1.webp\",\"datePublished\":\"2025-02-17T09:07:42+00:00\",\"description\":\"Plate-forme polyvalente de gymnastique multi-stations d'ext\u00e9rieur construite avec une structure en acier de haute qualit\u00e9. Parfait pour la musculation et les s\u00e9ances d'entra\u00eenement complet du corps.\",\"breadcrumb\":{\"@id\":\"https:\/\/gymfactory.eu\/fr\/produit\/plate-forme-de-gymnastique-multi-stations-exterieure-u1\/#breadcrumb\"},\"inLanguage\":\"fr-FR\",\"potentialAction\":[{\"@type\":\"ReadAction\",\"target\":[\"https:\/\/gymfactory.eu\/fr\/produit\/plate-forme-de-gymnastique-multi-stations-exterieure-u1\/\"]}]},{\"@type\":\"ImageObject\",\"inLanguage\":\"fr-FR\",\"@id\":\"https:\/\/gymfactory.eu\/fr\/produit\/plate-forme-de-gymnastique-multi-stations-exterieure-u1\/#primaryimage\",\"url\":\"https:\/\/gymfactory.eu\/wp-content\/uploads\/2025\/02\/outdoor-fitness-equipment-scaled-1.webp\",\"contentUrl\":\"https:\/\/gymfactory.eu\/wp-content\/uploads\/2025\/02\/outdoor-fitness-equipment-scaled-1.webp\",\"width\":1500,\"height\":1500,\"caption\":\"Cette installation pour exercices de musculation comprend des \u00e9quipements de fitness en ext\u00e9rieur avec un grand power rack, des monkey bars (\u00e9chelle de suspension), des \u00e9chelles verticales et des barres parall\u00e8les, con\u00e7ue pour les entra\u00eenements au poids du corps comme les tractions, les dips et les routines de callisth\u00e9nie (street workout).\"},{\"@type\":\"BreadcrumbList\",\"@id\":\"https:\/\/gymfactory.eu\/fr\/produit\/plate-forme-de-gymnastique-multi-stations-exterieure-u1\/#breadcrumb\",\"itemListElement\":[{\"@type\":\"ListItem\",\"position\":1,\"name\":\"Home\",\"item\":\"https:\/\/gymfactory.eu\/fr\/page-principale\/\"},{\"@type\":\"ListItem\",\"position\":2,\"name\":\"Catalogue\",\"item\":\"https:\/\/gymfactory.eu\/fr\/catalogue-2\/\"},{\"@type\":\"ListItem\",\"position\":3,\"name\":\"Plate-forme de gymnastique multi-stations ext\u00e9rieure U1\"}]},{\"@type\":\"WebSite\",\"@id\":\"https:\/\/gymfactory.eu\/fr\/#website\",\"url\":\"https:\/\/gymfactory.eu\/fr\/\",\"name\":\"Gym Factory\",\"description\":\"\",\"publisher\":{\"@id\":\"https:\/\/gymfactory.eu\/fr\/#organization\"},\"potentialAction\":[{\"@type\":\"SearchAction\",\"target\":{\"@type\":\"EntryPoint\",\"urlTemplate\":\"https:\/\/gymfactory.eu\/fr\/?s={search_term_string}\"},\"query-input\":{\"@type\":\"PropertyValueSpecification\",\"valueRequired\":true,\"valueName\":\"search_term_string\"}}],\"inLanguage\":\"fr-FR\"},{\"@type\":\"Organization\",\"@id\":\"https:\/\/gymfactory.eu\/fr\/#organization\",\"name\":\"Gym Factory\",\"url\":\"https:\/\/gymfactory.eu\/fr\/\",\"logo\":{\"@type\":\"ImageObject\",\"inLanguage\":\"fr-FR\",\"@id\":\"https:\/\/gymfactory.eu\/fr\/#\/schema\/logo\/image\/\",\"url\":\"https:\/\/gymfactory.eu\/wp-content\/uploads\/2024\/11\/Component-1.svg\",\"contentUrl\":\"https:\/\/gymfactory.eu\/wp-content\/uploads\/2024\/11\/Component-1.svg\",\"width\":54,\"height\":44,\"caption\":\"Gym Factory\"},\"image\":{\"@id\":\"https:\/\/gymfactory.eu\/fr\/#\/schema\/logo\/image\/\"}}]}<\/script>\n<!-- \/ Yoast SEO plugin. -->","yoast_head_json":{"title":"U1 Outdoor Multi-Station Calisthenics Rig pour la musculation","description":"Plate-forme polyvalente de gymnastique multi-stations d'ext\u00e9rieur construite avec une structure en acier de haute qualit\u00e9. Parfait pour la musculation et les s\u00e9ances d'entra\u00eenement complet du corps.","robots":{"index":"index","follow":"follow","max-snippet":"max-snippet:-1","max-image-preview":"max-image-preview:large","max-video-preview":"max-video-preview:-1"},"canonical":"https:\/\/gymfactory.eu\/fr\/produit\/plate-forme-de-gymnastique-multi-stations-exterieure-u1\/","og_locale":"fr_FR","og_type":"article","og_title":"U1 Outdoor Multi-Station Calisthenics Rig pour la musculation","og_description":"Plate-forme polyvalente de gymnastique multi-stations d'ext\u00e9rieur construite avec une structure en acier de haute qualit\u00e9. Parfait pour la musculation et les s\u00e9ances d'entra\u00eenement complet du corps.","og_url":"https:\/\/gymfactory.eu\/fr\/produit\/plate-forme-de-gymnastique-multi-stations-exterieure-u1\/","og_site_name":"Gym Factory","og_image":[{"width":1500,"height":1500,"url":"https:\/\/gymfactory.eu\/wp-content\/uploads\/2025\/02\/outdoor-fitness-equipment-scaled-1.webp","type":"image\/webp"}],"twitter_card":"summary_large_image","twitter_misc":{"Dur\u00e9e de lecture estim\u00e9e":"1 minute"},"schema":{"@context":"https:\/\/schema.org","@graph":[{"@type":"WebPage","@id":"https:\/\/gymfactory.eu\/fr\/produit\/plate-forme-de-gymnastique-multi-stations-exterieure-u1\/","url":"https:\/\/gymfactory.eu\/fr\/produit\/plate-forme-de-gymnastique-multi-stations-exterieure-u1\/","name":"U1 Outdoor Multi-Station Calisthenics Rig pour la musculation","isPartOf":{"@id":"https:\/\/gymfactory.eu\/fr\/#website"},"primaryImageOfPage":{"@id":"https:\/\/gymfactory.eu\/fr\/produit\/plate-forme-de-gymnastique-multi-stations-exterieure-u1\/#primaryimage"},"image":{"@id":"https:\/\/gymfactory.eu\/fr\/produit\/plate-forme-de-gymnastique-multi-stations-exterieure-u1\/#primaryimage"},"thumbnailUrl":"https:\/\/gymfactory.eu\/wp-content\/uploads\/2025\/02\/outdoor-fitness-equipment-scaled-1.webp","datePublished":"2025-02-17T09:07:42+00:00","description":"Plate-forme polyvalente de gymnastique multi-stations d'ext\u00e9rieur construite avec une structure en acier de haute qualit\u00e9. Parfait pour la musculation et les s\u00e9ances d'entra\u00eenement complet du corps.","breadcrumb":{"@id":"https:\/\/gymfactory.eu\/fr\/produit\/plate-forme-de-gymnastique-multi-stations-exterieure-u1\/#breadcrumb"},"inLanguage":"fr-FR","potentialAction":[{"@type":"ReadAction","target":["https:\/\/gymfactory.eu\/fr\/produit\/plate-forme-de-gymnastique-multi-stations-exterieure-u1\/"]}]},{"@type":"ImageObject","inLanguage":"fr-FR","@id":"https:\/\/gymfactory.eu\/fr\/produit\/plate-forme-de-gymnastique-multi-stations-exterieure-u1\/#primaryimage","url":"https:\/\/gymfactory.eu\/wp-content\/uploads\/2025\/02\/outdoor-fitness-equipment-scaled-1.webp","contentUrl":"https:\/\/gymfactory.eu\/wp-content\/uploads\/2025\/02\/outdoor-fitness-equipment-scaled-1.webp","width":1500,"height":1500,"caption":"Cette installation pour exercices de musculation comprend des \u00e9quipements de fitness en ext\u00e9rieur avec un grand power rack, des monkey bars (\u00e9chelle de suspension), des \u00e9chelles verticales et des barres parall\u00e8les, con\u00e7ue pour les entra\u00eenements au poids du corps comme les tractions, les dips et les routines de callisth\u00e9nie (street workout)."},{"@type":"BreadcrumbList","@id":"https:\/\/gymfactory.eu\/fr\/produit\/plate-forme-de-gymnastique-multi-stations-exterieure-u1\/#breadcrumb","itemListElement":[{"@type":"ListItem","position":1,"name":"Home","item":"https:\/\/gymfactory.eu\/fr\/page-principale\/"},{"@type":"ListItem","position":2,"name":"Catalogue","item":"https:\/\/gymfactory.eu\/fr\/catalogue-2\/"},{"@type":"ListItem","position":3,"name":"Plate-forme de gymnastique multi-stations ext\u00e9rieure U1"}]},{"@type":"WebSite","@id":"https:\/\/gymfactory.eu\/fr\/#website","url":"https:\/\/gymfactory.eu\/fr\/","name":"Gym Factory","description":"","publisher":{"@id":"https:\/\/gymfactory.eu\/fr\/#organization"},"potentialAction":[{"@type":"SearchAction","target":{"@type":"EntryPoint","urlTemplate":"https:\/\/gymfactory.eu\/fr\/?s={search_term_string}"},"query-input":{"@type":"PropertyValueSpecification","valueRequired":true,"valueName":"search_term_string"}}],"inLanguage":"fr-FR"},{"@type":"Organization","@id":"https:\/\/gymfactory.eu\/fr\/#organization","name":"Gym Factory","url":"https:\/\/gymfactory.eu\/fr\/","logo":{"@type":"ImageObject","inLanguage":"fr-FR","@id":"https:\/\/gymfactory.eu\/fr\/#\/schema\/logo\/image\/","url":"https:\/\/gymfactory.eu\/wp-content\/uploads\/2024\/11\/Component-1.svg","contentUrl":"https:\/\/gymfactory.eu\/wp-content\/uploads\/2024\/11\/Component-1.svg","width":54,"height":44,"caption":"Gym Factory"},"image":{"@id":"https:\/\/gymfactory.eu\/fr\/#\/schema\/logo\/image\/"}}]}},"_links":{"self":[{"href":"https:\/\/gymfactory.eu\/fr\/wp-json\/wp\/v2\/product\/29315","targetHints":{"allow":["GET"]}}],"collection":[{"href":"https:\/\/gymfactory.eu\/fr\/wp-json\/wp\/v2\/product"}],"about":[{"href":"https:\/\/gymfactory.eu\/fr\/wp-json\/wp\/v2\/types\/product"}],"wp:featuredmedia":[{"embeddable":true,"href":"https:\/\/gymfactory.eu\/fr\/wp-json\/wp\/v2\/media\/10909"}],"wp:attachment":[{"href":"https:\/\/gymfactory.eu\/fr\/wp-json\/wp\/v2\/media?parent=29315"}],"wp:term":[{"taxonomy":"product_brand","embeddable":true,"href":"https:\/\/gymfactory.eu\/fr\/wp-json\/wp\/v2\/product_brand?post=29315"},{"taxonomy":"product_cat","embeddable":true,"href":"https:\/\/gymfactory.eu\/fr\/wp-json\/wp\/v2\/product_cat?post=29315"},{"taxonomy":"product_tag","embeddable":true,"href":"https:\/\/gymfactory.eu\/fr\/wp-json\/wp\/v2\/product_tag?post=29315"}],"curies":[{"name":"wp","href":"https:\/\/api.w.org\/{rel}","templated":true}]}}