{"id":28790,"date":"2025-02-14T08:18:15","date_gmt":"2025-02-14T06:18:15","guid":{"rendered":"https:\/\/gymfactory.eu\/product\/z10xx-plate-rack\/"},"modified":"2025-02-14T08:18:15","modified_gmt":"2025-02-14T06:18:15","slug":"z10xx-plate-rack","status":"publish","type":"product","link":"https:\/\/gymfactory.eu\/fr\/produit\/z10xx-plate-rack\/","title":{"rendered":"Z10xx Plate Rack"},"content":{"rendered":"<p>Le Rack \u00e0 Disques Z10XX est un rack \u00e0 disques autoportant con\u00e7u pour organiser les poids dans les home gyms et les salles de sport commerciales. Il est \u00e9quip\u00e9 de 10 axes de chargement, offrant une capacit\u00e9 de stockage accrue pour diff\u00e9rents diam\u00e8tres et formats de disques. <\/p>\n<p>Ce rack contribue \u00e0 un environnement d\u2019entra\u00eenement propre et efficace en maintenant les disques soigneusement rang\u00e9s et facilement accessibles.<\/p>\n\n    <div class=\"xs_social_share_widget xs_share_url after_content \t\tmain_content  wslu-style-1 wslu-share-box-shaped wslu-fill-colored wslu-none wslu-share-horizontal wslu-theme-font-no wslu-main_content\">\n\n\t\t\n        <ul>\n\t\t\t        <\/ul>\n    <\/div> \n","protected":false},"excerpt":{"rendered":"<p>Le Rack \u00e0 Disques Z10XX est un rack \u00e0 disques autoportant con\u00e7u pour organiser les poids dans les home gyms et les salles de sport commerciales. Il est \u00e9quip\u00e9 de 10 axes de chargement, offrant une capacit\u00e9 de stockage accrue pour diff\u00e9rents diam\u00e8tres et formats de disques. Ce rack contribue \u00e0 un environnement d\u2019entra\u00eenement propre [&hellip;]<\/p>\n","protected":false},"featured_media":11212,"template":"","meta":{"_acf_changed":false},"product_brand":[56],"product_cat":[824],"product_tag":[857],"class_list":{"0":"post-28790","1":"product","2":"type-product","3":"status-publish","4":"has-post-thumbnail","6":"product_brand-gym-factory","7":"product_cat-barres-et-disques","8":"product_tag-couleur-metal-uniquement","10":"first","11":"onbackorder","12":"taxable","13":"shipping-taxable","14":"purchasable","15":"product-type-variable","16":"has-default-attributes"},"acf":[],"yoast_head":"<!-- This site is optimized with the Yoast SEO plugin v25.2 - https:\/\/yoast.com\/wordpress\/plugins\/seo\/ -->\n<title>Rack \u00e0 Disques Z10XX \u2013 Id\u00e9al pour Home Fitness &amp; Salles de Sport<\/title>\n<meta name=\"description\" content=\"Ce rack \u00e0 disques est parfait pour le fitness \u00e0 domicile et les salles de sport commerciales, avec un design peu encombrant qui garde les disques s\u00e9curis\u00e9s et bien organis\u00e9s.\" \/>\n<meta name=\"robots\" content=\"index, follow, max-snippet:-1, max-image-preview:large, max-video-preview:-1\" \/>\n<link rel=\"canonical\" href=\"https:\/\/gymfactory.eu\/fr\/produit\/z10xx-plate-rack\/\" \/>\n<meta property=\"og:locale\" content=\"fr_FR\" \/>\n<meta property=\"og:type\" content=\"article\" \/>\n<meta property=\"og:title\" content=\"Rack \u00e0 Disques Z10XX \u2013 Id\u00e9al pour Home Fitness &amp; Salles de Sport\" \/>\n<meta property=\"og:description\" content=\"Ce rack \u00e0 disques est parfait pour le fitness \u00e0 domicile et les salles de sport commerciales, avec un design peu encombrant qui garde les disques s\u00e9curis\u00e9s et bien organis\u00e9s.\" \/>\n<meta property=\"og:url\" content=\"https:\/\/gymfactory.eu\/fr\/produit\/z10xx-plate-rack\/\" \/>\n<meta property=\"og:site_name\" content=\"Gym Factory\" \/>\n<meta property=\"og:image\" content=\"https:\/\/gymfactory.eu\/wp-content\/uploads\/2025\/02\/Plate-Rack-Black.webp\" \/>\n\t<meta property=\"og:image:width\" content=\"1500\" \/>\n\t<meta property=\"og:image:height\" content=\"1500\" \/>\n\t<meta property=\"og:image:type\" content=\"image\/webp\" \/>\n<meta name=\"twitter:card\" content=\"summary_large_image\" \/>\n<script type=\"application\/ld+json\" class=\"yoast-schema-graph\">{\"@context\":\"https:\/\/schema.org\",\"@graph\":[{\"@type\":\"WebPage\",\"@id\":\"https:\/\/gymfactory.eu\/fr\/produit\/z10xx-plate-rack\/\",\"url\":\"https:\/\/gymfactory.eu\/fr\/produit\/z10xx-plate-rack\/\",\"name\":\"Rack \u00e0 Disques Z10XX \u2013 Id\u00e9al pour Home Fitness & Salles de Sport\",\"isPartOf\":{\"@id\":\"https:\/\/gymfactory.eu\/fr\/#website\"},\"primaryImageOfPage\":{\"@id\":\"https:\/\/gymfactory.eu\/fr\/produit\/z10xx-plate-rack\/#primaryimage\"},\"image\":{\"@id\":\"https:\/\/gymfactory.eu\/fr\/produit\/z10xx-plate-rack\/#primaryimage\"},\"thumbnailUrl\":\"https:\/\/gymfactory.eu\/wp-content\/uploads\/2025\/02\/Plate-Rack-Black.webp\",\"datePublished\":\"2025-02-14T06:18:15+00:00\",\"description\":\"Ce rack \u00e0 disques est parfait pour le fitness \u00e0 domicile et les salles de sport commerciales, avec un design peu encombrant qui garde les disques s\u00e9curis\u00e9s et bien organis\u00e9s.\",\"breadcrumb\":{\"@id\":\"https:\/\/gymfactory.eu\/fr\/produit\/z10xx-plate-rack\/#breadcrumb\"},\"inLanguage\":\"fr-FR\",\"potentialAction\":[{\"@type\":\"ReadAction\",\"target\":[\"https:\/\/gymfactory.eu\/fr\/produit\/z10xx-plate-rack\/\"]}]},{\"@type\":\"ImageObject\",\"inLanguage\":\"fr-FR\",\"@id\":\"https:\/\/gymfactory.eu\/fr\/produit\/z10xx-plate-rack\/#primaryimage\",\"url\":\"https:\/\/gymfactory.eu\/wp-content\/uploads\/2025\/02\/Plate-Rack-Black.webp\",\"contentUrl\":\"https:\/\/gymfactory.eu\/wp-content\/uploads\/2025\/02\/Plate-Rack-Black.webp\",\"width\":1500,\"height\":1500,\"caption\":\"Rack \u00e0 disques noir en forme de A pour \u00e9quipement de musculation, \u00e9quip\u00e9 de six axes de rangement chrom\u00e9s robustes offrant un large espace pour les disques et une base stable avec patins en caoutchouc noirs.\"},{\"@type\":\"BreadcrumbList\",\"@id\":\"https:\/\/gymfactory.eu\/fr\/produit\/z10xx-plate-rack\/#breadcrumb\",\"itemListElement\":[{\"@type\":\"ListItem\",\"position\":1,\"name\":\"Home\",\"item\":\"https:\/\/gymfactory.eu\/fr\/\"},{\"@type\":\"ListItem\",\"position\":2,\"name\":\"Catalogue\",\"item\":\"https:\/\/gymfactory.eu\/fr\/catalogue-2\/\"},{\"@type\":\"ListItem\",\"position\":3,\"name\":\"Z10xx Plate Rack\"}]},{\"@type\":\"WebSite\",\"@id\":\"https:\/\/gymfactory.eu\/fr\/#website\",\"url\":\"https:\/\/gymfactory.eu\/fr\/\",\"name\":\"Gym Factory\",\"description\":\"\",\"publisher\":{\"@id\":\"https:\/\/gymfactory.eu\/fr\/#organization\"},\"potentialAction\":[{\"@type\":\"SearchAction\",\"target\":{\"@type\":\"EntryPoint\",\"urlTemplate\":\"https:\/\/gymfactory.eu\/fr\/?s={search_term_string}\"},\"query-input\":{\"@type\":\"PropertyValueSpecification\",\"valueRequired\":true,\"valueName\":\"search_term_string\"}}],\"inLanguage\":\"fr-FR\"},{\"@type\":\"Organization\",\"@id\":\"https:\/\/gymfactory.eu\/fr\/#organization\",\"name\":\"Gym Factory\",\"url\":\"https:\/\/gymfactory.eu\/fr\/\",\"logo\":{\"@type\":\"ImageObject\",\"inLanguage\":\"fr-FR\",\"@id\":\"https:\/\/gymfactory.eu\/fr\/#\/schema\/logo\/image\/\",\"url\":\"https:\/\/gymfactory.eu\/wp-content\/uploads\/2024\/11\/Component-1.svg\",\"contentUrl\":\"https:\/\/gymfactory.eu\/wp-content\/uploads\/2024\/11\/Component-1.svg\",\"width\":54,\"height\":44,\"caption\":\"Gym Factory\"},\"image\":{\"@id\":\"https:\/\/gymfactory.eu\/fr\/#\/schema\/logo\/image\/\"}}]}<\/script>\n<!-- \/ Yoast SEO plugin. -->","yoast_head_json":{"title":"Rack \u00e0 Disques Z10XX \u2013 Id\u00e9al pour Home Fitness & Salles de Sport","description":"Ce rack \u00e0 disques est parfait pour le fitness \u00e0 domicile et les salles de sport commerciales, avec un design peu encombrant qui garde les disques s\u00e9curis\u00e9s et bien organis\u00e9s.","robots":{"index":"index","follow":"follow","max-snippet":"max-snippet:-1","max-image-preview":"max-image-preview:large","max-video-preview":"max-video-preview:-1"},"canonical":"https:\/\/gymfactory.eu\/fr\/produit\/z10xx-plate-rack\/","og_locale":"fr_FR","og_type":"article","og_title":"Rack \u00e0 Disques Z10XX \u2013 Id\u00e9al pour Home Fitness & Salles de Sport","og_description":"Ce rack \u00e0 disques est parfait pour le fitness \u00e0 domicile et les salles de sport commerciales, avec un design peu encombrant qui garde les disques s\u00e9curis\u00e9s et bien organis\u00e9s.","og_url":"https:\/\/gymfactory.eu\/fr\/produit\/z10xx-plate-rack\/","og_site_name":"Gym Factory","og_image":[{"width":1500,"height":1500,"url":"https:\/\/gymfactory.eu\/wp-content\/uploads\/2025\/02\/Plate-Rack-Black.webp","type":"image\/webp"}],"twitter_card":"summary_large_image","schema":{"@context":"https:\/\/schema.org","@graph":[{"@type":"WebPage","@id":"https:\/\/gymfactory.eu\/fr\/produit\/z10xx-plate-rack\/","url":"https:\/\/gymfactory.eu\/fr\/produit\/z10xx-plate-rack\/","name":"Rack \u00e0 Disques Z10XX \u2013 Id\u00e9al pour Home Fitness & Salles de Sport","isPartOf":{"@id":"https:\/\/gymfactory.eu\/fr\/#website"},"primaryImageOfPage":{"@id":"https:\/\/gymfactory.eu\/fr\/produit\/z10xx-plate-rack\/#primaryimage"},"image":{"@id":"https:\/\/gymfactory.eu\/fr\/produit\/z10xx-plate-rack\/#primaryimage"},"thumbnailUrl":"https:\/\/gymfactory.eu\/wp-content\/uploads\/2025\/02\/Plate-Rack-Black.webp","datePublished":"2025-02-14T06:18:15+00:00","description":"Ce rack \u00e0 disques est parfait pour le fitness \u00e0 domicile et les salles de sport commerciales, avec un design peu encombrant qui garde les disques s\u00e9curis\u00e9s et bien organis\u00e9s.","breadcrumb":{"@id":"https:\/\/gymfactory.eu\/fr\/produit\/z10xx-plate-rack\/#breadcrumb"},"inLanguage":"fr-FR","potentialAction":[{"@type":"ReadAction","target":["https:\/\/gymfactory.eu\/fr\/produit\/z10xx-plate-rack\/"]}]},{"@type":"ImageObject","inLanguage":"fr-FR","@id":"https:\/\/gymfactory.eu\/fr\/produit\/z10xx-plate-rack\/#primaryimage","url":"https:\/\/gymfactory.eu\/wp-content\/uploads\/2025\/02\/Plate-Rack-Black.webp","contentUrl":"https:\/\/gymfactory.eu\/wp-content\/uploads\/2025\/02\/Plate-Rack-Black.webp","width":1500,"height":1500,"caption":"Rack \u00e0 disques noir en forme de A pour \u00e9quipement de musculation, \u00e9quip\u00e9 de six axes de rangement chrom\u00e9s robustes offrant un large espace pour les disques et une base stable avec patins en caoutchouc noirs."},{"@type":"BreadcrumbList","@id":"https:\/\/gymfactory.eu\/fr\/produit\/z10xx-plate-rack\/#breadcrumb","itemListElement":[{"@type":"ListItem","position":1,"name":"Home","item":"https:\/\/gymfactory.eu\/fr\/"},{"@type":"ListItem","position":2,"name":"Catalogue","item":"https:\/\/gymfactory.eu\/fr\/catalogue-2\/"},{"@type":"ListItem","position":3,"name":"Z10xx Plate Rack"}]},{"@type":"WebSite","@id":"https:\/\/gymfactory.eu\/fr\/#website","url":"https:\/\/gymfactory.eu\/fr\/","name":"Gym Factory","description":"","publisher":{"@id":"https:\/\/gymfactory.eu\/fr\/#organization"},"potentialAction":[{"@type":"SearchAction","target":{"@type":"EntryPoint","urlTemplate":"https:\/\/gymfactory.eu\/fr\/?s={search_term_string}"},"query-input":{"@type":"PropertyValueSpecification","valueRequired":true,"valueName":"search_term_string"}}],"inLanguage":"fr-FR"},{"@type":"Organization","@id":"https:\/\/gymfactory.eu\/fr\/#organization","name":"Gym Factory","url":"https:\/\/gymfactory.eu\/fr\/","logo":{"@type":"ImageObject","inLanguage":"fr-FR","@id":"https:\/\/gymfactory.eu\/fr\/#\/schema\/logo\/image\/","url":"https:\/\/gymfactory.eu\/wp-content\/uploads\/2024\/11\/Component-1.svg","contentUrl":"https:\/\/gymfactory.eu\/wp-content\/uploads\/2024\/11\/Component-1.svg","width":54,"height":44,"caption":"Gym Factory"},"image":{"@id":"https:\/\/gymfactory.eu\/fr\/#\/schema\/logo\/image\/"}}]}},"_links":{"self":[{"href":"https:\/\/gymfactory.eu\/fr\/wp-json\/wp\/v2\/product\/28790","targetHints":{"allow":["GET"]}}],"collection":[{"href":"https:\/\/gymfactory.eu\/fr\/wp-json\/wp\/v2\/product"}],"about":[{"href":"https:\/\/gymfactory.eu\/fr\/wp-json\/wp\/v2\/types\/product"}],"wp:featuredmedia":[{"embeddable":true,"href":"https:\/\/gymfactory.eu\/fr\/wp-json\/wp\/v2\/media\/11212"}],"wp:attachment":[{"href":"https:\/\/gymfactory.eu\/fr\/wp-json\/wp\/v2\/media?parent=28790"}],"wp:term":[{"taxonomy":"product_brand","embeddable":true,"href":"https:\/\/gymfactory.eu\/fr\/wp-json\/wp\/v2\/product_brand?post=28790"},{"taxonomy":"product_cat","embeddable":true,"href":"https:\/\/gymfactory.eu\/fr\/wp-json\/wp\/v2\/product_cat?post=28790"},{"taxonomy":"product_tag","embeddable":true,"href":"https:\/\/gymfactory.eu\/fr\/wp-json\/wp\/v2\/product_tag?post=28790"}],"curies":[{"name":"wp","href":"https:\/\/api.w.org\/{rel}","templated":true}]}}