{"id":27680,"date":"2025-02-13T19:59:46","date_gmt":"2025-02-13T17:59:46","guid":{"rendered":"https:\/\/gymfactory.eu\/product\/supports-a-halteres-reglables-z09xx\/"},"modified":"2025-02-13T19:59:46","modified_gmt":"2025-02-13T17:59:46","slug":"supports-a-halteres-reglables-z09xx","status":"publish","type":"product","link":"https:\/\/gymfactory.eu\/fr\/produit\/supports-a-halteres-reglables-z09xx\/","title":{"rendered":"Supports \u00e0 Halt\u00e8res R\u00e9glables Z09XX"},"content":{"rendered":"<p>Les Supports \u00e0 Halt\u00e8res Z09XX sont une paire de supports r\u00e9glables en hauteur con\u00e7us pour faciliter et s\u00e9curiser l\u2019entra\u00eenement. En permettant aux utilisateurs de d\u00e9finir la position de d\u00e9part de leurs halt\u00e8res, ces supports r\u00e9duisent l\u2019effort lors de la prise ou du repos des poids. <\/p>\n<p>Ces supports sont particuli\u00e8rement utiles pour pr\u00e9parer des exercices comme les d\u00e9velopp\u00e9s ou les rowings, facilitant la lev\u00e9e depuis une hauteur confortable. Un ajout pratique \u00e0 toute configuration de salle ax\u00e9e sur un entra\u00eenement contr\u00f4l\u00e9 et accessible.<\/p>\n\n    <div class=\"xs_social_share_widget xs_share_url after_content \t\tmain_content  wslu-style-1 wslu-share-box-shaped wslu-fill-colored wslu-none wslu-share-horizontal wslu-theme-font-no wslu-main_content\">\n\n\t\t\n        <ul>\n\t\t\t        <\/ul>\n    <\/div> \n","protected":false},"excerpt":{"rendered":"<p>Les Supports \u00e0 Halt\u00e8res Z09XX sont une paire de supports r\u00e9glables en hauteur con\u00e7us pour faciliter et s\u00e9curiser l\u2019entra\u00eenement. En permettant aux utilisateurs de d\u00e9finir la position de d\u00e9part de leurs halt\u00e8res, ces supports r\u00e9duisent l\u2019effort lors de la prise ou du repos des poids. Ces supports sont particuli\u00e8rement utiles pour pr\u00e9parer des exercices comme [&hellip;]<\/p>\n","protected":false},"featured_media":11208,"template":"","meta":{"_acf_changed":false},"product_brand":[56],"product_cat":[824],"product_tag":[857],"class_list":{"0":"post-27680","1":"product","2":"type-product","3":"status-publish","4":"has-post-thumbnail","6":"product_brand-gym-factory","7":"product_cat-barres-et-disques","8":"product_tag-couleur-metal-uniquement","10":"first","11":"onbackorder","12":"taxable","13":"shipping-taxable","14":"purchasable","15":"product-type-variable","16":"has-default-attributes"},"acf":[],"yoast_head":"<!-- This site is optimized with the Yoast SEO plugin v25.2 - https:\/\/yoast.com\/wordpress\/plugins\/seo\/ -->\n<title>Supports \u00e0 Halt\u00e8res Z09XX \u2013 Structure Acier Haute Qualit\u00e9<\/title>\n<meta name=\"description\" content=\"Con\u00e7us avec une structure en acier de haute qualit\u00e9, ces supports \u00e0 halt\u00e8res offrent durabilit\u00e9 et stabilit\u00e9, constituant un ajout pratique \u00e0 toute salle de sport.\" \/>\n<meta name=\"robots\" content=\"index, follow, max-snippet:-1, max-image-preview:large, max-video-preview:-1\" \/>\n<link rel=\"canonical\" href=\"https:\/\/gymfactory.eu\/fr\/produit\/supports-a-halteres-reglables-z09xx\/\" \/>\n<meta property=\"og:locale\" content=\"fr_FR\" \/>\n<meta property=\"og:type\" content=\"article\" \/>\n<meta property=\"og:title\" content=\"Supports \u00e0 Halt\u00e8res Z09XX \u2013 Structure Acier Haute Qualit\u00e9\" \/>\n<meta property=\"og:description\" content=\"Con\u00e7us avec une structure en acier de haute qualit\u00e9, ces supports \u00e0 halt\u00e8res offrent durabilit\u00e9 et stabilit\u00e9, constituant un ajout pratique \u00e0 toute salle de sport.\" \/>\n<meta property=\"og:url\" content=\"https:\/\/gymfactory.eu\/fr\/produit\/supports-a-halteres-reglables-z09xx\/\" \/>\n<meta property=\"og:site_name\" content=\"Gym Factory\" \/>\n<meta property=\"og:image\" content=\"https:\/\/gymfactory.eu\/wp-content\/uploads\/2025\/02\/Dumbbell-Rack-Durable-Adjustable-Stand-1.webp\" \/>\n\t<meta property=\"og:image:width\" content=\"1500\" \/>\n\t<meta property=\"og:image:height\" content=\"1500\" \/>\n\t<meta property=\"og:image:type\" content=\"image\/webp\" \/>\n<meta name=\"twitter:card\" content=\"summary_large_image\" \/>\n<meta name=\"twitter:label1\" content=\"Dur\u00e9e de lecture estim\u00e9e\" \/>\n\t<meta name=\"twitter:data1\" content=\"1 minute\" \/>\n<script type=\"application\/ld+json\" class=\"yoast-schema-graph\">{\"@context\":\"https:\/\/schema.org\",\"@graph\":[{\"@type\":\"WebPage\",\"@id\":\"https:\/\/gymfactory.eu\/fr\/produit\/supports-a-halteres-reglables-z09xx\/\",\"url\":\"https:\/\/gymfactory.eu\/fr\/produit\/supports-a-halteres-reglables-z09xx\/\",\"name\":\"Supports \u00e0 Halt\u00e8res Z09XX \u2013 Structure Acier Haute Qualit\u00e9\",\"isPartOf\":{\"@id\":\"https:\/\/gymfactory.eu\/fr\/#website\"},\"primaryImageOfPage\":{\"@id\":\"https:\/\/gymfactory.eu\/fr\/produit\/supports-a-halteres-reglables-z09xx\/#primaryimage\"},\"image\":{\"@id\":\"https:\/\/gymfactory.eu\/fr\/produit\/supports-a-halteres-reglables-z09xx\/#primaryimage\"},\"thumbnailUrl\":\"https:\/\/gymfactory.eu\/wp-content\/uploads\/2025\/02\/Dumbbell-Rack-Durable-Adjustable-Stand-1.webp\",\"datePublished\":\"2025-02-13T17:59:46+00:00\",\"description\":\"Con\u00e7us avec une structure en acier de haute qualit\u00e9, ces supports \u00e0 halt\u00e8res offrent durabilit\u00e9 et stabilit\u00e9, constituant un ajout pratique \u00e0 toute salle de sport.\",\"breadcrumb\":{\"@id\":\"https:\/\/gymfactory.eu\/fr\/produit\/supports-a-halteres-reglables-z09xx\/#breadcrumb\"},\"inLanguage\":\"fr-FR\",\"potentialAction\":[{\"@type\":\"ReadAction\",\"target\":[\"https:\/\/gymfactory.eu\/fr\/produit\/supports-a-halteres-reglables-z09xx\/\"]}]},{\"@type\":\"ImageObject\",\"inLanguage\":\"fr-FR\",\"@id\":\"https:\/\/gymfactory.eu\/fr\/produit\/supports-a-halteres-reglables-z09xx\/#primaryimage\",\"url\":\"https:\/\/gymfactory.eu\/wp-content\/uploads\/2025\/02\/Dumbbell-Rack-Durable-Adjustable-Stand-1.webp\",\"contentUrl\":\"https:\/\/gymfactory.eu\/wp-content\/uploads\/2025\/02\/Dumbbell-Rack-Durable-Adjustable-Stand-1.webp\",\"width\":1500,\"height\":1500,\"caption\":\"Support r\u00e9glable \u00e0 halt\u00e8res robuste utilis\u00e9 dans l\u2019\u00e9quipement d\u2019exercices de force, avec construction en acier noir, surfaces de repos rembourr\u00e9es pour halt\u00e8res et base renforc\u00e9e, isol\u00e9 sur fond blanc.\"},{\"@type\":\"BreadcrumbList\",\"@id\":\"https:\/\/gymfactory.eu\/fr\/produit\/supports-a-halteres-reglables-z09xx\/#breadcrumb\",\"itemListElement\":[{\"@type\":\"ListItem\",\"position\":1,\"name\":\"Home\",\"item\":\"https:\/\/gymfactory.eu\/fr\/page-principale\/\"},{\"@type\":\"ListItem\",\"position\":2,\"name\":\"Catalogue\",\"item\":\"https:\/\/gymfactory.eu\/fr\/catalogue-2\/\"},{\"@type\":\"ListItem\",\"position\":3,\"name\":\"Supports \u00e0 Halt\u00e8res R\u00e9glables Z09XX\"}]},{\"@type\":\"WebSite\",\"@id\":\"https:\/\/gymfactory.eu\/fr\/#website\",\"url\":\"https:\/\/gymfactory.eu\/fr\/\",\"name\":\"Gym Factory\",\"description\":\"\",\"publisher\":{\"@id\":\"https:\/\/gymfactory.eu\/fr\/#organization\"},\"potentialAction\":[{\"@type\":\"SearchAction\",\"target\":{\"@type\":\"EntryPoint\",\"urlTemplate\":\"https:\/\/gymfactory.eu\/fr\/?s={search_term_string}\"},\"query-input\":{\"@type\":\"PropertyValueSpecification\",\"valueRequired\":true,\"valueName\":\"search_term_string\"}}],\"inLanguage\":\"fr-FR\"},{\"@type\":\"Organization\",\"@id\":\"https:\/\/gymfactory.eu\/fr\/#organization\",\"name\":\"Gym Factory\",\"url\":\"https:\/\/gymfactory.eu\/fr\/\",\"logo\":{\"@type\":\"ImageObject\",\"inLanguage\":\"fr-FR\",\"@id\":\"https:\/\/gymfactory.eu\/fr\/#\/schema\/logo\/image\/\",\"url\":\"https:\/\/gymfactory.eu\/wp-content\/uploads\/2024\/11\/Component-1.svg\",\"contentUrl\":\"https:\/\/gymfactory.eu\/wp-content\/uploads\/2024\/11\/Component-1.svg\",\"width\":54,\"height\":44,\"caption\":\"Gym Factory\"},\"image\":{\"@id\":\"https:\/\/gymfactory.eu\/fr\/#\/schema\/logo\/image\/\"}}]}<\/script>\n<!-- \/ Yoast SEO plugin. -->","yoast_head_json":{"title":"Supports \u00e0 Halt\u00e8res Z09XX \u2013 Structure Acier Haute Qualit\u00e9","description":"Con\u00e7us avec une structure en acier de haute qualit\u00e9, ces supports \u00e0 halt\u00e8res offrent durabilit\u00e9 et stabilit\u00e9, constituant un ajout pratique \u00e0 toute salle de sport.","robots":{"index":"index","follow":"follow","max-snippet":"max-snippet:-1","max-image-preview":"max-image-preview:large","max-video-preview":"max-video-preview:-1"},"canonical":"https:\/\/gymfactory.eu\/fr\/produit\/supports-a-halteres-reglables-z09xx\/","og_locale":"fr_FR","og_type":"article","og_title":"Supports \u00e0 Halt\u00e8res Z09XX \u2013 Structure Acier Haute Qualit\u00e9","og_description":"Con\u00e7us avec une structure en acier de haute qualit\u00e9, ces supports \u00e0 halt\u00e8res offrent durabilit\u00e9 et stabilit\u00e9, constituant un ajout pratique \u00e0 toute salle de sport.","og_url":"https:\/\/gymfactory.eu\/fr\/produit\/supports-a-halteres-reglables-z09xx\/","og_site_name":"Gym Factory","og_image":[{"width":1500,"height":1500,"url":"https:\/\/gymfactory.eu\/wp-content\/uploads\/2025\/02\/Dumbbell-Rack-Durable-Adjustable-Stand-1.webp","type":"image\/webp"}],"twitter_card":"summary_large_image","twitter_misc":{"Dur\u00e9e de lecture estim\u00e9e":"1 minute"},"schema":{"@context":"https:\/\/schema.org","@graph":[{"@type":"WebPage","@id":"https:\/\/gymfactory.eu\/fr\/produit\/supports-a-halteres-reglables-z09xx\/","url":"https:\/\/gymfactory.eu\/fr\/produit\/supports-a-halteres-reglables-z09xx\/","name":"Supports \u00e0 Halt\u00e8res Z09XX \u2013 Structure Acier Haute Qualit\u00e9","isPartOf":{"@id":"https:\/\/gymfactory.eu\/fr\/#website"},"primaryImageOfPage":{"@id":"https:\/\/gymfactory.eu\/fr\/produit\/supports-a-halteres-reglables-z09xx\/#primaryimage"},"image":{"@id":"https:\/\/gymfactory.eu\/fr\/produit\/supports-a-halteres-reglables-z09xx\/#primaryimage"},"thumbnailUrl":"https:\/\/gymfactory.eu\/wp-content\/uploads\/2025\/02\/Dumbbell-Rack-Durable-Adjustable-Stand-1.webp","datePublished":"2025-02-13T17:59:46+00:00","description":"Con\u00e7us avec une structure en acier de haute qualit\u00e9, ces supports \u00e0 halt\u00e8res offrent durabilit\u00e9 et stabilit\u00e9, constituant un ajout pratique \u00e0 toute salle de sport.","breadcrumb":{"@id":"https:\/\/gymfactory.eu\/fr\/produit\/supports-a-halteres-reglables-z09xx\/#breadcrumb"},"inLanguage":"fr-FR","potentialAction":[{"@type":"ReadAction","target":["https:\/\/gymfactory.eu\/fr\/produit\/supports-a-halteres-reglables-z09xx\/"]}]},{"@type":"ImageObject","inLanguage":"fr-FR","@id":"https:\/\/gymfactory.eu\/fr\/produit\/supports-a-halteres-reglables-z09xx\/#primaryimage","url":"https:\/\/gymfactory.eu\/wp-content\/uploads\/2025\/02\/Dumbbell-Rack-Durable-Adjustable-Stand-1.webp","contentUrl":"https:\/\/gymfactory.eu\/wp-content\/uploads\/2025\/02\/Dumbbell-Rack-Durable-Adjustable-Stand-1.webp","width":1500,"height":1500,"caption":"Support r\u00e9glable \u00e0 halt\u00e8res robuste utilis\u00e9 dans l\u2019\u00e9quipement d\u2019exercices de force, avec construction en acier noir, surfaces de repos rembourr\u00e9es pour halt\u00e8res et base renforc\u00e9e, isol\u00e9 sur fond blanc."},{"@type":"BreadcrumbList","@id":"https:\/\/gymfactory.eu\/fr\/produit\/supports-a-halteres-reglables-z09xx\/#breadcrumb","itemListElement":[{"@type":"ListItem","position":1,"name":"Home","item":"https:\/\/gymfactory.eu\/fr\/page-principale\/"},{"@type":"ListItem","position":2,"name":"Catalogue","item":"https:\/\/gymfactory.eu\/fr\/catalogue-2\/"},{"@type":"ListItem","position":3,"name":"Supports \u00e0 Halt\u00e8res R\u00e9glables Z09XX"}]},{"@type":"WebSite","@id":"https:\/\/gymfactory.eu\/fr\/#website","url":"https:\/\/gymfactory.eu\/fr\/","name":"Gym Factory","description":"","publisher":{"@id":"https:\/\/gymfactory.eu\/fr\/#organization"},"potentialAction":[{"@type":"SearchAction","target":{"@type":"EntryPoint","urlTemplate":"https:\/\/gymfactory.eu\/fr\/?s={search_term_string}"},"query-input":{"@type":"PropertyValueSpecification","valueRequired":true,"valueName":"search_term_string"}}],"inLanguage":"fr-FR"},{"@type":"Organization","@id":"https:\/\/gymfactory.eu\/fr\/#organization","name":"Gym Factory","url":"https:\/\/gymfactory.eu\/fr\/","logo":{"@type":"ImageObject","inLanguage":"fr-FR","@id":"https:\/\/gymfactory.eu\/fr\/#\/schema\/logo\/image\/","url":"https:\/\/gymfactory.eu\/wp-content\/uploads\/2024\/11\/Component-1.svg","contentUrl":"https:\/\/gymfactory.eu\/wp-content\/uploads\/2024\/11\/Component-1.svg","width":54,"height":44,"caption":"Gym Factory"},"image":{"@id":"https:\/\/gymfactory.eu\/fr\/#\/schema\/logo\/image\/"}}]}},"_links":{"self":[{"href":"https:\/\/gymfactory.eu\/fr\/wp-json\/wp\/v2\/product\/27680","targetHints":{"allow":["GET"]}}],"collection":[{"href":"https:\/\/gymfactory.eu\/fr\/wp-json\/wp\/v2\/product"}],"about":[{"href":"https:\/\/gymfactory.eu\/fr\/wp-json\/wp\/v2\/types\/product"}],"wp:featuredmedia":[{"embeddable":true,"href":"https:\/\/gymfactory.eu\/fr\/wp-json\/wp\/v2\/media\/11208"}],"wp:attachment":[{"href":"https:\/\/gymfactory.eu\/fr\/wp-json\/wp\/v2\/media?parent=27680"}],"wp:term":[{"taxonomy":"product_brand","embeddable":true,"href":"https:\/\/gymfactory.eu\/fr\/wp-json\/wp\/v2\/product_brand?post=27680"},{"taxonomy":"product_cat","embeddable":true,"href":"https:\/\/gymfactory.eu\/fr\/wp-json\/wp\/v2\/product_cat?post=27680"},{"taxonomy":"product_tag","embeddable":true,"href":"https:\/\/gymfactory.eu\/fr\/wp-json\/wp\/v2\/product_tag?post=27680"}],"curies":[{"name":"wp","href":"https:\/\/api.w.org\/{rel}","templated":true}]}}