{"id":27674,"date":"2025-02-13T19:37:44","date_gmt":"2025-02-13T17:37:44","guid":{"rendered":"https:\/\/gymfactory.eu\/product\/rack-a-halteres-z09x\/"},"modified":"2025-02-13T19:37:44","modified_gmt":"2025-02-13T17:37:44","slug":"rack-a-halteres-z09x","status":"publish","type":"product","link":"https:\/\/gymfactory.eu\/fr\/produit\/rack-a-halteres-z09x\/","title":{"rendered":"Rack \u00e0 Halt\u00e8res Z09X"},"content":{"rendered":"<p>Le Rack \u00e0 Halt\u00e8res Z09X est un support \u00e0 halt\u00e8res durable con\u00e7u pour maintenir l\u2019ordre dans les espaces d\u2019entra\u00eenement de toute salle de sport. Adapt\u00e9 aux salles commerciales, il offre une solution stable et efficace pour ranger plusieurs paires d\u2019halt\u00e8res en un seul endroit.<\/p>\n\n    <div class=\"xs_social_share_widget xs_share_url after_content \t\tmain_content  wslu-style-1 wslu-share-box-shaped wslu-fill-colored wslu-none wslu-share-horizontal wslu-theme-font-no wslu-main_content\">\n\n\t\t\n        <ul>\n\t\t\t        <\/ul>\n    <\/div> \n","protected":false},"excerpt":{"rendered":"<p>Le Rack \u00e0 Halt\u00e8res Z09X est un support \u00e0 halt\u00e8res durable con\u00e7u pour maintenir l\u2019ordre dans les espaces d\u2019entra\u00eenement de toute salle de sport. Adapt\u00e9 aux salles commerciales, il offre une solution stable et efficace pour ranger plusieurs paires d\u2019halt\u00e8res en un seul endroit.<\/p>\n","protected":false},"featured_media":27678,"template":"","meta":{"_acf_changed":false},"product_brand":[56],"product_cat":[824],"product_tag":[857],"class_list":{"0":"post-27674","1":"product","2":"type-product","3":"status-publish","4":"has-post-thumbnail","6":"product_brand-gym-factory","7":"product_cat-barres-et-disques","8":"product_tag-couleur-metal-uniquement","10":"first","11":"onbackorder","12":"taxable","13":"shipping-taxable","14":"purchasable","15":"product-type-variable","16":"has-default-attributes"},"acf":[],"yoast_head":"<!-- This site is optimized with the Yoast SEO plugin v25.2 - https:\/\/yoast.com\/wordpress\/plugins\/seo\/ -->\n<title>Rack \u00e0 Halt\u00e8res Z09X \u2013 Support \u00e0 Halt\u00e8res pour Salle de Sport<\/title>\n<meta name=\"description\" content=\"Ce rack \u00e0 halt\u00e8res am\u00e9liore toute configuration de salle, offrant un support robuste qui garde votre espace d\u2019entra\u00eenement organis\u00e9 et vos poids facilement accessibles.\" \/>\n<meta name=\"robots\" content=\"index, follow, max-snippet:-1, max-image-preview:large, max-video-preview:-1\" \/>\n<link rel=\"canonical\" href=\"https:\/\/gymfactory.eu\/fr\/produit\/rack-a-halteres-z09x\/\" \/>\n<meta property=\"og:locale\" content=\"fr_FR\" \/>\n<meta property=\"og:type\" content=\"article\" \/>\n<meta property=\"og:title\" content=\"Rack \u00e0 Halt\u00e8res Z09X \u2013 Support \u00e0 Halt\u00e8res pour Salle de Sport\" \/>\n<meta property=\"og:description\" content=\"Ce rack \u00e0 halt\u00e8res am\u00e9liore toute configuration de salle, offrant un support robuste qui garde votre espace d\u2019entra\u00eenement organis\u00e9 et vos poids facilement accessibles.\" \/>\n<meta property=\"og:url\" content=\"https:\/\/gymfactory.eu\/fr\/produit\/rack-a-halteres-z09x\/\" \/>\n<meta property=\"og:site_name\" content=\"Gym Factory\" \/>\n<meta property=\"og:image\" content=\"https:\/\/gymfactory.eu\/wp-content\/uploads\/2025\/02\/Dumbbell-Rack-Black-Angled-scaled-1.webp\" \/>\n\t<meta property=\"og:image:width\" content=\"1500\" \/>\n\t<meta property=\"og:image:height\" content=\"1500\" \/>\n\t<meta property=\"og:image:type\" content=\"image\/webp\" \/>\n<meta name=\"twitter:card\" content=\"summary_large_image\" \/>\n<script type=\"application\/ld+json\" class=\"yoast-schema-graph\">{\"@context\":\"https:\/\/schema.org\",\"@graph\":[{\"@type\":\"WebPage\",\"@id\":\"https:\/\/gymfactory.eu\/fr\/produit\/rack-a-halteres-z09x\/\",\"url\":\"https:\/\/gymfactory.eu\/fr\/produit\/rack-a-halteres-z09x\/\",\"name\":\"Rack \u00e0 Halt\u00e8res Z09X \u2013 Support \u00e0 Halt\u00e8res pour Salle de Sport\",\"isPartOf\":{\"@id\":\"https:\/\/gymfactory.eu\/fr\/#website\"},\"primaryImageOfPage\":{\"@id\":\"https:\/\/gymfactory.eu\/fr\/produit\/rack-a-halteres-z09x\/#primaryimage\"},\"image\":{\"@id\":\"https:\/\/gymfactory.eu\/fr\/produit\/rack-a-halteres-z09x\/#primaryimage\"},\"thumbnailUrl\":\"https:\/\/gymfactory.eu\/wp-content\/uploads\/2025\/02\/Dumbbell-Rack-Black-Angled-scaled-1.webp\",\"datePublished\":\"2025-02-13T17:37:44+00:00\",\"description\":\"Ce rack \u00e0 halt\u00e8res am\u00e9liore toute configuration de salle, offrant un support robuste qui garde votre espace d\u2019entra\u00eenement organis\u00e9 et vos poids facilement accessibles.\",\"breadcrumb\":{\"@id\":\"https:\/\/gymfactory.eu\/fr\/produit\/rack-a-halteres-z09x\/#breadcrumb\"},\"inLanguage\":\"fr-FR\",\"potentialAction\":[{\"@type\":\"ReadAction\",\"target\":[\"https:\/\/gymfactory.eu\/fr\/produit\/rack-a-halteres-z09x\/\"]}]},{\"@type\":\"ImageObject\",\"inLanguage\":\"fr-FR\",\"@id\":\"https:\/\/gymfactory.eu\/fr\/produit\/rack-a-halteres-z09x\/#primaryimage\",\"url\":\"https:\/\/gymfactory.eu\/wp-content\/uploads\/2025\/02\/Dumbbell-Rack-Black-Angled-scaled-1.webp\",\"contentUrl\":\"https:\/\/gymfactory.eu\/wp-content\/uploads\/2025\/02\/Dumbbell-Rack-Black-Angled-scaled-1.webp\",\"width\":1500,\"height\":1500,\"caption\":\"A black two-tier dumbbell rack with a diamond plate steel surface, shown from an angled perspective, is designed for safely storing multiple dumbbells, making it a reliable piece of strength training exercise equipment.\"},{\"@type\":\"BreadcrumbList\",\"@id\":\"https:\/\/gymfactory.eu\/fr\/produit\/rack-a-halteres-z09x\/#breadcrumb\",\"itemListElement\":[{\"@type\":\"ListItem\",\"position\":1,\"name\":\"Home\",\"item\":\"https:\/\/gymfactory.eu\/fr\/page-principale\/\"},{\"@type\":\"ListItem\",\"position\":2,\"name\":\"Catalogue\",\"item\":\"https:\/\/gymfactory.eu\/fr\/catalogue-2\/\"},{\"@type\":\"ListItem\",\"position\":3,\"name\":\"Rack \u00e0 Halt\u00e8res Z09X\"}]},{\"@type\":\"WebSite\",\"@id\":\"https:\/\/gymfactory.eu\/fr\/#website\",\"url\":\"https:\/\/gymfactory.eu\/fr\/\",\"name\":\"Gym Factory\",\"description\":\"\",\"publisher\":{\"@id\":\"https:\/\/gymfactory.eu\/fr\/#organization\"},\"potentialAction\":[{\"@type\":\"SearchAction\",\"target\":{\"@type\":\"EntryPoint\",\"urlTemplate\":\"https:\/\/gymfactory.eu\/fr\/?s={search_term_string}\"},\"query-input\":{\"@type\":\"PropertyValueSpecification\",\"valueRequired\":true,\"valueName\":\"search_term_string\"}}],\"inLanguage\":\"fr-FR\"},{\"@type\":\"Organization\",\"@id\":\"https:\/\/gymfactory.eu\/fr\/#organization\",\"name\":\"Gym Factory\",\"url\":\"https:\/\/gymfactory.eu\/fr\/\",\"logo\":{\"@type\":\"ImageObject\",\"inLanguage\":\"fr-FR\",\"@id\":\"https:\/\/gymfactory.eu\/fr\/#\/schema\/logo\/image\/\",\"url\":\"https:\/\/gymfactory.eu\/wp-content\/uploads\/2024\/11\/Component-1.svg\",\"contentUrl\":\"https:\/\/gymfactory.eu\/wp-content\/uploads\/2024\/11\/Component-1.svg\",\"width\":54,\"height\":44,\"caption\":\"Gym Factory\"},\"image\":{\"@id\":\"https:\/\/gymfactory.eu\/fr\/#\/schema\/logo\/image\/\"}}]}<\/script>\n<!-- \/ Yoast SEO plugin. -->","yoast_head_json":{"title":"Rack \u00e0 Halt\u00e8res Z09X \u2013 Support \u00e0 Halt\u00e8res pour Salle de Sport","description":"Ce rack \u00e0 halt\u00e8res am\u00e9liore toute configuration de salle, offrant un support robuste qui garde votre espace d\u2019entra\u00eenement organis\u00e9 et vos poids facilement accessibles.","robots":{"index":"index","follow":"follow","max-snippet":"max-snippet:-1","max-image-preview":"max-image-preview:large","max-video-preview":"max-video-preview:-1"},"canonical":"https:\/\/gymfactory.eu\/fr\/produit\/rack-a-halteres-z09x\/","og_locale":"fr_FR","og_type":"article","og_title":"Rack \u00e0 Halt\u00e8res Z09X \u2013 Support \u00e0 Halt\u00e8res pour Salle de Sport","og_description":"Ce rack \u00e0 halt\u00e8res am\u00e9liore toute configuration de salle, offrant un support robuste qui garde votre espace d\u2019entra\u00eenement organis\u00e9 et vos poids facilement accessibles.","og_url":"https:\/\/gymfactory.eu\/fr\/produit\/rack-a-halteres-z09x\/","og_site_name":"Gym Factory","og_image":[{"width":1500,"height":1500,"url":"https:\/\/gymfactory.eu\/wp-content\/uploads\/2025\/02\/Dumbbell-Rack-Black-Angled-scaled-1.webp","type":"image\/webp"}],"twitter_card":"summary_large_image","schema":{"@context":"https:\/\/schema.org","@graph":[{"@type":"WebPage","@id":"https:\/\/gymfactory.eu\/fr\/produit\/rack-a-halteres-z09x\/","url":"https:\/\/gymfactory.eu\/fr\/produit\/rack-a-halteres-z09x\/","name":"Rack \u00e0 Halt\u00e8res Z09X \u2013 Support \u00e0 Halt\u00e8res pour Salle de Sport","isPartOf":{"@id":"https:\/\/gymfactory.eu\/fr\/#website"},"primaryImageOfPage":{"@id":"https:\/\/gymfactory.eu\/fr\/produit\/rack-a-halteres-z09x\/#primaryimage"},"image":{"@id":"https:\/\/gymfactory.eu\/fr\/produit\/rack-a-halteres-z09x\/#primaryimage"},"thumbnailUrl":"https:\/\/gymfactory.eu\/wp-content\/uploads\/2025\/02\/Dumbbell-Rack-Black-Angled-scaled-1.webp","datePublished":"2025-02-13T17:37:44+00:00","description":"Ce rack \u00e0 halt\u00e8res am\u00e9liore toute configuration de salle, offrant un support robuste qui garde votre espace d\u2019entra\u00eenement organis\u00e9 et vos poids facilement accessibles.","breadcrumb":{"@id":"https:\/\/gymfactory.eu\/fr\/produit\/rack-a-halteres-z09x\/#breadcrumb"},"inLanguage":"fr-FR","potentialAction":[{"@type":"ReadAction","target":["https:\/\/gymfactory.eu\/fr\/produit\/rack-a-halteres-z09x\/"]}]},{"@type":"ImageObject","inLanguage":"fr-FR","@id":"https:\/\/gymfactory.eu\/fr\/produit\/rack-a-halteres-z09x\/#primaryimage","url":"https:\/\/gymfactory.eu\/wp-content\/uploads\/2025\/02\/Dumbbell-Rack-Black-Angled-scaled-1.webp","contentUrl":"https:\/\/gymfactory.eu\/wp-content\/uploads\/2025\/02\/Dumbbell-Rack-Black-Angled-scaled-1.webp","width":1500,"height":1500,"caption":"A black two-tier dumbbell rack with a diamond plate steel surface, shown from an angled perspective, is designed for safely storing multiple dumbbells, making it a reliable piece of strength training exercise equipment."},{"@type":"BreadcrumbList","@id":"https:\/\/gymfactory.eu\/fr\/produit\/rack-a-halteres-z09x\/#breadcrumb","itemListElement":[{"@type":"ListItem","position":1,"name":"Home","item":"https:\/\/gymfactory.eu\/fr\/page-principale\/"},{"@type":"ListItem","position":2,"name":"Catalogue","item":"https:\/\/gymfactory.eu\/fr\/catalogue-2\/"},{"@type":"ListItem","position":3,"name":"Rack \u00e0 Halt\u00e8res Z09X"}]},{"@type":"WebSite","@id":"https:\/\/gymfactory.eu\/fr\/#website","url":"https:\/\/gymfactory.eu\/fr\/","name":"Gym Factory","description":"","publisher":{"@id":"https:\/\/gymfactory.eu\/fr\/#organization"},"potentialAction":[{"@type":"SearchAction","target":{"@type":"EntryPoint","urlTemplate":"https:\/\/gymfactory.eu\/fr\/?s={search_term_string}"},"query-input":{"@type":"PropertyValueSpecification","valueRequired":true,"valueName":"search_term_string"}}],"inLanguage":"fr-FR"},{"@type":"Organization","@id":"https:\/\/gymfactory.eu\/fr\/#organization","name":"Gym Factory","url":"https:\/\/gymfactory.eu\/fr\/","logo":{"@type":"ImageObject","inLanguage":"fr-FR","@id":"https:\/\/gymfactory.eu\/fr\/#\/schema\/logo\/image\/","url":"https:\/\/gymfactory.eu\/wp-content\/uploads\/2024\/11\/Component-1.svg","contentUrl":"https:\/\/gymfactory.eu\/wp-content\/uploads\/2024\/11\/Component-1.svg","width":54,"height":44,"caption":"Gym Factory"},"image":{"@id":"https:\/\/gymfactory.eu\/fr\/#\/schema\/logo\/image\/"}}]}},"_links":{"self":[{"href":"https:\/\/gymfactory.eu\/fr\/wp-json\/wp\/v2\/product\/27674","targetHints":{"allow":["GET"]}}],"collection":[{"href":"https:\/\/gymfactory.eu\/fr\/wp-json\/wp\/v2\/product"}],"about":[{"href":"https:\/\/gymfactory.eu\/fr\/wp-json\/wp\/v2\/types\/product"}],"wp:featuredmedia":[{"embeddable":true,"href":"https:\/\/gymfactory.eu\/fr\/wp-json\/wp\/v2\/media\/27678"}],"wp:attachment":[{"href":"https:\/\/gymfactory.eu\/fr\/wp-json\/wp\/v2\/media?parent=27674"}],"wp:term":[{"taxonomy":"product_brand","embeddable":true,"href":"https:\/\/gymfactory.eu\/fr\/wp-json\/wp\/v2\/product_brand?post=27674"},{"taxonomy":"product_cat","embeddable":true,"href":"https:\/\/gymfactory.eu\/fr\/wp-json\/wp\/v2\/product_cat?post=27674"},{"taxonomy":"product_tag","embeddable":true,"href":"https:\/\/gymfactory.eu\/fr\/wp-json\/wp\/v2\/product_tag?post=27674"}],"curies":[{"name":"wp","href":"https:\/\/api.w.org\/{rel}","templated":true}]}}