{"id":27672,"date":"2025-02-13T19:25:08","date_gmt":"2025-02-13T17:25:08","guid":{"rendered":"https:\/\/gymfactory.eu\/product\/rack-a-halteres-z09\/"},"modified":"2025-02-13T19:25:08","modified_gmt":"2025-02-13T17:25:08","slug":"rack-a-halteres-z09","status":"publish","type":"product","link":"https:\/\/gymfactory.eu\/fr\/produit\/rack-a-halteres-z09\/","title":{"rendered":"Rack \u00e0 Halt\u00e8res Z09"},"content":{"rendered":"<p>Le Rack \u00e0 Halt\u00e8res Z09 est con\u00e7u pour ranger et organiser les halt\u00e8res dans toute configuration de salle de sport. Il contribue \u00e0 maintenir la zone d\u2019entra\u00eenement ordonn\u00e9e, s\u00e9curis\u00e9e et efficace en fournissant un espace d\u00e9di\u00e9 pour plusieurs paires d\u2019halt\u00e8res.<\/p>\n\n    <div class=\"xs_social_share_widget xs_share_url after_content \t\tmain_content  wslu-style-1 wslu-share-box-shaped wslu-fill-colored wslu-none wslu-share-horizontal wslu-theme-font-no wslu-main_content\">\n\n\t\t\n        <ul>\n\t\t\t        <\/ul>\n    <\/div> \n","protected":false},"excerpt":{"rendered":"<p>Le Rack \u00e0 Halt\u00e8res Z09 est con\u00e7u pour ranger et organiser les halt\u00e8res dans toute configuration de salle de sport. Il contribue \u00e0 maintenir la zone d\u2019entra\u00eenement ordonn\u00e9e, s\u00e9curis\u00e9e et efficace en fournissant un espace d\u00e9di\u00e9 pour plusieurs paires d\u2019halt\u00e8res.<\/p>\n","protected":false},"featured_media":11202,"template":"","meta":{"_acf_changed":false},"product_brand":[56],"product_cat":[824],"product_tag":[857],"class_list":{"0":"post-27672","1":"product","2":"type-product","3":"status-publish","4":"has-post-thumbnail","6":"product_brand-gym-factory","7":"product_cat-barres-et-disques","8":"product_tag-couleur-metal-uniquement","10":"first","11":"onbackorder","12":"taxable","13":"shipping-taxable","14":"purchasable","15":"product-type-variable","16":"has-default-attributes"},"acf":[],"yoast_head":"<!-- This site is optimized with the Yoast SEO plugin v25.2 - https:\/\/yoast.com\/wordpress\/plugins\/seo\/ -->\n<title>Rack \u00e0 Halt\u00e8res Z09 \u2013 Rangement Haute Performance pour Votre Salle<\/title>\n<meta name=\"description\" content=\"Ce rack \u00e0 halt\u00e8res haute performance offre une solution de rangement robuste, gardant votre zone d\u2019entra\u00eenement organis\u00e9e et garantissant un acc\u00e8s rapide et facile \u00e0 vos poids.\" \/>\n<meta name=\"robots\" content=\"index, follow, max-snippet:-1, max-image-preview:large, max-video-preview:-1\" \/>\n<link rel=\"canonical\" href=\"https:\/\/gymfactory.eu\/fr\/produit\/rack-a-halteres-z09\/\" \/>\n<meta property=\"og:locale\" content=\"fr_FR\" \/>\n<meta property=\"og:type\" content=\"article\" \/>\n<meta property=\"og:title\" content=\"Rack \u00e0 Halt\u00e8res Z09 \u2013 Rangement Haute Performance pour Votre Salle\" \/>\n<meta property=\"og:description\" content=\"Ce rack \u00e0 halt\u00e8res haute performance offre une solution de rangement robuste, gardant votre zone d\u2019entra\u00eenement organis\u00e9e et garantissant un acc\u00e8s rapide et facile \u00e0 vos poids.\" \/>\n<meta property=\"og:url\" content=\"https:\/\/gymfactory.eu\/fr\/produit\/rack-a-halteres-z09\/\" \/>\n<meta property=\"og:site_name\" content=\"Gym Factory\" \/>\n<meta property=\"og:image\" content=\"https:\/\/gymfactory.eu\/wp-content\/uploads\/2025\/02\/Z09-Dumbbell-Rack-1.webp\" \/>\n\t<meta property=\"og:image:width\" content=\"1500\" \/>\n\t<meta property=\"og:image:height\" content=\"1500\" \/>\n\t<meta property=\"og:image:type\" content=\"image\/webp\" \/>\n<meta name=\"twitter:card\" content=\"summary_large_image\" \/>\n<script type=\"application\/ld+json\" class=\"yoast-schema-graph\">{\"@context\":\"https:\/\/schema.org\",\"@graph\":[{\"@type\":\"WebPage\",\"@id\":\"https:\/\/gymfactory.eu\/fr\/produit\/rack-a-halteres-z09\/\",\"url\":\"https:\/\/gymfactory.eu\/fr\/produit\/rack-a-halteres-z09\/\",\"name\":\"Rack \u00e0 Halt\u00e8res Z09 \u2013 Rangement Haute Performance pour Votre Salle\",\"isPartOf\":{\"@id\":\"https:\/\/gymfactory.eu\/fr\/#website\"},\"primaryImageOfPage\":{\"@id\":\"https:\/\/gymfactory.eu\/fr\/produit\/rack-a-halteres-z09\/#primaryimage\"},\"image\":{\"@id\":\"https:\/\/gymfactory.eu\/fr\/produit\/rack-a-halteres-z09\/#primaryimage\"},\"thumbnailUrl\":\"https:\/\/gymfactory.eu\/wp-content\/uploads\/2025\/02\/Z09-Dumbbell-Rack-1.webp\",\"datePublished\":\"2025-02-13T17:25:08+00:00\",\"description\":\"Ce rack \u00e0 halt\u00e8res haute performance offre une solution de rangement robuste, gardant votre zone d\u2019entra\u00eenement organis\u00e9e et garantissant un acc\u00e8s rapide et facile \u00e0 vos poids.\",\"breadcrumb\":{\"@id\":\"https:\/\/gymfactory.eu\/fr\/produit\/rack-a-halteres-z09\/#breadcrumb\"},\"inLanguage\":\"fr-FR\",\"potentialAction\":[{\"@type\":\"ReadAction\",\"target\":[\"https:\/\/gymfactory.eu\/fr\/produit\/rack-a-halteres-z09\/\"]}]},{\"@type\":\"ImageObject\",\"inLanguage\":\"fr-FR\",\"@id\":\"https:\/\/gymfactory.eu\/fr\/produit\/rack-a-halteres-z09\/#primaryimage\",\"url\":\"https:\/\/gymfactory.eu\/wp-content\/uploads\/2025\/02\/Z09-Dumbbell-Rack-1.webp\",\"contentUrl\":\"https:\/\/gymfactory.eu\/wp-content\/uploads\/2025\/02\/Z09-Dumbbell-Rack-1.webp\",\"width\":1500,\"height\":1500,\"caption\":\"Rack \u00e0 halt\u00e8res noir \u00e0 trois niveaux en acier robuste avec motif diamant sur chaque \u00e9tag\u00e8re, con\u00e7u pour maintenir solidement plusieurs halt\u00e8res, id\u00e9al pour organiser l\u2019\u00e9quipement d\u2019exercices de force en salle ou en home gym.\"},{\"@type\":\"BreadcrumbList\",\"@id\":\"https:\/\/gymfactory.eu\/fr\/produit\/rack-a-halteres-z09\/#breadcrumb\",\"itemListElement\":[{\"@type\":\"ListItem\",\"position\":1,\"name\":\"Home\",\"item\":\"https:\/\/gymfactory.eu\/fr\/page-principale\/\"},{\"@type\":\"ListItem\",\"position\":2,\"name\":\"Catalogue\",\"item\":\"https:\/\/gymfactory.eu\/fr\/catalogue-2\/\"},{\"@type\":\"ListItem\",\"position\":3,\"name\":\"Rack \u00e0 Halt\u00e8res Z09\"}]},{\"@type\":\"WebSite\",\"@id\":\"https:\/\/gymfactory.eu\/fr\/#website\",\"url\":\"https:\/\/gymfactory.eu\/fr\/\",\"name\":\"Gym Factory\",\"description\":\"\",\"publisher\":{\"@id\":\"https:\/\/gymfactory.eu\/fr\/#organization\"},\"potentialAction\":[{\"@type\":\"SearchAction\",\"target\":{\"@type\":\"EntryPoint\",\"urlTemplate\":\"https:\/\/gymfactory.eu\/fr\/?s={search_term_string}\"},\"query-input\":{\"@type\":\"PropertyValueSpecification\",\"valueRequired\":true,\"valueName\":\"search_term_string\"}}],\"inLanguage\":\"fr-FR\"},{\"@type\":\"Organization\",\"@id\":\"https:\/\/gymfactory.eu\/fr\/#organization\",\"name\":\"Gym Factory\",\"url\":\"https:\/\/gymfactory.eu\/fr\/\",\"logo\":{\"@type\":\"ImageObject\",\"inLanguage\":\"fr-FR\",\"@id\":\"https:\/\/gymfactory.eu\/fr\/#\/schema\/logo\/image\/\",\"url\":\"https:\/\/gymfactory.eu\/wp-content\/uploads\/2024\/11\/Component-1.svg\",\"contentUrl\":\"https:\/\/gymfactory.eu\/wp-content\/uploads\/2024\/11\/Component-1.svg\",\"width\":54,\"height\":44,\"caption\":\"Gym Factory\"},\"image\":{\"@id\":\"https:\/\/gymfactory.eu\/fr\/#\/schema\/logo\/image\/\"}}]}<\/script>\n<!-- \/ Yoast SEO plugin. -->","yoast_head_json":{"title":"Rack \u00e0 Halt\u00e8res Z09 \u2013 Rangement Haute Performance pour Votre Salle","description":"Ce rack \u00e0 halt\u00e8res haute performance offre une solution de rangement robuste, gardant votre zone d\u2019entra\u00eenement organis\u00e9e et garantissant un acc\u00e8s rapide et facile \u00e0 vos poids.","robots":{"index":"index","follow":"follow","max-snippet":"max-snippet:-1","max-image-preview":"max-image-preview:large","max-video-preview":"max-video-preview:-1"},"canonical":"https:\/\/gymfactory.eu\/fr\/produit\/rack-a-halteres-z09\/","og_locale":"fr_FR","og_type":"article","og_title":"Rack \u00e0 Halt\u00e8res Z09 \u2013 Rangement Haute Performance pour Votre Salle","og_description":"Ce rack \u00e0 halt\u00e8res haute performance offre une solution de rangement robuste, gardant votre zone d\u2019entra\u00eenement organis\u00e9e et garantissant un acc\u00e8s rapide et facile \u00e0 vos poids.","og_url":"https:\/\/gymfactory.eu\/fr\/produit\/rack-a-halteres-z09\/","og_site_name":"Gym Factory","og_image":[{"width":1500,"height":1500,"url":"https:\/\/gymfactory.eu\/wp-content\/uploads\/2025\/02\/Z09-Dumbbell-Rack-1.webp","type":"image\/webp"}],"twitter_card":"summary_large_image","schema":{"@context":"https:\/\/schema.org","@graph":[{"@type":"WebPage","@id":"https:\/\/gymfactory.eu\/fr\/produit\/rack-a-halteres-z09\/","url":"https:\/\/gymfactory.eu\/fr\/produit\/rack-a-halteres-z09\/","name":"Rack \u00e0 Halt\u00e8res Z09 \u2013 Rangement Haute Performance pour Votre Salle","isPartOf":{"@id":"https:\/\/gymfactory.eu\/fr\/#website"},"primaryImageOfPage":{"@id":"https:\/\/gymfactory.eu\/fr\/produit\/rack-a-halteres-z09\/#primaryimage"},"image":{"@id":"https:\/\/gymfactory.eu\/fr\/produit\/rack-a-halteres-z09\/#primaryimage"},"thumbnailUrl":"https:\/\/gymfactory.eu\/wp-content\/uploads\/2025\/02\/Z09-Dumbbell-Rack-1.webp","datePublished":"2025-02-13T17:25:08+00:00","description":"Ce rack \u00e0 halt\u00e8res haute performance offre une solution de rangement robuste, gardant votre zone d\u2019entra\u00eenement organis\u00e9e et garantissant un acc\u00e8s rapide et facile \u00e0 vos poids.","breadcrumb":{"@id":"https:\/\/gymfactory.eu\/fr\/produit\/rack-a-halteres-z09\/#breadcrumb"},"inLanguage":"fr-FR","potentialAction":[{"@type":"ReadAction","target":["https:\/\/gymfactory.eu\/fr\/produit\/rack-a-halteres-z09\/"]}]},{"@type":"ImageObject","inLanguage":"fr-FR","@id":"https:\/\/gymfactory.eu\/fr\/produit\/rack-a-halteres-z09\/#primaryimage","url":"https:\/\/gymfactory.eu\/wp-content\/uploads\/2025\/02\/Z09-Dumbbell-Rack-1.webp","contentUrl":"https:\/\/gymfactory.eu\/wp-content\/uploads\/2025\/02\/Z09-Dumbbell-Rack-1.webp","width":1500,"height":1500,"caption":"Rack \u00e0 halt\u00e8res noir \u00e0 trois niveaux en acier robuste avec motif diamant sur chaque \u00e9tag\u00e8re, con\u00e7u pour maintenir solidement plusieurs halt\u00e8res, id\u00e9al pour organiser l\u2019\u00e9quipement d\u2019exercices de force en salle ou en home gym."},{"@type":"BreadcrumbList","@id":"https:\/\/gymfactory.eu\/fr\/produit\/rack-a-halteres-z09\/#breadcrumb","itemListElement":[{"@type":"ListItem","position":1,"name":"Home","item":"https:\/\/gymfactory.eu\/fr\/page-principale\/"},{"@type":"ListItem","position":2,"name":"Catalogue","item":"https:\/\/gymfactory.eu\/fr\/catalogue-2\/"},{"@type":"ListItem","position":3,"name":"Rack \u00e0 Halt\u00e8res Z09"}]},{"@type":"WebSite","@id":"https:\/\/gymfactory.eu\/fr\/#website","url":"https:\/\/gymfactory.eu\/fr\/","name":"Gym Factory","description":"","publisher":{"@id":"https:\/\/gymfactory.eu\/fr\/#organization"},"potentialAction":[{"@type":"SearchAction","target":{"@type":"EntryPoint","urlTemplate":"https:\/\/gymfactory.eu\/fr\/?s={search_term_string}"},"query-input":{"@type":"PropertyValueSpecification","valueRequired":true,"valueName":"search_term_string"}}],"inLanguage":"fr-FR"},{"@type":"Organization","@id":"https:\/\/gymfactory.eu\/fr\/#organization","name":"Gym Factory","url":"https:\/\/gymfactory.eu\/fr\/","logo":{"@type":"ImageObject","inLanguage":"fr-FR","@id":"https:\/\/gymfactory.eu\/fr\/#\/schema\/logo\/image\/","url":"https:\/\/gymfactory.eu\/wp-content\/uploads\/2024\/11\/Component-1.svg","contentUrl":"https:\/\/gymfactory.eu\/wp-content\/uploads\/2024\/11\/Component-1.svg","width":54,"height":44,"caption":"Gym Factory"},"image":{"@id":"https:\/\/gymfactory.eu\/fr\/#\/schema\/logo\/image\/"}}]}},"_links":{"self":[{"href":"https:\/\/gymfactory.eu\/fr\/wp-json\/wp\/v2\/product\/27672","targetHints":{"allow":["GET"]}}],"collection":[{"href":"https:\/\/gymfactory.eu\/fr\/wp-json\/wp\/v2\/product"}],"about":[{"href":"https:\/\/gymfactory.eu\/fr\/wp-json\/wp\/v2\/types\/product"}],"wp:featuredmedia":[{"embeddable":true,"href":"https:\/\/gymfactory.eu\/fr\/wp-json\/wp\/v2\/media\/11202"}],"wp:attachment":[{"href":"https:\/\/gymfactory.eu\/fr\/wp-json\/wp\/v2\/media?parent=27672"}],"wp:term":[{"taxonomy":"product_brand","embeddable":true,"href":"https:\/\/gymfactory.eu\/fr\/wp-json\/wp\/v2\/product_brand?post=27672"},{"taxonomy":"product_cat","embeddable":true,"href":"https:\/\/gymfactory.eu\/fr\/wp-json\/wp\/v2\/product_cat?post=27672"},{"taxonomy":"product_tag","embeddable":true,"href":"https:\/\/gymfactory.eu\/fr\/wp-json\/wp\/v2\/product_tag?post=27672"}],"curies":[{"name":"wp","href":"https:\/\/api.w.org\/{rel}","templated":true}]}}