{"id":27671,"date":"2025-02-13T19:11:44","date_gmt":"2025-02-13T17:11:44","guid":{"rendered":"https:\/\/gymfactory.eu\/product\/rack-a-barres-z05\/"},"modified":"2025-02-13T19:11:44","modified_gmt":"2025-02-13T17:11:44","slug":"rack-a-barres-z05","status":"publish","type":"product","link":"https:\/\/gymfactory.eu\/fr\/produit\/rack-a-barres-z05\/","title":{"rendered":"Rack \u00e0 Barres Z05"},"content":{"rendered":"<p>Le Rack \u00e0 Barres Z05 est con\u00e7u pour les espaces de home fitness et les installations de salles de sport commerciales, offrant un rangement vertical pour jusqu\u2019\u00e0 6 barres (diam\u00e8tre de manchon 50 mm). Son design compact permet de garder les barres soigneusement organis\u00e9es et facilement accessibles, tout en optimisant la surface au sol.<\/p>\n\n    <div class=\"xs_social_share_widget xs_share_url after_content \t\tmain_content  wslu-style-1 wslu-share-box-shaped wslu-fill-colored wslu-none wslu-share-horizontal wslu-theme-font-no wslu-main_content\">\n\n\t\t\n        <ul>\n\t\t\t        <\/ul>\n    <\/div> \n","protected":false},"excerpt":{"rendered":"<p>Le Rack \u00e0 Barres Z05 est con\u00e7u pour les espaces de home fitness et les installations de salles de sport commerciales, offrant un rangement vertical pour jusqu\u2019\u00e0 6 barres (diam\u00e8tre de manchon 50 mm). Son design compact permet de garder les barres soigneusement organis\u00e9es et facilement accessibles, tout en optimisant la surface au sol.<\/p>\n","protected":false},"featured_media":24559,"template":"","meta":{"_acf_changed":false},"product_brand":[56],"product_cat":[824],"product_tag":[857],"class_list":{"0":"post-27671","1":"product","2":"type-product","3":"status-publish","4":"has-post-thumbnail","6":"product_brand-gym-factory","7":"product_cat-barres-et-disques","8":"product_tag-couleur-metal-uniquement","10":"first","11":"onbackorder","12":"taxable","13":"shipping-taxable","14":"purchasable","15":"product-type-simple"},"acf":[],"yoast_head":"<!-- This site is optimized with the Yoast SEO plugin v25.2 - https:\/\/yoast.com\/wordpress\/plugins\/seo\/ -->\n<title>Z05 Barbell Rack For Home Fitness &amp; Commercial Gym Equipment<\/title>\n<meta name=\"description\" content=\"Ce rack \u00e0 barres est parfait pour le fitness \u00e0 domicile et les salles de sport, offrant une solution de rangement s\u00e9curis\u00e9e et organis\u00e9e pour garder votre zone d\u2019entra\u00eenement d\u00e9gag\u00e9e.\" \/>\n<meta name=\"robots\" content=\"index, follow, max-snippet:-1, max-image-preview:large, max-video-preview:-1\" \/>\n<link rel=\"canonical\" href=\"https:\/\/gymfactory.eu\/fr\/produit\/rack-a-barres-z05\/\" \/>\n<meta property=\"og:locale\" content=\"fr_FR\" \/>\n<meta property=\"og:type\" content=\"article\" \/>\n<meta property=\"og:title\" content=\"Z05 Barbell Rack For Home Fitness &amp; Commercial Gym Equipment\" \/>\n<meta property=\"og:description\" content=\"Ce rack \u00e0 barres est parfait pour le fitness \u00e0 domicile et les salles de sport, offrant une solution de rangement s\u00e9curis\u00e9e et organis\u00e9e pour garder votre zone d\u2019entra\u00eenement d\u00e9gag\u00e9e.\" \/>\n<meta property=\"og:url\" content=\"https:\/\/gymfactory.eu\/fr\/produit\/rack-a-barres-z05\/\" \/>\n<meta property=\"og:site_name\" content=\"Gym Factory\" \/>\n<meta property=\"og:image\" content=\"https:\/\/gymfactory.eu\/wp-content\/uploads\/2025\/02\/Barbell-Rack-1.webp\" \/>\n\t<meta property=\"og:image:width\" content=\"1500\" \/>\n\t<meta property=\"og:image:height\" content=\"1500\" \/>\n\t<meta property=\"og:image:type\" content=\"image\/webp\" \/>\n<meta name=\"twitter:card\" content=\"summary_large_image\" \/>\n<script type=\"application\/ld+json\" class=\"yoast-schema-graph\">{\"@context\":\"https:\/\/schema.org\",\"@graph\":[{\"@type\":\"WebPage\",\"@id\":\"https:\/\/gymfactory.eu\/fr\/produit\/rack-a-barres-z05\/\",\"url\":\"https:\/\/gymfactory.eu\/fr\/produit\/rack-a-barres-z05\/\",\"name\":\"Z05 Barbell Rack For Home Fitness & Commercial Gym Equipment\",\"isPartOf\":{\"@id\":\"https:\/\/gymfactory.eu\/fr\/#website\"},\"primaryImageOfPage\":{\"@id\":\"https:\/\/gymfactory.eu\/fr\/produit\/rack-a-barres-z05\/#primaryimage\"},\"image\":{\"@id\":\"https:\/\/gymfactory.eu\/fr\/produit\/rack-a-barres-z05\/#primaryimage\"},\"thumbnailUrl\":\"https:\/\/gymfactory.eu\/wp-content\/uploads\/2025\/02\/Barbell-Rack-1.webp\",\"datePublished\":\"2025-02-13T17:11:44+00:00\",\"description\":\"Ce rack \u00e0 barres est parfait pour le fitness \u00e0 domicile et les salles de sport, offrant une solution de rangement s\u00e9curis\u00e9e et organis\u00e9e pour garder votre zone d\u2019entra\u00eenement d\u00e9gag\u00e9e.\",\"breadcrumb\":{\"@id\":\"https:\/\/gymfactory.eu\/fr\/produit\/rack-a-barres-z05\/#breadcrumb\"},\"inLanguage\":\"fr-FR\",\"potentialAction\":[{\"@type\":\"ReadAction\",\"target\":[\"https:\/\/gymfactory.eu\/fr\/produit\/rack-a-barres-z05\/\"]}]},{\"@type\":\"ImageObject\",\"inLanguage\":\"fr-FR\",\"@id\":\"https:\/\/gymfactory.eu\/fr\/produit\/rack-a-barres-z05\/#primaryimage\",\"url\":\"https:\/\/gymfactory.eu\/wp-content\/uploads\/2025\/02\/Barbell-Rack-1.webp\",\"contentUrl\":\"https:\/\/gymfactory.eu\/wp-content\/uploads\/2025\/02\/Barbell-Rack-1.webp\",\"width\":1500,\"height\":1500,\"caption\":\"Rack \u00e0 barres noir en acier robuste avec six logements cylindriques verticaux, con\u00e7u pour organiser et stocker les barres de musculation, id\u00e9al pour les installations d\u2019\u00e9quipement d\u2019exercices de force.\"},{\"@type\":\"BreadcrumbList\",\"@id\":\"https:\/\/gymfactory.eu\/fr\/produit\/rack-a-barres-z05\/#breadcrumb\",\"itemListElement\":[{\"@type\":\"ListItem\",\"position\":1,\"name\":\"Home\",\"item\":\"https:\/\/gymfactory.eu\/fr\/page-principale\/\"},{\"@type\":\"ListItem\",\"position\":2,\"name\":\"Catalogue\",\"item\":\"https:\/\/gymfactory.eu\/fr\/catalogue-2\/\"},{\"@type\":\"ListItem\",\"position\":3,\"name\":\"Rack \u00e0 Barres Z05\"}]},{\"@type\":\"WebSite\",\"@id\":\"https:\/\/gymfactory.eu\/fr\/#website\",\"url\":\"https:\/\/gymfactory.eu\/fr\/\",\"name\":\"Gym Factory\",\"description\":\"\",\"publisher\":{\"@id\":\"https:\/\/gymfactory.eu\/fr\/#organization\"},\"potentialAction\":[{\"@type\":\"SearchAction\",\"target\":{\"@type\":\"EntryPoint\",\"urlTemplate\":\"https:\/\/gymfactory.eu\/fr\/?s={search_term_string}\"},\"query-input\":{\"@type\":\"PropertyValueSpecification\",\"valueRequired\":true,\"valueName\":\"search_term_string\"}}],\"inLanguage\":\"fr-FR\"},{\"@type\":\"Organization\",\"@id\":\"https:\/\/gymfactory.eu\/fr\/#organization\",\"name\":\"Gym Factory\",\"url\":\"https:\/\/gymfactory.eu\/fr\/\",\"logo\":{\"@type\":\"ImageObject\",\"inLanguage\":\"fr-FR\",\"@id\":\"https:\/\/gymfactory.eu\/fr\/#\/schema\/logo\/image\/\",\"url\":\"https:\/\/gymfactory.eu\/wp-content\/uploads\/2024\/11\/Component-1.svg\",\"contentUrl\":\"https:\/\/gymfactory.eu\/wp-content\/uploads\/2024\/11\/Component-1.svg\",\"width\":54,\"height\":44,\"caption\":\"Gym Factory\"},\"image\":{\"@id\":\"https:\/\/gymfactory.eu\/fr\/#\/schema\/logo\/image\/\"}}]}<\/script>\n<!-- \/ Yoast SEO plugin. -->","yoast_head_json":{"title":"Z05 Barbell Rack For Home Fitness & Commercial Gym Equipment","description":"Ce rack \u00e0 barres est parfait pour le fitness \u00e0 domicile et les salles de sport, offrant une solution de rangement s\u00e9curis\u00e9e et organis\u00e9e pour garder votre zone d\u2019entra\u00eenement d\u00e9gag\u00e9e.","robots":{"index":"index","follow":"follow","max-snippet":"max-snippet:-1","max-image-preview":"max-image-preview:large","max-video-preview":"max-video-preview:-1"},"canonical":"https:\/\/gymfactory.eu\/fr\/produit\/rack-a-barres-z05\/","og_locale":"fr_FR","og_type":"article","og_title":"Z05 Barbell Rack For Home Fitness & Commercial Gym Equipment","og_description":"Ce rack \u00e0 barres est parfait pour le fitness \u00e0 domicile et les salles de sport, offrant une solution de rangement s\u00e9curis\u00e9e et organis\u00e9e pour garder votre zone d\u2019entra\u00eenement d\u00e9gag\u00e9e.","og_url":"https:\/\/gymfactory.eu\/fr\/produit\/rack-a-barres-z05\/","og_site_name":"Gym Factory","og_image":[{"width":1500,"height":1500,"url":"https:\/\/gymfactory.eu\/wp-content\/uploads\/2025\/02\/Barbell-Rack-1.webp","type":"image\/webp"}],"twitter_card":"summary_large_image","schema":{"@context":"https:\/\/schema.org","@graph":[{"@type":"WebPage","@id":"https:\/\/gymfactory.eu\/fr\/produit\/rack-a-barres-z05\/","url":"https:\/\/gymfactory.eu\/fr\/produit\/rack-a-barres-z05\/","name":"Z05 Barbell Rack For Home Fitness & Commercial Gym Equipment","isPartOf":{"@id":"https:\/\/gymfactory.eu\/fr\/#website"},"primaryImageOfPage":{"@id":"https:\/\/gymfactory.eu\/fr\/produit\/rack-a-barres-z05\/#primaryimage"},"image":{"@id":"https:\/\/gymfactory.eu\/fr\/produit\/rack-a-barres-z05\/#primaryimage"},"thumbnailUrl":"https:\/\/gymfactory.eu\/wp-content\/uploads\/2025\/02\/Barbell-Rack-1.webp","datePublished":"2025-02-13T17:11:44+00:00","description":"Ce rack \u00e0 barres est parfait pour le fitness \u00e0 domicile et les salles de sport, offrant une solution de rangement s\u00e9curis\u00e9e et organis\u00e9e pour garder votre zone d\u2019entra\u00eenement d\u00e9gag\u00e9e.","breadcrumb":{"@id":"https:\/\/gymfactory.eu\/fr\/produit\/rack-a-barres-z05\/#breadcrumb"},"inLanguage":"fr-FR","potentialAction":[{"@type":"ReadAction","target":["https:\/\/gymfactory.eu\/fr\/produit\/rack-a-barres-z05\/"]}]},{"@type":"ImageObject","inLanguage":"fr-FR","@id":"https:\/\/gymfactory.eu\/fr\/produit\/rack-a-barres-z05\/#primaryimage","url":"https:\/\/gymfactory.eu\/wp-content\/uploads\/2025\/02\/Barbell-Rack-1.webp","contentUrl":"https:\/\/gymfactory.eu\/wp-content\/uploads\/2025\/02\/Barbell-Rack-1.webp","width":1500,"height":1500,"caption":"Rack \u00e0 barres noir en acier robuste avec six logements cylindriques verticaux, con\u00e7u pour organiser et stocker les barres de musculation, id\u00e9al pour les installations d\u2019\u00e9quipement d\u2019exercices de force."},{"@type":"BreadcrumbList","@id":"https:\/\/gymfactory.eu\/fr\/produit\/rack-a-barres-z05\/#breadcrumb","itemListElement":[{"@type":"ListItem","position":1,"name":"Home","item":"https:\/\/gymfactory.eu\/fr\/page-principale\/"},{"@type":"ListItem","position":2,"name":"Catalogue","item":"https:\/\/gymfactory.eu\/fr\/catalogue-2\/"},{"@type":"ListItem","position":3,"name":"Rack \u00e0 Barres Z05"}]},{"@type":"WebSite","@id":"https:\/\/gymfactory.eu\/fr\/#website","url":"https:\/\/gymfactory.eu\/fr\/","name":"Gym Factory","description":"","publisher":{"@id":"https:\/\/gymfactory.eu\/fr\/#organization"},"potentialAction":[{"@type":"SearchAction","target":{"@type":"EntryPoint","urlTemplate":"https:\/\/gymfactory.eu\/fr\/?s={search_term_string}"},"query-input":{"@type":"PropertyValueSpecification","valueRequired":true,"valueName":"search_term_string"}}],"inLanguage":"fr-FR"},{"@type":"Organization","@id":"https:\/\/gymfactory.eu\/fr\/#organization","name":"Gym Factory","url":"https:\/\/gymfactory.eu\/fr\/","logo":{"@type":"ImageObject","inLanguage":"fr-FR","@id":"https:\/\/gymfactory.eu\/fr\/#\/schema\/logo\/image\/","url":"https:\/\/gymfactory.eu\/wp-content\/uploads\/2024\/11\/Component-1.svg","contentUrl":"https:\/\/gymfactory.eu\/wp-content\/uploads\/2024\/11\/Component-1.svg","width":54,"height":44,"caption":"Gym Factory"},"image":{"@id":"https:\/\/gymfactory.eu\/fr\/#\/schema\/logo\/image\/"}}]}},"_links":{"self":[{"href":"https:\/\/gymfactory.eu\/fr\/wp-json\/wp\/v2\/product\/27671","targetHints":{"allow":["GET"]}}],"collection":[{"href":"https:\/\/gymfactory.eu\/fr\/wp-json\/wp\/v2\/product"}],"about":[{"href":"https:\/\/gymfactory.eu\/fr\/wp-json\/wp\/v2\/types\/product"}],"wp:featuredmedia":[{"embeddable":true,"href":"https:\/\/gymfactory.eu\/fr\/wp-json\/wp\/v2\/media\/24559"}],"wp:attachment":[{"href":"https:\/\/gymfactory.eu\/fr\/wp-json\/wp\/v2\/media?parent=27671"}],"wp:term":[{"taxonomy":"product_brand","embeddable":true,"href":"https:\/\/gymfactory.eu\/fr\/wp-json\/wp\/v2\/product_brand?post=27671"},{"taxonomy":"product_cat","embeddable":true,"href":"https:\/\/gymfactory.eu\/fr\/wp-json\/wp\/v2\/product_cat?post=27671"},{"taxonomy":"product_tag","embeddable":true,"href":"https:\/\/gymfactory.eu\/fr\/wp-json\/wp\/v2\/product_tag?post=27671"}],"curies":[{"name":"wp","href":"https:\/\/api.w.org\/{rel}","templated":true}]}}