{"id":27660,"date":"2025-02-13T15:38:10","date_gmt":"2025-02-13T13:38:10","guid":{"rendered":"https:\/\/gymfactory.eu\/product\/rack-t5x-power-crossfit\/"},"modified":"2025-02-13T15:38:10","modified_gmt":"2025-02-13T13:38:10","slug":"rack-t5x-power-crossfit","status":"publish","type":"product","link":"https:\/\/gymfactory.eu\/fr\/produit\/rack-t5x-power-crossfit\/","title":{"rendered":"Rack T5X Power &amp; Crossfit"},"content":{"rendered":"<p>Le T5X Power &amp; Crossfit Rack est un rack Power &amp; Crossfit multifonction con\u00e7u pour prendre en charge un large \u00e9ventail d\u2019exercices avec charges et au poids du corps. Pens\u00e9 pour des entra\u00eenements haute performance du corps entier, il convient au d\u00e9veloppement de la force, au functional training et au conditionnement. <\/p>\n<p>La structure inclut plusieurs montants verticaux avec des rang\u00e9es de trous de r\u00e9glage en hauteur, permettant de repositionner tous les accessoires en fonction des besoins d\u2019entra\u00eenement.<\/p>\n<p><strong>\u00c9l\u00e9ments inclus :<\/strong><\/p>\n<p>Composants pour l\u2019entra\u00eenement en force<br \/>\n \u2022 4 supports de barre (hauteur r\u00e9glable)<br \/>\n \u2022 2 bras de s\u00e9curit\u00e9 (hauteur r\u00e9glable)<br \/>\n \u2022 Attache T-Bar Row Z17T (hauteur r\u00e9glable)<\/p>\n<p>\u00c9l\u00e9ments pour l\u2019entra\u00eenement au poids du corps et fonctionnel<br \/>\n \u2022 Barres de traction<br \/>\n \u2022 Station \u00e0 dips int\u00e9gr\u00e9e<br \/>\n \u2022 Monkey bars<br \/>\n \u2022 Plateforme Step-Up Z17P (hauteur r\u00e9glable)<br \/>\n \u2022 Plaques cibles pour wall ball<\/p>\n<p>Ce rack permet une grande vari\u00e9t\u00e9 d\u2019exercices, notamment squats, d\u00e9velopp\u00e9s, dips, tractions, T-bar rows, step-ups, travers\u00e9es de monkey bars, lancers de wall ball, et bien plus encore. Son design modulaire et ses multiples points d\u2019ancrage le rendent particuli\u00e8rement adapt\u00e9 \u00e0 une utilisation individuelle ou en groupe dans des s\u00e9ances polyvalentes de musculation ou de functional training full-body<\/p>\n\n    <div class=\"xs_social_share_widget xs_share_url after_content \t\tmain_content  wslu-style-1 wslu-share-box-shaped wslu-fill-colored wslu-none wslu-share-horizontal wslu-theme-font-no wslu-main_content\">\n\n\t\t\n        <ul>\n\t\t\t        <\/ul>\n    <\/div> \n","protected":false},"excerpt":{"rendered":"<p>Le T5X Power &amp; Crossfit Rack est un rack Power &amp; Crossfit multifonction con\u00e7u pour prendre en charge un large \u00e9ventail d\u2019exercices avec charges et au poids du corps. Pens\u00e9 pour des entra\u00eenements haute performance du corps entier, il convient au d\u00e9veloppement de la force, au functional training et au conditionnement. La structure inclut plusieurs [&hellip;]<\/p>\n","protected":false},"featured_media":11192,"template":"","meta":{"_acf_changed":false},"product_brand":[56],"product_cat":[833],"product_tag":[857],"class_list":{"0":"post-27660","1":"product","2":"type-product","3":"status-publish","4":"has-post-thumbnail","6":"product_brand-gym-factory","7":"product_cat-racks-de-musculation","8":"product_tag-couleur-metal-uniquement","10":"first","11":"onbackorder","12":"taxable","13":"shipping-taxable","14":"purchasable","15":"product-type-variable","16":"has-default-attributes"},"acf":[],"yoast_head":"<!-- This site is optimized with the Yoast SEO plugin v25.2 - https:\/\/yoast.com\/wordpress\/plugins\/seo\/ -->\n<title>Rack T5X Crossfit \/ Power Rack \u2013 Structure en Acier de Haute Qualit\u00e9<\/title>\n<meta name=\"description\" content=\"Rack de CrossFit robuste en structure acier haute qualit\u00e9. Parfait pour l\u2019entra\u00eenement avec charges et les s\u00e9ances full-body, alliant durabilit\u00e9 et performance.\" \/>\n<meta name=\"robots\" content=\"index, follow, max-snippet:-1, max-image-preview:large, max-video-preview:-1\" \/>\n<link rel=\"canonical\" href=\"https:\/\/gymfactory.eu\/fr\/produit\/rack-t5x-power-crossfit\/\" \/>\n<meta property=\"og:locale\" content=\"fr_FR\" \/>\n<meta property=\"og:type\" content=\"article\" \/>\n<meta property=\"og:title\" content=\"Rack T5X Crossfit \/ Power Rack \u2013 Structure en Acier de Haute Qualit\u00e9\" \/>\n<meta property=\"og:description\" content=\"Rack de CrossFit robuste en structure acier haute qualit\u00e9. Parfait pour l\u2019entra\u00eenement avec charges et les s\u00e9ances full-body, alliant durabilit\u00e9 et performance.\" \/>\n<meta property=\"og:url\" content=\"https:\/\/gymfactory.eu\/fr\/produit\/rack-t5x-power-crossfit\/\" \/>\n<meta property=\"og:site_name\" content=\"Gym Factory\" \/>\n<meta property=\"og:image\" content=\"https:\/\/gymfactory.eu\/wp-content\/uploads\/2025\/02\/T5X-Power-Station.webp\" \/>\n\t<meta property=\"og:image:width\" content=\"1500\" \/>\n\t<meta property=\"og:image:height\" content=\"1500\" \/>\n\t<meta property=\"og:image:type\" content=\"image\/webp\" \/>\n<meta name=\"twitter:card\" content=\"summary_large_image\" \/>\n<meta name=\"twitter:label1\" content=\"Dur\u00e9e de lecture estim\u00e9e\" \/>\n\t<meta name=\"twitter:data1\" content=\"1 minute\" \/>\n<script type=\"application\/ld+json\" class=\"yoast-schema-graph\">{\"@context\":\"https:\/\/schema.org\",\"@graph\":[{\"@type\":\"WebPage\",\"@id\":\"https:\/\/gymfactory.eu\/fr\/produit\/rack-t5x-power-crossfit\/\",\"url\":\"https:\/\/gymfactory.eu\/fr\/produit\/rack-t5x-power-crossfit\/\",\"name\":\"Rack T5X Crossfit \/ Power Rack \u2013 Structure en Acier de Haute Qualit\u00e9\",\"isPartOf\":{\"@id\":\"https:\/\/gymfactory.eu\/fr\/#website\"},\"primaryImageOfPage\":{\"@id\":\"https:\/\/gymfactory.eu\/fr\/produit\/rack-t5x-power-crossfit\/#primaryimage\"},\"image\":{\"@id\":\"https:\/\/gymfactory.eu\/fr\/produit\/rack-t5x-power-crossfit\/#primaryimage\"},\"thumbnailUrl\":\"https:\/\/gymfactory.eu\/wp-content\/uploads\/2025\/02\/T5X-Power-Station.webp\",\"datePublished\":\"2025-02-13T13:38:10+00:00\",\"description\":\"Rack de CrossFit robuste en structure acier haute qualit\u00e9. Parfait pour l\u2019entra\u00eenement avec charges et les s\u00e9ances full-body, alliant durabilit\u00e9 et performance.\",\"breadcrumb\":{\"@id\":\"https:\/\/gymfactory.eu\/fr\/produit\/rack-t5x-power-crossfit\/#breadcrumb\"},\"inLanguage\":\"fr-FR\",\"potentialAction\":[{\"@type\":\"ReadAction\",\"target\":[\"https:\/\/gymfactory.eu\/fr\/produit\/rack-t5x-power-crossfit\/\"]}]},{\"@type\":\"ImageObject\",\"inLanguage\":\"fr-FR\",\"@id\":\"https:\/\/gymfactory.eu\/fr\/produit\/rack-t5x-power-crossfit\/#primaryimage\",\"url\":\"https:\/\/gymfactory.eu\/wp-content\/uploads\/2025\/02\/T5X-Power-Station.webp\",\"contentUrl\":\"https:\/\/gymfactory.eu\/wp-content\/uploads\/2025\/02\/T5X-Power-Station.webp\",\"width\":1500,\"height\":1500,\"caption\":\"Station de musculation robuste noire et rouge avec multiples postes d\u2019entra\u00eenement, incluant monkey bars, barres de dips et plateforme step rouge, utilis\u00e9e comme \u00e9quipement de renforcement musculaire.\"},{\"@type\":\"BreadcrumbList\",\"@id\":\"https:\/\/gymfactory.eu\/fr\/produit\/rack-t5x-power-crossfit\/#breadcrumb\",\"itemListElement\":[{\"@type\":\"ListItem\",\"position\":1,\"name\":\"Home\",\"item\":\"https:\/\/gymfactory.eu\/fr\/page-principale\/\"},{\"@type\":\"ListItem\",\"position\":2,\"name\":\"Catalogue\",\"item\":\"https:\/\/gymfactory.eu\/fr\/catalogue-2\/\"},{\"@type\":\"ListItem\",\"position\":3,\"name\":\"Rack T5X Power &amp; Crossfit\"}]},{\"@type\":\"WebSite\",\"@id\":\"https:\/\/gymfactory.eu\/fr\/#website\",\"url\":\"https:\/\/gymfactory.eu\/fr\/\",\"name\":\"Gym Factory\",\"description\":\"\",\"publisher\":{\"@id\":\"https:\/\/gymfactory.eu\/fr\/#organization\"},\"potentialAction\":[{\"@type\":\"SearchAction\",\"target\":{\"@type\":\"EntryPoint\",\"urlTemplate\":\"https:\/\/gymfactory.eu\/fr\/?s={search_term_string}\"},\"query-input\":{\"@type\":\"PropertyValueSpecification\",\"valueRequired\":true,\"valueName\":\"search_term_string\"}}],\"inLanguage\":\"fr-FR\"},{\"@type\":\"Organization\",\"@id\":\"https:\/\/gymfactory.eu\/fr\/#organization\",\"name\":\"Gym Factory\",\"url\":\"https:\/\/gymfactory.eu\/fr\/\",\"logo\":{\"@type\":\"ImageObject\",\"inLanguage\":\"fr-FR\",\"@id\":\"https:\/\/gymfactory.eu\/fr\/#\/schema\/logo\/image\/\",\"url\":\"https:\/\/gymfactory.eu\/wp-content\/uploads\/2024\/11\/Component-1.svg\",\"contentUrl\":\"https:\/\/gymfactory.eu\/wp-content\/uploads\/2024\/11\/Component-1.svg\",\"width\":54,\"height\":44,\"caption\":\"Gym Factory\"},\"image\":{\"@id\":\"https:\/\/gymfactory.eu\/fr\/#\/schema\/logo\/image\/\"}}]}<\/script>\n<!-- \/ Yoast SEO plugin. -->","yoast_head_json":{"title":"Rack T5X Crossfit \/ Power Rack \u2013 Structure en Acier de Haute Qualit\u00e9","description":"Rack de CrossFit robuste en structure acier haute qualit\u00e9. Parfait pour l\u2019entra\u00eenement avec charges et les s\u00e9ances full-body, alliant durabilit\u00e9 et performance.","robots":{"index":"index","follow":"follow","max-snippet":"max-snippet:-1","max-image-preview":"max-image-preview:large","max-video-preview":"max-video-preview:-1"},"canonical":"https:\/\/gymfactory.eu\/fr\/produit\/rack-t5x-power-crossfit\/","og_locale":"fr_FR","og_type":"article","og_title":"Rack T5X Crossfit \/ Power Rack \u2013 Structure en Acier de Haute Qualit\u00e9","og_description":"Rack de CrossFit robuste en structure acier haute qualit\u00e9. Parfait pour l\u2019entra\u00eenement avec charges et les s\u00e9ances full-body, alliant durabilit\u00e9 et performance.","og_url":"https:\/\/gymfactory.eu\/fr\/produit\/rack-t5x-power-crossfit\/","og_site_name":"Gym Factory","og_image":[{"width":1500,"height":1500,"url":"https:\/\/gymfactory.eu\/wp-content\/uploads\/2025\/02\/T5X-Power-Station.webp","type":"image\/webp"}],"twitter_card":"summary_large_image","twitter_misc":{"Dur\u00e9e de lecture estim\u00e9e":"1 minute"},"schema":{"@context":"https:\/\/schema.org","@graph":[{"@type":"WebPage","@id":"https:\/\/gymfactory.eu\/fr\/produit\/rack-t5x-power-crossfit\/","url":"https:\/\/gymfactory.eu\/fr\/produit\/rack-t5x-power-crossfit\/","name":"Rack T5X Crossfit \/ Power Rack \u2013 Structure en Acier de Haute Qualit\u00e9","isPartOf":{"@id":"https:\/\/gymfactory.eu\/fr\/#website"},"primaryImageOfPage":{"@id":"https:\/\/gymfactory.eu\/fr\/produit\/rack-t5x-power-crossfit\/#primaryimage"},"image":{"@id":"https:\/\/gymfactory.eu\/fr\/produit\/rack-t5x-power-crossfit\/#primaryimage"},"thumbnailUrl":"https:\/\/gymfactory.eu\/wp-content\/uploads\/2025\/02\/T5X-Power-Station.webp","datePublished":"2025-02-13T13:38:10+00:00","description":"Rack de CrossFit robuste en structure acier haute qualit\u00e9. Parfait pour l\u2019entra\u00eenement avec charges et les s\u00e9ances full-body, alliant durabilit\u00e9 et performance.","breadcrumb":{"@id":"https:\/\/gymfactory.eu\/fr\/produit\/rack-t5x-power-crossfit\/#breadcrumb"},"inLanguage":"fr-FR","potentialAction":[{"@type":"ReadAction","target":["https:\/\/gymfactory.eu\/fr\/produit\/rack-t5x-power-crossfit\/"]}]},{"@type":"ImageObject","inLanguage":"fr-FR","@id":"https:\/\/gymfactory.eu\/fr\/produit\/rack-t5x-power-crossfit\/#primaryimage","url":"https:\/\/gymfactory.eu\/wp-content\/uploads\/2025\/02\/T5X-Power-Station.webp","contentUrl":"https:\/\/gymfactory.eu\/wp-content\/uploads\/2025\/02\/T5X-Power-Station.webp","width":1500,"height":1500,"caption":"Station de musculation robuste noire et rouge avec multiples postes d\u2019entra\u00eenement, incluant monkey bars, barres de dips et plateforme step rouge, utilis\u00e9e comme \u00e9quipement de renforcement musculaire."},{"@type":"BreadcrumbList","@id":"https:\/\/gymfactory.eu\/fr\/produit\/rack-t5x-power-crossfit\/#breadcrumb","itemListElement":[{"@type":"ListItem","position":1,"name":"Home","item":"https:\/\/gymfactory.eu\/fr\/page-principale\/"},{"@type":"ListItem","position":2,"name":"Catalogue","item":"https:\/\/gymfactory.eu\/fr\/catalogue-2\/"},{"@type":"ListItem","position":3,"name":"Rack T5X Power &amp; Crossfit"}]},{"@type":"WebSite","@id":"https:\/\/gymfactory.eu\/fr\/#website","url":"https:\/\/gymfactory.eu\/fr\/","name":"Gym Factory","description":"","publisher":{"@id":"https:\/\/gymfactory.eu\/fr\/#organization"},"potentialAction":[{"@type":"SearchAction","target":{"@type":"EntryPoint","urlTemplate":"https:\/\/gymfactory.eu\/fr\/?s={search_term_string}"},"query-input":{"@type":"PropertyValueSpecification","valueRequired":true,"valueName":"search_term_string"}}],"inLanguage":"fr-FR"},{"@type":"Organization","@id":"https:\/\/gymfactory.eu\/fr\/#organization","name":"Gym Factory","url":"https:\/\/gymfactory.eu\/fr\/","logo":{"@type":"ImageObject","inLanguage":"fr-FR","@id":"https:\/\/gymfactory.eu\/fr\/#\/schema\/logo\/image\/","url":"https:\/\/gymfactory.eu\/wp-content\/uploads\/2024\/11\/Component-1.svg","contentUrl":"https:\/\/gymfactory.eu\/wp-content\/uploads\/2024\/11\/Component-1.svg","width":54,"height":44,"caption":"Gym Factory"},"image":{"@id":"https:\/\/gymfactory.eu\/fr\/#\/schema\/logo\/image\/"}}]}},"_links":{"self":[{"href":"https:\/\/gymfactory.eu\/fr\/wp-json\/wp\/v2\/product\/27660","targetHints":{"allow":["GET"]}}],"collection":[{"href":"https:\/\/gymfactory.eu\/fr\/wp-json\/wp\/v2\/product"}],"about":[{"href":"https:\/\/gymfactory.eu\/fr\/wp-json\/wp\/v2\/types\/product"}],"wp:featuredmedia":[{"embeddable":true,"href":"https:\/\/gymfactory.eu\/fr\/wp-json\/wp\/v2\/media\/11192"}],"wp:attachment":[{"href":"https:\/\/gymfactory.eu\/fr\/wp-json\/wp\/v2\/media?parent=27660"}],"wp:term":[{"taxonomy":"product_brand","embeddable":true,"href":"https:\/\/gymfactory.eu\/fr\/wp-json\/wp\/v2\/product_brand?post=27660"},{"taxonomy":"product_cat","embeddable":true,"href":"https:\/\/gymfactory.eu\/fr\/wp-json\/wp\/v2\/product_cat?post=27660"},{"taxonomy":"product_tag","embeddable":true,"href":"https:\/\/gymfactory.eu\/fr\/wp-json\/wp\/v2\/product_tag?post=27660"}],"curies":[{"name":"wp","href":"https:\/\/api.w.org\/{rel}","templated":true}]}}