{"id":27656,"date":"2025-02-13T14:46:16","date_gmt":"2025-02-13T12:46:16","guid":{"rendered":"https:\/\/gymfactory.eu\/product\/rack-t5-power-crossfit\/"},"modified":"2025-02-13T14:46:16","modified_gmt":"2025-02-13T12:46:16","slug":"rack-t5-power-crossfit","status":"publish","type":"product","link":"https:\/\/gymfactory.eu\/fr\/produit\/rack-t5-power-crossfit\/","title":{"rendered":"Rack T5 Power &amp; CrossFit"},"content":{"rendered":"<p>Le T5 Power &amp; CrossFit Rack est un rack Power &amp; CrossFit polyvalent et robuste, con\u00e7u pour supporter un large \u00e9ventail d\u2019exercices fonctionnels et de musculation. Pens\u00e9 pour des entra\u00eenements complets et intenses du corps, il est id\u00e9al pour le CrossFit, les s\u00e9ances en groupe ou l\u2019utilisation individuelle. <\/p>\n<p>Les montants verticaux int\u00e8grent de multiples points de fixation, permettant \u00e0 tous les accessoires inclus d\u2019\u00eatre r\u00e9gl\u00e9s \u00e0 diff\u00e9rentes hauteurs selon l\u2019utilisateur ou le type d\u2019exercice. Le syst\u00e8me prend en charge l\u2019entra\u00eenement \u00e0 la barre, au poids du corps et en suspension au sein d\u2019une structure unique. <\/p>\n<p><strong>\u00c9l\u00e9ments inclus :<\/strong><\/p>\n<p>Travail \u00e0 la barre et musculation<br \/>\n \u2022 4 supports de barre (hauteur r\u00e9glable)<br \/>\n \u2022 2 bras de s\u00e9curit\u00e9 (spotter arms)<br \/>\n \u2022 Attache T-Bar Row Z17T<\/p>\n<p>Travail au poids du corps et mouvements fonctionnels<br \/>\n \u2022 Plateforme Step-Up Z17P<br \/>\n \u2022 Station \u00e0 Dips Z17L<br \/>\n \u2022 11 barres de traction compatibles TRX<\/p>\n<p>Ce rack permet une large vari\u00e9t\u00e9 de mouvements : squats, d\u00e9velopp\u00e9s, dips, tractions, step-ups, T-bar rows, relev\u00e9s de jambes suspendus, ainsi que des exercices en TRX et autres syst\u00e8mes de suspension. Sa configuration modulaire en fait une solution de choix pour des entra\u00eenements haute performance du corps entier, en particulier dans les environnements CrossFit et de force fonctionnelle. <\/p>\n<p>Pour compl\u00e9ter votre installation, pensez \u00e0 ajouter une barre compatible telle que <a href=\"https:\/\/gymfactory.eu\/product\/z03g1-olympic-barbell\/\" target=\"_blank\" rel=\"noopener\">la Barre Olympique Z03G1<\/a> ou <a href=\"https:\/\/gymfactory.eu\/product\/z03g-olympic-barbell\/\" target=\"_blank\" rel=\"noopener\">la Barre Olympique Z03G<\/a>.<\/p>\n\n    <div class=\"xs_social_share_widget xs_share_url after_content \t\tmain_content  wslu-style-1 wslu-share-box-shaped wslu-fill-colored wslu-none wslu-share-horizontal wslu-theme-font-no wslu-main_content\">\n\n\t\t\n        <ul>\n\t\t\t        <\/ul>\n    <\/div> \n","protected":false},"excerpt":{"rendered":"<p>Le T5 Power &amp; CrossFit Rack est un rack Power &amp; CrossFit polyvalent et robuste, con\u00e7u pour supporter un large \u00e9ventail d\u2019exercices fonctionnels et de musculation. Pens\u00e9 pour des entra\u00eenements complets et intenses du corps, il est id\u00e9al pour le CrossFit, les s\u00e9ances en groupe ou l\u2019utilisation individuelle. Les montants verticaux int\u00e8grent de multiples points [&hellip;]<\/p>\n","protected":false},"featured_media":10885,"template":"","meta":{"_acf_changed":false},"product_brand":[56],"product_cat":[833],"product_tag":[857],"class_list":{"0":"post-27656","1":"product","2":"type-product","3":"status-publish","4":"has-post-thumbnail","6":"product_brand-gym-factory","7":"product_cat-racks-de-musculation","8":"product_tag-couleur-metal-uniquement","10":"first","11":"onbackorder","12":"taxable","13":"shipping-taxable","14":"purchasable","15":"product-type-variable","16":"has-default-attributes"},"acf":[],"yoast_head":"<!-- This site is optimized with the Yoast SEO plugin v25.2 - https:\/\/yoast.com\/wordpress\/plugins\/seo\/ -->\n<title>Rack T5 Power &amp; CrossFit pour Entra\u00eenements Full-Body<\/title>\n<meta name=\"description\" content=\"Con\u00e7u pour la durabilit\u00e9, ce power rack en acier de haute qualit\u00e9 est pens\u00e9 pour supporter l\u2019entra\u00eenement lourd et les routines compl\u00e8tes du corps.\" \/>\n<meta name=\"robots\" content=\"index, follow, max-snippet:-1, max-image-preview:large, max-video-preview:-1\" \/>\n<link rel=\"canonical\" href=\"https:\/\/gymfactory.eu\/fr\/produit\/rack-t5-power-crossfit\/\" \/>\n<meta property=\"og:locale\" content=\"fr_FR\" \/>\n<meta property=\"og:type\" content=\"article\" \/>\n<meta property=\"og:title\" content=\"Rack T5 Power &amp; CrossFit pour Entra\u00eenements Full-Body\" \/>\n<meta property=\"og:description\" content=\"Con\u00e7u pour la durabilit\u00e9, ce power rack en acier de haute qualit\u00e9 est pens\u00e9 pour supporter l\u2019entra\u00eenement lourd et les routines compl\u00e8tes du corps.\" \/>\n<meta property=\"og:url\" content=\"https:\/\/gymfactory.eu\/fr\/produit\/rack-t5-power-crossfit\/\" \/>\n<meta property=\"og:site_name\" content=\"Gym Factory\" \/>\n<meta property=\"og:image\" content=\"https:\/\/gymfactory.eu\/wp-content\/uploads\/2025\/02\/power-station-crossfit-rack-2.webp\" \/>\n\t<meta property=\"og:image:width\" content=\"1500\" \/>\n\t<meta property=\"og:image:height\" content=\"1500\" \/>\n\t<meta property=\"og:image:type\" content=\"image\/webp\" \/>\n<meta name=\"twitter:card\" content=\"summary_large_image\" \/>\n<meta name=\"twitter:label1\" content=\"Dur\u00e9e de lecture estim\u00e9e\" \/>\n\t<meta name=\"twitter:data1\" content=\"1 minute\" \/>\n<script type=\"application\/ld+json\" class=\"yoast-schema-graph\">{\"@context\":\"https:\/\/schema.org\",\"@graph\":[{\"@type\":\"WebPage\",\"@id\":\"https:\/\/gymfactory.eu\/fr\/produit\/rack-t5-power-crossfit\/\",\"url\":\"https:\/\/gymfactory.eu\/fr\/produit\/rack-t5-power-crossfit\/\",\"name\":\"Rack T5 Power & CrossFit pour Entra\u00eenements Full-Body\",\"isPartOf\":{\"@id\":\"https:\/\/gymfactory.eu\/fr\/#website\"},\"primaryImageOfPage\":{\"@id\":\"https:\/\/gymfactory.eu\/fr\/produit\/rack-t5-power-crossfit\/#primaryimage\"},\"image\":{\"@id\":\"https:\/\/gymfactory.eu\/fr\/produit\/rack-t5-power-crossfit\/#primaryimage\"},\"thumbnailUrl\":\"https:\/\/gymfactory.eu\/wp-content\/uploads\/2025\/02\/power-station-crossfit-rack-2.webp\",\"datePublished\":\"2025-02-13T12:46:16+00:00\",\"description\":\"Con\u00e7u pour la durabilit\u00e9, ce power rack en acier de haute qualit\u00e9 est pens\u00e9 pour supporter l\u2019entra\u00eenement lourd et les routines compl\u00e8tes du corps.\",\"breadcrumb\":{\"@id\":\"https:\/\/gymfactory.eu\/fr\/produit\/rack-t5-power-crossfit\/#breadcrumb\"},\"inLanguage\":\"fr-FR\",\"potentialAction\":[{\"@type\":\"ReadAction\",\"target\":[\"https:\/\/gymfactory.eu\/fr\/produit\/rack-t5-power-crossfit\/\"]}]},{\"@type\":\"ImageObject\",\"inLanguage\":\"fr-FR\",\"@id\":\"https:\/\/gymfactory.eu\/fr\/produit\/rack-t5-power-crossfit\/#primaryimage\",\"url\":\"https:\/\/gymfactory.eu\/wp-content\/uploads\/2025\/02\/power-station-crossfit-rack-2.webp\",\"contentUrl\":\"https:\/\/gymfactory.eu\/wp-content\/uploads\/2025\/02\/power-station-crossfit-rack-2.webp\",\"width\":1500,\"height\":1500,\"caption\":\"Rack CrossFit type power station avec montants en acier jaune et accessoires noirs, incluant barres de traction, barres de dips, bras de s\u00e9curit\u00e9 et plateforme de step, con\u00e7u comme un \u00e9quipement polyvalent de renforcement musculaire pour les salles de sport.\"},{\"@type\":\"BreadcrumbList\",\"@id\":\"https:\/\/gymfactory.eu\/fr\/produit\/rack-t5-power-crossfit\/#breadcrumb\",\"itemListElement\":[{\"@type\":\"ListItem\",\"position\":1,\"name\":\"Home\",\"item\":\"https:\/\/gymfactory.eu\/fr\/page-principale\/\"},{\"@type\":\"ListItem\",\"position\":2,\"name\":\"Catalogue\",\"item\":\"https:\/\/gymfactory.eu\/fr\/catalogue-2\/\"},{\"@type\":\"ListItem\",\"position\":3,\"name\":\"Rack T5 Power &amp; CrossFit\"}]},{\"@type\":\"WebSite\",\"@id\":\"https:\/\/gymfactory.eu\/fr\/#website\",\"url\":\"https:\/\/gymfactory.eu\/fr\/\",\"name\":\"Gym Factory\",\"description\":\"\",\"publisher\":{\"@id\":\"https:\/\/gymfactory.eu\/fr\/#organization\"},\"potentialAction\":[{\"@type\":\"SearchAction\",\"target\":{\"@type\":\"EntryPoint\",\"urlTemplate\":\"https:\/\/gymfactory.eu\/fr\/?s={search_term_string}\"},\"query-input\":{\"@type\":\"PropertyValueSpecification\",\"valueRequired\":true,\"valueName\":\"search_term_string\"}}],\"inLanguage\":\"fr-FR\"},{\"@type\":\"Organization\",\"@id\":\"https:\/\/gymfactory.eu\/fr\/#organization\",\"name\":\"Gym Factory\",\"url\":\"https:\/\/gymfactory.eu\/fr\/\",\"logo\":{\"@type\":\"ImageObject\",\"inLanguage\":\"fr-FR\",\"@id\":\"https:\/\/gymfactory.eu\/fr\/#\/schema\/logo\/image\/\",\"url\":\"https:\/\/gymfactory.eu\/wp-content\/uploads\/2024\/11\/Component-1.svg\",\"contentUrl\":\"https:\/\/gymfactory.eu\/wp-content\/uploads\/2024\/11\/Component-1.svg\",\"width\":54,\"height\":44,\"caption\":\"Gym Factory\"},\"image\":{\"@id\":\"https:\/\/gymfactory.eu\/fr\/#\/schema\/logo\/image\/\"}}]}<\/script>\n<!-- \/ Yoast SEO plugin. -->","yoast_head_json":{"title":"Rack T5 Power & CrossFit pour Entra\u00eenements Full-Body","description":"Con\u00e7u pour la durabilit\u00e9, ce power rack en acier de haute qualit\u00e9 est pens\u00e9 pour supporter l\u2019entra\u00eenement lourd et les routines compl\u00e8tes du corps.","robots":{"index":"index","follow":"follow","max-snippet":"max-snippet:-1","max-image-preview":"max-image-preview:large","max-video-preview":"max-video-preview:-1"},"canonical":"https:\/\/gymfactory.eu\/fr\/produit\/rack-t5-power-crossfit\/","og_locale":"fr_FR","og_type":"article","og_title":"Rack T5 Power & CrossFit pour Entra\u00eenements Full-Body","og_description":"Con\u00e7u pour la durabilit\u00e9, ce power rack en acier de haute qualit\u00e9 est pens\u00e9 pour supporter l\u2019entra\u00eenement lourd et les routines compl\u00e8tes du corps.","og_url":"https:\/\/gymfactory.eu\/fr\/produit\/rack-t5-power-crossfit\/","og_site_name":"Gym Factory","og_image":[{"width":1500,"height":1500,"url":"https:\/\/gymfactory.eu\/wp-content\/uploads\/2025\/02\/power-station-crossfit-rack-2.webp","type":"image\/webp"}],"twitter_card":"summary_large_image","twitter_misc":{"Dur\u00e9e de lecture estim\u00e9e":"1 minute"},"schema":{"@context":"https:\/\/schema.org","@graph":[{"@type":"WebPage","@id":"https:\/\/gymfactory.eu\/fr\/produit\/rack-t5-power-crossfit\/","url":"https:\/\/gymfactory.eu\/fr\/produit\/rack-t5-power-crossfit\/","name":"Rack T5 Power & CrossFit pour Entra\u00eenements Full-Body","isPartOf":{"@id":"https:\/\/gymfactory.eu\/fr\/#website"},"primaryImageOfPage":{"@id":"https:\/\/gymfactory.eu\/fr\/produit\/rack-t5-power-crossfit\/#primaryimage"},"image":{"@id":"https:\/\/gymfactory.eu\/fr\/produit\/rack-t5-power-crossfit\/#primaryimage"},"thumbnailUrl":"https:\/\/gymfactory.eu\/wp-content\/uploads\/2025\/02\/power-station-crossfit-rack-2.webp","datePublished":"2025-02-13T12:46:16+00:00","description":"Con\u00e7u pour la durabilit\u00e9, ce power rack en acier de haute qualit\u00e9 est pens\u00e9 pour supporter l\u2019entra\u00eenement lourd et les routines compl\u00e8tes du corps.","breadcrumb":{"@id":"https:\/\/gymfactory.eu\/fr\/produit\/rack-t5-power-crossfit\/#breadcrumb"},"inLanguage":"fr-FR","potentialAction":[{"@type":"ReadAction","target":["https:\/\/gymfactory.eu\/fr\/produit\/rack-t5-power-crossfit\/"]}]},{"@type":"ImageObject","inLanguage":"fr-FR","@id":"https:\/\/gymfactory.eu\/fr\/produit\/rack-t5-power-crossfit\/#primaryimage","url":"https:\/\/gymfactory.eu\/wp-content\/uploads\/2025\/02\/power-station-crossfit-rack-2.webp","contentUrl":"https:\/\/gymfactory.eu\/wp-content\/uploads\/2025\/02\/power-station-crossfit-rack-2.webp","width":1500,"height":1500,"caption":"Rack CrossFit type power station avec montants en acier jaune et accessoires noirs, incluant barres de traction, barres de dips, bras de s\u00e9curit\u00e9 et plateforme de step, con\u00e7u comme un \u00e9quipement polyvalent de renforcement musculaire pour les salles de sport."},{"@type":"BreadcrumbList","@id":"https:\/\/gymfactory.eu\/fr\/produit\/rack-t5-power-crossfit\/#breadcrumb","itemListElement":[{"@type":"ListItem","position":1,"name":"Home","item":"https:\/\/gymfactory.eu\/fr\/page-principale\/"},{"@type":"ListItem","position":2,"name":"Catalogue","item":"https:\/\/gymfactory.eu\/fr\/catalogue-2\/"},{"@type":"ListItem","position":3,"name":"Rack T5 Power &amp; CrossFit"}]},{"@type":"WebSite","@id":"https:\/\/gymfactory.eu\/fr\/#website","url":"https:\/\/gymfactory.eu\/fr\/","name":"Gym Factory","description":"","publisher":{"@id":"https:\/\/gymfactory.eu\/fr\/#organization"},"potentialAction":[{"@type":"SearchAction","target":{"@type":"EntryPoint","urlTemplate":"https:\/\/gymfactory.eu\/fr\/?s={search_term_string}"},"query-input":{"@type":"PropertyValueSpecification","valueRequired":true,"valueName":"search_term_string"}}],"inLanguage":"fr-FR"},{"@type":"Organization","@id":"https:\/\/gymfactory.eu\/fr\/#organization","name":"Gym Factory","url":"https:\/\/gymfactory.eu\/fr\/","logo":{"@type":"ImageObject","inLanguage":"fr-FR","@id":"https:\/\/gymfactory.eu\/fr\/#\/schema\/logo\/image\/","url":"https:\/\/gymfactory.eu\/wp-content\/uploads\/2024\/11\/Component-1.svg","contentUrl":"https:\/\/gymfactory.eu\/wp-content\/uploads\/2024\/11\/Component-1.svg","width":54,"height":44,"caption":"Gym Factory"},"image":{"@id":"https:\/\/gymfactory.eu\/fr\/#\/schema\/logo\/image\/"}}]}},"_links":{"self":[{"href":"https:\/\/gymfactory.eu\/fr\/wp-json\/wp\/v2\/product\/27656","targetHints":{"allow":["GET"]}}],"collection":[{"href":"https:\/\/gymfactory.eu\/fr\/wp-json\/wp\/v2\/product"}],"about":[{"href":"https:\/\/gymfactory.eu\/fr\/wp-json\/wp\/v2\/types\/product"}],"wp:featuredmedia":[{"embeddable":true,"href":"https:\/\/gymfactory.eu\/fr\/wp-json\/wp\/v2\/media\/10885"}],"wp:attachment":[{"href":"https:\/\/gymfactory.eu\/fr\/wp-json\/wp\/v2\/media?parent=27656"}],"wp:term":[{"taxonomy":"product_brand","embeddable":true,"href":"https:\/\/gymfactory.eu\/fr\/wp-json\/wp\/v2\/product_brand?post=27656"},{"taxonomy":"product_cat","embeddable":true,"href":"https:\/\/gymfactory.eu\/fr\/wp-json\/wp\/v2\/product_cat?post=27656"},{"taxonomy":"product_tag","embeddable":true,"href":"https:\/\/gymfactory.eu\/fr\/wp-json\/wp\/v2\/product_tag?post=27656"}],"curies":[{"name":"wp","href":"https:\/\/api.w.org\/{rel}","templated":true}]}}