{"id":27653,"date":"2025-02-13T11:43:20","date_gmt":"2025-02-13T09:43:20","guid":{"rendered":"https:\/\/gymfactory.eu\/product\/rack-t2-crossfit\/"},"modified":"2025-02-13T11:43:20","modified_gmt":"2025-02-13T09:43:20","slug":"rack-t2-crossfit","status":"publish","type":"product","link":"https:\/\/gymfactory.eu\/fr\/produit\/rack-t2-crossfit\/","title":{"rendered":"Rack T2 Crossfit"},"content":{"rendered":"<p>Le T2 Crossfit Rack est un rack CrossFit mural con\u00e7u pour un entra\u00eenement polyvalent de force et au poids du corps. Il permet le travail \u00e0 la barre, les tractions et les exercices en suspension type TRX, ce qui en fait une solution adapt\u00e9e pour des entra\u00eenements complets du corps en home gym comme en salle commerciale. <\/p>\n<p>Vous pouvez r\u00e9aliser des tractions avec plusieurs options de prise pour cibler le haut du dos, les \u00e9paules et les bras. Des sangles TRX peuvent \u00e9galement \u00eatre fix\u00e9es pour des tirages, du travail de gainage et d\u2019autres mouvements au poids du corps. Deux crochets de barre (barbell hooks) sont inclus, avec hauteur r\u00e9glable via le syst\u00e8me de trous sur le montant vertical. Cela permet de r\u00e9aliser des exercices comme les squats, d\u00e9velopp\u00e9s au-dessus de la t\u00eate (overhead press) et rowings, pour entra\u00eener efficacement le bas du corps \u00e9galement.   <\/p>\n<p>Cette structure permet des entra\u00eenements complets du corps, sollicitant jambes, dos, pectoraux, \u00e9paules, bras et sangle abdominale.<\/p>\n<p>Pour compl\u00e9ter votre installation, pensez \u00e0 ajouter une barre compatible telle que <a href=\"https:\/\/gymfactory.eu\/product\/z03g1-olympic-barbell\/\" target=\"_blank\" rel=\"noopener\">la Barre Olympique Z03G1<\/a> ou <a href=\"https:\/\/gymfactory.eu\/product\/z03g-olympic-barbell\/\" target=\"_blank\" rel=\"noopener\">la Barre Olympique Z03G.<\/a><\/p>\n\n    <div class=\"xs_social_share_widget xs_share_url after_content \t\tmain_content  wslu-style-1 wslu-share-box-shaped wslu-fill-colored wslu-none wslu-share-horizontal wslu-theme-font-no wslu-main_content\">\n\n\t\t\n        <ul>\n\t\t\t        <\/ul>\n    <\/div> \n","protected":false},"excerpt":{"rendered":"<p>Le T2 Crossfit Rack est un rack CrossFit mural con\u00e7u pour un entra\u00eenement polyvalent de force et au poids du corps. Il permet le travail \u00e0 la barre, les tractions et les exercices en suspension type TRX, ce qui en fait une solution adapt\u00e9e pour des entra\u00eenements complets du corps en home gym comme en [&hellip;]<\/p>\n","protected":false},"featured_media":10999,"template":"","meta":{"_acf_changed":false},"product_brand":[56],"product_cat":[833],"product_tag":[857],"class_list":{"0":"post-27653","1":"product","2":"type-product","3":"status-publish","4":"has-post-thumbnail","6":"product_brand-gym-factory","7":"product_cat-racks-de-musculation","8":"product_tag-couleur-metal-uniquement","10":"first","11":"onbackorder","12":"taxable","13":"shipping-taxable","14":"purchasable","15":"product-type-variable","16":"has-default-attributes"},"acf":[],"yoast_head":"<!-- This site is optimized with the Yoast SEO plugin v25.2 - https:\/\/yoast.com\/wordpress\/plugins\/seo\/ -->\n<title>Rack T2 Crossfit \u2013 Rack d\u2019Entra\u00eenement Haute Performance<\/title>\n<meta name=\"description\" content=\"Rack de CrossFit haute performance construit avec une structure en acier de qualit\u00e9. Con\u00e7u pour soutenir efficacement et en toute s\u00e9curit\u00e9 des routines d\u2019entra\u00eenement complet du corps.\" \/>\n<meta name=\"robots\" content=\"index, follow, max-snippet:-1, max-image-preview:large, max-video-preview:-1\" \/>\n<link rel=\"canonical\" href=\"https:\/\/gymfactory.eu\/fr\/produit\/rack-t2-crossfit\/\" \/>\n<meta property=\"og:locale\" content=\"fr_FR\" \/>\n<meta property=\"og:type\" content=\"article\" \/>\n<meta property=\"og:title\" content=\"Rack T2 Crossfit \u2013 Rack d\u2019Entra\u00eenement Haute Performance\" \/>\n<meta property=\"og:description\" content=\"Rack de CrossFit haute performance construit avec une structure en acier de qualit\u00e9. Con\u00e7u pour soutenir efficacement et en toute s\u00e9curit\u00e9 des routines d\u2019entra\u00eenement complet du corps.\" \/>\n<meta property=\"og:url\" content=\"https:\/\/gymfactory.eu\/fr\/produit\/rack-t2-crossfit\/\" \/>\n<meta property=\"og:site_name\" content=\"Gym Factory\" \/>\n<meta property=\"og:image\" content=\"https:\/\/gymfactory.eu\/wp-content\/uploads\/2025\/02\/workout-rack-wall-mounted.webp\" \/>\n\t<meta property=\"og:image:width\" content=\"1500\" \/>\n\t<meta property=\"og:image:height\" content=\"1500\" \/>\n\t<meta property=\"og:image:type\" content=\"image\/webp\" \/>\n<meta name=\"twitter:card\" content=\"summary_large_image\" \/>\n<meta name=\"twitter:label1\" content=\"Dur\u00e9e de lecture estim\u00e9e\" \/>\n\t<meta name=\"twitter:data1\" content=\"1 minute\" \/>\n<script type=\"application\/ld+json\" class=\"yoast-schema-graph\">{\"@context\":\"https:\/\/schema.org\",\"@graph\":[{\"@type\":\"WebPage\",\"@id\":\"https:\/\/gymfactory.eu\/fr\/produit\/rack-t2-crossfit\/\",\"url\":\"https:\/\/gymfactory.eu\/fr\/produit\/rack-t2-crossfit\/\",\"name\":\"Rack T2 Crossfit \u2013 Rack d\u2019Entra\u00eenement Haute Performance\",\"isPartOf\":{\"@id\":\"https:\/\/gymfactory.eu\/fr\/#website\"},\"primaryImageOfPage\":{\"@id\":\"https:\/\/gymfactory.eu\/fr\/produit\/rack-t2-crossfit\/#primaryimage\"},\"image\":{\"@id\":\"https:\/\/gymfactory.eu\/fr\/produit\/rack-t2-crossfit\/#primaryimage\"},\"thumbnailUrl\":\"https:\/\/gymfactory.eu\/wp-content\/uploads\/2025\/02\/workout-rack-wall-mounted.webp\",\"datePublished\":\"2025-02-13T09:43:20+00:00\",\"description\":\"Rack de CrossFit haute performance construit avec une structure en acier de qualit\u00e9. Con\u00e7u pour soutenir efficacement et en toute s\u00e9curit\u00e9 des routines d\u2019entra\u00eenement complet du corps.\",\"breadcrumb\":{\"@id\":\"https:\/\/gymfactory.eu\/fr\/produit\/rack-t2-crossfit\/#breadcrumb\"},\"inLanguage\":\"fr-FR\",\"potentialAction\":[{\"@type\":\"ReadAction\",\"target\":[\"https:\/\/gymfactory.eu\/fr\/produit\/rack-t2-crossfit\/\"]}]},{\"@type\":\"ImageObject\",\"inLanguage\":\"fr-FR\",\"@id\":\"https:\/\/gymfactory.eu\/fr\/produit\/rack-t2-crossfit\/#primaryimage\",\"url\":\"https:\/\/gymfactory.eu\/wp-content\/uploads\/2025\/02\/workout-rack-wall-mounted.webp\",\"contentUrl\":\"https:\/\/gymfactory.eu\/wp-content\/uploads\/2025\/02\/workout-rack-wall-mounted.webp\",\"width\":1500,\"height\":1500,\"caption\":\"Rack mural d\u2019entra\u00eenement avec cadre en acier noir et \u00e9chelle de traction argent\u00e9e, con\u00e7u comme un \u00e9quipement durable de renforcement musculaire pour tractions, muscle-ups et exercices en suspension.\"},{\"@type\":\"BreadcrumbList\",\"@id\":\"https:\/\/gymfactory.eu\/fr\/produit\/rack-t2-crossfit\/#breadcrumb\",\"itemListElement\":[{\"@type\":\"ListItem\",\"position\":1,\"name\":\"Home\",\"item\":\"https:\/\/gymfactory.eu\/fr\/page-principale\/\"},{\"@type\":\"ListItem\",\"position\":2,\"name\":\"Catalogue\",\"item\":\"https:\/\/gymfactory.eu\/fr\/catalogue-2\/\"},{\"@type\":\"ListItem\",\"position\":3,\"name\":\"Rack T2 Crossfit\"}]},{\"@type\":\"WebSite\",\"@id\":\"https:\/\/gymfactory.eu\/fr\/#website\",\"url\":\"https:\/\/gymfactory.eu\/fr\/\",\"name\":\"Gym Factory\",\"description\":\"\",\"publisher\":{\"@id\":\"https:\/\/gymfactory.eu\/fr\/#organization\"},\"potentialAction\":[{\"@type\":\"SearchAction\",\"target\":{\"@type\":\"EntryPoint\",\"urlTemplate\":\"https:\/\/gymfactory.eu\/fr\/?s={search_term_string}\"},\"query-input\":{\"@type\":\"PropertyValueSpecification\",\"valueRequired\":true,\"valueName\":\"search_term_string\"}}],\"inLanguage\":\"fr-FR\"},{\"@type\":\"Organization\",\"@id\":\"https:\/\/gymfactory.eu\/fr\/#organization\",\"name\":\"Gym Factory\",\"url\":\"https:\/\/gymfactory.eu\/fr\/\",\"logo\":{\"@type\":\"ImageObject\",\"inLanguage\":\"fr-FR\",\"@id\":\"https:\/\/gymfactory.eu\/fr\/#\/schema\/logo\/image\/\",\"url\":\"https:\/\/gymfactory.eu\/wp-content\/uploads\/2024\/11\/Component-1.svg\",\"contentUrl\":\"https:\/\/gymfactory.eu\/wp-content\/uploads\/2024\/11\/Component-1.svg\",\"width\":54,\"height\":44,\"caption\":\"Gym Factory\"},\"image\":{\"@id\":\"https:\/\/gymfactory.eu\/fr\/#\/schema\/logo\/image\/\"}}]}<\/script>\n<!-- \/ Yoast SEO plugin. -->","yoast_head_json":{"title":"Rack T2 Crossfit \u2013 Rack d\u2019Entra\u00eenement Haute Performance","description":"Rack de CrossFit haute performance construit avec une structure en acier de qualit\u00e9. Con\u00e7u pour soutenir efficacement et en toute s\u00e9curit\u00e9 des routines d\u2019entra\u00eenement complet du corps.","robots":{"index":"index","follow":"follow","max-snippet":"max-snippet:-1","max-image-preview":"max-image-preview:large","max-video-preview":"max-video-preview:-1"},"canonical":"https:\/\/gymfactory.eu\/fr\/produit\/rack-t2-crossfit\/","og_locale":"fr_FR","og_type":"article","og_title":"Rack T2 Crossfit \u2013 Rack d\u2019Entra\u00eenement Haute Performance","og_description":"Rack de CrossFit haute performance construit avec une structure en acier de qualit\u00e9. Con\u00e7u pour soutenir efficacement et en toute s\u00e9curit\u00e9 des routines d\u2019entra\u00eenement complet du corps.","og_url":"https:\/\/gymfactory.eu\/fr\/produit\/rack-t2-crossfit\/","og_site_name":"Gym Factory","og_image":[{"width":1500,"height":1500,"url":"https:\/\/gymfactory.eu\/wp-content\/uploads\/2025\/02\/workout-rack-wall-mounted.webp","type":"image\/webp"}],"twitter_card":"summary_large_image","twitter_misc":{"Dur\u00e9e de lecture estim\u00e9e":"1 minute"},"schema":{"@context":"https:\/\/schema.org","@graph":[{"@type":"WebPage","@id":"https:\/\/gymfactory.eu\/fr\/produit\/rack-t2-crossfit\/","url":"https:\/\/gymfactory.eu\/fr\/produit\/rack-t2-crossfit\/","name":"Rack T2 Crossfit \u2013 Rack d\u2019Entra\u00eenement Haute Performance","isPartOf":{"@id":"https:\/\/gymfactory.eu\/fr\/#website"},"primaryImageOfPage":{"@id":"https:\/\/gymfactory.eu\/fr\/produit\/rack-t2-crossfit\/#primaryimage"},"image":{"@id":"https:\/\/gymfactory.eu\/fr\/produit\/rack-t2-crossfit\/#primaryimage"},"thumbnailUrl":"https:\/\/gymfactory.eu\/wp-content\/uploads\/2025\/02\/workout-rack-wall-mounted.webp","datePublished":"2025-02-13T09:43:20+00:00","description":"Rack de CrossFit haute performance construit avec une structure en acier de qualit\u00e9. Con\u00e7u pour soutenir efficacement et en toute s\u00e9curit\u00e9 des routines d\u2019entra\u00eenement complet du corps.","breadcrumb":{"@id":"https:\/\/gymfactory.eu\/fr\/produit\/rack-t2-crossfit\/#breadcrumb"},"inLanguage":"fr-FR","potentialAction":[{"@type":"ReadAction","target":["https:\/\/gymfactory.eu\/fr\/produit\/rack-t2-crossfit\/"]}]},{"@type":"ImageObject","inLanguage":"fr-FR","@id":"https:\/\/gymfactory.eu\/fr\/produit\/rack-t2-crossfit\/#primaryimage","url":"https:\/\/gymfactory.eu\/wp-content\/uploads\/2025\/02\/workout-rack-wall-mounted.webp","contentUrl":"https:\/\/gymfactory.eu\/wp-content\/uploads\/2025\/02\/workout-rack-wall-mounted.webp","width":1500,"height":1500,"caption":"Rack mural d\u2019entra\u00eenement avec cadre en acier noir et \u00e9chelle de traction argent\u00e9e, con\u00e7u comme un \u00e9quipement durable de renforcement musculaire pour tractions, muscle-ups et exercices en suspension."},{"@type":"BreadcrumbList","@id":"https:\/\/gymfactory.eu\/fr\/produit\/rack-t2-crossfit\/#breadcrumb","itemListElement":[{"@type":"ListItem","position":1,"name":"Home","item":"https:\/\/gymfactory.eu\/fr\/page-principale\/"},{"@type":"ListItem","position":2,"name":"Catalogue","item":"https:\/\/gymfactory.eu\/fr\/catalogue-2\/"},{"@type":"ListItem","position":3,"name":"Rack T2 Crossfit"}]},{"@type":"WebSite","@id":"https:\/\/gymfactory.eu\/fr\/#website","url":"https:\/\/gymfactory.eu\/fr\/","name":"Gym Factory","description":"","publisher":{"@id":"https:\/\/gymfactory.eu\/fr\/#organization"},"potentialAction":[{"@type":"SearchAction","target":{"@type":"EntryPoint","urlTemplate":"https:\/\/gymfactory.eu\/fr\/?s={search_term_string}"},"query-input":{"@type":"PropertyValueSpecification","valueRequired":true,"valueName":"search_term_string"}}],"inLanguage":"fr-FR"},{"@type":"Organization","@id":"https:\/\/gymfactory.eu\/fr\/#organization","name":"Gym Factory","url":"https:\/\/gymfactory.eu\/fr\/","logo":{"@type":"ImageObject","inLanguage":"fr-FR","@id":"https:\/\/gymfactory.eu\/fr\/#\/schema\/logo\/image\/","url":"https:\/\/gymfactory.eu\/wp-content\/uploads\/2024\/11\/Component-1.svg","contentUrl":"https:\/\/gymfactory.eu\/wp-content\/uploads\/2024\/11\/Component-1.svg","width":54,"height":44,"caption":"Gym Factory"},"image":{"@id":"https:\/\/gymfactory.eu\/fr\/#\/schema\/logo\/image\/"}}]}},"_links":{"self":[{"href":"https:\/\/gymfactory.eu\/fr\/wp-json\/wp\/v2\/product\/27653","targetHints":{"allow":["GET"]}}],"collection":[{"href":"https:\/\/gymfactory.eu\/fr\/wp-json\/wp\/v2\/product"}],"about":[{"href":"https:\/\/gymfactory.eu\/fr\/wp-json\/wp\/v2\/types\/product"}],"wp:featuredmedia":[{"embeddable":true,"href":"https:\/\/gymfactory.eu\/fr\/wp-json\/wp\/v2\/media\/10999"}],"wp:attachment":[{"href":"https:\/\/gymfactory.eu\/fr\/wp-json\/wp\/v2\/media?parent=27653"}],"wp:term":[{"taxonomy":"product_brand","embeddable":true,"href":"https:\/\/gymfactory.eu\/fr\/wp-json\/wp\/v2\/product_brand?post=27653"},{"taxonomy":"product_cat","embeddable":true,"href":"https:\/\/gymfactory.eu\/fr\/wp-json\/wp\/v2\/product_cat?post=27653"},{"taxonomy":"product_tag","embeddable":true,"href":"https:\/\/gymfactory.eu\/fr\/wp-json\/wp\/v2\/product_tag?post=27653"}],"curies":[{"name":"wp","href":"https:\/\/api.w.org\/{rel}","templated":true}]}}