{"id":26464,"date":"2025-02-13T09:15:19","date_gmt":"2025-02-13T07:15:19","guid":{"rendered":"https:\/\/gymfactory.eu\/product\/rack-dentrainement-b8\/"},"modified":"2025-02-13T09:15:19","modified_gmt":"2025-02-13T07:15:19","slug":"rack-dentrainement-b8","status":"publish","type":"product","link":"https:\/\/gymfactory.eu\/fr\/produit\/rack-dentrainement-b8\/","title":{"rendered":"Rack d\u2019Entra\u00eenement B8"},"content":{"rendered":"<p>Le Rack d\u2019Entra\u00eenement B8 est un rack peu encombrant con\u00e7u pour l\u2019entra\u00eenement \u00e0 la barre et au poids du corps. Adapt\u00e9 au fitness \u00e0 domicile ou \u00e0 une utilisation commerciale, c\u2019est un \u00e9quipement durable pour la musculation, prenant en charge une vari\u00e9t\u00e9 d\u2019exercices pour les jambes et de mouvements pour le haut du corps. <\/p>\n<p>Le rack comprend deux supports de barre (J-cups) pour le placement de la barre ainsi que deux bras de s\u00e9curit\u00e9 (spotter arms) pour une protection suppl\u00e9mentaire lors de levages plus lourds ou d\u2019entra\u00eenements sans partenaire. Les J-cups comme les bras de s\u00e9curit\u00e9 peuvent \u00eatre repositionn\u00e9s \u00e0 diff\u00e9rentes hauteurs gr\u00e2ce au syst\u00e8me de perforations des montants, permettant un r\u00e9glage ad\u00e9quat pour divers exercices. <\/p>\n<p>Une barre de traction int\u00e9gr\u00e9e permet le travail au poids du corps, tandis que de multiples points d\u2019ancrage sur le cadre permettent de fixer des bandes de r\u00e9sistance pour ajouter de la r\u00e9sistance ou de l\u2019assistance pendant l\u2019entra\u00eenement.<\/p>\n<p>Pour am\u00e9liorer votre configuration, pensez \u00e0 ajouter des accessoires compatibles tels que<br \/>\n<a href=\"https:\/\/gymfactory.eu\/product\/z03g1-olympic-barbell\/\" target=\"_blank\" rel=\"noopener\">la Barre Olympique Z03G1<\/a>, <a href=\"https:\/\/gymfactory.eu\/product\/z03g-olympic-barbell\/\" target=\"_blank\" rel=\"noopener\">la Barre Olympique Z03G<\/a>, <a href=\"https:\/\/gymfactory.eu\/product\/z17p-step-up-platform\/\" target=\"_blank\" rel=\"noopener\">la Plateforme Step-Up Z17P<\/a>,<br \/>\n<a href=\"https:\/\/gymfactory.eu\/product\/z17sx-monolift-lock\/\" target=\"_blank\" rel=\"noopener\">le Verrou Monolift Z17SX<\/a>, <a href=\"https:\/\/gymfactory.eu\/product\/z17t-landmine\/\" target=\"_blank\" rel=\"noopener\">l\u2019Attache T-Bar Z17T<\/a>, <a href=\"https:\/\/gymfactory.eu\/product\/z20-jammer-arms\/\" target=\"_blank\" rel=\"noopener\">les Bras de Levier Z20<\/a> (Jammer Arms) ou l<a href=\"https:\/\/gymfactory.eu\/product\/z17l-dip\/\" target=\"_blank\" rel=\"noopener\">\u2019Attache pour Dips Z17L<\/a>. Un banc comme le <a href=\"https:\/\/gymfactory.eu\/product\/j2-adjustable-bench\/\" target=\"_blank\" rel=\"noopener\">Banc R\u00e9glable J2<\/a> ou le<a href=\"https:\/\/gymfactory.eu\/product\/j3-adjustable-bench\/\" target=\"_blank\" rel=\"noopener\"> Banc R\u00e9glable J3<\/a> est \u00e9galement un ajout pr\u00e9cieux pour plus d\u2019options d\u2019entra\u00eenement.<\/p>\n\n    <div class=\"xs_social_share_widget xs_share_url after_content \t\tmain_content  wslu-style-1 wslu-share-box-shaped wslu-fill-colored wslu-none wslu-share-horizontal wslu-theme-font-no wslu-main_content\">\n\n\t\t\n        <ul>\n\t\t\t        <\/ul>\n    <\/div> \n","protected":false},"excerpt":{"rendered":"<p>Le Rack d\u2019Entra\u00eenement B8 est un rack peu encombrant con\u00e7u pour l\u2019entra\u00eenement \u00e0 la barre et au poids du corps. Adapt\u00e9 au fitness \u00e0 domicile ou \u00e0 une utilisation commerciale, c\u2019est un \u00e9quipement durable pour la musculation, prenant en charge une vari\u00e9t\u00e9 d\u2019exercices pour les jambes et de mouvements pour le haut du corps. Le [&hellip;]<\/p>\n","protected":false},"featured_media":11182,"template":"","meta":{"_acf_changed":false},"product_brand":[56],"product_cat":[833],"product_tag":[857],"class_list":{"0":"post-26464","1":"product","2":"type-product","3":"status-publish","4":"has-post-thumbnail","6":"product_brand-gym-factory","7":"product_cat-racks-de-musculation","8":"product_tag-couleur-metal-uniquement","10":"first","11":"onbackorder","12":"taxable","13":"shipping-taxable","14":"purchasable","15":"product-type-variable","16":"has-default-attributes"},"acf":[],"yoast_head":"<!-- This site is optimized with the Yoast SEO plugin v25.2 - https:\/\/yoast.com\/wordpress\/plugins\/seo\/ -->\n<title>Rack d\u2019Entra\u00eenement B8 pour Exercices de Force &amp; Puissance<\/title>\n<meta name=\"description\" content=\"Besoin d\u2019un rack polyvalent pour un entra\u00eenement intense ? Le Rack d\u2019Entra\u00eenement B8 soutient les exercices de force et de puissance avec stabilit\u00e9 pour les installations domestiques ou commerciales.\" \/>\n<meta name=\"robots\" content=\"index, follow, max-snippet:-1, max-image-preview:large, max-video-preview:-1\" \/>\n<link rel=\"canonical\" href=\"https:\/\/gymfactory.eu\/fr\/produit\/rack-dentrainement-b8\/\" \/>\n<meta property=\"og:locale\" content=\"fr_FR\" \/>\n<meta property=\"og:type\" content=\"article\" \/>\n<meta property=\"og:title\" content=\"Rack d\u2019Entra\u00eenement B8 pour Exercices de Force &amp; Puissance\" \/>\n<meta property=\"og:description\" content=\"Besoin d\u2019un rack polyvalent pour un entra\u00eenement intense ? Le Rack d\u2019Entra\u00eenement B8 soutient les exercices de force et de puissance avec stabilit\u00e9 pour les installations domestiques ou commerciales.\" \/>\n<meta property=\"og:url\" content=\"https:\/\/gymfactory.eu\/fr\/produit\/rack-dentrainement-b8\/\" \/>\n<meta property=\"og:site_name\" content=\"Gym Factory\" \/>\n<meta property=\"og:image\" content=\"https:\/\/gymfactory.eu\/wp-content\/uploads\/2025\/02\/power-rack-black-frame-best-squat-rack.webp\" \/>\n\t<meta property=\"og:image:width\" content=\"1500\" \/>\n\t<meta property=\"og:image:height\" content=\"1500\" \/>\n\t<meta property=\"og:image:type\" content=\"image\/webp\" \/>\n<meta name=\"twitter:card\" content=\"summary_large_image\" \/>\n<meta name=\"twitter:label1\" content=\"Dur\u00e9e de lecture estim\u00e9e\" \/>\n\t<meta name=\"twitter:data1\" content=\"1 minute\" \/>\n<script type=\"application\/ld+json\" class=\"yoast-schema-graph\">{\"@context\":\"https:\/\/schema.org\",\"@graph\":[{\"@type\":\"WebPage\",\"@id\":\"https:\/\/gymfactory.eu\/fr\/produit\/rack-dentrainement-b8\/\",\"url\":\"https:\/\/gymfactory.eu\/fr\/produit\/rack-dentrainement-b8\/\",\"name\":\"Rack d\u2019Entra\u00eenement B8 pour Exercices de Force & Puissance\",\"isPartOf\":{\"@id\":\"https:\/\/gymfactory.eu\/fr\/#website\"},\"primaryImageOfPage\":{\"@id\":\"https:\/\/gymfactory.eu\/fr\/produit\/rack-dentrainement-b8\/#primaryimage\"},\"image\":{\"@id\":\"https:\/\/gymfactory.eu\/fr\/produit\/rack-dentrainement-b8\/#primaryimage\"},\"thumbnailUrl\":\"https:\/\/gymfactory.eu\/wp-content\/uploads\/2025\/02\/power-rack-black-frame-best-squat-rack.webp\",\"datePublished\":\"2025-02-13T07:15:19+00:00\",\"description\":\"Besoin d\u2019un rack polyvalent pour un entra\u00eenement intense ? Le Rack d\u2019Entra\u00eenement B8 soutient les exercices de force et de puissance avec stabilit\u00e9 pour les installations domestiques ou commerciales.\",\"breadcrumb\":{\"@id\":\"https:\/\/gymfactory.eu\/fr\/produit\/rack-dentrainement-b8\/#breadcrumb\"},\"inLanguage\":\"fr-FR\",\"potentialAction\":[{\"@type\":\"ReadAction\",\"target\":[\"https:\/\/gymfactory.eu\/fr\/produit\/rack-dentrainement-b8\/\"]}]},{\"@type\":\"ImageObject\",\"inLanguage\":\"fr-FR\",\"@id\":\"https:\/\/gymfactory.eu\/fr\/produit\/rack-dentrainement-b8\/#primaryimage\",\"url\":\"https:\/\/gymfactory.eu\/wp-content\/uploads\/2025\/02\/power-rack-black-frame-best-squat-rack.webp\",\"contentUrl\":\"https:\/\/gymfactory.eu\/wp-content\/uploads\/2025\/02\/power-rack-black-frame-best-squat-rack.webp\",\"width\":1500,\"height\":1500,\"caption\":\"Vue compl\u00e8te d\u2019un power rack noir con\u00e7u pour la musculation, dot\u00e9 de barres de s\u00e9curit\u00e9 r\u00e9glables, de rangements pour disques de poids et d\u2019une barre de traction multi-prises, ce qui en fait le meilleur choix de rack \u00e0 squat.\"},{\"@type\":\"BreadcrumbList\",\"@id\":\"https:\/\/gymfactory.eu\/fr\/produit\/rack-dentrainement-b8\/#breadcrumb\",\"itemListElement\":[{\"@type\":\"ListItem\",\"position\":1,\"name\":\"Home\",\"item\":\"https:\/\/gymfactory.eu\/fr\/\"},{\"@type\":\"ListItem\",\"position\":2,\"name\":\"Catalogue\",\"item\":\"https:\/\/gymfactory.eu\/fr\/catalogue-2\/\"},{\"@type\":\"ListItem\",\"position\":3,\"name\":\"Rack d\u2019Entra\u00eenement B8\"}]},{\"@type\":\"WebSite\",\"@id\":\"https:\/\/gymfactory.eu\/fr\/#website\",\"url\":\"https:\/\/gymfactory.eu\/fr\/\",\"name\":\"Gym Factory\",\"description\":\"\",\"publisher\":{\"@id\":\"https:\/\/gymfactory.eu\/fr\/#organization\"},\"potentialAction\":[{\"@type\":\"SearchAction\",\"target\":{\"@type\":\"EntryPoint\",\"urlTemplate\":\"https:\/\/gymfactory.eu\/fr\/?s={search_term_string}\"},\"query-input\":{\"@type\":\"PropertyValueSpecification\",\"valueRequired\":true,\"valueName\":\"search_term_string\"}}],\"inLanguage\":\"fr-FR\"},{\"@type\":\"Organization\",\"@id\":\"https:\/\/gymfactory.eu\/fr\/#organization\",\"name\":\"Gym Factory\",\"url\":\"https:\/\/gymfactory.eu\/fr\/\",\"logo\":{\"@type\":\"ImageObject\",\"inLanguage\":\"fr-FR\",\"@id\":\"https:\/\/gymfactory.eu\/fr\/#\/schema\/logo\/image\/\",\"url\":\"https:\/\/gymfactory.eu\/wp-content\/uploads\/2024\/11\/Component-1.svg\",\"contentUrl\":\"https:\/\/gymfactory.eu\/wp-content\/uploads\/2024\/11\/Component-1.svg\",\"width\":54,\"height\":44,\"caption\":\"Gym Factory\"},\"image\":{\"@id\":\"https:\/\/gymfactory.eu\/fr\/#\/schema\/logo\/image\/\"}}]}<\/script>\n<!-- \/ Yoast SEO plugin. -->","yoast_head_json":{"title":"Rack d\u2019Entra\u00eenement B8 pour Exercices de Force & Puissance","description":"Besoin d\u2019un rack polyvalent pour un entra\u00eenement intense ? Le Rack d\u2019Entra\u00eenement B8 soutient les exercices de force et de puissance avec stabilit\u00e9 pour les installations domestiques ou commerciales.","robots":{"index":"index","follow":"follow","max-snippet":"max-snippet:-1","max-image-preview":"max-image-preview:large","max-video-preview":"max-video-preview:-1"},"canonical":"https:\/\/gymfactory.eu\/fr\/produit\/rack-dentrainement-b8\/","og_locale":"fr_FR","og_type":"article","og_title":"Rack d\u2019Entra\u00eenement B8 pour Exercices de Force & Puissance","og_description":"Besoin d\u2019un rack polyvalent pour un entra\u00eenement intense ? Le Rack d\u2019Entra\u00eenement B8 soutient les exercices de force et de puissance avec stabilit\u00e9 pour les installations domestiques ou commerciales.","og_url":"https:\/\/gymfactory.eu\/fr\/produit\/rack-dentrainement-b8\/","og_site_name":"Gym Factory","og_image":[{"width":1500,"height":1500,"url":"https:\/\/gymfactory.eu\/wp-content\/uploads\/2025\/02\/power-rack-black-frame-best-squat-rack.webp","type":"image\/webp"}],"twitter_card":"summary_large_image","twitter_misc":{"Dur\u00e9e de lecture estim\u00e9e":"1 minute"},"schema":{"@context":"https:\/\/schema.org","@graph":[{"@type":"WebPage","@id":"https:\/\/gymfactory.eu\/fr\/produit\/rack-dentrainement-b8\/","url":"https:\/\/gymfactory.eu\/fr\/produit\/rack-dentrainement-b8\/","name":"Rack d\u2019Entra\u00eenement B8 pour Exercices de Force & Puissance","isPartOf":{"@id":"https:\/\/gymfactory.eu\/fr\/#website"},"primaryImageOfPage":{"@id":"https:\/\/gymfactory.eu\/fr\/produit\/rack-dentrainement-b8\/#primaryimage"},"image":{"@id":"https:\/\/gymfactory.eu\/fr\/produit\/rack-dentrainement-b8\/#primaryimage"},"thumbnailUrl":"https:\/\/gymfactory.eu\/wp-content\/uploads\/2025\/02\/power-rack-black-frame-best-squat-rack.webp","datePublished":"2025-02-13T07:15:19+00:00","description":"Besoin d\u2019un rack polyvalent pour un entra\u00eenement intense ? Le Rack d\u2019Entra\u00eenement B8 soutient les exercices de force et de puissance avec stabilit\u00e9 pour les installations domestiques ou commerciales.","breadcrumb":{"@id":"https:\/\/gymfactory.eu\/fr\/produit\/rack-dentrainement-b8\/#breadcrumb"},"inLanguage":"fr-FR","potentialAction":[{"@type":"ReadAction","target":["https:\/\/gymfactory.eu\/fr\/produit\/rack-dentrainement-b8\/"]}]},{"@type":"ImageObject","inLanguage":"fr-FR","@id":"https:\/\/gymfactory.eu\/fr\/produit\/rack-dentrainement-b8\/#primaryimage","url":"https:\/\/gymfactory.eu\/wp-content\/uploads\/2025\/02\/power-rack-black-frame-best-squat-rack.webp","contentUrl":"https:\/\/gymfactory.eu\/wp-content\/uploads\/2025\/02\/power-rack-black-frame-best-squat-rack.webp","width":1500,"height":1500,"caption":"Vue compl\u00e8te d\u2019un power rack noir con\u00e7u pour la musculation, dot\u00e9 de barres de s\u00e9curit\u00e9 r\u00e9glables, de rangements pour disques de poids et d\u2019une barre de traction multi-prises, ce qui en fait le meilleur choix de rack \u00e0 squat."},{"@type":"BreadcrumbList","@id":"https:\/\/gymfactory.eu\/fr\/produit\/rack-dentrainement-b8\/#breadcrumb","itemListElement":[{"@type":"ListItem","position":1,"name":"Home","item":"https:\/\/gymfactory.eu\/fr\/"},{"@type":"ListItem","position":2,"name":"Catalogue","item":"https:\/\/gymfactory.eu\/fr\/catalogue-2\/"},{"@type":"ListItem","position":3,"name":"Rack d\u2019Entra\u00eenement B8"}]},{"@type":"WebSite","@id":"https:\/\/gymfactory.eu\/fr\/#website","url":"https:\/\/gymfactory.eu\/fr\/","name":"Gym Factory","description":"","publisher":{"@id":"https:\/\/gymfactory.eu\/fr\/#organization"},"potentialAction":[{"@type":"SearchAction","target":{"@type":"EntryPoint","urlTemplate":"https:\/\/gymfactory.eu\/fr\/?s={search_term_string}"},"query-input":{"@type":"PropertyValueSpecification","valueRequired":true,"valueName":"search_term_string"}}],"inLanguage":"fr-FR"},{"@type":"Organization","@id":"https:\/\/gymfactory.eu\/fr\/#organization","name":"Gym Factory","url":"https:\/\/gymfactory.eu\/fr\/","logo":{"@type":"ImageObject","inLanguage":"fr-FR","@id":"https:\/\/gymfactory.eu\/fr\/#\/schema\/logo\/image\/","url":"https:\/\/gymfactory.eu\/wp-content\/uploads\/2024\/11\/Component-1.svg","contentUrl":"https:\/\/gymfactory.eu\/wp-content\/uploads\/2024\/11\/Component-1.svg","width":54,"height":44,"caption":"Gym Factory"},"image":{"@id":"https:\/\/gymfactory.eu\/fr\/#\/schema\/logo\/image\/"}}]}},"_links":{"self":[{"href":"https:\/\/gymfactory.eu\/fr\/wp-json\/wp\/v2\/product\/26464","targetHints":{"allow":["GET"]}}],"collection":[{"href":"https:\/\/gymfactory.eu\/fr\/wp-json\/wp\/v2\/product"}],"about":[{"href":"https:\/\/gymfactory.eu\/fr\/wp-json\/wp\/v2\/types\/product"}],"wp:featuredmedia":[{"embeddable":true,"href":"https:\/\/gymfactory.eu\/fr\/wp-json\/wp\/v2\/media\/11182"}],"wp:attachment":[{"href":"https:\/\/gymfactory.eu\/fr\/wp-json\/wp\/v2\/media?parent=26464"}],"wp:term":[{"taxonomy":"product_brand","embeddable":true,"href":"https:\/\/gymfactory.eu\/fr\/wp-json\/wp\/v2\/product_brand?post=26464"},{"taxonomy":"product_cat","embeddable":true,"href":"https:\/\/gymfactory.eu\/fr\/wp-json\/wp\/v2\/product_cat?post=26464"},{"taxonomy":"product_tag","embeddable":true,"href":"https:\/\/gymfactory.eu\/fr\/wp-json\/wp\/v2\/product_tag?post=26464"}],"curies":[{"name":"wp","href":"https:\/\/api.w.org\/{rel}","templated":true}]}}