{"id":26461,"date":"2025-02-12T15:52:56","date_gmt":"2025-02-12T13:52:56","guid":{"rendered":"https:\/\/gymfactory.eu\/product\/le-power-rack-b7\/"},"modified":"2025-02-12T15:52:56","modified_gmt":"2025-02-12T13:52:56","slug":"le-power-rack-b7","status":"publish","type":"product","link":"https:\/\/gymfactory.eu\/fr\/produit\/le-power-rack-b7\/","title":{"rendered":"Le Power Rack B7"},"content":{"rendered":"<p>Le Power Rack B7 est une cage de musculation solide, con\u00e7ue pour l\u2019entra\u00eenement \u00e0 la barre dans tout espace d\u2019entra\u00eenement, en home gym comme en salle commerciale. Pens\u00e9 pour couvrir un large \u00e9ventail d\u2019exercices jambes et mouvements du haut du corps, il r\u00e9unit s\u00e9curit\u00e9, r\u00e9glages et \u00e9volutivit\u00e9 dans une unit\u00e9 compacte. <\/p>\n<p>Le rack comprend deux supports de barre (J-cups) pour le placement de la barre ainsi que deux barres de s\u00e9curit\u00e9 afin de prot\u00e9ger l\u2019utilisateur lors des charges lourdes ou en cas d\u2019\u00e9chec. Les J-cups et les barres de s\u00e9curit\u00e9 se montent \u00e0 diff\u00e9rentes hauteurs gr\u00e2ce au syst\u00e8me de perforations des montants. Une barre de traction est int\u00e9gr\u00e9e en partie haute, et des plots pour bandes de r\u00e9sistance sont inclus afin de r\u00e9aliser des variantes avec charge \u00e9lastique (band-loaded) ou assist\u00e9es. <\/p>\n<p>Le Power Rack B7 fournit une base stable pour le travail \u00e0 la barre, avec plusieurs options d\u2019am\u00e9lioration pour s\u2019adapter \u00e0 diff\u00e9rents besoins d\u2019entra\u00eenement.<\/p>\n<p>Pour compl\u00e9ter votre setup, vous pouvez ajouter des accessoires compatibles tels que :<br \/>\n<a href=\"https:\/\/gymfactory.eu\/product\/z03g1-olympic-barbell\/\" target=\"_blank\" rel=\"noopener\">Z03G1 Olympic Barbell<\/a>, <a href=\"https:\/\/gymfactory.eu\/product\/z03g-olympic-barbell\/\" target=\"_blank\" rel=\"noopener\">Z03G Olympic Barbell<\/a>, <a href=\"https:\/\/gymfactory.eu\/product\/z17p-step-up-platform\/\" target=\"_blank\" rel=\"noopener\">Z17P Step-Up Platform<\/a>,<br \/>\n<a href=\"https:\/\/gymfactory.eu\/product\/z17sx-monolift-lock\/\" target=\"_blank\" rel=\"noopener\">Z17SX Monolift Lock<\/a>, <a href=\"https:\/\/gymfactory.eu\/product\/z17t-landmine\/\" target=\"_blank\" rel=\"noopener\">Z17T T-Bar Attachment<\/a>, <a href=\"https:\/\/gymfactory.eu\/product\/z17l-dip\/\" target=\"_blank\" rel=\"noopener\">Z17L Dip Attachment<\/a> ou <a href=\"https:\/\/gymfactory.eu\/product\/z20-jammer-arms\/\" target=\"_blank\" rel=\"noopener\">Z20 Jammer Arms<\/a>. Pour les exercices avec banc, les bancs r\u00e9glables <a href=\"https:\/\/gymfactory.eu\/product\/j2-adjustable-bench\/\" target=\"_blank\" rel=\"noopener\">J2 Adjustable Bench<\/a> ou <a href=\"https:\/\/gymfactory.eu\/product\/j3-adjustable-bench\/\" target=\"_blank\" rel=\"noopener\">J3 Adjustable Bench<\/a> sont d\u2019excellents compl\u00e9ments.<\/p>\n\n    <div class=\"xs_social_share_widget xs_share_url after_content \t\tmain_content  wslu-style-1 wslu-share-box-shaped wslu-fill-colored wslu-none wslu-share-horizontal wslu-theme-font-no wslu-main_content\">\n\n\t\t\n        <ul>\n\t\t\t        <\/ul>\n    <\/div> \n","protected":false},"excerpt":{"rendered":"<p>Le Power Rack B7 est une cage de musculation solide, con\u00e7ue pour l\u2019entra\u00eenement \u00e0 la barre dans tout espace d\u2019entra\u00eenement, en home gym comme en salle commerciale. Pens\u00e9 pour couvrir un large \u00e9ventail d\u2019exercices jambes et mouvements du haut du corps, il r\u00e9unit s\u00e9curit\u00e9, r\u00e9glages et \u00e9volutivit\u00e9 dans une unit\u00e9 compacte. Le rack comprend deux [&hellip;]<\/p>\n","protected":false},"featured_media":11177,"template":"","meta":{"_acf_changed":false},"product_brand":[56],"product_cat":[833],"product_tag":[857],"class_list":{"0":"post-26461","1":"product","2":"type-product","3":"status-publish","4":"has-post-thumbnail","6":"product_brand-gym-factory","7":"product_cat-racks-de-musculation","8":"product_tag-couleur-metal-uniquement","10":"first","11":"onbackorder","12":"taxable","13":"shipping-taxable","14":"purchasable","15":"product-type-variable","16":"has-default-attributes"},"acf":[],"yoast_head":"<!-- This site is optimized with the Yoast SEO plugin v25.2 - https:\/\/yoast.com\/wordpress\/plugins\/seo\/ -->\n<title>B7 Power Rack | \u00c9quipement de Musculation pour l\u2019Entra\u00eenement de Force<\/title>\n<meta name=\"description\" content=\"Vous cherchez un \u00e9quipement fiable ? Le Power Rack B7 est con\u00e7u pour l\u2019entra\u00eenement complet de la force, offrant s\u00e9curit\u00e9 et stabilit\u00e9 dans toute configuration de salle.\" \/>\n<meta name=\"robots\" content=\"index, follow, max-snippet:-1, max-image-preview:large, max-video-preview:-1\" \/>\n<link rel=\"canonical\" href=\"https:\/\/gymfactory.eu\/fr\/produit\/le-power-rack-b7\/\" \/>\n<meta property=\"og:locale\" content=\"fr_FR\" \/>\n<meta property=\"og:type\" content=\"article\" \/>\n<meta property=\"og:title\" content=\"B7 Power Rack | \u00c9quipement de Musculation pour l\u2019Entra\u00eenement de Force\" \/>\n<meta property=\"og:description\" content=\"Vous cherchez un \u00e9quipement fiable ? Le Power Rack B7 est con\u00e7u pour l\u2019entra\u00eenement complet de la force, offrant s\u00e9curit\u00e9 et stabilit\u00e9 dans toute configuration de salle.\" \/>\n<meta property=\"og:url\" content=\"https:\/\/gymfactory.eu\/fr\/produit\/le-power-rack-b7\/\" \/>\n<meta property=\"og:site_name\" content=\"Gym Factory\" \/>\n<meta property=\"og:image\" content=\"https:\/\/gymfactory.eu\/wp-content\/uploads\/2025\/02\/power-rack-yellow-best-squat-rack-1.webp\" \/>\n\t<meta property=\"og:image:width\" content=\"1500\" \/>\n\t<meta property=\"og:image:height\" content=\"1500\" \/>\n\t<meta property=\"og:image:type\" content=\"image\/webp\" \/>\n<meta name=\"twitter:card\" content=\"summary_large_image\" \/>\n<meta name=\"twitter:label1\" content=\"Dur\u00e9e de lecture estim\u00e9e\" \/>\n\t<meta name=\"twitter:data1\" content=\"1 minute\" \/>\n<script type=\"application\/ld+json\" class=\"yoast-schema-graph\">{\"@context\":\"https:\/\/schema.org\",\"@graph\":[{\"@type\":\"WebPage\",\"@id\":\"https:\/\/gymfactory.eu\/fr\/produit\/le-power-rack-b7\/\",\"url\":\"https:\/\/gymfactory.eu\/fr\/produit\/le-power-rack-b7\/\",\"name\":\"B7 Power Rack | \u00c9quipement de Musculation pour l\u2019Entra\u00eenement de Force\",\"isPartOf\":{\"@id\":\"https:\/\/gymfactory.eu\/fr\/#website\"},\"primaryImageOfPage\":{\"@id\":\"https:\/\/gymfactory.eu\/fr\/produit\/le-power-rack-b7\/#primaryimage\"},\"image\":{\"@id\":\"https:\/\/gymfactory.eu\/fr\/produit\/le-power-rack-b7\/#primaryimage\"},\"thumbnailUrl\":\"https:\/\/gymfactory.eu\/wp-content\/uploads\/2025\/02\/power-rack-yellow-best-squat-rack-1.webp\",\"datePublished\":\"2025-02-12T13:52:56+00:00\",\"description\":\"Vous cherchez un \u00e9quipement fiable ? Le Power Rack B7 est con\u00e7u pour l\u2019entra\u00eenement complet de la force, offrant s\u00e9curit\u00e9 et stabilit\u00e9 dans toute configuration de salle.\",\"breadcrumb\":{\"@id\":\"https:\/\/gymfactory.eu\/fr\/produit\/le-power-rack-b7\/#breadcrumb\"},\"inLanguage\":\"fr-FR\",\"potentialAction\":[{\"@type\":\"ReadAction\",\"target\":[\"https:\/\/gymfactory.eu\/fr\/produit\/le-power-rack-b7\/\"]}]},{\"@type\":\"ImageObject\",\"inLanguage\":\"fr-FR\",\"@id\":\"https:\/\/gymfactory.eu\/fr\/produit\/le-power-rack-b7\/#primaryimage\",\"url\":\"https:\/\/gymfactory.eu\/wp-content\/uploads\/2025\/02\/power-rack-yellow-best-squat-rack-1.webp\",\"contentUrl\":\"https:\/\/gymfactory.eu\/wp-content\/uploads\/2025\/02\/power-rack-yellow-best-squat-rack-1.webp\",\"width\":1500,\"height\":1500,\"caption\":\"Meilleur rack \u00e0 squat avec une cage de puissance en acier jaune vif et une barre de traction int\u00e9gr\u00e9e. Le rack offre de multiples r\u00e9glages en hauteur, des crochets en J (J-hooks), des barres de s\u00e9curit\u00e9 et une structure renforc\u00e9e, id\u00e9ale pour le levage de charges lourdes et les exercices de musculation.\"},{\"@type\":\"BreadcrumbList\",\"@id\":\"https:\/\/gymfactory.eu\/fr\/produit\/le-power-rack-b7\/#breadcrumb\",\"itemListElement\":[{\"@type\":\"ListItem\",\"position\":1,\"name\":\"Home\",\"item\":\"https:\/\/gymfactory.eu\/fr\/\"},{\"@type\":\"ListItem\",\"position\":2,\"name\":\"Catalogue\",\"item\":\"https:\/\/gymfactory.eu\/fr\/catalogue-2\/\"},{\"@type\":\"ListItem\",\"position\":3,\"name\":\"Le Power Rack B7\"}]},{\"@type\":\"WebSite\",\"@id\":\"https:\/\/gymfactory.eu\/fr\/#website\",\"url\":\"https:\/\/gymfactory.eu\/fr\/\",\"name\":\"Gym Factory\",\"description\":\"\",\"publisher\":{\"@id\":\"https:\/\/gymfactory.eu\/fr\/#organization\"},\"potentialAction\":[{\"@type\":\"SearchAction\",\"target\":{\"@type\":\"EntryPoint\",\"urlTemplate\":\"https:\/\/gymfactory.eu\/fr\/?s={search_term_string}\"},\"query-input\":{\"@type\":\"PropertyValueSpecification\",\"valueRequired\":true,\"valueName\":\"search_term_string\"}}],\"inLanguage\":\"fr-FR\"},{\"@type\":\"Organization\",\"@id\":\"https:\/\/gymfactory.eu\/fr\/#organization\",\"name\":\"Gym Factory\",\"url\":\"https:\/\/gymfactory.eu\/fr\/\",\"logo\":{\"@type\":\"ImageObject\",\"inLanguage\":\"fr-FR\",\"@id\":\"https:\/\/gymfactory.eu\/fr\/#\/schema\/logo\/image\/\",\"url\":\"https:\/\/gymfactory.eu\/wp-content\/uploads\/2024\/11\/Component-1.svg\",\"contentUrl\":\"https:\/\/gymfactory.eu\/wp-content\/uploads\/2024\/11\/Component-1.svg\",\"width\":54,\"height\":44,\"caption\":\"Gym Factory\"},\"image\":{\"@id\":\"https:\/\/gymfactory.eu\/fr\/#\/schema\/logo\/image\/\"}}]}<\/script>\n<!-- \/ Yoast SEO plugin. -->","yoast_head_json":{"title":"B7 Power Rack | \u00c9quipement de Musculation pour l\u2019Entra\u00eenement de Force","description":"Vous cherchez un \u00e9quipement fiable ? Le Power Rack B7 est con\u00e7u pour l\u2019entra\u00eenement complet de la force, offrant s\u00e9curit\u00e9 et stabilit\u00e9 dans toute configuration de salle.","robots":{"index":"index","follow":"follow","max-snippet":"max-snippet:-1","max-image-preview":"max-image-preview:large","max-video-preview":"max-video-preview:-1"},"canonical":"https:\/\/gymfactory.eu\/fr\/produit\/le-power-rack-b7\/","og_locale":"fr_FR","og_type":"article","og_title":"B7 Power Rack | \u00c9quipement de Musculation pour l\u2019Entra\u00eenement de Force","og_description":"Vous cherchez un \u00e9quipement fiable ? Le Power Rack B7 est con\u00e7u pour l\u2019entra\u00eenement complet de la force, offrant s\u00e9curit\u00e9 et stabilit\u00e9 dans toute configuration de salle.","og_url":"https:\/\/gymfactory.eu\/fr\/produit\/le-power-rack-b7\/","og_site_name":"Gym Factory","og_image":[{"width":1500,"height":1500,"url":"https:\/\/gymfactory.eu\/wp-content\/uploads\/2025\/02\/power-rack-yellow-best-squat-rack-1.webp","type":"image\/webp"}],"twitter_card":"summary_large_image","twitter_misc":{"Dur\u00e9e de lecture estim\u00e9e":"1 minute"},"schema":{"@context":"https:\/\/schema.org","@graph":[{"@type":"WebPage","@id":"https:\/\/gymfactory.eu\/fr\/produit\/le-power-rack-b7\/","url":"https:\/\/gymfactory.eu\/fr\/produit\/le-power-rack-b7\/","name":"B7 Power Rack | \u00c9quipement de Musculation pour l\u2019Entra\u00eenement de Force","isPartOf":{"@id":"https:\/\/gymfactory.eu\/fr\/#website"},"primaryImageOfPage":{"@id":"https:\/\/gymfactory.eu\/fr\/produit\/le-power-rack-b7\/#primaryimage"},"image":{"@id":"https:\/\/gymfactory.eu\/fr\/produit\/le-power-rack-b7\/#primaryimage"},"thumbnailUrl":"https:\/\/gymfactory.eu\/wp-content\/uploads\/2025\/02\/power-rack-yellow-best-squat-rack-1.webp","datePublished":"2025-02-12T13:52:56+00:00","description":"Vous cherchez un \u00e9quipement fiable ? Le Power Rack B7 est con\u00e7u pour l\u2019entra\u00eenement complet de la force, offrant s\u00e9curit\u00e9 et stabilit\u00e9 dans toute configuration de salle.","breadcrumb":{"@id":"https:\/\/gymfactory.eu\/fr\/produit\/le-power-rack-b7\/#breadcrumb"},"inLanguage":"fr-FR","potentialAction":[{"@type":"ReadAction","target":["https:\/\/gymfactory.eu\/fr\/produit\/le-power-rack-b7\/"]}]},{"@type":"ImageObject","inLanguage":"fr-FR","@id":"https:\/\/gymfactory.eu\/fr\/produit\/le-power-rack-b7\/#primaryimage","url":"https:\/\/gymfactory.eu\/wp-content\/uploads\/2025\/02\/power-rack-yellow-best-squat-rack-1.webp","contentUrl":"https:\/\/gymfactory.eu\/wp-content\/uploads\/2025\/02\/power-rack-yellow-best-squat-rack-1.webp","width":1500,"height":1500,"caption":"Meilleur rack \u00e0 squat avec une cage de puissance en acier jaune vif et une barre de traction int\u00e9gr\u00e9e. Le rack offre de multiples r\u00e9glages en hauteur, des crochets en J (J-hooks), des barres de s\u00e9curit\u00e9 et une structure renforc\u00e9e, id\u00e9ale pour le levage de charges lourdes et les exercices de musculation."},{"@type":"BreadcrumbList","@id":"https:\/\/gymfactory.eu\/fr\/produit\/le-power-rack-b7\/#breadcrumb","itemListElement":[{"@type":"ListItem","position":1,"name":"Home","item":"https:\/\/gymfactory.eu\/fr\/"},{"@type":"ListItem","position":2,"name":"Catalogue","item":"https:\/\/gymfactory.eu\/fr\/catalogue-2\/"},{"@type":"ListItem","position":3,"name":"Le Power Rack B7"}]},{"@type":"WebSite","@id":"https:\/\/gymfactory.eu\/fr\/#website","url":"https:\/\/gymfactory.eu\/fr\/","name":"Gym Factory","description":"","publisher":{"@id":"https:\/\/gymfactory.eu\/fr\/#organization"},"potentialAction":[{"@type":"SearchAction","target":{"@type":"EntryPoint","urlTemplate":"https:\/\/gymfactory.eu\/fr\/?s={search_term_string}"},"query-input":{"@type":"PropertyValueSpecification","valueRequired":true,"valueName":"search_term_string"}}],"inLanguage":"fr-FR"},{"@type":"Organization","@id":"https:\/\/gymfactory.eu\/fr\/#organization","name":"Gym Factory","url":"https:\/\/gymfactory.eu\/fr\/","logo":{"@type":"ImageObject","inLanguage":"fr-FR","@id":"https:\/\/gymfactory.eu\/fr\/#\/schema\/logo\/image\/","url":"https:\/\/gymfactory.eu\/wp-content\/uploads\/2024\/11\/Component-1.svg","contentUrl":"https:\/\/gymfactory.eu\/wp-content\/uploads\/2024\/11\/Component-1.svg","width":54,"height":44,"caption":"Gym Factory"},"image":{"@id":"https:\/\/gymfactory.eu\/fr\/#\/schema\/logo\/image\/"}}]}},"_links":{"self":[{"href":"https:\/\/gymfactory.eu\/fr\/wp-json\/wp\/v2\/product\/26461","targetHints":{"allow":["GET"]}}],"collection":[{"href":"https:\/\/gymfactory.eu\/fr\/wp-json\/wp\/v2\/product"}],"about":[{"href":"https:\/\/gymfactory.eu\/fr\/wp-json\/wp\/v2\/types\/product"}],"wp:featuredmedia":[{"embeddable":true,"href":"https:\/\/gymfactory.eu\/fr\/wp-json\/wp\/v2\/media\/11177"}],"wp:attachment":[{"href":"https:\/\/gymfactory.eu\/fr\/wp-json\/wp\/v2\/media?parent=26461"}],"wp:term":[{"taxonomy":"product_brand","embeddable":true,"href":"https:\/\/gymfactory.eu\/fr\/wp-json\/wp\/v2\/product_brand?post=26461"},{"taxonomy":"product_cat","embeddable":true,"href":"https:\/\/gymfactory.eu\/fr\/wp-json\/wp\/v2\/product_cat?post=26461"},{"taxonomy":"product_tag","embeddable":true,"href":"https:\/\/gymfactory.eu\/fr\/wp-json\/wp\/v2\/product_tag?post=26461"}],"curies":[{"name":"wp","href":"https:\/\/api.w.org\/{rel}","templated":true}]}}