{"id":26456,"date":"2025-02-12T15:43:48","date_gmt":"2025-02-12T13:43:48","guid":{"rendered":"https:\/\/gymfactory.eu\/product\/le-b6x-power-rack\/"},"modified":"2025-02-12T15:43:48","modified_gmt":"2025-02-12T13:43:48","slug":"le-b6x-power-rack","status":"publish","type":"product","link":"https:\/\/gymfactory.eu\/fr\/produit\/le-b6x-power-rack\/","title":{"rendered":"Le B6X Power Rack"},"content":{"rendered":"<p>Le B6X Power Rack est un rack de musculation robuste con\u00e7u pour un entra\u00eenement en charges libres s\u00fbr et polyvalent. Id\u00e9al comme \u00e9quipement d\u2019exercice pour la maison ou la salle de sport commerciale, il prend en charge un large \u00e9ventail de mouvements \u00e0 la barre et au poids de corps pour un entra\u00eenement complet du corps. <\/p>\n<p>Le rack comprend quatre J-cups (crochets de barre), qui peuvent \u00eatre repositionn\u00e9s \u00e0 diff\u00e9rentes hauteurs en utilisant les trous des montants, permettant une configuration rapide lors du passage d\u2019un exercice \u00e0 l\u2019autre. Deux barres de s\u00e9curit\u00e9 sont incluses pour rattraper la barre si une r\u00e9p\u00e9tition \u00e9choue, ajoutant protection et confiance lors des lev\u00e9es lourdes. Le rack dispose \u00e9galement de deux barres de traction int\u00e9gr\u00e9es pour l\u2019entra\u00eenement du haut du corps, et de goupilles suppl\u00e9mentaires pour fixer des bandes de r\u00e9sistance.  <\/p>\n<p>Le B6X Power Rack est un \u00e9quipement fiable pour la musculation qui cr\u00e9e une base stable et adaptable pour un entra\u00eenement s\u00e9rieux.<\/p>\n<p>Pour enrichir votre configuration, envisagez d\u2019ajouter des accessoires compatibles tels que<br \/>\n<a href=\"https:\/\/gymfactory.eu\/product\/z03g1-olympic-barbell\/\" target=\"_blank\" rel=\"noopener\">la Barre Olympique Z03G1<\/a>, <a href=\"https:\/\/gymfactory.eu\/product\/z03g-olympic-barbell\/\" target=\"_blank\" rel=\"noopener\">la Barre Olympique Z03G<\/a>, <a href=\"https:\/\/gymfactory.eu\/product\/z17p-step-up-platform\/\" target=\"_blank\" rel=\"noopener\">la Plateforme Step-Up Z17P<\/a>,<br \/>\n<a href=\"https:\/\/gymfactory.eu\/product\/z17sx-monolift-lock\/\" target=\"_blank\" rel=\"noopener\">le Verrouillage Monolift Z17SX<\/a>, <a href=\"https:\/\/gymfactory.eu\/product\/z17t-landmine\/\" target=\"_blank\" rel=\"noopener\">l\u2019Accessoire T-Bar Z17T<\/a>, <a href=\"https:\/\/gymfactory.eu\/product\/z17l-dip\/\" target=\"_blank\" rel=\"noopener\">la Station \u00e0 Dips Z17L<\/a> ou <a href=\"https:\/\/gymfactory.eu\/product\/z20-jammer-arms\/\" target=\"_blank\" rel=\"noopener\">les Bras de Levier (Jammer Arms) Z20<\/a>. Un banc adapt\u00e9 comme <a href=\"https:\/\/gymfactory.eu\/product\/j2-adjustable-bench\/\" target=\"_blank\" rel=\"noopener\">le Banc R\u00e9glable J2<\/a> ou <a href=\"https:\/\/gymfactory.eu\/product\/j3-adjustable-bench\/\" target=\"_blank\" rel=\"noopener\">le Banc R\u00e9glable J3<\/a> constitue \u00e9galement un excellent ajout.<\/p>\n\n    <div class=\"xs_social_share_widget xs_share_url after_content \t\tmain_content  wslu-style-1 wslu-share-box-shaped wslu-fill-colored wslu-none wslu-share-horizontal wslu-theme-font-no wslu-main_content\">\n\n\t\t\n        <ul>\n\t\t\t        <\/ul>\n    <\/div> \n","protected":false},"excerpt":{"rendered":"<p>Le B6X Power Rack est un rack de musculation robuste con\u00e7u pour un entra\u00eenement en charges libres s\u00fbr et polyvalent. Id\u00e9al comme \u00e9quipement d\u2019exercice pour la maison ou la salle de sport commerciale, il prend en charge un large \u00e9ventail de mouvements \u00e0 la barre et au poids de corps pour un entra\u00eenement complet du [&hellip;]<\/p>\n","protected":false},"featured_media":10979,"template":"","meta":{"_acf_changed":false},"product_brand":[56],"product_cat":[833],"product_tag":[857],"class_list":{"0":"post-26456","1":"product","2":"type-product","3":"status-publish","4":"has-post-thumbnail","6":"product_brand-gym-factory","7":"product_cat-racks-de-musculation","8":"product_tag-couleur-metal-uniquement","10":"first","11":"onbackorder","12":"taxable","13":"shipping-taxable","14":"purchasable","15":"product-type-variable","16":"has-default-attributes"},"acf":[],"yoast_head":"<!-- This site is optimized with the Yoast SEO plugin v25.2 - https:\/\/yoast.com\/wordpress\/plugins\/seo\/ -->\n<title>Power Rack B6X | \u00c9quipement de Musculation Corps Complet<\/title>\n<meta name=\"description\" content=\"Besoin d\u2019une seule cage pour une force totale ? Le Power Rack B6X permet un entra\u00eenement complet du corps avec stabilit\u00e9 et polyvalence pour le Home Gym ou les configurations commerciales.\" \/>\n<meta name=\"robots\" content=\"index, follow, max-snippet:-1, max-image-preview:large, max-video-preview:-1\" \/>\n<link rel=\"canonical\" href=\"https:\/\/gymfactory.eu\/fr\/produit\/le-b6x-power-rack\/\" \/>\n<meta property=\"og:locale\" content=\"fr_FR\" \/>\n<meta property=\"og:type\" content=\"article\" \/>\n<meta property=\"og:title\" content=\"Power Rack B6X | \u00c9quipement de Musculation Corps Complet\" \/>\n<meta property=\"og:description\" content=\"Besoin d\u2019une seule cage pour une force totale ? Le Power Rack B6X permet un entra\u00eenement complet du corps avec stabilit\u00e9 et polyvalence pour le Home Gym ou les configurations commerciales.\" \/>\n<meta property=\"og:url\" content=\"https:\/\/gymfactory.eu\/fr\/produit\/le-b6x-power-rack\/\" \/>\n<meta property=\"og:site_name\" content=\"Gym Factory\" \/>\n<meta property=\"og:image\" content=\"https:\/\/gymfactory.eu\/wp-content\/uploads\/2025\/02\/power-rack-full-cage-squat-rack-1.webp\" \/>\n\t<meta property=\"og:image:width\" content=\"1500\" \/>\n\t<meta property=\"og:image:height\" content=\"1500\" \/>\n\t<meta property=\"og:image:type\" content=\"image\/webp\" \/>\n<meta name=\"twitter:card\" content=\"summary_large_image\" \/>\n<meta name=\"twitter:label1\" content=\"Dur\u00e9e de lecture estim\u00e9e\" \/>\n\t<meta name=\"twitter:data1\" content=\"1 minute\" \/>\n<script type=\"application\/ld+json\" class=\"yoast-schema-graph\">{\"@context\":\"https:\/\/schema.org\",\"@graph\":[{\"@type\":\"WebPage\",\"@id\":\"https:\/\/gymfactory.eu\/fr\/produit\/le-b6x-power-rack\/\",\"url\":\"https:\/\/gymfactory.eu\/fr\/produit\/le-b6x-power-rack\/\",\"name\":\"Power Rack B6X | \u00c9quipement de Musculation Corps Complet\",\"isPartOf\":{\"@id\":\"https:\/\/gymfactory.eu\/fr\/#website\"},\"primaryImageOfPage\":{\"@id\":\"https:\/\/gymfactory.eu\/fr\/produit\/le-b6x-power-rack\/#primaryimage\"},\"image\":{\"@id\":\"https:\/\/gymfactory.eu\/fr\/produit\/le-b6x-power-rack\/#primaryimage\"},\"thumbnailUrl\":\"https:\/\/gymfactory.eu\/wp-content\/uploads\/2025\/02\/power-rack-full-cage-squat-rack-1.webp\",\"datePublished\":\"2025-02-12T13:43:48+00:00\",\"description\":\"Besoin d\u2019une seule cage pour une force totale ? Le Power Rack B6X permet un entra\u00eenement complet du corps avec stabilit\u00e9 et polyvalence pour le Home Gym ou les configurations commerciales.\",\"breadcrumb\":{\"@id\":\"https:\/\/gymfactory.eu\/fr\/produit\/le-b6x-power-rack\/#breadcrumb\"},\"inLanguage\":\"fr-FR\",\"potentialAction\":[{\"@type\":\"ReadAction\",\"target\":[\"https:\/\/gymfactory.eu\/fr\/produit\/le-b6x-power-rack\/\"]}]},{\"@type\":\"ImageObject\",\"inLanguage\":\"fr-FR\",\"@id\":\"https:\/\/gymfactory.eu\/fr\/produit\/le-b6x-power-rack\/#primaryimage\",\"url\":\"https:\/\/gymfactory.eu\/wp-content\/uploads\/2025\/02\/power-rack-full-cage-squat-rack-1.webp\",\"contentUrl\":\"https:\/\/gymfactory.eu\/wp-content\/uploads\/2025\/02\/power-rack-full-cage-squat-rack-1.webp\",\"width\":1500,\"height\":1500,\"caption\":\"Le meilleur rack \u00e0 squat est con\u00e7u sous forme de cage compl\u00e8te (power rack), offrant un environnement s\u00e9curis\u00e9 et stable pour le levage. Le cadre en acier noir dispose de multiples trous de r\u00e9glage, de barres de traction int\u00e9gr\u00e9es et d\u2019une base renforc\u00e9e pour une s\u00e9curit\u00e9 maximale pendant les entra\u00eenements.\"},{\"@type\":\"BreadcrumbList\",\"@id\":\"https:\/\/gymfactory.eu\/fr\/produit\/le-b6x-power-rack\/#breadcrumb\",\"itemListElement\":[{\"@type\":\"ListItem\",\"position\":1,\"name\":\"Home\",\"item\":\"https:\/\/gymfactory.eu\/fr\/\"},{\"@type\":\"ListItem\",\"position\":2,\"name\":\"Catalogue\",\"item\":\"https:\/\/gymfactory.eu\/fr\/catalogue-2\/\"},{\"@type\":\"ListItem\",\"position\":3,\"name\":\"Le B6X Power Rack\"}]},{\"@type\":\"WebSite\",\"@id\":\"https:\/\/gymfactory.eu\/fr\/#website\",\"url\":\"https:\/\/gymfactory.eu\/fr\/\",\"name\":\"Gym Factory\",\"description\":\"\",\"publisher\":{\"@id\":\"https:\/\/gymfactory.eu\/fr\/#organization\"},\"potentialAction\":[{\"@type\":\"SearchAction\",\"target\":{\"@type\":\"EntryPoint\",\"urlTemplate\":\"https:\/\/gymfactory.eu\/fr\/?s={search_term_string}\"},\"query-input\":{\"@type\":\"PropertyValueSpecification\",\"valueRequired\":true,\"valueName\":\"search_term_string\"}}],\"inLanguage\":\"fr-FR\"},{\"@type\":\"Organization\",\"@id\":\"https:\/\/gymfactory.eu\/fr\/#organization\",\"name\":\"Gym Factory\",\"url\":\"https:\/\/gymfactory.eu\/fr\/\",\"logo\":{\"@type\":\"ImageObject\",\"inLanguage\":\"fr-FR\",\"@id\":\"https:\/\/gymfactory.eu\/fr\/#\/schema\/logo\/image\/\",\"url\":\"https:\/\/gymfactory.eu\/wp-content\/uploads\/2024\/11\/Component-1.svg\",\"contentUrl\":\"https:\/\/gymfactory.eu\/wp-content\/uploads\/2024\/11\/Component-1.svg\",\"width\":54,\"height\":44,\"caption\":\"Gym Factory\"},\"image\":{\"@id\":\"https:\/\/gymfactory.eu\/fr\/#\/schema\/logo\/image\/\"}}]}<\/script>\n<!-- \/ Yoast SEO plugin. -->","yoast_head_json":{"title":"Power Rack B6X | \u00c9quipement de Musculation Corps Complet","description":"Besoin d\u2019une seule cage pour une force totale ? Le Power Rack B6X permet un entra\u00eenement complet du corps avec stabilit\u00e9 et polyvalence pour le Home Gym ou les configurations commerciales.","robots":{"index":"index","follow":"follow","max-snippet":"max-snippet:-1","max-image-preview":"max-image-preview:large","max-video-preview":"max-video-preview:-1"},"canonical":"https:\/\/gymfactory.eu\/fr\/produit\/le-b6x-power-rack\/","og_locale":"fr_FR","og_type":"article","og_title":"Power Rack B6X | \u00c9quipement de Musculation Corps Complet","og_description":"Besoin d\u2019une seule cage pour une force totale ? Le Power Rack B6X permet un entra\u00eenement complet du corps avec stabilit\u00e9 et polyvalence pour le Home Gym ou les configurations commerciales.","og_url":"https:\/\/gymfactory.eu\/fr\/produit\/le-b6x-power-rack\/","og_site_name":"Gym Factory","og_image":[{"width":1500,"height":1500,"url":"https:\/\/gymfactory.eu\/wp-content\/uploads\/2025\/02\/power-rack-full-cage-squat-rack-1.webp","type":"image\/webp"}],"twitter_card":"summary_large_image","twitter_misc":{"Dur\u00e9e de lecture estim\u00e9e":"1 minute"},"schema":{"@context":"https:\/\/schema.org","@graph":[{"@type":"WebPage","@id":"https:\/\/gymfactory.eu\/fr\/produit\/le-b6x-power-rack\/","url":"https:\/\/gymfactory.eu\/fr\/produit\/le-b6x-power-rack\/","name":"Power Rack B6X | \u00c9quipement de Musculation Corps Complet","isPartOf":{"@id":"https:\/\/gymfactory.eu\/fr\/#website"},"primaryImageOfPage":{"@id":"https:\/\/gymfactory.eu\/fr\/produit\/le-b6x-power-rack\/#primaryimage"},"image":{"@id":"https:\/\/gymfactory.eu\/fr\/produit\/le-b6x-power-rack\/#primaryimage"},"thumbnailUrl":"https:\/\/gymfactory.eu\/wp-content\/uploads\/2025\/02\/power-rack-full-cage-squat-rack-1.webp","datePublished":"2025-02-12T13:43:48+00:00","description":"Besoin d\u2019une seule cage pour une force totale ? Le Power Rack B6X permet un entra\u00eenement complet du corps avec stabilit\u00e9 et polyvalence pour le Home Gym ou les configurations commerciales.","breadcrumb":{"@id":"https:\/\/gymfactory.eu\/fr\/produit\/le-b6x-power-rack\/#breadcrumb"},"inLanguage":"fr-FR","potentialAction":[{"@type":"ReadAction","target":["https:\/\/gymfactory.eu\/fr\/produit\/le-b6x-power-rack\/"]}]},{"@type":"ImageObject","inLanguage":"fr-FR","@id":"https:\/\/gymfactory.eu\/fr\/produit\/le-b6x-power-rack\/#primaryimage","url":"https:\/\/gymfactory.eu\/wp-content\/uploads\/2025\/02\/power-rack-full-cage-squat-rack-1.webp","contentUrl":"https:\/\/gymfactory.eu\/wp-content\/uploads\/2025\/02\/power-rack-full-cage-squat-rack-1.webp","width":1500,"height":1500,"caption":"Le meilleur rack \u00e0 squat est con\u00e7u sous forme de cage compl\u00e8te (power rack), offrant un environnement s\u00e9curis\u00e9 et stable pour le levage. Le cadre en acier noir dispose de multiples trous de r\u00e9glage, de barres de traction int\u00e9gr\u00e9es et d\u2019une base renforc\u00e9e pour une s\u00e9curit\u00e9 maximale pendant les entra\u00eenements."},{"@type":"BreadcrumbList","@id":"https:\/\/gymfactory.eu\/fr\/produit\/le-b6x-power-rack\/#breadcrumb","itemListElement":[{"@type":"ListItem","position":1,"name":"Home","item":"https:\/\/gymfactory.eu\/fr\/"},{"@type":"ListItem","position":2,"name":"Catalogue","item":"https:\/\/gymfactory.eu\/fr\/catalogue-2\/"},{"@type":"ListItem","position":3,"name":"Le B6X Power Rack"}]},{"@type":"WebSite","@id":"https:\/\/gymfactory.eu\/fr\/#website","url":"https:\/\/gymfactory.eu\/fr\/","name":"Gym Factory","description":"","publisher":{"@id":"https:\/\/gymfactory.eu\/fr\/#organization"},"potentialAction":[{"@type":"SearchAction","target":{"@type":"EntryPoint","urlTemplate":"https:\/\/gymfactory.eu\/fr\/?s={search_term_string}"},"query-input":{"@type":"PropertyValueSpecification","valueRequired":true,"valueName":"search_term_string"}}],"inLanguage":"fr-FR"},{"@type":"Organization","@id":"https:\/\/gymfactory.eu\/fr\/#organization","name":"Gym Factory","url":"https:\/\/gymfactory.eu\/fr\/","logo":{"@type":"ImageObject","inLanguage":"fr-FR","@id":"https:\/\/gymfactory.eu\/fr\/#\/schema\/logo\/image\/","url":"https:\/\/gymfactory.eu\/wp-content\/uploads\/2024\/11\/Component-1.svg","contentUrl":"https:\/\/gymfactory.eu\/wp-content\/uploads\/2024\/11\/Component-1.svg","width":54,"height":44,"caption":"Gym Factory"},"image":{"@id":"https:\/\/gymfactory.eu\/fr\/#\/schema\/logo\/image\/"}}]}},"_links":{"self":[{"href":"https:\/\/gymfactory.eu\/fr\/wp-json\/wp\/v2\/product\/26456","targetHints":{"allow":["GET"]}}],"collection":[{"href":"https:\/\/gymfactory.eu\/fr\/wp-json\/wp\/v2\/product"}],"about":[{"href":"https:\/\/gymfactory.eu\/fr\/wp-json\/wp\/v2\/types\/product"}],"wp:featuredmedia":[{"embeddable":true,"href":"https:\/\/gymfactory.eu\/fr\/wp-json\/wp\/v2\/media\/10979"}],"wp:attachment":[{"href":"https:\/\/gymfactory.eu\/fr\/wp-json\/wp\/v2\/media?parent=26456"}],"wp:term":[{"taxonomy":"product_brand","embeddable":true,"href":"https:\/\/gymfactory.eu\/fr\/wp-json\/wp\/v2\/product_brand?post=26456"},{"taxonomy":"product_cat","embeddable":true,"href":"https:\/\/gymfactory.eu\/fr\/wp-json\/wp\/v2\/product_cat?post=26456"},{"taxonomy":"product_tag","embeddable":true,"href":"https:\/\/gymfactory.eu\/fr\/wp-json\/wp\/v2\/product_tag?post=26456"}],"curies":[{"name":"wp","href":"https:\/\/api.w.org\/{rel}","templated":true}]}}