{"id":26452,"date":"2025-02-12T15:35:17","date_gmt":"2025-02-12T13:35:17","guid":{"rendered":"https:\/\/gymfactory.eu\/product\/rack-dentrainement-b2xx\/"},"modified":"2025-02-12T15:35:17","modified_gmt":"2025-02-12T13:35:17","slug":"rack-dentrainement-b2xx","status":"publish","type":"product","link":"https:\/\/gymfactory.eu\/fr\/produit\/rack-dentrainement-b2xx\/","title":{"rendered":"Rack d\u2019Entra\u00eenement B2XX"},"content":{"rendered":"<p>Le Rack d\u2019Entra\u00eenement B2XX est un rack polyvalent con\u00e7u pour l\u2019entra\u00eenement avec barre, adapt\u00e9 \u00e0 toute installation de home gym ou de salle commerciale. Construit comme un \u00e9quipement fiable pour la musculation, il prend en charge une large gamme d\u2019exercices avec barre et au poids du corps pour un entra\u00eenement complet. <\/p>\n<p>Le rack comprend deux supports de barre (J-cups) de s\u00e9curit\u00e9, dont la hauteur est ajust\u00e9e en d\u00e9pla\u00e7ant les crochets dans diff\u00e9rents trous du rack. Cela permet un r\u00e9glage optimal lors de l\u2019ex\u00e9cution de squats, de d\u00e9velopp\u00e9s ou de rowings. Une barre de traction int\u00e9gr\u00e9e ajoute des options d\u2019entra\u00eenement pour le haut du corps sans n\u00e9cessiter d\u2019\u00e9quipement suppl\u00e9mentaire.  <\/p>\n<p>Le Rack d\u2019Entra\u00eenement B2XX est une solution pratique et peu encombrante pour quiconque souhaite construire une station d\u2019entra\u00eenement aux poids libres.<\/p>\n<p>Pour une utilisation compl\u00e8te de ce rack, pensez \u00e0 ajouter une barre compatible telle que la <a href=\"https:\/\/gymfactory.eu\/product\/z03g1-olympic-barbell\/\">Barre Olympique Z03G1<\/a> ou la <a href=\"https:\/\/gymfactory.eu\/product\/z03g-olympic-barbell\/\">Barre Olympique Z03G<\/a>.<\/p>\n\n    <div class=\"xs_social_share_widget xs_share_url after_content \t\tmain_content  wslu-style-1 wslu-share-box-shaped wslu-fill-colored wslu-none wslu-share-horizontal wslu-theme-font-no wslu-main_content\">\n\n\t\t\n        <ul>\n\t\t\t        <\/ul>\n    <\/div> \n","protected":false},"excerpt":{"rendered":"<p>Le Rack d\u2019Entra\u00eenement B2XX est un rack polyvalent con\u00e7u pour l\u2019entra\u00eenement avec barre, adapt\u00e9 \u00e0 toute installation de home gym ou de salle commerciale. Construit comme un \u00e9quipement fiable pour la musculation, il prend en charge une large gamme d\u2019exercices avec barre et au poids du corps pour un entra\u00eenement complet. Le rack comprend deux [&hellip;]<\/p>\n","protected":false},"featured_media":11172,"template":"","meta":{"_acf_changed":false},"product_brand":[56],"product_cat":[833],"product_tag":[857],"class_list":{"0":"post-26452","1":"product","2":"type-product","3":"status-publish","4":"has-post-thumbnail","6":"product_brand-gym-factory","7":"product_cat-racks-de-musculation","8":"product_tag-couleur-metal-uniquement","10":"first","11":"onbackorder","12":"taxable","13":"shipping-taxable","14":"purchasable","15":"product-type-variable","16":"has-default-attributes"},"acf":[],"yoast_head":"<!-- This site is optimized with the Yoast SEO plugin v25.2 - https:\/\/yoast.com\/wordpress\/plugins\/seo\/ -->\n<title>Rack d\u2019Entra\u00eenement B2XX pour Home Gym et Salle Commerciale<\/title>\n<meta name=\"description\" content=\"Vous cr\u00e9ez une salle polyvalente ? Le Rack d\u2019Entra\u00eenement B2XX offre robustesse, stabilit\u00e9 et performances multi-usages pour espaces fitness domestiques ou commerciaux.\" \/>\n<meta name=\"robots\" content=\"index, follow, max-snippet:-1, max-image-preview:large, max-video-preview:-1\" \/>\n<link rel=\"canonical\" href=\"https:\/\/gymfactory.eu\/fr\/produit\/rack-dentrainement-b2xx\/\" \/>\n<meta property=\"og:locale\" content=\"fr_FR\" \/>\n<meta property=\"og:type\" content=\"article\" \/>\n<meta property=\"og:title\" content=\"Rack d\u2019Entra\u00eenement B2XX pour Home Gym et Salle Commerciale\" \/>\n<meta property=\"og:description\" content=\"Vous cr\u00e9ez une salle polyvalente ? Le Rack d\u2019Entra\u00eenement B2XX offre robustesse, stabilit\u00e9 et performances multi-usages pour espaces fitness domestiques ou commerciaux.\" \/>\n<meta property=\"og:url\" content=\"https:\/\/gymfactory.eu\/fr\/produit\/rack-dentrainement-b2xx\/\" \/>\n<meta property=\"og:site_name\" content=\"Gym Factory\" \/>\n<meta property=\"og:image\" content=\"https:\/\/gymfactory.eu\/wp-content\/uploads\/2025\/02\/power-rack-with-pull-up-bar-1.webp\" \/>\n\t<meta property=\"og:image:width\" content=\"1500\" \/>\n\t<meta property=\"og:image:height\" content=\"1500\" \/>\n\t<meta property=\"og:image:type\" content=\"image\/webp\" \/>\n<meta name=\"twitter:card\" content=\"summary_large_image\" \/>\n<meta name=\"twitter:label1\" content=\"Dur\u00e9e de lecture estim\u00e9e\" \/>\n\t<meta name=\"twitter:data1\" content=\"1 minute\" \/>\n<script type=\"application\/ld+json\" class=\"yoast-schema-graph\">{\"@context\":\"https:\/\/schema.org\",\"@graph\":[{\"@type\":\"WebPage\",\"@id\":\"https:\/\/gymfactory.eu\/fr\/produit\/rack-dentrainement-b2xx\/\",\"url\":\"https:\/\/gymfactory.eu\/fr\/produit\/rack-dentrainement-b2xx\/\",\"name\":\"Rack d\u2019Entra\u00eenement B2XX pour Home Gym et Salle Commerciale\",\"isPartOf\":{\"@id\":\"https:\/\/gymfactory.eu\/fr\/#website\"},\"primaryImageOfPage\":{\"@id\":\"https:\/\/gymfactory.eu\/fr\/produit\/rack-dentrainement-b2xx\/#primaryimage\"},\"image\":{\"@id\":\"https:\/\/gymfactory.eu\/fr\/produit\/rack-dentrainement-b2xx\/#primaryimage\"},\"thumbnailUrl\":\"https:\/\/gymfactory.eu\/wp-content\/uploads\/2025\/02\/power-rack-with-pull-up-bar-1.webp\",\"datePublished\":\"2025-02-12T13:35:17+00:00\",\"description\":\"Vous cr\u00e9ez une salle polyvalente ? Le Rack d\u2019Entra\u00eenement B2XX offre robustesse, stabilit\u00e9 et performances multi-usages pour espaces fitness domestiques ou commerciaux.\",\"breadcrumb\":{\"@id\":\"https:\/\/gymfactory.eu\/fr\/produit\/rack-dentrainement-b2xx\/#breadcrumb\"},\"inLanguage\":\"fr-FR\",\"potentialAction\":[{\"@type\":\"ReadAction\",\"target\":[\"https:\/\/gymfactory.eu\/fr\/produit\/rack-dentrainement-b2xx\/\"]}]},{\"@type\":\"ImageObject\",\"inLanguage\":\"fr-FR\",\"@id\":\"https:\/\/gymfactory.eu\/fr\/produit\/rack-dentrainement-b2xx\/#primaryimage\",\"url\":\"https:\/\/gymfactory.eu\/wp-content\/uploads\/2025\/02\/power-rack-with-pull-up-bar-1.webp\",\"contentUrl\":\"https:\/\/gymfactory.eu\/wp-content\/uploads\/2025\/02\/power-rack-with-pull-up-bar-1.webp\",\"width\":1500,\"height\":1500,\"caption\":\"Rack \u00e0 squat haut de gamme avec une cage de puissance noire et rouge dot\u00e9e d\u2019une barre de traction int\u00e9gr\u00e9e. Les supports de barre r\u00e9glables permettent de multiples r\u00e9glages en hauteur, tandis que la base renforc\u00e9e assure une stabilit\u00e9 optimale pour le levage de charges lourdes et les exercices de musculation.\"},{\"@type\":\"BreadcrumbList\",\"@id\":\"https:\/\/gymfactory.eu\/fr\/produit\/rack-dentrainement-b2xx\/#breadcrumb\",\"itemListElement\":[{\"@type\":\"ListItem\",\"position\":1,\"name\":\"Home\",\"item\":\"https:\/\/gymfactory.eu\/fr\/\"},{\"@type\":\"ListItem\",\"position\":2,\"name\":\"Catalogue\",\"item\":\"https:\/\/gymfactory.eu\/fr\/catalogue-2\/\"},{\"@type\":\"ListItem\",\"position\":3,\"name\":\"Rack d\u2019Entra\u00eenement B2XX\"}]},{\"@type\":\"WebSite\",\"@id\":\"https:\/\/gymfactory.eu\/fr\/#website\",\"url\":\"https:\/\/gymfactory.eu\/fr\/\",\"name\":\"Gym Factory\",\"description\":\"\",\"publisher\":{\"@id\":\"https:\/\/gymfactory.eu\/fr\/#organization\"},\"potentialAction\":[{\"@type\":\"SearchAction\",\"target\":{\"@type\":\"EntryPoint\",\"urlTemplate\":\"https:\/\/gymfactory.eu\/fr\/?s={search_term_string}\"},\"query-input\":{\"@type\":\"PropertyValueSpecification\",\"valueRequired\":true,\"valueName\":\"search_term_string\"}}],\"inLanguage\":\"fr-FR\"},{\"@type\":\"Organization\",\"@id\":\"https:\/\/gymfactory.eu\/fr\/#organization\",\"name\":\"Gym Factory\",\"url\":\"https:\/\/gymfactory.eu\/fr\/\",\"logo\":{\"@type\":\"ImageObject\",\"inLanguage\":\"fr-FR\",\"@id\":\"https:\/\/gymfactory.eu\/fr\/#\/schema\/logo\/image\/\",\"url\":\"https:\/\/gymfactory.eu\/wp-content\/uploads\/2024\/11\/Component-1.svg\",\"contentUrl\":\"https:\/\/gymfactory.eu\/wp-content\/uploads\/2024\/11\/Component-1.svg\",\"width\":54,\"height\":44,\"caption\":\"Gym Factory\"},\"image\":{\"@id\":\"https:\/\/gymfactory.eu\/fr\/#\/schema\/logo\/image\/\"}}]}<\/script>\n<!-- \/ Yoast SEO plugin. -->","yoast_head_json":{"title":"Rack d\u2019Entra\u00eenement B2XX pour Home Gym et Salle Commerciale","description":"Vous cr\u00e9ez une salle polyvalente ? Le Rack d\u2019Entra\u00eenement B2XX offre robustesse, stabilit\u00e9 et performances multi-usages pour espaces fitness domestiques ou commerciaux.","robots":{"index":"index","follow":"follow","max-snippet":"max-snippet:-1","max-image-preview":"max-image-preview:large","max-video-preview":"max-video-preview:-1"},"canonical":"https:\/\/gymfactory.eu\/fr\/produit\/rack-dentrainement-b2xx\/","og_locale":"fr_FR","og_type":"article","og_title":"Rack d\u2019Entra\u00eenement B2XX pour Home Gym et Salle Commerciale","og_description":"Vous cr\u00e9ez une salle polyvalente ? Le Rack d\u2019Entra\u00eenement B2XX offre robustesse, stabilit\u00e9 et performances multi-usages pour espaces fitness domestiques ou commerciaux.","og_url":"https:\/\/gymfactory.eu\/fr\/produit\/rack-dentrainement-b2xx\/","og_site_name":"Gym Factory","og_image":[{"width":1500,"height":1500,"url":"https:\/\/gymfactory.eu\/wp-content\/uploads\/2025\/02\/power-rack-with-pull-up-bar-1.webp","type":"image\/webp"}],"twitter_card":"summary_large_image","twitter_misc":{"Dur\u00e9e de lecture estim\u00e9e":"1 minute"},"schema":{"@context":"https:\/\/schema.org","@graph":[{"@type":"WebPage","@id":"https:\/\/gymfactory.eu\/fr\/produit\/rack-dentrainement-b2xx\/","url":"https:\/\/gymfactory.eu\/fr\/produit\/rack-dentrainement-b2xx\/","name":"Rack d\u2019Entra\u00eenement B2XX pour Home Gym et Salle Commerciale","isPartOf":{"@id":"https:\/\/gymfactory.eu\/fr\/#website"},"primaryImageOfPage":{"@id":"https:\/\/gymfactory.eu\/fr\/produit\/rack-dentrainement-b2xx\/#primaryimage"},"image":{"@id":"https:\/\/gymfactory.eu\/fr\/produit\/rack-dentrainement-b2xx\/#primaryimage"},"thumbnailUrl":"https:\/\/gymfactory.eu\/wp-content\/uploads\/2025\/02\/power-rack-with-pull-up-bar-1.webp","datePublished":"2025-02-12T13:35:17+00:00","description":"Vous cr\u00e9ez une salle polyvalente ? Le Rack d\u2019Entra\u00eenement B2XX offre robustesse, stabilit\u00e9 et performances multi-usages pour espaces fitness domestiques ou commerciaux.","breadcrumb":{"@id":"https:\/\/gymfactory.eu\/fr\/produit\/rack-dentrainement-b2xx\/#breadcrumb"},"inLanguage":"fr-FR","potentialAction":[{"@type":"ReadAction","target":["https:\/\/gymfactory.eu\/fr\/produit\/rack-dentrainement-b2xx\/"]}]},{"@type":"ImageObject","inLanguage":"fr-FR","@id":"https:\/\/gymfactory.eu\/fr\/produit\/rack-dentrainement-b2xx\/#primaryimage","url":"https:\/\/gymfactory.eu\/wp-content\/uploads\/2025\/02\/power-rack-with-pull-up-bar-1.webp","contentUrl":"https:\/\/gymfactory.eu\/wp-content\/uploads\/2025\/02\/power-rack-with-pull-up-bar-1.webp","width":1500,"height":1500,"caption":"Rack \u00e0 squat haut de gamme avec une cage de puissance noire et rouge dot\u00e9e d\u2019une barre de traction int\u00e9gr\u00e9e. Les supports de barre r\u00e9glables permettent de multiples r\u00e9glages en hauteur, tandis que la base renforc\u00e9e assure une stabilit\u00e9 optimale pour le levage de charges lourdes et les exercices de musculation."},{"@type":"BreadcrumbList","@id":"https:\/\/gymfactory.eu\/fr\/produit\/rack-dentrainement-b2xx\/#breadcrumb","itemListElement":[{"@type":"ListItem","position":1,"name":"Home","item":"https:\/\/gymfactory.eu\/fr\/"},{"@type":"ListItem","position":2,"name":"Catalogue","item":"https:\/\/gymfactory.eu\/fr\/catalogue-2\/"},{"@type":"ListItem","position":3,"name":"Rack d\u2019Entra\u00eenement B2XX"}]},{"@type":"WebSite","@id":"https:\/\/gymfactory.eu\/fr\/#website","url":"https:\/\/gymfactory.eu\/fr\/","name":"Gym Factory","description":"","publisher":{"@id":"https:\/\/gymfactory.eu\/fr\/#organization"},"potentialAction":[{"@type":"SearchAction","target":{"@type":"EntryPoint","urlTemplate":"https:\/\/gymfactory.eu\/fr\/?s={search_term_string}"},"query-input":{"@type":"PropertyValueSpecification","valueRequired":true,"valueName":"search_term_string"}}],"inLanguage":"fr-FR"},{"@type":"Organization","@id":"https:\/\/gymfactory.eu\/fr\/#organization","name":"Gym Factory","url":"https:\/\/gymfactory.eu\/fr\/","logo":{"@type":"ImageObject","inLanguage":"fr-FR","@id":"https:\/\/gymfactory.eu\/fr\/#\/schema\/logo\/image\/","url":"https:\/\/gymfactory.eu\/wp-content\/uploads\/2024\/11\/Component-1.svg","contentUrl":"https:\/\/gymfactory.eu\/wp-content\/uploads\/2024\/11\/Component-1.svg","width":54,"height":44,"caption":"Gym Factory"},"image":{"@id":"https:\/\/gymfactory.eu\/fr\/#\/schema\/logo\/image\/"}}]}},"_links":{"self":[{"href":"https:\/\/gymfactory.eu\/fr\/wp-json\/wp\/v2\/product\/26452","targetHints":{"allow":["GET"]}}],"collection":[{"href":"https:\/\/gymfactory.eu\/fr\/wp-json\/wp\/v2\/product"}],"about":[{"href":"https:\/\/gymfactory.eu\/fr\/wp-json\/wp\/v2\/types\/product"}],"wp:featuredmedia":[{"embeddable":true,"href":"https:\/\/gymfactory.eu\/fr\/wp-json\/wp\/v2\/media\/11172"}],"wp:attachment":[{"href":"https:\/\/gymfactory.eu\/fr\/wp-json\/wp\/v2\/media?parent=26452"}],"wp:term":[{"taxonomy":"product_brand","embeddable":true,"href":"https:\/\/gymfactory.eu\/fr\/wp-json\/wp\/v2\/product_brand?post=26452"},{"taxonomy":"product_cat","embeddable":true,"href":"https:\/\/gymfactory.eu\/fr\/wp-json\/wp\/v2\/product_cat?post=26452"},{"taxonomy":"product_tag","embeddable":true,"href":"https:\/\/gymfactory.eu\/fr\/wp-json\/wp\/v2\/product_tag?post=26452"}],"curies":[{"name":"wp","href":"https:\/\/api.w.org\/{rel}","templated":true}]}}