{"id":26448,"date":"2025-02-12T15:22:59","date_gmt":"2025-02-12T13:22:59","guid":{"rendered":"https:\/\/gymfactory.eu\/product\/rack-a-squat-b1\/"},"modified":"2025-02-12T15:22:59","modified_gmt":"2025-02-12T13:22:59","slug":"rack-a-squat-b1","status":"publish","type":"product","link":"https:\/\/gymfactory.eu\/fr\/produit\/rack-a-squat-b1\/","title":{"rendered":"Rack \u00e0 Squat B1"},"content":{"rendered":"<p>Le Rack \u00e0 Squat B1 est une cage de puissance (power rack) durable con\u00e7ue pour l\u2019entra\u00eenement libre avec barre, adapt\u00e9e \u00e0 toute installation de home gym ou de salle commerciale. C\u2019est un \u00e9quipement polyvalent pour la musculation, permettant une large gamme d\u2019exercices pour les jambes et le haut du corps. <\/p>\n<p>Ce rack est con\u00e7u pour des exercices tels que les squats, le d\u00e9velopp\u00e9 militaire, le d\u00e9velopp\u00e9 couch\u00e9 (avec banc) et le rowing barre. Il dispose de multiples positions de crochets pour la barre, y compris un r\u00e9glage bas pour les soulev\u00e9s de terre (deadlifts) ou autres mouvements de tirage. Les profil\u00e9s lat\u00e9raux fonctionnent \u00e9galement comme des repose-barres de s\u00e9curit\u00e9 (spotters), aidant \u00e0 prot\u00e9ger l\u2019utilisateur en cas d\u2019\u00e9chec ou lors d\u2019entra\u00eenements en solo.  <\/p>\n<p>Le Rack \u00e0 Squat B1 offre une base stable pour d\u00e9velopper \u00e0 la fois la force du haut du corps et la puissance du bas du corps en utilisant des poids libres.<\/p>\n<p>Pour une utilisation compl\u00e8te de ce rack, pensez \u00e0 ajouter une barre compatible telle que la <a href=\"https:\/\/gymfactory.eu\/product\/z03g1-olympic-barbell\/\">Barre Olympique Z03G1<\/a> ou la <a href=\"https:\/\/gymfactory.eu\/product\/z03g-olympic-barbell\/\">Barre Olympique Z03G<\/a>.<\/p>\n\n    <div class=\"xs_social_share_widget xs_share_url after_content \t\tmain_content  wslu-style-1 wslu-share-box-shaped wslu-fill-colored wslu-none wslu-share-horizontal wslu-theme-font-no wslu-main_content\">\n\n\t\t\n        <ul>\n\t\t\t        <\/ul>\n    <\/div> \n","protected":false},"excerpt":{"rendered":"<p>Le Rack \u00e0 Squat B1 est une cage de puissance (power rack) durable con\u00e7ue pour l\u2019entra\u00eenement libre avec barre, adapt\u00e9e \u00e0 toute installation de home gym ou de salle commerciale. C\u2019est un \u00e9quipement polyvalent pour la musculation, permettant une large gamme d\u2019exercices pour les jambes et le haut du corps. Ce rack est con\u00e7u pour [&hellip;]<\/p>\n","protected":false},"featured_media":10974,"template":"","meta":{"_acf_changed":false},"product_brand":[56],"product_cat":[833],"product_tag":[857],"class_list":{"0":"post-26448","1":"product","2":"type-product","3":"status-publish","4":"has-post-thumbnail","6":"product_brand-gym-factory","7":"product_cat-racks-de-musculation","8":"product_tag-couleur-metal-uniquement","10":"first","11":"onbackorder","12":"taxable","13":"shipping-taxable","14":"purchasable","15":"product-type-variable","16":"has-default-attributes"},"acf":[],"yoast_head":"<!-- This site is optimized with the Yoast SEO plugin v25.2 - https:\/\/yoast.com\/wordpress\/plugins\/seo\/ -->\n<title>Rack \u00e0 Squat B1 | \u00c9quipement de Musculation pour l\u2019Entra\u00eenement<\/title>\n<meta name=\"description\" content=\"Vous construisez votre espace musculation ? Le Rack \u00e0 Squat B1 est un \u00e9quipement durable con\u00e7u pour des squats s\u00fbrs et efficaces et un entra\u00eenement complet.\" \/>\n<meta name=\"robots\" content=\"index, follow, max-snippet:-1, max-image-preview:large, max-video-preview:-1\" \/>\n<link rel=\"canonical\" href=\"https:\/\/gymfactory.eu\/fr\/produit\/rack-a-squat-b1\/\" \/>\n<meta property=\"og:locale\" content=\"fr_FR\" \/>\n<meta property=\"og:type\" content=\"article\" \/>\n<meta property=\"og:title\" content=\"Rack \u00e0 Squat B1 | \u00c9quipement de Musculation pour l\u2019Entra\u00eenement\" \/>\n<meta property=\"og:description\" content=\"Vous construisez votre espace musculation ? Le Rack \u00e0 Squat B1 est un \u00e9quipement durable con\u00e7u pour des squats s\u00fbrs et efficaces et un entra\u00eenement complet.\" \/>\n<meta property=\"og:url\" content=\"https:\/\/gymfactory.eu\/fr\/produit\/rack-a-squat-b1\/\" \/>\n<meta property=\"og:site_name\" content=\"Gym Factory\" \/>\n<meta property=\"og:image\" content=\"https:\/\/gymfactory.eu\/wp-content\/uploads\/2025\/02\/best-workout-bench-squat-rack-frame-.webp\" \/>\n\t<meta property=\"og:image:width\" content=\"1500\" \/>\n\t<meta property=\"og:image:height\" content=\"1500\" \/>\n\t<meta property=\"og:image:type\" content=\"image\/webp\" \/>\n<meta name=\"twitter:card\" content=\"summary_large_image\" \/>\n<meta name=\"twitter:label1\" content=\"Dur\u00e9e de lecture estim\u00e9e\" \/>\n\t<meta name=\"twitter:data1\" content=\"1 minute\" \/>\n<script type=\"application\/ld+json\" class=\"yoast-schema-graph\">{\"@context\":\"https:\/\/schema.org\",\"@graph\":[{\"@type\":\"WebPage\",\"@id\":\"https:\/\/gymfactory.eu\/fr\/produit\/rack-a-squat-b1\/\",\"url\":\"https:\/\/gymfactory.eu\/fr\/produit\/rack-a-squat-b1\/\",\"name\":\"Rack \u00e0 Squat B1 | \u00c9quipement de Musculation pour l\u2019Entra\u00eenement\",\"isPartOf\":{\"@id\":\"https:\/\/gymfactory.eu\/fr\/#website\"},\"primaryImageOfPage\":{\"@id\":\"https:\/\/gymfactory.eu\/fr\/produit\/rack-a-squat-b1\/#primaryimage\"},\"image\":{\"@id\":\"https:\/\/gymfactory.eu\/fr\/produit\/rack-a-squat-b1\/#primaryimage\"},\"thumbnailUrl\":\"https:\/\/gymfactory.eu\/wp-content\/uploads\/2025\/02\/best-workout-bench-squat-rack-frame-.webp\",\"datePublished\":\"2025-02-12T13:22:59+00:00\",\"description\":\"Vous construisez votre espace musculation ? Le Rack \u00e0 Squat B1 est un \u00e9quipement durable con\u00e7u pour des squats s\u00fbrs et efficaces et un entra\u00eenement complet.\",\"breadcrumb\":{\"@id\":\"https:\/\/gymfactory.eu\/fr\/produit\/rack-a-squat-b1\/#breadcrumb\"},\"inLanguage\":\"fr-FR\",\"potentialAction\":[{\"@type\":\"ReadAction\",\"target\":[\"https:\/\/gymfactory.eu\/fr\/produit\/rack-a-squat-b1\/\"]}]},{\"@type\":\"ImageObject\",\"inLanguage\":\"fr-FR\",\"@id\":\"https:\/\/gymfactory.eu\/fr\/produit\/rack-a-squat-b1\/#primaryimage\",\"url\":\"https:\/\/gymfactory.eu\/wp-content\/uploads\/2025\/02\/best-workout-bench-squat-rack-frame-.webp\",\"contentUrl\":\"https:\/\/gymfactory.eu\/wp-content\/uploads\/2025\/02\/best-workout-bench-squat-rack-frame-.webp\",\"width\":1500,\"height\":1500,\"caption\":\"Le meilleur rack \u00e0 squat comprenant une cage de puissance en acier noir robuste con\u00e7ue pour la musculation. Le rack inclut plusieurs supports de barre \u00e0 diff\u00e9rentes hauteurs, des \u00e9pis de rangement pour disques de poids, et un cadre renforc\u00e9 pour la stabilit\u00e9 et la durabilit\u00e9.\"},{\"@type\":\"BreadcrumbList\",\"@id\":\"https:\/\/gymfactory.eu\/fr\/produit\/rack-a-squat-b1\/#breadcrumb\",\"itemListElement\":[{\"@type\":\"ListItem\",\"position\":1,\"name\":\"Home\",\"item\":\"https:\/\/gymfactory.eu\/fr\/\"},{\"@type\":\"ListItem\",\"position\":2,\"name\":\"Catalogue\",\"item\":\"https:\/\/gymfactory.eu\/fr\/catalogue-2\/\"},{\"@type\":\"ListItem\",\"position\":3,\"name\":\"Rack \u00e0 Squat B1\"}]},{\"@type\":\"WebSite\",\"@id\":\"https:\/\/gymfactory.eu\/fr\/#website\",\"url\":\"https:\/\/gymfactory.eu\/fr\/\",\"name\":\"Gym Factory\",\"description\":\"\",\"publisher\":{\"@id\":\"https:\/\/gymfactory.eu\/fr\/#organization\"},\"potentialAction\":[{\"@type\":\"SearchAction\",\"target\":{\"@type\":\"EntryPoint\",\"urlTemplate\":\"https:\/\/gymfactory.eu\/fr\/?s={search_term_string}\"},\"query-input\":{\"@type\":\"PropertyValueSpecification\",\"valueRequired\":true,\"valueName\":\"search_term_string\"}}],\"inLanguage\":\"fr-FR\"},{\"@type\":\"Organization\",\"@id\":\"https:\/\/gymfactory.eu\/fr\/#organization\",\"name\":\"Gym Factory\",\"url\":\"https:\/\/gymfactory.eu\/fr\/\",\"logo\":{\"@type\":\"ImageObject\",\"inLanguage\":\"fr-FR\",\"@id\":\"https:\/\/gymfactory.eu\/fr\/#\/schema\/logo\/image\/\",\"url\":\"https:\/\/gymfactory.eu\/wp-content\/uploads\/2024\/11\/Component-1.svg\",\"contentUrl\":\"https:\/\/gymfactory.eu\/wp-content\/uploads\/2024\/11\/Component-1.svg\",\"width\":54,\"height\":44,\"caption\":\"Gym Factory\"},\"image\":{\"@id\":\"https:\/\/gymfactory.eu\/fr\/#\/schema\/logo\/image\/\"}}]}<\/script>\n<!-- \/ Yoast SEO plugin. -->","yoast_head_json":{"title":"Rack \u00e0 Squat B1 | \u00c9quipement de Musculation pour l\u2019Entra\u00eenement","description":"Vous construisez votre espace musculation ? Le Rack \u00e0 Squat B1 est un \u00e9quipement durable con\u00e7u pour des squats s\u00fbrs et efficaces et un entra\u00eenement complet.","robots":{"index":"index","follow":"follow","max-snippet":"max-snippet:-1","max-image-preview":"max-image-preview:large","max-video-preview":"max-video-preview:-1"},"canonical":"https:\/\/gymfactory.eu\/fr\/produit\/rack-a-squat-b1\/","og_locale":"fr_FR","og_type":"article","og_title":"Rack \u00e0 Squat B1 | \u00c9quipement de Musculation pour l\u2019Entra\u00eenement","og_description":"Vous construisez votre espace musculation ? Le Rack \u00e0 Squat B1 est un \u00e9quipement durable con\u00e7u pour des squats s\u00fbrs et efficaces et un entra\u00eenement complet.","og_url":"https:\/\/gymfactory.eu\/fr\/produit\/rack-a-squat-b1\/","og_site_name":"Gym Factory","og_image":[{"width":1500,"height":1500,"url":"https:\/\/gymfactory.eu\/wp-content\/uploads\/2025\/02\/best-workout-bench-squat-rack-frame-.webp","type":"image\/webp"}],"twitter_card":"summary_large_image","twitter_misc":{"Dur\u00e9e de lecture estim\u00e9e":"1 minute"},"schema":{"@context":"https:\/\/schema.org","@graph":[{"@type":"WebPage","@id":"https:\/\/gymfactory.eu\/fr\/produit\/rack-a-squat-b1\/","url":"https:\/\/gymfactory.eu\/fr\/produit\/rack-a-squat-b1\/","name":"Rack \u00e0 Squat B1 | \u00c9quipement de Musculation pour l\u2019Entra\u00eenement","isPartOf":{"@id":"https:\/\/gymfactory.eu\/fr\/#website"},"primaryImageOfPage":{"@id":"https:\/\/gymfactory.eu\/fr\/produit\/rack-a-squat-b1\/#primaryimage"},"image":{"@id":"https:\/\/gymfactory.eu\/fr\/produit\/rack-a-squat-b1\/#primaryimage"},"thumbnailUrl":"https:\/\/gymfactory.eu\/wp-content\/uploads\/2025\/02\/best-workout-bench-squat-rack-frame-.webp","datePublished":"2025-02-12T13:22:59+00:00","description":"Vous construisez votre espace musculation ? Le Rack \u00e0 Squat B1 est un \u00e9quipement durable con\u00e7u pour des squats s\u00fbrs et efficaces et un entra\u00eenement complet.","breadcrumb":{"@id":"https:\/\/gymfactory.eu\/fr\/produit\/rack-a-squat-b1\/#breadcrumb"},"inLanguage":"fr-FR","potentialAction":[{"@type":"ReadAction","target":["https:\/\/gymfactory.eu\/fr\/produit\/rack-a-squat-b1\/"]}]},{"@type":"ImageObject","inLanguage":"fr-FR","@id":"https:\/\/gymfactory.eu\/fr\/produit\/rack-a-squat-b1\/#primaryimage","url":"https:\/\/gymfactory.eu\/wp-content\/uploads\/2025\/02\/best-workout-bench-squat-rack-frame-.webp","contentUrl":"https:\/\/gymfactory.eu\/wp-content\/uploads\/2025\/02\/best-workout-bench-squat-rack-frame-.webp","width":1500,"height":1500,"caption":"Le meilleur rack \u00e0 squat comprenant une cage de puissance en acier noir robuste con\u00e7ue pour la musculation. Le rack inclut plusieurs supports de barre \u00e0 diff\u00e9rentes hauteurs, des \u00e9pis de rangement pour disques de poids, et un cadre renforc\u00e9 pour la stabilit\u00e9 et la durabilit\u00e9."},{"@type":"BreadcrumbList","@id":"https:\/\/gymfactory.eu\/fr\/produit\/rack-a-squat-b1\/#breadcrumb","itemListElement":[{"@type":"ListItem","position":1,"name":"Home","item":"https:\/\/gymfactory.eu\/fr\/"},{"@type":"ListItem","position":2,"name":"Catalogue","item":"https:\/\/gymfactory.eu\/fr\/catalogue-2\/"},{"@type":"ListItem","position":3,"name":"Rack \u00e0 Squat B1"}]},{"@type":"WebSite","@id":"https:\/\/gymfactory.eu\/fr\/#website","url":"https:\/\/gymfactory.eu\/fr\/","name":"Gym Factory","description":"","publisher":{"@id":"https:\/\/gymfactory.eu\/fr\/#organization"},"potentialAction":[{"@type":"SearchAction","target":{"@type":"EntryPoint","urlTemplate":"https:\/\/gymfactory.eu\/fr\/?s={search_term_string}"},"query-input":{"@type":"PropertyValueSpecification","valueRequired":true,"valueName":"search_term_string"}}],"inLanguage":"fr-FR"},{"@type":"Organization","@id":"https:\/\/gymfactory.eu\/fr\/#organization","name":"Gym Factory","url":"https:\/\/gymfactory.eu\/fr\/","logo":{"@type":"ImageObject","inLanguage":"fr-FR","@id":"https:\/\/gymfactory.eu\/fr\/#\/schema\/logo\/image\/","url":"https:\/\/gymfactory.eu\/wp-content\/uploads\/2024\/11\/Component-1.svg","contentUrl":"https:\/\/gymfactory.eu\/wp-content\/uploads\/2024\/11\/Component-1.svg","width":54,"height":44,"caption":"Gym Factory"},"image":{"@id":"https:\/\/gymfactory.eu\/fr\/#\/schema\/logo\/image\/"}}]}},"_links":{"self":[{"href":"https:\/\/gymfactory.eu\/fr\/wp-json\/wp\/v2\/product\/26448","targetHints":{"allow":["GET"]}}],"collection":[{"href":"https:\/\/gymfactory.eu\/fr\/wp-json\/wp\/v2\/product"}],"about":[{"href":"https:\/\/gymfactory.eu\/fr\/wp-json\/wp\/v2\/types\/product"}],"wp:featuredmedia":[{"embeddable":true,"href":"https:\/\/gymfactory.eu\/fr\/wp-json\/wp\/v2\/media\/10974"}],"wp:attachment":[{"href":"https:\/\/gymfactory.eu\/fr\/wp-json\/wp\/v2\/media?parent=26448"}],"wp:term":[{"taxonomy":"product_brand","embeddable":true,"href":"https:\/\/gymfactory.eu\/fr\/wp-json\/wp\/v2\/product_brand?post=26448"},{"taxonomy":"product_cat","embeddable":true,"href":"https:\/\/gymfactory.eu\/fr\/wp-json\/wp\/v2\/product_cat?post=26448"},{"taxonomy":"product_tag","embeddable":true,"href":"https:\/\/gymfactory.eu\/fr\/wp-json\/wp\/v2\/product_tag?post=26448"}],"curies":[{"name":"wp","href":"https:\/\/api.w.org\/{rel}","templated":true}]}}