{"id":26447,"date":"2025-02-12T15:00:04","date_gmt":"2025-02-12T13:00:04","guid":{"rendered":"https:\/\/gymfactory.eu\/product\/butee-en-caoutchouc-hsg03\/"},"modified":"2025-02-12T15:00:04","modified_gmt":"2025-02-12T13:00:04","slug":"butee-en-caoutchouc-hsg03","status":"publish","type":"product","link":"https:\/\/gymfactory.eu\/fr\/produit\/butee-en-caoutchouc-hsg03\/","title":{"rendered":"But\u00e9e en Caoutchouc HSG03"},"content":{"rendered":"<p>La Protection en Caoutchouc HSG03 est un composant en caoutchouc durci d\u2019un diam\u00e8tre de 38 mm et d\u2019une hauteur de 50 mm. Elle est con\u00e7ue pour \u00eatre utilis\u00e9e dans les zones de support des \u00e9quipements de salle de sport afin d\u2019absorber les chocs des pi\u00e8ces mobiles ou de supporter des charges statiques. Id\u00e9ale pour les applications n\u00e9cessitant une absorption durable des impacts.<\/p>\n\n    <div class=\"xs_social_share_widget xs_share_url after_content \t\tmain_content  wslu-style-1 wslu-share-box-shaped wslu-fill-colored wslu-none wslu-share-horizontal wslu-theme-font-no wslu-main_content\">\n\n\t\t\n        <ul>\n\t\t\t        <\/ul>\n    <\/div> \n","protected":false},"excerpt":{"rendered":"<p>La Protection en Caoutchouc HSG03 est un composant en caoutchouc durci d\u2019un diam\u00e8tre de 38 mm et d\u2019une hauteur de 50 mm. Elle est con\u00e7ue pour \u00eatre utilis\u00e9e dans les zones de support des \u00e9quipements de salle de sport afin d\u2019absorber les chocs des pi\u00e8ces mobiles ou de supporter des charges statiques. Id\u00e9ale pour les [&hellip;]<\/p>\n","protected":false},"featured_media":11727,"template":"","meta":{"_acf_changed":false},"product_brand":[56],"product_cat":[827],"product_tag":[],"class_list":{"0":"post-26447","1":"product","2":"type-product","3":"status-publish","4":"has-post-thumbnail","6":"product_brand-gym-factory","7":"product_cat-pieces-detachees-pour-equipements-de-musculation","9":"first","10":"onbackorder","11":"taxable","12":"shipping-taxable","13":"purchasable","14":"product-type-simple"},"acf":[],"yoast_head":"<!-- This site is optimized with the Yoast SEO plugin v25.2 - https:\/\/yoast.com\/wordpress\/plugins\/seo\/ -->\n<title>Protection Caoutchouc HSG03 \u2013 Pi\u00e8ce D\u00e9tach\u00e9e Fiable<\/title>\n<meta name=\"description\" content=\"Am\u00e9liorez la durabilit\u00e9 avec la Protection HSG03, une pi\u00e8ce d\u00e9tach\u00e9e indispensable con\u00e7ue pour prot\u00e9ger et prolonger la vie de vos pi\u00e8ces de machines de gym.\" \/>\n<meta name=\"robots\" content=\"index, follow, max-snippet:-1, max-image-preview:large, max-video-preview:-1\" \/>\n<link rel=\"canonical\" href=\"https:\/\/gymfactory.eu\/fr\/produit\/butee-en-caoutchouc-hsg03\/\" \/>\n<meta property=\"og:locale\" content=\"fr_FR\" \/>\n<meta property=\"og:type\" content=\"article\" \/>\n<meta property=\"og:title\" content=\"Protection Caoutchouc HSG03 \u2013 Pi\u00e8ce D\u00e9tach\u00e9e Fiable\" \/>\n<meta property=\"og:description\" content=\"Am\u00e9liorez la durabilit\u00e9 avec la Protection HSG03, une pi\u00e8ce d\u00e9tach\u00e9e indispensable con\u00e7ue pour prot\u00e9ger et prolonger la vie de vos pi\u00e8ces de machines de gym.\" \/>\n<meta property=\"og:url\" content=\"https:\/\/gymfactory.eu\/fr\/produit\/butee-en-caoutchouc-hsg03\/\" \/>\n<meta property=\"og:site_name\" content=\"Gym Factory\" \/>\n<meta property=\"og:image\" content=\"https:\/\/gymfactory.eu\/wp-content\/uploads\/2025\/02\/HSG03.jpg\" \/>\n\t<meta property=\"og:image:width\" content=\"1500\" \/>\n\t<meta property=\"og:image:height\" content=\"1500\" \/>\n\t<meta property=\"og:image:type\" content=\"image\/jpeg\" \/>\n<meta name=\"twitter:card\" content=\"summary_large_image\" \/>\n<script type=\"application\/ld+json\" class=\"yoast-schema-graph\">{\"@context\":\"https:\/\/schema.org\",\"@graph\":[{\"@type\":\"WebPage\",\"@id\":\"https:\/\/gymfactory.eu\/fr\/produit\/butee-en-caoutchouc-hsg03\/\",\"url\":\"https:\/\/gymfactory.eu\/fr\/produit\/butee-en-caoutchouc-hsg03\/\",\"name\":\"Protection Caoutchouc HSG03 \u2013 Pi\u00e8ce D\u00e9tach\u00e9e Fiable\",\"isPartOf\":{\"@id\":\"https:\/\/gymfactory.eu\/fr\/#website\"},\"primaryImageOfPage\":{\"@id\":\"https:\/\/gymfactory.eu\/fr\/produit\/butee-en-caoutchouc-hsg03\/#primaryimage\"},\"image\":{\"@id\":\"https:\/\/gymfactory.eu\/fr\/produit\/butee-en-caoutchouc-hsg03\/#primaryimage\"},\"thumbnailUrl\":\"https:\/\/gymfactory.eu\/wp-content\/uploads\/2025\/02\/HSG03.jpg\",\"datePublished\":\"2025-02-12T13:00:04+00:00\",\"description\":\"Am\u00e9liorez la durabilit\u00e9 avec la Protection HSG03, une pi\u00e8ce d\u00e9tach\u00e9e indispensable con\u00e7ue pour prot\u00e9ger et prolonger la vie de vos pi\u00e8ces de machines de gym.\",\"breadcrumb\":{\"@id\":\"https:\/\/gymfactory.eu\/fr\/produit\/butee-en-caoutchouc-hsg03\/#breadcrumb\"},\"inLanguage\":\"fr-FR\",\"potentialAction\":[{\"@type\":\"ReadAction\",\"target\":[\"https:\/\/gymfactory.eu\/fr\/produit\/butee-en-caoutchouc-hsg03\/\"]}]},{\"@type\":\"ImageObject\",\"inLanguage\":\"fr-FR\",\"@id\":\"https:\/\/gymfactory.eu\/fr\/produit\/butee-en-caoutchouc-hsg03\/#primaryimage\",\"url\":\"https:\/\/gymfactory.eu\/wp-content\/uploads\/2025\/02\/HSG03.jpg\",\"contentUrl\":\"https:\/\/gymfactory.eu\/wp-content\/uploads\/2025\/02\/HSG03.jpg\",\"width\":1500,\"height\":1500},{\"@type\":\"BreadcrumbList\",\"@id\":\"https:\/\/gymfactory.eu\/fr\/produit\/butee-en-caoutchouc-hsg03\/#breadcrumb\",\"itemListElement\":[{\"@type\":\"ListItem\",\"position\":1,\"name\":\"Home\",\"item\":\"https:\/\/gymfactory.eu\/fr\/page-principale\/\"},{\"@type\":\"ListItem\",\"position\":2,\"name\":\"Catalogue\",\"item\":\"https:\/\/gymfactory.eu\/fr\/catalogue-2\/\"},{\"@type\":\"ListItem\",\"position\":3,\"name\":\"But\u00e9e en Caoutchouc HSG03\"}]},{\"@type\":\"WebSite\",\"@id\":\"https:\/\/gymfactory.eu\/fr\/#website\",\"url\":\"https:\/\/gymfactory.eu\/fr\/\",\"name\":\"Gym Factory\",\"description\":\"\",\"publisher\":{\"@id\":\"https:\/\/gymfactory.eu\/fr\/#organization\"},\"potentialAction\":[{\"@type\":\"SearchAction\",\"target\":{\"@type\":\"EntryPoint\",\"urlTemplate\":\"https:\/\/gymfactory.eu\/fr\/?s={search_term_string}\"},\"query-input\":{\"@type\":\"PropertyValueSpecification\",\"valueRequired\":true,\"valueName\":\"search_term_string\"}}],\"inLanguage\":\"fr-FR\"},{\"@type\":\"Organization\",\"@id\":\"https:\/\/gymfactory.eu\/fr\/#organization\",\"name\":\"Gym Factory\",\"url\":\"https:\/\/gymfactory.eu\/fr\/\",\"logo\":{\"@type\":\"ImageObject\",\"inLanguage\":\"fr-FR\",\"@id\":\"https:\/\/gymfactory.eu\/fr\/#\/schema\/logo\/image\/\",\"url\":\"https:\/\/gymfactory.eu\/wp-content\/uploads\/2024\/11\/Component-1.svg\",\"contentUrl\":\"https:\/\/gymfactory.eu\/wp-content\/uploads\/2024\/11\/Component-1.svg\",\"width\":54,\"height\":44,\"caption\":\"Gym Factory\"},\"image\":{\"@id\":\"https:\/\/gymfactory.eu\/fr\/#\/schema\/logo\/image\/\"}}]}<\/script>\n<!-- \/ Yoast SEO plugin. -->","yoast_head_json":{"title":"Protection Caoutchouc HSG03 \u2013 Pi\u00e8ce D\u00e9tach\u00e9e Fiable","description":"Am\u00e9liorez la durabilit\u00e9 avec la Protection HSG03, une pi\u00e8ce d\u00e9tach\u00e9e indispensable con\u00e7ue pour prot\u00e9ger et prolonger la vie de vos pi\u00e8ces de machines de gym.","robots":{"index":"index","follow":"follow","max-snippet":"max-snippet:-1","max-image-preview":"max-image-preview:large","max-video-preview":"max-video-preview:-1"},"canonical":"https:\/\/gymfactory.eu\/fr\/produit\/butee-en-caoutchouc-hsg03\/","og_locale":"fr_FR","og_type":"article","og_title":"Protection Caoutchouc HSG03 \u2013 Pi\u00e8ce D\u00e9tach\u00e9e Fiable","og_description":"Am\u00e9liorez la durabilit\u00e9 avec la Protection HSG03, une pi\u00e8ce d\u00e9tach\u00e9e indispensable con\u00e7ue pour prot\u00e9ger et prolonger la vie de vos pi\u00e8ces de machines de gym.","og_url":"https:\/\/gymfactory.eu\/fr\/produit\/butee-en-caoutchouc-hsg03\/","og_site_name":"Gym Factory","og_image":[{"width":1500,"height":1500,"url":"https:\/\/gymfactory.eu\/wp-content\/uploads\/2025\/02\/HSG03.jpg","type":"image\/jpeg"}],"twitter_card":"summary_large_image","schema":{"@context":"https:\/\/schema.org","@graph":[{"@type":"WebPage","@id":"https:\/\/gymfactory.eu\/fr\/produit\/butee-en-caoutchouc-hsg03\/","url":"https:\/\/gymfactory.eu\/fr\/produit\/butee-en-caoutchouc-hsg03\/","name":"Protection Caoutchouc HSG03 \u2013 Pi\u00e8ce D\u00e9tach\u00e9e Fiable","isPartOf":{"@id":"https:\/\/gymfactory.eu\/fr\/#website"},"primaryImageOfPage":{"@id":"https:\/\/gymfactory.eu\/fr\/produit\/butee-en-caoutchouc-hsg03\/#primaryimage"},"image":{"@id":"https:\/\/gymfactory.eu\/fr\/produit\/butee-en-caoutchouc-hsg03\/#primaryimage"},"thumbnailUrl":"https:\/\/gymfactory.eu\/wp-content\/uploads\/2025\/02\/HSG03.jpg","datePublished":"2025-02-12T13:00:04+00:00","description":"Am\u00e9liorez la durabilit\u00e9 avec la Protection HSG03, une pi\u00e8ce d\u00e9tach\u00e9e indispensable con\u00e7ue pour prot\u00e9ger et prolonger la vie de vos pi\u00e8ces de machines de gym.","breadcrumb":{"@id":"https:\/\/gymfactory.eu\/fr\/produit\/butee-en-caoutchouc-hsg03\/#breadcrumb"},"inLanguage":"fr-FR","potentialAction":[{"@type":"ReadAction","target":["https:\/\/gymfactory.eu\/fr\/produit\/butee-en-caoutchouc-hsg03\/"]}]},{"@type":"ImageObject","inLanguage":"fr-FR","@id":"https:\/\/gymfactory.eu\/fr\/produit\/butee-en-caoutchouc-hsg03\/#primaryimage","url":"https:\/\/gymfactory.eu\/wp-content\/uploads\/2025\/02\/HSG03.jpg","contentUrl":"https:\/\/gymfactory.eu\/wp-content\/uploads\/2025\/02\/HSG03.jpg","width":1500,"height":1500},{"@type":"BreadcrumbList","@id":"https:\/\/gymfactory.eu\/fr\/produit\/butee-en-caoutchouc-hsg03\/#breadcrumb","itemListElement":[{"@type":"ListItem","position":1,"name":"Home","item":"https:\/\/gymfactory.eu\/fr\/page-principale\/"},{"@type":"ListItem","position":2,"name":"Catalogue","item":"https:\/\/gymfactory.eu\/fr\/catalogue-2\/"},{"@type":"ListItem","position":3,"name":"But\u00e9e en Caoutchouc HSG03"}]},{"@type":"WebSite","@id":"https:\/\/gymfactory.eu\/fr\/#website","url":"https:\/\/gymfactory.eu\/fr\/","name":"Gym Factory","description":"","publisher":{"@id":"https:\/\/gymfactory.eu\/fr\/#organization"},"potentialAction":[{"@type":"SearchAction","target":{"@type":"EntryPoint","urlTemplate":"https:\/\/gymfactory.eu\/fr\/?s={search_term_string}"},"query-input":{"@type":"PropertyValueSpecification","valueRequired":true,"valueName":"search_term_string"}}],"inLanguage":"fr-FR"},{"@type":"Organization","@id":"https:\/\/gymfactory.eu\/fr\/#organization","name":"Gym Factory","url":"https:\/\/gymfactory.eu\/fr\/","logo":{"@type":"ImageObject","inLanguage":"fr-FR","@id":"https:\/\/gymfactory.eu\/fr\/#\/schema\/logo\/image\/","url":"https:\/\/gymfactory.eu\/wp-content\/uploads\/2024\/11\/Component-1.svg","contentUrl":"https:\/\/gymfactory.eu\/wp-content\/uploads\/2024\/11\/Component-1.svg","width":54,"height":44,"caption":"Gym Factory"},"image":{"@id":"https:\/\/gymfactory.eu\/fr\/#\/schema\/logo\/image\/"}}]}},"_links":{"self":[{"href":"https:\/\/gymfactory.eu\/fr\/wp-json\/wp\/v2\/product\/26447","targetHints":{"allow":["GET"]}}],"collection":[{"href":"https:\/\/gymfactory.eu\/fr\/wp-json\/wp\/v2\/product"}],"about":[{"href":"https:\/\/gymfactory.eu\/fr\/wp-json\/wp\/v2\/types\/product"}],"wp:featuredmedia":[{"embeddable":true,"href":"https:\/\/gymfactory.eu\/fr\/wp-json\/wp\/v2\/media\/11727"}],"wp:attachment":[{"href":"https:\/\/gymfactory.eu\/fr\/wp-json\/wp\/v2\/media?parent=26447"}],"wp:term":[{"taxonomy":"product_brand","embeddable":true,"href":"https:\/\/gymfactory.eu\/fr\/wp-json\/wp\/v2\/product_brand?post=26447"},{"taxonomy":"product_cat","embeddable":true,"href":"https:\/\/gymfactory.eu\/fr\/wp-json\/wp\/v2\/product_cat?post=26447"},{"taxonomy":"product_tag","embeddable":true,"href":"https:\/\/gymfactory.eu\/fr\/wp-json\/wp\/v2\/product_tag?post=26447"}],"curies":[{"name":"wp","href":"https:\/\/api.w.org\/{rel}","templated":true}]}}