{"id":26422,"date":"2025-02-12T15:00:03","date_gmt":"2025-02-12T13:00:03","guid":{"rendered":"https:\/\/gymfactory.eu\/product\/revetement-de-poignee-thermoretractable-antibacterien-hsr2\/"},"modified":"2025-02-12T15:00:03","modified_gmt":"2025-02-12T13:00:03","slug":"revetement-de-poignee-thermoretractable-antibacterien-hsr2","status":"publish","type":"product","link":"https:\/\/gymfactory.eu\/fr\/produit\/revetement-de-poignee-thermoretractable-antibacterien-hsr2\/","title":{"rendered":"Rev\u00eatement de Poign\u00e9e Thermor\u00e9tractable Antibact\u00e9rien HSR2"},"content":{"rendered":"<p>Le Rev\u00eatement HSR2 est une gaine thermor\u00e9tractable antibact\u00e9rienne con\u00e7ue pour les poign\u00e9es de 27 mm de diam\u00e8tre. Vendu au m\u00e8tre, il s\u2019applique en enduisant d\u2019abord la poign\u00e9e d\u2019adh\u00e9sif, puis en r\u00e9tractant le mat\u00e9riau \u00e0 l\u2019aide d\u2019un pistolet \u00e0 air chaud. Ce mat\u00e9riau offre une surface antid\u00e9rapante et poss\u00e8de des propri\u00e9t\u00e9s antibact\u00e9riennes.  <\/p>\n<p>Actuellement, toutes les nouvelles productions utilisent des poign\u00e9es en acier inoxydable molet\u00e9es en raison de leur durabilit\u00e9 et de leurs performances d\u2019adh\u00e9rence \u00e9prouv\u00e9es. Cependant, ce rev\u00eatement de poign\u00e9e peut rester pertinent pour les \u00e9quipements plus anciens ou pour les utilisateurs qui entretiennent des machines existantes.<\/p>\n\n    <div class=\"xs_social_share_widget xs_share_url after_content \t\tmain_content  wslu-style-1 wslu-share-box-shaped wslu-fill-colored wslu-none wslu-share-horizontal wslu-theme-font-no wslu-main_content\">\n\n\t\t\n        <ul>\n\t\t\t        <\/ul>\n    <\/div> \n","protected":false},"excerpt":{"rendered":"<p>Le Rev\u00eatement HSR2 est une gaine thermor\u00e9tractable antibact\u00e9rienne con\u00e7ue pour les poign\u00e9es de 27 mm de diam\u00e8tre. Vendu au m\u00e8tre, il s\u2019applique en enduisant d\u2019abord la poign\u00e9e d\u2019adh\u00e9sif, puis en r\u00e9tractant le mat\u00e9riau \u00e0 l\u2019aide d\u2019un pistolet \u00e0 air chaud. Ce mat\u00e9riau offre une surface antid\u00e9rapante et poss\u00e8de des propri\u00e9t\u00e9s antibact\u00e9riennes. Actuellement, toutes les nouvelles [&hellip;]<\/p>\n","protected":false},"featured_media":11759,"template":"","meta":{"_acf_changed":false},"product_brand":[56],"product_cat":[827],"product_tag":[],"class_list":{"0":"post-26422","1":"product","2":"type-product","3":"status-publish","4":"has-post-thumbnail","6":"product_brand-gym-factory","7":"product_cat-pieces-detachees-pour-equipements-de-musculation","9":"first","10":"onbackorder","11":"taxable","12":"shipping-taxable","13":"purchasable","14":"product-type-simple"},"acf":[],"yoast_head":"<!-- This site is optimized with the Yoast SEO plugin v25.2 - https:\/\/yoast.com\/wordpress\/plugins\/seo\/ -->\n<title>Rev\u00eatement HSR2 Antibact\u00e9rien \u2013 Pi\u00e8ce D\u00e9tach\u00e9e Fiable<\/title>\n<meta name=\"description\" content=\"Am\u00e9liorez vos machines de gym avec le Rev\u00eatement HSR2, une pi\u00e8ce d\u00e9tach\u00e9e durable con\u00e7ue pour l\u2019hygi\u00e8ne, le confort et la long\u00e9vit\u00e9.\" \/>\n<meta name=\"robots\" content=\"index, follow, max-snippet:-1, max-image-preview:large, max-video-preview:-1\" \/>\n<link rel=\"canonical\" href=\"https:\/\/gymfactory.eu\/fr\/produit\/revetement-de-poignee-thermoretractable-antibacterien-hsr2\/\" \/>\n<meta property=\"og:locale\" content=\"fr_FR\" \/>\n<meta property=\"og:type\" content=\"article\" \/>\n<meta property=\"og:title\" content=\"Rev\u00eatement HSR2 Antibact\u00e9rien \u2013 Pi\u00e8ce D\u00e9tach\u00e9e Fiable\" \/>\n<meta property=\"og:description\" content=\"Am\u00e9liorez vos machines de gym avec le Rev\u00eatement HSR2, une pi\u00e8ce d\u00e9tach\u00e9e durable con\u00e7ue pour l\u2019hygi\u00e8ne, le confort et la long\u00e9vit\u00e9.\" \/>\n<meta property=\"og:url\" content=\"https:\/\/gymfactory.eu\/fr\/produit\/revetement-de-poignee-thermoretractable-antibacterien-hsr2\/\" \/>\n<meta property=\"og:site_name\" content=\"Gym Factory\" \/>\n<meta property=\"og:image\" content=\"https:\/\/gymfactory.eu\/wp-content\/uploads\/2025\/02\/HSR2-1.jpg\" \/>\n\t<meta property=\"og:image:width\" content=\"1833\" \/>\n\t<meta property=\"og:image:height\" content=\"1834\" \/>\n\t<meta property=\"og:image:type\" content=\"image\/jpeg\" \/>\n<meta name=\"twitter:card\" content=\"summary_large_image\" \/>\n<meta name=\"twitter:label1\" content=\"Dur\u00e9e de lecture estim\u00e9e\" \/>\n\t<meta name=\"twitter:data1\" content=\"1 minute\" \/>\n<script type=\"application\/ld+json\" class=\"yoast-schema-graph\">{\"@context\":\"https:\/\/schema.org\",\"@graph\":[{\"@type\":\"WebPage\",\"@id\":\"https:\/\/gymfactory.eu\/fr\/produit\/revetement-de-poignee-thermoretractable-antibacterien-hsr2\/\",\"url\":\"https:\/\/gymfactory.eu\/fr\/produit\/revetement-de-poignee-thermoretractable-antibacterien-hsr2\/\",\"name\":\"Rev\u00eatement HSR2 Antibact\u00e9rien \u2013 Pi\u00e8ce D\u00e9tach\u00e9e Fiable\",\"isPartOf\":{\"@id\":\"https:\/\/gymfactory.eu\/fr\/#website\"},\"primaryImageOfPage\":{\"@id\":\"https:\/\/gymfactory.eu\/fr\/produit\/revetement-de-poignee-thermoretractable-antibacterien-hsr2\/#primaryimage\"},\"image\":{\"@id\":\"https:\/\/gymfactory.eu\/fr\/produit\/revetement-de-poignee-thermoretractable-antibacterien-hsr2\/#primaryimage\"},\"thumbnailUrl\":\"https:\/\/gymfactory.eu\/wp-content\/uploads\/2025\/02\/HSR2-1.jpg\",\"datePublished\":\"2025-02-12T13:00:03+00:00\",\"description\":\"Am\u00e9liorez vos machines de gym avec le Rev\u00eatement HSR2, une pi\u00e8ce d\u00e9tach\u00e9e durable con\u00e7ue pour l\u2019hygi\u00e8ne, le confort et la long\u00e9vit\u00e9.\",\"breadcrumb\":{\"@id\":\"https:\/\/gymfactory.eu\/fr\/produit\/revetement-de-poignee-thermoretractable-antibacterien-hsr2\/#breadcrumb\"},\"inLanguage\":\"fr-FR\",\"potentialAction\":[{\"@type\":\"ReadAction\",\"target\":[\"https:\/\/gymfactory.eu\/fr\/produit\/revetement-de-poignee-thermoretractable-antibacterien-hsr2\/\"]}]},{\"@type\":\"ImageObject\",\"inLanguage\":\"fr-FR\",\"@id\":\"https:\/\/gymfactory.eu\/fr\/produit\/revetement-de-poignee-thermoretractable-antibacterien-hsr2\/#primaryimage\",\"url\":\"https:\/\/gymfactory.eu\/wp-content\/uploads\/2025\/02\/HSR2-1.jpg\",\"contentUrl\":\"https:\/\/gymfactory.eu\/wp-content\/uploads\/2025\/02\/HSR2-1.jpg\",\"width\":1833,\"height\":1834},{\"@type\":\"BreadcrumbList\",\"@id\":\"https:\/\/gymfactory.eu\/fr\/produit\/revetement-de-poignee-thermoretractable-antibacterien-hsr2\/#breadcrumb\",\"itemListElement\":[{\"@type\":\"ListItem\",\"position\":1,\"name\":\"Home\",\"item\":\"https:\/\/gymfactory.eu\/fr\/page-principale\/\"},{\"@type\":\"ListItem\",\"position\":2,\"name\":\"Catalogue\",\"item\":\"https:\/\/gymfactory.eu\/fr\/catalogue-2\/\"},{\"@type\":\"ListItem\",\"position\":3,\"name\":\"Rev\u00eatement de Poign\u00e9e Thermor\u00e9tractable Antibact\u00e9rien HSR2\"}]},{\"@type\":\"WebSite\",\"@id\":\"https:\/\/gymfactory.eu\/fr\/#website\",\"url\":\"https:\/\/gymfactory.eu\/fr\/\",\"name\":\"Gym Factory\",\"description\":\"\",\"publisher\":{\"@id\":\"https:\/\/gymfactory.eu\/fr\/#organization\"},\"potentialAction\":[{\"@type\":\"SearchAction\",\"target\":{\"@type\":\"EntryPoint\",\"urlTemplate\":\"https:\/\/gymfactory.eu\/fr\/?s={search_term_string}\"},\"query-input\":{\"@type\":\"PropertyValueSpecification\",\"valueRequired\":true,\"valueName\":\"search_term_string\"}}],\"inLanguage\":\"fr-FR\"},{\"@type\":\"Organization\",\"@id\":\"https:\/\/gymfactory.eu\/fr\/#organization\",\"name\":\"Gym Factory\",\"url\":\"https:\/\/gymfactory.eu\/fr\/\",\"logo\":{\"@type\":\"ImageObject\",\"inLanguage\":\"fr-FR\",\"@id\":\"https:\/\/gymfactory.eu\/fr\/#\/schema\/logo\/image\/\",\"url\":\"https:\/\/gymfactory.eu\/wp-content\/uploads\/2024\/11\/Component-1.svg\",\"contentUrl\":\"https:\/\/gymfactory.eu\/wp-content\/uploads\/2024\/11\/Component-1.svg\",\"width\":54,\"height\":44,\"caption\":\"Gym Factory\"},\"image\":{\"@id\":\"https:\/\/gymfactory.eu\/fr\/#\/schema\/logo\/image\/\"}}]}<\/script>\n<!-- \/ Yoast SEO plugin. -->","yoast_head_json":{"title":"Rev\u00eatement HSR2 Antibact\u00e9rien \u2013 Pi\u00e8ce D\u00e9tach\u00e9e Fiable","description":"Am\u00e9liorez vos machines de gym avec le Rev\u00eatement HSR2, une pi\u00e8ce d\u00e9tach\u00e9e durable con\u00e7ue pour l\u2019hygi\u00e8ne, le confort et la long\u00e9vit\u00e9.","robots":{"index":"index","follow":"follow","max-snippet":"max-snippet:-1","max-image-preview":"max-image-preview:large","max-video-preview":"max-video-preview:-1"},"canonical":"https:\/\/gymfactory.eu\/fr\/produit\/revetement-de-poignee-thermoretractable-antibacterien-hsr2\/","og_locale":"fr_FR","og_type":"article","og_title":"Rev\u00eatement HSR2 Antibact\u00e9rien \u2013 Pi\u00e8ce D\u00e9tach\u00e9e Fiable","og_description":"Am\u00e9liorez vos machines de gym avec le Rev\u00eatement HSR2, une pi\u00e8ce d\u00e9tach\u00e9e durable con\u00e7ue pour l\u2019hygi\u00e8ne, le confort et la long\u00e9vit\u00e9.","og_url":"https:\/\/gymfactory.eu\/fr\/produit\/revetement-de-poignee-thermoretractable-antibacterien-hsr2\/","og_site_name":"Gym Factory","og_image":[{"width":1833,"height":1834,"url":"https:\/\/gymfactory.eu\/wp-content\/uploads\/2025\/02\/HSR2-1.jpg","type":"image\/jpeg"}],"twitter_card":"summary_large_image","twitter_misc":{"Dur\u00e9e de lecture estim\u00e9e":"1 minute"},"schema":{"@context":"https:\/\/schema.org","@graph":[{"@type":"WebPage","@id":"https:\/\/gymfactory.eu\/fr\/produit\/revetement-de-poignee-thermoretractable-antibacterien-hsr2\/","url":"https:\/\/gymfactory.eu\/fr\/produit\/revetement-de-poignee-thermoretractable-antibacterien-hsr2\/","name":"Rev\u00eatement HSR2 Antibact\u00e9rien \u2013 Pi\u00e8ce D\u00e9tach\u00e9e Fiable","isPartOf":{"@id":"https:\/\/gymfactory.eu\/fr\/#website"},"primaryImageOfPage":{"@id":"https:\/\/gymfactory.eu\/fr\/produit\/revetement-de-poignee-thermoretractable-antibacterien-hsr2\/#primaryimage"},"image":{"@id":"https:\/\/gymfactory.eu\/fr\/produit\/revetement-de-poignee-thermoretractable-antibacterien-hsr2\/#primaryimage"},"thumbnailUrl":"https:\/\/gymfactory.eu\/wp-content\/uploads\/2025\/02\/HSR2-1.jpg","datePublished":"2025-02-12T13:00:03+00:00","description":"Am\u00e9liorez vos machines de gym avec le Rev\u00eatement HSR2, une pi\u00e8ce d\u00e9tach\u00e9e durable con\u00e7ue pour l\u2019hygi\u00e8ne, le confort et la long\u00e9vit\u00e9.","breadcrumb":{"@id":"https:\/\/gymfactory.eu\/fr\/produit\/revetement-de-poignee-thermoretractable-antibacterien-hsr2\/#breadcrumb"},"inLanguage":"fr-FR","potentialAction":[{"@type":"ReadAction","target":["https:\/\/gymfactory.eu\/fr\/produit\/revetement-de-poignee-thermoretractable-antibacterien-hsr2\/"]}]},{"@type":"ImageObject","inLanguage":"fr-FR","@id":"https:\/\/gymfactory.eu\/fr\/produit\/revetement-de-poignee-thermoretractable-antibacterien-hsr2\/#primaryimage","url":"https:\/\/gymfactory.eu\/wp-content\/uploads\/2025\/02\/HSR2-1.jpg","contentUrl":"https:\/\/gymfactory.eu\/wp-content\/uploads\/2025\/02\/HSR2-1.jpg","width":1833,"height":1834},{"@type":"BreadcrumbList","@id":"https:\/\/gymfactory.eu\/fr\/produit\/revetement-de-poignee-thermoretractable-antibacterien-hsr2\/#breadcrumb","itemListElement":[{"@type":"ListItem","position":1,"name":"Home","item":"https:\/\/gymfactory.eu\/fr\/page-principale\/"},{"@type":"ListItem","position":2,"name":"Catalogue","item":"https:\/\/gymfactory.eu\/fr\/catalogue-2\/"},{"@type":"ListItem","position":3,"name":"Rev\u00eatement de Poign\u00e9e Thermor\u00e9tractable Antibact\u00e9rien HSR2"}]},{"@type":"WebSite","@id":"https:\/\/gymfactory.eu\/fr\/#website","url":"https:\/\/gymfactory.eu\/fr\/","name":"Gym Factory","description":"","publisher":{"@id":"https:\/\/gymfactory.eu\/fr\/#organization"},"potentialAction":[{"@type":"SearchAction","target":{"@type":"EntryPoint","urlTemplate":"https:\/\/gymfactory.eu\/fr\/?s={search_term_string}"},"query-input":{"@type":"PropertyValueSpecification","valueRequired":true,"valueName":"search_term_string"}}],"inLanguage":"fr-FR"},{"@type":"Organization","@id":"https:\/\/gymfactory.eu\/fr\/#organization","name":"Gym Factory","url":"https:\/\/gymfactory.eu\/fr\/","logo":{"@type":"ImageObject","inLanguage":"fr-FR","@id":"https:\/\/gymfactory.eu\/fr\/#\/schema\/logo\/image\/","url":"https:\/\/gymfactory.eu\/wp-content\/uploads\/2024\/11\/Component-1.svg","contentUrl":"https:\/\/gymfactory.eu\/wp-content\/uploads\/2024\/11\/Component-1.svg","width":54,"height":44,"caption":"Gym Factory"},"image":{"@id":"https:\/\/gymfactory.eu\/fr\/#\/schema\/logo\/image\/"}}]}},"_links":{"self":[{"href":"https:\/\/gymfactory.eu\/fr\/wp-json\/wp\/v2\/product\/26422","targetHints":{"allow":["GET"]}}],"collection":[{"href":"https:\/\/gymfactory.eu\/fr\/wp-json\/wp\/v2\/product"}],"about":[{"href":"https:\/\/gymfactory.eu\/fr\/wp-json\/wp\/v2\/types\/product"}],"wp:featuredmedia":[{"embeddable":true,"href":"https:\/\/gymfactory.eu\/fr\/wp-json\/wp\/v2\/media\/11759"}],"wp:attachment":[{"href":"https:\/\/gymfactory.eu\/fr\/wp-json\/wp\/v2\/media?parent=26422"}],"wp:term":[{"taxonomy":"product_brand","embeddable":true,"href":"https:\/\/gymfactory.eu\/fr\/wp-json\/wp\/v2\/product_brand?post=26422"},{"taxonomy":"product_cat","embeddable":true,"href":"https:\/\/gymfactory.eu\/fr\/wp-json\/wp\/v2\/product_cat?post=26422"},{"taxonomy":"product_tag","embeddable":true,"href":"https:\/\/gymfactory.eu\/fr\/wp-json\/wp\/v2\/product_tag?post=26422"}],"curies":[{"name":"wp","href":"https:\/\/api.w.org\/{rel}","templated":true}]}}