{"id":26421,"date":"2025-02-12T15:00:03","date_gmt":"2025-02-12T13:00:03","guid":{"rendered":"https:\/\/gymfactory.eu\/product\/sangle-htd01\/"},"modified":"2025-02-12T15:00:03","modified_gmt":"2025-02-12T13:00:03","slug":"sangle-htd01","status":"publish","type":"product","link":"https:\/\/gymfactory.eu\/fr\/produit\/sangle-htd01\/","title":{"rendered":"Sangle HTD01"},"content":{"rendered":"<p data-start=\"0\" data-end=\"31\">La Sangle HTD01 est une sangle haute r\u00e9sistance fabriqu\u00e9e \u00e0 100% en polyester, con\u00e7ue pour \u00eatre utilis\u00e9e dans les \u00e9quipements de salle de sport ou les applications de support de charge. Elle poss\u00e8de une capacit\u00e9 de traction maximale de 1400 kg et une \u00e9lasticit\u00e9 de 2 \u00e0 4% sous une charge de 454 kg. Cette sangle offre une solution durable et \u00e0 faible allongement, adapt\u00e9e aux mouvements dynamiques et \u00e0 la tension.  <\/p>\n<p data-start=\"0\" data-end=\"31\">Prix au m\u00e8tre.<\/p>\n\n    <div class=\"xs_social_share_widget xs_share_url after_content \t\tmain_content  wslu-style-1 wslu-share-box-shaped wslu-fill-colored wslu-none wslu-share-horizontal wslu-theme-font-no wslu-main_content\">\n\n\t\t\n        <ul>\n\t\t\t        <\/ul>\n    <\/div> \n","protected":false},"excerpt":{"rendered":"<p>La Sangle HTD01 est une sangle haute r\u00e9sistance fabriqu\u00e9e \u00e0 100% en polyester, con\u00e7ue pour \u00eatre utilis\u00e9e dans les \u00e9quipements de salle de sport ou les applications de support de charge. Elle poss\u00e8de une capacit\u00e9 de traction maximale de 1400 kg et une \u00e9lasticit\u00e9 de 2 \u00e0 4% sous une charge de 454 kg. Cette [&hellip;]<\/p>\n","protected":false},"featured_media":11764,"template":"","meta":{"_acf_changed":false},"product_brand":[56],"product_cat":[827],"product_tag":[],"class_list":{"0":"post-26421","1":"product","2":"type-product","3":"status-publish","4":"has-post-thumbnail","6":"product_brand-gym-factory","7":"product_cat-pieces-detachees-pour-equipements-de-musculation","9":"first","10":"onbackorder","11":"taxable","12":"shipping-taxable","13":"purchasable","14":"product-type-simple"},"acf":[],"yoast_head":"<!-- This site is optimized with the Yoast SEO plugin v25.2 - https:\/\/yoast.com\/wordpress\/plugins\/seo\/ -->\n<title>Sangle HTD01 \u2013 Pi\u00e8ce D\u00e9tach\u00e9e Durable pour \u00c9quipement<\/title>\n<meta name=\"description\" content=\"La Sangle HTD01 est une pi\u00e8ce d\u00e9tach\u00e9e de haute qualit\u00e9, con\u00e7ue pour assurer la durabilit\u00e9 et la fiabilit\u00e9 des pi\u00e8ces de machines de gym pour une performance fluide.\" \/>\n<meta name=\"robots\" content=\"index, follow, max-snippet:-1, max-image-preview:large, max-video-preview:-1\" \/>\n<link rel=\"canonical\" href=\"https:\/\/gymfactory.eu\/fr\/produit\/sangle-htd01\/\" \/>\n<meta property=\"og:locale\" content=\"fr_FR\" \/>\n<meta property=\"og:type\" content=\"article\" \/>\n<meta property=\"og:title\" content=\"Sangle HTD01 \u2013 Pi\u00e8ce D\u00e9tach\u00e9e Durable pour \u00c9quipement\" \/>\n<meta property=\"og:description\" content=\"La Sangle HTD01 est une pi\u00e8ce d\u00e9tach\u00e9e de haute qualit\u00e9, con\u00e7ue pour assurer la durabilit\u00e9 et la fiabilit\u00e9 des pi\u00e8ces de machines de gym pour une performance fluide.\" \/>\n<meta property=\"og:url\" content=\"https:\/\/gymfactory.eu\/fr\/produit\/sangle-htd01\/\" \/>\n<meta property=\"og:site_name\" content=\"Gym Factory\" \/>\n<meta property=\"og:image\" content=\"https:\/\/gymfactory.eu\/wp-content\/uploads\/2025\/02\/HTT021.jpg\" \/>\n\t<meta property=\"og:image:width\" content=\"1024\" \/>\n\t<meta property=\"og:image:height\" content=\"1024\" \/>\n\t<meta property=\"og:image:type\" content=\"image\/jpeg\" \/>\n<meta name=\"twitter:card\" content=\"summary_large_image\" \/>\n<script type=\"application\/ld+json\" class=\"yoast-schema-graph\">{\"@context\":\"https:\/\/schema.org\",\"@graph\":[{\"@type\":\"WebPage\",\"@id\":\"https:\/\/gymfactory.eu\/fr\/produit\/sangle-htd01\/\",\"url\":\"https:\/\/gymfactory.eu\/fr\/produit\/sangle-htd01\/\",\"name\":\"Sangle HTD01 \u2013 Pi\u00e8ce D\u00e9tach\u00e9e Durable pour \u00c9quipement\",\"isPartOf\":{\"@id\":\"https:\/\/gymfactory.eu\/fr\/#website\"},\"primaryImageOfPage\":{\"@id\":\"https:\/\/gymfactory.eu\/fr\/produit\/sangle-htd01\/#primaryimage\"},\"image\":{\"@id\":\"https:\/\/gymfactory.eu\/fr\/produit\/sangle-htd01\/#primaryimage\"},\"thumbnailUrl\":\"https:\/\/gymfactory.eu\/wp-content\/uploads\/2025\/02\/HTT021.jpg\",\"datePublished\":\"2025-02-12T13:00:03+00:00\",\"description\":\"La Sangle HTD01 est une pi\u00e8ce d\u00e9tach\u00e9e de haute qualit\u00e9, con\u00e7ue pour assurer la durabilit\u00e9 et la fiabilit\u00e9 des pi\u00e8ces de machines de gym pour une performance fluide.\",\"breadcrumb\":{\"@id\":\"https:\/\/gymfactory.eu\/fr\/produit\/sangle-htd01\/#breadcrumb\"},\"inLanguage\":\"fr-FR\",\"potentialAction\":[{\"@type\":\"ReadAction\",\"target\":[\"https:\/\/gymfactory.eu\/fr\/produit\/sangle-htd01\/\"]}]},{\"@type\":\"ImageObject\",\"inLanguage\":\"fr-FR\",\"@id\":\"https:\/\/gymfactory.eu\/fr\/produit\/sangle-htd01\/#primaryimage\",\"url\":\"https:\/\/gymfactory.eu\/wp-content\/uploads\/2025\/02\/HTT021.jpg\",\"contentUrl\":\"https:\/\/gymfactory.eu\/wp-content\/uploads\/2025\/02\/HTT021.jpg\",\"width\":1024,\"height\":1024},{\"@type\":\"BreadcrumbList\",\"@id\":\"https:\/\/gymfactory.eu\/fr\/produit\/sangle-htd01\/#breadcrumb\",\"itemListElement\":[{\"@type\":\"ListItem\",\"position\":1,\"name\":\"Home\",\"item\":\"https:\/\/gymfactory.eu\/fr\/page-principale\/\"},{\"@type\":\"ListItem\",\"position\":2,\"name\":\"Catalogue\",\"item\":\"https:\/\/gymfactory.eu\/fr\/catalogue-2\/\"},{\"@type\":\"ListItem\",\"position\":3,\"name\":\"Sangle HTD01\"}]},{\"@type\":\"WebSite\",\"@id\":\"https:\/\/gymfactory.eu\/fr\/#website\",\"url\":\"https:\/\/gymfactory.eu\/fr\/\",\"name\":\"Gym Factory\",\"description\":\"\",\"publisher\":{\"@id\":\"https:\/\/gymfactory.eu\/fr\/#organization\"},\"potentialAction\":[{\"@type\":\"SearchAction\",\"target\":{\"@type\":\"EntryPoint\",\"urlTemplate\":\"https:\/\/gymfactory.eu\/fr\/?s={search_term_string}\"},\"query-input\":{\"@type\":\"PropertyValueSpecification\",\"valueRequired\":true,\"valueName\":\"search_term_string\"}}],\"inLanguage\":\"fr-FR\"},{\"@type\":\"Organization\",\"@id\":\"https:\/\/gymfactory.eu\/fr\/#organization\",\"name\":\"Gym Factory\",\"url\":\"https:\/\/gymfactory.eu\/fr\/\",\"logo\":{\"@type\":\"ImageObject\",\"inLanguage\":\"fr-FR\",\"@id\":\"https:\/\/gymfactory.eu\/fr\/#\/schema\/logo\/image\/\",\"url\":\"https:\/\/gymfactory.eu\/wp-content\/uploads\/2024\/11\/Component-1.svg\",\"contentUrl\":\"https:\/\/gymfactory.eu\/wp-content\/uploads\/2024\/11\/Component-1.svg\",\"width\":54,\"height\":44,\"caption\":\"Gym Factory\"},\"image\":{\"@id\":\"https:\/\/gymfactory.eu\/fr\/#\/schema\/logo\/image\/\"}}]}<\/script>\n<!-- \/ Yoast SEO plugin. -->","yoast_head_json":{"title":"Sangle HTD01 \u2013 Pi\u00e8ce D\u00e9tach\u00e9e Durable pour \u00c9quipement","description":"La Sangle HTD01 est une pi\u00e8ce d\u00e9tach\u00e9e de haute qualit\u00e9, con\u00e7ue pour assurer la durabilit\u00e9 et la fiabilit\u00e9 des pi\u00e8ces de machines de gym pour une performance fluide.","robots":{"index":"index","follow":"follow","max-snippet":"max-snippet:-1","max-image-preview":"max-image-preview:large","max-video-preview":"max-video-preview:-1"},"canonical":"https:\/\/gymfactory.eu\/fr\/produit\/sangle-htd01\/","og_locale":"fr_FR","og_type":"article","og_title":"Sangle HTD01 \u2013 Pi\u00e8ce D\u00e9tach\u00e9e Durable pour \u00c9quipement","og_description":"La Sangle HTD01 est une pi\u00e8ce d\u00e9tach\u00e9e de haute qualit\u00e9, con\u00e7ue pour assurer la durabilit\u00e9 et la fiabilit\u00e9 des pi\u00e8ces de machines de gym pour une performance fluide.","og_url":"https:\/\/gymfactory.eu\/fr\/produit\/sangle-htd01\/","og_site_name":"Gym Factory","og_image":[{"width":1024,"height":1024,"url":"https:\/\/gymfactory.eu\/wp-content\/uploads\/2025\/02\/HTT021.jpg","type":"image\/jpeg"}],"twitter_card":"summary_large_image","schema":{"@context":"https:\/\/schema.org","@graph":[{"@type":"WebPage","@id":"https:\/\/gymfactory.eu\/fr\/produit\/sangle-htd01\/","url":"https:\/\/gymfactory.eu\/fr\/produit\/sangle-htd01\/","name":"Sangle HTD01 \u2013 Pi\u00e8ce D\u00e9tach\u00e9e Durable pour \u00c9quipement","isPartOf":{"@id":"https:\/\/gymfactory.eu\/fr\/#website"},"primaryImageOfPage":{"@id":"https:\/\/gymfactory.eu\/fr\/produit\/sangle-htd01\/#primaryimage"},"image":{"@id":"https:\/\/gymfactory.eu\/fr\/produit\/sangle-htd01\/#primaryimage"},"thumbnailUrl":"https:\/\/gymfactory.eu\/wp-content\/uploads\/2025\/02\/HTT021.jpg","datePublished":"2025-02-12T13:00:03+00:00","description":"La Sangle HTD01 est une pi\u00e8ce d\u00e9tach\u00e9e de haute qualit\u00e9, con\u00e7ue pour assurer la durabilit\u00e9 et la fiabilit\u00e9 des pi\u00e8ces de machines de gym pour une performance fluide.","breadcrumb":{"@id":"https:\/\/gymfactory.eu\/fr\/produit\/sangle-htd01\/#breadcrumb"},"inLanguage":"fr-FR","potentialAction":[{"@type":"ReadAction","target":["https:\/\/gymfactory.eu\/fr\/produit\/sangle-htd01\/"]}]},{"@type":"ImageObject","inLanguage":"fr-FR","@id":"https:\/\/gymfactory.eu\/fr\/produit\/sangle-htd01\/#primaryimage","url":"https:\/\/gymfactory.eu\/wp-content\/uploads\/2025\/02\/HTT021.jpg","contentUrl":"https:\/\/gymfactory.eu\/wp-content\/uploads\/2025\/02\/HTT021.jpg","width":1024,"height":1024},{"@type":"BreadcrumbList","@id":"https:\/\/gymfactory.eu\/fr\/produit\/sangle-htd01\/#breadcrumb","itemListElement":[{"@type":"ListItem","position":1,"name":"Home","item":"https:\/\/gymfactory.eu\/fr\/page-principale\/"},{"@type":"ListItem","position":2,"name":"Catalogue","item":"https:\/\/gymfactory.eu\/fr\/catalogue-2\/"},{"@type":"ListItem","position":3,"name":"Sangle HTD01"}]},{"@type":"WebSite","@id":"https:\/\/gymfactory.eu\/fr\/#website","url":"https:\/\/gymfactory.eu\/fr\/","name":"Gym Factory","description":"","publisher":{"@id":"https:\/\/gymfactory.eu\/fr\/#organization"},"potentialAction":[{"@type":"SearchAction","target":{"@type":"EntryPoint","urlTemplate":"https:\/\/gymfactory.eu\/fr\/?s={search_term_string}"},"query-input":{"@type":"PropertyValueSpecification","valueRequired":true,"valueName":"search_term_string"}}],"inLanguage":"fr-FR"},{"@type":"Organization","@id":"https:\/\/gymfactory.eu\/fr\/#organization","name":"Gym Factory","url":"https:\/\/gymfactory.eu\/fr\/","logo":{"@type":"ImageObject","inLanguage":"fr-FR","@id":"https:\/\/gymfactory.eu\/fr\/#\/schema\/logo\/image\/","url":"https:\/\/gymfactory.eu\/wp-content\/uploads\/2024\/11\/Component-1.svg","contentUrl":"https:\/\/gymfactory.eu\/wp-content\/uploads\/2024\/11\/Component-1.svg","width":54,"height":44,"caption":"Gym Factory"},"image":{"@id":"https:\/\/gymfactory.eu\/fr\/#\/schema\/logo\/image\/"}}]}},"_links":{"self":[{"href":"https:\/\/gymfactory.eu\/fr\/wp-json\/wp\/v2\/product\/26421","targetHints":{"allow":["GET"]}}],"collection":[{"href":"https:\/\/gymfactory.eu\/fr\/wp-json\/wp\/v2\/product"}],"about":[{"href":"https:\/\/gymfactory.eu\/fr\/wp-json\/wp\/v2\/types\/product"}],"wp:featuredmedia":[{"embeddable":true,"href":"https:\/\/gymfactory.eu\/fr\/wp-json\/wp\/v2\/media\/11764"}],"wp:attachment":[{"href":"https:\/\/gymfactory.eu\/fr\/wp-json\/wp\/v2\/media?parent=26421"}],"wp:term":[{"taxonomy":"product_brand","embeddable":true,"href":"https:\/\/gymfactory.eu\/fr\/wp-json\/wp\/v2\/product_brand?post=26421"},{"taxonomy":"product_cat","embeddable":true,"href":"https:\/\/gymfactory.eu\/fr\/wp-json\/wp\/v2\/product_cat?post=26421"},{"taxonomy":"product_tag","embeddable":true,"href":"https:\/\/gymfactory.eu\/fr\/wp-json\/wp\/v2\/product_tag?post=26421"}],"curies":[{"name":"wp","href":"https:\/\/api.w.org\/{rel}","templated":true}]}}