{"id":26420,"date":"2025-02-12T15:00:03","date_gmt":"2025-02-12T13:00:03","guid":{"rendered":"https:\/\/gymfactory.eu\/product\/butee-en-caoutchouc-hsg01\/"},"modified":"2025-02-12T15:00:03","modified_gmt":"2025-02-12T13:00:03","slug":"butee-en-caoutchouc-hsg01","status":"publish","type":"product","link":"https:\/\/gymfactory.eu\/fr\/produit\/butee-en-caoutchouc-hsg01\/","title":{"rendered":"But\u00e9e en Caoutchouc HSG01"},"content":{"rendered":"<p data-start=\"0\" data-end=\"65\">La Protection en Caoutchouc HSG01 est un composant utilis\u00e9 exclusivement sur les machines \u00e0 charge guid\u00e9e (piles de poids). Positionn\u00e9e sous la pile de poids, elle sert \u00e0 absorber les chocs et \u00e0 r\u00e9duire le bruit pendant l\u2019utilisation. Cette pi\u00e8ce est utilis\u00e9e en remplacement des ressorts traditionnels sur les machines \u00e0 charge guid\u00e9e depuis le 19 mars 2018.  <\/p>\n\n    <div class=\"xs_social_share_widget xs_share_url after_content \t\tmain_content  wslu-style-1 wslu-share-box-shaped wslu-fill-colored wslu-none wslu-share-horizontal wslu-theme-font-no wslu-main_content\">\n\n\t\t\n        <ul>\n\t\t\t        <\/ul>\n    <\/div> \n","protected":false},"excerpt":{"rendered":"<p>La Protection en Caoutchouc HSG01 est un composant utilis\u00e9 exclusivement sur les machines \u00e0 charge guid\u00e9e (piles de poids). Positionn\u00e9e sous la pile de poids, elle sert \u00e0 absorber les chocs et \u00e0 r\u00e9duire le bruit pendant l\u2019utilisation. Cette pi\u00e8ce est utilis\u00e9e en remplacement des ressorts traditionnels sur les machines \u00e0 charge guid\u00e9e depuis le [&hellip;]<\/p>\n","protected":false},"featured_media":11769,"template":"","meta":{"_acf_changed":false},"product_brand":[56],"product_cat":[827],"product_tag":[],"class_list":{"0":"post-26420","1":"product","2":"type-product","3":"status-publish","4":"has-post-thumbnail","6":"product_brand-gym-factory","7":"product_cat-pieces-detachees-pour-equipements-de-musculation","9":"first","10":"onbackorder","11":"taxable","12":"shipping-taxable","13":"purchasable","14":"product-type-simple"},"acf":[],"yoast_head":"<!-- This site is optimized with the Yoast SEO plugin v25.2 - https:\/\/yoast.com\/wordpress\/plugins\/seo\/ -->\n<title>But\u00e9e Caoutchouc HSG01 \u2013 Pi\u00e8ce D\u00e9tach\u00e9e Essentielle de Gym<\/title>\n<meta name=\"description\" content=\"La Protection HSG01 am\u00e9liore la durabilit\u00e9 des pi\u00e8ces de machines de gym, offrant une pi\u00e8ce d\u00e9tach\u00e9e fiable pour une performance s\u00e9curis\u00e9e et durable.\" \/>\n<meta name=\"robots\" content=\"index, follow, max-snippet:-1, max-image-preview:large, max-video-preview:-1\" \/>\n<link rel=\"canonical\" href=\"https:\/\/gymfactory.eu\/fr\/produit\/butee-en-caoutchouc-hsg01\/\" \/>\n<meta property=\"og:locale\" content=\"fr_FR\" \/>\n<meta property=\"og:type\" content=\"article\" \/>\n<meta property=\"og:title\" content=\"But\u00e9e Caoutchouc HSG01 \u2013 Pi\u00e8ce D\u00e9tach\u00e9e Essentielle de Gym\" \/>\n<meta property=\"og:description\" content=\"La Protection HSG01 am\u00e9liore la durabilit\u00e9 des pi\u00e8ces de machines de gym, offrant une pi\u00e8ce d\u00e9tach\u00e9e fiable pour une performance s\u00e9curis\u00e9e et durable.\" \/>\n<meta property=\"og:url\" content=\"https:\/\/gymfactory.eu\/fr\/produit\/butee-en-caoutchouc-hsg01\/\" \/>\n<meta property=\"og:site_name\" content=\"Gym Factory\" \/>\n<meta property=\"og:image\" content=\"https:\/\/gymfactory.eu\/wp-content\/uploads\/2025\/02\/HSG01-e.jpg\" \/>\n\t<meta property=\"og:image:width\" content=\"1024\" \/>\n\t<meta property=\"og:image:height\" content=\"1024\" \/>\n\t<meta property=\"og:image:type\" content=\"image\/jpeg\" \/>\n<meta name=\"twitter:card\" content=\"summary_large_image\" \/>\n<script type=\"application\/ld+json\" class=\"yoast-schema-graph\">{\"@context\":\"https:\/\/schema.org\",\"@graph\":[{\"@type\":\"WebPage\",\"@id\":\"https:\/\/gymfactory.eu\/fr\/produit\/butee-en-caoutchouc-hsg01\/\",\"url\":\"https:\/\/gymfactory.eu\/fr\/produit\/butee-en-caoutchouc-hsg01\/\",\"name\":\"But\u00e9e Caoutchouc HSG01 \u2013 Pi\u00e8ce D\u00e9tach\u00e9e Essentielle de Gym\",\"isPartOf\":{\"@id\":\"https:\/\/gymfactory.eu\/fr\/#website\"},\"primaryImageOfPage\":{\"@id\":\"https:\/\/gymfactory.eu\/fr\/produit\/butee-en-caoutchouc-hsg01\/#primaryimage\"},\"image\":{\"@id\":\"https:\/\/gymfactory.eu\/fr\/produit\/butee-en-caoutchouc-hsg01\/#primaryimage\"},\"thumbnailUrl\":\"https:\/\/gymfactory.eu\/wp-content\/uploads\/2025\/02\/HSG01-e.jpg\",\"datePublished\":\"2025-02-12T13:00:03+00:00\",\"description\":\"La Protection HSG01 am\u00e9liore la durabilit\u00e9 des pi\u00e8ces de machines de gym, offrant une pi\u00e8ce d\u00e9tach\u00e9e fiable pour une performance s\u00e9curis\u00e9e et durable.\",\"breadcrumb\":{\"@id\":\"https:\/\/gymfactory.eu\/fr\/produit\/butee-en-caoutchouc-hsg01\/#breadcrumb\"},\"inLanguage\":\"fr-FR\",\"potentialAction\":[{\"@type\":\"ReadAction\",\"target\":[\"https:\/\/gymfactory.eu\/fr\/produit\/butee-en-caoutchouc-hsg01\/\"]}]},{\"@type\":\"ImageObject\",\"inLanguage\":\"fr-FR\",\"@id\":\"https:\/\/gymfactory.eu\/fr\/produit\/butee-en-caoutchouc-hsg01\/#primaryimage\",\"url\":\"https:\/\/gymfactory.eu\/wp-content\/uploads\/2025\/02\/HSG01-e.jpg\",\"contentUrl\":\"https:\/\/gymfactory.eu\/wp-content\/uploads\/2025\/02\/HSG01-e.jpg\",\"width\":1024,\"height\":1024},{\"@type\":\"BreadcrumbList\",\"@id\":\"https:\/\/gymfactory.eu\/fr\/produit\/butee-en-caoutchouc-hsg01\/#breadcrumb\",\"itemListElement\":[{\"@type\":\"ListItem\",\"position\":1,\"name\":\"Home\",\"item\":\"https:\/\/gymfactory.eu\/fr\/page-principale\/\"},{\"@type\":\"ListItem\",\"position\":2,\"name\":\"Catalogue\",\"item\":\"https:\/\/gymfactory.eu\/fr\/catalogue-2\/\"},{\"@type\":\"ListItem\",\"position\":3,\"name\":\"But\u00e9e en Caoutchouc HSG01\"}]},{\"@type\":\"WebSite\",\"@id\":\"https:\/\/gymfactory.eu\/fr\/#website\",\"url\":\"https:\/\/gymfactory.eu\/fr\/\",\"name\":\"Gym Factory\",\"description\":\"\",\"publisher\":{\"@id\":\"https:\/\/gymfactory.eu\/fr\/#organization\"},\"potentialAction\":[{\"@type\":\"SearchAction\",\"target\":{\"@type\":\"EntryPoint\",\"urlTemplate\":\"https:\/\/gymfactory.eu\/fr\/?s={search_term_string}\"},\"query-input\":{\"@type\":\"PropertyValueSpecification\",\"valueRequired\":true,\"valueName\":\"search_term_string\"}}],\"inLanguage\":\"fr-FR\"},{\"@type\":\"Organization\",\"@id\":\"https:\/\/gymfactory.eu\/fr\/#organization\",\"name\":\"Gym Factory\",\"url\":\"https:\/\/gymfactory.eu\/fr\/\",\"logo\":{\"@type\":\"ImageObject\",\"inLanguage\":\"fr-FR\",\"@id\":\"https:\/\/gymfactory.eu\/fr\/#\/schema\/logo\/image\/\",\"url\":\"https:\/\/gymfactory.eu\/wp-content\/uploads\/2024\/11\/Component-1.svg\",\"contentUrl\":\"https:\/\/gymfactory.eu\/wp-content\/uploads\/2024\/11\/Component-1.svg\",\"width\":54,\"height\":44,\"caption\":\"Gym Factory\"},\"image\":{\"@id\":\"https:\/\/gymfactory.eu\/fr\/#\/schema\/logo\/image\/\"}}]}<\/script>\n<!-- \/ Yoast SEO plugin. -->","yoast_head_json":{"title":"But\u00e9e Caoutchouc HSG01 \u2013 Pi\u00e8ce D\u00e9tach\u00e9e Essentielle de Gym","description":"La Protection HSG01 am\u00e9liore la durabilit\u00e9 des pi\u00e8ces de machines de gym, offrant une pi\u00e8ce d\u00e9tach\u00e9e fiable pour une performance s\u00e9curis\u00e9e et durable.","robots":{"index":"index","follow":"follow","max-snippet":"max-snippet:-1","max-image-preview":"max-image-preview:large","max-video-preview":"max-video-preview:-1"},"canonical":"https:\/\/gymfactory.eu\/fr\/produit\/butee-en-caoutchouc-hsg01\/","og_locale":"fr_FR","og_type":"article","og_title":"But\u00e9e Caoutchouc HSG01 \u2013 Pi\u00e8ce D\u00e9tach\u00e9e Essentielle de Gym","og_description":"La Protection HSG01 am\u00e9liore la durabilit\u00e9 des pi\u00e8ces de machines de gym, offrant une pi\u00e8ce d\u00e9tach\u00e9e fiable pour une performance s\u00e9curis\u00e9e et durable.","og_url":"https:\/\/gymfactory.eu\/fr\/produit\/butee-en-caoutchouc-hsg01\/","og_site_name":"Gym Factory","og_image":[{"width":1024,"height":1024,"url":"https:\/\/gymfactory.eu\/wp-content\/uploads\/2025\/02\/HSG01-e.jpg","type":"image\/jpeg"}],"twitter_card":"summary_large_image","schema":{"@context":"https:\/\/schema.org","@graph":[{"@type":"WebPage","@id":"https:\/\/gymfactory.eu\/fr\/produit\/butee-en-caoutchouc-hsg01\/","url":"https:\/\/gymfactory.eu\/fr\/produit\/butee-en-caoutchouc-hsg01\/","name":"But\u00e9e Caoutchouc HSG01 \u2013 Pi\u00e8ce D\u00e9tach\u00e9e Essentielle de Gym","isPartOf":{"@id":"https:\/\/gymfactory.eu\/fr\/#website"},"primaryImageOfPage":{"@id":"https:\/\/gymfactory.eu\/fr\/produit\/butee-en-caoutchouc-hsg01\/#primaryimage"},"image":{"@id":"https:\/\/gymfactory.eu\/fr\/produit\/butee-en-caoutchouc-hsg01\/#primaryimage"},"thumbnailUrl":"https:\/\/gymfactory.eu\/wp-content\/uploads\/2025\/02\/HSG01-e.jpg","datePublished":"2025-02-12T13:00:03+00:00","description":"La Protection HSG01 am\u00e9liore la durabilit\u00e9 des pi\u00e8ces de machines de gym, offrant une pi\u00e8ce d\u00e9tach\u00e9e fiable pour une performance s\u00e9curis\u00e9e et durable.","breadcrumb":{"@id":"https:\/\/gymfactory.eu\/fr\/produit\/butee-en-caoutchouc-hsg01\/#breadcrumb"},"inLanguage":"fr-FR","potentialAction":[{"@type":"ReadAction","target":["https:\/\/gymfactory.eu\/fr\/produit\/butee-en-caoutchouc-hsg01\/"]}]},{"@type":"ImageObject","inLanguage":"fr-FR","@id":"https:\/\/gymfactory.eu\/fr\/produit\/butee-en-caoutchouc-hsg01\/#primaryimage","url":"https:\/\/gymfactory.eu\/wp-content\/uploads\/2025\/02\/HSG01-e.jpg","contentUrl":"https:\/\/gymfactory.eu\/wp-content\/uploads\/2025\/02\/HSG01-e.jpg","width":1024,"height":1024},{"@type":"BreadcrumbList","@id":"https:\/\/gymfactory.eu\/fr\/produit\/butee-en-caoutchouc-hsg01\/#breadcrumb","itemListElement":[{"@type":"ListItem","position":1,"name":"Home","item":"https:\/\/gymfactory.eu\/fr\/page-principale\/"},{"@type":"ListItem","position":2,"name":"Catalogue","item":"https:\/\/gymfactory.eu\/fr\/catalogue-2\/"},{"@type":"ListItem","position":3,"name":"But\u00e9e en Caoutchouc HSG01"}]},{"@type":"WebSite","@id":"https:\/\/gymfactory.eu\/fr\/#website","url":"https:\/\/gymfactory.eu\/fr\/","name":"Gym Factory","description":"","publisher":{"@id":"https:\/\/gymfactory.eu\/fr\/#organization"},"potentialAction":[{"@type":"SearchAction","target":{"@type":"EntryPoint","urlTemplate":"https:\/\/gymfactory.eu\/fr\/?s={search_term_string}"},"query-input":{"@type":"PropertyValueSpecification","valueRequired":true,"valueName":"search_term_string"}}],"inLanguage":"fr-FR"},{"@type":"Organization","@id":"https:\/\/gymfactory.eu\/fr\/#organization","name":"Gym Factory","url":"https:\/\/gymfactory.eu\/fr\/","logo":{"@type":"ImageObject","inLanguage":"fr-FR","@id":"https:\/\/gymfactory.eu\/fr\/#\/schema\/logo\/image\/","url":"https:\/\/gymfactory.eu\/wp-content\/uploads\/2024\/11\/Component-1.svg","contentUrl":"https:\/\/gymfactory.eu\/wp-content\/uploads\/2024\/11\/Component-1.svg","width":54,"height":44,"caption":"Gym Factory"},"image":{"@id":"https:\/\/gymfactory.eu\/fr\/#\/schema\/logo\/image\/"}}]}},"_links":{"self":[{"href":"https:\/\/gymfactory.eu\/fr\/wp-json\/wp\/v2\/product\/26420","targetHints":{"allow":["GET"]}}],"collection":[{"href":"https:\/\/gymfactory.eu\/fr\/wp-json\/wp\/v2\/product"}],"about":[{"href":"https:\/\/gymfactory.eu\/fr\/wp-json\/wp\/v2\/types\/product"}],"wp:featuredmedia":[{"embeddable":true,"href":"https:\/\/gymfactory.eu\/fr\/wp-json\/wp\/v2\/media\/11769"}],"wp:attachment":[{"href":"https:\/\/gymfactory.eu\/fr\/wp-json\/wp\/v2\/media?parent=26420"}],"wp:term":[{"taxonomy":"product_brand","embeddable":true,"href":"https:\/\/gymfactory.eu\/fr\/wp-json\/wp\/v2\/product_brand?post=26420"},{"taxonomy":"product_cat","embeddable":true,"href":"https:\/\/gymfactory.eu\/fr\/wp-json\/wp\/v2\/product_cat?post=26420"},{"taxonomy":"product_tag","embeddable":true,"href":"https:\/\/gymfactory.eu\/fr\/wp-json\/wp\/v2\/product_tag?post=26420"}],"curies":[{"name":"wp","href":"https:\/\/api.w.org\/{rel}","templated":true}]}}