{"id":26416,"date":"2025-02-12T15:00:03","date_gmt":"2025-02-12T13:00:03","guid":{"rendered":"https:\/\/gymfactory.eu\/product\/sangle-tg-2xxx-pour-machine-z16xx\/"},"modified":"2025-02-12T15:00:03","modified_gmt":"2025-02-12T13:00:03","slug":"sangle-tg-2xxx-pour-machine-z16xx","status":"publish","type":"product","link":"https:\/\/gymfactory.eu\/fr\/produit\/sangle-tg-2xxx-pour-machine-z16xx\/","title":{"rendered":"Sangle TG\u20132XXX pour Machine Z16XX"},"content":{"rendered":"<p>La Sangle TG\u20132XXX est une sangle r\u00e9glable robuste con\u00e7ue sp\u00e9cifiquement pour \u00eatre utilis\u00e9e avec <a href=\"https:\/\/gymfactory.eu\/product\/z16xx-glute-drive-machine\/\" target=\"_blank\" rel=\"noopener\">la machine Glute Drive Z16XX<\/a>. Elle dispose d\u2019une boucle ajustable permettant de modifier la longueur selon les besoins de chaque utilisateur. De chaque c\u00f4t\u00e9, la sangle est \u00e9quip\u00e9e de plaques m\u00e9talliques avec des boucles int\u00e9gr\u00e9es, assurant une fixation s\u00fbre \u00e0 la machine. Cette conception de connexion offre une grande libert\u00e9 de mouvement, permettant \u00e0 la sangle d\u2019\u00e9pouser parfaitement le corps de l\u2019utilisateur pendant l\u2019exercice pour un confort et des performances accrus.<\/p>\n\n    <div class=\"xs_social_share_widget xs_share_url after_content \t\tmain_content  wslu-style-1 wslu-share-box-shaped wslu-fill-colored wslu-none wslu-share-horizontal wslu-theme-font-no wslu-main_content\">\n\n\t\t\n        <ul>\n\t\t\t        <\/ul>\n    <\/div> \n","protected":false},"excerpt":{"rendered":"<p>La Sangle TG\u20132XXX est une sangle r\u00e9glable robuste con\u00e7ue sp\u00e9cifiquement pour \u00eatre utilis\u00e9e avec la machine Glute Drive Z16XX. Elle dispose d\u2019une boucle ajustable permettant de modifier la longueur selon les besoins de chaque utilisateur. De chaque c\u00f4t\u00e9, la sangle est \u00e9quip\u00e9e de plaques m\u00e9talliques avec des boucles int\u00e9gr\u00e9es, assurant une fixation s\u00fbre \u00e0 la [&hellip;]<\/p>\n","protected":false},"featured_media":11789,"template":"","meta":{"_acf_changed":false},"product_brand":[56],"product_cat":[827],"product_tag":[],"class_list":{"0":"post-26416","1":"product","2":"type-product","3":"status-publish","4":"has-post-thumbnail","6":"product_brand-gym-factory","7":"product_cat-pieces-detachees-pour-equipements-de-musculation","9":"first","10":"onbackorder","11":"taxable","12":"shipping-taxable","13":"purchasable","14":"product-type-simple"},"acf":[],"yoast_head":"<!-- This site is optimized with the Yoast SEO plugin v25.2 - https:\/\/yoast.com\/wordpress\/plugins\/seo\/ -->\n<title>Sangle TG\u20132XXX \u2013 Pi\u00e8ce D\u00e9tach\u00e9e Essentielle pour Z16XX<\/title>\n<meta name=\"description\" content=\"La Sangle TG\u20132XXX est une pi\u00e8ce d\u00e9tach\u00e9e durable pour la machine de gym Z16XX, assurant une performance s\u00e9curis\u00e9e et une fiabilit\u00e9 \u00e0 long terme.\" \/>\n<meta name=\"robots\" content=\"index, follow, max-snippet:-1, max-image-preview:large, max-video-preview:-1\" \/>\n<link rel=\"canonical\" href=\"https:\/\/gymfactory.eu\/fr\/produit\/sangle-tg-2xxx-pour-machine-z16xx\/\" \/>\n<meta property=\"og:locale\" content=\"fr_FR\" \/>\n<meta property=\"og:type\" content=\"article\" \/>\n<meta property=\"og:title\" content=\"Sangle TG\u20132XXX \u2013 Pi\u00e8ce D\u00e9tach\u00e9e Essentielle pour Z16XX\" \/>\n<meta property=\"og:description\" content=\"La Sangle TG\u20132XXX est une pi\u00e8ce d\u00e9tach\u00e9e durable pour la machine de gym Z16XX, assurant une performance s\u00e9curis\u00e9e et une fiabilit\u00e9 \u00e0 long terme.\" \/>\n<meta property=\"og:url\" content=\"https:\/\/gymfactory.eu\/fr\/produit\/sangle-tg-2xxx-pour-machine-z16xx\/\" \/>\n<meta property=\"og:site_name\" content=\"Gym Factory\" \/>\n<meta property=\"og:image\" content=\"https:\/\/gymfactory.eu\/wp-content\/uploads\/2025\/02\/Z24-3.jpg\" \/>\n\t<meta property=\"og:image:width\" content=\"2000\" \/>\n\t<meta property=\"og:image:height\" content=\"2000\" \/>\n\t<meta property=\"og:image:type\" content=\"image\/jpeg\" \/>\n<meta name=\"twitter:card\" content=\"summary_large_image\" \/>\n<script type=\"application\/ld+json\" class=\"yoast-schema-graph\">{\"@context\":\"https:\/\/schema.org\",\"@graph\":[{\"@type\":\"WebPage\",\"@id\":\"https:\/\/gymfactory.eu\/fr\/produit\/sangle-tg-2xxx-pour-machine-z16xx\/\",\"url\":\"https:\/\/gymfactory.eu\/fr\/produit\/sangle-tg-2xxx-pour-machine-z16xx\/\",\"name\":\"Sangle TG\u20132XXX \u2013 Pi\u00e8ce D\u00e9tach\u00e9e Essentielle pour Z16XX\",\"isPartOf\":{\"@id\":\"https:\/\/gymfactory.eu\/fr\/#website\"},\"primaryImageOfPage\":{\"@id\":\"https:\/\/gymfactory.eu\/fr\/produit\/sangle-tg-2xxx-pour-machine-z16xx\/#primaryimage\"},\"image\":{\"@id\":\"https:\/\/gymfactory.eu\/fr\/produit\/sangle-tg-2xxx-pour-machine-z16xx\/#primaryimage\"},\"thumbnailUrl\":\"https:\/\/gymfactory.eu\/wp-content\/uploads\/2025\/02\/Z24-3.jpg\",\"datePublished\":\"2025-02-12T13:00:03+00:00\",\"description\":\"La Sangle TG\u20132XXX est une pi\u00e8ce d\u00e9tach\u00e9e durable pour la machine de gym Z16XX, assurant une performance s\u00e9curis\u00e9e et une fiabilit\u00e9 \u00e0 long terme.\",\"breadcrumb\":{\"@id\":\"https:\/\/gymfactory.eu\/fr\/produit\/sangle-tg-2xxx-pour-machine-z16xx\/#breadcrumb\"},\"inLanguage\":\"fr-FR\",\"potentialAction\":[{\"@type\":\"ReadAction\",\"target\":[\"https:\/\/gymfactory.eu\/fr\/produit\/sangle-tg-2xxx-pour-machine-z16xx\/\"]}]},{\"@type\":\"ImageObject\",\"inLanguage\":\"fr-FR\",\"@id\":\"https:\/\/gymfactory.eu\/fr\/produit\/sangle-tg-2xxx-pour-machine-z16xx\/#primaryimage\",\"url\":\"https:\/\/gymfactory.eu\/wp-content\/uploads\/2025\/02\/Z24-3.jpg\",\"contentUrl\":\"https:\/\/gymfactory.eu\/wp-content\/uploads\/2025\/02\/Z24-3.jpg\",\"width\":2000,\"height\":2000},{\"@type\":\"BreadcrumbList\",\"@id\":\"https:\/\/gymfactory.eu\/fr\/produit\/sangle-tg-2xxx-pour-machine-z16xx\/#breadcrumb\",\"itemListElement\":[{\"@type\":\"ListItem\",\"position\":1,\"name\":\"Home\",\"item\":\"https:\/\/gymfactory.eu\/fr\/page-principale\/\"},{\"@type\":\"ListItem\",\"position\":2,\"name\":\"Catalogue\",\"item\":\"https:\/\/gymfactory.eu\/fr\/catalogue-2\/\"},{\"@type\":\"ListItem\",\"position\":3,\"name\":\"Sangle TG\u20132XXX pour Machine Z16XX\"}]},{\"@type\":\"WebSite\",\"@id\":\"https:\/\/gymfactory.eu\/fr\/#website\",\"url\":\"https:\/\/gymfactory.eu\/fr\/\",\"name\":\"Gym Factory\",\"description\":\"\",\"publisher\":{\"@id\":\"https:\/\/gymfactory.eu\/fr\/#organization\"},\"potentialAction\":[{\"@type\":\"SearchAction\",\"target\":{\"@type\":\"EntryPoint\",\"urlTemplate\":\"https:\/\/gymfactory.eu\/fr\/?s={search_term_string}\"},\"query-input\":{\"@type\":\"PropertyValueSpecification\",\"valueRequired\":true,\"valueName\":\"search_term_string\"}}],\"inLanguage\":\"fr-FR\"},{\"@type\":\"Organization\",\"@id\":\"https:\/\/gymfactory.eu\/fr\/#organization\",\"name\":\"Gym Factory\",\"url\":\"https:\/\/gymfactory.eu\/fr\/\",\"logo\":{\"@type\":\"ImageObject\",\"inLanguage\":\"fr-FR\",\"@id\":\"https:\/\/gymfactory.eu\/fr\/#\/schema\/logo\/image\/\",\"url\":\"https:\/\/gymfactory.eu\/wp-content\/uploads\/2024\/11\/Component-1.svg\",\"contentUrl\":\"https:\/\/gymfactory.eu\/wp-content\/uploads\/2024\/11\/Component-1.svg\",\"width\":54,\"height\":44,\"caption\":\"Gym Factory\"},\"image\":{\"@id\":\"https:\/\/gymfactory.eu\/fr\/#\/schema\/logo\/image\/\"}}]}<\/script>\n<!-- \/ Yoast SEO plugin. -->","yoast_head_json":{"title":"Sangle TG\u20132XXX \u2013 Pi\u00e8ce D\u00e9tach\u00e9e Essentielle pour Z16XX","description":"La Sangle TG\u20132XXX est une pi\u00e8ce d\u00e9tach\u00e9e durable pour la machine de gym Z16XX, assurant une performance s\u00e9curis\u00e9e et une fiabilit\u00e9 \u00e0 long terme.","robots":{"index":"index","follow":"follow","max-snippet":"max-snippet:-1","max-image-preview":"max-image-preview:large","max-video-preview":"max-video-preview:-1"},"canonical":"https:\/\/gymfactory.eu\/fr\/produit\/sangle-tg-2xxx-pour-machine-z16xx\/","og_locale":"fr_FR","og_type":"article","og_title":"Sangle TG\u20132XXX \u2013 Pi\u00e8ce D\u00e9tach\u00e9e Essentielle pour Z16XX","og_description":"La Sangle TG\u20132XXX est une pi\u00e8ce d\u00e9tach\u00e9e durable pour la machine de gym Z16XX, assurant une performance s\u00e9curis\u00e9e et une fiabilit\u00e9 \u00e0 long terme.","og_url":"https:\/\/gymfactory.eu\/fr\/produit\/sangle-tg-2xxx-pour-machine-z16xx\/","og_site_name":"Gym Factory","og_image":[{"width":2000,"height":2000,"url":"https:\/\/gymfactory.eu\/wp-content\/uploads\/2025\/02\/Z24-3.jpg","type":"image\/jpeg"}],"twitter_card":"summary_large_image","schema":{"@context":"https:\/\/schema.org","@graph":[{"@type":"WebPage","@id":"https:\/\/gymfactory.eu\/fr\/produit\/sangle-tg-2xxx-pour-machine-z16xx\/","url":"https:\/\/gymfactory.eu\/fr\/produit\/sangle-tg-2xxx-pour-machine-z16xx\/","name":"Sangle TG\u20132XXX \u2013 Pi\u00e8ce D\u00e9tach\u00e9e Essentielle pour Z16XX","isPartOf":{"@id":"https:\/\/gymfactory.eu\/fr\/#website"},"primaryImageOfPage":{"@id":"https:\/\/gymfactory.eu\/fr\/produit\/sangle-tg-2xxx-pour-machine-z16xx\/#primaryimage"},"image":{"@id":"https:\/\/gymfactory.eu\/fr\/produit\/sangle-tg-2xxx-pour-machine-z16xx\/#primaryimage"},"thumbnailUrl":"https:\/\/gymfactory.eu\/wp-content\/uploads\/2025\/02\/Z24-3.jpg","datePublished":"2025-02-12T13:00:03+00:00","description":"La Sangle TG\u20132XXX est une pi\u00e8ce d\u00e9tach\u00e9e durable pour la machine de gym Z16XX, assurant une performance s\u00e9curis\u00e9e et une fiabilit\u00e9 \u00e0 long terme.","breadcrumb":{"@id":"https:\/\/gymfactory.eu\/fr\/produit\/sangle-tg-2xxx-pour-machine-z16xx\/#breadcrumb"},"inLanguage":"fr-FR","potentialAction":[{"@type":"ReadAction","target":["https:\/\/gymfactory.eu\/fr\/produit\/sangle-tg-2xxx-pour-machine-z16xx\/"]}]},{"@type":"ImageObject","inLanguage":"fr-FR","@id":"https:\/\/gymfactory.eu\/fr\/produit\/sangle-tg-2xxx-pour-machine-z16xx\/#primaryimage","url":"https:\/\/gymfactory.eu\/wp-content\/uploads\/2025\/02\/Z24-3.jpg","contentUrl":"https:\/\/gymfactory.eu\/wp-content\/uploads\/2025\/02\/Z24-3.jpg","width":2000,"height":2000},{"@type":"BreadcrumbList","@id":"https:\/\/gymfactory.eu\/fr\/produit\/sangle-tg-2xxx-pour-machine-z16xx\/#breadcrumb","itemListElement":[{"@type":"ListItem","position":1,"name":"Home","item":"https:\/\/gymfactory.eu\/fr\/page-principale\/"},{"@type":"ListItem","position":2,"name":"Catalogue","item":"https:\/\/gymfactory.eu\/fr\/catalogue-2\/"},{"@type":"ListItem","position":3,"name":"Sangle TG\u20132XXX pour Machine Z16XX"}]},{"@type":"WebSite","@id":"https:\/\/gymfactory.eu\/fr\/#website","url":"https:\/\/gymfactory.eu\/fr\/","name":"Gym Factory","description":"","publisher":{"@id":"https:\/\/gymfactory.eu\/fr\/#organization"},"potentialAction":[{"@type":"SearchAction","target":{"@type":"EntryPoint","urlTemplate":"https:\/\/gymfactory.eu\/fr\/?s={search_term_string}"},"query-input":{"@type":"PropertyValueSpecification","valueRequired":true,"valueName":"search_term_string"}}],"inLanguage":"fr-FR"},{"@type":"Organization","@id":"https:\/\/gymfactory.eu\/fr\/#organization","name":"Gym Factory","url":"https:\/\/gymfactory.eu\/fr\/","logo":{"@type":"ImageObject","inLanguage":"fr-FR","@id":"https:\/\/gymfactory.eu\/fr\/#\/schema\/logo\/image\/","url":"https:\/\/gymfactory.eu\/wp-content\/uploads\/2024\/11\/Component-1.svg","contentUrl":"https:\/\/gymfactory.eu\/wp-content\/uploads\/2024\/11\/Component-1.svg","width":54,"height":44,"caption":"Gym Factory"},"image":{"@id":"https:\/\/gymfactory.eu\/fr\/#\/schema\/logo\/image\/"}}]}},"_links":{"self":[{"href":"https:\/\/gymfactory.eu\/fr\/wp-json\/wp\/v2\/product\/26416","targetHints":{"allow":["GET"]}}],"collection":[{"href":"https:\/\/gymfactory.eu\/fr\/wp-json\/wp\/v2\/product"}],"about":[{"href":"https:\/\/gymfactory.eu\/fr\/wp-json\/wp\/v2\/types\/product"}],"wp:featuredmedia":[{"embeddable":true,"href":"https:\/\/gymfactory.eu\/fr\/wp-json\/wp\/v2\/media\/11789"}],"wp:attachment":[{"href":"https:\/\/gymfactory.eu\/fr\/wp-json\/wp\/v2\/media?parent=26416"}],"wp:term":[{"taxonomy":"product_brand","embeddable":true,"href":"https:\/\/gymfactory.eu\/fr\/wp-json\/wp\/v2\/product_brand?post=26416"},{"taxonomy":"product_cat","embeddable":true,"href":"https:\/\/gymfactory.eu\/fr\/wp-json\/wp\/v2\/product_cat?post=26416"},{"taxonomy":"product_tag","embeddable":true,"href":"https:\/\/gymfactory.eu\/fr\/wp-json\/wp\/v2\/product_tag?post=26416"}],"curies":[{"name":"wp","href":"https:\/\/api.w.org\/{rel}","templated":true}]}}