{"id":26415,"date":"2025-02-12T15:00:03","date_gmt":"2025-02-12T13:00:03","guid":{"rendered":"https:\/\/gymfactory.eu\/product\/goupille-de-selection-de-poids-hff03\/"},"modified":"2025-02-12T15:00:03","modified_gmt":"2025-02-12T13:00:03","slug":"goupille-de-selection-de-poids-hff03","status":"publish","type":"product","link":"https:\/\/gymfactory.eu\/fr\/produit\/goupille-de-selection-de-poids-hff03\/","title":{"rendered":"Goupille de S\u00e9lection de Poids HFF03"},"content":{"rendered":"<p data-start=\"0\" data-end=\"24\">La Goupille HFF03 est une tige en acier utilis\u00e9e pour s\u00e9lectionner la charge sur les machines de musculation \u00e0 charge guid\u00e9e (piles de poids). Elle pr\u00e9sente une longueur de 100 mm et un diam\u00e8tre de 10 mm, con\u00e7ue pour s\u2019ins\u00e9rer solidement dans les orifices standards des plaques de poids. Cette goupille assure une s\u00e9lection de charge stable et fiable lors de l\u2019utilisation de la machine.  <\/p>\n\n    <div class=\"xs_social_share_widget xs_share_url after_content \t\tmain_content  wslu-style-1 wslu-share-box-shaped wslu-fill-colored wslu-none wslu-share-horizontal wslu-theme-font-no wslu-main_content\">\n\n\t\t\n        <ul>\n\t\t\t        <\/ul>\n    <\/div> \n","protected":false},"excerpt":{"rendered":"<p>La Goupille HFF03 est une tige en acier utilis\u00e9e pour s\u00e9lectionner la charge sur les machines de musculation \u00e0 charge guid\u00e9e (piles de poids). Elle pr\u00e9sente une longueur de 100 mm et un diam\u00e8tre de 10 mm, con\u00e7ue pour s\u2019ins\u00e9rer solidement dans les orifices standards des plaques de poids. Cette goupille assure une s\u00e9lection de [&hellip;]<\/p>\n","protected":false},"featured_media":11794,"template":"","meta":{"_acf_changed":false},"product_brand":[56],"product_cat":[827],"product_tag":[],"class_list":{"0":"post-26415","1":"product","2":"type-product","3":"status-publish","4":"has-post-thumbnail","6":"product_brand-gym-factory","7":"product_cat-pieces-detachees-pour-equipements-de-musculation","9":"first","10":"onbackorder","11":"taxable","12":"shipping-taxable","13":"purchasable","14":"product-type-simple"},"acf":[],"yoast_head":"<!-- This site is optimized with the Yoast SEO plugin v25.2 - https:\/\/yoast.com\/wordpress\/plugins\/seo\/ -->\n<title>Goupille HFF03 \u2013 S\u00e9lection de Charge S\u00e9curis\u00e9e pour Musculation<\/title>\n<meta name=\"description\" content=\"La Goupille HFF03 est une tige de s\u00e9lection durable, con\u00e7ue pour les pi\u00e8ces de machines de gym afin d\u2019assurer stabilit\u00e9, s\u00e9curit\u00e9 et fluidit\u00e9 de performance.\" \/>\n<meta name=\"robots\" content=\"index, follow, max-snippet:-1, max-image-preview:large, max-video-preview:-1\" \/>\n<link rel=\"canonical\" href=\"https:\/\/gymfactory.eu\/fr\/produit\/goupille-de-selection-de-poids-hff03\/\" \/>\n<meta property=\"og:locale\" content=\"fr_FR\" \/>\n<meta property=\"og:type\" content=\"article\" \/>\n<meta property=\"og:title\" content=\"Goupille HFF03 \u2013 S\u00e9lection de Charge S\u00e9curis\u00e9e pour Musculation\" \/>\n<meta property=\"og:description\" content=\"La Goupille HFF03 est une tige de s\u00e9lection durable, con\u00e7ue pour les pi\u00e8ces de machines de gym afin d\u2019assurer stabilit\u00e9, s\u00e9curit\u00e9 et fluidit\u00e9 de performance.\" \/>\n<meta property=\"og:url\" content=\"https:\/\/gymfactory.eu\/fr\/produit\/goupille-de-selection-de-poids-hff03\/\" \/>\n<meta property=\"og:site_name\" content=\"Gym Factory\" \/>\n<meta property=\"og:image\" content=\"https:\/\/gymfactory.eu\/wp-content\/uploads\/2025\/02\/111111.jpg\" \/>\n\t<meta property=\"og:image:width\" content=\"1000\" \/>\n\t<meta property=\"og:image:height\" content=\"1000\" \/>\n\t<meta property=\"og:image:type\" content=\"image\/jpeg\" \/>\n<meta name=\"twitter:card\" content=\"summary_large_image\" \/>\n<script type=\"application\/ld+json\" class=\"yoast-schema-graph\">{\"@context\":\"https:\/\/schema.org\",\"@graph\":[{\"@type\":\"WebPage\",\"@id\":\"https:\/\/gymfactory.eu\/fr\/produit\/goupille-de-selection-de-poids-hff03\/\",\"url\":\"https:\/\/gymfactory.eu\/fr\/produit\/goupille-de-selection-de-poids-hff03\/\",\"name\":\"Goupille HFF03 \u2013 S\u00e9lection de Charge S\u00e9curis\u00e9e pour Musculation\",\"isPartOf\":{\"@id\":\"https:\/\/gymfactory.eu\/fr\/#website\"},\"primaryImageOfPage\":{\"@id\":\"https:\/\/gymfactory.eu\/fr\/produit\/goupille-de-selection-de-poids-hff03\/#primaryimage\"},\"image\":{\"@id\":\"https:\/\/gymfactory.eu\/fr\/produit\/goupille-de-selection-de-poids-hff03\/#primaryimage\"},\"thumbnailUrl\":\"https:\/\/gymfactory.eu\/wp-content\/uploads\/2025\/02\/111111.jpg\",\"datePublished\":\"2025-02-12T13:00:03+00:00\",\"description\":\"La Goupille HFF03 est une tige de s\u00e9lection durable, con\u00e7ue pour les pi\u00e8ces de machines de gym afin d\u2019assurer stabilit\u00e9, s\u00e9curit\u00e9 et fluidit\u00e9 de performance.\",\"breadcrumb\":{\"@id\":\"https:\/\/gymfactory.eu\/fr\/produit\/goupille-de-selection-de-poids-hff03\/#breadcrumb\"},\"inLanguage\":\"fr-FR\",\"potentialAction\":[{\"@type\":\"ReadAction\",\"target\":[\"https:\/\/gymfactory.eu\/fr\/produit\/goupille-de-selection-de-poids-hff03\/\"]}]},{\"@type\":\"ImageObject\",\"inLanguage\":\"fr-FR\",\"@id\":\"https:\/\/gymfactory.eu\/fr\/produit\/goupille-de-selection-de-poids-hff03\/#primaryimage\",\"url\":\"https:\/\/gymfactory.eu\/wp-content\/uploads\/2025\/02\/111111.jpg\",\"contentUrl\":\"https:\/\/gymfactory.eu\/wp-content\/uploads\/2025\/02\/111111.jpg\",\"width\":1000,\"height\":1000},{\"@type\":\"BreadcrumbList\",\"@id\":\"https:\/\/gymfactory.eu\/fr\/produit\/goupille-de-selection-de-poids-hff03\/#breadcrumb\",\"itemListElement\":[{\"@type\":\"ListItem\",\"position\":1,\"name\":\"Home\",\"item\":\"https:\/\/gymfactory.eu\/fr\/page-principale\/\"},{\"@type\":\"ListItem\",\"position\":2,\"name\":\"Catalogue\",\"item\":\"https:\/\/gymfactory.eu\/fr\/catalogue-2\/\"},{\"@type\":\"ListItem\",\"position\":3,\"name\":\"Goupille de S\u00e9lection de Poids HFF03\"}]},{\"@type\":\"WebSite\",\"@id\":\"https:\/\/gymfactory.eu\/fr\/#website\",\"url\":\"https:\/\/gymfactory.eu\/fr\/\",\"name\":\"Gym Factory\",\"description\":\"\",\"publisher\":{\"@id\":\"https:\/\/gymfactory.eu\/fr\/#organization\"},\"potentialAction\":[{\"@type\":\"SearchAction\",\"target\":{\"@type\":\"EntryPoint\",\"urlTemplate\":\"https:\/\/gymfactory.eu\/fr\/?s={search_term_string}\"},\"query-input\":{\"@type\":\"PropertyValueSpecification\",\"valueRequired\":true,\"valueName\":\"search_term_string\"}}],\"inLanguage\":\"fr-FR\"},{\"@type\":\"Organization\",\"@id\":\"https:\/\/gymfactory.eu\/fr\/#organization\",\"name\":\"Gym Factory\",\"url\":\"https:\/\/gymfactory.eu\/fr\/\",\"logo\":{\"@type\":\"ImageObject\",\"inLanguage\":\"fr-FR\",\"@id\":\"https:\/\/gymfactory.eu\/fr\/#\/schema\/logo\/image\/\",\"url\":\"https:\/\/gymfactory.eu\/wp-content\/uploads\/2024\/11\/Component-1.svg\",\"contentUrl\":\"https:\/\/gymfactory.eu\/wp-content\/uploads\/2024\/11\/Component-1.svg\",\"width\":54,\"height\":44,\"caption\":\"Gym Factory\"},\"image\":{\"@id\":\"https:\/\/gymfactory.eu\/fr\/#\/schema\/logo\/image\/\"}}]}<\/script>\n<!-- \/ Yoast SEO plugin. -->","yoast_head_json":{"title":"Goupille HFF03 \u2013 S\u00e9lection de Charge S\u00e9curis\u00e9e pour Musculation","description":"La Goupille HFF03 est une tige de s\u00e9lection durable, con\u00e7ue pour les pi\u00e8ces de machines de gym afin d\u2019assurer stabilit\u00e9, s\u00e9curit\u00e9 et fluidit\u00e9 de performance.","robots":{"index":"index","follow":"follow","max-snippet":"max-snippet:-1","max-image-preview":"max-image-preview:large","max-video-preview":"max-video-preview:-1"},"canonical":"https:\/\/gymfactory.eu\/fr\/produit\/goupille-de-selection-de-poids-hff03\/","og_locale":"fr_FR","og_type":"article","og_title":"Goupille HFF03 \u2013 S\u00e9lection de Charge S\u00e9curis\u00e9e pour Musculation","og_description":"La Goupille HFF03 est une tige de s\u00e9lection durable, con\u00e7ue pour les pi\u00e8ces de machines de gym afin d\u2019assurer stabilit\u00e9, s\u00e9curit\u00e9 et fluidit\u00e9 de performance.","og_url":"https:\/\/gymfactory.eu\/fr\/produit\/goupille-de-selection-de-poids-hff03\/","og_site_name":"Gym Factory","og_image":[{"width":1000,"height":1000,"url":"https:\/\/gymfactory.eu\/wp-content\/uploads\/2025\/02\/111111.jpg","type":"image\/jpeg"}],"twitter_card":"summary_large_image","schema":{"@context":"https:\/\/schema.org","@graph":[{"@type":"WebPage","@id":"https:\/\/gymfactory.eu\/fr\/produit\/goupille-de-selection-de-poids-hff03\/","url":"https:\/\/gymfactory.eu\/fr\/produit\/goupille-de-selection-de-poids-hff03\/","name":"Goupille HFF03 \u2013 S\u00e9lection de Charge S\u00e9curis\u00e9e pour Musculation","isPartOf":{"@id":"https:\/\/gymfactory.eu\/fr\/#website"},"primaryImageOfPage":{"@id":"https:\/\/gymfactory.eu\/fr\/produit\/goupille-de-selection-de-poids-hff03\/#primaryimage"},"image":{"@id":"https:\/\/gymfactory.eu\/fr\/produit\/goupille-de-selection-de-poids-hff03\/#primaryimage"},"thumbnailUrl":"https:\/\/gymfactory.eu\/wp-content\/uploads\/2025\/02\/111111.jpg","datePublished":"2025-02-12T13:00:03+00:00","description":"La Goupille HFF03 est une tige de s\u00e9lection durable, con\u00e7ue pour les pi\u00e8ces de machines de gym afin d\u2019assurer stabilit\u00e9, s\u00e9curit\u00e9 et fluidit\u00e9 de performance.","breadcrumb":{"@id":"https:\/\/gymfactory.eu\/fr\/produit\/goupille-de-selection-de-poids-hff03\/#breadcrumb"},"inLanguage":"fr-FR","potentialAction":[{"@type":"ReadAction","target":["https:\/\/gymfactory.eu\/fr\/produit\/goupille-de-selection-de-poids-hff03\/"]}]},{"@type":"ImageObject","inLanguage":"fr-FR","@id":"https:\/\/gymfactory.eu\/fr\/produit\/goupille-de-selection-de-poids-hff03\/#primaryimage","url":"https:\/\/gymfactory.eu\/wp-content\/uploads\/2025\/02\/111111.jpg","contentUrl":"https:\/\/gymfactory.eu\/wp-content\/uploads\/2025\/02\/111111.jpg","width":1000,"height":1000},{"@type":"BreadcrumbList","@id":"https:\/\/gymfactory.eu\/fr\/produit\/goupille-de-selection-de-poids-hff03\/#breadcrumb","itemListElement":[{"@type":"ListItem","position":1,"name":"Home","item":"https:\/\/gymfactory.eu\/fr\/page-principale\/"},{"@type":"ListItem","position":2,"name":"Catalogue","item":"https:\/\/gymfactory.eu\/fr\/catalogue-2\/"},{"@type":"ListItem","position":3,"name":"Goupille de S\u00e9lection de Poids HFF03"}]},{"@type":"WebSite","@id":"https:\/\/gymfactory.eu\/fr\/#website","url":"https:\/\/gymfactory.eu\/fr\/","name":"Gym Factory","description":"","publisher":{"@id":"https:\/\/gymfactory.eu\/fr\/#organization"},"potentialAction":[{"@type":"SearchAction","target":{"@type":"EntryPoint","urlTemplate":"https:\/\/gymfactory.eu\/fr\/?s={search_term_string}"},"query-input":{"@type":"PropertyValueSpecification","valueRequired":true,"valueName":"search_term_string"}}],"inLanguage":"fr-FR"},{"@type":"Organization","@id":"https:\/\/gymfactory.eu\/fr\/#organization","name":"Gym Factory","url":"https:\/\/gymfactory.eu\/fr\/","logo":{"@type":"ImageObject","inLanguage":"fr-FR","@id":"https:\/\/gymfactory.eu\/fr\/#\/schema\/logo\/image\/","url":"https:\/\/gymfactory.eu\/wp-content\/uploads\/2024\/11\/Component-1.svg","contentUrl":"https:\/\/gymfactory.eu\/wp-content\/uploads\/2024\/11\/Component-1.svg","width":54,"height":44,"caption":"Gym Factory"},"image":{"@id":"https:\/\/gymfactory.eu\/fr\/#\/schema\/logo\/image\/"}}]}},"_links":{"self":[{"href":"https:\/\/gymfactory.eu\/fr\/wp-json\/wp\/v2\/product\/26415","targetHints":{"allow":["GET"]}}],"collection":[{"href":"https:\/\/gymfactory.eu\/fr\/wp-json\/wp\/v2\/product"}],"about":[{"href":"https:\/\/gymfactory.eu\/fr\/wp-json\/wp\/v2\/types\/product"}],"wp:featuredmedia":[{"embeddable":true,"href":"https:\/\/gymfactory.eu\/fr\/wp-json\/wp\/v2\/media\/11794"}],"wp:attachment":[{"href":"https:\/\/gymfactory.eu\/fr\/wp-json\/wp\/v2\/media?parent=26415"}],"wp:term":[{"taxonomy":"product_brand","embeddable":true,"href":"https:\/\/gymfactory.eu\/fr\/wp-json\/wp\/v2\/product_brand?post=26415"},{"taxonomy":"product_cat","embeddable":true,"href":"https:\/\/gymfactory.eu\/fr\/wp-json\/wp\/v2\/product_cat?post=26415"},{"taxonomy":"product_tag","embeddable":true,"href":"https:\/\/gymfactory.eu\/fr\/wp-json\/wp\/v2\/product_tag?post=26415"}],"curies":[{"name":"wp","href":"https:\/\/api.w.org\/{rel}","templated":true}]}}