{"id":26413,"date":"2025-02-12T15:00:03","date_gmt":"2025-02-12T13:00:03","guid":{"rendered":"https:\/\/gymfactory.eu\/product\/embout-de-cable-serti-htp04\/"},"modified":"2025-02-12T15:00:03","modified_gmt":"2025-02-12T13:00:03","slug":"embout-de-cable-serti-htp04","status":"publish","type":"product","link":"https:\/\/gymfactory.eu\/fr\/produit\/embout-de-cable-serti-htp04\/","title":{"rendered":"Embout de C\u00e2ble Serti HTP04"},"content":{"rendered":"<p>L\u2019Embout de C\u00e2ble Serti HTP04 est un raccord de terminaison m\u00e9tallique utilis\u00e9 pour sertir l\u2019extr\u00e9mit\u00e9 d\u2019un c\u00e2ble de 6 mm sur les \u00e9quipements de musculation. Il forme une extr\u00e9mit\u00e9 cylindrique solide qui permet de fixer solidement le c\u00e2ble dans des composants tels que la vis de <a href=\"https:\/\/gymfactory.eu\/product\/htp05-block-cable-bolt\/\" target=\"_blank\" rel=\"noopener\">HTP05 Block Cable Bolt<\/a>, g\u00e9n\u00e9ralement en haut d\u2019une pile de poids. Cet embout garantit un point de terminaison propre et s\u00e9curis\u00e9 pour le c\u00e2ble.<\/p>\n\n    <div class=\"xs_social_share_widget xs_share_url after_content \t\tmain_content  wslu-style-1 wslu-share-box-shaped wslu-fill-colored wslu-none wslu-share-horizontal wslu-theme-font-no wslu-main_content\">\n\n\t\t\n        <ul>\n\t\t\t        <\/ul>\n    <\/div> \n","protected":false},"excerpt":{"rendered":"<p>L\u2019Embout de C\u00e2ble Serti HTP04 est un raccord de terminaison m\u00e9tallique utilis\u00e9 pour sertir l\u2019extr\u00e9mit\u00e9 d\u2019un c\u00e2ble de 6 mm sur les \u00e9quipements de musculation. Il forme une extr\u00e9mit\u00e9 cylindrique solide qui permet de fixer solidement le c\u00e2ble dans des composants tels que la vis de HTP05 Block Cable Bolt, g\u00e9n\u00e9ralement en haut d\u2019une pile [&hellip;]<\/p>\n","protected":false},"featured_media":11804,"template":"","meta":{"_acf_changed":false},"product_brand":[56],"product_cat":[827],"product_tag":[],"class_list":{"0":"post-26413","1":"product","2":"type-product","3":"status-publish","4":"has-post-thumbnail","6":"product_brand-gym-factory","7":"product_cat-pieces-detachees-pour-equipements-de-musculation","9":"first","10":"onbackorder","11":"taxable","12":"shipping-taxable","13":"purchasable","14":"product-type-simple"},"acf":[],"yoast_head":"<!-- This site is optimized with the Yoast SEO plugin v25.2 - https:\/\/yoast.com\/wordpress\/plugins\/seo\/ -->\n<title>Embout de C\u00e2ble HTP04 \u2013 Pi\u00e8ce D\u00e9tach\u00e9e Essentielle pour Gym<\/title>\n<meta name=\"description\" content=\"L\u2019Embout de C\u00e2ble Serti HTP04 est une pi\u00e8ce d\u00e9tach\u00e9e de gym durable, con\u00e7ue pour am\u00e9liorer la long\u00e9vit\u00e9 et les performances des machines de musculation.\" \/>\n<meta name=\"robots\" content=\"index, follow, max-snippet:-1, max-image-preview:large, max-video-preview:-1\" \/>\n<link rel=\"canonical\" href=\"https:\/\/gymfactory.eu\/fr\/produit\/embout-de-cable-serti-htp04\/\" \/>\n<meta property=\"og:locale\" content=\"fr_FR\" \/>\n<meta property=\"og:type\" content=\"article\" \/>\n<meta property=\"og:title\" content=\"Embout de C\u00e2ble HTP04 \u2013 Pi\u00e8ce D\u00e9tach\u00e9e Essentielle pour Gym\" \/>\n<meta property=\"og:description\" content=\"L\u2019Embout de C\u00e2ble Serti HTP04 est une pi\u00e8ce d\u00e9tach\u00e9e de gym durable, con\u00e7ue pour am\u00e9liorer la long\u00e9vit\u00e9 et les performances des machines de musculation.\" \/>\n<meta property=\"og:url\" content=\"https:\/\/gymfactory.eu\/fr\/produit\/embout-de-cable-serti-htp04\/\" \/>\n<meta property=\"og:site_name\" content=\"Gym Factory\" \/>\n<meta property=\"og:image\" content=\"https:\/\/gymfactory.eu\/wp-content\/uploads\/2025\/02\/HTP04-1.jpg\" \/>\n\t<meta property=\"og:image:width\" content=\"600\" \/>\n\t<meta property=\"og:image:height\" content=\"600\" \/>\n\t<meta property=\"og:image:type\" content=\"image\/jpeg\" \/>\n<meta name=\"twitter:card\" content=\"summary_large_image\" \/>\n<script type=\"application\/ld+json\" class=\"yoast-schema-graph\">{\"@context\":\"https:\/\/schema.org\",\"@graph\":[{\"@type\":\"WebPage\",\"@id\":\"https:\/\/gymfactory.eu\/fr\/produit\/embout-de-cable-serti-htp04\/\",\"url\":\"https:\/\/gymfactory.eu\/fr\/produit\/embout-de-cable-serti-htp04\/\",\"name\":\"Embout de C\u00e2ble HTP04 \u2013 Pi\u00e8ce D\u00e9tach\u00e9e Essentielle pour Gym\",\"isPartOf\":{\"@id\":\"https:\/\/gymfactory.eu\/fr\/#website\"},\"primaryImageOfPage\":{\"@id\":\"https:\/\/gymfactory.eu\/fr\/produit\/embout-de-cable-serti-htp04\/#primaryimage\"},\"image\":{\"@id\":\"https:\/\/gymfactory.eu\/fr\/produit\/embout-de-cable-serti-htp04\/#primaryimage\"},\"thumbnailUrl\":\"https:\/\/gymfactory.eu\/wp-content\/uploads\/2025\/02\/HTP04-1.jpg\",\"datePublished\":\"2025-02-12T13:00:03+00:00\",\"description\":\"L\u2019Embout de C\u00e2ble Serti HTP04 est une pi\u00e8ce d\u00e9tach\u00e9e de gym durable, con\u00e7ue pour am\u00e9liorer la long\u00e9vit\u00e9 et les performances des machines de musculation.\",\"breadcrumb\":{\"@id\":\"https:\/\/gymfactory.eu\/fr\/produit\/embout-de-cable-serti-htp04\/#breadcrumb\"},\"inLanguage\":\"fr-FR\",\"potentialAction\":[{\"@type\":\"ReadAction\",\"target\":[\"https:\/\/gymfactory.eu\/fr\/produit\/embout-de-cable-serti-htp04\/\"]}]},{\"@type\":\"ImageObject\",\"inLanguage\":\"fr-FR\",\"@id\":\"https:\/\/gymfactory.eu\/fr\/produit\/embout-de-cable-serti-htp04\/#primaryimage\",\"url\":\"https:\/\/gymfactory.eu\/wp-content\/uploads\/2025\/02\/HTP04-1.jpg\",\"contentUrl\":\"https:\/\/gymfactory.eu\/wp-content\/uploads\/2025\/02\/HTP04-1.jpg\",\"width\":600,\"height\":600},{\"@type\":\"BreadcrumbList\",\"@id\":\"https:\/\/gymfactory.eu\/fr\/produit\/embout-de-cable-serti-htp04\/#breadcrumb\",\"itemListElement\":[{\"@type\":\"ListItem\",\"position\":1,\"name\":\"Home\",\"item\":\"https:\/\/gymfactory.eu\/fr\/page-principale\/\"},{\"@type\":\"ListItem\",\"position\":2,\"name\":\"Catalogue\",\"item\":\"https:\/\/gymfactory.eu\/fr\/catalogue-2\/\"},{\"@type\":\"ListItem\",\"position\":3,\"name\":\"Embout de C\u00e2ble Serti HTP04\"}]},{\"@type\":\"WebSite\",\"@id\":\"https:\/\/gymfactory.eu\/fr\/#website\",\"url\":\"https:\/\/gymfactory.eu\/fr\/\",\"name\":\"Gym Factory\",\"description\":\"\",\"publisher\":{\"@id\":\"https:\/\/gymfactory.eu\/fr\/#organization\"},\"potentialAction\":[{\"@type\":\"SearchAction\",\"target\":{\"@type\":\"EntryPoint\",\"urlTemplate\":\"https:\/\/gymfactory.eu\/fr\/?s={search_term_string}\"},\"query-input\":{\"@type\":\"PropertyValueSpecification\",\"valueRequired\":true,\"valueName\":\"search_term_string\"}}],\"inLanguage\":\"fr-FR\"},{\"@type\":\"Organization\",\"@id\":\"https:\/\/gymfactory.eu\/fr\/#organization\",\"name\":\"Gym Factory\",\"url\":\"https:\/\/gymfactory.eu\/fr\/\",\"logo\":{\"@type\":\"ImageObject\",\"inLanguage\":\"fr-FR\",\"@id\":\"https:\/\/gymfactory.eu\/fr\/#\/schema\/logo\/image\/\",\"url\":\"https:\/\/gymfactory.eu\/wp-content\/uploads\/2024\/11\/Component-1.svg\",\"contentUrl\":\"https:\/\/gymfactory.eu\/wp-content\/uploads\/2024\/11\/Component-1.svg\",\"width\":54,\"height\":44,\"caption\":\"Gym Factory\"},\"image\":{\"@id\":\"https:\/\/gymfactory.eu\/fr\/#\/schema\/logo\/image\/\"}}]}<\/script>\n<!-- \/ Yoast SEO plugin. -->","yoast_head_json":{"title":"Embout de C\u00e2ble HTP04 \u2013 Pi\u00e8ce D\u00e9tach\u00e9e Essentielle pour Gym","description":"L\u2019Embout de C\u00e2ble Serti HTP04 est une pi\u00e8ce d\u00e9tach\u00e9e de gym durable, con\u00e7ue pour am\u00e9liorer la long\u00e9vit\u00e9 et les performances des machines de musculation.","robots":{"index":"index","follow":"follow","max-snippet":"max-snippet:-1","max-image-preview":"max-image-preview:large","max-video-preview":"max-video-preview:-1"},"canonical":"https:\/\/gymfactory.eu\/fr\/produit\/embout-de-cable-serti-htp04\/","og_locale":"fr_FR","og_type":"article","og_title":"Embout de C\u00e2ble HTP04 \u2013 Pi\u00e8ce D\u00e9tach\u00e9e Essentielle pour Gym","og_description":"L\u2019Embout de C\u00e2ble Serti HTP04 est une pi\u00e8ce d\u00e9tach\u00e9e de gym durable, con\u00e7ue pour am\u00e9liorer la long\u00e9vit\u00e9 et les performances des machines de musculation.","og_url":"https:\/\/gymfactory.eu\/fr\/produit\/embout-de-cable-serti-htp04\/","og_site_name":"Gym Factory","og_image":[{"width":600,"height":600,"url":"https:\/\/gymfactory.eu\/wp-content\/uploads\/2025\/02\/HTP04-1.jpg","type":"image\/jpeg"}],"twitter_card":"summary_large_image","schema":{"@context":"https:\/\/schema.org","@graph":[{"@type":"WebPage","@id":"https:\/\/gymfactory.eu\/fr\/produit\/embout-de-cable-serti-htp04\/","url":"https:\/\/gymfactory.eu\/fr\/produit\/embout-de-cable-serti-htp04\/","name":"Embout de C\u00e2ble HTP04 \u2013 Pi\u00e8ce D\u00e9tach\u00e9e Essentielle pour Gym","isPartOf":{"@id":"https:\/\/gymfactory.eu\/fr\/#website"},"primaryImageOfPage":{"@id":"https:\/\/gymfactory.eu\/fr\/produit\/embout-de-cable-serti-htp04\/#primaryimage"},"image":{"@id":"https:\/\/gymfactory.eu\/fr\/produit\/embout-de-cable-serti-htp04\/#primaryimage"},"thumbnailUrl":"https:\/\/gymfactory.eu\/wp-content\/uploads\/2025\/02\/HTP04-1.jpg","datePublished":"2025-02-12T13:00:03+00:00","description":"L\u2019Embout de C\u00e2ble Serti HTP04 est une pi\u00e8ce d\u00e9tach\u00e9e de gym durable, con\u00e7ue pour am\u00e9liorer la long\u00e9vit\u00e9 et les performances des machines de musculation.","breadcrumb":{"@id":"https:\/\/gymfactory.eu\/fr\/produit\/embout-de-cable-serti-htp04\/#breadcrumb"},"inLanguage":"fr-FR","potentialAction":[{"@type":"ReadAction","target":["https:\/\/gymfactory.eu\/fr\/produit\/embout-de-cable-serti-htp04\/"]}]},{"@type":"ImageObject","inLanguage":"fr-FR","@id":"https:\/\/gymfactory.eu\/fr\/produit\/embout-de-cable-serti-htp04\/#primaryimage","url":"https:\/\/gymfactory.eu\/wp-content\/uploads\/2025\/02\/HTP04-1.jpg","contentUrl":"https:\/\/gymfactory.eu\/wp-content\/uploads\/2025\/02\/HTP04-1.jpg","width":600,"height":600},{"@type":"BreadcrumbList","@id":"https:\/\/gymfactory.eu\/fr\/produit\/embout-de-cable-serti-htp04\/#breadcrumb","itemListElement":[{"@type":"ListItem","position":1,"name":"Home","item":"https:\/\/gymfactory.eu\/fr\/page-principale\/"},{"@type":"ListItem","position":2,"name":"Catalogue","item":"https:\/\/gymfactory.eu\/fr\/catalogue-2\/"},{"@type":"ListItem","position":3,"name":"Embout de C\u00e2ble Serti HTP04"}]},{"@type":"WebSite","@id":"https:\/\/gymfactory.eu\/fr\/#website","url":"https:\/\/gymfactory.eu\/fr\/","name":"Gym Factory","description":"","publisher":{"@id":"https:\/\/gymfactory.eu\/fr\/#organization"},"potentialAction":[{"@type":"SearchAction","target":{"@type":"EntryPoint","urlTemplate":"https:\/\/gymfactory.eu\/fr\/?s={search_term_string}"},"query-input":{"@type":"PropertyValueSpecification","valueRequired":true,"valueName":"search_term_string"}}],"inLanguage":"fr-FR"},{"@type":"Organization","@id":"https:\/\/gymfactory.eu\/fr\/#organization","name":"Gym Factory","url":"https:\/\/gymfactory.eu\/fr\/","logo":{"@type":"ImageObject","inLanguage":"fr-FR","@id":"https:\/\/gymfactory.eu\/fr\/#\/schema\/logo\/image\/","url":"https:\/\/gymfactory.eu\/wp-content\/uploads\/2024\/11\/Component-1.svg","contentUrl":"https:\/\/gymfactory.eu\/wp-content\/uploads\/2024\/11\/Component-1.svg","width":54,"height":44,"caption":"Gym Factory"},"image":{"@id":"https:\/\/gymfactory.eu\/fr\/#\/schema\/logo\/image\/"}}]}},"_links":{"self":[{"href":"https:\/\/gymfactory.eu\/fr\/wp-json\/wp\/v2\/product\/26413","targetHints":{"allow":["GET"]}}],"collection":[{"href":"https:\/\/gymfactory.eu\/fr\/wp-json\/wp\/v2\/product"}],"about":[{"href":"https:\/\/gymfactory.eu\/fr\/wp-json\/wp\/v2\/types\/product"}],"wp:featuredmedia":[{"embeddable":true,"href":"https:\/\/gymfactory.eu\/fr\/wp-json\/wp\/v2\/media\/11804"}],"wp:attachment":[{"href":"https:\/\/gymfactory.eu\/fr\/wp-json\/wp\/v2\/media?parent=26413"}],"wp:term":[{"taxonomy":"product_brand","embeddable":true,"href":"https:\/\/gymfactory.eu\/fr\/wp-json\/wp\/v2\/product_brand?post=26413"},{"taxonomy":"product_cat","embeddable":true,"href":"https:\/\/gymfactory.eu\/fr\/wp-json\/wp\/v2\/product_cat?post=26413"},{"taxonomy":"product_tag","embeddable":true,"href":"https:\/\/gymfactory.eu\/fr\/wp-json\/wp\/v2\/product_tag?post=26413"}],"curies":[{"name":"wp","href":"https:\/\/api.w.org\/{rel}","templated":true}]}}