{"id":26412,"date":"2025-02-12T15:00:03","date_gmt":"2025-02-12T13:00:03","guid":{"rendered":"https:\/\/gymfactory.eu\/product\/goupille-de-serrage-et-verrouillage-hff01xx\/"},"modified":"2025-02-12T15:00:03","modified_gmt":"2025-02-12T13:00:03","slug":"goupille-de-serrage-et-verrouillage-hff01xx","status":"publish","type":"product","link":"https:\/\/gymfactory.eu\/fr\/produit\/goupille-de-serrage-et-verrouillage-hff01xx\/","title":{"rendered":"Goupille de Serrage et Verrouillage HFF01XX"},"content":{"rendered":"<p>Le HFF01XX est une goupille de verrouillage filet\u00e9e dot\u00e9e d\u2019une fonction de serrage suppl\u00e9mentaire, utilis\u00e9e dans les machines de musculation pour s\u00e9curiser les composants r\u00e9glables. Elle dispose d\u2019un filetage de 20 mm et est con\u00e7ue pour les machines fabriqu\u00e9es \u00e0 partir de 2024. Le m\u00e9canisme de serrage ajout\u00e9 permet une fixation plus s\u00fbre par rapport aux goupilles de verrouillage standard. Ce loquet n\u2019est pas compatible avec les \u00e9quipements produits avant 2024.<\/p>\n\n    <div class=\"xs_social_share_widget xs_share_url after_content \t\tmain_content  wslu-style-1 wslu-share-box-shaped wslu-fill-colored wslu-none wslu-share-horizontal wslu-theme-font-no wslu-main_content\">\n\n\t\t\n        <ul>\n\t\t\t        <\/ul>\n    <\/div> \n","protected":false},"excerpt":{"rendered":"<p>Le HFF01XX est une goupille de verrouillage filet\u00e9e dot\u00e9e d\u2019une fonction de serrage suppl\u00e9mentaire, utilis\u00e9e dans les machines de musculation pour s\u00e9curiser les composants r\u00e9glables. Elle dispose d\u2019un filetage de 20 mm et est con\u00e7ue pour les machines fabriqu\u00e9es \u00e0 partir de 2024. Le m\u00e9canisme de serrage ajout\u00e9 permet une fixation plus s\u00fbre par rapport [&hellip;]<\/p>\n","protected":false},"featured_media":11717,"template":"","meta":{"_acf_changed":false},"product_brand":[56],"product_cat":[827],"product_tag":[],"class_list":{"0":"post-26412","1":"product","2":"type-product","3":"status-publish","4":"has-post-thumbnail","6":"product_brand-gym-factory","7":"product_cat-pieces-detachees-pour-equipements-de-musculation","9":"first","10":"onbackorder","11":"taxable","12":"shipping-taxable","13":"purchasable","14":"product-type-simple"},"acf":[],"yoast_head":"<!-- This site is optimized with the Yoast SEO plugin v25.2 - https:\/\/yoast.com\/wordpress\/plugins\/seo\/ -->\n<title>Goupille de Serrage HFF01XX \u2013 Pi\u00e8ce D\u00e9tach\u00e9e S\u00e9curis\u00e9e pour Gym<\/title>\n<meta name=\"description\" content=\"Le Loquet de Serrage\/Verrouillage HFF01XX assure la stabilit\u00e9 des pi\u00e8ces de machines de gym, offrant une solution fiable et durable pour une performance s\u00e9curis\u00e9e.\" \/>\n<meta name=\"robots\" content=\"index, follow, max-snippet:-1, max-image-preview:large, max-video-preview:-1\" \/>\n<link rel=\"canonical\" href=\"https:\/\/gymfactory.eu\/fr\/produit\/goupille-de-serrage-et-verrouillage-hff01xx\/\" \/>\n<meta property=\"og:locale\" content=\"fr_FR\" \/>\n<meta property=\"og:type\" content=\"article\" \/>\n<meta property=\"og:title\" content=\"Goupille de Serrage HFF01XX \u2013 Pi\u00e8ce D\u00e9tach\u00e9e S\u00e9curis\u00e9e pour Gym\" \/>\n<meta property=\"og:description\" content=\"Le Loquet de Serrage\/Verrouillage HFF01XX assure la stabilit\u00e9 des pi\u00e8ces de machines de gym, offrant une solution fiable et durable pour une performance s\u00e9curis\u00e9e.\" \/>\n<meta property=\"og:url\" content=\"https:\/\/gymfactory.eu\/fr\/produit\/goupille-de-serrage-et-verrouillage-hff01xx\/\" \/>\n<meta property=\"og:site_name\" content=\"Gym Factory\" \/>\n<meta property=\"og:image\" content=\"https:\/\/gymfactory.eu\/wp-content\/uploads\/2025\/02\/HFF01X.jpg\" \/>\n\t<meta property=\"og:image:width\" content=\"600\" \/>\n\t<meta property=\"og:image:height\" content=\"600\" \/>\n\t<meta property=\"og:image:type\" content=\"image\/jpeg\" \/>\n<meta name=\"twitter:card\" content=\"summary_large_image\" \/>\n<script type=\"application\/ld+json\" class=\"yoast-schema-graph\">{\"@context\":\"https:\/\/schema.org\",\"@graph\":[{\"@type\":\"WebPage\",\"@id\":\"https:\/\/gymfactory.eu\/fr\/produit\/goupille-de-serrage-et-verrouillage-hff01xx\/\",\"url\":\"https:\/\/gymfactory.eu\/fr\/produit\/goupille-de-serrage-et-verrouillage-hff01xx\/\",\"name\":\"Goupille de Serrage HFF01XX \u2013 Pi\u00e8ce D\u00e9tach\u00e9e S\u00e9curis\u00e9e pour Gym\",\"isPartOf\":{\"@id\":\"https:\/\/gymfactory.eu\/fr\/#website\"},\"primaryImageOfPage\":{\"@id\":\"https:\/\/gymfactory.eu\/fr\/produit\/goupille-de-serrage-et-verrouillage-hff01xx\/#primaryimage\"},\"image\":{\"@id\":\"https:\/\/gymfactory.eu\/fr\/produit\/goupille-de-serrage-et-verrouillage-hff01xx\/#primaryimage\"},\"thumbnailUrl\":\"https:\/\/gymfactory.eu\/wp-content\/uploads\/2025\/02\/HFF01X.jpg\",\"datePublished\":\"2025-02-12T13:00:03+00:00\",\"description\":\"Le Loquet de Serrage\/Verrouillage HFF01XX assure la stabilit\u00e9 des pi\u00e8ces de machines de gym, offrant une solution fiable et durable pour une performance s\u00e9curis\u00e9e.\",\"breadcrumb\":{\"@id\":\"https:\/\/gymfactory.eu\/fr\/produit\/goupille-de-serrage-et-verrouillage-hff01xx\/#breadcrumb\"},\"inLanguage\":\"fr-FR\",\"potentialAction\":[{\"@type\":\"ReadAction\",\"target\":[\"https:\/\/gymfactory.eu\/fr\/produit\/goupille-de-serrage-et-verrouillage-hff01xx\/\"]}]},{\"@type\":\"ImageObject\",\"inLanguage\":\"fr-FR\",\"@id\":\"https:\/\/gymfactory.eu\/fr\/produit\/goupille-de-serrage-et-verrouillage-hff01xx\/#primaryimage\",\"url\":\"https:\/\/gymfactory.eu\/wp-content\/uploads\/2025\/02\/HFF01X.jpg\",\"contentUrl\":\"https:\/\/gymfactory.eu\/wp-content\/uploads\/2025\/02\/HFF01X.jpg\",\"width\":600,\"height\":600},{\"@type\":\"BreadcrumbList\",\"@id\":\"https:\/\/gymfactory.eu\/fr\/produit\/goupille-de-serrage-et-verrouillage-hff01xx\/#breadcrumb\",\"itemListElement\":[{\"@type\":\"ListItem\",\"position\":1,\"name\":\"Home\",\"item\":\"https:\/\/gymfactory.eu\/fr\/page-principale\/\"},{\"@type\":\"ListItem\",\"position\":2,\"name\":\"Catalogue\",\"item\":\"https:\/\/gymfactory.eu\/fr\/catalogue-2\/\"},{\"@type\":\"ListItem\",\"position\":3,\"name\":\"Goupille de Serrage et Verrouillage HFF01XX\"}]},{\"@type\":\"WebSite\",\"@id\":\"https:\/\/gymfactory.eu\/fr\/#website\",\"url\":\"https:\/\/gymfactory.eu\/fr\/\",\"name\":\"Gym Factory\",\"description\":\"\",\"publisher\":{\"@id\":\"https:\/\/gymfactory.eu\/fr\/#organization\"},\"potentialAction\":[{\"@type\":\"SearchAction\",\"target\":{\"@type\":\"EntryPoint\",\"urlTemplate\":\"https:\/\/gymfactory.eu\/fr\/?s={search_term_string}\"},\"query-input\":{\"@type\":\"PropertyValueSpecification\",\"valueRequired\":true,\"valueName\":\"search_term_string\"}}],\"inLanguage\":\"fr-FR\"},{\"@type\":\"Organization\",\"@id\":\"https:\/\/gymfactory.eu\/fr\/#organization\",\"name\":\"Gym Factory\",\"url\":\"https:\/\/gymfactory.eu\/fr\/\",\"logo\":{\"@type\":\"ImageObject\",\"inLanguage\":\"fr-FR\",\"@id\":\"https:\/\/gymfactory.eu\/fr\/#\/schema\/logo\/image\/\",\"url\":\"https:\/\/gymfactory.eu\/wp-content\/uploads\/2024\/11\/Component-1.svg\",\"contentUrl\":\"https:\/\/gymfactory.eu\/wp-content\/uploads\/2024\/11\/Component-1.svg\",\"width\":54,\"height\":44,\"caption\":\"Gym Factory\"},\"image\":{\"@id\":\"https:\/\/gymfactory.eu\/fr\/#\/schema\/logo\/image\/\"}}]}<\/script>\n<!-- \/ Yoast SEO plugin. -->","yoast_head_json":{"title":"Goupille de Serrage HFF01XX \u2013 Pi\u00e8ce D\u00e9tach\u00e9e S\u00e9curis\u00e9e pour Gym","description":"Le Loquet de Serrage\/Verrouillage HFF01XX assure la stabilit\u00e9 des pi\u00e8ces de machines de gym, offrant une solution fiable et durable pour une performance s\u00e9curis\u00e9e.","robots":{"index":"index","follow":"follow","max-snippet":"max-snippet:-1","max-image-preview":"max-image-preview:large","max-video-preview":"max-video-preview:-1"},"canonical":"https:\/\/gymfactory.eu\/fr\/produit\/goupille-de-serrage-et-verrouillage-hff01xx\/","og_locale":"fr_FR","og_type":"article","og_title":"Goupille de Serrage HFF01XX \u2013 Pi\u00e8ce D\u00e9tach\u00e9e S\u00e9curis\u00e9e pour Gym","og_description":"Le Loquet de Serrage\/Verrouillage HFF01XX assure la stabilit\u00e9 des pi\u00e8ces de machines de gym, offrant une solution fiable et durable pour une performance s\u00e9curis\u00e9e.","og_url":"https:\/\/gymfactory.eu\/fr\/produit\/goupille-de-serrage-et-verrouillage-hff01xx\/","og_site_name":"Gym Factory","og_image":[{"width":600,"height":600,"url":"https:\/\/gymfactory.eu\/wp-content\/uploads\/2025\/02\/HFF01X.jpg","type":"image\/jpeg"}],"twitter_card":"summary_large_image","schema":{"@context":"https:\/\/schema.org","@graph":[{"@type":"WebPage","@id":"https:\/\/gymfactory.eu\/fr\/produit\/goupille-de-serrage-et-verrouillage-hff01xx\/","url":"https:\/\/gymfactory.eu\/fr\/produit\/goupille-de-serrage-et-verrouillage-hff01xx\/","name":"Goupille de Serrage HFF01XX \u2013 Pi\u00e8ce D\u00e9tach\u00e9e S\u00e9curis\u00e9e pour Gym","isPartOf":{"@id":"https:\/\/gymfactory.eu\/fr\/#website"},"primaryImageOfPage":{"@id":"https:\/\/gymfactory.eu\/fr\/produit\/goupille-de-serrage-et-verrouillage-hff01xx\/#primaryimage"},"image":{"@id":"https:\/\/gymfactory.eu\/fr\/produit\/goupille-de-serrage-et-verrouillage-hff01xx\/#primaryimage"},"thumbnailUrl":"https:\/\/gymfactory.eu\/wp-content\/uploads\/2025\/02\/HFF01X.jpg","datePublished":"2025-02-12T13:00:03+00:00","description":"Le Loquet de Serrage\/Verrouillage HFF01XX assure la stabilit\u00e9 des pi\u00e8ces de machines de gym, offrant une solution fiable et durable pour une performance s\u00e9curis\u00e9e.","breadcrumb":{"@id":"https:\/\/gymfactory.eu\/fr\/produit\/goupille-de-serrage-et-verrouillage-hff01xx\/#breadcrumb"},"inLanguage":"fr-FR","potentialAction":[{"@type":"ReadAction","target":["https:\/\/gymfactory.eu\/fr\/produit\/goupille-de-serrage-et-verrouillage-hff01xx\/"]}]},{"@type":"ImageObject","inLanguage":"fr-FR","@id":"https:\/\/gymfactory.eu\/fr\/produit\/goupille-de-serrage-et-verrouillage-hff01xx\/#primaryimage","url":"https:\/\/gymfactory.eu\/wp-content\/uploads\/2025\/02\/HFF01X.jpg","contentUrl":"https:\/\/gymfactory.eu\/wp-content\/uploads\/2025\/02\/HFF01X.jpg","width":600,"height":600},{"@type":"BreadcrumbList","@id":"https:\/\/gymfactory.eu\/fr\/produit\/goupille-de-serrage-et-verrouillage-hff01xx\/#breadcrumb","itemListElement":[{"@type":"ListItem","position":1,"name":"Home","item":"https:\/\/gymfactory.eu\/fr\/page-principale\/"},{"@type":"ListItem","position":2,"name":"Catalogue","item":"https:\/\/gymfactory.eu\/fr\/catalogue-2\/"},{"@type":"ListItem","position":3,"name":"Goupille de Serrage et Verrouillage HFF01XX"}]},{"@type":"WebSite","@id":"https:\/\/gymfactory.eu\/fr\/#website","url":"https:\/\/gymfactory.eu\/fr\/","name":"Gym Factory","description":"","publisher":{"@id":"https:\/\/gymfactory.eu\/fr\/#organization"},"potentialAction":[{"@type":"SearchAction","target":{"@type":"EntryPoint","urlTemplate":"https:\/\/gymfactory.eu\/fr\/?s={search_term_string}"},"query-input":{"@type":"PropertyValueSpecification","valueRequired":true,"valueName":"search_term_string"}}],"inLanguage":"fr-FR"},{"@type":"Organization","@id":"https:\/\/gymfactory.eu\/fr\/#organization","name":"Gym Factory","url":"https:\/\/gymfactory.eu\/fr\/","logo":{"@type":"ImageObject","inLanguage":"fr-FR","@id":"https:\/\/gymfactory.eu\/fr\/#\/schema\/logo\/image\/","url":"https:\/\/gymfactory.eu\/wp-content\/uploads\/2024\/11\/Component-1.svg","contentUrl":"https:\/\/gymfactory.eu\/wp-content\/uploads\/2024\/11\/Component-1.svg","width":54,"height":44,"caption":"Gym Factory"},"image":{"@id":"https:\/\/gymfactory.eu\/fr\/#\/schema\/logo\/image\/"}}]}},"_links":{"self":[{"href":"https:\/\/gymfactory.eu\/fr\/wp-json\/wp\/v2\/product\/26412","targetHints":{"allow":["GET"]}}],"collection":[{"href":"https:\/\/gymfactory.eu\/fr\/wp-json\/wp\/v2\/product"}],"about":[{"href":"https:\/\/gymfactory.eu\/fr\/wp-json\/wp\/v2\/types\/product"}],"wp:featuredmedia":[{"embeddable":true,"href":"https:\/\/gymfactory.eu\/fr\/wp-json\/wp\/v2\/media\/11717"}],"wp:attachment":[{"href":"https:\/\/gymfactory.eu\/fr\/wp-json\/wp\/v2\/media?parent=26412"}],"wp:term":[{"taxonomy":"product_brand","embeddable":true,"href":"https:\/\/gymfactory.eu\/fr\/wp-json\/wp\/v2\/product_brand?post=26412"},{"taxonomy":"product_cat","embeddable":true,"href":"https:\/\/gymfactory.eu\/fr\/wp-json\/wp\/v2\/product_cat?post=26412"},{"taxonomy":"product_tag","embeddable":true,"href":"https:\/\/gymfactory.eu\/fr\/wp-json\/wp\/v2\/product_tag?post=26412"}],"curies":[{"name":"wp","href":"https:\/\/api.w.org\/{rel}","templated":true}]}}