{"id":26365,"date":"2025-02-12T11:24:03","date_gmt":"2025-02-12T09:24:03","guid":{"rendered":"https:\/\/gymfactory.eu\/product\/glute-ham-developer-sissy-squat-s3x\/"},"modified":"2025-02-12T11:24:03","modified_gmt":"2025-02-12T09:24:03","slug":"glute-ham-developer-sissy-squat-s3x","status":"publish","type":"product","link":"https:\/\/gymfactory.eu\/fr\/produit\/glute-ham-developer-sissy-squat-s3x\/","title":{"rendered":"Glute Ham Developer &amp; Sissy Squat S3X"},"content":{"rendered":"<p>Le Glute Ham Developer &amp; Sissy Squat S3X est un \u00e9quipement d\u2019exercice de musculation compact, con\u00e7u pour des exercices contr\u00f4l\u00e9s pour les jambes. Adapt\u00e9 aux salles de sport \u00e0 domicile et commerciales, il combine deux fonctions d\u2019entra\u00eenement du bas du corps en une seule unit\u00e9. <\/p>\n<p>Pour les exercices de Glute Ham (GHD), les genoux reposent sur une plateforme rembourr\u00e9e tandis que les chevilles sont s\u00e9curis\u00e9es sous des rouleaux \u2013 permettant un mouvement du tronc vers l\u2019avant qui engage les ischio-jambiers gr\u00e2ce \u00e0 la r\u00e9sistance du poids du corps. Pour les sissy squats, l\u2019utilisateur se penche en arri\u00e8re avec un soutien du bas des jambes pour isoler les quadriceps avec un mouvement contr\u00f4l\u00e9. <\/p>\n<p>Les deux paires de coussins de soutien sont r\u00e9glables, permettant au banc de s\u2019adapter \u00e0 un large \u00e9ventail de morphologies et de configurations de mouvement. Stable et peu encombrant, cette unit\u00e9 prend en charge un entra\u00eenement cibl\u00e9 des ischio-jambiers et des quadriceps dans un format compact.<\/p>\n\n    <div class=\"xs_social_share_widget xs_share_url after_content \t\tmain_content  wslu-style-1 wslu-share-box-shaped wslu-fill-colored wslu-none wslu-share-horizontal wslu-theme-font-no wslu-main_content\">\n\n\t\t\n        <ul>\n\t\t\t        <\/ul>\n    <\/div> \n","protected":false},"excerpt":{"rendered":"<p>Le Glute Ham Developer &amp; Sissy Squat S3X est un \u00e9quipement d\u2019exercice de musculation compact, con\u00e7u pour des exercices contr\u00f4l\u00e9s pour les jambes. Adapt\u00e9 aux salles de sport \u00e0 domicile et commerciales, il combine deux fonctions d\u2019entra\u00eenement du bas du corps en une seule unit\u00e9. Pour les exercices de Glute Ham (GHD), les genoux reposent [&hellip;]<\/p>\n","protected":false},"featured_media":11890,"template":"","meta":{"_acf_changed":false},"product_brand":[56],"product_cat":[836],"product_tag":[],"class_list":{"0":"post-26365","1":"product","2":"type-product","3":"status-publish","4":"has-post-thumbnail","6":"product_brand-gym-factory","7":"product_cat-bancs-de-musculation","9":"first","10":"onbackorder","11":"taxable","12":"shipping-taxable","13":"purchasable","14":"product-type-variable","15":"has-default-attributes"},"acf":[],"yoast_head":"<!-- This site is optimized with the Yoast SEO plugin v25.2 - https:\/\/yoast.com\/wordpress\/plugins\/seo\/ -->\n<title>Machine Gym S3X Floor Glute Ham Developer - Sissy Squat<\/title>\n<meta name=\"description\" content=\"Entra\u00eenez les fessiers, les ischio-jambiers et les quadriceps avec le Floor Glute Ham Developer S3X. Machine de gym compacte con\u00e7ue pour les exercices de musculation.\" \/>\n<meta name=\"robots\" content=\"index, follow, max-snippet:-1, max-image-preview:large, max-video-preview:-1\" \/>\n<link rel=\"canonical\" href=\"https:\/\/gymfactory.eu\/fr\/produit\/glute-ham-developer-sissy-squat-s3x\/\" \/>\n<meta property=\"og:locale\" content=\"fr_FR\" \/>\n<meta property=\"og:type\" content=\"article\" \/>\n<meta property=\"og:title\" content=\"Machine Gym S3X Floor Glute Ham Developer - Sissy Squat\" \/>\n<meta property=\"og:description\" content=\"Entra\u00eenez les fessiers, les ischio-jambiers et les quadriceps avec le Floor Glute Ham Developer S3X. Machine de gym compacte con\u00e7ue pour les exercices de musculation.\" \/>\n<meta property=\"og:url\" content=\"https:\/\/gymfactory.eu\/fr\/produit\/glute-ham-developer-sissy-squat-s3x\/\" \/>\n<meta property=\"og:site_name\" content=\"Gym Factory\" \/>\n<meta property=\"og:image\" content=\"https:\/\/gymfactory.eu\/wp-content\/uploads\/2025\/02\/best-workout-bench-black-padding.webp\" \/>\n\t<meta property=\"og:image:width\" content=\"1500\" \/>\n\t<meta property=\"og:image:height\" content=\"1500\" \/>\n\t<meta property=\"og:image:type\" content=\"image\/webp\" \/>\n<meta name=\"twitter:card\" content=\"summary_large_image\" \/>\n<meta name=\"twitter:label1\" content=\"Dur\u00e9e de lecture estim\u00e9e\" \/>\n\t<meta name=\"twitter:data1\" content=\"1 minute\" \/>\n<script type=\"application\/ld+json\" class=\"yoast-schema-graph\">{\"@context\":\"https:\/\/schema.org\",\"@graph\":[{\"@type\":\"WebPage\",\"@id\":\"https:\/\/gymfactory.eu\/fr\/produit\/glute-ham-developer-sissy-squat-s3x\/\",\"url\":\"https:\/\/gymfactory.eu\/fr\/produit\/glute-ham-developer-sissy-squat-s3x\/\",\"name\":\"Machine Gym S3X Floor Glute Ham Developer - Sissy Squat\",\"isPartOf\":{\"@id\":\"https:\/\/gymfactory.eu\/fr\/#website\"},\"primaryImageOfPage\":{\"@id\":\"https:\/\/gymfactory.eu\/fr\/produit\/glute-ham-developer-sissy-squat-s3x\/#primaryimage\"},\"image\":{\"@id\":\"https:\/\/gymfactory.eu\/fr\/produit\/glute-ham-developer-sissy-squat-s3x\/#primaryimage\"},\"thumbnailUrl\":\"https:\/\/gymfactory.eu\/wp-content\/uploads\/2025\/02\/best-workout-bench-black-padding.webp\",\"datePublished\":\"2025-02-12T09:24:03+00:00\",\"description\":\"Entra\u00eenez les fessiers, les ischio-jambiers et les quadriceps avec le Floor Glute Ham Developer S3X. Machine de gym compacte con\u00e7ue pour les exercices de musculation.\",\"breadcrumb\":{\"@id\":\"https:\/\/gymfactory.eu\/fr\/produit\/glute-ham-developer-sissy-squat-s3x\/#breadcrumb\"},\"inLanguage\":\"fr-FR\",\"potentialAction\":[{\"@type\":\"ReadAction\",\"target\":[\"https:\/\/gymfactory.eu\/fr\/produit\/glute-ham-developer-sissy-squat-s3x\/\"]}]},{\"@type\":\"ImageObject\",\"inLanguage\":\"fr-FR\",\"@id\":\"https:\/\/gymfactory.eu\/fr\/produit\/glute-ham-developer-sissy-squat-s3x\/#primaryimage\",\"url\":\"https:\/\/gymfactory.eu\/wp-content\/uploads\/2025\/02\/best-workout-bench-black-padding.webp\",\"contentUrl\":\"https:\/\/gymfactory.eu\/wp-content\/uploads\/2025\/02\/best-workout-bench-black-padding.webp\",\"width\":1500,\"height\":1500,\"caption\":\"\u00c9quipement de musculation \u00e0 domicile dot\u00e9 d\u2019un cadre en acier orange avec un rembourrage noir. Le banc d\u2019entra\u00eenement comprend un rembourrage \u00e9pais pour le confort et la stabilit\u00e9 pendant les exercices de fessiers et d\u2019ischio-jambiers.\"},{\"@type\":\"BreadcrumbList\",\"@id\":\"https:\/\/gymfactory.eu\/fr\/produit\/glute-ham-developer-sissy-squat-s3x\/#breadcrumb\",\"itemListElement\":[{\"@type\":\"ListItem\",\"position\":1,\"name\":\"Home\",\"item\":\"https:\/\/gymfactory.eu\/fr\/\"},{\"@type\":\"ListItem\",\"position\":2,\"name\":\"Catalogue\",\"item\":\"https:\/\/gymfactory.eu\/fr\/catalogue-2\/\"},{\"@type\":\"ListItem\",\"position\":3,\"name\":\"Glute Ham Developer &amp; Sissy Squat S3X\"}]},{\"@type\":\"WebSite\",\"@id\":\"https:\/\/gymfactory.eu\/fr\/#website\",\"url\":\"https:\/\/gymfactory.eu\/fr\/\",\"name\":\"Gym Factory\",\"description\":\"\",\"publisher\":{\"@id\":\"https:\/\/gymfactory.eu\/fr\/#organization\"},\"potentialAction\":[{\"@type\":\"SearchAction\",\"target\":{\"@type\":\"EntryPoint\",\"urlTemplate\":\"https:\/\/gymfactory.eu\/fr\/?s={search_term_string}\"},\"query-input\":{\"@type\":\"PropertyValueSpecification\",\"valueRequired\":true,\"valueName\":\"search_term_string\"}}],\"inLanguage\":\"fr-FR\"},{\"@type\":\"Organization\",\"@id\":\"https:\/\/gymfactory.eu\/fr\/#organization\",\"name\":\"Gym Factory\",\"url\":\"https:\/\/gymfactory.eu\/fr\/\",\"logo\":{\"@type\":\"ImageObject\",\"inLanguage\":\"fr-FR\",\"@id\":\"https:\/\/gymfactory.eu\/fr\/#\/schema\/logo\/image\/\",\"url\":\"https:\/\/gymfactory.eu\/wp-content\/uploads\/2024\/11\/Component-1.svg\",\"contentUrl\":\"https:\/\/gymfactory.eu\/wp-content\/uploads\/2024\/11\/Component-1.svg\",\"width\":54,\"height\":44,\"caption\":\"Gym Factory\"},\"image\":{\"@id\":\"https:\/\/gymfactory.eu\/fr\/#\/schema\/logo\/image\/\"}}]}<\/script>\n<!-- \/ Yoast SEO plugin. -->","yoast_head_json":{"title":"Machine Gym S3X Floor Glute Ham Developer - Sissy Squat","description":"Entra\u00eenez les fessiers, les ischio-jambiers et les quadriceps avec le Floor Glute Ham Developer S3X. Machine de gym compacte con\u00e7ue pour les exercices de musculation.","robots":{"index":"index","follow":"follow","max-snippet":"max-snippet:-1","max-image-preview":"max-image-preview:large","max-video-preview":"max-video-preview:-1"},"canonical":"https:\/\/gymfactory.eu\/fr\/produit\/glute-ham-developer-sissy-squat-s3x\/","og_locale":"fr_FR","og_type":"article","og_title":"Machine Gym S3X Floor Glute Ham Developer - Sissy Squat","og_description":"Entra\u00eenez les fessiers, les ischio-jambiers et les quadriceps avec le Floor Glute Ham Developer S3X. Machine de gym compacte con\u00e7ue pour les exercices de musculation.","og_url":"https:\/\/gymfactory.eu\/fr\/produit\/glute-ham-developer-sissy-squat-s3x\/","og_site_name":"Gym Factory","og_image":[{"width":1500,"height":1500,"url":"https:\/\/gymfactory.eu\/wp-content\/uploads\/2025\/02\/best-workout-bench-black-padding.webp","type":"image\/webp"}],"twitter_card":"summary_large_image","twitter_misc":{"Dur\u00e9e de lecture estim\u00e9e":"1 minute"},"schema":{"@context":"https:\/\/schema.org","@graph":[{"@type":"WebPage","@id":"https:\/\/gymfactory.eu\/fr\/produit\/glute-ham-developer-sissy-squat-s3x\/","url":"https:\/\/gymfactory.eu\/fr\/produit\/glute-ham-developer-sissy-squat-s3x\/","name":"Machine Gym S3X Floor Glute Ham Developer - Sissy Squat","isPartOf":{"@id":"https:\/\/gymfactory.eu\/fr\/#website"},"primaryImageOfPage":{"@id":"https:\/\/gymfactory.eu\/fr\/produit\/glute-ham-developer-sissy-squat-s3x\/#primaryimage"},"image":{"@id":"https:\/\/gymfactory.eu\/fr\/produit\/glute-ham-developer-sissy-squat-s3x\/#primaryimage"},"thumbnailUrl":"https:\/\/gymfactory.eu\/wp-content\/uploads\/2025\/02\/best-workout-bench-black-padding.webp","datePublished":"2025-02-12T09:24:03+00:00","description":"Entra\u00eenez les fessiers, les ischio-jambiers et les quadriceps avec le Floor Glute Ham Developer S3X. Machine de gym compacte con\u00e7ue pour les exercices de musculation.","breadcrumb":{"@id":"https:\/\/gymfactory.eu\/fr\/produit\/glute-ham-developer-sissy-squat-s3x\/#breadcrumb"},"inLanguage":"fr-FR","potentialAction":[{"@type":"ReadAction","target":["https:\/\/gymfactory.eu\/fr\/produit\/glute-ham-developer-sissy-squat-s3x\/"]}]},{"@type":"ImageObject","inLanguage":"fr-FR","@id":"https:\/\/gymfactory.eu\/fr\/produit\/glute-ham-developer-sissy-squat-s3x\/#primaryimage","url":"https:\/\/gymfactory.eu\/wp-content\/uploads\/2025\/02\/best-workout-bench-black-padding.webp","contentUrl":"https:\/\/gymfactory.eu\/wp-content\/uploads\/2025\/02\/best-workout-bench-black-padding.webp","width":1500,"height":1500,"caption":"\u00c9quipement de musculation \u00e0 domicile dot\u00e9 d\u2019un cadre en acier orange avec un rembourrage noir. Le banc d\u2019entra\u00eenement comprend un rembourrage \u00e9pais pour le confort et la stabilit\u00e9 pendant les exercices de fessiers et d\u2019ischio-jambiers."},{"@type":"BreadcrumbList","@id":"https:\/\/gymfactory.eu\/fr\/produit\/glute-ham-developer-sissy-squat-s3x\/#breadcrumb","itemListElement":[{"@type":"ListItem","position":1,"name":"Home","item":"https:\/\/gymfactory.eu\/fr\/"},{"@type":"ListItem","position":2,"name":"Catalogue","item":"https:\/\/gymfactory.eu\/fr\/catalogue-2\/"},{"@type":"ListItem","position":3,"name":"Glute Ham Developer &amp; Sissy Squat S3X"}]},{"@type":"WebSite","@id":"https:\/\/gymfactory.eu\/fr\/#website","url":"https:\/\/gymfactory.eu\/fr\/","name":"Gym Factory","description":"","publisher":{"@id":"https:\/\/gymfactory.eu\/fr\/#organization"},"potentialAction":[{"@type":"SearchAction","target":{"@type":"EntryPoint","urlTemplate":"https:\/\/gymfactory.eu\/fr\/?s={search_term_string}"},"query-input":{"@type":"PropertyValueSpecification","valueRequired":true,"valueName":"search_term_string"}}],"inLanguage":"fr-FR"},{"@type":"Organization","@id":"https:\/\/gymfactory.eu\/fr\/#organization","name":"Gym Factory","url":"https:\/\/gymfactory.eu\/fr\/","logo":{"@type":"ImageObject","inLanguage":"fr-FR","@id":"https:\/\/gymfactory.eu\/fr\/#\/schema\/logo\/image\/","url":"https:\/\/gymfactory.eu\/wp-content\/uploads\/2024\/11\/Component-1.svg","contentUrl":"https:\/\/gymfactory.eu\/wp-content\/uploads\/2024\/11\/Component-1.svg","width":54,"height":44,"caption":"Gym Factory"},"image":{"@id":"https:\/\/gymfactory.eu\/fr\/#\/schema\/logo\/image\/"}}]}},"_links":{"self":[{"href":"https:\/\/gymfactory.eu\/fr\/wp-json\/wp\/v2\/product\/26365","targetHints":{"allow":["GET"]}}],"collection":[{"href":"https:\/\/gymfactory.eu\/fr\/wp-json\/wp\/v2\/product"}],"about":[{"href":"https:\/\/gymfactory.eu\/fr\/wp-json\/wp\/v2\/types\/product"}],"wp:featuredmedia":[{"embeddable":true,"href":"https:\/\/gymfactory.eu\/fr\/wp-json\/wp\/v2\/media\/11890"}],"wp:attachment":[{"href":"https:\/\/gymfactory.eu\/fr\/wp-json\/wp\/v2\/media?parent=26365"}],"wp:term":[{"taxonomy":"product_brand","embeddable":true,"href":"https:\/\/gymfactory.eu\/fr\/wp-json\/wp\/v2\/product_brand?post=26365"},{"taxonomy":"product_cat","embeddable":true,"href":"https:\/\/gymfactory.eu\/fr\/wp-json\/wp\/v2\/product_cat?post=26365"},{"taxonomy":"product_tag","embeddable":true,"href":"https:\/\/gymfactory.eu\/fr\/wp-json\/wp\/v2\/product_tag?post=26365"}],"curies":[{"name":"wp","href":"https:\/\/api.w.org\/{rel}","templated":true}]}}