{"id":26361,"date":"2025-02-12T11:09:34","date_gmt":"2025-02-12T09:09:34","guid":{"rendered":"https:\/\/gymfactory.eu\/product\/banc-a-lombaires-l6x\/"},"modified":"2025-02-12T11:09:34","modified_gmt":"2025-02-12T09:09:34","slug":"banc-a-lombaires-l6x","status":"publish","type":"product","link":"https:\/\/gymfactory.eu\/fr\/produit\/banc-a-lombaires-l6x\/","title":{"rendered":"Banc \u00e0 Lombaires L6X"},"content":{"rendered":"<p>Le Banc \u00e0 Lombaires L6X pr\u00e9sente une configuration horizontale qui cible le bas du dos gr\u00e2ce \u00e0 des mouvements contr\u00f4l\u00e9s. Con\u00e7u pour \u00eatre utilis\u00e9 dans les configurations de home gym ou de salles de sport commerciales, il permet de r\u00e9aliser des extensions lombaires et des exercices similaires sur banc \u00e0 lombaires visant \u00e0 renforcer la force et la stabilit\u00e9 du bas du dos. <\/p>\n<p>Compar\u00e9e aux variantes inclin\u00e9es, la position horizontale met davantage l\u2019accent sur le bas du dos, avec une implication r\u00e9duite des fessiers et des ischio-jambiers. La hauteur des rouleaux pour les pieds est r\u00e9glable, aidant les utilisateurs \u00e0 trouver un positionnement et un soutien appropri\u00e9s. <\/p>\n<p>Compact et fiable, le L6X est un \u00e9quipement d\u2019exercice de musculation simple et efficace pour un entra\u00eenement cibl\u00e9 du bas du dos.<\/p>\n\n    <div class=\"xs_social_share_widget xs_share_url after_content \t\tmain_content  wslu-style-1 wslu-share-box-shaped wslu-fill-colored wslu-none wslu-share-horizontal wslu-theme-font-no wslu-main_content\">\n\n\t\t\n        <ul>\n\t\t\t        <\/ul>\n    <\/div> \n","protected":false},"excerpt":{"rendered":"<p>Le Banc \u00e0 Lombaires L6X pr\u00e9sente une configuration horizontale qui cible le bas du dos gr\u00e2ce \u00e0 des mouvements contr\u00f4l\u00e9s. Con\u00e7u pour \u00eatre utilis\u00e9 dans les configurations de home gym ou de salles de sport commerciales, il permet de r\u00e9aliser des extensions lombaires et des exercices similaires sur banc \u00e0 lombaires visant \u00e0 renforcer la [&hellip;]<\/p>\n","protected":false},"featured_media":10880,"template":"","meta":{"_acf_changed":false},"product_brand":[56],"product_cat":[836],"product_tag":[],"class_list":{"0":"post-26361","1":"product","2":"type-product","3":"status-publish","4":"has-post-thumbnail","6":"product_brand-gym-factory","7":"product_cat-bancs-de-musculation","9":"first","10":"onbackorder","11":"taxable","12":"shipping-taxable","13":"purchasable","14":"product-type-variable","15":"has-default-attributes"},"acf":[],"yoast_head":"<!-- This site is optimized with the Yoast SEO plugin v25.2 - https:\/\/yoast.com\/wordpress\/plugins\/seo\/ -->\n<title>L6X Hyperextension Bench Best Exercise Equipment for the Home<\/title>\n<meta name=\"description\" content=\"Am\u00e9liorez votre home gym avec cet \u00e9quipement de musculation, con\u00e7u pour cibler les muscles cl\u00e9s tout en assurant des entra\u00eenements s\u00fbrs et efficaces.\" \/>\n<meta name=\"robots\" content=\"index, follow, max-snippet:-1, max-image-preview:large, max-video-preview:-1\" \/>\n<link rel=\"canonical\" href=\"https:\/\/gymfactory.eu\/fr\/produit\/banc-a-lombaires-l6x\/\" \/>\n<meta property=\"og:locale\" content=\"fr_FR\" \/>\n<meta property=\"og:type\" content=\"article\" \/>\n<meta property=\"og:title\" content=\"L6X Hyperextension Bench Best Exercise Equipment for the Home\" \/>\n<meta property=\"og:description\" content=\"Am\u00e9liorez votre home gym avec cet \u00e9quipement de musculation, con\u00e7u pour cibler les muscles cl\u00e9s tout en assurant des entra\u00eenements s\u00fbrs et efficaces.\" \/>\n<meta property=\"og:url\" content=\"https:\/\/gymfactory.eu\/fr\/produit\/banc-a-lombaires-l6x\/\" \/>\n<meta property=\"og:site_name\" content=\"Gym Factory\" \/>\n<meta property=\"og:image\" content=\"https:\/\/gymfactory.eu\/wp-content\/uploads\/2025\/02\/best-workout-bench-hyperextension-machine-1.webp\" \/>\n\t<meta property=\"og:image:width\" content=\"1500\" \/>\n\t<meta property=\"og:image:height\" content=\"1500\" \/>\n\t<meta property=\"og:image:type\" content=\"image\/webp\" \/>\n<meta name=\"twitter:card\" content=\"summary_large_image\" \/>\n<meta name=\"twitter:label1\" content=\"Dur\u00e9e de lecture estim\u00e9e\" \/>\n\t<meta name=\"twitter:data1\" content=\"1 minute\" \/>\n<script type=\"application\/ld+json\" class=\"yoast-schema-graph\">{\"@context\":\"https:\/\/schema.org\",\"@graph\":[{\"@type\":\"WebPage\",\"@id\":\"https:\/\/gymfactory.eu\/fr\/produit\/banc-a-lombaires-l6x\/\",\"url\":\"https:\/\/gymfactory.eu\/fr\/produit\/banc-a-lombaires-l6x\/\",\"name\":\"L6X Hyperextension Bench Best Exercise Equipment for the Home\",\"isPartOf\":{\"@id\":\"https:\/\/gymfactory.eu\/fr\/#website\"},\"primaryImageOfPage\":{\"@id\":\"https:\/\/gymfactory.eu\/fr\/produit\/banc-a-lombaires-l6x\/#primaryimage\"},\"image\":{\"@id\":\"https:\/\/gymfactory.eu\/fr\/produit\/banc-a-lombaires-l6x\/#primaryimage\"},\"thumbnailUrl\":\"https:\/\/gymfactory.eu\/wp-content\/uploads\/2025\/02\/best-workout-bench-hyperextension-machine-1.webp\",\"datePublished\":\"2025-02-12T09:09:34+00:00\",\"description\":\"Am\u00e9liorez votre home gym avec cet \u00e9quipement de musculation, con\u00e7u pour cibler les muscles cl\u00e9s tout en assurant des entra\u00eenements s\u00fbrs et efficaces.\",\"breadcrumb\":{\"@id\":\"https:\/\/gymfactory.eu\/fr\/produit\/banc-a-lombaires-l6x\/#breadcrumb\"},\"inLanguage\":\"fr-FR\",\"potentialAction\":[{\"@type\":\"ReadAction\",\"target\":[\"https:\/\/gymfactory.eu\/fr\/produit\/banc-a-lombaires-l6x\/\"]}]},{\"@type\":\"ImageObject\",\"inLanguage\":\"fr-FR\",\"@id\":\"https:\/\/gymfactory.eu\/fr\/produit\/banc-a-lombaires-l6x\/#primaryimage\",\"url\":\"https:\/\/gymfactory.eu\/wp-content\/uploads\/2025\/02\/best-workout-bench-hyperextension-machine-1.webp\",\"contentUrl\":\"https:\/\/gymfactory.eu\/wp-content\/uploads\/2025\/02\/best-workout-bench-hyperextension-machine-1.webp\",\"width\":1500,\"height\":1500,\"caption\":\"Un banc \u00e0 lombaires \u00e9l\u00e9gant con\u00e7u comme \u00e9quipement de musculation \u00e0 domicile. Le cadre argent\u00e9 offre une base stable, tandis que le support rembourr\u00e9 et les rouleaux en mousse assurent confort et s\u00e9curit\u00e9 lors des extensions du dos.\"},{\"@type\":\"BreadcrumbList\",\"@id\":\"https:\/\/gymfactory.eu\/fr\/produit\/banc-a-lombaires-l6x\/#breadcrumb\",\"itemListElement\":[{\"@type\":\"ListItem\",\"position\":1,\"name\":\"Home\",\"item\":\"https:\/\/gymfactory.eu\/fr\/\"},{\"@type\":\"ListItem\",\"position\":2,\"name\":\"Catalogue\",\"item\":\"https:\/\/gymfactory.eu\/fr\/catalogue-2\/\"},{\"@type\":\"ListItem\",\"position\":3,\"name\":\"Banc \u00e0 Lombaires L6X\"}]},{\"@type\":\"WebSite\",\"@id\":\"https:\/\/gymfactory.eu\/fr\/#website\",\"url\":\"https:\/\/gymfactory.eu\/fr\/\",\"name\":\"Gym Factory\",\"description\":\"\",\"publisher\":{\"@id\":\"https:\/\/gymfactory.eu\/fr\/#organization\"},\"potentialAction\":[{\"@type\":\"SearchAction\",\"target\":{\"@type\":\"EntryPoint\",\"urlTemplate\":\"https:\/\/gymfactory.eu\/fr\/?s={search_term_string}\"},\"query-input\":{\"@type\":\"PropertyValueSpecification\",\"valueRequired\":true,\"valueName\":\"search_term_string\"}}],\"inLanguage\":\"fr-FR\"},{\"@type\":\"Organization\",\"@id\":\"https:\/\/gymfactory.eu\/fr\/#organization\",\"name\":\"Gym Factory\",\"url\":\"https:\/\/gymfactory.eu\/fr\/\",\"logo\":{\"@type\":\"ImageObject\",\"inLanguage\":\"fr-FR\",\"@id\":\"https:\/\/gymfactory.eu\/fr\/#\/schema\/logo\/image\/\",\"url\":\"https:\/\/gymfactory.eu\/wp-content\/uploads\/2024\/11\/Component-1.svg\",\"contentUrl\":\"https:\/\/gymfactory.eu\/wp-content\/uploads\/2024\/11\/Component-1.svg\",\"width\":54,\"height\":44,\"caption\":\"Gym Factory\"},\"image\":{\"@id\":\"https:\/\/gymfactory.eu\/fr\/#\/schema\/logo\/image\/\"}}]}<\/script>\n<!-- \/ Yoast SEO plugin. -->","yoast_head_json":{"title":"L6X Hyperextension Bench Best Exercise Equipment for the Home","description":"Am\u00e9liorez votre home gym avec cet \u00e9quipement de musculation, con\u00e7u pour cibler les muscles cl\u00e9s tout en assurant des entra\u00eenements s\u00fbrs et efficaces.","robots":{"index":"index","follow":"follow","max-snippet":"max-snippet:-1","max-image-preview":"max-image-preview:large","max-video-preview":"max-video-preview:-1"},"canonical":"https:\/\/gymfactory.eu\/fr\/produit\/banc-a-lombaires-l6x\/","og_locale":"fr_FR","og_type":"article","og_title":"L6X Hyperextension Bench Best Exercise Equipment for the Home","og_description":"Am\u00e9liorez votre home gym avec cet \u00e9quipement de musculation, con\u00e7u pour cibler les muscles cl\u00e9s tout en assurant des entra\u00eenements s\u00fbrs et efficaces.","og_url":"https:\/\/gymfactory.eu\/fr\/produit\/banc-a-lombaires-l6x\/","og_site_name":"Gym Factory","og_image":[{"width":1500,"height":1500,"url":"https:\/\/gymfactory.eu\/wp-content\/uploads\/2025\/02\/best-workout-bench-hyperextension-machine-1.webp","type":"image\/webp"}],"twitter_card":"summary_large_image","twitter_misc":{"Dur\u00e9e de lecture estim\u00e9e":"1 minute"},"schema":{"@context":"https:\/\/schema.org","@graph":[{"@type":"WebPage","@id":"https:\/\/gymfactory.eu\/fr\/produit\/banc-a-lombaires-l6x\/","url":"https:\/\/gymfactory.eu\/fr\/produit\/banc-a-lombaires-l6x\/","name":"L6X Hyperextension Bench Best Exercise Equipment for the Home","isPartOf":{"@id":"https:\/\/gymfactory.eu\/fr\/#website"},"primaryImageOfPage":{"@id":"https:\/\/gymfactory.eu\/fr\/produit\/banc-a-lombaires-l6x\/#primaryimage"},"image":{"@id":"https:\/\/gymfactory.eu\/fr\/produit\/banc-a-lombaires-l6x\/#primaryimage"},"thumbnailUrl":"https:\/\/gymfactory.eu\/wp-content\/uploads\/2025\/02\/best-workout-bench-hyperextension-machine-1.webp","datePublished":"2025-02-12T09:09:34+00:00","description":"Am\u00e9liorez votre home gym avec cet \u00e9quipement de musculation, con\u00e7u pour cibler les muscles cl\u00e9s tout en assurant des entra\u00eenements s\u00fbrs et efficaces.","breadcrumb":{"@id":"https:\/\/gymfactory.eu\/fr\/produit\/banc-a-lombaires-l6x\/#breadcrumb"},"inLanguage":"fr-FR","potentialAction":[{"@type":"ReadAction","target":["https:\/\/gymfactory.eu\/fr\/produit\/banc-a-lombaires-l6x\/"]}]},{"@type":"ImageObject","inLanguage":"fr-FR","@id":"https:\/\/gymfactory.eu\/fr\/produit\/banc-a-lombaires-l6x\/#primaryimage","url":"https:\/\/gymfactory.eu\/wp-content\/uploads\/2025\/02\/best-workout-bench-hyperextension-machine-1.webp","contentUrl":"https:\/\/gymfactory.eu\/wp-content\/uploads\/2025\/02\/best-workout-bench-hyperextension-machine-1.webp","width":1500,"height":1500,"caption":"Un banc \u00e0 lombaires \u00e9l\u00e9gant con\u00e7u comme \u00e9quipement de musculation \u00e0 domicile. Le cadre argent\u00e9 offre une base stable, tandis que le support rembourr\u00e9 et les rouleaux en mousse assurent confort et s\u00e9curit\u00e9 lors des extensions du dos."},{"@type":"BreadcrumbList","@id":"https:\/\/gymfactory.eu\/fr\/produit\/banc-a-lombaires-l6x\/#breadcrumb","itemListElement":[{"@type":"ListItem","position":1,"name":"Home","item":"https:\/\/gymfactory.eu\/fr\/"},{"@type":"ListItem","position":2,"name":"Catalogue","item":"https:\/\/gymfactory.eu\/fr\/catalogue-2\/"},{"@type":"ListItem","position":3,"name":"Banc \u00e0 Lombaires L6X"}]},{"@type":"WebSite","@id":"https:\/\/gymfactory.eu\/fr\/#website","url":"https:\/\/gymfactory.eu\/fr\/","name":"Gym Factory","description":"","publisher":{"@id":"https:\/\/gymfactory.eu\/fr\/#organization"},"potentialAction":[{"@type":"SearchAction","target":{"@type":"EntryPoint","urlTemplate":"https:\/\/gymfactory.eu\/fr\/?s={search_term_string}"},"query-input":{"@type":"PropertyValueSpecification","valueRequired":true,"valueName":"search_term_string"}}],"inLanguage":"fr-FR"},{"@type":"Organization","@id":"https:\/\/gymfactory.eu\/fr\/#organization","name":"Gym Factory","url":"https:\/\/gymfactory.eu\/fr\/","logo":{"@type":"ImageObject","inLanguage":"fr-FR","@id":"https:\/\/gymfactory.eu\/fr\/#\/schema\/logo\/image\/","url":"https:\/\/gymfactory.eu\/wp-content\/uploads\/2024\/11\/Component-1.svg","contentUrl":"https:\/\/gymfactory.eu\/wp-content\/uploads\/2024\/11\/Component-1.svg","width":54,"height":44,"caption":"Gym Factory"},"image":{"@id":"https:\/\/gymfactory.eu\/fr\/#\/schema\/logo\/image\/"}}]}},"_links":{"self":[{"href":"https:\/\/gymfactory.eu\/fr\/wp-json\/wp\/v2\/product\/26361","targetHints":{"allow":["GET"]}}],"collection":[{"href":"https:\/\/gymfactory.eu\/fr\/wp-json\/wp\/v2\/product"}],"about":[{"href":"https:\/\/gymfactory.eu\/fr\/wp-json\/wp\/v2\/types\/product"}],"wp:featuredmedia":[{"embeddable":true,"href":"https:\/\/gymfactory.eu\/fr\/wp-json\/wp\/v2\/media\/10880"}],"wp:attachment":[{"href":"https:\/\/gymfactory.eu\/fr\/wp-json\/wp\/v2\/media?parent=26361"}],"wp:term":[{"taxonomy":"product_brand","embeddable":true,"href":"https:\/\/gymfactory.eu\/fr\/wp-json\/wp\/v2\/product_brand?post=26361"},{"taxonomy":"product_cat","embeddable":true,"href":"https:\/\/gymfactory.eu\/fr\/wp-json\/wp\/v2\/product_cat?post=26361"},{"taxonomy":"product_tag","embeddable":true,"href":"https:\/\/gymfactory.eu\/fr\/wp-json\/wp\/v2\/product_tag?post=26361"}],"curies":[{"name":"wp","href":"https:\/\/api.w.org\/{rel}","templated":true}]}}