{"id":26354,"date":"2025-02-12T09:54:58","date_gmt":"2025-02-12T07:54:58","guid":{"rendered":"https:\/\/gymfactory.eu\/product\/banc-de-rowing-l5\/"},"modified":"2025-02-12T09:54:58","modified_gmt":"2025-02-12T07:54:58","slug":"banc-de-rowing-l5","status":"publish","type":"product","link":"https:\/\/gymfactory.eu\/fr\/produit\/banc-de-rowing-l5\/","title":{"rendered":"Banc de Rowing L5"},"content":{"rendered":"<p>Le Banc de Rowing L5 est un \u00e9quipement d\u2019exercice de musculation fixe con\u00e7u pour les exercices de rowing contr\u00f4l\u00e9s qui ciblent le haut et le milieu du dos. Adapt\u00e9 comme bon \u00e9quipement de home gym et de salle de sport commerciale, il offre un soutien thoracique stable pour les rowings \u00e0 la barre. <\/p>\n<p>Le banc comprend plusieurs positions de support de barre, permettant une installation flexible avant ou apr\u00e8s chaque s\u00e9rie. Une plateforme de marche (step) int\u00e9gr\u00e9e facilite la mise en position en toute s\u00e9curit\u00e9 et confort. <\/p>\n<p>Solide et simple, le banc de rowing aide \u00e0 isoler les muscles du dos lors des mouvements de tirage avec une forme et un soutien appropri\u00e9s.<\/p>\n\n    <div class=\"xs_social_share_widget xs_share_url after_content \t\tmain_content  wslu-style-1 wslu-share-box-shaped wslu-fill-colored wslu-none wslu-share-horizontal wslu-theme-font-no wslu-main_content\">\n\n\t\t\n        <ul>\n\t\t\t        <\/ul>\n    <\/div> \n","protected":false},"excerpt":{"rendered":"<p>Le Banc de Rowing L5 est un \u00e9quipement d\u2019exercice de musculation fixe con\u00e7u pour les exercices de rowing contr\u00f4l\u00e9s qui ciblent le haut et le milieu du dos. Adapt\u00e9 comme bon \u00e9quipement de home gym et de salle de sport commerciale, il offre un soutien thoracique stable pour les rowings \u00e0 la barre. Le banc [&hellip;]<\/p>\n","protected":false},"featured_media":11117,"template":"","meta":{"_acf_changed":false},"product_brand":[56],"product_cat":[836],"product_tag":[],"class_list":{"0":"post-26354","1":"product","2":"type-product","3":"status-publish","4":"has-post-thumbnail","6":"product_brand-gym-factory","7":"product_cat-bancs-de-musculation","9":"first","10":"onbackorder","11":"taxable","12":"shipping-taxable","13":"purchasable","14":"product-type-variable","15":"has-default-attributes"},"acf":[],"yoast_head":"<!-- This site is optimized with the Yoast SEO plugin v25.2 - https:\/\/yoast.com\/wordpress\/plugins\/seo\/ -->\n<title>Banc de Rowing L5 \u2013 Meilleur Banc pour Exercices de Rowing<\/title>\n<meta name=\"description\" content=\"Un banc de rowing durable est parfait pour la musculation et un excellent ajout \u00e0 vos id\u00e9es de home gym, soutenant des entra\u00eenements efficaces du dos et du centre du corps.\" \/>\n<meta name=\"robots\" content=\"index, follow, max-snippet:-1, max-image-preview:large, max-video-preview:-1\" \/>\n<link rel=\"canonical\" href=\"https:\/\/gymfactory.eu\/fr\/produit\/banc-de-rowing-l5\/\" \/>\n<meta property=\"og:locale\" content=\"fr_FR\" \/>\n<meta property=\"og:type\" content=\"article\" \/>\n<meta property=\"og:title\" content=\"Banc de Rowing L5 \u2013 Meilleur Banc pour Exercices de Rowing\" \/>\n<meta property=\"og:description\" content=\"Un banc de rowing durable est parfait pour la musculation et un excellent ajout \u00e0 vos id\u00e9es de home gym, soutenant des entra\u00eenements efficaces du dos et du centre du corps.\" \/>\n<meta property=\"og:url\" content=\"https:\/\/gymfactory.eu\/fr\/produit\/banc-de-rowing-l5\/\" \/>\n<meta property=\"og:site_name\" content=\"Gym Factory\" \/>\n<meta property=\"og:image\" content=\"https:\/\/gymfactory.eu\/wp-content\/uploads\/2025\/02\/best-workout-bench-heavy-duty-frame-2.webp\" \/>\n\t<meta property=\"og:image:width\" content=\"1500\" \/>\n\t<meta property=\"og:image:height\" content=\"1500\" \/>\n\t<meta property=\"og:image:type\" content=\"image\/webp\" \/>\n<meta name=\"twitter:card\" content=\"summary_large_image\" \/>\n<meta name=\"twitter:label1\" content=\"Dur\u00e9e de lecture estim\u00e9e\" \/>\n\t<meta name=\"twitter:data1\" content=\"1 minute\" \/>\n<script type=\"application\/ld+json\" class=\"yoast-schema-graph\">{\"@context\":\"https:\/\/schema.org\",\"@graph\":[{\"@type\":\"WebPage\",\"@id\":\"https:\/\/gymfactory.eu\/fr\/produit\/banc-de-rowing-l5\/\",\"url\":\"https:\/\/gymfactory.eu\/fr\/produit\/banc-de-rowing-l5\/\",\"name\":\"Banc de Rowing L5 \u2013 Meilleur Banc pour Exercices de Rowing\",\"isPartOf\":{\"@id\":\"https:\/\/gymfactory.eu\/fr\/#website\"},\"primaryImageOfPage\":{\"@id\":\"https:\/\/gymfactory.eu\/fr\/produit\/banc-de-rowing-l5\/#primaryimage\"},\"image\":{\"@id\":\"https:\/\/gymfactory.eu\/fr\/produit\/banc-de-rowing-l5\/#primaryimage\"},\"thumbnailUrl\":\"https:\/\/gymfactory.eu\/wp-content\/uploads\/2025\/02\/best-workout-bench-heavy-duty-frame-2.webp\",\"datePublished\":\"2025-02-12T07:54:58+00:00\",\"description\":\"Un banc de rowing durable est parfait pour la musculation et un excellent ajout \u00e0 vos id\u00e9es de home gym, soutenant des entra\u00eenements efficaces du dos et du centre du corps.\",\"breadcrumb\":{\"@id\":\"https:\/\/gymfactory.eu\/fr\/produit\/banc-de-rowing-l5\/#breadcrumb\"},\"inLanguage\":\"fr-FR\",\"potentialAction\":[{\"@type\":\"ReadAction\",\"target\":[\"https:\/\/gymfactory.eu\/fr\/produit\/banc-de-rowing-l5\/\"]}]},{\"@type\":\"ImageObject\",\"inLanguage\":\"fr-FR\",\"@id\":\"https:\/\/gymfactory.eu\/fr\/produit\/banc-de-rowing-l5\/#primaryimage\",\"url\":\"https:\/\/gymfactory.eu\/wp-content\/uploads\/2025\/02\/best-workout-bench-heavy-duty-frame-2.webp\",\"contentUrl\":\"https:\/\/gymfactory.eu\/wp-content\/uploads\/2025\/02\/best-workout-bench-heavy-duty-frame-2.webp\",\"width\":1500,\"height\":1500,\"caption\":\"Un \u00e9quipement de musculation \u00e0 domicile noir robuste avec un cadre en acier durable et \u00e9l\u00e9gant. Le banc de musculation poss\u00e8de un dessus rembourr\u00e9 ergonomique et un support de pied int\u00e9gr\u00e9 pour un confort et un \u00e9quilibre optimaux.\"},{\"@type\":\"BreadcrumbList\",\"@id\":\"https:\/\/gymfactory.eu\/fr\/produit\/banc-de-rowing-l5\/#breadcrumb\",\"itemListElement\":[{\"@type\":\"ListItem\",\"position\":1,\"name\":\"Home\",\"item\":\"https:\/\/gymfactory.eu\/fr\/\"},{\"@type\":\"ListItem\",\"position\":2,\"name\":\"Catalogue\",\"item\":\"https:\/\/gymfactory.eu\/fr\/catalogue-2\/\"},{\"@type\":\"ListItem\",\"position\":3,\"name\":\"Banc de Rowing L5\"}]},{\"@type\":\"WebSite\",\"@id\":\"https:\/\/gymfactory.eu\/fr\/#website\",\"url\":\"https:\/\/gymfactory.eu\/fr\/\",\"name\":\"Gym Factory\",\"description\":\"\",\"publisher\":{\"@id\":\"https:\/\/gymfactory.eu\/fr\/#organization\"},\"potentialAction\":[{\"@type\":\"SearchAction\",\"target\":{\"@type\":\"EntryPoint\",\"urlTemplate\":\"https:\/\/gymfactory.eu\/fr\/?s={search_term_string}\"},\"query-input\":{\"@type\":\"PropertyValueSpecification\",\"valueRequired\":true,\"valueName\":\"search_term_string\"}}],\"inLanguage\":\"fr-FR\"},{\"@type\":\"Organization\",\"@id\":\"https:\/\/gymfactory.eu\/fr\/#organization\",\"name\":\"Gym Factory\",\"url\":\"https:\/\/gymfactory.eu\/fr\/\",\"logo\":{\"@type\":\"ImageObject\",\"inLanguage\":\"fr-FR\",\"@id\":\"https:\/\/gymfactory.eu\/fr\/#\/schema\/logo\/image\/\",\"url\":\"https:\/\/gymfactory.eu\/wp-content\/uploads\/2024\/11\/Component-1.svg\",\"contentUrl\":\"https:\/\/gymfactory.eu\/wp-content\/uploads\/2024\/11\/Component-1.svg\",\"width\":54,\"height\":44,\"caption\":\"Gym Factory\"},\"image\":{\"@id\":\"https:\/\/gymfactory.eu\/fr\/#\/schema\/logo\/image\/\"}}]}<\/script>\n<!-- \/ Yoast SEO plugin. -->","yoast_head_json":{"title":"Banc de Rowing L5 \u2013 Meilleur Banc pour Exercices de Rowing","description":"Un banc de rowing durable est parfait pour la musculation et un excellent ajout \u00e0 vos id\u00e9es de home gym, soutenant des entra\u00eenements efficaces du dos et du centre du corps.","robots":{"index":"index","follow":"follow","max-snippet":"max-snippet:-1","max-image-preview":"max-image-preview:large","max-video-preview":"max-video-preview:-1"},"canonical":"https:\/\/gymfactory.eu\/fr\/produit\/banc-de-rowing-l5\/","og_locale":"fr_FR","og_type":"article","og_title":"Banc de Rowing L5 \u2013 Meilleur Banc pour Exercices de Rowing","og_description":"Un banc de rowing durable est parfait pour la musculation et un excellent ajout \u00e0 vos id\u00e9es de home gym, soutenant des entra\u00eenements efficaces du dos et du centre du corps.","og_url":"https:\/\/gymfactory.eu\/fr\/produit\/banc-de-rowing-l5\/","og_site_name":"Gym Factory","og_image":[{"width":1500,"height":1500,"url":"https:\/\/gymfactory.eu\/wp-content\/uploads\/2025\/02\/best-workout-bench-heavy-duty-frame-2.webp","type":"image\/webp"}],"twitter_card":"summary_large_image","twitter_misc":{"Dur\u00e9e de lecture estim\u00e9e":"1 minute"},"schema":{"@context":"https:\/\/schema.org","@graph":[{"@type":"WebPage","@id":"https:\/\/gymfactory.eu\/fr\/produit\/banc-de-rowing-l5\/","url":"https:\/\/gymfactory.eu\/fr\/produit\/banc-de-rowing-l5\/","name":"Banc de Rowing L5 \u2013 Meilleur Banc pour Exercices de Rowing","isPartOf":{"@id":"https:\/\/gymfactory.eu\/fr\/#website"},"primaryImageOfPage":{"@id":"https:\/\/gymfactory.eu\/fr\/produit\/banc-de-rowing-l5\/#primaryimage"},"image":{"@id":"https:\/\/gymfactory.eu\/fr\/produit\/banc-de-rowing-l5\/#primaryimage"},"thumbnailUrl":"https:\/\/gymfactory.eu\/wp-content\/uploads\/2025\/02\/best-workout-bench-heavy-duty-frame-2.webp","datePublished":"2025-02-12T07:54:58+00:00","description":"Un banc de rowing durable est parfait pour la musculation et un excellent ajout \u00e0 vos id\u00e9es de home gym, soutenant des entra\u00eenements efficaces du dos et du centre du corps.","breadcrumb":{"@id":"https:\/\/gymfactory.eu\/fr\/produit\/banc-de-rowing-l5\/#breadcrumb"},"inLanguage":"fr-FR","potentialAction":[{"@type":"ReadAction","target":["https:\/\/gymfactory.eu\/fr\/produit\/banc-de-rowing-l5\/"]}]},{"@type":"ImageObject","inLanguage":"fr-FR","@id":"https:\/\/gymfactory.eu\/fr\/produit\/banc-de-rowing-l5\/#primaryimage","url":"https:\/\/gymfactory.eu\/wp-content\/uploads\/2025\/02\/best-workout-bench-heavy-duty-frame-2.webp","contentUrl":"https:\/\/gymfactory.eu\/wp-content\/uploads\/2025\/02\/best-workout-bench-heavy-duty-frame-2.webp","width":1500,"height":1500,"caption":"Un \u00e9quipement de musculation \u00e0 domicile noir robuste avec un cadre en acier durable et \u00e9l\u00e9gant. Le banc de musculation poss\u00e8de un dessus rembourr\u00e9 ergonomique et un support de pied int\u00e9gr\u00e9 pour un confort et un \u00e9quilibre optimaux."},{"@type":"BreadcrumbList","@id":"https:\/\/gymfactory.eu\/fr\/produit\/banc-de-rowing-l5\/#breadcrumb","itemListElement":[{"@type":"ListItem","position":1,"name":"Home","item":"https:\/\/gymfactory.eu\/fr\/"},{"@type":"ListItem","position":2,"name":"Catalogue","item":"https:\/\/gymfactory.eu\/fr\/catalogue-2\/"},{"@type":"ListItem","position":3,"name":"Banc de Rowing L5"}]},{"@type":"WebSite","@id":"https:\/\/gymfactory.eu\/fr\/#website","url":"https:\/\/gymfactory.eu\/fr\/","name":"Gym Factory","description":"","publisher":{"@id":"https:\/\/gymfactory.eu\/fr\/#organization"},"potentialAction":[{"@type":"SearchAction","target":{"@type":"EntryPoint","urlTemplate":"https:\/\/gymfactory.eu\/fr\/?s={search_term_string}"},"query-input":{"@type":"PropertyValueSpecification","valueRequired":true,"valueName":"search_term_string"}}],"inLanguage":"fr-FR"},{"@type":"Organization","@id":"https:\/\/gymfactory.eu\/fr\/#organization","name":"Gym Factory","url":"https:\/\/gymfactory.eu\/fr\/","logo":{"@type":"ImageObject","inLanguage":"fr-FR","@id":"https:\/\/gymfactory.eu\/fr\/#\/schema\/logo\/image\/","url":"https:\/\/gymfactory.eu\/wp-content\/uploads\/2024\/11\/Component-1.svg","contentUrl":"https:\/\/gymfactory.eu\/wp-content\/uploads\/2024\/11\/Component-1.svg","width":54,"height":44,"caption":"Gym Factory"},"image":{"@id":"https:\/\/gymfactory.eu\/fr\/#\/schema\/logo\/image\/"}}]}},"_links":{"self":[{"href":"https:\/\/gymfactory.eu\/fr\/wp-json\/wp\/v2\/product\/26354","targetHints":{"allow":["GET"]}}],"collection":[{"href":"https:\/\/gymfactory.eu\/fr\/wp-json\/wp\/v2\/product"}],"about":[{"href":"https:\/\/gymfactory.eu\/fr\/wp-json\/wp\/v2\/types\/product"}],"wp:featuredmedia":[{"embeddable":true,"href":"https:\/\/gymfactory.eu\/fr\/wp-json\/wp\/v2\/media\/11117"}],"wp:attachment":[{"href":"https:\/\/gymfactory.eu\/fr\/wp-json\/wp\/v2\/media?parent=26354"}],"wp:term":[{"taxonomy":"product_brand","embeddable":true,"href":"https:\/\/gymfactory.eu\/fr\/wp-json\/wp\/v2\/product_brand?post=26354"},{"taxonomy":"product_cat","embeddable":true,"href":"https:\/\/gymfactory.eu\/fr\/wp-json\/wp\/v2\/product_cat?post=26354"},{"taxonomy":"product_tag","embeddable":true,"href":"https:\/\/gymfactory.eu\/fr\/wp-json\/wp\/v2\/product_tag?post=26354"}],"curies":[{"name":"wp","href":"https:\/\/api.w.org\/{rel}","templated":true}]}}