{"id":26284,"date":"2025-02-11T15:33:42","date_gmt":"2025-02-11T13:33:42","guid":{"rendered":"https:\/\/gymfactory.eu\/product\/banc-a-lombaires-l3xx-avec-chaise-romaine\/"},"modified":"2025-02-11T15:33:42","modified_gmt":"2025-02-11T13:33:42","slug":"banc-a-lombaires-l3xx-avec-chaise-romaine","status":"publish","type":"product","link":"https:\/\/gymfactory.eu\/fr\/produit\/banc-a-lombaires-l3xx-avec-chaise-romaine\/","title":{"rendered":"Banc \u00e0 Lombaires L3XX avec Chaise Romaine"},"content":{"rendered":"<p>Le Banc \u00e0 Lombaires L3XX avec Chaise Romaine est un \u00e9quipement d\u2019exercice de musculation con\u00e7u pour les extensions lombaires et d\u2019autres exercices sur banc ciblant le bas du dos, les fessiers et les ischio-jambiers.<\/p>\n<p>Il dispose d\u2019une plateforme de support pour les pieds r\u00e9glable en hauteur pour un positionnement s\u00fbr des jambes et d\u2019un angle de banc r\u00e9glable pour s\u2019adapter aux diff\u00e9rents utilisateurs et pr\u00e9f\u00e9rences d\u2019entra\u00eenement. Les points de contact rembourr\u00e9s assurent confort et stabilit\u00e9 tout au long du mouvement. <\/p>\n<p>Ce banc \u00e0 hyperextension avec chaise romaine convient aussi bien \u00e0 un usage domestique que commercial, offrant un soutien fiable pour un entra\u00eenement cibl\u00e9 du bas du corps et du centre du corps.<\/p>\n\n    <div class=\"xs_social_share_widget xs_share_url after_content \t\tmain_content  wslu-style-1 wslu-share-box-shaped wslu-fill-colored wslu-none wslu-share-horizontal wslu-theme-font-no wslu-main_content\">\n\n\t\t\n        <ul>\n\t\t\t        <\/ul>\n    <\/div> \n","protected":false},"excerpt":{"rendered":"<p>Le Banc \u00e0 Lombaires L3XX avec Chaise Romaine est un \u00e9quipement d\u2019exercice de musculation con\u00e7u pour les extensions lombaires et d\u2019autres exercices sur banc ciblant le bas du dos, les fessiers et les ischio-jambiers. Il dispose d\u2019une plateforme de support pour les pieds r\u00e9glable en hauteur pour un positionnement s\u00fbr des jambes et d\u2019un angle [&hellip;]<\/p>\n","protected":false},"featured_media":10875,"template":"","meta":{"_acf_changed":false},"product_brand":[56],"product_cat":[836],"product_tag":[],"class_list":{"0":"post-26284","1":"product","2":"type-product","3":"status-publish","4":"has-post-thumbnail","6":"product_brand-gym-factory","7":"product_cat-bancs-de-musculation","9":"first","10":"onbackorder","11":"taxable","12":"shipping-taxable","13":"purchasable","14":"product-type-variable","15":"has-default-attributes"},"acf":[],"yoast_head":"<!-- This site is optimized with the Yoast SEO plugin v25.2 - https:\/\/yoast.com\/wordpress\/plugins\/seo\/ -->\n<title>Banc \u00e0 Lombaires L3XX avec Chaise Romaine R\u00e9glable<\/title>\n<meta name=\"description\" content=\"Ce banc \u00e0 hyperextension est un \u00e9quipement de musculation indispensable, parfait pour cibler les muscles du centre du corps et du bas du dos.\" \/>\n<meta name=\"robots\" content=\"index, follow, max-snippet:-1, max-image-preview:large, max-video-preview:-1\" \/>\n<link rel=\"canonical\" href=\"https:\/\/gymfactory.eu\/fr\/produit\/banc-a-lombaires-l3xx-avec-chaise-romaine\/\" \/>\n<meta property=\"og:locale\" content=\"fr_FR\" \/>\n<meta property=\"og:type\" content=\"article\" \/>\n<meta property=\"og:title\" content=\"Banc \u00e0 Lombaires L3XX avec Chaise Romaine R\u00e9glable\" \/>\n<meta property=\"og:description\" content=\"Ce banc \u00e0 hyperextension est un \u00e9quipement de musculation indispensable, parfait pour cibler les muscles du centre du corps et du bas du dos.\" \/>\n<meta property=\"og:url\" content=\"https:\/\/gymfactory.eu\/fr\/produit\/banc-a-lombaires-l3xx-avec-chaise-romaine\/\" \/>\n<meta property=\"og:site_name\" content=\"Gym Factory\" \/>\n<meta property=\"og:image\" content=\"https:\/\/gymfactory.eu\/wp-content\/uploads\/2025\/02\/best-workout-bench-hyperextension-support-system-1.webp\" \/>\n\t<meta property=\"og:image:width\" content=\"1500\" \/>\n\t<meta property=\"og:image:height\" content=\"1500\" \/>\n\t<meta property=\"og:image:type\" content=\"image\/webp\" \/>\n<meta name=\"twitter:card\" content=\"summary_large_image\" \/>\n<meta name=\"twitter:label1\" content=\"Dur\u00e9e de lecture estim\u00e9e\" \/>\n\t<meta name=\"twitter:data1\" content=\"1 minute\" \/>\n<script type=\"application\/ld+json\" class=\"yoast-schema-graph\">{\"@context\":\"https:\/\/schema.org\",\"@graph\":[{\"@type\":\"WebPage\",\"@id\":\"https:\/\/gymfactory.eu\/fr\/produit\/banc-a-lombaires-l3xx-avec-chaise-romaine\/\",\"url\":\"https:\/\/gymfactory.eu\/fr\/produit\/banc-a-lombaires-l3xx-avec-chaise-romaine\/\",\"name\":\"Banc \u00e0 Lombaires L3XX avec Chaise Romaine R\u00e9glable\",\"isPartOf\":{\"@id\":\"https:\/\/gymfactory.eu\/fr\/#website\"},\"primaryImageOfPage\":{\"@id\":\"https:\/\/gymfactory.eu\/fr\/produit\/banc-a-lombaires-l3xx-avec-chaise-romaine\/#primaryimage\"},\"image\":{\"@id\":\"https:\/\/gymfactory.eu\/fr\/produit\/banc-a-lombaires-l3xx-avec-chaise-romaine\/#primaryimage\"},\"thumbnailUrl\":\"https:\/\/gymfactory.eu\/wp-content\/uploads\/2025\/02\/best-workout-bench-hyperextension-support-system-1.webp\",\"datePublished\":\"2025-02-11T13:33:42+00:00\",\"description\":\"Ce banc \u00e0 hyperextension est un \u00e9quipement de musculation indispensable, parfait pour cibler les muscles du centre du corps et du bas du dos.\",\"breadcrumb\":{\"@id\":\"https:\/\/gymfactory.eu\/fr\/produit\/banc-a-lombaires-l3xx-avec-chaise-romaine\/#breadcrumb\"},\"inLanguage\":\"fr-FR\",\"potentialAction\":[{\"@type\":\"ReadAction\",\"target\":[\"https:\/\/gymfactory.eu\/fr\/produit\/banc-a-lombaires-l3xx-avec-chaise-romaine\/\"]}]},{\"@type\":\"ImageObject\",\"inLanguage\":\"fr-FR\",\"@id\":\"https:\/\/gymfactory.eu\/fr\/produit\/banc-a-lombaires-l3xx-avec-chaise-romaine\/#primaryimage\",\"url\":\"https:\/\/gymfactory.eu\/wp-content\/uploads\/2025\/02\/best-workout-bench-hyperextension-support-system-1.webp\",\"contentUrl\":\"https:\/\/gymfactory.eu\/wp-content\/uploads\/2025\/02\/best-workout-bench-hyperextension-support-system-1.webp\",\"width\":1500,\"height\":1500,\"caption\":\"\u00c9quipement de musculation \u00e0 domicile avec un banc \u00e0 lombaires r\u00e9glable, des doubles rouleaux pour les pieds et un rembourrage ergonomique pour un confort et un soutien optimaux.\"},{\"@type\":\"BreadcrumbList\",\"@id\":\"https:\/\/gymfactory.eu\/fr\/produit\/banc-a-lombaires-l3xx-avec-chaise-romaine\/#breadcrumb\",\"itemListElement\":[{\"@type\":\"ListItem\",\"position\":1,\"name\":\"Home\",\"item\":\"https:\/\/gymfactory.eu\/fr\/\"},{\"@type\":\"ListItem\",\"position\":2,\"name\":\"Catalogue\",\"item\":\"https:\/\/gymfactory.eu\/fr\/catalogue-2\/\"},{\"@type\":\"ListItem\",\"position\":3,\"name\":\"Banc \u00e0 Lombaires L3XX avec Chaise Romaine\"}]},{\"@type\":\"WebSite\",\"@id\":\"https:\/\/gymfactory.eu\/fr\/#website\",\"url\":\"https:\/\/gymfactory.eu\/fr\/\",\"name\":\"Gym Factory\",\"description\":\"\",\"publisher\":{\"@id\":\"https:\/\/gymfactory.eu\/fr\/#organization\"},\"potentialAction\":[{\"@type\":\"SearchAction\",\"target\":{\"@type\":\"EntryPoint\",\"urlTemplate\":\"https:\/\/gymfactory.eu\/fr\/?s={search_term_string}\"},\"query-input\":{\"@type\":\"PropertyValueSpecification\",\"valueRequired\":true,\"valueName\":\"search_term_string\"}}],\"inLanguage\":\"fr-FR\"},{\"@type\":\"Organization\",\"@id\":\"https:\/\/gymfactory.eu\/fr\/#organization\",\"name\":\"Gym Factory\",\"url\":\"https:\/\/gymfactory.eu\/fr\/\",\"logo\":{\"@type\":\"ImageObject\",\"inLanguage\":\"fr-FR\",\"@id\":\"https:\/\/gymfactory.eu\/fr\/#\/schema\/logo\/image\/\",\"url\":\"https:\/\/gymfactory.eu\/wp-content\/uploads\/2024\/11\/Component-1.svg\",\"contentUrl\":\"https:\/\/gymfactory.eu\/wp-content\/uploads\/2024\/11\/Component-1.svg\",\"width\":54,\"height\":44,\"caption\":\"Gym Factory\"},\"image\":{\"@id\":\"https:\/\/gymfactory.eu\/fr\/#\/schema\/logo\/image\/\"}}]}<\/script>\n<!-- \/ Yoast SEO plugin. -->","yoast_head_json":{"title":"Banc \u00e0 Lombaires L3XX avec Chaise Romaine R\u00e9glable","description":"Ce banc \u00e0 hyperextension est un \u00e9quipement de musculation indispensable, parfait pour cibler les muscles du centre du corps et du bas du dos.","robots":{"index":"index","follow":"follow","max-snippet":"max-snippet:-1","max-image-preview":"max-image-preview:large","max-video-preview":"max-video-preview:-1"},"canonical":"https:\/\/gymfactory.eu\/fr\/produit\/banc-a-lombaires-l3xx-avec-chaise-romaine\/","og_locale":"fr_FR","og_type":"article","og_title":"Banc \u00e0 Lombaires L3XX avec Chaise Romaine R\u00e9glable","og_description":"Ce banc \u00e0 hyperextension est un \u00e9quipement de musculation indispensable, parfait pour cibler les muscles du centre du corps et du bas du dos.","og_url":"https:\/\/gymfactory.eu\/fr\/produit\/banc-a-lombaires-l3xx-avec-chaise-romaine\/","og_site_name":"Gym Factory","og_image":[{"width":1500,"height":1500,"url":"https:\/\/gymfactory.eu\/wp-content\/uploads\/2025\/02\/best-workout-bench-hyperextension-support-system-1.webp","type":"image\/webp"}],"twitter_card":"summary_large_image","twitter_misc":{"Dur\u00e9e de lecture estim\u00e9e":"1 minute"},"schema":{"@context":"https:\/\/schema.org","@graph":[{"@type":"WebPage","@id":"https:\/\/gymfactory.eu\/fr\/produit\/banc-a-lombaires-l3xx-avec-chaise-romaine\/","url":"https:\/\/gymfactory.eu\/fr\/produit\/banc-a-lombaires-l3xx-avec-chaise-romaine\/","name":"Banc \u00e0 Lombaires L3XX avec Chaise Romaine R\u00e9glable","isPartOf":{"@id":"https:\/\/gymfactory.eu\/fr\/#website"},"primaryImageOfPage":{"@id":"https:\/\/gymfactory.eu\/fr\/produit\/banc-a-lombaires-l3xx-avec-chaise-romaine\/#primaryimage"},"image":{"@id":"https:\/\/gymfactory.eu\/fr\/produit\/banc-a-lombaires-l3xx-avec-chaise-romaine\/#primaryimage"},"thumbnailUrl":"https:\/\/gymfactory.eu\/wp-content\/uploads\/2025\/02\/best-workout-bench-hyperextension-support-system-1.webp","datePublished":"2025-02-11T13:33:42+00:00","description":"Ce banc \u00e0 hyperextension est un \u00e9quipement de musculation indispensable, parfait pour cibler les muscles du centre du corps et du bas du dos.","breadcrumb":{"@id":"https:\/\/gymfactory.eu\/fr\/produit\/banc-a-lombaires-l3xx-avec-chaise-romaine\/#breadcrumb"},"inLanguage":"fr-FR","potentialAction":[{"@type":"ReadAction","target":["https:\/\/gymfactory.eu\/fr\/produit\/banc-a-lombaires-l3xx-avec-chaise-romaine\/"]}]},{"@type":"ImageObject","inLanguage":"fr-FR","@id":"https:\/\/gymfactory.eu\/fr\/produit\/banc-a-lombaires-l3xx-avec-chaise-romaine\/#primaryimage","url":"https:\/\/gymfactory.eu\/wp-content\/uploads\/2025\/02\/best-workout-bench-hyperextension-support-system-1.webp","contentUrl":"https:\/\/gymfactory.eu\/wp-content\/uploads\/2025\/02\/best-workout-bench-hyperextension-support-system-1.webp","width":1500,"height":1500,"caption":"\u00c9quipement de musculation \u00e0 domicile avec un banc \u00e0 lombaires r\u00e9glable, des doubles rouleaux pour les pieds et un rembourrage ergonomique pour un confort et un soutien optimaux."},{"@type":"BreadcrumbList","@id":"https:\/\/gymfactory.eu\/fr\/produit\/banc-a-lombaires-l3xx-avec-chaise-romaine\/#breadcrumb","itemListElement":[{"@type":"ListItem","position":1,"name":"Home","item":"https:\/\/gymfactory.eu\/fr\/"},{"@type":"ListItem","position":2,"name":"Catalogue","item":"https:\/\/gymfactory.eu\/fr\/catalogue-2\/"},{"@type":"ListItem","position":3,"name":"Banc \u00e0 Lombaires L3XX avec Chaise Romaine"}]},{"@type":"WebSite","@id":"https:\/\/gymfactory.eu\/fr\/#website","url":"https:\/\/gymfactory.eu\/fr\/","name":"Gym Factory","description":"","publisher":{"@id":"https:\/\/gymfactory.eu\/fr\/#organization"},"potentialAction":[{"@type":"SearchAction","target":{"@type":"EntryPoint","urlTemplate":"https:\/\/gymfactory.eu\/fr\/?s={search_term_string}"},"query-input":{"@type":"PropertyValueSpecification","valueRequired":true,"valueName":"search_term_string"}}],"inLanguage":"fr-FR"},{"@type":"Organization","@id":"https:\/\/gymfactory.eu\/fr\/#organization","name":"Gym Factory","url":"https:\/\/gymfactory.eu\/fr\/","logo":{"@type":"ImageObject","inLanguage":"fr-FR","@id":"https:\/\/gymfactory.eu\/fr\/#\/schema\/logo\/image\/","url":"https:\/\/gymfactory.eu\/wp-content\/uploads\/2024\/11\/Component-1.svg","contentUrl":"https:\/\/gymfactory.eu\/wp-content\/uploads\/2024\/11\/Component-1.svg","width":54,"height":44,"caption":"Gym Factory"},"image":{"@id":"https:\/\/gymfactory.eu\/fr\/#\/schema\/logo\/image\/"}}]}},"_links":{"self":[{"href":"https:\/\/gymfactory.eu\/fr\/wp-json\/wp\/v2\/product\/26284","targetHints":{"allow":["GET"]}}],"collection":[{"href":"https:\/\/gymfactory.eu\/fr\/wp-json\/wp\/v2\/product"}],"about":[{"href":"https:\/\/gymfactory.eu\/fr\/wp-json\/wp\/v2\/types\/product"}],"wp:featuredmedia":[{"embeddable":true,"href":"https:\/\/gymfactory.eu\/fr\/wp-json\/wp\/v2\/media\/10875"}],"wp:attachment":[{"href":"https:\/\/gymfactory.eu\/fr\/wp-json\/wp\/v2\/media?parent=26284"}],"wp:term":[{"taxonomy":"product_brand","embeddable":true,"href":"https:\/\/gymfactory.eu\/fr\/wp-json\/wp\/v2\/product_brand?post=26284"},{"taxonomy":"product_cat","embeddable":true,"href":"https:\/\/gymfactory.eu\/fr\/wp-json\/wp\/v2\/product_cat?post=26284"},{"taxonomy":"product_tag","embeddable":true,"href":"https:\/\/gymfactory.eu\/fr\/wp-json\/wp\/v2\/product_tag?post=26284"}],"curies":[{"name":"wp","href":"https:\/\/api.w.org\/{rel}","templated":true}]}}