{"id":26274,"date":"2025-02-11T15:19:31","date_gmt":"2025-02-11T13:19:31","guid":{"rendered":"https:\/\/gymfactory.eu\/product\/banc-a-lombaires-l3\/"},"modified":"2025-02-11T15:19:31","modified_gmt":"2025-02-11T13:19:31","slug":"banc-a-lombaires-l3","status":"publish","type":"product","link":"https:\/\/gymfactory.eu\/fr\/produit\/banc-a-lombaires-l3\/","title":{"rendered":"Banc \u00e0 Lombaires L3"},"content":{"rendered":"<p>Le Banc \u00e0 Lombaires L3 est un banc \u00e0 position fixe con\u00e7u pour renforcer le bas du dos, les fessiers et les ischio-jambiers. Il est destin\u00e9 aux exercices sur banc comme les extensions lombaires et les maintiens statiques qui am\u00e9liorent la posture, la stabilit\u00e9 et la force du centre du corps. <\/p>\n<p>Ce banc \u00e0 hyperextension dispose d\u2019un coussin de soutien r\u00e9glable en hauteur pour les cuisses et les hanches, aidant les utilisateurs \u00e0 maintenir un positionnement correct et un confort optimal pendant l\u2019entra\u00eenement. Les points de contact rembourr\u00e9s et un cadre stable assurent s\u00e9curit\u00e9 et facilit\u00e9 d\u2019utilisation. <\/p>\n<p>Compact et durable, le L3 s\u2019int\u00e8gre bien dans les salles de sport domestiques et commerciales \u2013 une pi\u00e8ce fiable de bon \u00e9quipement de home gym et de salle de sport commerciale pour un travail cibl\u00e9 sur banc \u00e0 lombaires.<\/p>\n\n    <div class=\"xs_social_share_widget xs_share_url after_content \t\tmain_content  wslu-style-1 wslu-share-box-shaped wslu-fill-colored wslu-none wslu-share-horizontal wslu-theme-font-no wslu-main_content\">\n\n\t\t\n        <ul>\n\t\t\t        <\/ul>\n    <\/div> \n","protected":false},"excerpt":{"rendered":"<p>Le Banc \u00e0 Lombaires L3 est un banc \u00e0 position fixe con\u00e7u pour renforcer le bas du dos, les fessiers et les ischio-jambiers. Il est destin\u00e9 aux exercices sur banc comme les extensions lombaires et les maintiens statiques qui am\u00e9liorent la posture, la stabilit\u00e9 et la force du centre du corps. Ce banc \u00e0 hyperextension [&hellip;]<\/p>\n","protected":false},"featured_media":10865,"template":"","meta":{"_acf_changed":false},"product_brand":[56],"product_cat":[836],"product_tag":[],"class_list":{"0":"post-26274","1":"product","2":"type-product","3":"status-publish","4":"has-post-thumbnail","6":"product_brand-gym-factory","7":"product_cat-bancs-de-musculation","9":"first","10":"onbackorder","11":"taxable","12":"shipping-taxable","13":"purchasable","14":"product-type-variable","15":"has-default-attributes"},"acf":[],"yoast_head":"<!-- This site is optimized with the Yoast SEO plugin v25.2 - https:\/\/yoast.com\/wordpress\/plugins\/seo\/ -->\n<title>Banc \u00e0 Lombaires L3 - \u00c9quipement de Musculation pour la Force<\/title>\n<meta name=\"description\" content=\"Un banc \u00e0 hyperextension est une pi\u00e8ce essentielle d\u2019un bon \u00e9quipement de home gym, id\u00e9al pour renforcer le bas du dos et les muscles du centre du corps.\" \/>\n<meta name=\"robots\" content=\"index, follow, max-snippet:-1, max-image-preview:large, max-video-preview:-1\" \/>\n<link rel=\"canonical\" href=\"https:\/\/gymfactory.eu\/fr\/produit\/banc-a-lombaires-l3\/\" \/>\n<meta property=\"og:locale\" content=\"fr_FR\" \/>\n<meta property=\"og:type\" content=\"article\" \/>\n<meta property=\"og:title\" content=\"Banc \u00e0 Lombaires L3 - \u00c9quipement de Musculation pour la Force\" \/>\n<meta property=\"og:description\" content=\"Un banc \u00e0 hyperextension est une pi\u00e8ce essentielle d\u2019un bon \u00e9quipement de home gym, id\u00e9al pour renforcer le bas du dos et les muscles du centre du corps.\" \/>\n<meta property=\"og:url\" content=\"https:\/\/gymfactory.eu\/fr\/produit\/banc-a-lombaires-l3\/\" \/>\n<meta property=\"og:site_name\" content=\"Gym Factory\" \/>\n<meta property=\"og:image\" content=\"https:\/\/gymfactory.eu\/wp-content\/uploads\/2025\/02\/best-workout-bench-black-hyperextension-bench-1-1.webp\" \/>\n\t<meta property=\"og:image:width\" content=\"1500\" \/>\n\t<meta property=\"og:image:height\" content=\"1500\" \/>\n\t<meta property=\"og:image:type\" content=\"image\/webp\" \/>\n<meta name=\"twitter:card\" content=\"summary_large_image\" \/>\n<meta name=\"twitter:label1\" content=\"Dur\u00e9e de lecture estim\u00e9e\" \/>\n\t<meta name=\"twitter:data1\" content=\"1 minute\" \/>\n<script type=\"application\/ld+json\" class=\"yoast-schema-graph\">{\"@context\":\"https:\/\/schema.org\",\"@graph\":[{\"@type\":\"WebPage\",\"@id\":\"https:\/\/gymfactory.eu\/fr\/produit\/banc-a-lombaires-l3\/\",\"url\":\"https:\/\/gymfactory.eu\/fr\/produit\/banc-a-lombaires-l3\/\",\"name\":\"Banc \u00e0 Lombaires L3 - \u00c9quipement de Musculation pour la Force\",\"isPartOf\":{\"@id\":\"https:\/\/gymfactory.eu\/fr\/#website\"},\"primaryImageOfPage\":{\"@id\":\"https:\/\/gymfactory.eu\/fr\/produit\/banc-a-lombaires-l3\/#primaryimage\"},\"image\":{\"@id\":\"https:\/\/gymfactory.eu\/fr\/produit\/banc-a-lombaires-l3\/#primaryimage\"},\"thumbnailUrl\":\"https:\/\/gymfactory.eu\/wp-content\/uploads\/2025\/02\/best-workout-bench-black-hyperextension-bench-1-1.webp\",\"datePublished\":\"2025-02-11T13:19:31+00:00\",\"description\":\"Un banc \u00e0 hyperextension est une pi\u00e8ce essentielle d\u2019un bon \u00e9quipement de home gym, id\u00e9al pour renforcer le bas du dos et les muscles du centre du corps.\",\"breadcrumb\":{\"@id\":\"https:\/\/gymfactory.eu\/fr\/produit\/banc-a-lombaires-l3\/#breadcrumb\"},\"inLanguage\":\"fr-FR\",\"potentialAction\":[{\"@type\":\"ReadAction\",\"target\":[\"https:\/\/gymfactory.eu\/fr\/produit\/banc-a-lombaires-l3\/\"]}]},{\"@type\":\"ImageObject\",\"inLanguage\":\"fr-FR\",\"@id\":\"https:\/\/gymfactory.eu\/fr\/produit\/banc-a-lombaires-l3\/#primaryimage\",\"url\":\"https:\/\/gymfactory.eu\/wp-content\/uploads\/2025\/02\/best-workout-bench-black-hyperextension-bench-1-1.webp\",\"contentUrl\":\"https:\/\/gymfactory.eu\/wp-content\/uploads\/2025\/02\/best-workout-bench-black-hyperextension-bench-1-1.webp\",\"width\":1500,\"height\":1500,\"caption\":\"Un banc de musculation \u00e0 lombaires noir, \u00e9quipement de musculation \u00e0 domicile, dot\u00e9 de coussins de soutien rembourr\u00e9s, de rouleaux pour jambes r\u00e9glables et d\u2019un cadre en acier robuste pour les exercices du dos et du centre du corps.\"},{\"@type\":\"BreadcrumbList\",\"@id\":\"https:\/\/gymfactory.eu\/fr\/produit\/banc-a-lombaires-l3\/#breadcrumb\",\"itemListElement\":[{\"@type\":\"ListItem\",\"position\":1,\"name\":\"Home\",\"item\":\"https:\/\/gymfactory.eu\/fr\/\"},{\"@type\":\"ListItem\",\"position\":2,\"name\":\"Catalogue\",\"item\":\"https:\/\/gymfactory.eu\/fr\/catalogue-2\/\"},{\"@type\":\"ListItem\",\"position\":3,\"name\":\"Banc \u00e0 Lombaires L3\"}]},{\"@type\":\"WebSite\",\"@id\":\"https:\/\/gymfactory.eu\/fr\/#website\",\"url\":\"https:\/\/gymfactory.eu\/fr\/\",\"name\":\"Gym Factory\",\"description\":\"\",\"publisher\":{\"@id\":\"https:\/\/gymfactory.eu\/fr\/#organization\"},\"potentialAction\":[{\"@type\":\"SearchAction\",\"target\":{\"@type\":\"EntryPoint\",\"urlTemplate\":\"https:\/\/gymfactory.eu\/fr\/?s={search_term_string}\"},\"query-input\":{\"@type\":\"PropertyValueSpecification\",\"valueRequired\":true,\"valueName\":\"search_term_string\"}}],\"inLanguage\":\"fr-FR\"},{\"@type\":\"Organization\",\"@id\":\"https:\/\/gymfactory.eu\/fr\/#organization\",\"name\":\"Gym Factory\",\"url\":\"https:\/\/gymfactory.eu\/fr\/\",\"logo\":{\"@type\":\"ImageObject\",\"inLanguage\":\"fr-FR\",\"@id\":\"https:\/\/gymfactory.eu\/fr\/#\/schema\/logo\/image\/\",\"url\":\"https:\/\/gymfactory.eu\/wp-content\/uploads\/2024\/11\/Component-1.svg\",\"contentUrl\":\"https:\/\/gymfactory.eu\/wp-content\/uploads\/2024\/11\/Component-1.svg\",\"width\":54,\"height\":44,\"caption\":\"Gym Factory\"},\"image\":{\"@id\":\"https:\/\/gymfactory.eu\/fr\/#\/schema\/logo\/image\/\"}}]}<\/script>\n<!-- \/ Yoast SEO plugin. -->","yoast_head_json":{"title":"Banc \u00e0 Lombaires L3 - \u00c9quipement de Musculation pour la Force","description":"Un banc \u00e0 hyperextension est une pi\u00e8ce essentielle d\u2019un bon \u00e9quipement de home gym, id\u00e9al pour renforcer le bas du dos et les muscles du centre du corps.","robots":{"index":"index","follow":"follow","max-snippet":"max-snippet:-1","max-image-preview":"max-image-preview:large","max-video-preview":"max-video-preview:-1"},"canonical":"https:\/\/gymfactory.eu\/fr\/produit\/banc-a-lombaires-l3\/","og_locale":"fr_FR","og_type":"article","og_title":"Banc \u00e0 Lombaires L3 - \u00c9quipement de Musculation pour la Force","og_description":"Un banc \u00e0 hyperextension est une pi\u00e8ce essentielle d\u2019un bon \u00e9quipement de home gym, id\u00e9al pour renforcer le bas du dos et les muscles du centre du corps.","og_url":"https:\/\/gymfactory.eu\/fr\/produit\/banc-a-lombaires-l3\/","og_site_name":"Gym Factory","og_image":[{"width":1500,"height":1500,"url":"https:\/\/gymfactory.eu\/wp-content\/uploads\/2025\/02\/best-workout-bench-black-hyperextension-bench-1-1.webp","type":"image\/webp"}],"twitter_card":"summary_large_image","twitter_misc":{"Dur\u00e9e de lecture estim\u00e9e":"1 minute"},"schema":{"@context":"https:\/\/schema.org","@graph":[{"@type":"WebPage","@id":"https:\/\/gymfactory.eu\/fr\/produit\/banc-a-lombaires-l3\/","url":"https:\/\/gymfactory.eu\/fr\/produit\/banc-a-lombaires-l3\/","name":"Banc \u00e0 Lombaires L3 - \u00c9quipement de Musculation pour la Force","isPartOf":{"@id":"https:\/\/gymfactory.eu\/fr\/#website"},"primaryImageOfPage":{"@id":"https:\/\/gymfactory.eu\/fr\/produit\/banc-a-lombaires-l3\/#primaryimage"},"image":{"@id":"https:\/\/gymfactory.eu\/fr\/produit\/banc-a-lombaires-l3\/#primaryimage"},"thumbnailUrl":"https:\/\/gymfactory.eu\/wp-content\/uploads\/2025\/02\/best-workout-bench-black-hyperextension-bench-1-1.webp","datePublished":"2025-02-11T13:19:31+00:00","description":"Un banc \u00e0 hyperextension est une pi\u00e8ce essentielle d\u2019un bon \u00e9quipement de home gym, id\u00e9al pour renforcer le bas du dos et les muscles du centre du corps.","breadcrumb":{"@id":"https:\/\/gymfactory.eu\/fr\/produit\/banc-a-lombaires-l3\/#breadcrumb"},"inLanguage":"fr-FR","potentialAction":[{"@type":"ReadAction","target":["https:\/\/gymfactory.eu\/fr\/produit\/banc-a-lombaires-l3\/"]}]},{"@type":"ImageObject","inLanguage":"fr-FR","@id":"https:\/\/gymfactory.eu\/fr\/produit\/banc-a-lombaires-l3\/#primaryimage","url":"https:\/\/gymfactory.eu\/wp-content\/uploads\/2025\/02\/best-workout-bench-black-hyperextension-bench-1-1.webp","contentUrl":"https:\/\/gymfactory.eu\/wp-content\/uploads\/2025\/02\/best-workout-bench-black-hyperextension-bench-1-1.webp","width":1500,"height":1500,"caption":"Un banc de musculation \u00e0 lombaires noir, \u00e9quipement de musculation \u00e0 domicile, dot\u00e9 de coussins de soutien rembourr\u00e9s, de rouleaux pour jambes r\u00e9glables et d\u2019un cadre en acier robuste pour les exercices du dos et du centre du corps."},{"@type":"BreadcrumbList","@id":"https:\/\/gymfactory.eu\/fr\/produit\/banc-a-lombaires-l3\/#breadcrumb","itemListElement":[{"@type":"ListItem","position":1,"name":"Home","item":"https:\/\/gymfactory.eu\/fr\/"},{"@type":"ListItem","position":2,"name":"Catalogue","item":"https:\/\/gymfactory.eu\/fr\/catalogue-2\/"},{"@type":"ListItem","position":3,"name":"Banc \u00e0 Lombaires L3"}]},{"@type":"WebSite","@id":"https:\/\/gymfactory.eu\/fr\/#website","url":"https:\/\/gymfactory.eu\/fr\/","name":"Gym Factory","description":"","publisher":{"@id":"https:\/\/gymfactory.eu\/fr\/#organization"},"potentialAction":[{"@type":"SearchAction","target":{"@type":"EntryPoint","urlTemplate":"https:\/\/gymfactory.eu\/fr\/?s={search_term_string}"},"query-input":{"@type":"PropertyValueSpecification","valueRequired":true,"valueName":"search_term_string"}}],"inLanguage":"fr-FR"},{"@type":"Organization","@id":"https:\/\/gymfactory.eu\/fr\/#organization","name":"Gym Factory","url":"https:\/\/gymfactory.eu\/fr\/","logo":{"@type":"ImageObject","inLanguage":"fr-FR","@id":"https:\/\/gymfactory.eu\/fr\/#\/schema\/logo\/image\/","url":"https:\/\/gymfactory.eu\/wp-content\/uploads\/2024\/11\/Component-1.svg","contentUrl":"https:\/\/gymfactory.eu\/wp-content\/uploads\/2024\/11\/Component-1.svg","width":54,"height":44,"caption":"Gym Factory"},"image":{"@id":"https:\/\/gymfactory.eu\/fr\/#\/schema\/logo\/image\/"}}]}},"_links":{"self":[{"href":"https:\/\/gymfactory.eu\/fr\/wp-json\/wp\/v2\/product\/26274","targetHints":{"allow":["GET"]}}],"collection":[{"href":"https:\/\/gymfactory.eu\/fr\/wp-json\/wp\/v2\/product"}],"about":[{"href":"https:\/\/gymfactory.eu\/fr\/wp-json\/wp\/v2\/types\/product"}],"wp:featuredmedia":[{"embeddable":true,"href":"https:\/\/gymfactory.eu\/fr\/wp-json\/wp\/v2\/media\/10865"}],"wp:attachment":[{"href":"https:\/\/gymfactory.eu\/fr\/wp-json\/wp\/v2\/media?parent=26274"}],"wp:term":[{"taxonomy":"product_brand","embeddable":true,"href":"https:\/\/gymfactory.eu\/fr\/wp-json\/wp\/v2\/product_brand?post=26274"},{"taxonomy":"product_cat","embeddable":true,"href":"https:\/\/gymfactory.eu\/fr\/wp-json\/wp\/v2\/product_cat?post=26274"},{"taxonomy":"product_tag","embeddable":true,"href":"https:\/\/gymfactory.eu\/fr\/wp-json\/wp\/v2\/product_tag?post=26274"}],"curies":[{"name":"wp","href":"https:\/\/api.w.org\/{rel}","templated":true}]}}