{"id":26268,"date":"2025-02-11T15:09:13","date_gmt":"2025-02-11T13:09:13","guid":{"rendered":"https:\/\/gymfactory.eu\/product\/banc-reglable-j6\/"},"modified":"2025-02-11T15:09:13","modified_gmt":"2025-02-11T13:09:13","slug":"banc-reglable-j6","status":"publish","type":"product","link":"https:\/\/gymfactory.eu\/fr\/produit\/banc-reglable-j6\/","title":{"rendered":"Banc R\u00e9glable J6"},"content":{"rendered":"<p>Le Banc Fixe J6 est un \u00e9quipement d\u2019exercice pour la maison et les salles de sport commerciales, con\u00e7u pour un entra\u00eenement cibl\u00e9 du haut du corps. Son dossier \u00e0 angle fixe soutient les mouvements de pouss\u00e9e assis et les exercices au-dessus de la t\u00eate, tandis que le support pour les pieds int\u00e9gr\u00e9 assure la stabilit\u00e9 pendant l\u2019utilisation. <\/p>\n<p>Le coussin de dossier plus court laisse de la place pour le travail au-dessus de la t\u00eate, et associ\u00e9 au support de barre r\u00e9glable en hauteur positionn\u00e9 derri\u00e8re le banc, il permet une mise en place confortable et s\u00fbre pour effectuer des extensions triceps \u2013 sans limiter l\u2019amplitude de mouvement ni forcer une position inconfortable.<\/p>\n<p>Des coussins de support de bras suppl\u00e9mentaires permettent des curls biceps cibl\u00e9s, faisant du J6 un banc compact con\u00e7u sur mesure pour l\u2019entra\u00eenement des bras et des \u00e9paules. Une option bien \u00e9quip\u00e9e parmi les meilleures solutions de bancs \u201cr\u00e9glables\u201d \u2013 m\u00eame sans r\u00e9glage de l\u2019angle du dossier.<\/p>\n\n    <div class=\"xs_social_share_widget xs_share_url after_content \t\tmain_content  wslu-style-1 wslu-share-box-shaped wslu-fill-colored wslu-none wslu-share-horizontal wslu-theme-font-no wslu-main_content\">\n\n\t\t\n        <ul>\n\t\t\t        <\/ul>\n    <\/div> \n","protected":false},"excerpt":{"rendered":"<p>Le Banc Fixe J6 est un \u00e9quipement d\u2019exercice pour la maison et les salles de sport commerciales, con\u00e7u pour un entra\u00eenement cibl\u00e9 du haut du corps. Son dossier \u00e0 angle fixe soutient les mouvements de pouss\u00e9e assis et les exercices au-dessus de la t\u00eate, tandis que le support pour les pieds int\u00e9gr\u00e9 assure la stabilit\u00e9 [&hellip;]<\/p>\n","protected":false},"featured_media":11107,"template":"","meta":{"_acf_changed":false},"product_brand":[56],"product_cat":[836],"product_tag":[],"class_list":{"0":"post-26268","1":"product","2":"type-product","3":"status-publish","4":"has-post-thumbnail","6":"product_brand-gym-factory","7":"product_cat-bancs-de-musculation","9":"first","10":"onbackorder","11":"taxable","12":"shipping-taxable","13":"purchasable","14":"product-type-variable","15":"has-default-attributes"},"acf":[],"yoast_head":"<!-- This site is optimized with the Yoast SEO plugin v25.2 - https:\/\/yoast.com\/wordpress\/plugins\/seo\/ -->\n<title>Banc R\u00e9glable J6 \u2013 Meilleur Banc R\u00e9glable pour la Musculation<\/title>\n<meta name=\"description\" content=\"Construit pour la durabilit\u00e9 et la polyvalence, cet \u00e9quipement d\u2019exercice pour la maison est id\u00e9al pour le fitness et la musculation, aidant \u00e0 atteindre vos objectifs d\u2019entra\u00eenement.\" \/>\n<meta name=\"robots\" content=\"index, follow, max-snippet:-1, max-image-preview:large, max-video-preview:-1\" \/>\n<link rel=\"canonical\" href=\"https:\/\/gymfactory.eu\/fr\/produit\/banc-reglable-j6\/\" \/>\n<meta property=\"og:locale\" content=\"fr_FR\" \/>\n<meta property=\"og:type\" content=\"article\" \/>\n<meta property=\"og:title\" content=\"Banc R\u00e9glable J6 \u2013 Meilleur Banc R\u00e9glable pour la Musculation\" \/>\n<meta property=\"og:description\" content=\"Construit pour la durabilit\u00e9 et la polyvalence, cet \u00e9quipement d\u2019exercice pour la maison est id\u00e9al pour le fitness et la musculation, aidant \u00e0 atteindre vos objectifs d\u2019entra\u00eenement.\" \/>\n<meta property=\"og:url\" content=\"https:\/\/gymfactory.eu\/fr\/produit\/banc-reglable-j6\/\" \/>\n<meta property=\"og:site_name\" content=\"Gym Factory\" \/>\n<meta property=\"og:image\" content=\"https:\/\/gymfactory.eu\/wp-content\/uploads\/2025\/02\/best-workout-bench-black-squat-bench-padded-1-1.webp\" \/>\n\t<meta property=\"og:image:width\" content=\"1500\" \/>\n\t<meta property=\"og:image:height\" content=\"1500\" \/>\n\t<meta property=\"og:image:type\" content=\"image\/webp\" \/>\n<meta name=\"twitter:card\" content=\"summary_large_image\" \/>\n<meta name=\"twitter:label1\" content=\"Dur\u00e9e de lecture estim\u00e9e\" \/>\n\t<meta name=\"twitter:data1\" content=\"1 minute\" \/>\n<script type=\"application\/ld+json\" class=\"yoast-schema-graph\">{\"@context\":\"https:\/\/schema.org\",\"@graph\":[{\"@type\":\"WebPage\",\"@id\":\"https:\/\/gymfactory.eu\/fr\/produit\/banc-reglable-j6\/\",\"url\":\"https:\/\/gymfactory.eu\/fr\/produit\/banc-reglable-j6\/\",\"name\":\"Banc R\u00e9glable J6 \u2013 Meilleur Banc R\u00e9glable pour la Musculation\",\"isPartOf\":{\"@id\":\"https:\/\/gymfactory.eu\/fr\/#website\"},\"primaryImageOfPage\":{\"@id\":\"https:\/\/gymfactory.eu\/fr\/produit\/banc-reglable-j6\/#primaryimage\"},\"image\":{\"@id\":\"https:\/\/gymfactory.eu\/fr\/produit\/banc-reglable-j6\/#primaryimage\"},\"thumbnailUrl\":\"https:\/\/gymfactory.eu\/wp-content\/uploads\/2025\/02\/best-workout-bench-black-squat-bench-padded-1-1.webp\",\"datePublished\":\"2025-02-11T13:09:13+00:00\",\"description\":\"Construit pour la durabilit\u00e9 et la polyvalence, cet \u00e9quipement d\u2019exercice pour la maison est id\u00e9al pour le fitness et la musculation, aidant \u00e0 atteindre vos objectifs d\u2019entra\u00eenement.\",\"breadcrumb\":{\"@id\":\"https:\/\/gymfactory.eu\/fr\/produit\/banc-reglable-j6\/#breadcrumb\"},\"inLanguage\":\"fr-FR\",\"potentialAction\":[{\"@type\":\"ReadAction\",\"target\":[\"https:\/\/gymfactory.eu\/fr\/produit\/banc-reglable-j6\/\"]}]},{\"@type\":\"ImageObject\",\"inLanguage\":\"fr-FR\",\"@id\":\"https:\/\/gymfactory.eu\/fr\/produit\/banc-reglable-j6\/#primaryimage\",\"url\":\"https:\/\/gymfactory.eu\/wp-content\/uploads\/2025\/02\/best-workout-bench-black-squat-bench-padded-1-1.webp\",\"contentUrl\":\"https:\/\/gymfactory.eu\/wp-content\/uploads\/2025\/02\/best-workout-bench-black-squat-bench-padded-1-1.webp\",\"width\":1500,\"height\":1500,\"caption\":\"Un banc de squat noir avec dossier et coussins lat\u00e9raux rembourr\u00e9s, un \u00e9quipement de musculation \u00e0 domicile con\u00e7u pour un entra\u00eenement aux poids assis confortable avec un cadre robuste et une barre de support pour les pieds.\"},{\"@type\":\"BreadcrumbList\",\"@id\":\"https:\/\/gymfactory.eu\/fr\/produit\/banc-reglable-j6\/#breadcrumb\",\"itemListElement\":[{\"@type\":\"ListItem\",\"position\":1,\"name\":\"Home\",\"item\":\"https:\/\/gymfactory.eu\/fr\/\"},{\"@type\":\"ListItem\",\"position\":2,\"name\":\"Catalogue\",\"item\":\"https:\/\/gymfactory.eu\/fr\/catalogue-2\/\"},{\"@type\":\"ListItem\",\"position\":3,\"name\":\"Banc R\u00e9glable J6\"}]},{\"@type\":\"WebSite\",\"@id\":\"https:\/\/gymfactory.eu\/fr\/#website\",\"url\":\"https:\/\/gymfactory.eu\/fr\/\",\"name\":\"Gym Factory\",\"description\":\"\",\"publisher\":{\"@id\":\"https:\/\/gymfactory.eu\/fr\/#organization\"},\"potentialAction\":[{\"@type\":\"SearchAction\",\"target\":{\"@type\":\"EntryPoint\",\"urlTemplate\":\"https:\/\/gymfactory.eu\/fr\/?s={search_term_string}\"},\"query-input\":{\"@type\":\"PropertyValueSpecification\",\"valueRequired\":true,\"valueName\":\"search_term_string\"}}],\"inLanguage\":\"fr-FR\"},{\"@type\":\"Organization\",\"@id\":\"https:\/\/gymfactory.eu\/fr\/#organization\",\"name\":\"Gym Factory\",\"url\":\"https:\/\/gymfactory.eu\/fr\/\",\"logo\":{\"@type\":\"ImageObject\",\"inLanguage\":\"fr-FR\",\"@id\":\"https:\/\/gymfactory.eu\/fr\/#\/schema\/logo\/image\/\",\"url\":\"https:\/\/gymfactory.eu\/wp-content\/uploads\/2024\/11\/Component-1.svg\",\"contentUrl\":\"https:\/\/gymfactory.eu\/wp-content\/uploads\/2024\/11\/Component-1.svg\",\"width\":54,\"height\":44,\"caption\":\"Gym Factory\"},\"image\":{\"@id\":\"https:\/\/gymfactory.eu\/fr\/#\/schema\/logo\/image\/\"}}]}<\/script>\n<!-- \/ Yoast SEO plugin. -->","yoast_head_json":{"title":"Banc R\u00e9glable J6 \u2013 Meilleur Banc R\u00e9glable pour la Musculation","description":"Construit pour la durabilit\u00e9 et la polyvalence, cet \u00e9quipement d\u2019exercice pour la maison est id\u00e9al pour le fitness et la musculation, aidant \u00e0 atteindre vos objectifs d\u2019entra\u00eenement.","robots":{"index":"index","follow":"follow","max-snippet":"max-snippet:-1","max-image-preview":"max-image-preview:large","max-video-preview":"max-video-preview:-1"},"canonical":"https:\/\/gymfactory.eu\/fr\/produit\/banc-reglable-j6\/","og_locale":"fr_FR","og_type":"article","og_title":"Banc R\u00e9glable J6 \u2013 Meilleur Banc R\u00e9glable pour la Musculation","og_description":"Construit pour la durabilit\u00e9 et la polyvalence, cet \u00e9quipement d\u2019exercice pour la maison est id\u00e9al pour le fitness et la musculation, aidant \u00e0 atteindre vos objectifs d\u2019entra\u00eenement.","og_url":"https:\/\/gymfactory.eu\/fr\/produit\/banc-reglable-j6\/","og_site_name":"Gym Factory","og_image":[{"width":1500,"height":1500,"url":"https:\/\/gymfactory.eu\/wp-content\/uploads\/2025\/02\/best-workout-bench-black-squat-bench-padded-1-1.webp","type":"image\/webp"}],"twitter_card":"summary_large_image","twitter_misc":{"Dur\u00e9e de lecture estim\u00e9e":"1 minute"},"schema":{"@context":"https:\/\/schema.org","@graph":[{"@type":"WebPage","@id":"https:\/\/gymfactory.eu\/fr\/produit\/banc-reglable-j6\/","url":"https:\/\/gymfactory.eu\/fr\/produit\/banc-reglable-j6\/","name":"Banc R\u00e9glable J6 \u2013 Meilleur Banc R\u00e9glable pour la Musculation","isPartOf":{"@id":"https:\/\/gymfactory.eu\/fr\/#website"},"primaryImageOfPage":{"@id":"https:\/\/gymfactory.eu\/fr\/produit\/banc-reglable-j6\/#primaryimage"},"image":{"@id":"https:\/\/gymfactory.eu\/fr\/produit\/banc-reglable-j6\/#primaryimage"},"thumbnailUrl":"https:\/\/gymfactory.eu\/wp-content\/uploads\/2025\/02\/best-workout-bench-black-squat-bench-padded-1-1.webp","datePublished":"2025-02-11T13:09:13+00:00","description":"Construit pour la durabilit\u00e9 et la polyvalence, cet \u00e9quipement d\u2019exercice pour la maison est id\u00e9al pour le fitness et la musculation, aidant \u00e0 atteindre vos objectifs d\u2019entra\u00eenement.","breadcrumb":{"@id":"https:\/\/gymfactory.eu\/fr\/produit\/banc-reglable-j6\/#breadcrumb"},"inLanguage":"fr-FR","potentialAction":[{"@type":"ReadAction","target":["https:\/\/gymfactory.eu\/fr\/produit\/banc-reglable-j6\/"]}]},{"@type":"ImageObject","inLanguage":"fr-FR","@id":"https:\/\/gymfactory.eu\/fr\/produit\/banc-reglable-j6\/#primaryimage","url":"https:\/\/gymfactory.eu\/wp-content\/uploads\/2025\/02\/best-workout-bench-black-squat-bench-padded-1-1.webp","contentUrl":"https:\/\/gymfactory.eu\/wp-content\/uploads\/2025\/02\/best-workout-bench-black-squat-bench-padded-1-1.webp","width":1500,"height":1500,"caption":"Un banc de squat noir avec dossier et coussins lat\u00e9raux rembourr\u00e9s, un \u00e9quipement de musculation \u00e0 domicile con\u00e7u pour un entra\u00eenement aux poids assis confortable avec un cadre robuste et une barre de support pour les pieds."},{"@type":"BreadcrumbList","@id":"https:\/\/gymfactory.eu\/fr\/produit\/banc-reglable-j6\/#breadcrumb","itemListElement":[{"@type":"ListItem","position":1,"name":"Home","item":"https:\/\/gymfactory.eu\/fr\/"},{"@type":"ListItem","position":2,"name":"Catalogue","item":"https:\/\/gymfactory.eu\/fr\/catalogue-2\/"},{"@type":"ListItem","position":3,"name":"Banc R\u00e9glable J6"}]},{"@type":"WebSite","@id":"https:\/\/gymfactory.eu\/fr\/#website","url":"https:\/\/gymfactory.eu\/fr\/","name":"Gym Factory","description":"","publisher":{"@id":"https:\/\/gymfactory.eu\/fr\/#organization"},"potentialAction":[{"@type":"SearchAction","target":{"@type":"EntryPoint","urlTemplate":"https:\/\/gymfactory.eu\/fr\/?s={search_term_string}"},"query-input":{"@type":"PropertyValueSpecification","valueRequired":true,"valueName":"search_term_string"}}],"inLanguage":"fr-FR"},{"@type":"Organization","@id":"https:\/\/gymfactory.eu\/fr\/#organization","name":"Gym Factory","url":"https:\/\/gymfactory.eu\/fr\/","logo":{"@type":"ImageObject","inLanguage":"fr-FR","@id":"https:\/\/gymfactory.eu\/fr\/#\/schema\/logo\/image\/","url":"https:\/\/gymfactory.eu\/wp-content\/uploads\/2024\/11\/Component-1.svg","contentUrl":"https:\/\/gymfactory.eu\/wp-content\/uploads\/2024\/11\/Component-1.svg","width":54,"height":44,"caption":"Gym Factory"},"image":{"@id":"https:\/\/gymfactory.eu\/fr\/#\/schema\/logo\/image\/"}}]}},"_links":{"self":[{"href":"https:\/\/gymfactory.eu\/fr\/wp-json\/wp\/v2\/product\/26268","targetHints":{"allow":["GET"]}}],"collection":[{"href":"https:\/\/gymfactory.eu\/fr\/wp-json\/wp\/v2\/product"}],"about":[{"href":"https:\/\/gymfactory.eu\/fr\/wp-json\/wp\/v2\/types\/product"}],"wp:featuredmedia":[{"embeddable":true,"href":"https:\/\/gymfactory.eu\/fr\/wp-json\/wp\/v2\/media\/11107"}],"wp:attachment":[{"href":"https:\/\/gymfactory.eu\/fr\/wp-json\/wp\/v2\/media?parent=26268"}],"wp:term":[{"taxonomy":"product_brand","embeddable":true,"href":"https:\/\/gymfactory.eu\/fr\/wp-json\/wp\/v2\/product_brand?post=26268"},{"taxonomy":"product_cat","embeddable":true,"href":"https:\/\/gymfactory.eu\/fr\/wp-json\/wp\/v2\/product_cat?post=26268"},{"taxonomy":"product_tag","embeddable":true,"href":"https:\/\/gymfactory.eu\/fr\/wp-json\/wp\/v2\/product_tag?post=26268"}],"curies":[{"name":"wp","href":"https:\/\/api.w.org\/{rel}","templated":true}]}}