{"id":26264,"date":"2025-02-11T12:39:03","date_gmt":"2025-02-11T10:39:03","guid":{"rendered":"https:\/\/gymfactory.eu\/product\/banc-fixe-j5\/"},"modified":"2025-02-11T12:39:03","modified_gmt":"2025-02-11T10:39:03","slug":"banc-fixe-j5","status":"publish","type":"product","link":"https:\/\/gymfactory.eu\/fr\/produit\/banc-fixe-j5\/","title":{"rendered":"Banc Fixe J5"},"content":{"rendered":"<p>Le Banc Fixe J5 est con\u00e7u pour les exercices du haut du corps en position assise, offrant un soutien solide et une grande stabilit\u00e9. Construit pour l\u2019entra\u00eenement du haut du corps dans les meilleurs home gyms ou environnements commerciaux, ce banc fixe dispose d\u2019un dossier l\u00e9g\u00e8rement inclin\u00e9 et d\u2019un support pour les pieds int\u00e9gr\u00e9. <\/p>\n<p>Le coussin de dossier plus court offre de l\u2019espace pour les mouvements au-dessus de la t\u00eate comme les extensions triceps, tandis que le support pour les pieds aide \u00e0 maintenir le contr\u00f4le pendant les exercices de pouss\u00e9e tels que le d\u00e9velopp\u00e9 \u00e9paules (shoulder press).<\/p>\n<p>Une pi\u00e8ce d\u2019\u00e9quipement de fitness simple, parfaitement adapt\u00e9e aux routines de fitness et de musculation qui n\u00e9cessitent un effort assis et concentr\u00e9.<\/p>\n\n    <div class=\"xs_social_share_widget xs_share_url after_content \t\tmain_content  wslu-style-1 wslu-share-box-shaped wslu-fill-colored wslu-none wslu-share-horizontal wslu-theme-font-no wslu-main_content\">\n\n\t\t\n        <ul>\n\t\t\t        <\/ul>\n    <\/div> \n","protected":false},"excerpt":{"rendered":"<p>Le Banc Fixe J5 est con\u00e7u pour les exercices du haut du corps en position assise, offrant un soutien solide et une grande stabilit\u00e9. Construit pour l\u2019entra\u00eenement du haut du corps dans les meilleurs home gyms ou environnements commerciaux, ce banc fixe dispose d\u2019un dossier l\u00e9g\u00e8rement inclin\u00e9 et d\u2019un support pour les pieds int\u00e9gr\u00e9. Le [&hellip;]<\/p>\n","protected":false},"featured_media":11102,"template":"","meta":{"_acf_changed":false},"product_brand":[56],"product_cat":[836],"product_tag":[],"class_list":{"0":"post-26264","1":"product","2":"type-product","3":"status-publish","4":"has-post-thumbnail","6":"product_brand-gym-factory","7":"product_cat-bancs-de-musculation","9":"first","10":"onbackorder","11":"taxable","12":"shipping-taxable","13":"purchasable","14":"product-type-variable"},"acf":[],"yoast_head":"<!-- This site is optimized with the Yoast SEO plugin v25.2 - https:\/\/yoast.com\/wordpress\/plugins\/seo\/ -->\n<title>Banc J5 \u2013 Banc d\u2019Exercice pour Fitness et Musculation<\/title>\n<meta name=\"description\" content=\"Boostez votre fitness et votre entra\u00eenement de force avec ce banc fixe, con\u00e7u pour la stabilit\u00e9 et le confort. Parfait pour divers exercices.\" \/>\n<meta name=\"robots\" content=\"index, follow, max-snippet:-1, max-image-preview:large, max-video-preview:-1\" \/>\n<link rel=\"canonical\" href=\"https:\/\/gymfactory.eu\/fr\/produit\/banc-fixe-j5\/\" \/>\n<meta property=\"og:locale\" content=\"fr_FR\" \/>\n<meta property=\"og:type\" content=\"article\" \/>\n<meta property=\"og:title\" content=\"Banc J5 \u2013 Banc d\u2019Exercice pour Fitness et Musculation\" \/>\n<meta property=\"og:description\" content=\"Boostez votre fitness et votre entra\u00eenement de force avec ce banc fixe, con\u00e7u pour la stabilit\u00e9 et le confort. Parfait pour divers exercices.\" \/>\n<meta property=\"og:url\" content=\"https:\/\/gymfactory.eu\/fr\/produit\/banc-fixe-j5\/\" \/>\n<meta property=\"og:site_name\" content=\"Gym Factory\" \/>\n<meta property=\"og:image\" content=\"https:\/\/gymfactory.eu\/wp-content\/uploads\/2025\/02\/best-workout-bench-red-seated-calf-raise-bench-1.webp\" \/>\n\t<meta property=\"og:image:width\" content=\"1500\" \/>\n\t<meta property=\"og:image:height\" content=\"1500\" \/>\n\t<meta property=\"og:image:type\" content=\"image\/webp\" \/>\n<meta name=\"twitter:card\" content=\"summary_large_image\" \/>\n<meta name=\"twitter:label1\" content=\"Dur\u00e9e de lecture estim\u00e9e\" \/>\n\t<meta name=\"twitter:data1\" content=\"1 minute\" \/>\n<script type=\"application\/ld+json\" class=\"yoast-schema-graph\">{\"@context\":\"https:\/\/schema.org\",\"@graph\":[{\"@type\":\"WebPage\",\"@id\":\"https:\/\/gymfactory.eu\/fr\/produit\/banc-fixe-j5\/\",\"url\":\"https:\/\/gymfactory.eu\/fr\/produit\/banc-fixe-j5\/\",\"name\":\"Banc J5 \u2013 Banc d\u2019Exercice pour Fitness et Musculation\",\"isPartOf\":{\"@id\":\"https:\/\/gymfactory.eu\/fr\/#website\"},\"primaryImageOfPage\":{\"@id\":\"https:\/\/gymfactory.eu\/fr\/produit\/banc-fixe-j5\/#primaryimage\"},\"image\":{\"@id\":\"https:\/\/gymfactory.eu\/fr\/produit\/banc-fixe-j5\/#primaryimage\"},\"thumbnailUrl\":\"https:\/\/gymfactory.eu\/wp-content\/uploads\/2025\/02\/best-workout-bench-red-seated-calf-raise-bench-1.webp\",\"datePublished\":\"2025-02-11T10:39:03+00:00\",\"description\":\"Boostez votre fitness et votre entra\u00eenement de force avec ce banc fixe, con\u00e7u pour la stabilit\u00e9 et le confort. Parfait pour divers exercices.\",\"breadcrumb\":{\"@id\":\"https:\/\/gymfactory.eu\/fr\/produit\/banc-fixe-j5\/#breadcrumb\"},\"inLanguage\":\"fr-FR\",\"potentialAction\":[{\"@type\":\"ReadAction\",\"target\":[\"https:\/\/gymfactory.eu\/fr\/produit\/banc-fixe-j5\/\"]}]},{\"@type\":\"ImageObject\",\"inLanguage\":\"fr-FR\",\"@id\":\"https:\/\/gymfactory.eu\/fr\/produit\/banc-fixe-j5\/#primaryimage\",\"url\":\"https:\/\/gymfactory.eu\/wp-content\/uploads\/2025\/02\/best-workout-bench-red-seated-calf-raise-bench-1.webp\",\"contentUrl\":\"https:\/\/gymfactory.eu\/wp-content\/uploads\/2025\/02\/best-workout-bench-red-seated-calf-raise-bench-1.webp\",\"width\":1500,\"height\":1500,\"caption\":\"Un banc noir pour \u00e9l\u00e9vations de mollets avec un dossier haut, partie d\u2019un \u00e9quipement de musculation \u00e0 domicile, con\u00e7u avec un si\u00e8ge rembourr\u00e9 et une barre pour les pieds pour des entra\u00eenements contr\u00f4l\u00e9s du bas des jambes et le d\u00e9veloppement musculaire.\"},{\"@type\":\"BreadcrumbList\",\"@id\":\"https:\/\/gymfactory.eu\/fr\/produit\/banc-fixe-j5\/#breadcrumb\",\"itemListElement\":[{\"@type\":\"ListItem\",\"position\":1,\"name\":\"Home\",\"item\":\"https:\/\/gymfactory.eu\/fr\/\"},{\"@type\":\"ListItem\",\"position\":2,\"name\":\"Catalogue\",\"item\":\"https:\/\/gymfactory.eu\/fr\/catalogue-2\/\"},{\"@type\":\"ListItem\",\"position\":3,\"name\":\"Banc Fixe J5\"}]},{\"@type\":\"WebSite\",\"@id\":\"https:\/\/gymfactory.eu\/fr\/#website\",\"url\":\"https:\/\/gymfactory.eu\/fr\/\",\"name\":\"Gym Factory\",\"description\":\"\",\"publisher\":{\"@id\":\"https:\/\/gymfactory.eu\/fr\/#organization\"},\"potentialAction\":[{\"@type\":\"SearchAction\",\"target\":{\"@type\":\"EntryPoint\",\"urlTemplate\":\"https:\/\/gymfactory.eu\/fr\/?s={search_term_string}\"},\"query-input\":{\"@type\":\"PropertyValueSpecification\",\"valueRequired\":true,\"valueName\":\"search_term_string\"}}],\"inLanguage\":\"fr-FR\"},{\"@type\":\"Organization\",\"@id\":\"https:\/\/gymfactory.eu\/fr\/#organization\",\"name\":\"Gym Factory\",\"url\":\"https:\/\/gymfactory.eu\/fr\/\",\"logo\":{\"@type\":\"ImageObject\",\"inLanguage\":\"fr-FR\",\"@id\":\"https:\/\/gymfactory.eu\/fr\/#\/schema\/logo\/image\/\",\"url\":\"https:\/\/gymfactory.eu\/wp-content\/uploads\/2024\/11\/Component-1.svg\",\"contentUrl\":\"https:\/\/gymfactory.eu\/wp-content\/uploads\/2024\/11\/Component-1.svg\",\"width\":54,\"height\":44,\"caption\":\"Gym Factory\"},\"image\":{\"@id\":\"https:\/\/gymfactory.eu\/fr\/#\/schema\/logo\/image\/\"}}]}<\/script>\n<!-- \/ Yoast SEO plugin. -->","yoast_head_json":{"title":"Banc J5 \u2013 Banc d\u2019Exercice pour Fitness et Musculation","description":"Boostez votre fitness et votre entra\u00eenement de force avec ce banc fixe, con\u00e7u pour la stabilit\u00e9 et le confort. Parfait pour divers exercices.","robots":{"index":"index","follow":"follow","max-snippet":"max-snippet:-1","max-image-preview":"max-image-preview:large","max-video-preview":"max-video-preview:-1"},"canonical":"https:\/\/gymfactory.eu\/fr\/produit\/banc-fixe-j5\/","og_locale":"fr_FR","og_type":"article","og_title":"Banc J5 \u2013 Banc d\u2019Exercice pour Fitness et Musculation","og_description":"Boostez votre fitness et votre entra\u00eenement de force avec ce banc fixe, con\u00e7u pour la stabilit\u00e9 et le confort. Parfait pour divers exercices.","og_url":"https:\/\/gymfactory.eu\/fr\/produit\/banc-fixe-j5\/","og_site_name":"Gym Factory","og_image":[{"width":1500,"height":1500,"url":"https:\/\/gymfactory.eu\/wp-content\/uploads\/2025\/02\/best-workout-bench-red-seated-calf-raise-bench-1.webp","type":"image\/webp"}],"twitter_card":"summary_large_image","twitter_misc":{"Dur\u00e9e de lecture estim\u00e9e":"1 minute"},"schema":{"@context":"https:\/\/schema.org","@graph":[{"@type":"WebPage","@id":"https:\/\/gymfactory.eu\/fr\/produit\/banc-fixe-j5\/","url":"https:\/\/gymfactory.eu\/fr\/produit\/banc-fixe-j5\/","name":"Banc J5 \u2013 Banc d\u2019Exercice pour Fitness et Musculation","isPartOf":{"@id":"https:\/\/gymfactory.eu\/fr\/#website"},"primaryImageOfPage":{"@id":"https:\/\/gymfactory.eu\/fr\/produit\/banc-fixe-j5\/#primaryimage"},"image":{"@id":"https:\/\/gymfactory.eu\/fr\/produit\/banc-fixe-j5\/#primaryimage"},"thumbnailUrl":"https:\/\/gymfactory.eu\/wp-content\/uploads\/2025\/02\/best-workout-bench-red-seated-calf-raise-bench-1.webp","datePublished":"2025-02-11T10:39:03+00:00","description":"Boostez votre fitness et votre entra\u00eenement de force avec ce banc fixe, con\u00e7u pour la stabilit\u00e9 et le confort. Parfait pour divers exercices.","breadcrumb":{"@id":"https:\/\/gymfactory.eu\/fr\/produit\/banc-fixe-j5\/#breadcrumb"},"inLanguage":"fr-FR","potentialAction":[{"@type":"ReadAction","target":["https:\/\/gymfactory.eu\/fr\/produit\/banc-fixe-j5\/"]}]},{"@type":"ImageObject","inLanguage":"fr-FR","@id":"https:\/\/gymfactory.eu\/fr\/produit\/banc-fixe-j5\/#primaryimage","url":"https:\/\/gymfactory.eu\/wp-content\/uploads\/2025\/02\/best-workout-bench-red-seated-calf-raise-bench-1.webp","contentUrl":"https:\/\/gymfactory.eu\/wp-content\/uploads\/2025\/02\/best-workout-bench-red-seated-calf-raise-bench-1.webp","width":1500,"height":1500,"caption":"Un banc noir pour \u00e9l\u00e9vations de mollets avec un dossier haut, partie d\u2019un \u00e9quipement de musculation \u00e0 domicile, con\u00e7u avec un si\u00e8ge rembourr\u00e9 et une barre pour les pieds pour des entra\u00eenements contr\u00f4l\u00e9s du bas des jambes et le d\u00e9veloppement musculaire."},{"@type":"BreadcrumbList","@id":"https:\/\/gymfactory.eu\/fr\/produit\/banc-fixe-j5\/#breadcrumb","itemListElement":[{"@type":"ListItem","position":1,"name":"Home","item":"https:\/\/gymfactory.eu\/fr\/"},{"@type":"ListItem","position":2,"name":"Catalogue","item":"https:\/\/gymfactory.eu\/fr\/catalogue-2\/"},{"@type":"ListItem","position":3,"name":"Banc Fixe J5"}]},{"@type":"WebSite","@id":"https:\/\/gymfactory.eu\/fr\/#website","url":"https:\/\/gymfactory.eu\/fr\/","name":"Gym Factory","description":"","publisher":{"@id":"https:\/\/gymfactory.eu\/fr\/#organization"},"potentialAction":[{"@type":"SearchAction","target":{"@type":"EntryPoint","urlTemplate":"https:\/\/gymfactory.eu\/fr\/?s={search_term_string}"},"query-input":{"@type":"PropertyValueSpecification","valueRequired":true,"valueName":"search_term_string"}}],"inLanguage":"fr-FR"},{"@type":"Organization","@id":"https:\/\/gymfactory.eu\/fr\/#organization","name":"Gym Factory","url":"https:\/\/gymfactory.eu\/fr\/","logo":{"@type":"ImageObject","inLanguage":"fr-FR","@id":"https:\/\/gymfactory.eu\/fr\/#\/schema\/logo\/image\/","url":"https:\/\/gymfactory.eu\/wp-content\/uploads\/2024\/11\/Component-1.svg","contentUrl":"https:\/\/gymfactory.eu\/wp-content\/uploads\/2024\/11\/Component-1.svg","width":54,"height":44,"caption":"Gym Factory"},"image":{"@id":"https:\/\/gymfactory.eu\/fr\/#\/schema\/logo\/image\/"}}]}},"_links":{"self":[{"href":"https:\/\/gymfactory.eu\/fr\/wp-json\/wp\/v2\/product\/26264","targetHints":{"allow":["GET"]}}],"collection":[{"href":"https:\/\/gymfactory.eu\/fr\/wp-json\/wp\/v2\/product"}],"about":[{"href":"https:\/\/gymfactory.eu\/fr\/wp-json\/wp\/v2\/types\/product"}],"wp:featuredmedia":[{"embeddable":true,"href":"https:\/\/gymfactory.eu\/fr\/wp-json\/wp\/v2\/media\/11102"}],"wp:attachment":[{"href":"https:\/\/gymfactory.eu\/fr\/wp-json\/wp\/v2\/media?parent=26264"}],"wp:term":[{"taxonomy":"product_brand","embeddable":true,"href":"https:\/\/gymfactory.eu\/fr\/wp-json\/wp\/v2\/product_brand?post=26264"},{"taxonomy":"product_cat","embeddable":true,"href":"https:\/\/gymfactory.eu\/fr\/wp-json\/wp\/v2\/product_cat?post=26264"},{"taxonomy":"product_tag","embeddable":true,"href":"https:\/\/gymfactory.eu\/fr\/wp-json\/wp\/v2\/product_tag?post=26264"}],"curies":[{"name":"wp","href":"https:\/\/api.w.org\/{rel}","templated":true}]}}