{"id":26260,"date":"2025-02-11T12:17:11","date_gmt":"2025-02-11T10:17:11","guid":{"rendered":"https:\/\/gymfactory.eu\/product\/banc-reglable-j4x\/"},"modified":"2025-02-11T12:17:11","modified_gmt":"2025-02-11T10:17:11","slug":"banc-reglable-j4x","status":"publish","type":"product","link":"https:\/\/gymfactory.eu\/fr\/produit\/banc-reglable-j4x\/","title":{"rendered":"Banc R\u00e9glable J4X"},"content":{"rendered":"<p>Le Banc R\u00e9glable J4X est con\u00e7u pour l\u2019entra\u00eenement de force inclin\u00e9 et pour r\u00e9pondre aux besoins des environnements de home gym et de salles commerciales. Dot\u00e9 d\u2019un dossier multipositions, il permet des ajustements d\u2019angle faciles pour soutenir diverses routines d\u2019exercices sur banc. <\/p>\n<p>Parfaitement adapt\u00e9 pour les d\u00e9velopp\u00e9s inclin\u00e9s, les \u00e9cart\u00e9s halt\u00e8res et autres mouvements du haut du corps, le J4X offre un soutien stable pour un entra\u00eenement cibl\u00e9. Le cadre solide et le m\u00e9canisme de r\u00e9glage simple en font une option fiable pour quiconque recherche le meilleur banc r\u00e9glable pour un travail cibl\u00e9 du haut du corps.<\/p>\n\n    <div class=\"xs_social_share_widget xs_share_url after_content \t\tmain_content  wslu-style-1 wslu-share-box-shaped wslu-fill-colored wslu-none wslu-share-horizontal wslu-theme-font-no wslu-main_content\">\n\n\t\t\n        <ul>\n\t\t\t        <\/ul>\n    <\/div> \n","protected":false},"excerpt":{"rendered":"<p>Le Banc R\u00e9glable J4X est con\u00e7u pour l\u2019entra\u00eenement de force inclin\u00e9 et pour r\u00e9pondre aux besoins des environnements de home gym et de salles commerciales. Dot\u00e9 d\u2019un dossier multipositions, il permet des ajustements d\u2019angle faciles pour soutenir diverses routines d\u2019exercices sur banc. Parfaitement adapt\u00e9 pour les d\u00e9velopp\u00e9s inclin\u00e9s, les \u00e9cart\u00e9s halt\u00e8res et autres mouvements du [&hellip;]<\/p>\n","protected":false},"featured_media":11097,"template":"","meta":{"_acf_changed":false},"product_brand":[56],"product_cat":[836],"product_tag":[],"class_list":{"0":"post-26260","1":"product","2":"type-product","3":"status-publish","4":"has-post-thumbnail","6":"product_brand-gym-factory","7":"product_cat-bancs-de-musculation","9":"first","10":"onbackorder","11":"taxable","12":"shipping-taxable","13":"purchasable","14":"product-type-variable","15":"has-default-attributes"},"acf":[],"yoast_head":"<!-- This site is optimized with the Yoast SEO plugin v25.2 - https:\/\/yoast.com\/wordpress\/plugins\/seo\/ -->\n<title>Banc R\u00e9glable J4X \u2013 Meilleur \u00c9quipement d\u2019Exercice pour la Maison<\/title>\n<meta name=\"description\" content=\"R\u00e9alisez un entra\u00eenement polyvalent du haut du corps avec le meilleur banc r\u00e9glable, con\u00e7u pour un usage domestique et professionnel. Durable pour tous les niveaux de fitness.\" \/>\n<meta name=\"robots\" content=\"index, follow, max-snippet:-1, max-image-preview:large, max-video-preview:-1\" \/>\n<link rel=\"canonical\" href=\"https:\/\/gymfactory.eu\/fr\/produit\/banc-reglable-j4x\/\" \/>\n<meta property=\"og:locale\" content=\"fr_FR\" \/>\n<meta property=\"og:type\" content=\"article\" \/>\n<meta property=\"og:title\" content=\"Banc R\u00e9glable J4X \u2013 Meilleur \u00c9quipement d\u2019Exercice pour la Maison\" \/>\n<meta property=\"og:description\" content=\"R\u00e9alisez un entra\u00eenement polyvalent du haut du corps avec le meilleur banc r\u00e9glable, con\u00e7u pour un usage domestique et professionnel. Durable pour tous les niveaux de fitness.\" \/>\n<meta property=\"og:url\" content=\"https:\/\/gymfactory.eu\/fr\/produit\/banc-reglable-j4x\/\" \/>\n<meta property=\"og:site_name\" content=\"Gym Factory\" \/>\n<meta property=\"og:image\" content=\"https:\/\/gymfactory.eu\/wp-content\/uploads\/2025\/02\/best-workout-bench-black-roman-chair-bench-1.webp\" \/>\n\t<meta property=\"og:image:width\" content=\"1500\" \/>\n\t<meta property=\"og:image:height\" content=\"1500\" \/>\n\t<meta property=\"og:image:type\" content=\"image\/webp\" \/>\n<meta name=\"twitter:card\" content=\"summary_large_image\" \/>\n<meta name=\"twitter:label1\" content=\"Dur\u00e9e de lecture estim\u00e9e\" \/>\n\t<meta name=\"twitter:data1\" content=\"1 minute\" \/>\n<script type=\"application\/ld+json\" class=\"yoast-schema-graph\">{\"@context\":\"https:\/\/schema.org\",\"@graph\":[{\"@type\":\"WebPage\",\"@id\":\"https:\/\/gymfactory.eu\/fr\/produit\/banc-reglable-j4x\/\",\"url\":\"https:\/\/gymfactory.eu\/fr\/produit\/banc-reglable-j4x\/\",\"name\":\"Banc R\u00e9glable J4X \u2013 Meilleur \u00c9quipement d\u2019Exercice pour la Maison\",\"isPartOf\":{\"@id\":\"https:\/\/gymfactory.eu\/fr\/#website\"},\"primaryImageOfPage\":{\"@id\":\"https:\/\/gymfactory.eu\/fr\/produit\/banc-reglable-j4x\/#primaryimage\"},\"image\":{\"@id\":\"https:\/\/gymfactory.eu\/fr\/produit\/banc-reglable-j4x\/#primaryimage\"},\"thumbnailUrl\":\"https:\/\/gymfactory.eu\/wp-content\/uploads\/2025\/02\/best-workout-bench-black-roman-chair-bench-1.webp\",\"datePublished\":\"2025-02-11T10:17:11+00:00\",\"description\":\"R\u00e9alisez un entra\u00eenement polyvalent du haut du corps avec le meilleur banc r\u00e9glable, con\u00e7u pour un usage domestique et professionnel. Durable pour tous les niveaux de fitness.\",\"breadcrumb\":{\"@id\":\"https:\/\/gymfactory.eu\/fr\/produit\/banc-reglable-j4x\/#breadcrumb\"},\"inLanguage\":\"fr-FR\",\"potentialAction\":[{\"@type\":\"ReadAction\",\"target\":[\"https:\/\/gymfactory.eu\/fr\/produit\/banc-reglable-j4x\/\"]}]},{\"@type\":\"ImageObject\",\"inLanguage\":\"fr-FR\",\"@id\":\"https:\/\/gymfactory.eu\/fr\/produit\/banc-reglable-j4x\/#primaryimage\",\"url\":\"https:\/\/gymfactory.eu\/wp-content\/uploads\/2025\/02\/best-workout-bench-black-roman-chair-bench-1.webp\",\"contentUrl\":\"https:\/\/gymfactory.eu\/wp-content\/uploads\/2025\/02\/best-workout-bench-black-roman-chair-bench-1.webp\",\"width\":1500,\"height\":1500,\"caption\":\"Un banc de musculation de type chaise romaine noir, \u00e9quipement de musculation \u00e0 domicile, avec un design ergonomique, des coussins rembourr\u00e9s et un cadre en acier solide pour le renforcement du centre du corps et les entra\u00eenements du bas du dos.\"},{\"@type\":\"BreadcrumbList\",\"@id\":\"https:\/\/gymfactory.eu\/fr\/produit\/banc-reglable-j4x\/#breadcrumb\",\"itemListElement\":[{\"@type\":\"ListItem\",\"position\":1,\"name\":\"Home\",\"item\":\"https:\/\/gymfactory.eu\/fr\/\"},{\"@type\":\"ListItem\",\"position\":2,\"name\":\"Catalogue\",\"item\":\"https:\/\/gymfactory.eu\/fr\/catalogue-2\/\"},{\"@type\":\"ListItem\",\"position\":3,\"name\":\"Banc R\u00e9glable J4X\"}]},{\"@type\":\"WebSite\",\"@id\":\"https:\/\/gymfactory.eu\/fr\/#website\",\"url\":\"https:\/\/gymfactory.eu\/fr\/\",\"name\":\"Gym Factory\",\"description\":\"\",\"publisher\":{\"@id\":\"https:\/\/gymfactory.eu\/fr\/#organization\"},\"potentialAction\":[{\"@type\":\"SearchAction\",\"target\":{\"@type\":\"EntryPoint\",\"urlTemplate\":\"https:\/\/gymfactory.eu\/fr\/?s={search_term_string}\"},\"query-input\":{\"@type\":\"PropertyValueSpecification\",\"valueRequired\":true,\"valueName\":\"search_term_string\"}}],\"inLanguage\":\"fr-FR\"},{\"@type\":\"Organization\",\"@id\":\"https:\/\/gymfactory.eu\/fr\/#organization\",\"name\":\"Gym Factory\",\"url\":\"https:\/\/gymfactory.eu\/fr\/\",\"logo\":{\"@type\":\"ImageObject\",\"inLanguage\":\"fr-FR\",\"@id\":\"https:\/\/gymfactory.eu\/fr\/#\/schema\/logo\/image\/\",\"url\":\"https:\/\/gymfactory.eu\/wp-content\/uploads\/2024\/11\/Component-1.svg\",\"contentUrl\":\"https:\/\/gymfactory.eu\/wp-content\/uploads\/2024\/11\/Component-1.svg\",\"width\":54,\"height\":44,\"caption\":\"Gym Factory\"},\"image\":{\"@id\":\"https:\/\/gymfactory.eu\/fr\/#\/schema\/logo\/image\/\"}}]}<\/script>\n<!-- \/ Yoast SEO plugin. -->","yoast_head_json":{"title":"Banc R\u00e9glable J4X \u2013 Meilleur \u00c9quipement d\u2019Exercice pour la Maison","description":"R\u00e9alisez un entra\u00eenement polyvalent du haut du corps avec le meilleur banc r\u00e9glable, con\u00e7u pour un usage domestique et professionnel. Durable pour tous les niveaux de fitness.","robots":{"index":"index","follow":"follow","max-snippet":"max-snippet:-1","max-image-preview":"max-image-preview:large","max-video-preview":"max-video-preview:-1"},"canonical":"https:\/\/gymfactory.eu\/fr\/produit\/banc-reglable-j4x\/","og_locale":"fr_FR","og_type":"article","og_title":"Banc R\u00e9glable J4X \u2013 Meilleur \u00c9quipement d\u2019Exercice pour la Maison","og_description":"R\u00e9alisez un entra\u00eenement polyvalent du haut du corps avec le meilleur banc r\u00e9glable, con\u00e7u pour un usage domestique et professionnel. Durable pour tous les niveaux de fitness.","og_url":"https:\/\/gymfactory.eu\/fr\/produit\/banc-reglable-j4x\/","og_site_name":"Gym Factory","og_image":[{"width":1500,"height":1500,"url":"https:\/\/gymfactory.eu\/wp-content\/uploads\/2025\/02\/best-workout-bench-black-roman-chair-bench-1.webp","type":"image\/webp"}],"twitter_card":"summary_large_image","twitter_misc":{"Dur\u00e9e de lecture estim\u00e9e":"1 minute"},"schema":{"@context":"https:\/\/schema.org","@graph":[{"@type":"WebPage","@id":"https:\/\/gymfactory.eu\/fr\/produit\/banc-reglable-j4x\/","url":"https:\/\/gymfactory.eu\/fr\/produit\/banc-reglable-j4x\/","name":"Banc R\u00e9glable J4X \u2013 Meilleur \u00c9quipement d\u2019Exercice pour la Maison","isPartOf":{"@id":"https:\/\/gymfactory.eu\/fr\/#website"},"primaryImageOfPage":{"@id":"https:\/\/gymfactory.eu\/fr\/produit\/banc-reglable-j4x\/#primaryimage"},"image":{"@id":"https:\/\/gymfactory.eu\/fr\/produit\/banc-reglable-j4x\/#primaryimage"},"thumbnailUrl":"https:\/\/gymfactory.eu\/wp-content\/uploads\/2025\/02\/best-workout-bench-black-roman-chair-bench-1.webp","datePublished":"2025-02-11T10:17:11+00:00","description":"R\u00e9alisez un entra\u00eenement polyvalent du haut du corps avec le meilleur banc r\u00e9glable, con\u00e7u pour un usage domestique et professionnel. Durable pour tous les niveaux de fitness.","breadcrumb":{"@id":"https:\/\/gymfactory.eu\/fr\/produit\/banc-reglable-j4x\/#breadcrumb"},"inLanguage":"fr-FR","potentialAction":[{"@type":"ReadAction","target":["https:\/\/gymfactory.eu\/fr\/produit\/banc-reglable-j4x\/"]}]},{"@type":"ImageObject","inLanguage":"fr-FR","@id":"https:\/\/gymfactory.eu\/fr\/produit\/banc-reglable-j4x\/#primaryimage","url":"https:\/\/gymfactory.eu\/wp-content\/uploads\/2025\/02\/best-workout-bench-black-roman-chair-bench-1.webp","contentUrl":"https:\/\/gymfactory.eu\/wp-content\/uploads\/2025\/02\/best-workout-bench-black-roman-chair-bench-1.webp","width":1500,"height":1500,"caption":"Un banc de musculation de type chaise romaine noir, \u00e9quipement de musculation \u00e0 domicile, avec un design ergonomique, des coussins rembourr\u00e9s et un cadre en acier solide pour le renforcement du centre du corps et les entra\u00eenements du bas du dos."},{"@type":"BreadcrumbList","@id":"https:\/\/gymfactory.eu\/fr\/produit\/banc-reglable-j4x\/#breadcrumb","itemListElement":[{"@type":"ListItem","position":1,"name":"Home","item":"https:\/\/gymfactory.eu\/fr\/"},{"@type":"ListItem","position":2,"name":"Catalogue","item":"https:\/\/gymfactory.eu\/fr\/catalogue-2\/"},{"@type":"ListItem","position":3,"name":"Banc R\u00e9glable J4X"}]},{"@type":"WebSite","@id":"https:\/\/gymfactory.eu\/fr\/#website","url":"https:\/\/gymfactory.eu\/fr\/","name":"Gym Factory","description":"","publisher":{"@id":"https:\/\/gymfactory.eu\/fr\/#organization"},"potentialAction":[{"@type":"SearchAction","target":{"@type":"EntryPoint","urlTemplate":"https:\/\/gymfactory.eu\/fr\/?s={search_term_string}"},"query-input":{"@type":"PropertyValueSpecification","valueRequired":true,"valueName":"search_term_string"}}],"inLanguage":"fr-FR"},{"@type":"Organization","@id":"https:\/\/gymfactory.eu\/fr\/#organization","name":"Gym Factory","url":"https:\/\/gymfactory.eu\/fr\/","logo":{"@type":"ImageObject","inLanguage":"fr-FR","@id":"https:\/\/gymfactory.eu\/fr\/#\/schema\/logo\/image\/","url":"https:\/\/gymfactory.eu\/wp-content\/uploads\/2024\/11\/Component-1.svg","contentUrl":"https:\/\/gymfactory.eu\/wp-content\/uploads\/2024\/11\/Component-1.svg","width":54,"height":44,"caption":"Gym Factory"},"image":{"@id":"https:\/\/gymfactory.eu\/fr\/#\/schema\/logo\/image\/"}}]}},"_links":{"self":[{"href":"https:\/\/gymfactory.eu\/fr\/wp-json\/wp\/v2\/product\/26260","targetHints":{"allow":["GET"]}}],"collection":[{"href":"https:\/\/gymfactory.eu\/fr\/wp-json\/wp\/v2\/product"}],"about":[{"href":"https:\/\/gymfactory.eu\/fr\/wp-json\/wp\/v2\/types\/product"}],"wp:featuredmedia":[{"embeddable":true,"href":"https:\/\/gymfactory.eu\/fr\/wp-json\/wp\/v2\/media\/11097"}],"wp:attachment":[{"href":"https:\/\/gymfactory.eu\/fr\/wp-json\/wp\/v2\/media?parent=26260"}],"wp:term":[{"taxonomy":"product_brand","embeddable":true,"href":"https:\/\/gymfactory.eu\/fr\/wp-json\/wp\/v2\/product_brand?post=26260"},{"taxonomy":"product_cat","embeddable":true,"href":"https:\/\/gymfactory.eu\/fr\/wp-json\/wp\/v2\/product_cat?post=26260"},{"taxonomy":"product_tag","embeddable":true,"href":"https:\/\/gymfactory.eu\/fr\/wp-json\/wp\/v2\/product_tag?post=26260"}],"curies":[{"name":"wp","href":"https:\/\/api.w.org\/{rel}","templated":true}]}}