{"id":26250,"date":"2025-02-11T11:41:06","date_gmt":"2025-02-11T09:41:06","guid":{"rendered":"https:\/\/gymfactory.eu\/product\/banc-reglable-j3\/"},"modified":"2025-02-11T11:41:06","modified_gmt":"2025-02-11T09:41:06","slug":"banc-reglable-j3","status":"publish","type":"product","link":"https:\/\/gymfactory.eu\/fr\/produit\/banc-reglable-j3\/","title":{"rendered":"Banc R\u00e9glable J3"},"content":{"rendered":"<p>Le Banc R\u00e9glable J3 est un banc de musculation r\u00e9glable fonctionnel, con\u00e7u pour une large gamme d\u2019exercices de force. Adapt\u00e9 \u00e0 un usage domestique et commercial, il s\u2019int\u00e8gre parfaitement comme \u00e9quipement de home gym pour l\u2019entra\u00eenement. <\/p>\n<p>Le dossier et le si\u00e8ge peuvent \u00eatre r\u00e9gl\u00e9s en positions \u00e0 plat, inclin\u00e9e et d\u00e9clin\u00e9e, soutenant une vari\u00e9t\u00e9 de mouvements pour un entra\u00eenement complet du corps (full body). Des coussins de support ronds int\u00e9gr\u00e9s aident \u00e0 s\u00e9curiser les jambes pendant les exercices d\u00e9clin\u00e9s pour une stabilit\u00e9 accrue. <\/p>\n<p>Dot\u00e9 de roulettes et d\u2019une poign\u00e9e pour un d\u00e9placement facile, le J3 est une option solide pour quiconque recherche le meilleur banc r\u00e9glable alliant flexibilit\u00e9, confort et facilit\u00e9 d\u2019utilisation.<\/p>\n\n    <div class=\"xs_social_share_widget xs_share_url after_content \t\tmain_content  wslu-style-1 wslu-share-box-shaped wslu-fill-colored wslu-none wslu-share-horizontal wslu-theme-font-no wslu-main_content\">\n\n\t\t\n        <ul>\n\t\t\t        <\/ul>\n    <\/div> \n","protected":false},"excerpt":{"rendered":"<p>Le Banc R\u00e9glable J3 est un banc de musculation r\u00e9glable fonctionnel, con\u00e7u pour une large gamme d\u2019exercices de force. Adapt\u00e9 \u00e0 un usage domestique et commercial, il s\u2019int\u00e8gre parfaitement comme \u00e9quipement de home gym pour l\u2019entra\u00eenement. Le dossier et le si\u00e8ge peuvent \u00eatre r\u00e9gl\u00e9s en positions \u00e0 plat, inclin\u00e9e et d\u00e9clin\u00e9e, soutenant une vari\u00e9t\u00e9 de [&hellip;]<\/p>\n","protected":false},"featured_media":11167,"template":"","meta":{"_acf_changed":false},"product_brand":[56],"product_cat":[836],"product_tag":[],"class_list":{"0":"post-26250","1":"product","2":"type-product","3":"status-publish","4":"has-post-thumbnail","6":"product_brand-gym-factory","7":"product_cat-bancs-de-musculation","9":"first","10":"onbackorder","11":"taxable","12":"shipping-taxable","13":"purchasable","14":"product-type-variable","15":"has-default-attributes"},"acf":[],"yoast_head":"<!-- This site is optimized with the Yoast SEO plugin v25.2 - https:\/\/yoast.com\/wordpress\/plugins\/seo\/ -->\n<title>Banc J3 \u2013 Meilleur Banc R\u00e9glable pour Salle Commerciale &amp; Home Gym<\/title>\n<meta name=\"description\" content=\"D\u00e9couvrez le meilleur banc r\u00e9glable pour un entra\u00eenement complet du corps. Con\u00e7u pour la polyvalence, il offre le soutien parfait pour am\u00e9liorer chaque exercice.\" \/>\n<meta name=\"robots\" content=\"index, follow, max-snippet:-1, max-image-preview:large, max-video-preview:-1\" \/>\n<link rel=\"canonical\" href=\"https:\/\/gymfactory.eu\/fr\/produit\/banc-reglable-j3\/\" \/>\n<meta property=\"og:locale\" content=\"fr_FR\" \/>\n<meta property=\"og:type\" content=\"article\" \/>\n<meta property=\"og:title\" content=\"Banc J3 \u2013 Meilleur Banc R\u00e9glable pour Salle Commerciale &amp; Home Gym\" \/>\n<meta property=\"og:description\" content=\"D\u00e9couvrez le meilleur banc r\u00e9glable pour un entra\u00eenement complet du corps. Con\u00e7u pour la polyvalence, il offre le soutien parfait pour am\u00e9liorer chaque exercice.\" \/>\n<meta property=\"og:url\" content=\"https:\/\/gymfactory.eu\/fr\/produit\/banc-reglable-j3\/\" \/>\n<meta property=\"og:site_name\" content=\"Gym Factory\" \/>\n<meta property=\"og:image\" content=\"https:\/\/gymfactory.eu\/wp-content\/uploads\/2025\/02\/best-workout-bench-black-incline-leg-extension-bench-1.webp\" \/>\n\t<meta property=\"og:image:width\" content=\"1500\" \/>\n\t<meta property=\"og:image:height\" content=\"1500\" \/>\n\t<meta property=\"og:image:type\" content=\"image\/webp\" \/>\n<meta name=\"twitter:card\" content=\"summary_large_image\" \/>\n<meta name=\"twitter:label1\" content=\"Dur\u00e9e de lecture estim\u00e9e\" \/>\n\t<meta name=\"twitter:data1\" content=\"1 minute\" \/>\n<script type=\"application\/ld+json\" class=\"yoast-schema-graph\">{\"@context\":\"https:\/\/schema.org\",\"@graph\":[{\"@type\":\"WebPage\",\"@id\":\"https:\/\/gymfactory.eu\/fr\/produit\/banc-reglable-j3\/\",\"url\":\"https:\/\/gymfactory.eu\/fr\/produit\/banc-reglable-j3\/\",\"name\":\"Banc J3 \u2013 Meilleur Banc R\u00e9glable pour Salle Commerciale & Home Gym\",\"isPartOf\":{\"@id\":\"https:\/\/gymfactory.eu\/fr\/#website\"},\"primaryImageOfPage\":{\"@id\":\"https:\/\/gymfactory.eu\/fr\/produit\/banc-reglable-j3\/#primaryimage\"},\"image\":{\"@id\":\"https:\/\/gymfactory.eu\/fr\/produit\/banc-reglable-j3\/#primaryimage\"},\"thumbnailUrl\":\"https:\/\/gymfactory.eu\/wp-content\/uploads\/2025\/02\/best-workout-bench-black-incline-leg-extension-bench-1.webp\",\"datePublished\":\"2025-02-11T09:41:06+00:00\",\"description\":\"D\u00e9couvrez le meilleur banc r\u00e9glable pour un entra\u00eenement complet du corps. Con\u00e7u pour la polyvalence, il offre le soutien parfait pour am\u00e9liorer chaque exercice.\",\"breadcrumb\":{\"@id\":\"https:\/\/gymfactory.eu\/fr\/produit\/banc-reglable-j3\/#breadcrumb\"},\"inLanguage\":\"fr-FR\",\"potentialAction\":[{\"@type\":\"ReadAction\",\"target\":[\"https:\/\/gymfactory.eu\/fr\/produit\/banc-reglable-j3\/\"]}]},{\"@type\":\"ImageObject\",\"inLanguage\":\"fr-FR\",\"@id\":\"https:\/\/gymfactory.eu\/fr\/produit\/banc-reglable-j3\/#primaryimage\",\"url\":\"https:\/\/gymfactory.eu\/wp-content\/uploads\/2025\/02\/best-workout-bench-black-incline-leg-extension-bench-1.webp\",\"contentUrl\":\"https:\/\/gymfactory.eu\/wp-content\/uploads\/2025\/02\/best-workout-bench-black-incline-leg-extension-bench-1.webp\",\"width\":1500,\"height\":1500,\"caption\":\"Un banc inclin\u00e9 r\u00e9glable noir avec rouleaux pour les jambes, un \u00e9quipement de musculation \u00e0 domicile con\u00e7u pour des entra\u00eenements cibl\u00e9s du bas du corps avec un cadre robuste et un rembourrage ergonomique pour le soutien.\"},{\"@type\":\"BreadcrumbList\",\"@id\":\"https:\/\/gymfactory.eu\/fr\/produit\/banc-reglable-j3\/#breadcrumb\",\"itemListElement\":[{\"@type\":\"ListItem\",\"position\":1,\"name\":\"Home\",\"item\":\"https:\/\/gymfactory.eu\/fr\/\"},{\"@type\":\"ListItem\",\"position\":2,\"name\":\"Catalogue\",\"item\":\"https:\/\/gymfactory.eu\/fr\/catalogue-2\/\"},{\"@type\":\"ListItem\",\"position\":3,\"name\":\"Banc R\u00e9glable J3\"}]},{\"@type\":\"WebSite\",\"@id\":\"https:\/\/gymfactory.eu\/fr\/#website\",\"url\":\"https:\/\/gymfactory.eu\/fr\/\",\"name\":\"Gym Factory\",\"description\":\"\",\"publisher\":{\"@id\":\"https:\/\/gymfactory.eu\/fr\/#organization\"},\"potentialAction\":[{\"@type\":\"SearchAction\",\"target\":{\"@type\":\"EntryPoint\",\"urlTemplate\":\"https:\/\/gymfactory.eu\/fr\/?s={search_term_string}\"},\"query-input\":{\"@type\":\"PropertyValueSpecification\",\"valueRequired\":true,\"valueName\":\"search_term_string\"}}],\"inLanguage\":\"fr-FR\"},{\"@type\":\"Organization\",\"@id\":\"https:\/\/gymfactory.eu\/fr\/#organization\",\"name\":\"Gym Factory\",\"url\":\"https:\/\/gymfactory.eu\/fr\/\",\"logo\":{\"@type\":\"ImageObject\",\"inLanguage\":\"fr-FR\",\"@id\":\"https:\/\/gymfactory.eu\/fr\/#\/schema\/logo\/image\/\",\"url\":\"https:\/\/gymfactory.eu\/wp-content\/uploads\/2024\/11\/Component-1.svg\",\"contentUrl\":\"https:\/\/gymfactory.eu\/wp-content\/uploads\/2024\/11\/Component-1.svg\",\"width\":54,\"height\":44,\"caption\":\"Gym Factory\"},\"image\":{\"@id\":\"https:\/\/gymfactory.eu\/fr\/#\/schema\/logo\/image\/\"}}]}<\/script>\n<!-- \/ Yoast SEO plugin. -->","yoast_head_json":{"title":"Banc J3 \u2013 Meilleur Banc R\u00e9glable pour Salle Commerciale & Home Gym","description":"D\u00e9couvrez le meilleur banc r\u00e9glable pour un entra\u00eenement complet du corps. Con\u00e7u pour la polyvalence, il offre le soutien parfait pour am\u00e9liorer chaque exercice.","robots":{"index":"index","follow":"follow","max-snippet":"max-snippet:-1","max-image-preview":"max-image-preview:large","max-video-preview":"max-video-preview:-1"},"canonical":"https:\/\/gymfactory.eu\/fr\/produit\/banc-reglable-j3\/","og_locale":"fr_FR","og_type":"article","og_title":"Banc J3 \u2013 Meilleur Banc R\u00e9glable pour Salle Commerciale & Home Gym","og_description":"D\u00e9couvrez le meilleur banc r\u00e9glable pour un entra\u00eenement complet du corps. Con\u00e7u pour la polyvalence, il offre le soutien parfait pour am\u00e9liorer chaque exercice.","og_url":"https:\/\/gymfactory.eu\/fr\/produit\/banc-reglable-j3\/","og_site_name":"Gym Factory","og_image":[{"width":1500,"height":1500,"url":"https:\/\/gymfactory.eu\/wp-content\/uploads\/2025\/02\/best-workout-bench-black-incline-leg-extension-bench-1.webp","type":"image\/webp"}],"twitter_card":"summary_large_image","twitter_misc":{"Dur\u00e9e de lecture estim\u00e9e":"1 minute"},"schema":{"@context":"https:\/\/schema.org","@graph":[{"@type":"WebPage","@id":"https:\/\/gymfactory.eu\/fr\/produit\/banc-reglable-j3\/","url":"https:\/\/gymfactory.eu\/fr\/produit\/banc-reglable-j3\/","name":"Banc J3 \u2013 Meilleur Banc R\u00e9glable pour Salle Commerciale & Home Gym","isPartOf":{"@id":"https:\/\/gymfactory.eu\/fr\/#website"},"primaryImageOfPage":{"@id":"https:\/\/gymfactory.eu\/fr\/produit\/banc-reglable-j3\/#primaryimage"},"image":{"@id":"https:\/\/gymfactory.eu\/fr\/produit\/banc-reglable-j3\/#primaryimage"},"thumbnailUrl":"https:\/\/gymfactory.eu\/wp-content\/uploads\/2025\/02\/best-workout-bench-black-incline-leg-extension-bench-1.webp","datePublished":"2025-02-11T09:41:06+00:00","description":"D\u00e9couvrez le meilleur banc r\u00e9glable pour un entra\u00eenement complet du corps. Con\u00e7u pour la polyvalence, il offre le soutien parfait pour am\u00e9liorer chaque exercice.","breadcrumb":{"@id":"https:\/\/gymfactory.eu\/fr\/produit\/banc-reglable-j3\/#breadcrumb"},"inLanguage":"fr-FR","potentialAction":[{"@type":"ReadAction","target":["https:\/\/gymfactory.eu\/fr\/produit\/banc-reglable-j3\/"]}]},{"@type":"ImageObject","inLanguage":"fr-FR","@id":"https:\/\/gymfactory.eu\/fr\/produit\/banc-reglable-j3\/#primaryimage","url":"https:\/\/gymfactory.eu\/wp-content\/uploads\/2025\/02\/best-workout-bench-black-incline-leg-extension-bench-1.webp","contentUrl":"https:\/\/gymfactory.eu\/wp-content\/uploads\/2025\/02\/best-workout-bench-black-incline-leg-extension-bench-1.webp","width":1500,"height":1500,"caption":"Un banc inclin\u00e9 r\u00e9glable noir avec rouleaux pour les jambes, un \u00e9quipement de musculation \u00e0 domicile con\u00e7u pour des entra\u00eenements cibl\u00e9s du bas du corps avec un cadre robuste et un rembourrage ergonomique pour le soutien."},{"@type":"BreadcrumbList","@id":"https:\/\/gymfactory.eu\/fr\/produit\/banc-reglable-j3\/#breadcrumb","itemListElement":[{"@type":"ListItem","position":1,"name":"Home","item":"https:\/\/gymfactory.eu\/fr\/"},{"@type":"ListItem","position":2,"name":"Catalogue","item":"https:\/\/gymfactory.eu\/fr\/catalogue-2\/"},{"@type":"ListItem","position":3,"name":"Banc R\u00e9glable J3"}]},{"@type":"WebSite","@id":"https:\/\/gymfactory.eu\/fr\/#website","url":"https:\/\/gymfactory.eu\/fr\/","name":"Gym Factory","description":"","publisher":{"@id":"https:\/\/gymfactory.eu\/fr\/#organization"},"potentialAction":[{"@type":"SearchAction","target":{"@type":"EntryPoint","urlTemplate":"https:\/\/gymfactory.eu\/fr\/?s={search_term_string}"},"query-input":{"@type":"PropertyValueSpecification","valueRequired":true,"valueName":"search_term_string"}}],"inLanguage":"fr-FR"},{"@type":"Organization","@id":"https:\/\/gymfactory.eu\/fr\/#organization","name":"Gym Factory","url":"https:\/\/gymfactory.eu\/fr\/","logo":{"@type":"ImageObject","inLanguage":"fr-FR","@id":"https:\/\/gymfactory.eu\/fr\/#\/schema\/logo\/image\/","url":"https:\/\/gymfactory.eu\/wp-content\/uploads\/2024\/11\/Component-1.svg","contentUrl":"https:\/\/gymfactory.eu\/wp-content\/uploads\/2024\/11\/Component-1.svg","width":54,"height":44,"caption":"Gym Factory"},"image":{"@id":"https:\/\/gymfactory.eu\/fr\/#\/schema\/logo\/image\/"}}]}},"_links":{"self":[{"href":"https:\/\/gymfactory.eu\/fr\/wp-json\/wp\/v2\/product\/26250","targetHints":{"allow":["GET"]}}],"collection":[{"href":"https:\/\/gymfactory.eu\/fr\/wp-json\/wp\/v2\/product"}],"about":[{"href":"https:\/\/gymfactory.eu\/fr\/wp-json\/wp\/v2\/types\/product"}],"wp:featuredmedia":[{"embeddable":true,"href":"https:\/\/gymfactory.eu\/fr\/wp-json\/wp\/v2\/media\/11167"}],"wp:attachment":[{"href":"https:\/\/gymfactory.eu\/fr\/wp-json\/wp\/v2\/media?parent=26250"}],"wp:term":[{"taxonomy":"product_brand","embeddable":true,"href":"https:\/\/gymfactory.eu\/fr\/wp-json\/wp\/v2\/product_brand?post=26250"},{"taxonomy":"product_cat","embeddable":true,"href":"https:\/\/gymfactory.eu\/fr\/wp-json\/wp\/v2\/product_cat?post=26250"},{"taxonomy":"product_tag","embeddable":true,"href":"https:\/\/gymfactory.eu\/fr\/wp-json\/wp\/v2\/product_tag?post=26250"}],"curies":[{"name":"wp","href":"https:\/\/api.w.org\/{rel}","templated":true}]}}