{"id":26242,"date":"2025-02-11T11:22:25","date_gmt":"2025-02-11T09:22:25","guid":{"rendered":"https:\/\/gymfactory.eu\/product\/banc-reglable-j2\/"},"modified":"2026-04-10T17:00:49","modified_gmt":"2026-04-10T14:00:49","slug":"banc-reglable-j2","status":"publish","type":"product","link":"https:\/\/gymfactory.eu\/fr\/produit\/banc-reglable-j2\/","title":{"rendered":"Banc R\u00e9glable J2"},"content":{"rendered":"<p>Le Banc R\u00e9glable J2 est un choix pratique pour ceux qui cherchent \u00e0 \u00e9largir leur routine de musculation. Adapt\u00e9 comme bon \u00e9quipement de home gym ou de salle de sport commerciale, ce banc de musculation r\u00e9glable dispose de multiples r\u00e9glages d\u2019angle de dossier et d\u2019assise, permettant des positions \u00e0 plat et inclin\u00e9es. <\/p>\n<p>Con\u00e7u pour un entra\u00eenement complet du corps (full body), il prend en charge des exercices tels que les d\u00e9velopp\u00e9s inclin\u00e9s, les \u00e9cart\u00e9s couch\u00e9s, le rowing halt\u00e8re et les curls assis. Des roulettes int\u00e9gr\u00e9es et une poign\u00e9e permettent de repositionner facilement le banc partout o\u00f9 cela est n\u00e9cessaire. <\/p>\n<p>Une option stable et fonctionnelle pour quiconque recherche le meilleur banc r\u00e9glable qui s\u2019adapte \u00e0 une gamme de besoins d\u2019entra\u00eenement.<\/p>\n\n    <div class=\"xs_social_share_widget xs_share_url after_content \t\tmain_content  wslu-style-1 wslu-share-box-shaped wslu-fill-colored wslu-none wslu-share-horizontal wslu-theme-font-no wslu-main_content\">\n\n\t\t\n        <ul>\n\t\t\t        <\/ul>\n    <\/div> \n","protected":false},"excerpt":{"rendered":"<p>Le Banc R\u00e9glable J2 est un choix pratique pour ceux qui cherchent \u00e0 \u00e9largir leur routine de musculation. Adapt\u00e9 comme bon \u00e9quipement de home gym ou de salle de sport commerciale, ce banc de musculation r\u00e9glable dispose de multiples r\u00e9glages d\u2019angle de dossier et d\u2019assise, permettant des positions \u00e0 plat et inclin\u00e9es. Con\u00e7u pour un [&hellip;]<\/p>\n","protected":false},"featured_media":27543,"template":"","meta":{"_acf_changed":false},"product_brand":[56],"product_cat":[836],"product_tag":[],"class_list":{"0":"post-26242","1":"product","2":"type-product","3":"status-publish","4":"has-post-thumbnail","6":"product_brand-gym-factory","7":"product_cat-bancs-de-musculation","9":"first","10":"onbackorder","11":"taxable","12":"shipping-taxable","13":"purchasable","14":"product-type-simple"},"acf":[],"yoast_head":"<!-- This site is optimized with the Yoast SEO plugin v25.2 - https:\/\/yoast.com\/wordpress\/plugins\/seo\/ -->\n<title>Banc R\u00e9glable J2 \u2013 Meilleur Banc pour Salle Commerciale &amp; Home Gym<\/title>\n<meta name=\"description\" content=\"Obtenez le meilleur banc r\u00e9glable pour votre home gym. Cet \u00e9quipement offre flexibilit\u00e9 et soutien pour divers exercices, parfait pour la musculation.\" \/>\n<meta name=\"robots\" content=\"index, follow, max-snippet:-1, max-image-preview:large, max-video-preview:-1\" \/>\n<link rel=\"canonical\" href=\"https:\/\/gymfactory.eu\/fr\/produit\/banc-reglable-j2\/\" \/>\n<meta property=\"og:locale\" content=\"fr_FR\" \/>\n<meta property=\"og:type\" content=\"article\" \/>\n<meta property=\"og:title\" content=\"Banc R\u00e9glable J2 \u2013 Meilleur Banc pour Salle Commerciale &amp; Home Gym\" \/>\n<meta property=\"og:description\" content=\"Obtenez le meilleur banc r\u00e9glable pour votre home gym. Cet \u00e9quipement offre flexibilit\u00e9 et soutien pour divers exercices, parfait pour la musculation.\" \/>\n<meta property=\"og:url\" content=\"https:\/\/gymfactory.eu\/fr\/produit\/banc-reglable-j2\/\" \/>\n<meta property=\"og:site_name\" content=\"Gym Factory\" \/>\n<meta property=\"article:modified_time\" content=\"2026-04-10T14:00:49+00:00\" \/>\n<meta property=\"og:image\" content=\"https:\/\/gymfactory.eu\/wp-content\/uploads\/2026\/02\/workout-bench-black-adjustable-premium.webp\" \/>\n\t<meta property=\"og:image:width\" content=\"1500\" \/>\n\t<meta property=\"og:image:height\" content=\"1500\" \/>\n\t<meta property=\"og:image:type\" content=\"image\/webp\" \/>\n<meta name=\"twitter:card\" content=\"summary_large_image\" \/>\n<meta name=\"twitter:label1\" content=\"Dur\u00e9e de lecture estim\u00e9e\" \/>\n\t<meta name=\"twitter:data1\" content=\"1 minute\" \/>\n<script type=\"application\/ld+json\" class=\"yoast-schema-graph\">{\"@context\":\"https:\/\/schema.org\",\"@graph\":[{\"@type\":\"WebPage\",\"@id\":\"https:\/\/gymfactory.eu\/fr\/produit\/banc-reglable-j2\/\",\"url\":\"https:\/\/gymfactory.eu\/fr\/produit\/banc-reglable-j2\/\",\"name\":\"Banc R\u00e9glable J2 \u2013 Meilleur Banc pour Salle Commerciale & Home Gym\",\"isPartOf\":{\"@id\":\"https:\/\/gymfactory.eu\/fr\/#website\"},\"primaryImageOfPage\":{\"@id\":\"https:\/\/gymfactory.eu\/fr\/produit\/banc-reglable-j2\/#primaryimage\"},\"image\":{\"@id\":\"https:\/\/gymfactory.eu\/fr\/produit\/banc-reglable-j2\/#primaryimage\"},\"thumbnailUrl\":\"https:\/\/gymfactory.eu\/wp-content\/uploads\/2026\/02\/workout-bench-black-adjustable-premium.webp\",\"datePublished\":\"2025-02-11T09:22:25+00:00\",\"dateModified\":\"2026-04-10T14:00:49+00:00\",\"description\":\"Obtenez le meilleur banc r\u00e9glable pour votre home gym. Cet \u00e9quipement offre flexibilit\u00e9 et soutien pour divers exercices, parfait pour la musculation.\",\"breadcrumb\":{\"@id\":\"https:\/\/gymfactory.eu\/fr\/produit\/banc-reglable-j2\/#breadcrumb\"},\"inLanguage\":\"fr-FR\",\"potentialAction\":[{\"@type\":\"ReadAction\",\"target\":[\"https:\/\/gymfactory.eu\/fr\/produit\/banc-reglable-j2\/\"]}]},{\"@type\":\"ImageObject\",\"inLanguage\":\"fr-FR\",\"@id\":\"https:\/\/gymfactory.eu\/fr\/produit\/banc-reglable-j2\/#primaryimage\",\"url\":\"https:\/\/gymfactory.eu\/wp-content\/uploads\/2026\/02\/workout-bench-black-adjustable-premium.webp\",\"contentUrl\":\"https:\/\/gymfactory.eu\/wp-content\/uploads\/2026\/02\/workout-bench-black-adjustable-premium.webp\",\"width\":1500,\"height\":1500,\"caption\":\"J2e Adjustable Bench black commercial fitness bench with adjustable positions\"},{\"@type\":\"BreadcrumbList\",\"@id\":\"https:\/\/gymfactory.eu\/fr\/produit\/banc-reglable-j2\/#breadcrumb\",\"itemListElement\":[{\"@type\":\"ListItem\",\"position\":1,\"name\":\"Home\",\"item\":\"https:\/\/gymfactory.eu\/fr\/\"},{\"@type\":\"ListItem\",\"position\":2,\"name\":\"Catalogue\",\"item\":\"https:\/\/gymfactory.eu\/fr\/catalogue-2\/\"},{\"@type\":\"ListItem\",\"position\":3,\"name\":\"Banc R\u00e9glable J2\"}]},{\"@type\":\"WebSite\",\"@id\":\"https:\/\/gymfactory.eu\/fr\/#website\",\"url\":\"https:\/\/gymfactory.eu\/fr\/\",\"name\":\"Gym Factory\",\"description\":\"\",\"publisher\":{\"@id\":\"https:\/\/gymfactory.eu\/fr\/#organization\"},\"potentialAction\":[{\"@type\":\"SearchAction\",\"target\":{\"@type\":\"EntryPoint\",\"urlTemplate\":\"https:\/\/gymfactory.eu\/fr\/?s={search_term_string}\"},\"query-input\":{\"@type\":\"PropertyValueSpecification\",\"valueRequired\":true,\"valueName\":\"search_term_string\"}}],\"inLanguage\":\"fr-FR\"},{\"@type\":\"Organization\",\"@id\":\"https:\/\/gymfactory.eu\/fr\/#organization\",\"name\":\"Gym Factory\",\"url\":\"https:\/\/gymfactory.eu\/fr\/\",\"logo\":{\"@type\":\"ImageObject\",\"inLanguage\":\"fr-FR\",\"@id\":\"https:\/\/gymfactory.eu\/fr\/#\/schema\/logo\/image\/\",\"url\":\"https:\/\/gymfactory.eu\/wp-content\/uploads\/2024\/11\/Component-1.svg\",\"contentUrl\":\"https:\/\/gymfactory.eu\/wp-content\/uploads\/2024\/11\/Component-1.svg\",\"width\":54,\"height\":44,\"caption\":\"Gym Factory\"},\"image\":{\"@id\":\"https:\/\/gymfactory.eu\/fr\/#\/schema\/logo\/image\/\"}}]}<\/script>\n<!-- \/ Yoast SEO plugin. -->","yoast_head_json":{"title":"Banc R\u00e9glable J2 \u2013 Meilleur Banc pour Salle Commerciale & Home Gym","description":"Obtenez le meilleur banc r\u00e9glable pour votre home gym. Cet \u00e9quipement offre flexibilit\u00e9 et soutien pour divers exercices, parfait pour la musculation.","robots":{"index":"index","follow":"follow","max-snippet":"max-snippet:-1","max-image-preview":"max-image-preview:large","max-video-preview":"max-video-preview:-1"},"canonical":"https:\/\/gymfactory.eu\/fr\/produit\/banc-reglable-j2\/","og_locale":"fr_FR","og_type":"article","og_title":"Banc R\u00e9glable J2 \u2013 Meilleur Banc pour Salle Commerciale & Home Gym","og_description":"Obtenez le meilleur banc r\u00e9glable pour votre home gym. Cet \u00e9quipement offre flexibilit\u00e9 et soutien pour divers exercices, parfait pour la musculation.","og_url":"https:\/\/gymfactory.eu\/fr\/produit\/banc-reglable-j2\/","og_site_name":"Gym Factory","article_modified_time":"2026-04-10T14:00:49+00:00","og_image":[{"width":1500,"height":1500,"url":"https:\/\/gymfactory.eu\/wp-content\/uploads\/2026\/02\/workout-bench-black-adjustable-premium.webp","type":"image\/webp"}],"twitter_card":"summary_large_image","twitter_misc":{"Dur\u00e9e de lecture estim\u00e9e":"1 minute"},"schema":{"@context":"https:\/\/schema.org","@graph":[{"@type":"WebPage","@id":"https:\/\/gymfactory.eu\/fr\/produit\/banc-reglable-j2\/","url":"https:\/\/gymfactory.eu\/fr\/produit\/banc-reglable-j2\/","name":"Banc R\u00e9glable J2 \u2013 Meilleur Banc pour Salle Commerciale & Home Gym","isPartOf":{"@id":"https:\/\/gymfactory.eu\/fr\/#website"},"primaryImageOfPage":{"@id":"https:\/\/gymfactory.eu\/fr\/produit\/banc-reglable-j2\/#primaryimage"},"image":{"@id":"https:\/\/gymfactory.eu\/fr\/produit\/banc-reglable-j2\/#primaryimage"},"thumbnailUrl":"https:\/\/gymfactory.eu\/wp-content\/uploads\/2026\/02\/workout-bench-black-adjustable-premium.webp","datePublished":"2025-02-11T09:22:25+00:00","dateModified":"2026-04-10T14:00:49+00:00","description":"Obtenez le meilleur banc r\u00e9glable pour votre home gym. Cet \u00e9quipement offre flexibilit\u00e9 et soutien pour divers exercices, parfait pour la musculation.","breadcrumb":{"@id":"https:\/\/gymfactory.eu\/fr\/produit\/banc-reglable-j2\/#breadcrumb"},"inLanguage":"fr-FR","potentialAction":[{"@type":"ReadAction","target":["https:\/\/gymfactory.eu\/fr\/produit\/banc-reglable-j2\/"]}]},{"@type":"ImageObject","inLanguage":"fr-FR","@id":"https:\/\/gymfactory.eu\/fr\/produit\/banc-reglable-j2\/#primaryimage","url":"https:\/\/gymfactory.eu\/wp-content\/uploads\/2026\/02\/workout-bench-black-adjustable-premium.webp","contentUrl":"https:\/\/gymfactory.eu\/wp-content\/uploads\/2026\/02\/workout-bench-black-adjustable-premium.webp","width":1500,"height":1500,"caption":"J2e Adjustable Bench black commercial fitness bench with adjustable positions"},{"@type":"BreadcrumbList","@id":"https:\/\/gymfactory.eu\/fr\/produit\/banc-reglable-j2\/#breadcrumb","itemListElement":[{"@type":"ListItem","position":1,"name":"Home","item":"https:\/\/gymfactory.eu\/fr\/"},{"@type":"ListItem","position":2,"name":"Catalogue","item":"https:\/\/gymfactory.eu\/fr\/catalogue-2\/"},{"@type":"ListItem","position":3,"name":"Banc R\u00e9glable J2"}]},{"@type":"WebSite","@id":"https:\/\/gymfactory.eu\/fr\/#website","url":"https:\/\/gymfactory.eu\/fr\/","name":"Gym Factory","description":"","publisher":{"@id":"https:\/\/gymfactory.eu\/fr\/#organization"},"potentialAction":[{"@type":"SearchAction","target":{"@type":"EntryPoint","urlTemplate":"https:\/\/gymfactory.eu\/fr\/?s={search_term_string}"},"query-input":{"@type":"PropertyValueSpecification","valueRequired":true,"valueName":"search_term_string"}}],"inLanguage":"fr-FR"},{"@type":"Organization","@id":"https:\/\/gymfactory.eu\/fr\/#organization","name":"Gym Factory","url":"https:\/\/gymfactory.eu\/fr\/","logo":{"@type":"ImageObject","inLanguage":"fr-FR","@id":"https:\/\/gymfactory.eu\/fr\/#\/schema\/logo\/image\/","url":"https:\/\/gymfactory.eu\/wp-content\/uploads\/2024\/11\/Component-1.svg","contentUrl":"https:\/\/gymfactory.eu\/wp-content\/uploads\/2024\/11\/Component-1.svg","width":54,"height":44,"caption":"Gym Factory"},"image":{"@id":"https:\/\/gymfactory.eu\/fr\/#\/schema\/logo\/image\/"}}]}},"_links":{"self":[{"href":"https:\/\/gymfactory.eu\/fr\/wp-json\/wp\/v2\/product\/26242","targetHints":{"allow":["GET"]}}],"collection":[{"href":"https:\/\/gymfactory.eu\/fr\/wp-json\/wp\/v2\/product"}],"about":[{"href":"https:\/\/gymfactory.eu\/fr\/wp-json\/wp\/v2\/types\/product"}],"wp:featuredmedia":[{"embeddable":true,"href":"https:\/\/gymfactory.eu\/fr\/wp-json\/wp\/v2\/media\/27543"}],"wp:attachment":[{"href":"https:\/\/gymfactory.eu\/fr\/wp-json\/wp\/v2\/media?parent=26242"}],"wp:term":[{"taxonomy":"product_brand","embeddable":true,"href":"https:\/\/gymfactory.eu\/fr\/wp-json\/wp\/v2\/product_brand?post=26242"},{"taxonomy":"product_cat","embeddable":true,"href":"https:\/\/gymfactory.eu\/fr\/wp-json\/wp\/v2\/product_cat?post=26242"},{"taxonomy":"product_tag","embeddable":true,"href":"https:\/\/gymfactory.eu\/fr\/wp-json\/wp\/v2\/product_tag?post=26242"}],"curies":[{"name":"wp","href":"https:\/\/api.w.org\/{rel}","templated":true}]}}