{"id":26238,"date":"2025-02-11T11:03:50","date_gmt":"2025-02-11T09:03:50","guid":{"rendered":"https:\/\/gymfactory.eu\/product\/banc-plat-j1\/"},"modified":"2025-02-11T11:03:50","modified_gmt":"2025-02-11T09:03:50","slug":"banc-plat-j1","status":"publish","type":"product","link":"https:\/\/gymfactory.eu\/fr\/produit\/banc-plat-j1\/","title":{"rendered":"Banc Plat J1"},"content":{"rendered":"<p>Le Banc Plat J1 est con\u00e7u pour une utilisation en home gym et en salle de sport commerciale. Il prend en charge une gamme d\u2019exercices de musculation tels que le d\u00e9velopp\u00e9 couch\u00e9 halt\u00e8res, les \u00e9cart\u00e9s, les extensions triceps et les mouvements abdominaux \u2013 ce qui le rend adapt\u00e9 pour un entra\u00eenement complet du corps (full body) ax\u00e9 sur les poids libres. <\/p>\n<p>Dot\u00e9 de roulettes int\u00e9gr\u00e9es et d\u2019une poign\u00e9e, le banc est facile \u00e0 d\u00e9placer et \u00e0 repositionner selon les besoins.<\/p>\n<p>Un banc plat stable et fonctionnel pour des performances constantes lors de l\u2019entra\u00eenement quotidien.<\/p>\n\n    <div class=\"xs_social_share_widget xs_share_url after_content \t\tmain_content  wslu-style-1 wslu-share-box-shaped wslu-fill-colored wslu-none wslu-share-horizontal wslu-theme-font-no wslu-main_content\">\n\n\t\t\n        <ul>\n\t\t\t        <\/ul>\n    <\/div> \n","protected":false},"excerpt":{"rendered":"<p>Le Banc Plat J1 est con\u00e7u pour une utilisation en home gym et en salle de sport commerciale. Il prend en charge une gamme d\u2019exercices de musculation tels que le d\u00e9velopp\u00e9 couch\u00e9 halt\u00e8res, les \u00e9cart\u00e9s, les extensions triceps et les mouvements abdominaux \u2013 ce qui le rend adapt\u00e9 pour un entra\u00eenement complet du corps (full [&hellip;]<\/p>\n","protected":false},"featured_media":11157,"template":"","meta":{"_acf_changed":false},"product_brand":[56],"product_cat":[836],"product_tag":[],"class_list":{"0":"post-26238","1":"product","2":"type-product","3":"status-publish","4":"has-post-thumbnail","6":"product_brand-gym-factory","7":"product_cat-bancs-de-musculation","9":"first","10":"onbackorder","11":"taxable","12":"shipping-taxable","13":"purchasable","14":"product-type-variable","15":"has-default-attributes"},"acf":[],"yoast_head":"<!-- This site is optimized with the Yoast SEO plugin v25.2 - https:\/\/yoast.com\/wordpress\/plugins\/seo\/ -->\n<title>Banc Plat J1 - Id\u00e9al pour Home Gym et Usage Commercial<\/title>\n<meta name=\"description\" content=\"Ajoutez un banc plat \u00e0 votre \u00e9quipement de musculation \u00e0 domicile. Parfait pour divers exercices, il offre la stabilit\u00e9 et le soutien dont vous avez besoin pour la musculation.\" \/>\n<meta name=\"robots\" content=\"index, follow, max-snippet:-1, max-image-preview:large, max-video-preview:-1\" \/>\n<link rel=\"canonical\" href=\"https:\/\/gymfactory.eu\/fr\/produit\/banc-plat-j1\/\" \/>\n<meta property=\"og:locale\" content=\"fr_FR\" \/>\n<meta property=\"og:type\" content=\"article\" \/>\n<meta property=\"og:title\" content=\"Banc Plat J1 - Id\u00e9al pour Home Gym et Usage Commercial\" \/>\n<meta property=\"og:description\" content=\"Ajoutez un banc plat \u00e0 votre \u00e9quipement de musculation \u00e0 domicile. Parfait pour divers exercices, il offre la stabilit\u00e9 et le soutien dont vous avez besoin pour la musculation.\" \/>\n<meta property=\"og:url\" content=\"https:\/\/gymfactory.eu\/fr\/produit\/banc-plat-j1\/\" \/>\n<meta property=\"og:site_name\" content=\"Gym Factory\" \/>\n<meta property=\"og:image\" content=\"https:\/\/gymfactory.eu\/wp-content\/uploads\/2025\/02\/best-workout-bench-blue-flat-bench-1.webp\" \/>\n\t<meta property=\"og:image:width\" content=\"1500\" \/>\n\t<meta property=\"og:image:height\" content=\"1500\" \/>\n\t<meta property=\"og:image:type\" content=\"image\/webp\" \/>\n<meta name=\"twitter:card\" content=\"summary_large_image\" \/>\n<meta name=\"twitter:label1\" content=\"Dur\u00e9e de lecture estim\u00e9e\" \/>\n\t<meta name=\"twitter:data1\" content=\"1 minute\" \/>\n<script type=\"application\/ld+json\" class=\"yoast-schema-graph\">{\"@context\":\"https:\/\/schema.org\",\"@graph\":[{\"@type\":\"WebPage\",\"@id\":\"https:\/\/gymfactory.eu\/fr\/produit\/banc-plat-j1\/\",\"url\":\"https:\/\/gymfactory.eu\/fr\/produit\/banc-plat-j1\/\",\"name\":\"Banc Plat J1 - Id\u00e9al pour Home Gym et Usage Commercial\",\"isPartOf\":{\"@id\":\"https:\/\/gymfactory.eu\/fr\/#website\"},\"primaryImageOfPage\":{\"@id\":\"https:\/\/gymfactory.eu\/fr\/produit\/banc-plat-j1\/#primaryimage\"},\"image\":{\"@id\":\"https:\/\/gymfactory.eu\/fr\/produit\/banc-plat-j1\/#primaryimage\"},\"thumbnailUrl\":\"https:\/\/gymfactory.eu\/wp-content\/uploads\/2025\/02\/best-workout-bench-blue-flat-bench-1.webp\",\"datePublished\":\"2025-02-11T09:03:50+00:00\",\"description\":\"Ajoutez un banc plat \u00e0 votre \u00e9quipement de musculation \u00e0 domicile. Parfait pour divers exercices, il offre la stabilit\u00e9 et le soutien dont vous avez besoin pour la musculation.\",\"breadcrumb\":{\"@id\":\"https:\/\/gymfactory.eu\/fr\/produit\/banc-plat-j1\/#breadcrumb\"},\"inLanguage\":\"fr-FR\",\"potentialAction\":[{\"@type\":\"ReadAction\",\"target\":[\"https:\/\/gymfactory.eu\/fr\/produit\/banc-plat-j1\/\"]}]},{\"@type\":\"ImageObject\",\"inLanguage\":\"fr-FR\",\"@id\":\"https:\/\/gymfactory.eu\/fr\/produit\/banc-plat-j1\/#primaryimage\",\"url\":\"https:\/\/gymfactory.eu\/wp-content\/uploads\/2025\/02\/best-workout-bench-blue-flat-bench-1.webp\",\"contentUrl\":\"https:\/\/gymfactory.eu\/wp-content\/uploads\/2025\/02\/best-workout-bench-blue-flat-bench-1.webp\",\"width\":1500,\"height\":1500,\"caption\":\"Un banc de musculation plat bleu, partie d\u2019un \u00e9quipement de musculation \u00e0 domicile, dot\u00e9 d\u2019un dessus rembourr\u00e9 noir \u00e9pais, d\u2019un cadre en acier durable et d\u2019une poign\u00e9e pour une mobilit\u00e9 facile, id\u00e9al pour divers exercices de force.\"},{\"@type\":\"BreadcrumbList\",\"@id\":\"https:\/\/gymfactory.eu\/fr\/produit\/banc-plat-j1\/#breadcrumb\",\"itemListElement\":[{\"@type\":\"ListItem\",\"position\":1,\"name\":\"Home\",\"item\":\"https:\/\/gymfactory.eu\/fr\/\"},{\"@type\":\"ListItem\",\"position\":2,\"name\":\"Catalogue\",\"item\":\"https:\/\/gymfactory.eu\/fr\/catalogue-2\/\"},{\"@type\":\"ListItem\",\"position\":3,\"name\":\"Banc Plat J1\"}]},{\"@type\":\"WebSite\",\"@id\":\"https:\/\/gymfactory.eu\/fr\/#website\",\"url\":\"https:\/\/gymfactory.eu\/fr\/\",\"name\":\"Gym Factory\",\"description\":\"\",\"publisher\":{\"@id\":\"https:\/\/gymfactory.eu\/fr\/#organization\"},\"potentialAction\":[{\"@type\":\"SearchAction\",\"target\":{\"@type\":\"EntryPoint\",\"urlTemplate\":\"https:\/\/gymfactory.eu\/fr\/?s={search_term_string}\"},\"query-input\":{\"@type\":\"PropertyValueSpecification\",\"valueRequired\":true,\"valueName\":\"search_term_string\"}}],\"inLanguage\":\"fr-FR\"},{\"@type\":\"Organization\",\"@id\":\"https:\/\/gymfactory.eu\/fr\/#organization\",\"name\":\"Gym Factory\",\"url\":\"https:\/\/gymfactory.eu\/fr\/\",\"logo\":{\"@type\":\"ImageObject\",\"inLanguage\":\"fr-FR\",\"@id\":\"https:\/\/gymfactory.eu\/fr\/#\/schema\/logo\/image\/\",\"url\":\"https:\/\/gymfactory.eu\/wp-content\/uploads\/2024\/11\/Component-1.svg\",\"contentUrl\":\"https:\/\/gymfactory.eu\/wp-content\/uploads\/2024\/11\/Component-1.svg\",\"width\":54,\"height\":44,\"caption\":\"Gym Factory\"},\"image\":{\"@id\":\"https:\/\/gymfactory.eu\/fr\/#\/schema\/logo\/image\/\"}}]}<\/script>\n<!-- \/ Yoast SEO plugin. -->","yoast_head_json":{"title":"Banc Plat J1 - Id\u00e9al pour Home Gym et Usage Commercial","description":"Ajoutez un banc plat \u00e0 votre \u00e9quipement de musculation \u00e0 domicile. Parfait pour divers exercices, il offre la stabilit\u00e9 et le soutien dont vous avez besoin pour la musculation.","robots":{"index":"index","follow":"follow","max-snippet":"max-snippet:-1","max-image-preview":"max-image-preview:large","max-video-preview":"max-video-preview:-1"},"canonical":"https:\/\/gymfactory.eu\/fr\/produit\/banc-plat-j1\/","og_locale":"fr_FR","og_type":"article","og_title":"Banc Plat J1 - Id\u00e9al pour Home Gym et Usage Commercial","og_description":"Ajoutez un banc plat \u00e0 votre \u00e9quipement de musculation \u00e0 domicile. Parfait pour divers exercices, il offre la stabilit\u00e9 et le soutien dont vous avez besoin pour la musculation.","og_url":"https:\/\/gymfactory.eu\/fr\/produit\/banc-plat-j1\/","og_site_name":"Gym Factory","og_image":[{"width":1500,"height":1500,"url":"https:\/\/gymfactory.eu\/wp-content\/uploads\/2025\/02\/best-workout-bench-blue-flat-bench-1.webp","type":"image\/webp"}],"twitter_card":"summary_large_image","twitter_misc":{"Dur\u00e9e de lecture estim\u00e9e":"1 minute"},"schema":{"@context":"https:\/\/schema.org","@graph":[{"@type":"WebPage","@id":"https:\/\/gymfactory.eu\/fr\/produit\/banc-plat-j1\/","url":"https:\/\/gymfactory.eu\/fr\/produit\/banc-plat-j1\/","name":"Banc Plat J1 - Id\u00e9al pour Home Gym et Usage Commercial","isPartOf":{"@id":"https:\/\/gymfactory.eu\/fr\/#website"},"primaryImageOfPage":{"@id":"https:\/\/gymfactory.eu\/fr\/produit\/banc-plat-j1\/#primaryimage"},"image":{"@id":"https:\/\/gymfactory.eu\/fr\/produit\/banc-plat-j1\/#primaryimage"},"thumbnailUrl":"https:\/\/gymfactory.eu\/wp-content\/uploads\/2025\/02\/best-workout-bench-blue-flat-bench-1.webp","datePublished":"2025-02-11T09:03:50+00:00","description":"Ajoutez un banc plat \u00e0 votre \u00e9quipement de musculation \u00e0 domicile. Parfait pour divers exercices, il offre la stabilit\u00e9 et le soutien dont vous avez besoin pour la musculation.","breadcrumb":{"@id":"https:\/\/gymfactory.eu\/fr\/produit\/banc-plat-j1\/#breadcrumb"},"inLanguage":"fr-FR","potentialAction":[{"@type":"ReadAction","target":["https:\/\/gymfactory.eu\/fr\/produit\/banc-plat-j1\/"]}]},{"@type":"ImageObject","inLanguage":"fr-FR","@id":"https:\/\/gymfactory.eu\/fr\/produit\/banc-plat-j1\/#primaryimage","url":"https:\/\/gymfactory.eu\/wp-content\/uploads\/2025\/02\/best-workout-bench-blue-flat-bench-1.webp","contentUrl":"https:\/\/gymfactory.eu\/wp-content\/uploads\/2025\/02\/best-workout-bench-blue-flat-bench-1.webp","width":1500,"height":1500,"caption":"Un banc de musculation plat bleu, partie d\u2019un \u00e9quipement de musculation \u00e0 domicile, dot\u00e9 d\u2019un dessus rembourr\u00e9 noir \u00e9pais, d\u2019un cadre en acier durable et d\u2019une poign\u00e9e pour une mobilit\u00e9 facile, id\u00e9al pour divers exercices de force."},{"@type":"BreadcrumbList","@id":"https:\/\/gymfactory.eu\/fr\/produit\/banc-plat-j1\/#breadcrumb","itemListElement":[{"@type":"ListItem","position":1,"name":"Home","item":"https:\/\/gymfactory.eu\/fr\/"},{"@type":"ListItem","position":2,"name":"Catalogue","item":"https:\/\/gymfactory.eu\/fr\/catalogue-2\/"},{"@type":"ListItem","position":3,"name":"Banc Plat J1"}]},{"@type":"WebSite","@id":"https:\/\/gymfactory.eu\/fr\/#website","url":"https:\/\/gymfactory.eu\/fr\/","name":"Gym Factory","description":"","publisher":{"@id":"https:\/\/gymfactory.eu\/fr\/#organization"},"potentialAction":[{"@type":"SearchAction","target":{"@type":"EntryPoint","urlTemplate":"https:\/\/gymfactory.eu\/fr\/?s={search_term_string}"},"query-input":{"@type":"PropertyValueSpecification","valueRequired":true,"valueName":"search_term_string"}}],"inLanguage":"fr-FR"},{"@type":"Organization","@id":"https:\/\/gymfactory.eu\/fr\/#organization","name":"Gym Factory","url":"https:\/\/gymfactory.eu\/fr\/","logo":{"@type":"ImageObject","inLanguage":"fr-FR","@id":"https:\/\/gymfactory.eu\/fr\/#\/schema\/logo\/image\/","url":"https:\/\/gymfactory.eu\/wp-content\/uploads\/2024\/11\/Component-1.svg","contentUrl":"https:\/\/gymfactory.eu\/wp-content\/uploads\/2024\/11\/Component-1.svg","width":54,"height":44,"caption":"Gym Factory"},"image":{"@id":"https:\/\/gymfactory.eu\/fr\/#\/schema\/logo\/image\/"}}]}},"_links":{"self":[{"href":"https:\/\/gymfactory.eu\/fr\/wp-json\/wp\/v2\/product\/26238","targetHints":{"allow":["GET"]}}],"collection":[{"href":"https:\/\/gymfactory.eu\/fr\/wp-json\/wp\/v2\/product"}],"about":[{"href":"https:\/\/gymfactory.eu\/fr\/wp-json\/wp\/v2\/types\/product"}],"wp:featuredmedia":[{"embeddable":true,"href":"https:\/\/gymfactory.eu\/fr\/wp-json\/wp\/v2\/media\/11157"}],"wp:attachment":[{"href":"https:\/\/gymfactory.eu\/fr\/wp-json\/wp\/v2\/media?parent=26238"}],"wp:term":[{"taxonomy":"product_brand","embeddable":true,"href":"https:\/\/gymfactory.eu\/fr\/wp-json\/wp\/v2\/product_brand?post=26238"},{"taxonomy":"product_cat","embeddable":true,"href":"https:\/\/gymfactory.eu\/fr\/wp-json\/wp\/v2\/product_cat?post=26238"},{"taxonomy":"product_tag","embeddable":true,"href":"https:\/\/gymfactory.eu\/fr\/wp-json\/wp\/v2\/product_tag?post=26238"}],"curies":[{"name":"wp","href":"https:\/\/api.w.org\/{rel}","templated":true}]}}