{"id":26233,"date":"2025-02-11T10:43:25","date_gmt":"2025-02-11T08:43:25","guid":{"rendered":"https:\/\/gymfactory.eu\/product\/banc-larry-scott-double-face-f2x\/"},"modified":"2025-02-11T10:43:25","modified_gmt":"2025-02-11T08:43:25","slug":"banc-larry-scott-double-face-f2x","status":"publish","type":"product","link":"https:\/\/gymfactory.eu\/fr\/produit\/banc-larry-scott-double-face-f2x\/","title":{"rendered":"Banc Larry Scott Double Face F2x"},"content":{"rendered":"<p>Le Banc Larry Scott Double Face F2x est un \u00e9quipement de musculation con\u00e7u pour les curls pupitre et les exercices cibl\u00e9s des bras. Con\u00e7u pour les configurations de home gym comme pour les salles de sport commerciales, ce banc permet de s\u2019entra\u00eener d\u2019un c\u00f4t\u00e9 comme de l\u2019autre, avec deux angles de coussin fixes qui aident \u00e0 varier le positionnement des bras et l\u2019activation musculaire. <\/p>\n<p>Les deux c\u00f4t\u00e9s sont \u00e9quip\u00e9s de supports de barre, permettant des changements de poids plus faciles et une position de d\u00e9part stable. Les coussins de support pour les coudes sont \u00e0 hauteur fixe, offrant une configuration constante pour une utilisation r\u00e9p\u00e9t\u00e9e.<\/p>\n\n    <div class=\"xs_social_share_widget xs_share_url after_content \t\tmain_content  wslu-style-1 wslu-share-box-shaped wslu-fill-colored wslu-none wslu-share-horizontal wslu-theme-font-no wslu-main_content\">\n\n\t\t\n        <ul>\n\t\t\t        <\/ul>\n    <\/div> \n","protected":false},"excerpt":{"rendered":"<p>Le Banc Larry Scott Double Face F2x est un \u00e9quipement de musculation con\u00e7u pour les curls pupitre et les exercices cibl\u00e9s des bras. Con\u00e7u pour les configurations de home gym comme pour les salles de sport commerciales, ce banc permet de s\u2019entra\u00eener d\u2019un c\u00f4t\u00e9 comme de l\u2019autre, avec deux angles de coussin fixes qui aident [&hellip;]<\/p>\n","protected":false},"featured_media":11152,"template":"","meta":{"_acf_changed":false},"product_brand":[56],"product_cat":[836],"product_tag":[],"class_list":{"0":"post-26233","1":"product","2":"type-product","3":"status-publish","4":"has-post-thumbnail","6":"product_brand-gym-factory","7":"product_cat-bancs-de-musculation","9":"first","10":"onbackorder","11":"taxable","12":"shipping-taxable","13":"purchasable","14":"product-type-variable","15":"has-default-attributes"},"acf":[],"yoast_head":"<!-- This site is optimized with the Yoast SEO plugin v25.2 - https:\/\/yoast.com\/wordpress\/plugins\/seo\/ -->\n<title>Banc Larry Scott Double Face F2x - Meilleur Banc pour les Bras<\/title>\n<meta name=\"description\" content=\"Ce banc Larry Scott est le meilleur banc de musculation pour l\u2019entra\u00eenement des bras. Construit pour la stabilit\u00e9, il est parfait pour les curls biceps et vous aide \u00e0 atteindre vos objectifs de force.\" \/>\n<meta name=\"robots\" content=\"index, follow, max-snippet:-1, max-image-preview:large, max-video-preview:-1\" \/>\n<link rel=\"canonical\" href=\"https:\/\/gymfactory.eu\/fr\/produit\/banc-larry-scott-double-face-f2x\/\" \/>\n<meta property=\"og:locale\" content=\"fr_FR\" \/>\n<meta property=\"og:type\" content=\"article\" \/>\n<meta property=\"og:title\" content=\"Banc Larry Scott Double Face F2x - Meilleur Banc pour les Bras\" \/>\n<meta property=\"og:description\" content=\"Ce banc Larry Scott est le meilleur banc de musculation pour l\u2019entra\u00eenement des bras. Construit pour la stabilit\u00e9, il est parfait pour les curls biceps et vous aide \u00e0 atteindre vos objectifs de force.\" \/>\n<meta property=\"og:url\" content=\"https:\/\/gymfactory.eu\/fr\/produit\/banc-larry-scott-double-face-f2x\/\" \/>\n<meta property=\"og:site_name\" content=\"Gym Factory\" \/>\n<meta property=\"og:image\" content=\"https:\/\/gymfactory.eu\/wp-content\/uploads\/2025\/02\/best-workout-bench-black-preacher-rack-1.webp\" \/>\n\t<meta property=\"og:image:width\" content=\"1500\" \/>\n\t<meta property=\"og:image:height\" content=\"1500\" \/>\n\t<meta property=\"og:image:type\" content=\"image\/webp\" \/>\n<meta name=\"twitter:card\" content=\"summary_large_image\" \/>\n<meta name=\"twitter:label1\" content=\"Dur\u00e9e de lecture estim\u00e9e\" \/>\n\t<meta name=\"twitter:data1\" content=\"1 minute\" \/>\n<script type=\"application\/ld+json\" class=\"yoast-schema-graph\">{\"@context\":\"https:\/\/schema.org\",\"@graph\":[{\"@type\":\"WebPage\",\"@id\":\"https:\/\/gymfactory.eu\/fr\/produit\/banc-larry-scott-double-face-f2x\/\",\"url\":\"https:\/\/gymfactory.eu\/fr\/produit\/banc-larry-scott-double-face-f2x\/\",\"name\":\"Banc Larry Scott Double Face F2x - Meilleur Banc pour les Bras\",\"isPartOf\":{\"@id\":\"https:\/\/gymfactory.eu\/fr\/#website\"},\"primaryImageOfPage\":{\"@id\":\"https:\/\/gymfactory.eu\/fr\/produit\/banc-larry-scott-double-face-f2x\/#primaryimage\"},\"image\":{\"@id\":\"https:\/\/gymfactory.eu\/fr\/produit\/banc-larry-scott-double-face-f2x\/#primaryimage\"},\"thumbnailUrl\":\"https:\/\/gymfactory.eu\/wp-content\/uploads\/2025\/02\/best-workout-bench-black-preacher-rack-1.webp\",\"datePublished\":\"2025-02-11T08:43:25+00:00\",\"description\":\"Ce banc Larry Scott est le meilleur banc de musculation pour l\u2019entra\u00eenement des bras. Construit pour la stabilit\u00e9, il est parfait pour les curls biceps et vous aide \u00e0 atteindre vos objectifs de force.\",\"breadcrumb\":{\"@id\":\"https:\/\/gymfactory.eu\/fr\/produit\/banc-larry-scott-double-face-f2x\/#breadcrumb\"},\"inLanguage\":\"fr-FR\",\"potentialAction\":[{\"@type\":\"ReadAction\",\"target\":[\"https:\/\/gymfactory.eu\/fr\/produit\/banc-larry-scott-double-face-f2x\/\"]}]},{\"@type\":\"ImageObject\",\"inLanguage\":\"fr-FR\",\"@id\":\"https:\/\/gymfactory.eu\/fr\/produit\/banc-larry-scott-double-face-f2x\/#primaryimage\",\"url\":\"https:\/\/gymfactory.eu\/wp-content\/uploads\/2025\/02\/best-workout-bench-black-preacher-rack-1.webp\",\"contentUrl\":\"https:\/\/gymfactory.eu\/wp-content\/uploads\/2025\/02\/best-workout-bench-black-preacher-rack-1.webp\",\"width\":1500,\"height\":1500,\"caption\":\"Rack pour curl pupitre noir, un \u00e9quipement de musculation \u00e0 domicile, dot\u00e9 d\u2019un repose-bras rembourr\u00e9 \u00e9pais, d\u2019un cadre en acier solide et de multiples emplacements de support de barre pour une exp\u00e9rience d\u2019entra\u00eenement s\u00fbre et contr\u00f4l\u00e9e.\"},{\"@type\":\"BreadcrumbList\",\"@id\":\"https:\/\/gymfactory.eu\/fr\/produit\/banc-larry-scott-double-face-f2x\/#breadcrumb\",\"itemListElement\":[{\"@type\":\"ListItem\",\"position\":1,\"name\":\"Home\",\"item\":\"https:\/\/gymfactory.eu\/fr\/\"},{\"@type\":\"ListItem\",\"position\":2,\"name\":\"Catalogue\",\"item\":\"https:\/\/gymfactory.eu\/fr\/catalogue-2\/\"},{\"@type\":\"ListItem\",\"position\":3,\"name\":\"Banc Larry Scott Double Face F2x\"}]},{\"@type\":\"WebSite\",\"@id\":\"https:\/\/gymfactory.eu\/fr\/#website\",\"url\":\"https:\/\/gymfactory.eu\/fr\/\",\"name\":\"Gym Factory\",\"description\":\"\",\"publisher\":{\"@id\":\"https:\/\/gymfactory.eu\/fr\/#organization\"},\"potentialAction\":[{\"@type\":\"SearchAction\",\"target\":{\"@type\":\"EntryPoint\",\"urlTemplate\":\"https:\/\/gymfactory.eu\/fr\/?s={search_term_string}\"},\"query-input\":{\"@type\":\"PropertyValueSpecification\",\"valueRequired\":true,\"valueName\":\"search_term_string\"}}],\"inLanguage\":\"fr-FR\"},{\"@type\":\"Organization\",\"@id\":\"https:\/\/gymfactory.eu\/fr\/#organization\",\"name\":\"Gym Factory\",\"url\":\"https:\/\/gymfactory.eu\/fr\/\",\"logo\":{\"@type\":\"ImageObject\",\"inLanguage\":\"fr-FR\",\"@id\":\"https:\/\/gymfactory.eu\/fr\/#\/schema\/logo\/image\/\",\"url\":\"https:\/\/gymfactory.eu\/wp-content\/uploads\/2024\/11\/Component-1.svg\",\"contentUrl\":\"https:\/\/gymfactory.eu\/wp-content\/uploads\/2024\/11\/Component-1.svg\",\"width\":54,\"height\":44,\"caption\":\"Gym Factory\"},\"image\":{\"@id\":\"https:\/\/gymfactory.eu\/fr\/#\/schema\/logo\/image\/\"}}]}<\/script>\n<!-- \/ Yoast SEO plugin. -->","yoast_head_json":{"title":"Banc Larry Scott Double Face F2x - Meilleur Banc pour les Bras","description":"Ce banc Larry Scott est le meilleur banc de musculation pour l\u2019entra\u00eenement des bras. Construit pour la stabilit\u00e9, il est parfait pour les curls biceps et vous aide \u00e0 atteindre vos objectifs de force.","robots":{"index":"index","follow":"follow","max-snippet":"max-snippet:-1","max-image-preview":"max-image-preview:large","max-video-preview":"max-video-preview:-1"},"canonical":"https:\/\/gymfactory.eu\/fr\/produit\/banc-larry-scott-double-face-f2x\/","og_locale":"fr_FR","og_type":"article","og_title":"Banc Larry Scott Double Face F2x - Meilleur Banc pour les Bras","og_description":"Ce banc Larry Scott est le meilleur banc de musculation pour l\u2019entra\u00eenement des bras. Construit pour la stabilit\u00e9, il est parfait pour les curls biceps et vous aide \u00e0 atteindre vos objectifs de force.","og_url":"https:\/\/gymfactory.eu\/fr\/produit\/banc-larry-scott-double-face-f2x\/","og_site_name":"Gym Factory","og_image":[{"width":1500,"height":1500,"url":"https:\/\/gymfactory.eu\/wp-content\/uploads\/2025\/02\/best-workout-bench-black-preacher-rack-1.webp","type":"image\/webp"}],"twitter_card":"summary_large_image","twitter_misc":{"Dur\u00e9e de lecture estim\u00e9e":"1 minute"},"schema":{"@context":"https:\/\/schema.org","@graph":[{"@type":"WebPage","@id":"https:\/\/gymfactory.eu\/fr\/produit\/banc-larry-scott-double-face-f2x\/","url":"https:\/\/gymfactory.eu\/fr\/produit\/banc-larry-scott-double-face-f2x\/","name":"Banc Larry Scott Double Face F2x - Meilleur Banc pour les Bras","isPartOf":{"@id":"https:\/\/gymfactory.eu\/fr\/#website"},"primaryImageOfPage":{"@id":"https:\/\/gymfactory.eu\/fr\/produit\/banc-larry-scott-double-face-f2x\/#primaryimage"},"image":{"@id":"https:\/\/gymfactory.eu\/fr\/produit\/banc-larry-scott-double-face-f2x\/#primaryimage"},"thumbnailUrl":"https:\/\/gymfactory.eu\/wp-content\/uploads\/2025\/02\/best-workout-bench-black-preacher-rack-1.webp","datePublished":"2025-02-11T08:43:25+00:00","description":"Ce banc Larry Scott est le meilleur banc de musculation pour l\u2019entra\u00eenement des bras. Construit pour la stabilit\u00e9, il est parfait pour les curls biceps et vous aide \u00e0 atteindre vos objectifs de force.","breadcrumb":{"@id":"https:\/\/gymfactory.eu\/fr\/produit\/banc-larry-scott-double-face-f2x\/#breadcrumb"},"inLanguage":"fr-FR","potentialAction":[{"@type":"ReadAction","target":["https:\/\/gymfactory.eu\/fr\/produit\/banc-larry-scott-double-face-f2x\/"]}]},{"@type":"ImageObject","inLanguage":"fr-FR","@id":"https:\/\/gymfactory.eu\/fr\/produit\/banc-larry-scott-double-face-f2x\/#primaryimage","url":"https:\/\/gymfactory.eu\/wp-content\/uploads\/2025\/02\/best-workout-bench-black-preacher-rack-1.webp","contentUrl":"https:\/\/gymfactory.eu\/wp-content\/uploads\/2025\/02\/best-workout-bench-black-preacher-rack-1.webp","width":1500,"height":1500,"caption":"Rack pour curl pupitre noir, un \u00e9quipement de musculation \u00e0 domicile, dot\u00e9 d\u2019un repose-bras rembourr\u00e9 \u00e9pais, d\u2019un cadre en acier solide et de multiples emplacements de support de barre pour une exp\u00e9rience d\u2019entra\u00eenement s\u00fbre et contr\u00f4l\u00e9e."},{"@type":"BreadcrumbList","@id":"https:\/\/gymfactory.eu\/fr\/produit\/banc-larry-scott-double-face-f2x\/#breadcrumb","itemListElement":[{"@type":"ListItem","position":1,"name":"Home","item":"https:\/\/gymfactory.eu\/fr\/"},{"@type":"ListItem","position":2,"name":"Catalogue","item":"https:\/\/gymfactory.eu\/fr\/catalogue-2\/"},{"@type":"ListItem","position":3,"name":"Banc Larry Scott Double Face F2x"}]},{"@type":"WebSite","@id":"https:\/\/gymfactory.eu\/fr\/#website","url":"https:\/\/gymfactory.eu\/fr\/","name":"Gym Factory","description":"","publisher":{"@id":"https:\/\/gymfactory.eu\/fr\/#organization"},"potentialAction":[{"@type":"SearchAction","target":{"@type":"EntryPoint","urlTemplate":"https:\/\/gymfactory.eu\/fr\/?s={search_term_string}"},"query-input":{"@type":"PropertyValueSpecification","valueRequired":true,"valueName":"search_term_string"}}],"inLanguage":"fr-FR"},{"@type":"Organization","@id":"https:\/\/gymfactory.eu\/fr\/#organization","name":"Gym Factory","url":"https:\/\/gymfactory.eu\/fr\/","logo":{"@type":"ImageObject","inLanguage":"fr-FR","@id":"https:\/\/gymfactory.eu\/fr\/#\/schema\/logo\/image\/","url":"https:\/\/gymfactory.eu\/wp-content\/uploads\/2024\/11\/Component-1.svg","contentUrl":"https:\/\/gymfactory.eu\/wp-content\/uploads\/2024\/11\/Component-1.svg","width":54,"height":44,"caption":"Gym Factory"},"image":{"@id":"https:\/\/gymfactory.eu\/fr\/#\/schema\/logo\/image\/"}}]}},"_links":{"self":[{"href":"https:\/\/gymfactory.eu\/fr\/wp-json\/wp\/v2\/product\/26233","targetHints":{"allow":["GET"]}}],"collection":[{"href":"https:\/\/gymfactory.eu\/fr\/wp-json\/wp\/v2\/product"}],"about":[{"href":"https:\/\/gymfactory.eu\/fr\/wp-json\/wp\/v2\/types\/product"}],"wp:featuredmedia":[{"embeddable":true,"href":"https:\/\/gymfactory.eu\/fr\/wp-json\/wp\/v2\/media\/11152"}],"wp:attachment":[{"href":"https:\/\/gymfactory.eu\/fr\/wp-json\/wp\/v2\/media?parent=26233"}],"wp:term":[{"taxonomy":"product_brand","embeddable":true,"href":"https:\/\/gymfactory.eu\/fr\/wp-json\/wp\/v2\/product_brand?post=26233"},{"taxonomy":"product_cat","embeddable":true,"href":"https:\/\/gymfactory.eu\/fr\/wp-json\/wp\/v2\/product_cat?post=26233"},{"taxonomy":"product_tag","embeddable":true,"href":"https:\/\/gymfactory.eu\/fr\/wp-json\/wp\/v2\/product_tag?post=26233"}],"curies":[{"name":"wp","href":"https:\/\/api.w.org\/{rel}","templated":true}]}}