{"id":26223,"date":"2025-02-11T09:56:03","date_gmt":"2025-02-11T07:56:03","guid":{"rendered":"https:\/\/gymfactory.eu\/product\/banc-larry-scott-f1x\/"},"modified":"2025-02-11T09:56:03","modified_gmt":"2025-02-11T07:56:03","slug":"banc-larry-scott-f1x","status":"publish","type":"product","link":"https:\/\/gymfactory.eu\/fr\/produit\/banc-larry-scott-f1x\/","title":{"rendered":"Banc Larry Scott F1x"},"content":{"rendered":"<p>Le Banc Larry Scott F1x est un banc d\u00e9di\u00e9 \u00e0 l\u2019entra\u00eenement isol\u00e9 des biceps, le plus souvent utilis\u00e9 pour les curls pupitre (preacher curls). Cette pi\u00e8ce d\u2019\u00e9quipement d\u2019exercice pour la maison et les salles de sport commerciales favorise une technique de curl appropri\u00e9e en minimisant les mouvements du corps. <\/p>\n<p>Il comprend un support de barre pour une mise en place facile entre les s\u00e9ries, et la hauteur du si\u00e8ge est r\u00e9glable pour s\u2019adapter aux diff\u00e9rentes tailles d\u2019utilisateurs et longueurs de bras. Le coussin pour les bras inclin\u00e9 stabilise les bras et concentre la charge sur les biceps tout au long du mouvement. <\/p>\n<p>Ce banc de musculation est con\u00e7u sp\u00e9cifiquement pour aider \u00e0 am\u00e9liorer la force, l\u2019isolation et la forme des biceps en utilisant des barres droites, des barres EZ ou des halt\u00e8res.<\/p>\n\n    <div class=\"xs_social_share_widget xs_share_url after_content \t\tmain_content  wslu-style-1 wslu-share-box-shaped wslu-fill-colored wslu-none wslu-share-horizontal wslu-theme-font-no wslu-main_content\">\n\n\t\t\n        <ul>\n\t\t\t        <\/ul>\n    <\/div> \n","protected":false},"excerpt":{"rendered":"<p>Le Banc Larry Scott F1x est un banc d\u00e9di\u00e9 \u00e0 l\u2019entra\u00eenement isol\u00e9 des biceps, le plus souvent utilis\u00e9 pour les curls pupitre (preacher curls). Cette pi\u00e8ce d\u2019\u00e9quipement d\u2019exercice pour la maison et les salles de sport commerciales favorise une technique de curl appropri\u00e9e en minimisant les mouvements du corps. Il comprend un support de barre [&hellip;]<\/p>\n","protected":false},"featured_media":11147,"template":"","meta":{"_acf_changed":false},"product_brand":[56],"product_cat":[836],"product_tag":[],"class_list":{"0":"post-26223","1":"product","2":"type-product","3":"status-publish","4":"has-post-thumbnail","6":"product_brand-gym-factory","7":"product_cat-bancs-de-musculation","9":"first","10":"onbackorder","11":"taxable","12":"shipping-taxable","13":"purchasable","14":"product-type-variable","15":"has-default-attributes"},"acf":[],"yoast_head":"<!-- This site is optimized with the Yoast SEO plugin v25.2 - https:\/\/yoast.com\/wordpress\/plugins\/seo\/ -->\n<title>Banc Larry Scott F1x - Meilleur Banc de Musculation pour la Force<\/title>\n<meta name=\"description\" content=\"Le meilleur banc de musculation est un incontournable pour l\u2019entra\u00eenement de force. Ce banc Larry Scott ajoute confort et soutien, le rendant id\u00e9al pour le fitness \u00e0 domicile.\" \/>\n<meta name=\"robots\" content=\"index, follow, max-snippet:-1, max-image-preview:large, max-video-preview:-1\" \/>\n<link rel=\"canonical\" href=\"https:\/\/gymfactory.eu\/fr\/produit\/banc-larry-scott-f1x\/\" \/>\n<meta property=\"og:locale\" content=\"fr_FR\" \/>\n<meta property=\"og:type\" content=\"article\" \/>\n<meta property=\"og:title\" content=\"Banc Larry Scott F1x - Meilleur Banc de Musculation pour la Force\" \/>\n<meta property=\"og:description\" content=\"Le meilleur banc de musculation est un incontournable pour l\u2019entra\u00eenement de force. Ce banc Larry Scott ajoute confort et soutien, le rendant id\u00e9al pour le fitness \u00e0 domicile.\" \/>\n<meta property=\"og:url\" content=\"https:\/\/gymfactory.eu\/fr\/produit\/banc-larry-scott-f1x\/\" \/>\n<meta property=\"og:site_name\" content=\"Gym Factory\" \/>\n<meta property=\"og:image\" content=\"https:\/\/gymfactory.eu\/wp-content\/uploads\/2025\/02\/best-workout-bench-preacher-curl-1.webp\" \/>\n\t<meta property=\"og:image:width\" content=\"1500\" \/>\n\t<meta property=\"og:image:height\" content=\"1500\" \/>\n\t<meta property=\"og:image:type\" content=\"image\/webp\" \/>\n<meta name=\"twitter:card\" content=\"summary_large_image\" \/>\n<meta name=\"twitter:label1\" content=\"Dur\u00e9e de lecture estim\u00e9e\" \/>\n\t<meta name=\"twitter:data1\" content=\"1 minute\" \/>\n<script type=\"application\/ld+json\" class=\"yoast-schema-graph\">{\"@context\":\"https:\/\/schema.org\",\"@graph\":[{\"@type\":\"WebPage\",\"@id\":\"https:\/\/gymfactory.eu\/fr\/produit\/banc-larry-scott-f1x\/\",\"url\":\"https:\/\/gymfactory.eu\/fr\/produit\/banc-larry-scott-f1x\/\",\"name\":\"Banc Larry Scott F1x - Meilleur Banc de Musculation pour la Force\",\"isPartOf\":{\"@id\":\"https:\/\/gymfactory.eu\/fr\/#website\"},\"primaryImageOfPage\":{\"@id\":\"https:\/\/gymfactory.eu\/fr\/produit\/banc-larry-scott-f1x\/#primaryimage\"},\"image\":{\"@id\":\"https:\/\/gymfactory.eu\/fr\/produit\/banc-larry-scott-f1x\/#primaryimage\"},\"thumbnailUrl\":\"https:\/\/gymfactory.eu\/wp-content\/uploads\/2025\/02\/best-workout-bench-preacher-curl-1.webp\",\"datePublished\":\"2025-02-11T07:56:03+00:00\",\"description\":\"Le meilleur banc de musculation est un incontournable pour l\u2019entra\u00eenement de force. Ce banc Larry Scott ajoute confort et soutien, le rendant id\u00e9al pour le fitness \u00e0 domicile.\",\"breadcrumb\":{\"@id\":\"https:\/\/gymfactory.eu\/fr\/produit\/banc-larry-scott-f1x\/#breadcrumb\"},\"inLanguage\":\"fr-FR\",\"potentialAction\":[{\"@type\":\"ReadAction\",\"target\":[\"https:\/\/gymfactory.eu\/fr\/produit\/banc-larry-scott-f1x\/\"]}]},{\"@type\":\"ImageObject\",\"inLanguage\":\"fr-FR\",\"@id\":\"https:\/\/gymfactory.eu\/fr\/produit\/banc-larry-scott-f1x\/#primaryimage\",\"url\":\"https:\/\/gymfactory.eu\/wp-content\/uploads\/2025\/02\/best-workout-bench-preacher-curl-1.webp\",\"contentUrl\":\"https:\/\/gymfactory.eu\/wp-content\/uploads\/2025\/02\/best-workout-bench-preacher-curl-1.webp\",\"width\":1500,\"height\":1500,\"caption\":\"Plan en angle d\u2019un \u00e9quipement de musculation \u00e0 domicile pour curl pupitre montrant un coussin de soutien ergonomique pour les bras, un si\u00e8ge ferme et des prises m\u00e9talliques robustes con\u00e7ues pour un entra\u00eenement confortable des biceps.\"},{\"@type\":\"BreadcrumbList\",\"@id\":\"https:\/\/gymfactory.eu\/fr\/produit\/banc-larry-scott-f1x\/#breadcrumb\",\"itemListElement\":[{\"@type\":\"ListItem\",\"position\":1,\"name\":\"Home\",\"item\":\"https:\/\/gymfactory.eu\/fr\/\"},{\"@type\":\"ListItem\",\"position\":2,\"name\":\"Catalogue\",\"item\":\"https:\/\/gymfactory.eu\/fr\/catalogue-2\/\"},{\"@type\":\"ListItem\",\"position\":3,\"name\":\"Banc Larry Scott F1x\"}]},{\"@type\":\"WebSite\",\"@id\":\"https:\/\/gymfactory.eu\/fr\/#website\",\"url\":\"https:\/\/gymfactory.eu\/fr\/\",\"name\":\"Gym Factory\",\"description\":\"\",\"publisher\":{\"@id\":\"https:\/\/gymfactory.eu\/fr\/#organization\"},\"potentialAction\":[{\"@type\":\"SearchAction\",\"target\":{\"@type\":\"EntryPoint\",\"urlTemplate\":\"https:\/\/gymfactory.eu\/fr\/?s={search_term_string}\"},\"query-input\":{\"@type\":\"PropertyValueSpecification\",\"valueRequired\":true,\"valueName\":\"search_term_string\"}}],\"inLanguage\":\"fr-FR\"},{\"@type\":\"Organization\",\"@id\":\"https:\/\/gymfactory.eu\/fr\/#organization\",\"name\":\"Gym Factory\",\"url\":\"https:\/\/gymfactory.eu\/fr\/\",\"logo\":{\"@type\":\"ImageObject\",\"inLanguage\":\"fr-FR\",\"@id\":\"https:\/\/gymfactory.eu\/fr\/#\/schema\/logo\/image\/\",\"url\":\"https:\/\/gymfactory.eu\/wp-content\/uploads\/2024\/11\/Component-1.svg\",\"contentUrl\":\"https:\/\/gymfactory.eu\/wp-content\/uploads\/2024\/11\/Component-1.svg\",\"width\":54,\"height\":44,\"caption\":\"Gym Factory\"},\"image\":{\"@id\":\"https:\/\/gymfactory.eu\/fr\/#\/schema\/logo\/image\/\"}}]}<\/script>\n<!-- \/ Yoast SEO plugin. -->","yoast_head_json":{"title":"Banc Larry Scott F1x - Meilleur Banc de Musculation pour la Force","description":"Le meilleur banc de musculation est un incontournable pour l\u2019entra\u00eenement de force. Ce banc Larry Scott ajoute confort et soutien, le rendant id\u00e9al pour le fitness \u00e0 domicile.","robots":{"index":"index","follow":"follow","max-snippet":"max-snippet:-1","max-image-preview":"max-image-preview:large","max-video-preview":"max-video-preview:-1"},"canonical":"https:\/\/gymfactory.eu\/fr\/produit\/banc-larry-scott-f1x\/","og_locale":"fr_FR","og_type":"article","og_title":"Banc Larry Scott F1x - Meilleur Banc de Musculation pour la Force","og_description":"Le meilleur banc de musculation est un incontournable pour l\u2019entra\u00eenement de force. Ce banc Larry Scott ajoute confort et soutien, le rendant id\u00e9al pour le fitness \u00e0 domicile.","og_url":"https:\/\/gymfactory.eu\/fr\/produit\/banc-larry-scott-f1x\/","og_site_name":"Gym Factory","og_image":[{"width":1500,"height":1500,"url":"https:\/\/gymfactory.eu\/wp-content\/uploads\/2025\/02\/best-workout-bench-preacher-curl-1.webp","type":"image\/webp"}],"twitter_card":"summary_large_image","twitter_misc":{"Dur\u00e9e de lecture estim\u00e9e":"1 minute"},"schema":{"@context":"https:\/\/schema.org","@graph":[{"@type":"WebPage","@id":"https:\/\/gymfactory.eu\/fr\/produit\/banc-larry-scott-f1x\/","url":"https:\/\/gymfactory.eu\/fr\/produit\/banc-larry-scott-f1x\/","name":"Banc Larry Scott F1x - Meilleur Banc de Musculation pour la Force","isPartOf":{"@id":"https:\/\/gymfactory.eu\/fr\/#website"},"primaryImageOfPage":{"@id":"https:\/\/gymfactory.eu\/fr\/produit\/banc-larry-scott-f1x\/#primaryimage"},"image":{"@id":"https:\/\/gymfactory.eu\/fr\/produit\/banc-larry-scott-f1x\/#primaryimage"},"thumbnailUrl":"https:\/\/gymfactory.eu\/wp-content\/uploads\/2025\/02\/best-workout-bench-preacher-curl-1.webp","datePublished":"2025-02-11T07:56:03+00:00","description":"Le meilleur banc de musculation est un incontournable pour l\u2019entra\u00eenement de force. Ce banc Larry Scott ajoute confort et soutien, le rendant id\u00e9al pour le fitness \u00e0 domicile.","breadcrumb":{"@id":"https:\/\/gymfactory.eu\/fr\/produit\/banc-larry-scott-f1x\/#breadcrumb"},"inLanguage":"fr-FR","potentialAction":[{"@type":"ReadAction","target":["https:\/\/gymfactory.eu\/fr\/produit\/banc-larry-scott-f1x\/"]}]},{"@type":"ImageObject","inLanguage":"fr-FR","@id":"https:\/\/gymfactory.eu\/fr\/produit\/banc-larry-scott-f1x\/#primaryimage","url":"https:\/\/gymfactory.eu\/wp-content\/uploads\/2025\/02\/best-workout-bench-preacher-curl-1.webp","contentUrl":"https:\/\/gymfactory.eu\/wp-content\/uploads\/2025\/02\/best-workout-bench-preacher-curl-1.webp","width":1500,"height":1500,"caption":"Plan en angle d\u2019un \u00e9quipement de musculation \u00e0 domicile pour curl pupitre montrant un coussin de soutien ergonomique pour les bras, un si\u00e8ge ferme et des prises m\u00e9talliques robustes con\u00e7ues pour un entra\u00eenement confortable des biceps."},{"@type":"BreadcrumbList","@id":"https:\/\/gymfactory.eu\/fr\/produit\/banc-larry-scott-f1x\/#breadcrumb","itemListElement":[{"@type":"ListItem","position":1,"name":"Home","item":"https:\/\/gymfactory.eu\/fr\/"},{"@type":"ListItem","position":2,"name":"Catalogue","item":"https:\/\/gymfactory.eu\/fr\/catalogue-2\/"},{"@type":"ListItem","position":3,"name":"Banc Larry Scott F1x"}]},{"@type":"WebSite","@id":"https:\/\/gymfactory.eu\/fr\/#website","url":"https:\/\/gymfactory.eu\/fr\/","name":"Gym Factory","description":"","publisher":{"@id":"https:\/\/gymfactory.eu\/fr\/#organization"},"potentialAction":[{"@type":"SearchAction","target":{"@type":"EntryPoint","urlTemplate":"https:\/\/gymfactory.eu\/fr\/?s={search_term_string}"},"query-input":{"@type":"PropertyValueSpecification","valueRequired":true,"valueName":"search_term_string"}}],"inLanguage":"fr-FR"},{"@type":"Organization","@id":"https:\/\/gymfactory.eu\/fr\/#organization","name":"Gym Factory","url":"https:\/\/gymfactory.eu\/fr\/","logo":{"@type":"ImageObject","inLanguage":"fr-FR","@id":"https:\/\/gymfactory.eu\/fr\/#\/schema\/logo\/image\/","url":"https:\/\/gymfactory.eu\/wp-content\/uploads\/2024\/11\/Component-1.svg","contentUrl":"https:\/\/gymfactory.eu\/wp-content\/uploads\/2024\/11\/Component-1.svg","width":54,"height":44,"caption":"Gym Factory"},"image":{"@id":"https:\/\/gymfactory.eu\/fr\/#\/schema\/logo\/image\/"}}]}},"_links":{"self":[{"href":"https:\/\/gymfactory.eu\/fr\/wp-json\/wp\/v2\/product\/26223","targetHints":{"allow":["GET"]}}],"collection":[{"href":"https:\/\/gymfactory.eu\/fr\/wp-json\/wp\/v2\/product"}],"about":[{"href":"https:\/\/gymfactory.eu\/fr\/wp-json\/wp\/v2\/types\/product"}],"wp:featuredmedia":[{"embeddable":true,"href":"https:\/\/gymfactory.eu\/fr\/wp-json\/wp\/v2\/media\/11147"}],"wp:attachment":[{"href":"https:\/\/gymfactory.eu\/fr\/wp-json\/wp\/v2\/media?parent=26223"}],"wp:term":[{"taxonomy":"product_brand","embeddable":true,"href":"https:\/\/gymfactory.eu\/fr\/wp-json\/wp\/v2\/product_brand?post=26223"},{"taxonomy":"product_cat","embeddable":true,"href":"https:\/\/gymfactory.eu\/fr\/wp-json\/wp\/v2\/product_cat?post=26223"},{"taxonomy":"product_tag","embeddable":true,"href":"https:\/\/gymfactory.eu\/fr\/wp-json\/wp\/v2\/product_tag?post=26223"}],"curies":[{"name":"wp","href":"https:\/\/api.w.org\/{rel}","templated":true}]}}