{"id":26218,"date":"2025-02-11T09:33:16","date_gmt":"2025-02-11T07:33:16","guid":{"rendered":"https:\/\/gymfactory.eu\/product\/banc-decline-reglable-e1\/"},"modified":"2025-02-11T09:33:16","modified_gmt":"2025-02-11T07:33:16","slug":"banc-decline-reglable-e1","status":"publish","type":"product","link":"https:\/\/gymfactory.eu\/fr\/produit\/banc-decline-reglable-e1\/","title":{"rendered":"Banc D\u00e9clin\u00e9 R\u00e9glable E1"},"content":{"rendered":"<p>Le Banc D\u00e9clin\u00e9 R\u00e9glable E1 est con\u00e7u pour les routines d\u2019entra\u00eenement sur banc ciblant le centre du corps (core). Construit comme un \u00e9quipement de salle de sport pratique pour l\u2019entra\u00eenement abdominal, il convient aussi bien aux espaces de fitness \u00e0 domicile qu\u2019aux espaces professionnels. <\/p>\n<p>L\u2019angle de d\u00e9clinaison du banc peut \u00eatre ajust\u00e9 pour varier la difficult\u00e9 de l\u2019exercice, aidant les utilisateurs \u00e0 adapter la configuration \u00e0 leur confort ou \u00e0 leurs objectifs d\u2019entra\u00eenement. Il est couramment utilis\u00e9 pour les sit-ups d\u00e9clin\u00e9s, les crunchs et autres mouvements contr\u00f4l\u00e9s du centre du corps n\u00e9cessitant un positionnement stable. <\/p>\n<p>Ce banc d\u00e9clin\u00e9 r\u00e9glable soutient un entra\u00eenement efficace des abdominaux gr\u00e2ce \u00e0 des r\u00e9glages simples et une construction solide.<\/p>\n\n    <div class=\"xs_social_share_widget xs_share_url after_content \t\tmain_content  wslu-style-1 wslu-share-box-shaped wslu-fill-colored wslu-none wslu-share-horizontal wslu-theme-font-no wslu-main_content\">\n\n\t\t\n        <ul>\n\t\t\t        <\/ul>\n    <\/div> \n","protected":false},"excerpt":{"rendered":"<p>Le Banc D\u00e9clin\u00e9 R\u00e9glable E1 est con\u00e7u pour les routines d\u2019entra\u00eenement sur banc ciblant le centre du corps (core). Construit comme un \u00e9quipement de salle de sport pratique pour l\u2019entra\u00eenement abdominal, il convient aussi bien aux espaces de fitness \u00e0 domicile qu\u2019aux espaces professionnels. L\u2019angle de d\u00e9clinaison du banc peut \u00eatre ajust\u00e9 pour varier la [&hellip;]<\/p>\n","protected":false},"featured_media":11142,"template":"","meta":{"_acf_changed":false},"product_brand":[56],"product_cat":[836],"product_tag":[],"class_list":{"0":"post-26218","1":"product","2":"type-product","3":"status-publish","4":"has-post-thumbnail","6":"product_brand-gym-factory","7":"product_cat-bancs-de-musculation","9":"first","10":"onbackorder","11":"taxable","12":"shipping-taxable","13":"purchasable","14":"product-type-variable","15":"has-default-attributes"},"acf":[],"yoast_head":"<!-- This site is optimized with the Yoast SEO plugin v25.2 - https:\/\/yoast.com\/wordpress\/plugins\/seo\/ -->\n<title>Banc de Musculation D\u00e9clin\u00e9 E1 \u2013 Pour Salles Commerciales et Home Gyms<\/title>\n<meta name=\"description\" content=\"Un banc r\u00e9glable est un choix pratique pour le fitness \u00e0 domicile. Simple, robuste et parfait pour des exercices comme les d\u00e9velopp\u00e9s, les rowings et le travail du centre du corps.\" \/>\n<meta name=\"robots\" content=\"index, follow, max-snippet:-1, max-image-preview:large, max-video-preview:-1\" \/>\n<link rel=\"canonical\" href=\"https:\/\/gymfactory.eu\/fr\/produit\/banc-decline-reglable-e1\/\" \/>\n<meta property=\"og:locale\" content=\"fr_FR\" \/>\n<meta property=\"og:type\" content=\"article\" \/>\n<meta property=\"og:title\" content=\"Banc de Musculation D\u00e9clin\u00e9 E1 \u2013 Pour Salles Commerciales et Home Gyms\" \/>\n<meta property=\"og:description\" content=\"Un banc r\u00e9glable est un choix pratique pour le fitness \u00e0 domicile. Simple, robuste et parfait pour des exercices comme les d\u00e9velopp\u00e9s, les rowings et le travail du centre du corps.\" \/>\n<meta property=\"og:url\" content=\"https:\/\/gymfactory.eu\/fr\/produit\/banc-decline-reglable-e1\/\" \/>\n<meta property=\"og:site_name\" content=\"Gym Factory\" \/>\n<meta property=\"og:image\" content=\"https:\/\/gymfactory.eu\/wp-content\/uploads\/2025\/02\/bench-press-decline-bench-1.webp\" \/>\n\t<meta property=\"og:image:width\" content=\"1500\" \/>\n\t<meta property=\"og:image:height\" content=\"1500\" \/>\n\t<meta property=\"og:image:type\" content=\"image\/webp\" \/>\n<meta name=\"twitter:card\" content=\"summary_large_image\" \/>\n<meta name=\"twitter:label1\" content=\"Dur\u00e9e de lecture estim\u00e9e\" \/>\n\t<meta name=\"twitter:data1\" content=\"1 minute\" \/>\n<script type=\"application\/ld+json\" class=\"yoast-schema-graph\">{\"@context\":\"https:\/\/schema.org\",\"@graph\":[{\"@type\":\"WebPage\",\"@id\":\"https:\/\/gymfactory.eu\/fr\/produit\/banc-decline-reglable-e1\/\",\"url\":\"https:\/\/gymfactory.eu\/fr\/produit\/banc-decline-reglable-e1\/\",\"name\":\"Banc de Musculation D\u00e9clin\u00e9 E1 \u2013 Pour Salles Commerciales et Home Gyms\",\"isPartOf\":{\"@id\":\"https:\/\/gymfactory.eu\/fr\/#website\"},\"primaryImageOfPage\":{\"@id\":\"https:\/\/gymfactory.eu\/fr\/produit\/banc-decline-reglable-e1\/#primaryimage\"},\"image\":{\"@id\":\"https:\/\/gymfactory.eu\/fr\/produit\/banc-decline-reglable-e1\/#primaryimage\"},\"thumbnailUrl\":\"https:\/\/gymfactory.eu\/wp-content\/uploads\/2025\/02\/bench-press-decline-bench-1.webp\",\"datePublished\":\"2025-02-11T07:33:16+00:00\",\"description\":\"Un banc r\u00e9glable est un choix pratique pour le fitness \u00e0 domicile. Simple, robuste et parfait pour des exercices comme les d\u00e9velopp\u00e9s, les rowings et le travail du centre du corps.\",\"breadcrumb\":{\"@id\":\"https:\/\/gymfactory.eu\/fr\/produit\/banc-decline-reglable-e1\/#breadcrumb\"},\"inLanguage\":\"fr-FR\",\"potentialAction\":[{\"@type\":\"ReadAction\",\"target\":[\"https:\/\/gymfactory.eu\/fr\/produit\/banc-decline-reglable-e1\/\"]}]},{\"@type\":\"ImageObject\",\"inLanguage\":\"fr-FR\",\"@id\":\"https:\/\/gymfactory.eu\/fr\/produit\/banc-decline-reglable-e1\/#primaryimage\",\"url\":\"https:\/\/gymfactory.eu\/wp-content\/uploads\/2025\/02\/bench-press-decline-bench-1.webp\",\"contentUrl\":\"https:\/\/gymfactory.eu\/wp-content\/uploads\/2025\/02\/bench-press-decline-bench-1.webp\",\"width\":1500,\"height\":1500,\"caption\":\"Un banc de d\u00e9velopp\u00e9 d\u00e9clin\u00e9 noir con\u00e7u comme \u00e9quipement de salle de sport pour les entra\u00eenements des pectoraux et du centre du corps. Le cadre en acier robuste comprend un support de jambe r\u00e9glable et une surface rembourr\u00e9e, id\u00e9al pour les d\u00e9velopp\u00e9s d\u00e9clin\u00e9s et les sit-ups.\"},{\"@type\":\"BreadcrumbList\",\"@id\":\"https:\/\/gymfactory.eu\/fr\/produit\/banc-decline-reglable-e1\/#breadcrumb\",\"itemListElement\":[{\"@type\":\"ListItem\",\"position\":1,\"name\":\"Home\",\"item\":\"https:\/\/gymfactory.eu\/fr\/\"},{\"@type\":\"ListItem\",\"position\":2,\"name\":\"Catalogue\",\"item\":\"https:\/\/gymfactory.eu\/fr\/catalogue-2\/\"},{\"@type\":\"ListItem\",\"position\":3,\"name\":\"Banc D\u00e9clin\u00e9 R\u00e9glable E1\"}]},{\"@type\":\"WebSite\",\"@id\":\"https:\/\/gymfactory.eu\/fr\/#website\",\"url\":\"https:\/\/gymfactory.eu\/fr\/\",\"name\":\"Gym Factory\",\"description\":\"\",\"publisher\":{\"@id\":\"https:\/\/gymfactory.eu\/fr\/#organization\"},\"potentialAction\":[{\"@type\":\"SearchAction\",\"target\":{\"@type\":\"EntryPoint\",\"urlTemplate\":\"https:\/\/gymfactory.eu\/fr\/?s={search_term_string}\"},\"query-input\":{\"@type\":\"PropertyValueSpecification\",\"valueRequired\":true,\"valueName\":\"search_term_string\"}}],\"inLanguage\":\"fr-FR\"},{\"@type\":\"Organization\",\"@id\":\"https:\/\/gymfactory.eu\/fr\/#organization\",\"name\":\"Gym Factory\",\"url\":\"https:\/\/gymfactory.eu\/fr\/\",\"logo\":{\"@type\":\"ImageObject\",\"inLanguage\":\"fr-FR\",\"@id\":\"https:\/\/gymfactory.eu\/fr\/#\/schema\/logo\/image\/\",\"url\":\"https:\/\/gymfactory.eu\/wp-content\/uploads\/2024\/11\/Component-1.svg\",\"contentUrl\":\"https:\/\/gymfactory.eu\/wp-content\/uploads\/2024\/11\/Component-1.svg\",\"width\":54,\"height\":44,\"caption\":\"Gym Factory\"},\"image\":{\"@id\":\"https:\/\/gymfactory.eu\/fr\/#\/schema\/logo\/image\/\"}}]}<\/script>\n<!-- \/ Yoast SEO plugin. -->","yoast_head_json":{"title":"Banc de Musculation D\u00e9clin\u00e9 E1 \u2013 Pour Salles Commerciales et Home Gyms","description":"Un banc r\u00e9glable est un choix pratique pour le fitness \u00e0 domicile. Simple, robuste et parfait pour des exercices comme les d\u00e9velopp\u00e9s, les rowings et le travail du centre du corps.","robots":{"index":"index","follow":"follow","max-snippet":"max-snippet:-1","max-image-preview":"max-image-preview:large","max-video-preview":"max-video-preview:-1"},"canonical":"https:\/\/gymfactory.eu\/fr\/produit\/banc-decline-reglable-e1\/","og_locale":"fr_FR","og_type":"article","og_title":"Banc de Musculation D\u00e9clin\u00e9 E1 \u2013 Pour Salles Commerciales et Home Gyms","og_description":"Un banc r\u00e9glable est un choix pratique pour le fitness \u00e0 domicile. Simple, robuste et parfait pour des exercices comme les d\u00e9velopp\u00e9s, les rowings et le travail du centre du corps.","og_url":"https:\/\/gymfactory.eu\/fr\/produit\/banc-decline-reglable-e1\/","og_site_name":"Gym Factory","og_image":[{"width":1500,"height":1500,"url":"https:\/\/gymfactory.eu\/wp-content\/uploads\/2025\/02\/bench-press-decline-bench-1.webp","type":"image\/webp"}],"twitter_card":"summary_large_image","twitter_misc":{"Dur\u00e9e de lecture estim\u00e9e":"1 minute"},"schema":{"@context":"https:\/\/schema.org","@graph":[{"@type":"WebPage","@id":"https:\/\/gymfactory.eu\/fr\/produit\/banc-decline-reglable-e1\/","url":"https:\/\/gymfactory.eu\/fr\/produit\/banc-decline-reglable-e1\/","name":"Banc de Musculation D\u00e9clin\u00e9 E1 \u2013 Pour Salles Commerciales et Home Gyms","isPartOf":{"@id":"https:\/\/gymfactory.eu\/fr\/#website"},"primaryImageOfPage":{"@id":"https:\/\/gymfactory.eu\/fr\/produit\/banc-decline-reglable-e1\/#primaryimage"},"image":{"@id":"https:\/\/gymfactory.eu\/fr\/produit\/banc-decline-reglable-e1\/#primaryimage"},"thumbnailUrl":"https:\/\/gymfactory.eu\/wp-content\/uploads\/2025\/02\/bench-press-decline-bench-1.webp","datePublished":"2025-02-11T07:33:16+00:00","description":"Un banc r\u00e9glable est un choix pratique pour le fitness \u00e0 domicile. Simple, robuste et parfait pour des exercices comme les d\u00e9velopp\u00e9s, les rowings et le travail du centre du corps.","breadcrumb":{"@id":"https:\/\/gymfactory.eu\/fr\/produit\/banc-decline-reglable-e1\/#breadcrumb"},"inLanguage":"fr-FR","potentialAction":[{"@type":"ReadAction","target":["https:\/\/gymfactory.eu\/fr\/produit\/banc-decline-reglable-e1\/"]}]},{"@type":"ImageObject","inLanguage":"fr-FR","@id":"https:\/\/gymfactory.eu\/fr\/produit\/banc-decline-reglable-e1\/#primaryimage","url":"https:\/\/gymfactory.eu\/wp-content\/uploads\/2025\/02\/bench-press-decline-bench-1.webp","contentUrl":"https:\/\/gymfactory.eu\/wp-content\/uploads\/2025\/02\/bench-press-decline-bench-1.webp","width":1500,"height":1500,"caption":"Un banc de d\u00e9velopp\u00e9 d\u00e9clin\u00e9 noir con\u00e7u comme \u00e9quipement de salle de sport pour les entra\u00eenements des pectoraux et du centre du corps. Le cadre en acier robuste comprend un support de jambe r\u00e9glable et une surface rembourr\u00e9e, id\u00e9al pour les d\u00e9velopp\u00e9s d\u00e9clin\u00e9s et les sit-ups."},{"@type":"BreadcrumbList","@id":"https:\/\/gymfactory.eu\/fr\/produit\/banc-decline-reglable-e1\/#breadcrumb","itemListElement":[{"@type":"ListItem","position":1,"name":"Home","item":"https:\/\/gymfactory.eu\/fr\/"},{"@type":"ListItem","position":2,"name":"Catalogue","item":"https:\/\/gymfactory.eu\/fr\/catalogue-2\/"},{"@type":"ListItem","position":3,"name":"Banc D\u00e9clin\u00e9 R\u00e9glable E1"}]},{"@type":"WebSite","@id":"https:\/\/gymfactory.eu\/fr\/#website","url":"https:\/\/gymfactory.eu\/fr\/","name":"Gym Factory","description":"","publisher":{"@id":"https:\/\/gymfactory.eu\/fr\/#organization"},"potentialAction":[{"@type":"SearchAction","target":{"@type":"EntryPoint","urlTemplate":"https:\/\/gymfactory.eu\/fr\/?s={search_term_string}"},"query-input":{"@type":"PropertyValueSpecification","valueRequired":true,"valueName":"search_term_string"}}],"inLanguage":"fr-FR"},{"@type":"Organization","@id":"https:\/\/gymfactory.eu\/fr\/#organization","name":"Gym Factory","url":"https:\/\/gymfactory.eu\/fr\/","logo":{"@type":"ImageObject","inLanguage":"fr-FR","@id":"https:\/\/gymfactory.eu\/fr\/#\/schema\/logo\/image\/","url":"https:\/\/gymfactory.eu\/wp-content\/uploads\/2024\/11\/Component-1.svg","contentUrl":"https:\/\/gymfactory.eu\/wp-content\/uploads\/2024\/11\/Component-1.svg","width":54,"height":44,"caption":"Gym Factory"},"image":{"@id":"https:\/\/gymfactory.eu\/fr\/#\/schema\/logo\/image\/"}}]}},"_links":{"self":[{"href":"https:\/\/gymfactory.eu\/fr\/wp-json\/wp\/v2\/product\/26218","targetHints":{"allow":["GET"]}}],"collection":[{"href":"https:\/\/gymfactory.eu\/fr\/wp-json\/wp\/v2\/product"}],"about":[{"href":"https:\/\/gymfactory.eu\/fr\/wp-json\/wp\/v2\/types\/product"}],"wp:featuredmedia":[{"embeddable":true,"href":"https:\/\/gymfactory.eu\/fr\/wp-json\/wp\/v2\/media\/11142"}],"wp:attachment":[{"href":"https:\/\/gymfactory.eu\/fr\/wp-json\/wp\/v2\/media?parent=26218"}],"wp:term":[{"taxonomy":"product_brand","embeddable":true,"href":"https:\/\/gymfactory.eu\/fr\/wp-json\/wp\/v2\/product_brand?post=26218"},{"taxonomy":"product_cat","embeddable":true,"href":"https:\/\/gymfactory.eu\/fr\/wp-json\/wp\/v2\/product_cat?post=26218"},{"taxonomy":"product_tag","embeddable":true,"href":"https:\/\/gymfactory.eu\/fr\/wp-json\/wp\/v2\/product_tag?post=26218"}],"curies":[{"name":"wp","href":"https:\/\/api.w.org\/{rel}","templated":true}]}}