{"id":26213,"date":"2025-02-11T09:23:14","date_gmt":"2025-02-11T07:23:14","guid":{"rendered":"https:\/\/gymfactory.eu\/product\/banc-de-competition-aa1\/"},"modified":"2025-02-11T09:23:14","modified_gmt":"2025-02-11T07:23:14","slug":"banc-de-competition-aa1","status":"publish","type":"product","link":"https:\/\/gymfactory.eu\/fr\/produit\/banc-de-competition-aa1\/","title":{"rendered":"Banc de Comp\u00e9tition AA1"},"content":{"rendered":"<p>Le Banc de Comp\u00e9tition AA1 est un banc de comp\u00e9tition de qualit\u00e9 professionnelle con\u00e7u pour un entra\u00eenement stable et constant au d\u00e9velopp\u00e9 couch\u00e9 \u00e0 plat. Id\u00e9al comme \u00e9quipement durable pour les pectoraux dans les configurations de home gym comme dans les salles de sport commerciales. <\/p>\n<p>Ce banc comprend des supports de barre r\u00e9glables en hauteur pour s\u2019adapter aux diff\u00e9rentes pr\u00e9f\u00e9rences des utilisateurs, ainsi que des bras de s\u00e9curit\u00e9 \u00e0 hauteur r\u00e9glable pour l\u2019assistance (spotting) et la protection. Des poign\u00e9es lat\u00e9rales int\u00e9gr\u00e9es vous permettent d\u2019ajuster la charge de la barre directement, sans avoir besoin de la retirer de sa position \u2013 utile pour un flux d\u2019entra\u00eenement efficace et la progression des charges. <\/p>\n<p>Le cadre comporte \u00e9galement des points d\u2019attache pour bandes \u00e9lastiques, ajoutant de la variabilit\u00e9 et du d\u00e9fi aux mouvements de pouss\u00e9e.<\/p>\n\n    <div class=\"xs_social_share_widget xs_share_url after_content \t\tmain_content  wslu-style-1 wslu-share-box-shaped wslu-fill-colored wslu-none wslu-share-horizontal wslu-theme-font-no wslu-main_content\">\n\n\t\t\n        <ul>\n\t\t\t        <\/ul>\n    <\/div> \n","protected":false},"excerpt":{"rendered":"<p>Le Banc de Comp\u00e9tition AA1 est un banc de comp\u00e9tition de qualit\u00e9 professionnelle con\u00e7u pour un entra\u00eenement stable et constant au d\u00e9velopp\u00e9 couch\u00e9 \u00e0 plat. Id\u00e9al comme \u00e9quipement durable pour les pectoraux dans les configurations de home gym comme dans les salles de sport commerciales. Ce banc comprend des supports de barre r\u00e9glables en hauteur [&hellip;]<\/p>\n","protected":false},"featured_media":10954,"template":"","meta":{"_acf_changed":false},"product_brand":[56],"product_cat":[836],"product_tag":[],"class_list":{"0":"post-26213","1":"product","2":"type-product","3":"status-publish","4":"has-post-thumbnail","6":"product_brand-gym-factory","7":"product_cat-bancs-de-musculation","9":"first","10":"onbackorder","11":"taxable","12":"shipping-taxable","13":"purchasable","14":"product-type-variable","15":"has-default-attributes"},"acf":[],"yoast_head":"<!-- This site is optimized with the Yoast SEO plugin v25.2 - https:\/\/yoast.com\/wordpress\/plugins\/seo\/ -->\n<title>AA1 Competition Bench \u2013 Built for Strength-Training Exercises<\/title>\n<meta name=\"description\" content=\"Ce banc de d\u00e9velopp\u00e9 couch\u00e9 se distingue parmi les meilleurs produits de home gym, parfait pour une musculation efficace et pour am\u00e9liorer votre forme physique \u00e0 la maison.\" \/>\n<meta name=\"robots\" content=\"index, follow, max-snippet:-1, max-image-preview:large, max-video-preview:-1\" \/>\n<link rel=\"canonical\" href=\"https:\/\/gymfactory.eu\/fr\/produit\/banc-de-competition-aa1\/\" \/>\n<meta property=\"og:locale\" content=\"fr_FR\" \/>\n<meta property=\"og:type\" content=\"article\" \/>\n<meta property=\"og:title\" content=\"AA1 Competition Bench \u2013 Built for Strength-Training Exercises\" \/>\n<meta property=\"og:description\" content=\"Ce banc de d\u00e9velopp\u00e9 couch\u00e9 se distingue parmi les meilleurs produits de home gym, parfait pour une musculation efficace et pour am\u00e9liorer votre forme physique \u00e0 la maison.\" \/>\n<meta property=\"og:url\" content=\"https:\/\/gymfactory.eu\/fr\/produit\/banc-de-competition-aa1\/\" \/>\n<meta property=\"og:site_name\" content=\"Gym Factory\" \/>\n<meta property=\"og:image\" content=\"https:\/\/gymfactory.eu\/wp-content\/uploads\/2025\/02\/bench-press-gym-equipment-.webp\" \/>\n\t<meta property=\"og:image:width\" content=\"1500\" \/>\n\t<meta property=\"og:image:height\" content=\"1500\" \/>\n\t<meta property=\"og:image:type\" content=\"image\/webp\" \/>\n<meta name=\"twitter:card\" content=\"summary_large_image\" \/>\n<meta name=\"twitter:label1\" content=\"Dur\u00e9e de lecture estim\u00e9e\" \/>\n\t<meta name=\"twitter:data1\" content=\"1 minute\" \/>\n<script type=\"application\/ld+json\" class=\"yoast-schema-graph\">{\"@context\":\"https:\/\/schema.org\",\"@graph\":[{\"@type\":\"WebPage\",\"@id\":\"https:\/\/gymfactory.eu\/fr\/produit\/banc-de-competition-aa1\/\",\"url\":\"https:\/\/gymfactory.eu\/fr\/produit\/banc-de-competition-aa1\/\",\"name\":\"AA1 Competition Bench \u2013 Built for Strength-Training Exercises\",\"isPartOf\":{\"@id\":\"https:\/\/gymfactory.eu\/fr\/#website\"},\"primaryImageOfPage\":{\"@id\":\"https:\/\/gymfactory.eu\/fr\/produit\/banc-de-competition-aa1\/#primaryimage\"},\"image\":{\"@id\":\"https:\/\/gymfactory.eu\/fr\/produit\/banc-de-competition-aa1\/#primaryimage\"},\"thumbnailUrl\":\"https:\/\/gymfactory.eu\/wp-content\/uploads\/2025\/02\/bench-press-gym-equipment-.webp\",\"datePublished\":\"2025-02-11T07:23:14+00:00\",\"description\":\"Ce banc de d\u00e9velopp\u00e9 couch\u00e9 se distingue parmi les meilleurs produits de home gym, parfait pour une musculation efficace et pour am\u00e9liorer votre forme physique \u00e0 la maison.\",\"breadcrumb\":{\"@id\":\"https:\/\/gymfactory.eu\/fr\/produit\/banc-de-competition-aa1\/#breadcrumb\"},\"inLanguage\":\"fr-FR\",\"potentialAction\":[{\"@type\":\"ReadAction\",\"target\":[\"https:\/\/gymfactory.eu\/fr\/produit\/banc-de-competition-aa1\/\"]}]},{\"@type\":\"ImageObject\",\"inLanguage\":\"fr-FR\",\"@id\":\"https:\/\/gymfactory.eu\/fr\/produit\/banc-de-competition-aa1\/#primaryimage\",\"url\":\"https:\/\/gymfactory.eu\/wp-content\/uploads\/2025\/02\/bench-press-gym-equipment-.webp\",\"contentUrl\":\"https:\/\/gymfactory.eu\/wp-content\/uploads\/2025\/02\/bench-press-gym-equipment-.webp\",\"width\":1500,\"height\":1500,\"caption\":\"Un \u00e9quipement de salle de sport robuste pour les entra\u00eenements de pectoraux, pr\u00e9sentant un banc de d\u00e9velopp\u00e9 couch\u00e9 avec un cadre en acier rouge, un banc rembourr\u00e9 noir et une barre olympique charg\u00e9e de disques de poids. La configuration comprend des bras de s\u00e9curit\u00e9 r\u00e9glables et des plateformes pour les pieds pour un entra\u00eenement optimal.\"},{\"@type\":\"BreadcrumbList\",\"@id\":\"https:\/\/gymfactory.eu\/fr\/produit\/banc-de-competition-aa1\/#breadcrumb\",\"itemListElement\":[{\"@type\":\"ListItem\",\"position\":1,\"name\":\"Home\",\"item\":\"https:\/\/gymfactory.eu\/fr\/\"},{\"@type\":\"ListItem\",\"position\":2,\"name\":\"Catalogue\",\"item\":\"https:\/\/gymfactory.eu\/fr\/catalogue-2\/\"},{\"@type\":\"ListItem\",\"position\":3,\"name\":\"Banc de Comp\u00e9tition AA1\"}]},{\"@type\":\"WebSite\",\"@id\":\"https:\/\/gymfactory.eu\/fr\/#website\",\"url\":\"https:\/\/gymfactory.eu\/fr\/\",\"name\":\"Gym Factory\",\"description\":\"\",\"publisher\":{\"@id\":\"https:\/\/gymfactory.eu\/fr\/#organization\"},\"potentialAction\":[{\"@type\":\"SearchAction\",\"target\":{\"@type\":\"EntryPoint\",\"urlTemplate\":\"https:\/\/gymfactory.eu\/fr\/?s={search_term_string}\"},\"query-input\":{\"@type\":\"PropertyValueSpecification\",\"valueRequired\":true,\"valueName\":\"search_term_string\"}}],\"inLanguage\":\"fr-FR\"},{\"@type\":\"Organization\",\"@id\":\"https:\/\/gymfactory.eu\/fr\/#organization\",\"name\":\"Gym Factory\",\"url\":\"https:\/\/gymfactory.eu\/fr\/\",\"logo\":{\"@type\":\"ImageObject\",\"inLanguage\":\"fr-FR\",\"@id\":\"https:\/\/gymfactory.eu\/fr\/#\/schema\/logo\/image\/\",\"url\":\"https:\/\/gymfactory.eu\/wp-content\/uploads\/2024\/11\/Component-1.svg\",\"contentUrl\":\"https:\/\/gymfactory.eu\/wp-content\/uploads\/2024\/11\/Component-1.svg\",\"width\":54,\"height\":44,\"caption\":\"Gym Factory\"},\"image\":{\"@id\":\"https:\/\/gymfactory.eu\/fr\/#\/schema\/logo\/image\/\"}}]}<\/script>\n<!-- \/ Yoast SEO plugin. -->","yoast_head_json":{"title":"AA1 Competition Bench \u2013 Built for Strength-Training Exercises","description":"Ce banc de d\u00e9velopp\u00e9 couch\u00e9 se distingue parmi les meilleurs produits de home gym, parfait pour une musculation efficace et pour am\u00e9liorer votre forme physique \u00e0 la maison.","robots":{"index":"index","follow":"follow","max-snippet":"max-snippet:-1","max-image-preview":"max-image-preview:large","max-video-preview":"max-video-preview:-1"},"canonical":"https:\/\/gymfactory.eu\/fr\/produit\/banc-de-competition-aa1\/","og_locale":"fr_FR","og_type":"article","og_title":"AA1 Competition Bench \u2013 Built for Strength-Training Exercises","og_description":"Ce banc de d\u00e9velopp\u00e9 couch\u00e9 se distingue parmi les meilleurs produits de home gym, parfait pour une musculation efficace et pour am\u00e9liorer votre forme physique \u00e0 la maison.","og_url":"https:\/\/gymfactory.eu\/fr\/produit\/banc-de-competition-aa1\/","og_site_name":"Gym Factory","og_image":[{"width":1500,"height":1500,"url":"https:\/\/gymfactory.eu\/wp-content\/uploads\/2025\/02\/bench-press-gym-equipment-.webp","type":"image\/webp"}],"twitter_card":"summary_large_image","twitter_misc":{"Dur\u00e9e de lecture estim\u00e9e":"1 minute"},"schema":{"@context":"https:\/\/schema.org","@graph":[{"@type":"WebPage","@id":"https:\/\/gymfactory.eu\/fr\/produit\/banc-de-competition-aa1\/","url":"https:\/\/gymfactory.eu\/fr\/produit\/banc-de-competition-aa1\/","name":"AA1 Competition Bench \u2013 Built for Strength-Training Exercises","isPartOf":{"@id":"https:\/\/gymfactory.eu\/fr\/#website"},"primaryImageOfPage":{"@id":"https:\/\/gymfactory.eu\/fr\/produit\/banc-de-competition-aa1\/#primaryimage"},"image":{"@id":"https:\/\/gymfactory.eu\/fr\/produit\/banc-de-competition-aa1\/#primaryimage"},"thumbnailUrl":"https:\/\/gymfactory.eu\/wp-content\/uploads\/2025\/02\/bench-press-gym-equipment-.webp","datePublished":"2025-02-11T07:23:14+00:00","description":"Ce banc de d\u00e9velopp\u00e9 couch\u00e9 se distingue parmi les meilleurs produits de home gym, parfait pour une musculation efficace et pour am\u00e9liorer votre forme physique \u00e0 la maison.","breadcrumb":{"@id":"https:\/\/gymfactory.eu\/fr\/produit\/banc-de-competition-aa1\/#breadcrumb"},"inLanguage":"fr-FR","potentialAction":[{"@type":"ReadAction","target":["https:\/\/gymfactory.eu\/fr\/produit\/banc-de-competition-aa1\/"]}]},{"@type":"ImageObject","inLanguage":"fr-FR","@id":"https:\/\/gymfactory.eu\/fr\/produit\/banc-de-competition-aa1\/#primaryimage","url":"https:\/\/gymfactory.eu\/wp-content\/uploads\/2025\/02\/bench-press-gym-equipment-.webp","contentUrl":"https:\/\/gymfactory.eu\/wp-content\/uploads\/2025\/02\/bench-press-gym-equipment-.webp","width":1500,"height":1500,"caption":"Un \u00e9quipement de salle de sport robuste pour les entra\u00eenements de pectoraux, pr\u00e9sentant un banc de d\u00e9velopp\u00e9 couch\u00e9 avec un cadre en acier rouge, un banc rembourr\u00e9 noir et une barre olympique charg\u00e9e de disques de poids. La configuration comprend des bras de s\u00e9curit\u00e9 r\u00e9glables et des plateformes pour les pieds pour un entra\u00eenement optimal."},{"@type":"BreadcrumbList","@id":"https:\/\/gymfactory.eu\/fr\/produit\/banc-de-competition-aa1\/#breadcrumb","itemListElement":[{"@type":"ListItem","position":1,"name":"Home","item":"https:\/\/gymfactory.eu\/fr\/"},{"@type":"ListItem","position":2,"name":"Catalogue","item":"https:\/\/gymfactory.eu\/fr\/catalogue-2\/"},{"@type":"ListItem","position":3,"name":"Banc de Comp\u00e9tition AA1"}]},{"@type":"WebSite","@id":"https:\/\/gymfactory.eu\/fr\/#website","url":"https:\/\/gymfactory.eu\/fr\/","name":"Gym Factory","description":"","publisher":{"@id":"https:\/\/gymfactory.eu\/fr\/#organization"},"potentialAction":[{"@type":"SearchAction","target":{"@type":"EntryPoint","urlTemplate":"https:\/\/gymfactory.eu\/fr\/?s={search_term_string}"},"query-input":{"@type":"PropertyValueSpecification","valueRequired":true,"valueName":"search_term_string"}}],"inLanguage":"fr-FR"},{"@type":"Organization","@id":"https:\/\/gymfactory.eu\/fr\/#organization","name":"Gym Factory","url":"https:\/\/gymfactory.eu\/fr\/","logo":{"@type":"ImageObject","inLanguage":"fr-FR","@id":"https:\/\/gymfactory.eu\/fr\/#\/schema\/logo\/image\/","url":"https:\/\/gymfactory.eu\/wp-content\/uploads\/2024\/11\/Component-1.svg","contentUrl":"https:\/\/gymfactory.eu\/wp-content\/uploads\/2024\/11\/Component-1.svg","width":54,"height":44,"caption":"Gym Factory"},"image":{"@id":"https:\/\/gymfactory.eu\/fr\/#\/schema\/logo\/image\/"}}]}},"_links":{"self":[{"href":"https:\/\/gymfactory.eu\/fr\/wp-json\/wp\/v2\/product\/26213","targetHints":{"allow":["GET"]}}],"collection":[{"href":"https:\/\/gymfactory.eu\/fr\/wp-json\/wp\/v2\/product"}],"about":[{"href":"https:\/\/gymfactory.eu\/fr\/wp-json\/wp\/v2\/types\/product"}],"wp:featuredmedia":[{"embeddable":true,"href":"https:\/\/gymfactory.eu\/fr\/wp-json\/wp\/v2\/media\/10954"}],"wp:attachment":[{"href":"https:\/\/gymfactory.eu\/fr\/wp-json\/wp\/v2\/media?parent=26213"}],"wp:term":[{"taxonomy":"product_brand","embeddable":true,"href":"https:\/\/gymfactory.eu\/fr\/wp-json\/wp\/v2\/product_brand?post=26213"},{"taxonomy":"product_cat","embeddable":true,"href":"https:\/\/gymfactory.eu\/fr\/wp-json\/wp\/v2\/product_cat?post=26213"},{"taxonomy":"product_tag","embeddable":true,"href":"https:\/\/gymfactory.eu\/fr\/wp-json\/wp\/v2\/product_tag?post=26213"}],"curies":[{"name":"wp","href":"https:\/\/api.w.org\/{rel}","templated":true}]}}