{"id":26207,"date":"2025-02-10T16:01:58","date_gmt":"2025-02-10T14:01:58","guid":{"rendered":"https:\/\/gymfactory.eu\/product\/banc-developpe-couche-reglable-a4\/"},"modified":"2025-02-10T16:01:58","modified_gmt":"2025-02-10T14:01:58","slug":"banc-developpe-couche-reglable-a4","status":"publish","type":"product","link":"https:\/\/gymfactory.eu\/fr\/produit\/banc-developpe-couche-reglable-a4\/","title":{"rendered":"Banc D\u00e9velopp\u00e9 Couch\u00e9 R\u00e9glable A4"},"content":{"rendered":"<p>Le Banc D\u00e9velopp\u00e9 Couch\u00e9 R\u00e9glable A4 est une unit\u00e9 de banc plat polyvalente con\u00e7ue pour une large gamme d\u2019exercices de d\u00e9velopp\u00e9 couch\u00e9. Con\u00e7u pour un usage domestique et commercial, c\u2019est un choix pratique pour les configurations de salle de sport ax\u00e9es sur les pectoraux. <\/p>\n<p>Ce banc dispose de points de repose-barre r\u00e9glables en hauteur pour s\u2019adapter \u00e0 diverses longueurs de bras et styles de pouss\u00e9e. L\u2019angle du dossier et de l\u2019assise peut \u00eatre ajust\u00e9 pour permettre des variations de d\u00e9velopp\u00e9 couch\u00e9 \u00e0 plat ou inclin\u00e9. Le banc lui-m\u00eame peut \u00eatre avanc\u00e9 ou recul\u00e9 le long du cadre, aidant chaque utilisateur \u00e0 trouver la distance id\u00e9ale par rapport \u00e0 la barre.  <\/p>\n<p>Une station de d\u00e9velopp\u00e9 couch\u00e9 flexible et fiable qui soutient un entra\u00eenement efficace des pectoraux sous plusieurs angles.<\/p>\n\n    <div class=\"xs_social_share_widget xs_share_url after_content \t\tmain_content  wslu-style-1 wslu-share-box-shaped wslu-fill-colored wslu-none wslu-share-horizontal wslu-theme-font-no wslu-main_content\">\n\n\t\t\n        <ul>\n\t\t\t        <\/ul>\n    <\/div> \n","protected":false},"excerpt":{"rendered":"<p>Le Banc D\u00e9velopp\u00e9 Couch\u00e9 R\u00e9glable A4 est une unit\u00e9 de banc plat polyvalente con\u00e7ue pour une large gamme d\u2019exercices de d\u00e9velopp\u00e9 couch\u00e9. Con\u00e7u pour un usage domestique et commercial, c\u2019est un choix pratique pour les configurations de salle de sport ax\u00e9es sur les pectoraux. Ce banc dispose de points de repose-barre r\u00e9glables en hauteur pour [&hellip;]<\/p>\n","protected":false},"featured_media":11137,"template":"","meta":{"_acf_changed":false},"product_brand":[],"product_cat":[836],"product_tag":[],"class_list":{"0":"post-26207","1":"product","2":"type-product","3":"status-publish","4":"has-post-thumbnail","6":"product_cat-bancs-de-musculation","8":"first","9":"onbackorder","10":"taxable","11":"shipping-taxable","12":"purchasable","13":"product-type-variable","14":"has-default-attributes"},"acf":[],"yoast_head":"<!-- This site is optimized with the Yoast SEO plugin v25.2 - https:\/\/yoast.com\/wordpress\/plugins\/seo\/ -->\n<title>Banc D\u00e9velopp\u00e9 Couch\u00e9 A4 - Pour D\u00e9velopp\u00e9 Inclin\u00e9 &amp; Couch\u00e9<\/title>\n<meta name=\"description\" content=\"Ce banc de musculation est le meilleur \u00e9quipement pour la maison \u2013 durable, polyvalent et supporte jusqu\u2019\u00e0 350 kg. Parfait pour les entra\u00eenements des pectoraux et du haut du corps.\" \/>\n<meta name=\"robots\" content=\"index, follow, max-snippet:-1, max-image-preview:large, max-video-preview:-1\" \/>\n<link rel=\"canonical\" href=\"https:\/\/gymfactory.eu\/fr\/produit\/banc-developpe-couche-reglable-a4\/\" \/>\n<meta property=\"og:locale\" content=\"fr_FR\" \/>\n<meta property=\"og:type\" content=\"article\" \/>\n<meta property=\"og:title\" content=\"Banc D\u00e9velopp\u00e9 Couch\u00e9 A4 - Pour D\u00e9velopp\u00e9 Inclin\u00e9 &amp; Couch\u00e9\" \/>\n<meta property=\"og:description\" content=\"Ce banc de musculation est le meilleur \u00e9quipement pour la maison \u2013 durable, polyvalent et supporte jusqu\u2019\u00e0 350 kg. Parfait pour les entra\u00eenements des pectoraux et du haut du corps.\" \/>\n<meta property=\"og:url\" content=\"https:\/\/gymfactory.eu\/fr\/produit\/banc-developpe-couche-reglable-a4\/\" \/>\n<meta property=\"og:site_name\" content=\"Gym Factory\" \/>\n<meta property=\"og:image\" content=\"https:\/\/gymfactory.eu\/wp-content\/uploads\/2025\/02\/bench-press-adjustable-station-1.webp\" \/>\n\t<meta property=\"og:image:width\" content=\"1500\" \/>\n\t<meta property=\"og:image:height\" content=\"1500\" \/>\n\t<meta property=\"og:image:type\" content=\"image\/webp\" \/>\n<meta name=\"twitter:card\" content=\"summary_large_image\" \/>\n<meta name=\"twitter:label1\" content=\"Dur\u00e9e de lecture estim\u00e9e\" \/>\n\t<meta name=\"twitter:data1\" content=\"1 minute\" \/>\n<script type=\"application\/ld+json\" class=\"yoast-schema-graph\">{\"@context\":\"https:\/\/schema.org\",\"@graph\":[{\"@type\":\"WebPage\",\"@id\":\"https:\/\/gymfactory.eu\/fr\/produit\/banc-developpe-couche-reglable-a4\/\",\"url\":\"https:\/\/gymfactory.eu\/fr\/produit\/banc-developpe-couche-reglable-a4\/\",\"name\":\"Banc D\u00e9velopp\u00e9 Couch\u00e9 A4 - Pour D\u00e9velopp\u00e9 Inclin\u00e9 & Couch\u00e9\",\"isPartOf\":{\"@id\":\"https:\/\/gymfactory.eu\/fr\/#website\"},\"primaryImageOfPage\":{\"@id\":\"https:\/\/gymfactory.eu\/fr\/produit\/banc-developpe-couche-reglable-a4\/#primaryimage\"},\"image\":{\"@id\":\"https:\/\/gymfactory.eu\/fr\/produit\/banc-developpe-couche-reglable-a4\/#primaryimage\"},\"thumbnailUrl\":\"https:\/\/gymfactory.eu\/wp-content\/uploads\/2025\/02\/bench-press-adjustable-station-1.webp\",\"datePublished\":\"2025-02-10T14:01:58+00:00\",\"description\":\"Ce banc de musculation est le meilleur \u00e9quipement pour la maison \u2013 durable, polyvalent et supporte jusqu\u2019\u00e0 350 kg. Parfait pour les entra\u00eenements des pectoraux et du haut du corps.\",\"breadcrumb\":{\"@id\":\"https:\/\/gymfactory.eu\/fr\/produit\/banc-developpe-couche-reglable-a4\/#breadcrumb\"},\"inLanguage\":\"fr-FR\",\"potentialAction\":[{\"@type\":\"ReadAction\",\"target\":[\"https:\/\/gymfactory.eu\/fr\/produit\/banc-developpe-couche-reglable-a4\/\"]}]},{\"@type\":\"ImageObject\",\"inLanguage\":\"fr-FR\",\"@id\":\"https:\/\/gymfactory.eu\/fr\/produit\/banc-developpe-couche-reglable-a4\/#primaryimage\",\"url\":\"https:\/\/gymfactory.eu\/wp-content\/uploads\/2025\/02\/bench-press-adjustable-station-1.webp\",\"contentUrl\":\"https:\/\/gymfactory.eu\/wp-content\/uploads\/2025\/02\/bench-press-adjustable-station-1.webp\",\"width\":1500,\"height\":1500,\"caption\":\"Une station de d\u00e9velopp\u00e9 couch\u00e9 noire avec un dossier r\u00e9glable, permettant des positions \u00e0 plat et inclin\u00e9es. Cet \u00e9quipement de salle de sport pour les pectoraux poss\u00e8de un cadre robuste, plusieurs r\u00e9glages de hauteur de barre et des \u00e9pis de rangement pour les poids.\"},{\"@type\":\"BreadcrumbList\",\"@id\":\"https:\/\/gymfactory.eu\/fr\/produit\/banc-developpe-couche-reglable-a4\/#breadcrumb\",\"itemListElement\":[{\"@type\":\"ListItem\",\"position\":1,\"name\":\"Home\",\"item\":\"https:\/\/gymfactory.eu\/fr\/\"},{\"@type\":\"ListItem\",\"position\":2,\"name\":\"Catalogue\",\"item\":\"https:\/\/gymfactory.eu\/fr\/catalogue-2\/\"},{\"@type\":\"ListItem\",\"position\":3,\"name\":\"Banc D\u00e9velopp\u00e9 Couch\u00e9 R\u00e9glable A4\"}]},{\"@type\":\"WebSite\",\"@id\":\"https:\/\/gymfactory.eu\/fr\/#website\",\"url\":\"https:\/\/gymfactory.eu\/fr\/\",\"name\":\"Gym Factory\",\"description\":\"\",\"publisher\":{\"@id\":\"https:\/\/gymfactory.eu\/fr\/#organization\"},\"potentialAction\":[{\"@type\":\"SearchAction\",\"target\":{\"@type\":\"EntryPoint\",\"urlTemplate\":\"https:\/\/gymfactory.eu\/fr\/?s={search_term_string}\"},\"query-input\":{\"@type\":\"PropertyValueSpecification\",\"valueRequired\":true,\"valueName\":\"search_term_string\"}}],\"inLanguage\":\"fr-FR\"},{\"@type\":\"Organization\",\"@id\":\"https:\/\/gymfactory.eu\/fr\/#organization\",\"name\":\"Gym Factory\",\"url\":\"https:\/\/gymfactory.eu\/fr\/\",\"logo\":{\"@type\":\"ImageObject\",\"inLanguage\":\"fr-FR\",\"@id\":\"https:\/\/gymfactory.eu\/fr\/#\/schema\/logo\/image\/\",\"url\":\"https:\/\/gymfactory.eu\/wp-content\/uploads\/2024\/11\/Component-1.svg\",\"contentUrl\":\"https:\/\/gymfactory.eu\/wp-content\/uploads\/2024\/11\/Component-1.svg\",\"width\":54,\"height\":44,\"caption\":\"Gym Factory\"},\"image\":{\"@id\":\"https:\/\/gymfactory.eu\/fr\/#\/schema\/logo\/image\/\"}}]}<\/script>\n<!-- \/ Yoast SEO plugin. -->","yoast_head_json":{"title":"Banc D\u00e9velopp\u00e9 Couch\u00e9 A4 - Pour D\u00e9velopp\u00e9 Inclin\u00e9 & Couch\u00e9","description":"Ce banc de musculation est le meilleur \u00e9quipement pour la maison \u2013 durable, polyvalent et supporte jusqu\u2019\u00e0 350 kg. Parfait pour les entra\u00eenements des pectoraux et du haut du corps.","robots":{"index":"index","follow":"follow","max-snippet":"max-snippet:-1","max-image-preview":"max-image-preview:large","max-video-preview":"max-video-preview:-1"},"canonical":"https:\/\/gymfactory.eu\/fr\/produit\/banc-developpe-couche-reglable-a4\/","og_locale":"fr_FR","og_type":"article","og_title":"Banc D\u00e9velopp\u00e9 Couch\u00e9 A4 - Pour D\u00e9velopp\u00e9 Inclin\u00e9 & Couch\u00e9","og_description":"Ce banc de musculation est le meilleur \u00e9quipement pour la maison \u2013 durable, polyvalent et supporte jusqu\u2019\u00e0 350 kg. Parfait pour les entra\u00eenements des pectoraux et du haut du corps.","og_url":"https:\/\/gymfactory.eu\/fr\/produit\/banc-developpe-couche-reglable-a4\/","og_site_name":"Gym Factory","og_image":[{"width":1500,"height":1500,"url":"https:\/\/gymfactory.eu\/wp-content\/uploads\/2025\/02\/bench-press-adjustable-station-1.webp","type":"image\/webp"}],"twitter_card":"summary_large_image","twitter_misc":{"Dur\u00e9e de lecture estim\u00e9e":"1 minute"},"schema":{"@context":"https:\/\/schema.org","@graph":[{"@type":"WebPage","@id":"https:\/\/gymfactory.eu\/fr\/produit\/banc-developpe-couche-reglable-a4\/","url":"https:\/\/gymfactory.eu\/fr\/produit\/banc-developpe-couche-reglable-a4\/","name":"Banc D\u00e9velopp\u00e9 Couch\u00e9 A4 - Pour D\u00e9velopp\u00e9 Inclin\u00e9 & Couch\u00e9","isPartOf":{"@id":"https:\/\/gymfactory.eu\/fr\/#website"},"primaryImageOfPage":{"@id":"https:\/\/gymfactory.eu\/fr\/produit\/banc-developpe-couche-reglable-a4\/#primaryimage"},"image":{"@id":"https:\/\/gymfactory.eu\/fr\/produit\/banc-developpe-couche-reglable-a4\/#primaryimage"},"thumbnailUrl":"https:\/\/gymfactory.eu\/wp-content\/uploads\/2025\/02\/bench-press-adjustable-station-1.webp","datePublished":"2025-02-10T14:01:58+00:00","description":"Ce banc de musculation est le meilleur \u00e9quipement pour la maison \u2013 durable, polyvalent et supporte jusqu\u2019\u00e0 350 kg. Parfait pour les entra\u00eenements des pectoraux et du haut du corps.","breadcrumb":{"@id":"https:\/\/gymfactory.eu\/fr\/produit\/banc-developpe-couche-reglable-a4\/#breadcrumb"},"inLanguage":"fr-FR","potentialAction":[{"@type":"ReadAction","target":["https:\/\/gymfactory.eu\/fr\/produit\/banc-developpe-couche-reglable-a4\/"]}]},{"@type":"ImageObject","inLanguage":"fr-FR","@id":"https:\/\/gymfactory.eu\/fr\/produit\/banc-developpe-couche-reglable-a4\/#primaryimage","url":"https:\/\/gymfactory.eu\/wp-content\/uploads\/2025\/02\/bench-press-adjustable-station-1.webp","contentUrl":"https:\/\/gymfactory.eu\/wp-content\/uploads\/2025\/02\/bench-press-adjustable-station-1.webp","width":1500,"height":1500,"caption":"Une station de d\u00e9velopp\u00e9 couch\u00e9 noire avec un dossier r\u00e9glable, permettant des positions \u00e0 plat et inclin\u00e9es. Cet \u00e9quipement de salle de sport pour les pectoraux poss\u00e8de un cadre robuste, plusieurs r\u00e9glages de hauteur de barre et des \u00e9pis de rangement pour les poids."},{"@type":"BreadcrumbList","@id":"https:\/\/gymfactory.eu\/fr\/produit\/banc-developpe-couche-reglable-a4\/#breadcrumb","itemListElement":[{"@type":"ListItem","position":1,"name":"Home","item":"https:\/\/gymfactory.eu\/fr\/"},{"@type":"ListItem","position":2,"name":"Catalogue","item":"https:\/\/gymfactory.eu\/fr\/catalogue-2\/"},{"@type":"ListItem","position":3,"name":"Banc D\u00e9velopp\u00e9 Couch\u00e9 R\u00e9glable A4"}]},{"@type":"WebSite","@id":"https:\/\/gymfactory.eu\/fr\/#website","url":"https:\/\/gymfactory.eu\/fr\/","name":"Gym Factory","description":"","publisher":{"@id":"https:\/\/gymfactory.eu\/fr\/#organization"},"potentialAction":[{"@type":"SearchAction","target":{"@type":"EntryPoint","urlTemplate":"https:\/\/gymfactory.eu\/fr\/?s={search_term_string}"},"query-input":{"@type":"PropertyValueSpecification","valueRequired":true,"valueName":"search_term_string"}}],"inLanguage":"fr-FR"},{"@type":"Organization","@id":"https:\/\/gymfactory.eu\/fr\/#organization","name":"Gym Factory","url":"https:\/\/gymfactory.eu\/fr\/","logo":{"@type":"ImageObject","inLanguage":"fr-FR","@id":"https:\/\/gymfactory.eu\/fr\/#\/schema\/logo\/image\/","url":"https:\/\/gymfactory.eu\/wp-content\/uploads\/2024\/11\/Component-1.svg","contentUrl":"https:\/\/gymfactory.eu\/wp-content\/uploads\/2024\/11\/Component-1.svg","width":54,"height":44,"caption":"Gym Factory"},"image":{"@id":"https:\/\/gymfactory.eu\/fr\/#\/schema\/logo\/image\/"}}]}},"_links":{"self":[{"href":"https:\/\/gymfactory.eu\/fr\/wp-json\/wp\/v2\/product\/26207","targetHints":{"allow":["GET"]}}],"collection":[{"href":"https:\/\/gymfactory.eu\/fr\/wp-json\/wp\/v2\/product"}],"about":[{"href":"https:\/\/gymfactory.eu\/fr\/wp-json\/wp\/v2\/types\/product"}],"wp:featuredmedia":[{"embeddable":true,"href":"https:\/\/gymfactory.eu\/fr\/wp-json\/wp\/v2\/media\/11137"}],"wp:attachment":[{"href":"https:\/\/gymfactory.eu\/fr\/wp-json\/wp\/v2\/media?parent=26207"}],"wp:term":[{"taxonomy":"product_brand","embeddable":true,"href":"https:\/\/gymfactory.eu\/fr\/wp-json\/wp\/v2\/product_brand?post=26207"},{"taxonomy":"product_cat","embeddable":true,"href":"https:\/\/gymfactory.eu\/fr\/wp-json\/wp\/v2\/product_cat?post=26207"},{"taxonomy":"product_tag","embeddable":true,"href":"https:\/\/gymfactory.eu\/fr\/wp-json\/wp\/v2\/product_tag?post=26207"}],"curies":[{"name":"wp","href":"https:\/\/api.w.org\/{rel}","templated":true}]}}