{"id":26201,"date":"2025-02-10T15:47:40","date_gmt":"2025-02-10T13:47:40","guid":{"rendered":"https:\/\/gymfactory.eu\/product\/banc-developpe-decline-olympique-a3\/"},"modified":"2025-02-10T15:47:40","modified_gmt":"2025-02-10T13:47:40","slug":"banc-developpe-decline-olympique-a3","status":"publish","type":"product","link":"https:\/\/gymfactory.eu\/fr\/produit\/banc-developpe-decline-olympique-a3\/","title":{"rendered":"Banc D\u00e9velopp\u00e9 D\u00e9clin\u00e9 Olympique A3"},"content":{"rendered":"<p>Le Banc D\u00e9velopp\u00e9 D\u00e9clin\u00e9 Olympique A3 est un banc stable \u00e0 angle fixe con\u00e7u pour un entra\u00eenement efficace du d\u00e9velopp\u00e9 couch\u00e9 d\u00e9clin\u00e9 \u00e0 la barre. Con\u00e7u pour les exercices sur banc ax\u00e9s sur le bas des pectoraux, il s\u2019int\u00e8gre parfaitement comme \u00e9quipement de salle de sport pour les pectoraux, tant dans un cadre personnel que professionnel. <\/p>\n<p>Le banc comprend plusieurs positions de repose-barre (racks) pour s\u2019adapter \u00e0 la taille des diff\u00e9rents utilisateurs et \u00e0 leurs pr\u00e9f\u00e9rences de pouss\u00e9e. La position du coussin de support pour les jambes est r\u00e9glable, aidant les utilisateurs \u00e0 se caler confortablement pendant le d\u00e9velopp\u00e9 d\u00e9clin\u00e9. <\/p>\n<p>Cette station de d\u00e9velopp\u00e9 d\u00e9clin\u00e9 olympique est un choix solide pour un entra\u00eenement de force structur\u00e9 et un \u00e9l\u00e9ment fiable de toute installation cherchant \u00e0 cibler la partie inf\u00e9rieure des pectoraux.<\/p>\n\n    <div class=\"xs_social_share_widget xs_share_url after_content \t\tmain_content  wslu-style-1 wslu-share-box-shaped wslu-fill-colored wslu-none wslu-share-horizontal wslu-theme-font-no wslu-main_content\">\n\n\t\t\n        <ul>\n\t\t\t        <\/ul>\n    <\/div> \n","protected":false},"excerpt":{"rendered":"<p>Le Banc D\u00e9velopp\u00e9 D\u00e9clin\u00e9 Olympique A3 est un banc stable \u00e0 angle fixe con\u00e7u pour un entra\u00eenement efficace du d\u00e9velopp\u00e9 couch\u00e9 d\u00e9clin\u00e9 \u00e0 la barre. Con\u00e7u pour les exercices sur banc ax\u00e9s sur le bas des pectoraux, il s\u2019int\u00e8gre parfaitement comme \u00e9quipement de salle de sport pour les pectoraux, tant dans un cadre personnel que [&hellip;]<\/p>\n","protected":false},"featured_media":11132,"template":"","meta":{"_acf_changed":false},"product_brand":[56],"product_cat":[836],"product_tag":[],"class_list":{"0":"post-26201","1":"product","2":"type-product","3":"status-publish","4":"has-post-thumbnail","6":"product_brand-gym-factory","7":"product_cat-bancs-de-musculation","9":"first","10":"onbackorder","11":"taxable","12":"shipping-taxable","13":"purchasable","14":"product-type-variable","15":"has-default-attributes"},"acf":[],"yoast_head":"<!-- This site is optimized with the Yoast SEO plugin v25.2 - https:\/\/yoast.com\/wordpress\/plugins\/seo\/ -->\n<title>Banc D\u00e9velopp\u00e9 D\u00e9clin\u00e9 A3 \u2013 \u00c9quipement de Salle pour Pectoraux<\/title>\n<meta name=\"description\" content=\"Ciblez le bas de vos pectoraux avec le banc de d\u00e9velopp\u00e9 d\u00e9clin\u00e9, l\u2019un des meilleurs \u00e9quipements pour la maison. Robuste, r\u00e9glable et supporte jusqu\u2019\u00e0 400 kg.\" \/>\n<meta name=\"robots\" content=\"index, follow, max-snippet:-1, max-image-preview:large, max-video-preview:-1\" \/>\n<link rel=\"canonical\" href=\"https:\/\/gymfactory.eu\/fr\/produit\/banc-developpe-decline-olympique-a3\/\" \/>\n<meta property=\"og:locale\" content=\"fr_FR\" \/>\n<meta property=\"og:type\" content=\"article\" \/>\n<meta property=\"og:title\" content=\"Banc D\u00e9velopp\u00e9 D\u00e9clin\u00e9 A3 \u2013 \u00c9quipement de Salle pour Pectoraux\" \/>\n<meta property=\"og:description\" content=\"Ciblez le bas de vos pectoraux avec le banc de d\u00e9velopp\u00e9 d\u00e9clin\u00e9, l\u2019un des meilleurs \u00e9quipements pour la maison. Robuste, r\u00e9glable et supporte jusqu\u2019\u00e0 400 kg.\" \/>\n<meta property=\"og:url\" content=\"https:\/\/gymfactory.eu\/fr\/produit\/banc-developpe-decline-olympique-a3\/\" \/>\n<meta property=\"og:site_name\" content=\"Gym Factory\" \/>\n<meta property=\"og:image\" content=\"https:\/\/gymfactory.eu\/wp-content\/uploads\/2025\/02\/incline-bench-press-black-frame-1.webp\" \/>\n\t<meta property=\"og:image:width\" content=\"1500\" \/>\n\t<meta property=\"og:image:height\" content=\"1500\" \/>\n\t<meta property=\"og:image:type\" content=\"image\/webp\" \/>\n<meta name=\"twitter:card\" content=\"summary_large_image\" \/>\n<meta name=\"twitter:label1\" content=\"Dur\u00e9e de lecture estim\u00e9e\" \/>\n\t<meta name=\"twitter:data1\" content=\"1 minute\" \/>\n<script type=\"application\/ld+json\" class=\"yoast-schema-graph\">{\"@context\":\"https:\/\/schema.org\",\"@graph\":[{\"@type\":\"WebPage\",\"@id\":\"https:\/\/gymfactory.eu\/fr\/produit\/banc-developpe-decline-olympique-a3\/\",\"url\":\"https:\/\/gymfactory.eu\/fr\/produit\/banc-developpe-decline-olympique-a3\/\",\"name\":\"Banc D\u00e9velopp\u00e9 D\u00e9clin\u00e9 A3 \u2013 \u00c9quipement de Salle pour Pectoraux\",\"isPartOf\":{\"@id\":\"https:\/\/gymfactory.eu\/fr\/#website\"},\"primaryImageOfPage\":{\"@id\":\"https:\/\/gymfactory.eu\/fr\/produit\/banc-developpe-decline-olympique-a3\/#primaryimage\"},\"image\":{\"@id\":\"https:\/\/gymfactory.eu\/fr\/produit\/banc-developpe-decline-olympique-a3\/#primaryimage\"},\"thumbnailUrl\":\"https:\/\/gymfactory.eu\/wp-content\/uploads\/2025\/02\/incline-bench-press-black-frame-1.webp\",\"datePublished\":\"2025-02-10T13:47:40+00:00\",\"description\":\"Ciblez le bas de vos pectoraux avec le banc de d\u00e9velopp\u00e9 d\u00e9clin\u00e9, l\u2019un des meilleurs \u00e9quipements pour la maison. Robuste, r\u00e9glable et supporte jusqu\u2019\u00e0 400 kg.\",\"breadcrumb\":{\"@id\":\"https:\/\/gymfactory.eu\/fr\/produit\/banc-developpe-decline-olympique-a3\/#breadcrumb\"},\"inLanguage\":\"fr-FR\",\"potentialAction\":[{\"@type\":\"ReadAction\",\"target\":[\"https:\/\/gymfactory.eu\/fr\/produit\/banc-developpe-decline-olympique-a3\/\"]}]},{\"@type\":\"ImageObject\",\"inLanguage\":\"fr-FR\",\"@id\":\"https:\/\/gymfactory.eu\/fr\/produit\/banc-developpe-decline-olympique-a3\/#primaryimage\",\"url\":\"https:\/\/gymfactory.eu\/wp-content\/uploads\/2025\/02\/incline-bench-press-black-frame-1.webp\",\"contentUrl\":\"https:\/\/gymfactory.eu\/wp-content\/uploads\/2025\/02\/incline-bench-press-black-frame-1.webp\",\"width\":1500,\"height\":1500,\"caption\":\"Un banc de d\u00e9velopp\u00e9 inclin\u00e9 robuste avec un cadre en acier noir et un banc rembourr\u00e9. Cet \u00e9quipement de salle de sport pour les pectoraux comprend plusieurs supports de barre et un \u00e9pi de rangement pour les poids, con\u00e7u pour la musculation et le d\u00e9veloppement musculaire.\"},{\"@type\":\"BreadcrumbList\",\"@id\":\"https:\/\/gymfactory.eu\/fr\/produit\/banc-developpe-decline-olympique-a3\/#breadcrumb\",\"itemListElement\":[{\"@type\":\"ListItem\",\"position\":1,\"name\":\"Home\",\"item\":\"https:\/\/gymfactory.eu\/fr\/\"},{\"@type\":\"ListItem\",\"position\":2,\"name\":\"Catalogue\",\"item\":\"https:\/\/gymfactory.eu\/fr\/catalogue-2\/\"},{\"@type\":\"ListItem\",\"position\":3,\"name\":\"Banc D\u00e9velopp\u00e9 D\u00e9clin\u00e9 Olympique A3\"}]},{\"@type\":\"WebSite\",\"@id\":\"https:\/\/gymfactory.eu\/fr\/#website\",\"url\":\"https:\/\/gymfactory.eu\/fr\/\",\"name\":\"Gym Factory\",\"description\":\"\",\"publisher\":{\"@id\":\"https:\/\/gymfactory.eu\/fr\/#organization\"},\"potentialAction\":[{\"@type\":\"SearchAction\",\"target\":{\"@type\":\"EntryPoint\",\"urlTemplate\":\"https:\/\/gymfactory.eu\/fr\/?s={search_term_string}\"},\"query-input\":{\"@type\":\"PropertyValueSpecification\",\"valueRequired\":true,\"valueName\":\"search_term_string\"}}],\"inLanguage\":\"fr-FR\"},{\"@type\":\"Organization\",\"@id\":\"https:\/\/gymfactory.eu\/fr\/#organization\",\"name\":\"Gym Factory\",\"url\":\"https:\/\/gymfactory.eu\/fr\/\",\"logo\":{\"@type\":\"ImageObject\",\"inLanguage\":\"fr-FR\",\"@id\":\"https:\/\/gymfactory.eu\/fr\/#\/schema\/logo\/image\/\",\"url\":\"https:\/\/gymfactory.eu\/wp-content\/uploads\/2024\/11\/Component-1.svg\",\"contentUrl\":\"https:\/\/gymfactory.eu\/wp-content\/uploads\/2024\/11\/Component-1.svg\",\"width\":54,\"height\":44,\"caption\":\"Gym Factory\"},\"image\":{\"@id\":\"https:\/\/gymfactory.eu\/fr\/#\/schema\/logo\/image\/\"}}]}<\/script>\n<!-- \/ Yoast SEO plugin. -->","yoast_head_json":{"title":"Banc D\u00e9velopp\u00e9 D\u00e9clin\u00e9 A3 \u2013 \u00c9quipement de Salle pour Pectoraux","description":"Ciblez le bas de vos pectoraux avec le banc de d\u00e9velopp\u00e9 d\u00e9clin\u00e9, l\u2019un des meilleurs \u00e9quipements pour la maison. Robuste, r\u00e9glable et supporte jusqu\u2019\u00e0 400 kg.","robots":{"index":"index","follow":"follow","max-snippet":"max-snippet:-1","max-image-preview":"max-image-preview:large","max-video-preview":"max-video-preview:-1"},"canonical":"https:\/\/gymfactory.eu\/fr\/produit\/banc-developpe-decline-olympique-a3\/","og_locale":"fr_FR","og_type":"article","og_title":"Banc D\u00e9velopp\u00e9 D\u00e9clin\u00e9 A3 \u2013 \u00c9quipement de Salle pour Pectoraux","og_description":"Ciblez le bas de vos pectoraux avec le banc de d\u00e9velopp\u00e9 d\u00e9clin\u00e9, l\u2019un des meilleurs \u00e9quipements pour la maison. Robuste, r\u00e9glable et supporte jusqu\u2019\u00e0 400 kg.","og_url":"https:\/\/gymfactory.eu\/fr\/produit\/banc-developpe-decline-olympique-a3\/","og_site_name":"Gym Factory","og_image":[{"width":1500,"height":1500,"url":"https:\/\/gymfactory.eu\/wp-content\/uploads\/2025\/02\/incline-bench-press-black-frame-1.webp","type":"image\/webp"}],"twitter_card":"summary_large_image","twitter_misc":{"Dur\u00e9e de lecture estim\u00e9e":"1 minute"},"schema":{"@context":"https:\/\/schema.org","@graph":[{"@type":"WebPage","@id":"https:\/\/gymfactory.eu\/fr\/produit\/banc-developpe-decline-olympique-a3\/","url":"https:\/\/gymfactory.eu\/fr\/produit\/banc-developpe-decline-olympique-a3\/","name":"Banc D\u00e9velopp\u00e9 D\u00e9clin\u00e9 A3 \u2013 \u00c9quipement de Salle pour Pectoraux","isPartOf":{"@id":"https:\/\/gymfactory.eu\/fr\/#website"},"primaryImageOfPage":{"@id":"https:\/\/gymfactory.eu\/fr\/produit\/banc-developpe-decline-olympique-a3\/#primaryimage"},"image":{"@id":"https:\/\/gymfactory.eu\/fr\/produit\/banc-developpe-decline-olympique-a3\/#primaryimage"},"thumbnailUrl":"https:\/\/gymfactory.eu\/wp-content\/uploads\/2025\/02\/incline-bench-press-black-frame-1.webp","datePublished":"2025-02-10T13:47:40+00:00","description":"Ciblez le bas de vos pectoraux avec le banc de d\u00e9velopp\u00e9 d\u00e9clin\u00e9, l\u2019un des meilleurs \u00e9quipements pour la maison. Robuste, r\u00e9glable et supporte jusqu\u2019\u00e0 400 kg.","breadcrumb":{"@id":"https:\/\/gymfactory.eu\/fr\/produit\/banc-developpe-decline-olympique-a3\/#breadcrumb"},"inLanguage":"fr-FR","potentialAction":[{"@type":"ReadAction","target":["https:\/\/gymfactory.eu\/fr\/produit\/banc-developpe-decline-olympique-a3\/"]}]},{"@type":"ImageObject","inLanguage":"fr-FR","@id":"https:\/\/gymfactory.eu\/fr\/produit\/banc-developpe-decline-olympique-a3\/#primaryimage","url":"https:\/\/gymfactory.eu\/wp-content\/uploads\/2025\/02\/incline-bench-press-black-frame-1.webp","contentUrl":"https:\/\/gymfactory.eu\/wp-content\/uploads\/2025\/02\/incline-bench-press-black-frame-1.webp","width":1500,"height":1500,"caption":"Un banc de d\u00e9velopp\u00e9 inclin\u00e9 robuste avec un cadre en acier noir et un banc rembourr\u00e9. Cet \u00e9quipement de salle de sport pour les pectoraux comprend plusieurs supports de barre et un \u00e9pi de rangement pour les poids, con\u00e7u pour la musculation et le d\u00e9veloppement musculaire."},{"@type":"BreadcrumbList","@id":"https:\/\/gymfactory.eu\/fr\/produit\/banc-developpe-decline-olympique-a3\/#breadcrumb","itemListElement":[{"@type":"ListItem","position":1,"name":"Home","item":"https:\/\/gymfactory.eu\/fr\/"},{"@type":"ListItem","position":2,"name":"Catalogue","item":"https:\/\/gymfactory.eu\/fr\/catalogue-2\/"},{"@type":"ListItem","position":3,"name":"Banc D\u00e9velopp\u00e9 D\u00e9clin\u00e9 Olympique A3"}]},{"@type":"WebSite","@id":"https:\/\/gymfactory.eu\/fr\/#website","url":"https:\/\/gymfactory.eu\/fr\/","name":"Gym Factory","description":"","publisher":{"@id":"https:\/\/gymfactory.eu\/fr\/#organization"},"potentialAction":[{"@type":"SearchAction","target":{"@type":"EntryPoint","urlTemplate":"https:\/\/gymfactory.eu\/fr\/?s={search_term_string}"},"query-input":{"@type":"PropertyValueSpecification","valueRequired":true,"valueName":"search_term_string"}}],"inLanguage":"fr-FR"},{"@type":"Organization","@id":"https:\/\/gymfactory.eu\/fr\/#organization","name":"Gym Factory","url":"https:\/\/gymfactory.eu\/fr\/","logo":{"@type":"ImageObject","inLanguage":"fr-FR","@id":"https:\/\/gymfactory.eu\/fr\/#\/schema\/logo\/image\/","url":"https:\/\/gymfactory.eu\/wp-content\/uploads\/2024\/11\/Component-1.svg","contentUrl":"https:\/\/gymfactory.eu\/wp-content\/uploads\/2024\/11\/Component-1.svg","width":54,"height":44,"caption":"Gym Factory"},"image":{"@id":"https:\/\/gymfactory.eu\/fr\/#\/schema\/logo\/image\/"}}]}},"_links":{"self":[{"href":"https:\/\/gymfactory.eu\/fr\/wp-json\/wp\/v2\/product\/26201","targetHints":{"allow":["GET"]}}],"collection":[{"href":"https:\/\/gymfactory.eu\/fr\/wp-json\/wp\/v2\/product"}],"about":[{"href":"https:\/\/gymfactory.eu\/fr\/wp-json\/wp\/v2\/types\/product"}],"wp:featuredmedia":[{"embeddable":true,"href":"https:\/\/gymfactory.eu\/fr\/wp-json\/wp\/v2\/media\/11132"}],"wp:attachment":[{"href":"https:\/\/gymfactory.eu\/fr\/wp-json\/wp\/v2\/media?parent=26201"}],"wp:term":[{"taxonomy":"product_brand","embeddable":true,"href":"https:\/\/gymfactory.eu\/fr\/wp-json\/wp\/v2\/product_brand?post=26201"},{"taxonomy":"product_cat","embeddable":true,"href":"https:\/\/gymfactory.eu\/fr\/wp-json\/wp\/v2\/product_cat?post=26201"},{"taxonomy":"product_tag","embeddable":true,"href":"https:\/\/gymfactory.eu\/fr\/wp-json\/wp\/v2\/product_tag?post=26201"}],"curies":[{"name":"wp","href":"https:\/\/api.w.org\/{rel}","templated":true}]}}