{"id":26194,"date":"2025-02-10T15:34:25","date_gmt":"2025-02-10T13:34:25","guid":{"rendered":"https:\/\/gymfactory.eu\/product\/banc-developpe-incline-a2x\/"},"modified":"2025-02-10T15:34:25","modified_gmt":"2025-02-10T13:34:25","slug":"banc-developpe-incline-a2x","status":"publish","type":"product","link":"https:\/\/gymfactory.eu\/fr\/produit\/banc-developpe-incline-a2x\/","title":{"rendered":"Banc D\u00e9velopp\u00e9 Inclin\u00e9 A2X"},"content":{"rendered":"<p>Le Banc D\u00e9velopp\u00e9 Inclin\u00e9 A2X est une station de d\u00e9velopp\u00e9 inclin\u00e9 robuste con\u00e7ue pour le d\u00e9veloppement cibl\u00e9 du haut des pectoraux. Id\u00e9al comme \u00e9quipement de salle de sport pour les entra\u00eenements des pectoraux, il s\u2019int\u00e8gre bien dans les zones d\u2019entra\u00eenement personnel comme dans les grands espaces de salles commerciales, ce qui en fait un choix fiable pour ceux qui recherchent un bon \u00e9quipement de home gym ou de salle de sport commerciale. <\/p>\n<p>Le banc comprend plusieurs positions de repose-barre (racks) pour s\u2019adapter \u00e0 diff\u00e9rentes longueurs de bras et trajectoires de barre. L\u2019angle du dossier et la hauteur du si\u00e8ge sont tous deux r\u00e9glables, permettant aux utilisateurs d\u2019affiner la configuration pour un alignement optimal lors du ciblage du haut de la poitrine. <\/p>\n<p>Une plateforme arri\u00e8re permet \u00e0 un pareur (spotter) d\u2019assister en toute s\u00e9curit\u00e9 pendant les levages, et un support pour les pieds int\u00e9gr\u00e9 aide les utilisateurs \u00e0 rester stables tout au long du mouvement.<\/p>\n\n    <div class=\"xs_social_share_widget xs_share_url after_content \t\tmain_content  wslu-style-1 wslu-share-box-shaped wslu-fill-colored wslu-none wslu-share-horizontal wslu-theme-font-no wslu-main_content\">\n\n\t\t\n        <ul>\n\t\t\t        <\/ul>\n    <\/div> \n","protected":false},"excerpt":{"rendered":"<p>Le Banc D\u00e9velopp\u00e9 Inclin\u00e9 A2X est une station de d\u00e9velopp\u00e9 inclin\u00e9 robuste con\u00e7ue pour le d\u00e9veloppement cibl\u00e9 du haut des pectoraux. Id\u00e9al comme \u00e9quipement de salle de sport pour les entra\u00eenements des pectoraux, il s\u2019int\u00e8gre bien dans les zones d\u2019entra\u00eenement personnel comme dans les grands espaces de salles commerciales, ce qui en fait un choix [&hellip;]<\/p>\n","protected":false},"featured_media":10949,"template":"","meta":{"_acf_changed":false},"product_brand":[56],"product_cat":[836],"product_tag":[],"class_list":{"0":"post-26194","1":"product","2":"type-product","3":"status-publish","4":"has-post-thumbnail","6":"product_brand-gym-factory","7":"product_cat-bancs-de-musculation","9":"first","10":"onbackorder","11":"taxable","12":"shipping-taxable","13":"purchasable","14":"product-type-variable","15":"has-default-attributes"},"acf":[],"yoast_head":"<!-- This site is optimized with the Yoast SEO plugin v25.2 - https:\/\/yoast.com\/wordpress\/plugins\/seo\/ -->\n<title>Banc D\u00e9velopp\u00e9 Inclin\u00e9 A2X \u2013 \u00c9quipement de Salle pour Pectoraux<\/title>\n<meta name=\"description\" content=\"Banc inclin\u00e9 parfait pour des id\u00e9es de home gym. Angles r\u00e9glables pour des entra\u00eenements polyvalents des pectoraux, \u00e9paules et bras. Design compact et supporte jusqu\u2019\u00e0 350 kg.\" \/>\n<meta name=\"robots\" content=\"index, follow, max-snippet:-1, max-image-preview:large, max-video-preview:-1\" \/>\n<link rel=\"canonical\" href=\"https:\/\/gymfactory.eu\/fr\/produit\/banc-developpe-incline-a2x\/\" \/>\n<meta property=\"og:locale\" content=\"fr_FR\" \/>\n<meta property=\"og:type\" content=\"article\" \/>\n<meta property=\"og:title\" content=\"Banc D\u00e9velopp\u00e9 Inclin\u00e9 A2X \u2013 \u00c9quipement de Salle pour Pectoraux\" \/>\n<meta property=\"og:description\" content=\"Banc inclin\u00e9 parfait pour des id\u00e9es de home gym. Angles r\u00e9glables pour des entra\u00eenements polyvalents des pectoraux, \u00e9paules et bras. Design compact et supporte jusqu\u2019\u00e0 350 kg.\" \/>\n<meta property=\"og:url\" content=\"https:\/\/gymfactory.eu\/fr\/produit\/banc-developpe-incline-a2x\/\" \/>\n<meta property=\"og:site_name\" content=\"Gym Factory\" \/>\n<meta property=\"og:image\" content=\"https:\/\/gymfactory.eu\/wp-content\/uploads\/2025\/02\/incline-bench-press-full-station-1-1.webp\" \/>\n\t<meta property=\"og:image:width\" content=\"1500\" \/>\n\t<meta property=\"og:image:height\" content=\"1500\" \/>\n\t<meta property=\"og:image:type\" content=\"image\/webp\" \/>\n<meta name=\"twitter:card\" content=\"summary_large_image\" \/>\n<meta name=\"twitter:label1\" content=\"Dur\u00e9e de lecture estim\u00e9e\" \/>\n\t<meta name=\"twitter:data1\" content=\"1 minute\" \/>\n<script type=\"application\/ld+json\" class=\"yoast-schema-graph\">{\"@context\":\"https:\/\/schema.org\",\"@graph\":[{\"@type\":\"WebPage\",\"@id\":\"https:\/\/gymfactory.eu\/fr\/produit\/banc-developpe-incline-a2x\/\",\"url\":\"https:\/\/gymfactory.eu\/fr\/produit\/banc-developpe-incline-a2x\/\",\"name\":\"Banc D\u00e9velopp\u00e9 Inclin\u00e9 A2X \u2013 \u00c9quipement de Salle pour Pectoraux\",\"isPartOf\":{\"@id\":\"https:\/\/gymfactory.eu\/fr\/#website\"},\"primaryImageOfPage\":{\"@id\":\"https:\/\/gymfactory.eu\/fr\/produit\/banc-developpe-incline-a2x\/#primaryimage\"},\"image\":{\"@id\":\"https:\/\/gymfactory.eu\/fr\/produit\/banc-developpe-incline-a2x\/#primaryimage\"},\"thumbnailUrl\":\"https:\/\/gymfactory.eu\/wp-content\/uploads\/2025\/02\/incline-bench-press-full-station-1-1.webp\",\"datePublished\":\"2025-02-10T13:34:25+00:00\",\"description\":\"Banc inclin\u00e9 parfait pour des id\u00e9es de home gym. Angles r\u00e9glables pour des entra\u00eenements polyvalents des pectoraux, \u00e9paules et bras. Design compact et supporte jusqu\u2019\u00e0 350 kg.\",\"breadcrumb\":{\"@id\":\"https:\/\/gymfactory.eu\/fr\/produit\/banc-developpe-incline-a2x\/#breadcrumb\"},\"inLanguage\":\"fr-FR\",\"potentialAction\":[{\"@type\":\"ReadAction\",\"target\":[\"https:\/\/gymfactory.eu\/fr\/produit\/banc-developpe-incline-a2x\/\"]}]},{\"@type\":\"ImageObject\",\"inLanguage\":\"fr-FR\",\"@id\":\"https:\/\/gymfactory.eu\/fr\/produit\/banc-developpe-incline-a2x\/#primaryimage\",\"url\":\"https:\/\/gymfactory.eu\/wp-content\/uploads\/2025\/02\/incline-bench-press-full-station-1-1.webp\",\"contentUrl\":\"https:\/\/gymfactory.eu\/wp-content\/uploads\/2025\/02\/incline-bench-press-full-station-1-1.webp\",\"width\":1500,\"height\":1500,\"caption\":\"Vue d\u2019un banc de d\u00e9velopp\u00e9 inclin\u00e9 construit avec un cadre en acier solide, un si\u00e8ge r\u00e9glable et un emplacement pour les pieds pour un soutien accru. Cet \u00e9quipement de salle de sport pour les pectoraux est parfait pour am\u00e9liorer la force du haut du corps et la croissance musculaire.\"},{\"@type\":\"BreadcrumbList\",\"@id\":\"https:\/\/gymfactory.eu\/fr\/produit\/banc-developpe-incline-a2x\/#breadcrumb\",\"itemListElement\":[{\"@type\":\"ListItem\",\"position\":1,\"name\":\"Home\",\"item\":\"https:\/\/gymfactory.eu\/fr\/\"},{\"@type\":\"ListItem\",\"position\":2,\"name\":\"Catalogue\",\"item\":\"https:\/\/gymfactory.eu\/fr\/catalogue-2\/\"},{\"@type\":\"ListItem\",\"position\":3,\"name\":\"Banc D\u00e9velopp\u00e9 Inclin\u00e9 A2X\"}]},{\"@type\":\"WebSite\",\"@id\":\"https:\/\/gymfactory.eu\/fr\/#website\",\"url\":\"https:\/\/gymfactory.eu\/fr\/\",\"name\":\"Gym Factory\",\"description\":\"\",\"publisher\":{\"@id\":\"https:\/\/gymfactory.eu\/fr\/#organization\"},\"potentialAction\":[{\"@type\":\"SearchAction\",\"target\":{\"@type\":\"EntryPoint\",\"urlTemplate\":\"https:\/\/gymfactory.eu\/fr\/?s={search_term_string}\"},\"query-input\":{\"@type\":\"PropertyValueSpecification\",\"valueRequired\":true,\"valueName\":\"search_term_string\"}}],\"inLanguage\":\"fr-FR\"},{\"@type\":\"Organization\",\"@id\":\"https:\/\/gymfactory.eu\/fr\/#organization\",\"name\":\"Gym Factory\",\"url\":\"https:\/\/gymfactory.eu\/fr\/\",\"logo\":{\"@type\":\"ImageObject\",\"inLanguage\":\"fr-FR\",\"@id\":\"https:\/\/gymfactory.eu\/fr\/#\/schema\/logo\/image\/\",\"url\":\"https:\/\/gymfactory.eu\/wp-content\/uploads\/2024\/11\/Component-1.svg\",\"contentUrl\":\"https:\/\/gymfactory.eu\/wp-content\/uploads\/2024\/11\/Component-1.svg\",\"width\":54,\"height\":44,\"caption\":\"Gym Factory\"},\"image\":{\"@id\":\"https:\/\/gymfactory.eu\/fr\/#\/schema\/logo\/image\/\"}}]}<\/script>\n<!-- \/ Yoast SEO plugin. -->","yoast_head_json":{"title":"Banc D\u00e9velopp\u00e9 Inclin\u00e9 A2X \u2013 \u00c9quipement de Salle pour Pectoraux","description":"Banc inclin\u00e9 parfait pour des id\u00e9es de home gym. Angles r\u00e9glables pour des entra\u00eenements polyvalents des pectoraux, \u00e9paules et bras. Design compact et supporte jusqu\u2019\u00e0 350 kg.","robots":{"index":"index","follow":"follow","max-snippet":"max-snippet:-1","max-image-preview":"max-image-preview:large","max-video-preview":"max-video-preview:-1"},"canonical":"https:\/\/gymfactory.eu\/fr\/produit\/banc-developpe-incline-a2x\/","og_locale":"fr_FR","og_type":"article","og_title":"Banc D\u00e9velopp\u00e9 Inclin\u00e9 A2X \u2013 \u00c9quipement de Salle pour Pectoraux","og_description":"Banc inclin\u00e9 parfait pour des id\u00e9es de home gym. Angles r\u00e9glables pour des entra\u00eenements polyvalents des pectoraux, \u00e9paules et bras. Design compact et supporte jusqu\u2019\u00e0 350 kg.","og_url":"https:\/\/gymfactory.eu\/fr\/produit\/banc-developpe-incline-a2x\/","og_site_name":"Gym Factory","og_image":[{"width":1500,"height":1500,"url":"https:\/\/gymfactory.eu\/wp-content\/uploads\/2025\/02\/incline-bench-press-full-station-1-1.webp","type":"image\/webp"}],"twitter_card":"summary_large_image","twitter_misc":{"Dur\u00e9e de lecture estim\u00e9e":"1 minute"},"schema":{"@context":"https:\/\/schema.org","@graph":[{"@type":"WebPage","@id":"https:\/\/gymfactory.eu\/fr\/produit\/banc-developpe-incline-a2x\/","url":"https:\/\/gymfactory.eu\/fr\/produit\/banc-developpe-incline-a2x\/","name":"Banc D\u00e9velopp\u00e9 Inclin\u00e9 A2X \u2013 \u00c9quipement de Salle pour Pectoraux","isPartOf":{"@id":"https:\/\/gymfactory.eu\/fr\/#website"},"primaryImageOfPage":{"@id":"https:\/\/gymfactory.eu\/fr\/produit\/banc-developpe-incline-a2x\/#primaryimage"},"image":{"@id":"https:\/\/gymfactory.eu\/fr\/produit\/banc-developpe-incline-a2x\/#primaryimage"},"thumbnailUrl":"https:\/\/gymfactory.eu\/wp-content\/uploads\/2025\/02\/incline-bench-press-full-station-1-1.webp","datePublished":"2025-02-10T13:34:25+00:00","description":"Banc inclin\u00e9 parfait pour des id\u00e9es de home gym. Angles r\u00e9glables pour des entra\u00eenements polyvalents des pectoraux, \u00e9paules et bras. Design compact et supporte jusqu\u2019\u00e0 350 kg.","breadcrumb":{"@id":"https:\/\/gymfactory.eu\/fr\/produit\/banc-developpe-incline-a2x\/#breadcrumb"},"inLanguage":"fr-FR","potentialAction":[{"@type":"ReadAction","target":["https:\/\/gymfactory.eu\/fr\/produit\/banc-developpe-incline-a2x\/"]}]},{"@type":"ImageObject","inLanguage":"fr-FR","@id":"https:\/\/gymfactory.eu\/fr\/produit\/banc-developpe-incline-a2x\/#primaryimage","url":"https:\/\/gymfactory.eu\/wp-content\/uploads\/2025\/02\/incline-bench-press-full-station-1-1.webp","contentUrl":"https:\/\/gymfactory.eu\/wp-content\/uploads\/2025\/02\/incline-bench-press-full-station-1-1.webp","width":1500,"height":1500,"caption":"Vue d\u2019un banc de d\u00e9velopp\u00e9 inclin\u00e9 construit avec un cadre en acier solide, un si\u00e8ge r\u00e9glable et un emplacement pour les pieds pour un soutien accru. Cet \u00e9quipement de salle de sport pour les pectoraux est parfait pour am\u00e9liorer la force du haut du corps et la croissance musculaire."},{"@type":"BreadcrumbList","@id":"https:\/\/gymfactory.eu\/fr\/produit\/banc-developpe-incline-a2x\/#breadcrumb","itemListElement":[{"@type":"ListItem","position":1,"name":"Home","item":"https:\/\/gymfactory.eu\/fr\/"},{"@type":"ListItem","position":2,"name":"Catalogue","item":"https:\/\/gymfactory.eu\/fr\/catalogue-2\/"},{"@type":"ListItem","position":3,"name":"Banc D\u00e9velopp\u00e9 Inclin\u00e9 A2X"}]},{"@type":"WebSite","@id":"https:\/\/gymfactory.eu\/fr\/#website","url":"https:\/\/gymfactory.eu\/fr\/","name":"Gym Factory","description":"","publisher":{"@id":"https:\/\/gymfactory.eu\/fr\/#organization"},"potentialAction":[{"@type":"SearchAction","target":{"@type":"EntryPoint","urlTemplate":"https:\/\/gymfactory.eu\/fr\/?s={search_term_string}"},"query-input":{"@type":"PropertyValueSpecification","valueRequired":true,"valueName":"search_term_string"}}],"inLanguage":"fr-FR"},{"@type":"Organization","@id":"https:\/\/gymfactory.eu\/fr\/#organization","name":"Gym Factory","url":"https:\/\/gymfactory.eu\/fr\/","logo":{"@type":"ImageObject","inLanguage":"fr-FR","@id":"https:\/\/gymfactory.eu\/fr\/#\/schema\/logo\/image\/","url":"https:\/\/gymfactory.eu\/wp-content\/uploads\/2024\/11\/Component-1.svg","contentUrl":"https:\/\/gymfactory.eu\/wp-content\/uploads\/2024\/11\/Component-1.svg","width":54,"height":44,"caption":"Gym Factory"},"image":{"@id":"https:\/\/gymfactory.eu\/fr\/#\/schema\/logo\/image\/"}}]}},"_links":{"self":[{"href":"https:\/\/gymfactory.eu\/fr\/wp-json\/wp\/v2\/product\/26194","targetHints":{"allow":["GET"]}}],"collection":[{"href":"https:\/\/gymfactory.eu\/fr\/wp-json\/wp\/v2\/product"}],"about":[{"href":"https:\/\/gymfactory.eu\/fr\/wp-json\/wp\/v2\/types\/product"}],"wp:featuredmedia":[{"embeddable":true,"href":"https:\/\/gymfactory.eu\/fr\/wp-json\/wp\/v2\/media\/10949"}],"wp:attachment":[{"href":"https:\/\/gymfactory.eu\/fr\/wp-json\/wp\/v2\/media?parent=26194"}],"wp:term":[{"taxonomy":"product_brand","embeddable":true,"href":"https:\/\/gymfactory.eu\/fr\/wp-json\/wp\/v2\/product_brand?post=26194"},{"taxonomy":"product_cat","embeddable":true,"href":"https:\/\/gymfactory.eu\/fr\/wp-json\/wp\/v2\/product_cat?post=26194"},{"taxonomy":"product_tag","embeddable":true,"href":"https:\/\/gymfactory.eu\/fr\/wp-json\/wp\/v2\/product_tag?post=26194"}],"curies":[{"name":"wp","href":"https:\/\/api.w.org\/{rel}","templated":true}]}}