{"id":26190,"date":"2025-02-10T15:20:03","date_gmt":"2025-02-10T13:20:03","guid":{"rendered":"https:\/\/gymfactory.eu\/product\/banc-developpe-incline-olympique-a2\/"},"modified":"2025-02-10T15:20:03","modified_gmt":"2025-02-10T13:20:03","slug":"banc-developpe-incline-olympique-a2","status":"publish","type":"product","link":"https:\/\/gymfactory.eu\/fr\/produit\/banc-developpe-incline-olympique-a2\/","title":{"rendered":"Banc D\u00e9velopp\u00e9 Inclin\u00e9 Olympique A2"},"content":{"rendered":"<p>Le Banc D\u00e9velopp\u00e9 Inclin\u00e9 Olympique est un banc inclin\u00e9 stable con\u00e7u pour l\u2019entra\u00eenement du haut des pectoraux \u00e0 la barre. Adapt\u00e9 comme bon \u00e9quipement de home gym et de salle de sport commerciale, il soutient les routines d\u2019exercices sur banc ax\u00e9es sur le d\u00e9veloppement de la force. <\/p>\n<p>Le banc dispose de multiples positions de repose-barre (racks) pour s\u2019adapter \u00e0 la taille de diff\u00e9rents utilisateurs et aux amplitudes de pouss\u00e9e. La hauteur du si\u00e8ge est r\u00e9glable, aidant les utilisateurs \u00e0 trouver une position inclin\u00e9e confortable et efficace. <\/p>\n<p>Un choix solide pour un entra\u00eenement cibl\u00e9 du haut des pectoraux dans le cadre de s\u00e9ances de force structur\u00e9es.<\/p>\n\n    <div class=\"xs_social_share_widget xs_share_url after_content \t\tmain_content  wslu-style-1 wslu-share-box-shaped wslu-fill-colored wslu-none wslu-share-horizontal wslu-theme-font-no wslu-main_content\">\n\n\t\t\n        <ul>\n\t\t\t        <\/ul>\n    <\/div> \n","protected":false},"excerpt":{"rendered":"<p>Le Banc D\u00e9velopp\u00e9 Inclin\u00e9 Olympique est un banc inclin\u00e9 stable con\u00e7u pour l\u2019entra\u00eenement du haut des pectoraux \u00e0 la barre. Adapt\u00e9 comme bon \u00e9quipement de home gym et de salle de sport commerciale, il soutient les routines d\u2019exercices sur banc ax\u00e9es sur le d\u00e9veloppement de la force. Le banc dispose de multiples positions de repose-barre [&hellip;]<\/p>\n","protected":false},"featured_media":10944,"template":"","meta":{"_acf_changed":false},"product_brand":[56],"product_cat":[836],"product_tag":[],"class_list":{"0":"post-26190","1":"product","2":"type-product","3":"status-publish","4":"has-post-thumbnail","6":"product_brand-gym-factory","7":"product_cat-bancs-de-musculation","9":"first","10":"onbackorder","11":"taxable","12":"shipping-taxable","13":"purchasable","14":"product-type-variable","15":"has-default-attributes"},"acf":[],"yoast_head":"<!-- This site is optimized with the Yoast SEO plugin v25.2 - https:\/\/yoast.com\/wordpress\/plugins\/seo\/ -->\n<title>Banc D\u00e9velopp\u00e9 Inclin\u00e9 A2 \u2013 Pour Home Gym et Usage Commercial<\/title>\n<meta name=\"description\" content=\"Banc inclin\u00e9, bon \u00e9quipement de home gym pour des entra\u00eenements polyvalents du haut du corps. R\u00e9glable, robuste, cible les pectoraux et les \u00e9paules. Supporte jusqu\u2019\u00e0 350 kg.\" \/>\n<meta name=\"robots\" content=\"index, follow, max-snippet:-1, max-image-preview:large, max-video-preview:-1\" \/>\n<link rel=\"canonical\" href=\"https:\/\/gymfactory.eu\/fr\/produit\/banc-developpe-incline-olympique-a2\/\" \/>\n<meta property=\"og:locale\" content=\"fr_FR\" \/>\n<meta property=\"og:type\" content=\"article\" \/>\n<meta property=\"og:title\" content=\"Banc D\u00e9velopp\u00e9 Inclin\u00e9 A2 \u2013 Pour Home Gym et Usage Commercial\" \/>\n<meta property=\"og:description\" content=\"Banc inclin\u00e9, bon \u00e9quipement de home gym pour des entra\u00eenements polyvalents du haut du corps. R\u00e9glable, robuste, cible les pectoraux et les \u00e9paules. Supporte jusqu\u2019\u00e0 350 kg.\" \/>\n<meta property=\"og:url\" content=\"https:\/\/gymfactory.eu\/fr\/produit\/banc-developpe-incline-olympique-a2\/\" \/>\n<meta property=\"og:site_name\" content=\"Gym Factory\" \/>\n<meta property=\"og:image\" content=\"https:\/\/gymfactory.eu\/wp-content\/uploads\/2025\/02\/bench-press-incline-station-1-1.webp\" \/>\n\t<meta property=\"og:image:width\" content=\"1500\" \/>\n\t<meta property=\"og:image:height\" content=\"1500\" \/>\n\t<meta property=\"og:image:type\" content=\"image\/webp\" \/>\n<meta name=\"twitter:card\" content=\"summary_large_image\" \/>\n<meta name=\"twitter:label1\" content=\"Dur\u00e9e de lecture estim\u00e9e\" \/>\n\t<meta name=\"twitter:data1\" content=\"1 minute\" \/>\n<script type=\"application\/ld+json\" class=\"yoast-schema-graph\">{\"@context\":\"https:\/\/schema.org\",\"@graph\":[{\"@type\":\"WebPage\",\"@id\":\"https:\/\/gymfactory.eu\/fr\/produit\/banc-developpe-incline-olympique-a2\/\",\"url\":\"https:\/\/gymfactory.eu\/fr\/produit\/banc-developpe-incline-olympique-a2\/\",\"name\":\"Banc D\u00e9velopp\u00e9 Inclin\u00e9 A2 \u2013 Pour Home Gym et Usage Commercial\",\"isPartOf\":{\"@id\":\"https:\/\/gymfactory.eu\/fr\/#website\"},\"primaryImageOfPage\":{\"@id\":\"https:\/\/gymfactory.eu\/fr\/produit\/banc-developpe-incline-olympique-a2\/#primaryimage\"},\"image\":{\"@id\":\"https:\/\/gymfactory.eu\/fr\/produit\/banc-developpe-incline-olympique-a2\/#primaryimage\"},\"thumbnailUrl\":\"https:\/\/gymfactory.eu\/wp-content\/uploads\/2025\/02\/bench-press-incline-station-1-1.webp\",\"datePublished\":\"2025-02-10T13:20:03+00:00\",\"description\":\"Banc inclin\u00e9, bon \u00e9quipement de home gym pour des entra\u00eenements polyvalents du haut du corps. R\u00e9glable, robuste, cible les pectoraux et les \u00e9paules. Supporte jusqu\u2019\u00e0 350 kg.\",\"breadcrumb\":{\"@id\":\"https:\/\/gymfactory.eu\/fr\/produit\/banc-developpe-incline-olympique-a2\/#breadcrumb\"},\"inLanguage\":\"fr-FR\",\"potentialAction\":[{\"@type\":\"ReadAction\",\"target\":[\"https:\/\/gymfactory.eu\/fr\/produit\/banc-developpe-incline-olympique-a2\/\"]}]},{\"@type\":\"ImageObject\",\"inLanguage\":\"fr-FR\",\"@id\":\"https:\/\/gymfactory.eu\/fr\/produit\/banc-developpe-incline-olympique-a2\/#primaryimage\",\"url\":\"https:\/\/gymfactory.eu\/wp-content\/uploads\/2025\/02\/bench-press-incline-station-1-1.webp\",\"contentUrl\":\"https:\/\/gymfactory.eu\/wp-content\/uploads\/2025\/02\/bench-press-incline-station-1-1.webp\",\"width\":1500,\"height\":1500,\"caption\":\"Vue d\u2019un banc de d\u00e9velopp\u00e9 inclin\u00e9 construit avec un cadre en acier solide, un si\u00e8ge r\u00e9glable et un emplacement pour les pieds pour un soutien accru. Cet \u00e9quipement de salle de sport pour les pectoraux est parfait pour am\u00e9liorer la force du haut du corps et la croissance musculaire.\"},{\"@type\":\"BreadcrumbList\",\"@id\":\"https:\/\/gymfactory.eu\/fr\/produit\/banc-developpe-incline-olympique-a2\/#breadcrumb\",\"itemListElement\":[{\"@type\":\"ListItem\",\"position\":1,\"name\":\"Home\",\"item\":\"https:\/\/gymfactory.eu\/fr\/\"},{\"@type\":\"ListItem\",\"position\":2,\"name\":\"Catalogue\",\"item\":\"https:\/\/gymfactory.eu\/fr\/catalogue-2\/\"},{\"@type\":\"ListItem\",\"position\":3,\"name\":\"Banc D\u00e9velopp\u00e9 Inclin\u00e9 Olympique A2\"}]},{\"@type\":\"WebSite\",\"@id\":\"https:\/\/gymfactory.eu\/fr\/#website\",\"url\":\"https:\/\/gymfactory.eu\/fr\/\",\"name\":\"Gym Factory\",\"description\":\"\",\"publisher\":{\"@id\":\"https:\/\/gymfactory.eu\/fr\/#organization\"},\"potentialAction\":[{\"@type\":\"SearchAction\",\"target\":{\"@type\":\"EntryPoint\",\"urlTemplate\":\"https:\/\/gymfactory.eu\/fr\/?s={search_term_string}\"},\"query-input\":{\"@type\":\"PropertyValueSpecification\",\"valueRequired\":true,\"valueName\":\"search_term_string\"}}],\"inLanguage\":\"fr-FR\"},{\"@type\":\"Organization\",\"@id\":\"https:\/\/gymfactory.eu\/fr\/#organization\",\"name\":\"Gym Factory\",\"url\":\"https:\/\/gymfactory.eu\/fr\/\",\"logo\":{\"@type\":\"ImageObject\",\"inLanguage\":\"fr-FR\",\"@id\":\"https:\/\/gymfactory.eu\/fr\/#\/schema\/logo\/image\/\",\"url\":\"https:\/\/gymfactory.eu\/wp-content\/uploads\/2024\/11\/Component-1.svg\",\"contentUrl\":\"https:\/\/gymfactory.eu\/wp-content\/uploads\/2024\/11\/Component-1.svg\",\"width\":54,\"height\":44,\"caption\":\"Gym Factory\"},\"image\":{\"@id\":\"https:\/\/gymfactory.eu\/fr\/#\/schema\/logo\/image\/\"}}]}<\/script>\n<!-- \/ Yoast SEO plugin. -->","yoast_head_json":{"title":"Banc D\u00e9velopp\u00e9 Inclin\u00e9 A2 \u2013 Pour Home Gym et Usage Commercial","description":"Banc inclin\u00e9, bon \u00e9quipement de home gym pour des entra\u00eenements polyvalents du haut du corps. R\u00e9glable, robuste, cible les pectoraux et les \u00e9paules. Supporte jusqu\u2019\u00e0 350 kg.","robots":{"index":"index","follow":"follow","max-snippet":"max-snippet:-1","max-image-preview":"max-image-preview:large","max-video-preview":"max-video-preview:-1"},"canonical":"https:\/\/gymfactory.eu\/fr\/produit\/banc-developpe-incline-olympique-a2\/","og_locale":"fr_FR","og_type":"article","og_title":"Banc D\u00e9velopp\u00e9 Inclin\u00e9 A2 \u2013 Pour Home Gym et Usage Commercial","og_description":"Banc inclin\u00e9, bon \u00e9quipement de home gym pour des entra\u00eenements polyvalents du haut du corps. R\u00e9glable, robuste, cible les pectoraux et les \u00e9paules. Supporte jusqu\u2019\u00e0 350 kg.","og_url":"https:\/\/gymfactory.eu\/fr\/produit\/banc-developpe-incline-olympique-a2\/","og_site_name":"Gym Factory","og_image":[{"width":1500,"height":1500,"url":"https:\/\/gymfactory.eu\/wp-content\/uploads\/2025\/02\/bench-press-incline-station-1-1.webp","type":"image\/webp"}],"twitter_card":"summary_large_image","twitter_misc":{"Dur\u00e9e de lecture estim\u00e9e":"1 minute"},"schema":{"@context":"https:\/\/schema.org","@graph":[{"@type":"WebPage","@id":"https:\/\/gymfactory.eu\/fr\/produit\/banc-developpe-incline-olympique-a2\/","url":"https:\/\/gymfactory.eu\/fr\/produit\/banc-developpe-incline-olympique-a2\/","name":"Banc D\u00e9velopp\u00e9 Inclin\u00e9 A2 \u2013 Pour Home Gym et Usage Commercial","isPartOf":{"@id":"https:\/\/gymfactory.eu\/fr\/#website"},"primaryImageOfPage":{"@id":"https:\/\/gymfactory.eu\/fr\/produit\/banc-developpe-incline-olympique-a2\/#primaryimage"},"image":{"@id":"https:\/\/gymfactory.eu\/fr\/produit\/banc-developpe-incline-olympique-a2\/#primaryimage"},"thumbnailUrl":"https:\/\/gymfactory.eu\/wp-content\/uploads\/2025\/02\/bench-press-incline-station-1-1.webp","datePublished":"2025-02-10T13:20:03+00:00","description":"Banc inclin\u00e9, bon \u00e9quipement de home gym pour des entra\u00eenements polyvalents du haut du corps. R\u00e9glable, robuste, cible les pectoraux et les \u00e9paules. Supporte jusqu\u2019\u00e0 350 kg.","breadcrumb":{"@id":"https:\/\/gymfactory.eu\/fr\/produit\/banc-developpe-incline-olympique-a2\/#breadcrumb"},"inLanguage":"fr-FR","potentialAction":[{"@type":"ReadAction","target":["https:\/\/gymfactory.eu\/fr\/produit\/banc-developpe-incline-olympique-a2\/"]}]},{"@type":"ImageObject","inLanguage":"fr-FR","@id":"https:\/\/gymfactory.eu\/fr\/produit\/banc-developpe-incline-olympique-a2\/#primaryimage","url":"https:\/\/gymfactory.eu\/wp-content\/uploads\/2025\/02\/bench-press-incline-station-1-1.webp","contentUrl":"https:\/\/gymfactory.eu\/wp-content\/uploads\/2025\/02\/bench-press-incline-station-1-1.webp","width":1500,"height":1500,"caption":"Vue d\u2019un banc de d\u00e9velopp\u00e9 inclin\u00e9 construit avec un cadre en acier solide, un si\u00e8ge r\u00e9glable et un emplacement pour les pieds pour un soutien accru. Cet \u00e9quipement de salle de sport pour les pectoraux est parfait pour am\u00e9liorer la force du haut du corps et la croissance musculaire."},{"@type":"BreadcrumbList","@id":"https:\/\/gymfactory.eu\/fr\/produit\/banc-developpe-incline-olympique-a2\/#breadcrumb","itemListElement":[{"@type":"ListItem","position":1,"name":"Home","item":"https:\/\/gymfactory.eu\/fr\/"},{"@type":"ListItem","position":2,"name":"Catalogue","item":"https:\/\/gymfactory.eu\/fr\/catalogue-2\/"},{"@type":"ListItem","position":3,"name":"Banc D\u00e9velopp\u00e9 Inclin\u00e9 Olympique A2"}]},{"@type":"WebSite","@id":"https:\/\/gymfactory.eu\/fr\/#website","url":"https:\/\/gymfactory.eu\/fr\/","name":"Gym Factory","description":"","publisher":{"@id":"https:\/\/gymfactory.eu\/fr\/#organization"},"potentialAction":[{"@type":"SearchAction","target":{"@type":"EntryPoint","urlTemplate":"https:\/\/gymfactory.eu\/fr\/?s={search_term_string}"},"query-input":{"@type":"PropertyValueSpecification","valueRequired":true,"valueName":"search_term_string"}}],"inLanguage":"fr-FR"},{"@type":"Organization","@id":"https:\/\/gymfactory.eu\/fr\/#organization","name":"Gym Factory","url":"https:\/\/gymfactory.eu\/fr\/","logo":{"@type":"ImageObject","inLanguage":"fr-FR","@id":"https:\/\/gymfactory.eu\/fr\/#\/schema\/logo\/image\/","url":"https:\/\/gymfactory.eu\/wp-content\/uploads\/2024\/11\/Component-1.svg","contentUrl":"https:\/\/gymfactory.eu\/wp-content\/uploads\/2024\/11\/Component-1.svg","width":54,"height":44,"caption":"Gym Factory"},"image":{"@id":"https:\/\/gymfactory.eu\/fr\/#\/schema\/logo\/image\/"}}]}},"_links":{"self":[{"href":"https:\/\/gymfactory.eu\/fr\/wp-json\/wp\/v2\/product\/26190","targetHints":{"allow":["GET"]}}],"collection":[{"href":"https:\/\/gymfactory.eu\/fr\/wp-json\/wp\/v2\/product"}],"about":[{"href":"https:\/\/gymfactory.eu\/fr\/wp-json\/wp\/v2\/types\/product"}],"wp:featuredmedia":[{"embeddable":true,"href":"https:\/\/gymfactory.eu\/fr\/wp-json\/wp\/v2\/media\/10944"}],"wp:attachment":[{"href":"https:\/\/gymfactory.eu\/fr\/wp-json\/wp\/v2\/media?parent=26190"}],"wp:term":[{"taxonomy":"product_brand","embeddable":true,"href":"https:\/\/gymfactory.eu\/fr\/wp-json\/wp\/v2\/product_brand?post=26190"},{"taxonomy":"product_cat","embeddable":true,"href":"https:\/\/gymfactory.eu\/fr\/wp-json\/wp\/v2\/product_cat?post=26190"},{"taxonomy":"product_tag","embeddable":true,"href":"https:\/\/gymfactory.eu\/fr\/wp-json\/wp\/v2\/product_tag?post=26190"}],"curies":[{"name":"wp","href":"https:\/\/api.w.org\/{rel}","templated":true}]}}