{"id":26185,"date":"2025-02-10T15:10:32","date_gmt":"2025-02-10T13:10:32","guid":{"rendered":"https:\/\/gymfactory.eu\/product\/banc-developpe-couche-olympique-a1x\/"},"modified":"2025-02-10T15:10:32","modified_gmt":"2025-02-10T13:10:32","slug":"banc-developpe-couche-olympique-a1x","status":"publish","type":"product","link":"https:\/\/gymfactory.eu\/fr\/produit\/banc-developpe-couche-olympique-a1x\/","title":{"rendered":"Banc D\u00e9velopp\u00e9 Couch\u00e9 Olympique A1X"},"content":{"rendered":"<p>Le Banc D\u00e9velopp\u00e9 Couch\u00e9 Olympique est une unit\u00e9 de banc plat stable con\u00e7ue pour un entra\u00eenement cibl\u00e9 de la force des pectoraux. Fabriqu\u00e9 comme un \u00e9quipement de salle de sport fiable, il s\u2019int\u00e8gre bien dans les environnements domestiques et commerciaux comme l\u2019un des meilleurs produits de home gym ou de salle de sport commerciale. <\/p>\n<p>Le banc dispose d\u2019une position de d\u00e9part r\u00e9glable pour s\u2019adapter \u00e0 la taille des diff\u00e9rents utilisateurs ou aux pr\u00e9f\u00e9rences de trajectoire de barre. Une plateforme arri\u00e8re d\u00e9di\u00e9e offre de l\u2019espace pour qu\u2019un pareur (spotter) puisse assister en toute s\u00e9curit\u00e9 pendant les levages. Cette conception soutient des s\u00e9ances de d\u00e9velopp\u00e9 couch\u00e9 efficaces avec des poids libres, aidant \u00e0 d\u00e9velopper la force du haut du corps gr\u00e2ce \u00e0 un mouvement de barre contr\u00f4l\u00e9.<\/p>\n\n    <div class=\"xs_social_share_widget xs_share_url after_content \t\tmain_content  wslu-style-1 wslu-share-box-shaped wslu-fill-colored wslu-none wslu-share-horizontal wslu-theme-font-no wslu-main_content\">\n\n\t\t\n        <ul>\n\t\t\t        <\/ul>\n    <\/div> \n","protected":false},"excerpt":{"rendered":"<p>Le Banc D\u00e9velopp\u00e9 Couch\u00e9 Olympique est une unit\u00e9 de banc plat stable con\u00e7ue pour un entra\u00eenement cibl\u00e9 de la force des pectoraux. Fabriqu\u00e9 comme un \u00e9quipement de salle de sport fiable, il s\u2019int\u00e8gre bien dans les environnements domestiques et commerciaux comme l\u2019un des meilleurs produits de home gym ou de salle de sport commerciale. Le [&hellip;]<\/p>\n","protected":false},"featured_media":11127,"template":"","meta":{"_acf_changed":false},"product_brand":[56],"product_cat":[836],"product_tag":[],"class_list":{"0":"post-26185","1":"product","2":"type-product","3":"status-publish","4":"has-post-thumbnail","6":"product_brand-gym-factory","7":"product_cat-bancs-de-musculation","9":"first","10":"onbackorder","11":"taxable","12":"shipping-taxable","13":"purchasable","14":"product-type-variable","15":"has-default-attributes"},"acf":[],"yoast_head":"<!-- This site is optimized with the Yoast SEO plugin v25.2 - https:\/\/yoast.com\/wordpress\/plugins\/seo\/ -->\n<title>Banc D\u00e9velopp\u00e9 Couch\u00e9 A1X \u2013 \u00c9quipement de Musculation Commercial &amp; Home Gym<\/title>\n<meta name=\"description\" content=\"Banc de d\u00e9velopp\u00e9 couch\u00e9 puissant pour l\u2019\u00e9quipement de musculation \u00e0 domicile. Renforcez votre poitrine, vos \u00e9paules et votre centre du corps avec ce design robuste et peu encombrant.\" \/>\n<meta name=\"robots\" content=\"index, follow, max-snippet:-1, max-image-preview:large, max-video-preview:-1\" \/>\n<link rel=\"canonical\" href=\"https:\/\/gymfactory.eu\/fr\/produit\/banc-developpe-couche-olympique-a1x\/\" \/>\n<meta property=\"og:locale\" content=\"fr_FR\" \/>\n<meta property=\"og:type\" content=\"article\" \/>\n<meta property=\"og:title\" content=\"Banc D\u00e9velopp\u00e9 Couch\u00e9 A1X \u2013 \u00c9quipement de Musculation Commercial &amp; Home Gym\" \/>\n<meta property=\"og:description\" content=\"Banc de d\u00e9velopp\u00e9 couch\u00e9 puissant pour l\u2019\u00e9quipement de musculation \u00e0 domicile. Renforcez votre poitrine, vos \u00e9paules et votre centre du corps avec ce design robuste et peu encombrant.\" \/>\n<meta property=\"og:url\" content=\"https:\/\/gymfactory.eu\/fr\/produit\/banc-developpe-couche-olympique-a1x\/\" \/>\n<meta property=\"og:site_name\" content=\"Gym Factory\" \/>\n<meta property=\"og:image\" content=\"https:\/\/gymfactory.eu\/wp-content\/uploads\/2025\/02\/bench-press-station-grey-1.webp\" \/>\n\t<meta property=\"og:image:width\" content=\"1500\" \/>\n\t<meta property=\"og:image:height\" content=\"1500\" \/>\n\t<meta property=\"og:image:type\" content=\"image\/webp\" \/>\n<meta name=\"twitter:card\" content=\"summary_large_image\" \/>\n<meta name=\"twitter:label1\" content=\"Dur\u00e9e de lecture estim\u00e9e\" \/>\n\t<meta name=\"twitter:data1\" content=\"1 minute\" \/>\n<script type=\"application\/ld+json\" class=\"yoast-schema-graph\">{\"@context\":\"https:\/\/schema.org\",\"@graph\":[{\"@type\":\"WebPage\",\"@id\":\"https:\/\/gymfactory.eu\/fr\/produit\/banc-developpe-couche-olympique-a1x\/\",\"url\":\"https:\/\/gymfactory.eu\/fr\/produit\/banc-developpe-couche-olympique-a1x\/\",\"name\":\"Banc D\u00e9velopp\u00e9 Couch\u00e9 A1X \u2013 \u00c9quipement de Musculation Commercial & Home Gym\",\"isPartOf\":{\"@id\":\"https:\/\/gymfactory.eu\/fr\/#website\"},\"primaryImageOfPage\":{\"@id\":\"https:\/\/gymfactory.eu\/fr\/produit\/banc-developpe-couche-olympique-a1x\/#primaryimage\"},\"image\":{\"@id\":\"https:\/\/gymfactory.eu\/fr\/produit\/banc-developpe-couche-olympique-a1x\/#primaryimage\"},\"thumbnailUrl\":\"https:\/\/gymfactory.eu\/wp-content\/uploads\/2025\/02\/bench-press-station-grey-1.webp\",\"datePublished\":\"2025-02-10T13:10:32+00:00\",\"description\":\"Banc de d\u00e9velopp\u00e9 couch\u00e9 puissant pour l\u2019\u00e9quipement de musculation \u00e0 domicile. Renforcez votre poitrine, vos \u00e9paules et votre centre du corps avec ce design robuste et peu encombrant.\",\"breadcrumb\":{\"@id\":\"https:\/\/gymfactory.eu\/fr\/produit\/banc-developpe-couche-olympique-a1x\/#breadcrumb\"},\"inLanguage\":\"fr-FR\",\"potentialAction\":[{\"@type\":\"ReadAction\",\"target\":[\"https:\/\/gymfactory.eu\/fr\/produit\/banc-developpe-couche-olympique-a1x\/\"]}]},{\"@type\":\"ImageObject\",\"inLanguage\":\"fr-FR\",\"@id\":\"https:\/\/gymfactory.eu\/fr\/produit\/banc-developpe-couche-olympique-a1x\/#primaryimage\",\"url\":\"https:\/\/gymfactory.eu\/wp-content\/uploads\/2025\/02\/bench-press-station-grey-1.webp\",\"contentUrl\":\"https:\/\/gymfactory.eu\/wp-content\/uploads\/2025\/02\/bench-press-station-grey-1.webp\",\"width\":1500,\"height\":1500,\"caption\":\"Un \u00e9quipement de salle de sport pour les pectoraux pr\u00e9sentant une station de d\u00e9velopp\u00e9 couch\u00e9 grise avec un banc plat rembourr\u00e9 noir. Le cadre en acier robuste comprend des supports de barre r\u00e9glables et des \u00e9pis de rangement pour poids con\u00e7us pour l\u2019entra\u00eenement de force et le levage de charges lourdes.\"},{\"@type\":\"BreadcrumbList\",\"@id\":\"https:\/\/gymfactory.eu\/fr\/produit\/banc-developpe-couche-olympique-a1x\/#breadcrumb\",\"itemListElement\":[{\"@type\":\"ListItem\",\"position\":1,\"name\":\"Home\",\"item\":\"https:\/\/gymfactory.eu\/fr\/\"},{\"@type\":\"ListItem\",\"position\":2,\"name\":\"Catalogue\",\"item\":\"https:\/\/gymfactory.eu\/fr\/catalogue-2\/\"},{\"@type\":\"ListItem\",\"position\":3,\"name\":\"Banc D\u00e9velopp\u00e9 Couch\u00e9 Olympique A1X\"}]},{\"@type\":\"WebSite\",\"@id\":\"https:\/\/gymfactory.eu\/fr\/#website\",\"url\":\"https:\/\/gymfactory.eu\/fr\/\",\"name\":\"Gym Factory\",\"description\":\"\",\"publisher\":{\"@id\":\"https:\/\/gymfactory.eu\/fr\/#organization\"},\"potentialAction\":[{\"@type\":\"SearchAction\",\"target\":{\"@type\":\"EntryPoint\",\"urlTemplate\":\"https:\/\/gymfactory.eu\/fr\/?s={search_term_string}\"},\"query-input\":{\"@type\":\"PropertyValueSpecification\",\"valueRequired\":true,\"valueName\":\"search_term_string\"}}],\"inLanguage\":\"fr-FR\"},{\"@type\":\"Organization\",\"@id\":\"https:\/\/gymfactory.eu\/fr\/#organization\",\"name\":\"Gym Factory\",\"url\":\"https:\/\/gymfactory.eu\/fr\/\",\"logo\":{\"@type\":\"ImageObject\",\"inLanguage\":\"fr-FR\",\"@id\":\"https:\/\/gymfactory.eu\/fr\/#\/schema\/logo\/image\/\",\"url\":\"https:\/\/gymfactory.eu\/wp-content\/uploads\/2024\/11\/Component-1.svg\",\"contentUrl\":\"https:\/\/gymfactory.eu\/wp-content\/uploads\/2024\/11\/Component-1.svg\",\"width\":54,\"height\":44,\"caption\":\"Gym Factory\"},\"image\":{\"@id\":\"https:\/\/gymfactory.eu\/fr\/#\/schema\/logo\/image\/\"}}]}<\/script>\n<!-- \/ Yoast SEO plugin. -->","yoast_head_json":{"title":"Banc D\u00e9velopp\u00e9 Couch\u00e9 A1X \u2013 \u00c9quipement de Musculation Commercial & Home Gym","description":"Banc de d\u00e9velopp\u00e9 couch\u00e9 puissant pour l\u2019\u00e9quipement de musculation \u00e0 domicile. Renforcez votre poitrine, vos \u00e9paules et votre centre du corps avec ce design robuste et peu encombrant.","robots":{"index":"index","follow":"follow","max-snippet":"max-snippet:-1","max-image-preview":"max-image-preview:large","max-video-preview":"max-video-preview:-1"},"canonical":"https:\/\/gymfactory.eu\/fr\/produit\/banc-developpe-couche-olympique-a1x\/","og_locale":"fr_FR","og_type":"article","og_title":"Banc D\u00e9velopp\u00e9 Couch\u00e9 A1X \u2013 \u00c9quipement de Musculation Commercial & Home Gym","og_description":"Banc de d\u00e9velopp\u00e9 couch\u00e9 puissant pour l\u2019\u00e9quipement de musculation \u00e0 domicile. Renforcez votre poitrine, vos \u00e9paules et votre centre du corps avec ce design robuste et peu encombrant.","og_url":"https:\/\/gymfactory.eu\/fr\/produit\/banc-developpe-couche-olympique-a1x\/","og_site_name":"Gym Factory","og_image":[{"width":1500,"height":1500,"url":"https:\/\/gymfactory.eu\/wp-content\/uploads\/2025\/02\/bench-press-station-grey-1.webp","type":"image\/webp"}],"twitter_card":"summary_large_image","twitter_misc":{"Dur\u00e9e de lecture estim\u00e9e":"1 minute"},"schema":{"@context":"https:\/\/schema.org","@graph":[{"@type":"WebPage","@id":"https:\/\/gymfactory.eu\/fr\/produit\/banc-developpe-couche-olympique-a1x\/","url":"https:\/\/gymfactory.eu\/fr\/produit\/banc-developpe-couche-olympique-a1x\/","name":"Banc D\u00e9velopp\u00e9 Couch\u00e9 A1X \u2013 \u00c9quipement de Musculation Commercial & Home Gym","isPartOf":{"@id":"https:\/\/gymfactory.eu\/fr\/#website"},"primaryImageOfPage":{"@id":"https:\/\/gymfactory.eu\/fr\/produit\/banc-developpe-couche-olympique-a1x\/#primaryimage"},"image":{"@id":"https:\/\/gymfactory.eu\/fr\/produit\/banc-developpe-couche-olympique-a1x\/#primaryimage"},"thumbnailUrl":"https:\/\/gymfactory.eu\/wp-content\/uploads\/2025\/02\/bench-press-station-grey-1.webp","datePublished":"2025-02-10T13:10:32+00:00","description":"Banc de d\u00e9velopp\u00e9 couch\u00e9 puissant pour l\u2019\u00e9quipement de musculation \u00e0 domicile. Renforcez votre poitrine, vos \u00e9paules et votre centre du corps avec ce design robuste et peu encombrant.","breadcrumb":{"@id":"https:\/\/gymfactory.eu\/fr\/produit\/banc-developpe-couche-olympique-a1x\/#breadcrumb"},"inLanguage":"fr-FR","potentialAction":[{"@type":"ReadAction","target":["https:\/\/gymfactory.eu\/fr\/produit\/banc-developpe-couche-olympique-a1x\/"]}]},{"@type":"ImageObject","inLanguage":"fr-FR","@id":"https:\/\/gymfactory.eu\/fr\/produit\/banc-developpe-couche-olympique-a1x\/#primaryimage","url":"https:\/\/gymfactory.eu\/wp-content\/uploads\/2025\/02\/bench-press-station-grey-1.webp","contentUrl":"https:\/\/gymfactory.eu\/wp-content\/uploads\/2025\/02\/bench-press-station-grey-1.webp","width":1500,"height":1500,"caption":"Un \u00e9quipement de salle de sport pour les pectoraux pr\u00e9sentant une station de d\u00e9velopp\u00e9 couch\u00e9 grise avec un banc plat rembourr\u00e9 noir. Le cadre en acier robuste comprend des supports de barre r\u00e9glables et des \u00e9pis de rangement pour poids con\u00e7us pour l\u2019entra\u00eenement de force et le levage de charges lourdes."},{"@type":"BreadcrumbList","@id":"https:\/\/gymfactory.eu\/fr\/produit\/banc-developpe-couche-olympique-a1x\/#breadcrumb","itemListElement":[{"@type":"ListItem","position":1,"name":"Home","item":"https:\/\/gymfactory.eu\/fr\/"},{"@type":"ListItem","position":2,"name":"Catalogue","item":"https:\/\/gymfactory.eu\/fr\/catalogue-2\/"},{"@type":"ListItem","position":3,"name":"Banc D\u00e9velopp\u00e9 Couch\u00e9 Olympique A1X"}]},{"@type":"WebSite","@id":"https:\/\/gymfactory.eu\/fr\/#website","url":"https:\/\/gymfactory.eu\/fr\/","name":"Gym Factory","description":"","publisher":{"@id":"https:\/\/gymfactory.eu\/fr\/#organization"},"potentialAction":[{"@type":"SearchAction","target":{"@type":"EntryPoint","urlTemplate":"https:\/\/gymfactory.eu\/fr\/?s={search_term_string}"},"query-input":{"@type":"PropertyValueSpecification","valueRequired":true,"valueName":"search_term_string"}}],"inLanguage":"fr-FR"},{"@type":"Organization","@id":"https:\/\/gymfactory.eu\/fr\/#organization","name":"Gym Factory","url":"https:\/\/gymfactory.eu\/fr\/","logo":{"@type":"ImageObject","inLanguage":"fr-FR","@id":"https:\/\/gymfactory.eu\/fr\/#\/schema\/logo\/image\/","url":"https:\/\/gymfactory.eu\/wp-content\/uploads\/2024\/11\/Component-1.svg","contentUrl":"https:\/\/gymfactory.eu\/wp-content\/uploads\/2024\/11\/Component-1.svg","width":54,"height":44,"caption":"Gym Factory"},"image":{"@id":"https:\/\/gymfactory.eu\/fr\/#\/schema\/logo\/image\/"}}]}},"_links":{"self":[{"href":"https:\/\/gymfactory.eu\/fr\/wp-json\/wp\/v2\/product\/26185","targetHints":{"allow":["GET"]}}],"collection":[{"href":"https:\/\/gymfactory.eu\/fr\/wp-json\/wp\/v2\/product"}],"about":[{"href":"https:\/\/gymfactory.eu\/fr\/wp-json\/wp\/v2\/types\/product"}],"wp:featuredmedia":[{"embeddable":true,"href":"https:\/\/gymfactory.eu\/fr\/wp-json\/wp\/v2\/media\/11127"}],"wp:attachment":[{"href":"https:\/\/gymfactory.eu\/fr\/wp-json\/wp\/v2\/media?parent=26185"}],"wp:term":[{"taxonomy":"product_brand","embeddable":true,"href":"https:\/\/gymfactory.eu\/fr\/wp-json\/wp\/v2\/product_brand?post=26185"},{"taxonomy":"product_cat","embeddable":true,"href":"https:\/\/gymfactory.eu\/fr\/wp-json\/wp\/v2\/product_cat?post=26185"},{"taxonomy":"product_tag","embeddable":true,"href":"https:\/\/gymfactory.eu\/fr\/wp-json\/wp\/v2\/product_tag?post=26185"}],"curies":[{"name":"wp","href":"https:\/\/api.w.org\/{rel}","templated":true}]}}