{"id":26180,"date":"2025-02-10T14:49:39","date_gmt":"2025-02-10T12:49:39","guid":{"rendered":"https:\/\/gymfactory.eu\/product\/banc-developpe-couche-olympique-a1\/"},"modified":"2025-02-10T14:49:39","modified_gmt":"2025-02-10T12:49:39","slug":"banc-developpe-couche-olympique-a1","status":"publish","type":"product","link":"https:\/\/gymfactory.eu\/fr\/produit\/banc-developpe-couche-olympique-a1\/","title":{"rendered":"Banc D\u00e9velopp\u00e9 Couch\u00e9 Olympique A1"},"content":{"rendered":"<p>Le Banc D\u00e9velopp\u00e9 Couch\u00e9 Olympique A1 est un banc plat classique pour le d\u00e9velopp\u00e9 couch\u00e9, con\u00e7u pour les mouvements de pouss\u00e9e \u00e0 la barre cibl\u00e9s. Fabriqu\u00e9 comme un \u00e9quipement de salle de sport fiable pour les pectoraux, il convient comme \u00e9quipement d\u2019entra\u00eenement pour un usage domestique ou commercial. <\/p>\n<p>Le banc comprend plusieurs positions de repose-barre (racks) pour s\u2019adapter \u00e0 diff\u00e9rentes longueurs de bras ou niveaux de progression. Une plateforme sur\u00e9lev\u00e9e pour les pieds est positionn\u00e9e \u00e0 l\u2019arri\u00e8re, permettant \u00e0 un pareur (spotter) d\u2019assister en toute s\u00e9curit\u00e9 lors des levages plus lourds. <\/p>\n<p>Cette configuration est con\u00e7ue pour soutenir un entra\u00eenement des pectoraux cibl\u00e9 et stable en utilisant des poids libres.<\/p>\n\n    <div class=\"xs_social_share_widget xs_share_url after_content \t\tmain_content  wslu-style-1 wslu-share-box-shaped wslu-fill-colored wslu-none wslu-share-horizontal wslu-theme-font-no wslu-main_content\">\n\n\t\t\n        <ul>\n\t\t\t        <\/ul>\n    <\/div> \n","protected":false},"excerpt":{"rendered":"<p>Le Banc D\u00e9velopp\u00e9 Couch\u00e9 Olympique A1 est un banc plat classique pour le d\u00e9velopp\u00e9 couch\u00e9, con\u00e7u pour les mouvements de pouss\u00e9e \u00e0 la barre cibl\u00e9s. Fabriqu\u00e9 comme un \u00e9quipement de salle de sport fiable pour les pectoraux, il convient comme \u00e9quipement d\u2019entra\u00eenement pour un usage domestique ou commercial. Le banc comprend plusieurs positions de repose-barre [&hellip;]<\/p>\n","protected":false},"featured_media":11122,"template":"","meta":{"_acf_changed":false},"product_brand":[56],"product_cat":[836],"product_tag":[],"class_list":{"0":"post-26180","1":"product","2":"type-product","3":"status-publish","4":"has-post-thumbnail","6":"product_brand-gym-factory","7":"product_cat-bancs-de-musculation","9":"first","10":"onbackorder","11":"taxable","12":"shipping-taxable","13":"purchasable","14":"product-type-variable","15":"has-default-attributes"},"acf":[],"yoast_head":"<!-- This site is optimized with the Yoast SEO plugin v25.2 - https:\/\/yoast.com\/wordpress\/plugins\/seo\/ -->\n<title>Banc D\u00e9velopp\u00e9 Couch\u00e9 A1 \u2013 \u00c9quipement de Salle pour Pectoraux<\/title>\n<meta name=\"description\" content=\"D\u00e9veloppez votre force avec les meilleurs produits de home gym. Ce banc de d\u00e9velopp\u00e9 couch\u00e9 offre trois hauteurs de barre, un cadre m\u00e9tallique robuste et supporte jusqu\u2019\u00e0 500 kg.\" \/>\n<meta name=\"robots\" content=\"index, follow, max-snippet:-1, max-image-preview:large, max-video-preview:-1\" \/>\n<link rel=\"canonical\" href=\"https:\/\/gymfactory.eu\/fr\/produit\/banc-developpe-couche-olympique-a1\/\" \/>\n<meta property=\"og:locale\" content=\"fr_FR\" \/>\n<meta property=\"og:type\" content=\"article\" \/>\n<meta property=\"og:title\" content=\"Banc D\u00e9velopp\u00e9 Couch\u00e9 A1 \u2013 \u00c9quipement de Salle pour Pectoraux\" \/>\n<meta property=\"og:description\" content=\"D\u00e9veloppez votre force avec les meilleurs produits de home gym. Ce banc de d\u00e9velopp\u00e9 couch\u00e9 offre trois hauteurs de barre, un cadre m\u00e9tallique robuste et supporte jusqu\u2019\u00e0 500 kg.\" \/>\n<meta property=\"og:url\" content=\"https:\/\/gymfactory.eu\/fr\/produit\/banc-developpe-couche-olympique-a1\/\" \/>\n<meta property=\"og:site_name\" content=\"Gym Factory\" \/>\n<meta property=\"og:image\" content=\"https:\/\/gymfactory.eu\/wp-content\/uploads\/2025\/02\/bench-press-flat-station-1.webp\" \/>\n\t<meta property=\"og:image:width\" content=\"1500\" \/>\n\t<meta property=\"og:image:height\" content=\"1500\" \/>\n\t<meta property=\"og:image:type\" content=\"image\/webp\" \/>\n<meta name=\"twitter:card\" content=\"summary_large_image\" \/>\n<meta name=\"twitter:label1\" content=\"Dur\u00e9e de lecture estim\u00e9e\" \/>\n\t<meta name=\"twitter:data1\" content=\"1 minute\" \/>\n<script type=\"application\/ld+json\" class=\"yoast-schema-graph\">{\"@context\":\"https:\/\/schema.org\",\"@graph\":[{\"@type\":\"WebPage\",\"@id\":\"https:\/\/gymfactory.eu\/fr\/produit\/banc-developpe-couche-olympique-a1\/\",\"url\":\"https:\/\/gymfactory.eu\/fr\/produit\/banc-developpe-couche-olympique-a1\/\",\"name\":\"Banc D\u00e9velopp\u00e9 Couch\u00e9 A1 \u2013 \u00c9quipement de Salle pour Pectoraux\",\"isPartOf\":{\"@id\":\"https:\/\/gymfactory.eu\/fr\/#website\"},\"primaryImageOfPage\":{\"@id\":\"https:\/\/gymfactory.eu\/fr\/produit\/banc-developpe-couche-olympique-a1\/#primaryimage\"},\"image\":{\"@id\":\"https:\/\/gymfactory.eu\/fr\/produit\/banc-developpe-couche-olympique-a1\/#primaryimage\"},\"thumbnailUrl\":\"https:\/\/gymfactory.eu\/wp-content\/uploads\/2025\/02\/bench-press-flat-station-1.webp\",\"datePublished\":\"2025-02-10T12:49:39+00:00\",\"description\":\"D\u00e9veloppez votre force avec les meilleurs produits de home gym. Ce banc de d\u00e9velopp\u00e9 couch\u00e9 offre trois hauteurs de barre, un cadre m\u00e9tallique robuste et supporte jusqu\u2019\u00e0 500 kg.\",\"breadcrumb\":{\"@id\":\"https:\/\/gymfactory.eu\/fr\/produit\/banc-developpe-couche-olympique-a1\/#breadcrumb\"},\"inLanguage\":\"fr-FR\",\"potentialAction\":[{\"@type\":\"ReadAction\",\"target\":[\"https:\/\/gymfactory.eu\/fr\/produit\/banc-developpe-couche-olympique-a1\/\"]}]},{\"@type\":\"ImageObject\",\"inLanguage\":\"fr-FR\",\"@id\":\"https:\/\/gymfactory.eu\/fr\/produit\/banc-developpe-couche-olympique-a1\/#primaryimage\",\"url\":\"https:\/\/gymfactory.eu\/wp-content\/uploads\/2025\/02\/bench-press-flat-station-1.webp\",\"contentUrl\":\"https:\/\/gymfactory.eu\/wp-content\/uploads\/2025\/02\/bench-press-flat-station-1.webp\",\"width\":1500,\"height\":1500,\"caption\":\"Un \u00e9quipement de salle de sport robuste pour les pectoraux, pr\u00e9sentant un cadre en acier noir avec un banc plat rouge et une barre olympique pos\u00e9e sur des crochets r\u00e9glables. La station de d\u00e9velopp\u00e9 couch\u00e9 comprend plusieurs \u00e9pis de rangement pour les poids et une plateforme de marche pour faciliter l\u2019assistance.\"},{\"@type\":\"BreadcrumbList\",\"@id\":\"https:\/\/gymfactory.eu\/fr\/produit\/banc-developpe-couche-olympique-a1\/#breadcrumb\",\"itemListElement\":[{\"@type\":\"ListItem\",\"position\":1,\"name\":\"Home\",\"item\":\"https:\/\/gymfactory.eu\/fr\/\"},{\"@type\":\"ListItem\",\"position\":2,\"name\":\"Catalogue\",\"item\":\"https:\/\/gymfactory.eu\/fr\/catalogue-2\/\"},{\"@type\":\"ListItem\",\"position\":3,\"name\":\"Banc D\u00e9velopp\u00e9 Couch\u00e9 Olympique A1\"}]},{\"@type\":\"WebSite\",\"@id\":\"https:\/\/gymfactory.eu\/fr\/#website\",\"url\":\"https:\/\/gymfactory.eu\/fr\/\",\"name\":\"Gym Factory\",\"description\":\"\",\"publisher\":{\"@id\":\"https:\/\/gymfactory.eu\/fr\/#organization\"},\"potentialAction\":[{\"@type\":\"SearchAction\",\"target\":{\"@type\":\"EntryPoint\",\"urlTemplate\":\"https:\/\/gymfactory.eu\/fr\/?s={search_term_string}\"},\"query-input\":{\"@type\":\"PropertyValueSpecification\",\"valueRequired\":true,\"valueName\":\"search_term_string\"}}],\"inLanguage\":\"fr-FR\"},{\"@type\":\"Organization\",\"@id\":\"https:\/\/gymfactory.eu\/fr\/#organization\",\"name\":\"Gym Factory\",\"url\":\"https:\/\/gymfactory.eu\/fr\/\",\"logo\":{\"@type\":\"ImageObject\",\"inLanguage\":\"fr-FR\",\"@id\":\"https:\/\/gymfactory.eu\/fr\/#\/schema\/logo\/image\/\",\"url\":\"https:\/\/gymfactory.eu\/wp-content\/uploads\/2024\/11\/Component-1.svg\",\"contentUrl\":\"https:\/\/gymfactory.eu\/wp-content\/uploads\/2024\/11\/Component-1.svg\",\"width\":54,\"height\":44,\"caption\":\"Gym Factory\"},\"image\":{\"@id\":\"https:\/\/gymfactory.eu\/fr\/#\/schema\/logo\/image\/\"}}]}<\/script>\n<!-- \/ Yoast SEO plugin. -->","yoast_head_json":{"title":"Banc D\u00e9velopp\u00e9 Couch\u00e9 A1 \u2013 \u00c9quipement de Salle pour Pectoraux","description":"D\u00e9veloppez votre force avec les meilleurs produits de home gym. Ce banc de d\u00e9velopp\u00e9 couch\u00e9 offre trois hauteurs de barre, un cadre m\u00e9tallique robuste et supporte jusqu\u2019\u00e0 500 kg.","robots":{"index":"index","follow":"follow","max-snippet":"max-snippet:-1","max-image-preview":"max-image-preview:large","max-video-preview":"max-video-preview:-1"},"canonical":"https:\/\/gymfactory.eu\/fr\/produit\/banc-developpe-couche-olympique-a1\/","og_locale":"fr_FR","og_type":"article","og_title":"Banc D\u00e9velopp\u00e9 Couch\u00e9 A1 \u2013 \u00c9quipement de Salle pour Pectoraux","og_description":"D\u00e9veloppez votre force avec les meilleurs produits de home gym. Ce banc de d\u00e9velopp\u00e9 couch\u00e9 offre trois hauteurs de barre, un cadre m\u00e9tallique robuste et supporte jusqu\u2019\u00e0 500 kg.","og_url":"https:\/\/gymfactory.eu\/fr\/produit\/banc-developpe-couche-olympique-a1\/","og_site_name":"Gym Factory","og_image":[{"width":1500,"height":1500,"url":"https:\/\/gymfactory.eu\/wp-content\/uploads\/2025\/02\/bench-press-flat-station-1.webp","type":"image\/webp"}],"twitter_card":"summary_large_image","twitter_misc":{"Dur\u00e9e de lecture estim\u00e9e":"1 minute"},"schema":{"@context":"https:\/\/schema.org","@graph":[{"@type":"WebPage","@id":"https:\/\/gymfactory.eu\/fr\/produit\/banc-developpe-couche-olympique-a1\/","url":"https:\/\/gymfactory.eu\/fr\/produit\/banc-developpe-couche-olympique-a1\/","name":"Banc D\u00e9velopp\u00e9 Couch\u00e9 A1 \u2013 \u00c9quipement de Salle pour Pectoraux","isPartOf":{"@id":"https:\/\/gymfactory.eu\/fr\/#website"},"primaryImageOfPage":{"@id":"https:\/\/gymfactory.eu\/fr\/produit\/banc-developpe-couche-olympique-a1\/#primaryimage"},"image":{"@id":"https:\/\/gymfactory.eu\/fr\/produit\/banc-developpe-couche-olympique-a1\/#primaryimage"},"thumbnailUrl":"https:\/\/gymfactory.eu\/wp-content\/uploads\/2025\/02\/bench-press-flat-station-1.webp","datePublished":"2025-02-10T12:49:39+00:00","description":"D\u00e9veloppez votre force avec les meilleurs produits de home gym. Ce banc de d\u00e9velopp\u00e9 couch\u00e9 offre trois hauteurs de barre, un cadre m\u00e9tallique robuste et supporte jusqu\u2019\u00e0 500 kg.","breadcrumb":{"@id":"https:\/\/gymfactory.eu\/fr\/produit\/banc-developpe-couche-olympique-a1\/#breadcrumb"},"inLanguage":"fr-FR","potentialAction":[{"@type":"ReadAction","target":["https:\/\/gymfactory.eu\/fr\/produit\/banc-developpe-couche-olympique-a1\/"]}]},{"@type":"ImageObject","inLanguage":"fr-FR","@id":"https:\/\/gymfactory.eu\/fr\/produit\/banc-developpe-couche-olympique-a1\/#primaryimage","url":"https:\/\/gymfactory.eu\/wp-content\/uploads\/2025\/02\/bench-press-flat-station-1.webp","contentUrl":"https:\/\/gymfactory.eu\/wp-content\/uploads\/2025\/02\/bench-press-flat-station-1.webp","width":1500,"height":1500,"caption":"Un \u00e9quipement de salle de sport robuste pour les pectoraux, pr\u00e9sentant un cadre en acier noir avec un banc plat rouge et une barre olympique pos\u00e9e sur des crochets r\u00e9glables. La station de d\u00e9velopp\u00e9 couch\u00e9 comprend plusieurs \u00e9pis de rangement pour les poids et une plateforme de marche pour faciliter l\u2019assistance."},{"@type":"BreadcrumbList","@id":"https:\/\/gymfactory.eu\/fr\/produit\/banc-developpe-couche-olympique-a1\/#breadcrumb","itemListElement":[{"@type":"ListItem","position":1,"name":"Home","item":"https:\/\/gymfactory.eu\/fr\/"},{"@type":"ListItem","position":2,"name":"Catalogue","item":"https:\/\/gymfactory.eu\/fr\/catalogue-2\/"},{"@type":"ListItem","position":3,"name":"Banc D\u00e9velopp\u00e9 Couch\u00e9 Olympique A1"}]},{"@type":"WebSite","@id":"https:\/\/gymfactory.eu\/fr\/#website","url":"https:\/\/gymfactory.eu\/fr\/","name":"Gym Factory","description":"","publisher":{"@id":"https:\/\/gymfactory.eu\/fr\/#organization"},"potentialAction":[{"@type":"SearchAction","target":{"@type":"EntryPoint","urlTemplate":"https:\/\/gymfactory.eu\/fr\/?s={search_term_string}"},"query-input":{"@type":"PropertyValueSpecification","valueRequired":true,"valueName":"search_term_string"}}],"inLanguage":"fr-FR"},{"@type":"Organization","@id":"https:\/\/gymfactory.eu\/fr\/#organization","name":"Gym Factory","url":"https:\/\/gymfactory.eu\/fr\/","logo":{"@type":"ImageObject","inLanguage":"fr-FR","@id":"https:\/\/gymfactory.eu\/fr\/#\/schema\/logo\/image\/","url":"https:\/\/gymfactory.eu\/wp-content\/uploads\/2024\/11\/Component-1.svg","contentUrl":"https:\/\/gymfactory.eu\/wp-content\/uploads\/2024\/11\/Component-1.svg","width":54,"height":44,"caption":"Gym Factory"},"image":{"@id":"https:\/\/gymfactory.eu\/fr\/#\/schema\/logo\/image\/"}}]}},"_links":{"self":[{"href":"https:\/\/gymfactory.eu\/fr\/wp-json\/wp\/v2\/product\/26180","targetHints":{"allow":["GET"]}}],"collection":[{"href":"https:\/\/gymfactory.eu\/fr\/wp-json\/wp\/v2\/product"}],"about":[{"href":"https:\/\/gymfactory.eu\/fr\/wp-json\/wp\/v2\/types\/product"}],"wp:featuredmedia":[{"embeddable":true,"href":"https:\/\/gymfactory.eu\/fr\/wp-json\/wp\/v2\/media\/11122"}],"wp:attachment":[{"href":"https:\/\/gymfactory.eu\/fr\/wp-json\/wp\/v2\/media?parent=26180"}],"wp:term":[{"taxonomy":"product_brand","embeddable":true,"href":"https:\/\/gymfactory.eu\/fr\/wp-json\/wp\/v2\/product_brand?post=26180"},{"taxonomy":"product_cat","embeddable":true,"href":"https:\/\/gymfactory.eu\/fr\/wp-json\/wp\/v2\/product_cat?post=26180"},{"taxonomy":"product_tag","embeddable":true,"href":"https:\/\/gymfactory.eu\/fr\/wp-json\/wp\/v2\/product_tag?post=26180"}],"curies":[{"name":"wp","href":"https:\/\/api.w.org\/{rel}","templated":true}]}}