{"id":26167,"date":"2025-02-10T13:01:50","date_gmt":"2025-02-10T11:01:50","guid":{"rendered":"https:\/\/gymfactory.eu\/product\/machine-releve-de-jambes-abdos-e4\/"},"modified":"2025-02-10T13:01:50","modified_gmt":"2025-02-10T11:01:50","slug":"machine-releve-de-jambes-abdos-e4","status":"publish","type":"product","link":"https:\/\/gymfactory.eu\/fr\/produit\/machine-releve-de-jambes-abdos-e4\/","title":{"rendered":"Machine Relev\u00e9 de Jambes Abdos E4"},"content":{"rendered":"<p>La Machine Relev\u00e9 de Jambes Abdos E4 est un \u00e9quipement de musculation con\u00e7u pour des exercices de renforcement du centre du corps (core) contr\u00f4l\u00e9s, tels que les relev\u00e9s de jambes. Adapt\u00e9e aux configurations de fitness \u00e0 domicile, elle offre un soutien et un positionnement id\u00e9al pour un entra\u00eenement abdominal cibl\u00e9. <\/p>\n<p>Les longues poign\u00e9es lat\u00e9rales offrent une prise stable pendant le mouvement, tandis que la hauteur de la plateforme pour les pieds peut \u00eatre ajust\u00e9e pour s\u2019adapter \u00e0 la taille de diff\u00e9rents utilisateurs. La machine comprend \u00e9galement un point d\u2019attache pour bandes \u00e9lastiques afin d\u2019augmenter l\u2019intensit\u00e9 de l\u2019entra\u00eenement si n\u00e9cessaire. <\/p>\n<p>Compacte et stable, la Machine Relev\u00e9 de Jambes Abdos E4 est construite pour soutenir des exercices de relev\u00e9 de jambes efficaces dans le cadre de toute routine ax\u00e9e sur le centre du corps.<\/p>\n\n    <div class=\"xs_social_share_widget xs_share_url after_content \t\tmain_content  wslu-style-1 wslu-share-box-shaped wslu-fill-colored wslu-none wslu-share-horizontal wslu-theme-font-no wslu-main_content\">\n\n\t\t\n        <ul>\n\t\t\t        <\/ul>\n    <\/div> \n","protected":false},"excerpt":{"rendered":"<p>La Machine Relev\u00e9 de Jambes Abdos E4 est un \u00e9quipement de musculation con\u00e7u pour des exercices de renforcement du centre du corps (core) contr\u00f4l\u00e9s, tels que les relev\u00e9s de jambes. Adapt\u00e9e aux configurations de fitness \u00e0 domicile, elle offre un soutien et un positionnement id\u00e9al pour un entra\u00eenement abdominal cibl\u00e9. Les longues poign\u00e9es lat\u00e9rales offrent [&hellip;]<\/p>\n","protected":false},"featured_media":11087,"template":"","meta":{"_acf_changed":false},"product_brand":[56],"product_cat":[830],"product_tag":[],"class_list":{"0":"post-26167","1":"product","2":"type-product","3":"status-publish","4":"has-post-thumbnail","6":"product_brand-gym-factory","7":"product_cat-autres-equipements-de-salle-de-sport","9":"first","10":"onbackorder","11":"taxable","12":"shipping-taxable","13":"purchasable","14":"product-type-variable","15":"has-default-attributes"},"acf":[],"yoast_head":"<!-- This site is optimized with the Yoast SEO plugin v25.2 - https:\/\/yoast.com\/wordpress\/plugins\/seo\/ -->\n<title>Machine Relev\u00e9 de Jambes E4 - Machine de Musculation<\/title>\n<meta name=\"description\" content=\"D\u00e9veloppez la force du centre et du bas du corps avec une machine de relev\u00e9 de jambes. Cet \u00e9quipement essentiel pour la musculation vous aide \u00e0 tonifier et sculpter efficacement.\" \/>\n<meta name=\"robots\" content=\"index, follow, max-snippet:-1, max-image-preview:large, max-video-preview:-1\" \/>\n<link rel=\"canonical\" href=\"https:\/\/gymfactory.eu\/fr\/produit\/machine-releve-de-jambes-abdos-e4\/\" \/>\n<meta property=\"og:locale\" content=\"fr_FR\" \/>\n<meta property=\"og:type\" content=\"article\" \/>\n<meta property=\"og:title\" content=\"Machine Relev\u00e9 de Jambes E4 - Machine de Musculation\" \/>\n<meta property=\"og:description\" content=\"D\u00e9veloppez la force du centre et du bas du corps avec une machine de relev\u00e9 de jambes. Cet \u00e9quipement essentiel pour la musculation vous aide \u00e0 tonifier et sculpter efficacement.\" \/>\n<meta property=\"og:url\" content=\"https:\/\/gymfactory.eu\/fr\/produit\/machine-releve-de-jambes-abdos-e4\/\" \/>\n<meta property=\"og:site_name\" content=\"Gym Factory\" \/>\n<meta property=\"og:image\" content=\"https:\/\/gymfactory.eu\/wp-content\/uploads\/2025\/02\/gym-machine-leg-raise-station-1.webp\" \/>\n\t<meta property=\"og:image:width\" content=\"1500\" \/>\n\t<meta property=\"og:image:height\" content=\"1500\" \/>\n\t<meta property=\"og:image:type\" content=\"image\/webp\" \/>\n<meta name=\"twitter:card\" content=\"summary_large_image\" \/>\n<meta name=\"twitter:label1\" content=\"Dur\u00e9e de lecture estim\u00e9e\" \/>\n\t<meta name=\"twitter:data1\" content=\"1 minute\" \/>\n<script type=\"application\/ld+json\" class=\"yoast-schema-graph\">{\"@context\":\"https:\/\/schema.org\",\"@graph\":[{\"@type\":\"WebPage\",\"@id\":\"https:\/\/gymfactory.eu\/fr\/produit\/machine-releve-de-jambes-abdos-e4\/\",\"url\":\"https:\/\/gymfactory.eu\/fr\/produit\/machine-releve-de-jambes-abdos-e4\/\",\"name\":\"Machine Relev\u00e9 de Jambes E4 - Machine de Musculation\",\"isPartOf\":{\"@id\":\"https:\/\/gymfactory.eu\/fr\/#website\"},\"primaryImageOfPage\":{\"@id\":\"https:\/\/gymfactory.eu\/fr\/produit\/machine-releve-de-jambes-abdos-e4\/#primaryimage\"},\"image\":{\"@id\":\"https:\/\/gymfactory.eu\/fr\/produit\/machine-releve-de-jambes-abdos-e4\/#primaryimage\"},\"thumbnailUrl\":\"https:\/\/gymfactory.eu\/wp-content\/uploads\/2025\/02\/gym-machine-leg-raise-station-1.webp\",\"datePublished\":\"2025-02-10T11:01:50+00:00\",\"description\":\"D\u00e9veloppez la force du centre et du bas du corps avec une machine de relev\u00e9 de jambes. Cet \u00e9quipement essentiel pour la musculation vous aide \u00e0 tonifier et sculpter efficacement.\",\"breadcrumb\":{\"@id\":\"https:\/\/gymfactory.eu\/fr\/produit\/machine-releve-de-jambes-abdos-e4\/#breadcrumb\"},\"inLanguage\":\"fr-FR\",\"potentialAction\":[{\"@type\":\"ReadAction\",\"target\":[\"https:\/\/gymfactory.eu\/fr\/produit\/machine-releve-de-jambes-abdos-e4\/\"]}]},{\"@type\":\"ImageObject\",\"inLanguage\":\"fr-FR\",\"@id\":\"https:\/\/gymfactory.eu\/fr\/produit\/machine-releve-de-jambes-abdos-e4\/#primaryimage\",\"url\":\"https:\/\/gymfactory.eu\/wp-content\/uploads\/2025\/02\/gym-machine-leg-raise-station-1.webp\",\"contentUrl\":\"https:\/\/gymfactory.eu\/wp-content\/uploads\/2025\/02\/gym-machine-leg-raise-station-1.webp\",\"width\":1500,\"height\":1500,\"caption\":\"Une machine de salle de sport robuste con\u00e7ue pour les exercices de relev\u00e9 de jambes. Elle dispose d\u2019un cadre en m\u00e9tal blanc, d\u2019un dossier rembourr\u00e9 noir et de deux poign\u00e9es inclin\u00e9es pour le soutien. Les plateformes pour les pieds et les m\u00e9canismes r\u00e9glables assurent un entra\u00eenement du bas du corps s\u00fbr et efficace.\"},{\"@type\":\"BreadcrumbList\",\"@id\":\"https:\/\/gymfactory.eu\/fr\/produit\/machine-releve-de-jambes-abdos-e4\/#breadcrumb\",\"itemListElement\":[{\"@type\":\"ListItem\",\"position\":1,\"name\":\"Home\",\"item\":\"https:\/\/gymfactory.eu\/fr\/page-principale\/\"},{\"@type\":\"ListItem\",\"position\":2,\"name\":\"Catalogue\",\"item\":\"https:\/\/gymfactory.eu\/fr\/catalogue-2\/\"},{\"@type\":\"ListItem\",\"position\":3,\"name\":\"Machine Relev\u00e9 de Jambes Abdos E4\"}]},{\"@type\":\"WebSite\",\"@id\":\"https:\/\/gymfactory.eu\/fr\/#website\",\"url\":\"https:\/\/gymfactory.eu\/fr\/\",\"name\":\"Gym Factory\",\"description\":\"\",\"publisher\":{\"@id\":\"https:\/\/gymfactory.eu\/fr\/#organization\"},\"potentialAction\":[{\"@type\":\"SearchAction\",\"target\":{\"@type\":\"EntryPoint\",\"urlTemplate\":\"https:\/\/gymfactory.eu\/fr\/?s={search_term_string}\"},\"query-input\":{\"@type\":\"PropertyValueSpecification\",\"valueRequired\":true,\"valueName\":\"search_term_string\"}}],\"inLanguage\":\"fr-FR\"},{\"@type\":\"Organization\",\"@id\":\"https:\/\/gymfactory.eu\/fr\/#organization\",\"name\":\"Gym Factory\",\"url\":\"https:\/\/gymfactory.eu\/fr\/\",\"logo\":{\"@type\":\"ImageObject\",\"inLanguage\":\"fr-FR\",\"@id\":\"https:\/\/gymfactory.eu\/fr\/#\/schema\/logo\/image\/\",\"url\":\"https:\/\/gymfactory.eu\/wp-content\/uploads\/2024\/11\/Component-1.svg\",\"contentUrl\":\"https:\/\/gymfactory.eu\/wp-content\/uploads\/2024\/11\/Component-1.svg\",\"width\":54,\"height\":44,\"caption\":\"Gym Factory\"},\"image\":{\"@id\":\"https:\/\/gymfactory.eu\/fr\/#\/schema\/logo\/image\/\"}}]}<\/script>\n<!-- \/ Yoast SEO plugin. -->","yoast_head_json":{"title":"Machine Relev\u00e9 de Jambes E4 - Machine de Musculation","description":"D\u00e9veloppez la force du centre et du bas du corps avec une machine de relev\u00e9 de jambes. Cet \u00e9quipement essentiel pour la musculation vous aide \u00e0 tonifier et sculpter efficacement.","robots":{"index":"index","follow":"follow","max-snippet":"max-snippet:-1","max-image-preview":"max-image-preview:large","max-video-preview":"max-video-preview:-1"},"canonical":"https:\/\/gymfactory.eu\/fr\/produit\/machine-releve-de-jambes-abdos-e4\/","og_locale":"fr_FR","og_type":"article","og_title":"Machine Relev\u00e9 de Jambes E4 - Machine de Musculation","og_description":"D\u00e9veloppez la force du centre et du bas du corps avec une machine de relev\u00e9 de jambes. Cet \u00e9quipement essentiel pour la musculation vous aide \u00e0 tonifier et sculpter efficacement.","og_url":"https:\/\/gymfactory.eu\/fr\/produit\/machine-releve-de-jambes-abdos-e4\/","og_site_name":"Gym Factory","og_image":[{"width":1500,"height":1500,"url":"https:\/\/gymfactory.eu\/wp-content\/uploads\/2025\/02\/gym-machine-leg-raise-station-1.webp","type":"image\/webp"}],"twitter_card":"summary_large_image","twitter_misc":{"Dur\u00e9e de lecture estim\u00e9e":"1 minute"},"schema":{"@context":"https:\/\/schema.org","@graph":[{"@type":"WebPage","@id":"https:\/\/gymfactory.eu\/fr\/produit\/machine-releve-de-jambes-abdos-e4\/","url":"https:\/\/gymfactory.eu\/fr\/produit\/machine-releve-de-jambes-abdos-e4\/","name":"Machine Relev\u00e9 de Jambes E4 - Machine de Musculation","isPartOf":{"@id":"https:\/\/gymfactory.eu\/fr\/#website"},"primaryImageOfPage":{"@id":"https:\/\/gymfactory.eu\/fr\/produit\/machine-releve-de-jambes-abdos-e4\/#primaryimage"},"image":{"@id":"https:\/\/gymfactory.eu\/fr\/produit\/machine-releve-de-jambes-abdos-e4\/#primaryimage"},"thumbnailUrl":"https:\/\/gymfactory.eu\/wp-content\/uploads\/2025\/02\/gym-machine-leg-raise-station-1.webp","datePublished":"2025-02-10T11:01:50+00:00","description":"D\u00e9veloppez la force du centre et du bas du corps avec une machine de relev\u00e9 de jambes. Cet \u00e9quipement essentiel pour la musculation vous aide \u00e0 tonifier et sculpter efficacement.","breadcrumb":{"@id":"https:\/\/gymfactory.eu\/fr\/produit\/machine-releve-de-jambes-abdos-e4\/#breadcrumb"},"inLanguage":"fr-FR","potentialAction":[{"@type":"ReadAction","target":["https:\/\/gymfactory.eu\/fr\/produit\/machine-releve-de-jambes-abdos-e4\/"]}]},{"@type":"ImageObject","inLanguage":"fr-FR","@id":"https:\/\/gymfactory.eu\/fr\/produit\/machine-releve-de-jambes-abdos-e4\/#primaryimage","url":"https:\/\/gymfactory.eu\/wp-content\/uploads\/2025\/02\/gym-machine-leg-raise-station-1.webp","contentUrl":"https:\/\/gymfactory.eu\/wp-content\/uploads\/2025\/02\/gym-machine-leg-raise-station-1.webp","width":1500,"height":1500,"caption":"Une machine de salle de sport robuste con\u00e7ue pour les exercices de relev\u00e9 de jambes. Elle dispose d\u2019un cadre en m\u00e9tal blanc, d\u2019un dossier rembourr\u00e9 noir et de deux poign\u00e9es inclin\u00e9es pour le soutien. Les plateformes pour les pieds et les m\u00e9canismes r\u00e9glables assurent un entra\u00eenement du bas du corps s\u00fbr et efficace."},{"@type":"BreadcrumbList","@id":"https:\/\/gymfactory.eu\/fr\/produit\/machine-releve-de-jambes-abdos-e4\/#breadcrumb","itemListElement":[{"@type":"ListItem","position":1,"name":"Home","item":"https:\/\/gymfactory.eu\/fr\/page-principale\/"},{"@type":"ListItem","position":2,"name":"Catalogue","item":"https:\/\/gymfactory.eu\/fr\/catalogue-2\/"},{"@type":"ListItem","position":3,"name":"Machine Relev\u00e9 de Jambes Abdos E4"}]},{"@type":"WebSite","@id":"https:\/\/gymfactory.eu\/fr\/#website","url":"https:\/\/gymfactory.eu\/fr\/","name":"Gym Factory","description":"","publisher":{"@id":"https:\/\/gymfactory.eu\/fr\/#organization"},"potentialAction":[{"@type":"SearchAction","target":{"@type":"EntryPoint","urlTemplate":"https:\/\/gymfactory.eu\/fr\/?s={search_term_string}"},"query-input":{"@type":"PropertyValueSpecification","valueRequired":true,"valueName":"search_term_string"}}],"inLanguage":"fr-FR"},{"@type":"Organization","@id":"https:\/\/gymfactory.eu\/fr\/#organization","name":"Gym Factory","url":"https:\/\/gymfactory.eu\/fr\/","logo":{"@type":"ImageObject","inLanguage":"fr-FR","@id":"https:\/\/gymfactory.eu\/fr\/#\/schema\/logo\/image\/","url":"https:\/\/gymfactory.eu\/wp-content\/uploads\/2024\/11\/Component-1.svg","contentUrl":"https:\/\/gymfactory.eu\/wp-content\/uploads\/2024\/11\/Component-1.svg","width":54,"height":44,"caption":"Gym Factory"},"image":{"@id":"https:\/\/gymfactory.eu\/fr\/#\/schema\/logo\/image\/"}}]}},"_links":{"self":[{"href":"https:\/\/gymfactory.eu\/fr\/wp-json\/wp\/v2\/product\/26167","targetHints":{"allow":["GET"]}}],"collection":[{"href":"https:\/\/gymfactory.eu\/fr\/wp-json\/wp\/v2\/product"}],"about":[{"href":"https:\/\/gymfactory.eu\/fr\/wp-json\/wp\/v2\/types\/product"}],"wp:featuredmedia":[{"embeddable":true,"href":"https:\/\/gymfactory.eu\/fr\/wp-json\/wp\/v2\/media\/11087"}],"wp:attachment":[{"href":"https:\/\/gymfactory.eu\/fr\/wp-json\/wp\/v2\/media?parent=26167"}],"wp:term":[{"taxonomy":"product_brand","embeddable":true,"href":"https:\/\/gymfactory.eu\/fr\/wp-json\/wp\/v2\/product_brand?post=26167"},{"taxonomy":"product_cat","embeddable":true,"href":"https:\/\/gymfactory.eu\/fr\/wp-json\/wp\/v2\/product_cat?post=26167"},{"taxonomy":"product_tag","embeddable":true,"href":"https:\/\/gymfactory.eu\/fr\/wp-json\/wp\/v2\/product_tag?post=26167"}],"curies":[{"name":"wp","href":"https:\/\/api.w.org\/{rel}","templated":true}]}}