{"id":26165,"date":"2025-02-10T12:10:05","date_gmt":"2025-02-10T10:10:05","guid":{"rendered":"https:\/\/gymfactory.eu\/product\/power-sled-z07xx\/"},"modified":"2025-02-10T12:10:05","modified_gmt":"2025-02-10T10:10:05","slug":"power-sled-z07xx","status":"publish","type":"product","link":"https:\/\/gymfactory.eu\/fr\/produit\/power-sled-z07xx\/","title":{"rendered":"Power Sled Z07xx"},"content":{"rendered":"<p>Le Power Sled Z07xx est un \u00e9quipement d\u2019exercice de musculation con\u00e7u pour les exercices de pouss\u00e9e et de tirage. Il dispose de longues poign\u00e9es en acier inoxydable molet\u00e9 pour une prise s\u00fbre lors des pouss\u00e9es de chariot, et de boucles d\u2019ancrage int\u00e9gr\u00e9es pour attacher une corde ou un harnais lors des tirages. <\/p>\n<p>Des disques de poids peuvent \u00eatre charg\u00e9s sur le montant central pour ajuster la r\u00e9sistance en fonction des objectifs d\u2019entra\u00eenement. Adapt\u00e9 au d\u00e9veloppement de la vitesse, de la puissance et de l\u2019endurance, le Power Sled Z07xx est une solution durable et efficace pour toute installation de home gym ou de salle de sport commerciale.<\/p>\n\n    <div class=\"xs_social_share_widget xs_share_url after_content \t\tmain_content  wslu-style-1 wslu-share-box-shaped wslu-fill-colored wslu-none wslu-share-horizontal wslu-theme-font-no wslu-main_content\">\n\n\t\t\n        <ul>\n\t\t\t        <\/ul>\n    <\/div> \n","protected":false},"excerpt":{"rendered":"<p>Le Power Sled Z07xx est un \u00e9quipement d\u2019exercice de musculation con\u00e7u pour les exercices de pouss\u00e9e et de tirage. Il dispose de longues poign\u00e9es en acier inoxydable molet\u00e9 pour une prise s\u00fbre lors des pouss\u00e9es de chariot, et de boucles d\u2019ancrage int\u00e9gr\u00e9es pour attacher une corde ou un harnais lors des tirages. Des disques de [&hellip;]<\/p>\n","protected":false},"featured_media":11064,"template":"","meta":{"_acf_changed":false},"product_brand":[56],"product_cat":[830],"product_tag":[857],"class_list":{"0":"post-26165","1":"product","2":"type-product","3":"status-publish","4":"has-post-thumbnail","6":"product_brand-gym-factory","7":"product_cat-autres-equipements-de-salle-de-sport","8":"product_tag-couleur-metal-uniquement","10":"first","11":"onbackorder","12":"taxable","13":"shipping-taxable","14":"purchasable","15":"product-type-variable","16":"has-default-attributes"},"acf":[],"yoast_head":"<!-- This site is optimized with the Yoast SEO plugin v25.2 - https:\/\/yoast.com\/wordpress\/plugins\/seo\/ -->\n<title>Power Sled Z07xx \u2013 Con\u00e7u pour les Exercices de Musculation<\/title>\n<meta name=\"description\" content=\"Ce chariot de puissance (power sled) est id\u00e9al pour les home gyms et les salles commerciales, offrant durabilit\u00e9 et polyvalence pour la musculation avec divers exercices fonctionnels.\" \/>\n<meta name=\"robots\" content=\"index, follow, max-snippet:-1, max-image-preview:large, max-video-preview:-1\" \/>\n<link rel=\"canonical\" href=\"https:\/\/gymfactory.eu\/fr\/produit\/power-sled-z07xx\/\" \/>\n<meta property=\"og:locale\" content=\"fr_FR\" \/>\n<meta property=\"og:type\" content=\"article\" \/>\n<meta property=\"og:title\" content=\"Power Sled Z07xx \u2013 Con\u00e7u pour les Exercices de Musculation\" \/>\n<meta property=\"og:description\" content=\"Ce chariot de puissance (power sled) est id\u00e9al pour les home gyms et les salles commerciales, offrant durabilit\u00e9 et polyvalence pour la musculation avec divers exercices fonctionnels.\" \/>\n<meta property=\"og:url\" content=\"https:\/\/gymfactory.eu\/fr\/produit\/power-sled-z07xx\/\" \/>\n<meta property=\"og:site_name\" content=\"Gym Factory\" \/>\n<meta property=\"og:image\" content=\"https:\/\/gymfactory.eu\/wp-content\/uploads\/2025\/02\/strength-training-exercise-equipment-power-sled-1.webp\" \/>\n\t<meta property=\"og:image:width\" content=\"1500\" \/>\n\t<meta property=\"og:image:height\" content=\"1500\" \/>\n\t<meta property=\"og:image:type\" content=\"image\/webp\" \/>\n<meta name=\"twitter:card\" content=\"summary_large_image\" \/>\n<meta name=\"twitter:label1\" content=\"Dur\u00e9e de lecture estim\u00e9e\" \/>\n\t<meta name=\"twitter:data1\" content=\"1 minute\" \/>\n<script type=\"application\/ld+json\" class=\"yoast-schema-graph\">{\"@context\":\"https:\/\/schema.org\",\"@graph\":[{\"@type\":\"WebPage\",\"@id\":\"https:\/\/gymfactory.eu\/fr\/produit\/power-sled-z07xx\/\",\"url\":\"https:\/\/gymfactory.eu\/fr\/produit\/power-sled-z07xx\/\",\"name\":\"Power Sled Z07xx \u2013 Con\u00e7u pour les Exercices de Musculation\",\"isPartOf\":{\"@id\":\"https:\/\/gymfactory.eu\/fr\/#website\"},\"primaryImageOfPage\":{\"@id\":\"https:\/\/gymfactory.eu\/fr\/produit\/power-sled-z07xx\/#primaryimage\"},\"image\":{\"@id\":\"https:\/\/gymfactory.eu\/fr\/produit\/power-sled-z07xx\/#primaryimage\"},\"thumbnailUrl\":\"https:\/\/gymfactory.eu\/wp-content\/uploads\/2025\/02\/strength-training-exercise-equipment-power-sled-1.webp\",\"datePublished\":\"2025-02-10T10:10:05+00:00\",\"description\":\"Ce chariot de puissance (power sled) est id\u00e9al pour les home gyms et les salles commerciales, offrant durabilit\u00e9 et polyvalence pour la musculation avec divers exercices fonctionnels.\",\"breadcrumb\":{\"@id\":\"https:\/\/gymfactory.eu\/fr\/produit\/power-sled-z07xx\/#breadcrumb\"},\"inLanguage\":\"fr-FR\",\"potentialAction\":[{\"@type\":\"ReadAction\",\"target\":[\"https:\/\/gymfactory.eu\/fr\/produit\/power-sled-z07xx\/\"]}]},{\"@type\":\"ImageObject\",\"inLanguage\":\"fr-FR\",\"@id\":\"https:\/\/gymfactory.eu\/fr\/produit\/power-sled-z07xx\/#primaryimage\",\"url\":\"https:\/\/gymfactory.eu\/wp-content\/uploads\/2025\/02\/strength-training-exercise-equipment-power-sled-1.webp\",\"contentUrl\":\"https:\/\/gymfactory.eu\/wp-content\/uploads\/2025\/02\/strength-training-exercise-equipment-power-sled-1.webp\",\"width\":1500,\"height\":1500,\"caption\":\"Un \u00e9quipement d\u2019exercice de musculation durable, un power sled con\u00e7u pour les entra\u00eenements de pouss\u00e9e et de tirage. Le chariot dispose d\u2019un cadre en acier noir robuste, de trois montants verticaux pour le chargement des disques et de multiples points d\u2019attache pour l\u2019entra\u00eenement en r\u00e9sistance. La plateforme textur\u00e9e offre une adh\u00e9rence suppl\u00e9mentaire, le rendant id\u00e9al pour l\u2019entra\u00eenement de force et d\u2019endurance \u00e0 haute intensit\u00e9.\"},{\"@type\":\"BreadcrumbList\",\"@id\":\"https:\/\/gymfactory.eu\/fr\/produit\/power-sled-z07xx\/#breadcrumb\",\"itemListElement\":[{\"@type\":\"ListItem\",\"position\":1,\"name\":\"Home\",\"item\":\"https:\/\/gymfactory.eu\/fr\/page-principale\/\"},{\"@type\":\"ListItem\",\"position\":2,\"name\":\"Catalogue\",\"item\":\"https:\/\/gymfactory.eu\/fr\/catalogue-2\/\"},{\"@type\":\"ListItem\",\"position\":3,\"name\":\"Power Sled Z07xx\"}]},{\"@type\":\"WebSite\",\"@id\":\"https:\/\/gymfactory.eu\/fr\/#website\",\"url\":\"https:\/\/gymfactory.eu\/fr\/\",\"name\":\"Gym Factory\",\"description\":\"\",\"publisher\":{\"@id\":\"https:\/\/gymfactory.eu\/fr\/#organization\"},\"potentialAction\":[{\"@type\":\"SearchAction\",\"target\":{\"@type\":\"EntryPoint\",\"urlTemplate\":\"https:\/\/gymfactory.eu\/fr\/?s={search_term_string}\"},\"query-input\":{\"@type\":\"PropertyValueSpecification\",\"valueRequired\":true,\"valueName\":\"search_term_string\"}}],\"inLanguage\":\"fr-FR\"},{\"@type\":\"Organization\",\"@id\":\"https:\/\/gymfactory.eu\/fr\/#organization\",\"name\":\"Gym Factory\",\"url\":\"https:\/\/gymfactory.eu\/fr\/\",\"logo\":{\"@type\":\"ImageObject\",\"inLanguage\":\"fr-FR\",\"@id\":\"https:\/\/gymfactory.eu\/fr\/#\/schema\/logo\/image\/\",\"url\":\"https:\/\/gymfactory.eu\/wp-content\/uploads\/2024\/11\/Component-1.svg\",\"contentUrl\":\"https:\/\/gymfactory.eu\/wp-content\/uploads\/2024\/11\/Component-1.svg\",\"width\":54,\"height\":44,\"caption\":\"Gym Factory\"},\"image\":{\"@id\":\"https:\/\/gymfactory.eu\/fr\/#\/schema\/logo\/image\/\"}}]}<\/script>\n<!-- \/ Yoast SEO plugin. -->","yoast_head_json":{"title":"Power Sled Z07xx \u2013 Con\u00e7u pour les Exercices de Musculation","description":"Ce chariot de puissance (power sled) est id\u00e9al pour les home gyms et les salles commerciales, offrant durabilit\u00e9 et polyvalence pour la musculation avec divers exercices fonctionnels.","robots":{"index":"index","follow":"follow","max-snippet":"max-snippet:-1","max-image-preview":"max-image-preview:large","max-video-preview":"max-video-preview:-1"},"canonical":"https:\/\/gymfactory.eu\/fr\/produit\/power-sled-z07xx\/","og_locale":"fr_FR","og_type":"article","og_title":"Power Sled Z07xx \u2013 Con\u00e7u pour les Exercices de Musculation","og_description":"Ce chariot de puissance (power sled) est id\u00e9al pour les home gyms et les salles commerciales, offrant durabilit\u00e9 et polyvalence pour la musculation avec divers exercices fonctionnels.","og_url":"https:\/\/gymfactory.eu\/fr\/produit\/power-sled-z07xx\/","og_site_name":"Gym Factory","og_image":[{"width":1500,"height":1500,"url":"https:\/\/gymfactory.eu\/wp-content\/uploads\/2025\/02\/strength-training-exercise-equipment-power-sled-1.webp","type":"image\/webp"}],"twitter_card":"summary_large_image","twitter_misc":{"Dur\u00e9e de lecture estim\u00e9e":"1 minute"},"schema":{"@context":"https:\/\/schema.org","@graph":[{"@type":"WebPage","@id":"https:\/\/gymfactory.eu\/fr\/produit\/power-sled-z07xx\/","url":"https:\/\/gymfactory.eu\/fr\/produit\/power-sled-z07xx\/","name":"Power Sled Z07xx \u2013 Con\u00e7u pour les Exercices de Musculation","isPartOf":{"@id":"https:\/\/gymfactory.eu\/fr\/#website"},"primaryImageOfPage":{"@id":"https:\/\/gymfactory.eu\/fr\/produit\/power-sled-z07xx\/#primaryimage"},"image":{"@id":"https:\/\/gymfactory.eu\/fr\/produit\/power-sled-z07xx\/#primaryimage"},"thumbnailUrl":"https:\/\/gymfactory.eu\/wp-content\/uploads\/2025\/02\/strength-training-exercise-equipment-power-sled-1.webp","datePublished":"2025-02-10T10:10:05+00:00","description":"Ce chariot de puissance (power sled) est id\u00e9al pour les home gyms et les salles commerciales, offrant durabilit\u00e9 et polyvalence pour la musculation avec divers exercices fonctionnels.","breadcrumb":{"@id":"https:\/\/gymfactory.eu\/fr\/produit\/power-sled-z07xx\/#breadcrumb"},"inLanguage":"fr-FR","potentialAction":[{"@type":"ReadAction","target":["https:\/\/gymfactory.eu\/fr\/produit\/power-sled-z07xx\/"]}]},{"@type":"ImageObject","inLanguage":"fr-FR","@id":"https:\/\/gymfactory.eu\/fr\/produit\/power-sled-z07xx\/#primaryimage","url":"https:\/\/gymfactory.eu\/wp-content\/uploads\/2025\/02\/strength-training-exercise-equipment-power-sled-1.webp","contentUrl":"https:\/\/gymfactory.eu\/wp-content\/uploads\/2025\/02\/strength-training-exercise-equipment-power-sled-1.webp","width":1500,"height":1500,"caption":"Un \u00e9quipement d\u2019exercice de musculation durable, un power sled con\u00e7u pour les entra\u00eenements de pouss\u00e9e et de tirage. Le chariot dispose d\u2019un cadre en acier noir robuste, de trois montants verticaux pour le chargement des disques et de multiples points d\u2019attache pour l\u2019entra\u00eenement en r\u00e9sistance. La plateforme textur\u00e9e offre une adh\u00e9rence suppl\u00e9mentaire, le rendant id\u00e9al pour l\u2019entra\u00eenement de force et d\u2019endurance \u00e0 haute intensit\u00e9."},{"@type":"BreadcrumbList","@id":"https:\/\/gymfactory.eu\/fr\/produit\/power-sled-z07xx\/#breadcrumb","itemListElement":[{"@type":"ListItem","position":1,"name":"Home","item":"https:\/\/gymfactory.eu\/fr\/page-principale\/"},{"@type":"ListItem","position":2,"name":"Catalogue","item":"https:\/\/gymfactory.eu\/fr\/catalogue-2\/"},{"@type":"ListItem","position":3,"name":"Power Sled Z07xx"}]},{"@type":"WebSite","@id":"https:\/\/gymfactory.eu\/fr\/#website","url":"https:\/\/gymfactory.eu\/fr\/","name":"Gym Factory","description":"","publisher":{"@id":"https:\/\/gymfactory.eu\/fr\/#organization"},"potentialAction":[{"@type":"SearchAction","target":{"@type":"EntryPoint","urlTemplate":"https:\/\/gymfactory.eu\/fr\/?s={search_term_string}"},"query-input":{"@type":"PropertyValueSpecification","valueRequired":true,"valueName":"search_term_string"}}],"inLanguage":"fr-FR"},{"@type":"Organization","@id":"https:\/\/gymfactory.eu\/fr\/#organization","name":"Gym Factory","url":"https:\/\/gymfactory.eu\/fr\/","logo":{"@type":"ImageObject","inLanguage":"fr-FR","@id":"https:\/\/gymfactory.eu\/fr\/#\/schema\/logo\/image\/","url":"https:\/\/gymfactory.eu\/wp-content\/uploads\/2024\/11\/Component-1.svg","contentUrl":"https:\/\/gymfactory.eu\/wp-content\/uploads\/2024\/11\/Component-1.svg","width":54,"height":44,"caption":"Gym Factory"},"image":{"@id":"https:\/\/gymfactory.eu\/fr\/#\/schema\/logo\/image\/"}}]}},"_links":{"self":[{"href":"https:\/\/gymfactory.eu\/fr\/wp-json\/wp\/v2\/product\/26165","targetHints":{"allow":["GET"]}}],"collection":[{"href":"https:\/\/gymfactory.eu\/fr\/wp-json\/wp\/v2\/product"}],"about":[{"href":"https:\/\/gymfactory.eu\/fr\/wp-json\/wp\/v2\/types\/product"}],"wp:featuredmedia":[{"embeddable":true,"href":"https:\/\/gymfactory.eu\/fr\/wp-json\/wp\/v2\/media\/11064"}],"wp:attachment":[{"href":"https:\/\/gymfactory.eu\/fr\/wp-json\/wp\/v2\/media?parent=26165"}],"wp:term":[{"taxonomy":"product_brand","embeddable":true,"href":"https:\/\/gymfactory.eu\/fr\/wp-json\/wp\/v2\/product_brand?post=26165"},{"taxonomy":"product_cat","embeddable":true,"href":"https:\/\/gymfactory.eu\/fr\/wp-json\/wp\/v2\/product_cat?post=26165"},{"taxonomy":"product_tag","embeddable":true,"href":"https:\/\/gymfactory.eu\/fr\/wp-json\/wp\/v2\/product_tag?post=26165"}],"curies":[{"name":"wp","href":"https:\/\/api.w.org\/{rel}","templated":true}]}}