{"id":26161,"date":"2025-02-10T11:58:39","date_gmt":"2025-02-10T09:58:39","guid":{"rendered":"https:\/\/gymfactory.eu\/product\/power-sled-z07\/"},"modified":"2025-02-10T11:58:39","modified_gmt":"2025-02-10T09:58:39","slug":"power-sled-z07","status":"publish","type":"product","link":"https:\/\/gymfactory.eu\/fr\/produit\/power-sled-z07\/","title":{"rendered":"Power Sled Z07"},"content":{"rendered":"<p>Le Power Sled Z07 est un \u00e9quipement robuste pour la musculation, con\u00e7u pour am\u00e9liorer la puissance, la vitesse et la performance athl\u00e9tique globale. Id\u00e9al pour les exercices de force de pouss\u00e9e et de tirage, ce chariot (sled) cible le bas du corps, le centre du corps (core) et les muscles stabilisateurs. <\/p>\n<p>Pour s\u2019adapter \u00e0 diff\u00e9rents styles d\u2019entra\u00eenement, le Power Sled Z07 comprend plusieurs hauteurs de poign\u00e9es, permettant aux utilisateurs de maintenir une posture correcte et un confort optimal lors des s\u00e9ances \u00e0 haute intensit\u00e9. Adapt\u00e9 aussi bien aux athl\u00e8tes individuels qu\u2019aux entra\u00eenements d\u2019\u00e9quipe, il s\u2019int\u00e8gre parfaitement dans n\u2019importe quelle configuration de salle de sport. <\/p>\n<p>Durable et efficace, le Power Sled Z07 est un outil fiable pour d\u00e9velopper la force et l\u2019endurance.<\/p>\n\n    <div class=\"xs_social_share_widget xs_share_url after_content \t\tmain_content  wslu-style-1 wslu-share-box-shaped wslu-fill-colored wslu-none wslu-share-horizontal wslu-theme-font-no wslu-main_content\">\n\n\t\t\n        <ul>\n\t\t\t        <\/ul>\n    <\/div> \n","protected":false},"excerpt":{"rendered":"<p>Le Power Sled Z07 est un \u00e9quipement robuste pour la musculation, con\u00e7u pour am\u00e9liorer la puissance, la vitesse et la performance athl\u00e9tique globale. Id\u00e9al pour les exercices de force de pouss\u00e9e et de tirage, ce chariot (sled) cible le bas du corps, le centre du corps (core) et les muscles stabilisateurs. Pour s\u2019adapter \u00e0 diff\u00e9rents [&hellip;]<\/p>\n","protected":false},"featured_media":11905,"template":"","meta":{"_acf_changed":false},"product_brand":[56],"product_cat":[830],"product_tag":[857],"class_list":{"0":"post-26161","1":"product","2":"type-product","3":"status-publish","4":"has-post-thumbnail","6":"product_brand-gym-factory","7":"product_cat-autres-equipements-de-salle-de-sport","8":"product_tag-couleur-metal-uniquement","10":"first","11":"onbackorder","12":"taxable","13":"shipping-taxable","14":"purchasable","15":"product-type-variable","16":"has-default-attributes"},"acf":[],"yoast_head":"<!-- This site is optimized with the Yoast SEO plugin v25.2 - https:\/\/yoast.com\/wordpress\/plugins\/seo\/ -->\n<title>Power Sled Z07 \u2013 Id\u00e9al pour les Exercices de Musculation<\/title>\n<meta name=\"description\" content=\"Ce chariot de puissance (power sled) soutient les exercices de musculation, offrant durabilit\u00e9 et polyvalence. C\u2019est un excellent ajout \u00e0 toute salle de sport pour des entra\u00eenements fonctionnels.\" \/>\n<meta name=\"robots\" content=\"index, follow, max-snippet:-1, max-image-preview:large, max-video-preview:-1\" \/>\n<link rel=\"canonical\" href=\"https:\/\/gymfactory.eu\/fr\/produit\/power-sled-z07\/\" \/>\n<meta property=\"og:locale\" content=\"fr_FR\" \/>\n<meta property=\"og:type\" content=\"article\" \/>\n<meta property=\"og:title\" content=\"Power Sled Z07 \u2013 Id\u00e9al pour les Exercices de Musculation\" \/>\n<meta property=\"og:description\" content=\"Ce chariot de puissance (power sled) soutient les exercices de musculation, offrant durabilit\u00e9 et polyvalence. C\u2019est un excellent ajout \u00e0 toute salle de sport pour des entra\u00eenements fonctionnels.\" \/>\n<meta property=\"og:url\" content=\"https:\/\/gymfactory.eu\/fr\/produit\/power-sled-z07\/\" \/>\n<meta property=\"og:site_name\" content=\"Gym Factory\" \/>\n<meta property=\"og:image\" content=\"https:\/\/gymfactory.eu\/wp-content\/uploads\/2025\/02\/strength-training-exercise-equipment-weighted-sled-1.webp\" \/>\n\t<meta property=\"og:image:width\" content=\"1500\" \/>\n\t<meta property=\"og:image:height\" content=\"1500\" \/>\n\t<meta property=\"og:image:type\" content=\"image\/webp\" \/>\n<meta name=\"twitter:card\" content=\"summary_large_image\" \/>\n<meta name=\"twitter:label1\" content=\"Dur\u00e9e de lecture estim\u00e9e\" \/>\n\t<meta name=\"twitter:data1\" content=\"1 minute\" \/>\n<script type=\"application\/ld+json\" class=\"yoast-schema-graph\">{\"@context\":\"https:\/\/schema.org\",\"@graph\":[{\"@type\":\"WebPage\",\"@id\":\"https:\/\/gymfactory.eu\/fr\/produit\/power-sled-z07\/\",\"url\":\"https:\/\/gymfactory.eu\/fr\/produit\/power-sled-z07\/\",\"name\":\"Power Sled Z07 \u2013 Id\u00e9al pour les Exercices de Musculation\",\"isPartOf\":{\"@id\":\"https:\/\/gymfactory.eu\/fr\/#website\"},\"primaryImageOfPage\":{\"@id\":\"https:\/\/gymfactory.eu\/fr\/produit\/power-sled-z07\/#primaryimage\"},\"image\":{\"@id\":\"https:\/\/gymfactory.eu\/fr\/produit\/power-sled-z07\/#primaryimage\"},\"thumbnailUrl\":\"https:\/\/gymfactory.eu\/wp-content\/uploads\/2025\/02\/strength-training-exercise-equipment-weighted-sled-1.webp\",\"datePublished\":\"2025-02-10T09:58:39+00:00\",\"description\":\"Ce chariot de puissance (power sled) soutient les exercices de musculation, offrant durabilit\u00e9 et polyvalence. C\u2019est un excellent ajout \u00e0 toute salle de sport pour des entra\u00eenements fonctionnels.\",\"breadcrumb\":{\"@id\":\"https:\/\/gymfactory.eu\/fr\/produit\/power-sled-z07\/#breadcrumb\"},\"inLanguage\":\"fr-FR\",\"potentialAction\":[{\"@type\":\"ReadAction\",\"target\":[\"https:\/\/gymfactory.eu\/fr\/produit\/power-sled-z07\/\"]}]},{\"@type\":\"ImageObject\",\"inLanguage\":\"fr-FR\",\"@id\":\"https:\/\/gymfactory.eu\/fr\/produit\/power-sled-z07\/#primaryimage\",\"url\":\"https:\/\/gymfactory.eu\/wp-content\/uploads\/2025\/02\/strength-training-exercise-equipment-weighted-sled-1.webp\",\"contentUrl\":\"https:\/\/gymfactory.eu\/wp-content\/uploads\/2025\/02\/strength-training-exercise-equipment-weighted-sled-1.webp\",\"width\":1500,\"height\":1500},{\"@type\":\"BreadcrumbList\",\"@id\":\"https:\/\/gymfactory.eu\/fr\/produit\/power-sled-z07\/#breadcrumb\",\"itemListElement\":[{\"@type\":\"ListItem\",\"position\":1,\"name\":\"Home\",\"item\":\"https:\/\/gymfactory.eu\/fr\/page-principale\/\"},{\"@type\":\"ListItem\",\"position\":2,\"name\":\"Catalogue\",\"item\":\"https:\/\/gymfactory.eu\/fr\/catalogue-2\/\"},{\"@type\":\"ListItem\",\"position\":3,\"name\":\"Power Sled Z07\"}]},{\"@type\":\"WebSite\",\"@id\":\"https:\/\/gymfactory.eu\/fr\/#website\",\"url\":\"https:\/\/gymfactory.eu\/fr\/\",\"name\":\"Gym Factory\",\"description\":\"\",\"publisher\":{\"@id\":\"https:\/\/gymfactory.eu\/fr\/#organization\"},\"potentialAction\":[{\"@type\":\"SearchAction\",\"target\":{\"@type\":\"EntryPoint\",\"urlTemplate\":\"https:\/\/gymfactory.eu\/fr\/?s={search_term_string}\"},\"query-input\":{\"@type\":\"PropertyValueSpecification\",\"valueRequired\":true,\"valueName\":\"search_term_string\"}}],\"inLanguage\":\"fr-FR\"},{\"@type\":\"Organization\",\"@id\":\"https:\/\/gymfactory.eu\/fr\/#organization\",\"name\":\"Gym Factory\",\"url\":\"https:\/\/gymfactory.eu\/fr\/\",\"logo\":{\"@type\":\"ImageObject\",\"inLanguage\":\"fr-FR\",\"@id\":\"https:\/\/gymfactory.eu\/fr\/#\/schema\/logo\/image\/\",\"url\":\"https:\/\/gymfactory.eu\/wp-content\/uploads\/2024\/11\/Component-1.svg\",\"contentUrl\":\"https:\/\/gymfactory.eu\/wp-content\/uploads\/2024\/11\/Component-1.svg\",\"width\":54,\"height\":44,\"caption\":\"Gym Factory\"},\"image\":{\"@id\":\"https:\/\/gymfactory.eu\/fr\/#\/schema\/logo\/image\/\"}}]}<\/script>\n<!-- \/ Yoast SEO plugin. -->","yoast_head_json":{"title":"Power Sled Z07 \u2013 Id\u00e9al pour les Exercices de Musculation","description":"Ce chariot de puissance (power sled) soutient les exercices de musculation, offrant durabilit\u00e9 et polyvalence. C\u2019est un excellent ajout \u00e0 toute salle de sport pour des entra\u00eenements fonctionnels.","robots":{"index":"index","follow":"follow","max-snippet":"max-snippet:-1","max-image-preview":"max-image-preview:large","max-video-preview":"max-video-preview:-1"},"canonical":"https:\/\/gymfactory.eu\/fr\/produit\/power-sled-z07\/","og_locale":"fr_FR","og_type":"article","og_title":"Power Sled Z07 \u2013 Id\u00e9al pour les Exercices de Musculation","og_description":"Ce chariot de puissance (power sled) soutient les exercices de musculation, offrant durabilit\u00e9 et polyvalence. C\u2019est un excellent ajout \u00e0 toute salle de sport pour des entra\u00eenements fonctionnels.","og_url":"https:\/\/gymfactory.eu\/fr\/produit\/power-sled-z07\/","og_site_name":"Gym Factory","og_image":[{"width":1500,"height":1500,"url":"https:\/\/gymfactory.eu\/wp-content\/uploads\/2025\/02\/strength-training-exercise-equipment-weighted-sled-1.webp","type":"image\/webp"}],"twitter_card":"summary_large_image","twitter_misc":{"Dur\u00e9e de lecture estim\u00e9e":"1 minute"},"schema":{"@context":"https:\/\/schema.org","@graph":[{"@type":"WebPage","@id":"https:\/\/gymfactory.eu\/fr\/produit\/power-sled-z07\/","url":"https:\/\/gymfactory.eu\/fr\/produit\/power-sled-z07\/","name":"Power Sled Z07 \u2013 Id\u00e9al pour les Exercices de Musculation","isPartOf":{"@id":"https:\/\/gymfactory.eu\/fr\/#website"},"primaryImageOfPage":{"@id":"https:\/\/gymfactory.eu\/fr\/produit\/power-sled-z07\/#primaryimage"},"image":{"@id":"https:\/\/gymfactory.eu\/fr\/produit\/power-sled-z07\/#primaryimage"},"thumbnailUrl":"https:\/\/gymfactory.eu\/wp-content\/uploads\/2025\/02\/strength-training-exercise-equipment-weighted-sled-1.webp","datePublished":"2025-02-10T09:58:39+00:00","description":"Ce chariot de puissance (power sled) soutient les exercices de musculation, offrant durabilit\u00e9 et polyvalence. C\u2019est un excellent ajout \u00e0 toute salle de sport pour des entra\u00eenements fonctionnels.","breadcrumb":{"@id":"https:\/\/gymfactory.eu\/fr\/produit\/power-sled-z07\/#breadcrumb"},"inLanguage":"fr-FR","potentialAction":[{"@type":"ReadAction","target":["https:\/\/gymfactory.eu\/fr\/produit\/power-sled-z07\/"]}]},{"@type":"ImageObject","inLanguage":"fr-FR","@id":"https:\/\/gymfactory.eu\/fr\/produit\/power-sled-z07\/#primaryimage","url":"https:\/\/gymfactory.eu\/wp-content\/uploads\/2025\/02\/strength-training-exercise-equipment-weighted-sled-1.webp","contentUrl":"https:\/\/gymfactory.eu\/wp-content\/uploads\/2025\/02\/strength-training-exercise-equipment-weighted-sled-1.webp","width":1500,"height":1500},{"@type":"BreadcrumbList","@id":"https:\/\/gymfactory.eu\/fr\/produit\/power-sled-z07\/#breadcrumb","itemListElement":[{"@type":"ListItem","position":1,"name":"Home","item":"https:\/\/gymfactory.eu\/fr\/page-principale\/"},{"@type":"ListItem","position":2,"name":"Catalogue","item":"https:\/\/gymfactory.eu\/fr\/catalogue-2\/"},{"@type":"ListItem","position":3,"name":"Power Sled Z07"}]},{"@type":"WebSite","@id":"https:\/\/gymfactory.eu\/fr\/#website","url":"https:\/\/gymfactory.eu\/fr\/","name":"Gym Factory","description":"","publisher":{"@id":"https:\/\/gymfactory.eu\/fr\/#organization"},"potentialAction":[{"@type":"SearchAction","target":{"@type":"EntryPoint","urlTemplate":"https:\/\/gymfactory.eu\/fr\/?s={search_term_string}"},"query-input":{"@type":"PropertyValueSpecification","valueRequired":true,"valueName":"search_term_string"}}],"inLanguage":"fr-FR"},{"@type":"Organization","@id":"https:\/\/gymfactory.eu\/fr\/#organization","name":"Gym Factory","url":"https:\/\/gymfactory.eu\/fr\/","logo":{"@type":"ImageObject","inLanguage":"fr-FR","@id":"https:\/\/gymfactory.eu\/fr\/#\/schema\/logo\/image\/","url":"https:\/\/gymfactory.eu\/wp-content\/uploads\/2024\/11\/Component-1.svg","contentUrl":"https:\/\/gymfactory.eu\/wp-content\/uploads\/2024\/11\/Component-1.svg","width":54,"height":44,"caption":"Gym Factory"},"image":{"@id":"https:\/\/gymfactory.eu\/fr\/#\/schema\/logo\/image\/"}}]}},"_links":{"self":[{"href":"https:\/\/gymfactory.eu\/fr\/wp-json\/wp\/v2\/product\/26161","targetHints":{"allow":["GET"]}}],"collection":[{"href":"https:\/\/gymfactory.eu\/fr\/wp-json\/wp\/v2\/product"}],"about":[{"href":"https:\/\/gymfactory.eu\/fr\/wp-json\/wp\/v2\/types\/product"}],"wp:featuredmedia":[{"embeddable":true,"href":"https:\/\/gymfactory.eu\/fr\/wp-json\/wp\/v2\/media\/11905"}],"wp:attachment":[{"href":"https:\/\/gymfactory.eu\/fr\/wp-json\/wp\/v2\/media?parent=26161"}],"wp:term":[{"taxonomy":"product_brand","embeddable":true,"href":"https:\/\/gymfactory.eu\/fr\/wp-json\/wp\/v2\/product_brand?post=26161"},{"taxonomy":"product_cat","embeddable":true,"href":"https:\/\/gymfactory.eu\/fr\/wp-json\/wp\/v2\/product_cat?post=26161"},{"taxonomy":"product_tag","embeddable":true,"href":"https:\/\/gymfactory.eu\/fr\/wp-json\/wp\/v2\/product_tag?post=26161"}],"curies":[{"name":"wp","href":"https:\/\/api.w.org\/{rel}","templated":true}]}}