{"id":26159,"date":"2025-02-10T11:49:06","date_gmt":"2025-02-10T09:49:06","guid":{"rendered":"https:\/\/gymfactory.eu\/product\/table-de-bras-de-fer-i1\/"},"modified":"2025-02-10T11:49:06","modified_gmt":"2025-02-10T09:49:06","slug":"table-de-bras-de-fer-i1","status":"publish","type":"product","link":"https:\/\/gymfactory.eu\/fr\/produit\/table-de-bras-de-fer-i1\/","title":{"rendered":"Table de Bras de Fer I1"},"content":{"rendered":"<p>La Table de Bras de Fer I1 est con\u00e7ue pour les exercices de bras de fer et les entra\u00eenements sp\u00e9cifiques, adapt\u00e9e aussi bien \u00e0 l\u2019entra\u00eenement qu\u2019aux matchs entre deux adversaires. Elle s\u2019int\u00e8gre parfaitement dans les environnements de home gym ou de salles de sport commerciales. <\/p>\n<p>Les coussins pour les coudes peuvent \u00eatre repositionn\u00e9s pour une utilisation du bras droit ou gauche, tandis que les poign\u00e9es lat\u00e9rales offrent une prise s\u00fbre pour la main d\u2019appui. La table est \u00e9galement facile \u00e0 d\u00e9monter, ce qui la rend pratique \u00e0 ranger ou \u00e0 transporter en cas de besoin. <\/p>\n<p>Compacte, stable et pr\u00eate pour la comp\u00e9tition, cette table de bras de fer soutient le d\u00e9veloppement cibl\u00e9 de la force et de la technique.<\/p>\n\n    <div class=\"xs_social_share_widget xs_share_url after_content \t\tmain_content  wslu-style-1 wslu-share-box-shaped wslu-fill-colored wslu-none wslu-share-horizontal wslu-theme-font-no wslu-main_content\">\n\n\t\t\n        <ul>\n\t\t\t        <\/ul>\n    <\/div> \n","protected":false},"excerpt":{"rendered":"<p>La Table de Bras de Fer I1 est con\u00e7ue pour les exercices de bras de fer et les entra\u00eenements sp\u00e9cifiques, adapt\u00e9e aussi bien \u00e0 l\u2019entra\u00eenement qu\u2019aux matchs entre deux adversaires. Elle s\u2019int\u00e8gre parfaitement dans les environnements de home gym ou de salles de sport commerciales. Les coussins pour les coudes peuvent \u00eatre repositionn\u00e9s pour une [&hellip;]<\/p>\n","protected":false},"featured_media":23586,"template":"","meta":{"_acf_changed":false},"product_brand":[56],"product_cat":[830],"product_tag":[],"class_list":{"0":"post-26159","1":"product","2":"type-product","3":"status-publish","4":"has-post-thumbnail","6":"product_brand-gym-factory","7":"product_cat-autres-equipements-de-salle-de-sport","9":"first","10":"onbackorder","11":"taxable","12":"shipping-taxable","13":"purchasable","14":"product-type-variable","15":"has-default-attributes"},"acf":[],"yoast_head":"<!-- This site is optimized with the Yoast SEO plugin v25.2 - https:\/\/yoast.com\/wordpress\/plugins\/seo\/ -->\n<title>Table de Bras de Fer I1 \u2013 Configuration Gym pour Exercices de Bras de Fer<\/title>\n<meta name=\"description\" content=\"Ma\u00eetrisez les exercices de bras de fer avec le bon \u00e9quipement de musculation. Cette Table de Bras de Fer est con\u00e7ue pour offrir la stabilit\u00e9 dont vous avez besoin.\" \/>\n<meta name=\"robots\" content=\"index, follow, max-snippet:-1, max-image-preview:large, max-video-preview:-1\" \/>\n<link rel=\"canonical\" href=\"https:\/\/gymfactory.eu\/fr\/produit\/table-de-bras-de-fer-i1\/\" \/>\n<meta property=\"og:locale\" content=\"fr_FR\" \/>\n<meta property=\"og:type\" content=\"article\" \/>\n<meta property=\"og:title\" content=\"Table de Bras de Fer I1 \u2013 Configuration Gym pour Exercices de Bras de Fer\" \/>\n<meta property=\"og:description\" content=\"Ma\u00eetrisez les exercices de bras de fer avec le bon \u00e9quipement de musculation. Cette Table de Bras de Fer est con\u00e7ue pour offrir la stabilit\u00e9 dont vous avez besoin.\" \/>\n<meta property=\"og:url\" content=\"https:\/\/gymfactory.eu\/fr\/produit\/table-de-bras-de-fer-i1\/\" \/>\n<meta property=\"og:site_name\" content=\"Gym Factory\" \/>\n<meta property=\"og:image\" content=\"https:\/\/gymfactory.eu\/wp-content\/uploads\/2025\/02\/strength-training-exercise-equipment-arm-wrestling-table.webp\" \/>\n\t<meta property=\"og:image:width\" content=\"1500\" \/>\n\t<meta property=\"og:image:height\" content=\"1500\" \/>\n\t<meta property=\"og:image:type\" content=\"image\/webp\" \/>\n<meta name=\"twitter:card\" content=\"summary_large_image\" \/>\n<meta name=\"twitter:label1\" content=\"Dur\u00e9e de lecture estim\u00e9e\" \/>\n\t<meta name=\"twitter:data1\" content=\"1 minute\" \/>\n<script type=\"application\/ld+json\" class=\"yoast-schema-graph\">{\"@context\":\"https:\/\/schema.org\",\"@graph\":[{\"@type\":\"WebPage\",\"@id\":\"https:\/\/gymfactory.eu\/fr\/produit\/table-de-bras-de-fer-i1\/\",\"url\":\"https:\/\/gymfactory.eu\/fr\/produit\/table-de-bras-de-fer-i1\/\",\"name\":\"Table de Bras de Fer I1 \u2013 Configuration Gym pour Exercices de Bras de Fer\",\"isPartOf\":{\"@id\":\"https:\/\/gymfactory.eu\/fr\/#website\"},\"primaryImageOfPage\":{\"@id\":\"https:\/\/gymfactory.eu\/fr\/produit\/table-de-bras-de-fer-i1\/#primaryimage\"},\"image\":{\"@id\":\"https:\/\/gymfactory.eu\/fr\/produit\/table-de-bras-de-fer-i1\/#primaryimage\"},\"thumbnailUrl\":\"https:\/\/gymfactory.eu\/wp-content\/uploads\/2025\/02\/strength-training-exercise-equipment-arm-wrestling-table.webp\",\"datePublished\":\"2025-02-10T09:49:06+00:00\",\"description\":\"Ma\u00eetrisez les exercices de bras de fer avec le bon \u00e9quipement de musculation. Cette Table de Bras de Fer est con\u00e7ue pour offrir la stabilit\u00e9 dont vous avez besoin.\",\"breadcrumb\":{\"@id\":\"https:\/\/gymfactory.eu\/fr\/produit\/table-de-bras-de-fer-i1\/#breadcrumb\"},\"inLanguage\":\"fr-FR\",\"potentialAction\":[{\"@type\":\"ReadAction\",\"target\":[\"https:\/\/gymfactory.eu\/fr\/produit\/table-de-bras-de-fer-i1\/\"]}]},{\"@type\":\"ImageObject\",\"inLanguage\":\"fr-FR\",\"@id\":\"https:\/\/gymfactory.eu\/fr\/produit\/table-de-bras-de-fer-i1\/#primaryimage\",\"url\":\"https:\/\/gymfactory.eu\/wp-content\/uploads\/2025\/02\/strength-training-exercise-equipment-arm-wrestling-table.webp\",\"contentUrl\":\"https:\/\/gymfactory.eu\/wp-content\/uploads\/2025\/02\/strength-training-exercise-equipment-arm-wrestling-table.webp\",\"width\":1500,\"height\":1500,\"caption\":\"Un \u00e9quipement d\u2019exercice de musculation robuste - une table de bras de fer avec un cadre en acier rouge et une surface rembourr\u00e9e noire. La table dispose de r\u00e9glages de hauteur, de supports de coude rembourr\u00e9s et de poign\u00e9es de maintien pour une exp\u00e9rience de bras de fer s\u00fbre et confortable.\"},{\"@type\":\"BreadcrumbList\",\"@id\":\"https:\/\/gymfactory.eu\/fr\/produit\/table-de-bras-de-fer-i1\/#breadcrumb\",\"itemListElement\":[{\"@type\":\"ListItem\",\"position\":1,\"name\":\"Home\",\"item\":\"https:\/\/gymfactory.eu\/fr\/page-principale\/\"},{\"@type\":\"ListItem\",\"position\":2,\"name\":\"Catalogue\",\"item\":\"https:\/\/gymfactory.eu\/fr\/catalogue-2\/\"},{\"@type\":\"ListItem\",\"position\":3,\"name\":\"Table de Bras de Fer I1\"}]},{\"@type\":\"WebSite\",\"@id\":\"https:\/\/gymfactory.eu\/fr\/#website\",\"url\":\"https:\/\/gymfactory.eu\/fr\/\",\"name\":\"Gym Factory\",\"description\":\"\",\"publisher\":{\"@id\":\"https:\/\/gymfactory.eu\/fr\/#organization\"},\"potentialAction\":[{\"@type\":\"SearchAction\",\"target\":{\"@type\":\"EntryPoint\",\"urlTemplate\":\"https:\/\/gymfactory.eu\/fr\/?s={search_term_string}\"},\"query-input\":{\"@type\":\"PropertyValueSpecification\",\"valueRequired\":true,\"valueName\":\"search_term_string\"}}],\"inLanguage\":\"fr-FR\"},{\"@type\":\"Organization\",\"@id\":\"https:\/\/gymfactory.eu\/fr\/#organization\",\"name\":\"Gym Factory\",\"url\":\"https:\/\/gymfactory.eu\/fr\/\",\"logo\":{\"@type\":\"ImageObject\",\"inLanguage\":\"fr-FR\",\"@id\":\"https:\/\/gymfactory.eu\/fr\/#\/schema\/logo\/image\/\",\"url\":\"https:\/\/gymfactory.eu\/wp-content\/uploads\/2024\/11\/Component-1.svg\",\"contentUrl\":\"https:\/\/gymfactory.eu\/wp-content\/uploads\/2024\/11\/Component-1.svg\",\"width\":54,\"height\":44,\"caption\":\"Gym Factory\"},\"image\":{\"@id\":\"https:\/\/gymfactory.eu\/fr\/#\/schema\/logo\/image\/\"}}]}<\/script>\n<!-- \/ Yoast SEO plugin. -->","yoast_head_json":{"title":"Table de Bras de Fer I1 \u2013 Configuration Gym pour Exercices de Bras de Fer","description":"Ma\u00eetrisez les exercices de bras de fer avec le bon \u00e9quipement de musculation. Cette Table de Bras de Fer est con\u00e7ue pour offrir la stabilit\u00e9 dont vous avez besoin.","robots":{"index":"index","follow":"follow","max-snippet":"max-snippet:-1","max-image-preview":"max-image-preview:large","max-video-preview":"max-video-preview:-1"},"canonical":"https:\/\/gymfactory.eu\/fr\/produit\/table-de-bras-de-fer-i1\/","og_locale":"fr_FR","og_type":"article","og_title":"Table de Bras de Fer I1 \u2013 Configuration Gym pour Exercices de Bras de Fer","og_description":"Ma\u00eetrisez les exercices de bras de fer avec le bon \u00e9quipement de musculation. Cette Table de Bras de Fer est con\u00e7ue pour offrir la stabilit\u00e9 dont vous avez besoin.","og_url":"https:\/\/gymfactory.eu\/fr\/produit\/table-de-bras-de-fer-i1\/","og_site_name":"Gym Factory","og_image":[{"width":1500,"height":1500,"url":"https:\/\/gymfactory.eu\/wp-content\/uploads\/2025\/02\/strength-training-exercise-equipment-arm-wrestling-table.webp","type":"image\/webp"}],"twitter_card":"summary_large_image","twitter_misc":{"Dur\u00e9e de lecture estim\u00e9e":"1 minute"},"schema":{"@context":"https:\/\/schema.org","@graph":[{"@type":"WebPage","@id":"https:\/\/gymfactory.eu\/fr\/produit\/table-de-bras-de-fer-i1\/","url":"https:\/\/gymfactory.eu\/fr\/produit\/table-de-bras-de-fer-i1\/","name":"Table de Bras de Fer I1 \u2013 Configuration Gym pour Exercices de Bras de Fer","isPartOf":{"@id":"https:\/\/gymfactory.eu\/fr\/#website"},"primaryImageOfPage":{"@id":"https:\/\/gymfactory.eu\/fr\/produit\/table-de-bras-de-fer-i1\/#primaryimage"},"image":{"@id":"https:\/\/gymfactory.eu\/fr\/produit\/table-de-bras-de-fer-i1\/#primaryimage"},"thumbnailUrl":"https:\/\/gymfactory.eu\/wp-content\/uploads\/2025\/02\/strength-training-exercise-equipment-arm-wrestling-table.webp","datePublished":"2025-02-10T09:49:06+00:00","description":"Ma\u00eetrisez les exercices de bras de fer avec le bon \u00e9quipement de musculation. Cette Table de Bras de Fer est con\u00e7ue pour offrir la stabilit\u00e9 dont vous avez besoin.","breadcrumb":{"@id":"https:\/\/gymfactory.eu\/fr\/produit\/table-de-bras-de-fer-i1\/#breadcrumb"},"inLanguage":"fr-FR","potentialAction":[{"@type":"ReadAction","target":["https:\/\/gymfactory.eu\/fr\/produit\/table-de-bras-de-fer-i1\/"]}]},{"@type":"ImageObject","inLanguage":"fr-FR","@id":"https:\/\/gymfactory.eu\/fr\/produit\/table-de-bras-de-fer-i1\/#primaryimage","url":"https:\/\/gymfactory.eu\/wp-content\/uploads\/2025\/02\/strength-training-exercise-equipment-arm-wrestling-table.webp","contentUrl":"https:\/\/gymfactory.eu\/wp-content\/uploads\/2025\/02\/strength-training-exercise-equipment-arm-wrestling-table.webp","width":1500,"height":1500,"caption":"Un \u00e9quipement d\u2019exercice de musculation robuste - une table de bras de fer avec un cadre en acier rouge et une surface rembourr\u00e9e noire. La table dispose de r\u00e9glages de hauteur, de supports de coude rembourr\u00e9s et de poign\u00e9es de maintien pour une exp\u00e9rience de bras de fer s\u00fbre et confortable."},{"@type":"BreadcrumbList","@id":"https:\/\/gymfactory.eu\/fr\/produit\/table-de-bras-de-fer-i1\/#breadcrumb","itemListElement":[{"@type":"ListItem","position":1,"name":"Home","item":"https:\/\/gymfactory.eu\/fr\/page-principale\/"},{"@type":"ListItem","position":2,"name":"Catalogue","item":"https:\/\/gymfactory.eu\/fr\/catalogue-2\/"},{"@type":"ListItem","position":3,"name":"Table de Bras de Fer I1"}]},{"@type":"WebSite","@id":"https:\/\/gymfactory.eu\/fr\/#website","url":"https:\/\/gymfactory.eu\/fr\/","name":"Gym Factory","description":"","publisher":{"@id":"https:\/\/gymfactory.eu\/fr\/#organization"},"potentialAction":[{"@type":"SearchAction","target":{"@type":"EntryPoint","urlTemplate":"https:\/\/gymfactory.eu\/fr\/?s={search_term_string}"},"query-input":{"@type":"PropertyValueSpecification","valueRequired":true,"valueName":"search_term_string"}}],"inLanguage":"fr-FR"},{"@type":"Organization","@id":"https:\/\/gymfactory.eu\/fr\/#organization","name":"Gym Factory","url":"https:\/\/gymfactory.eu\/fr\/","logo":{"@type":"ImageObject","inLanguage":"fr-FR","@id":"https:\/\/gymfactory.eu\/fr\/#\/schema\/logo\/image\/","url":"https:\/\/gymfactory.eu\/wp-content\/uploads\/2024\/11\/Component-1.svg","contentUrl":"https:\/\/gymfactory.eu\/wp-content\/uploads\/2024\/11\/Component-1.svg","width":54,"height":44,"caption":"Gym Factory"},"image":{"@id":"https:\/\/gymfactory.eu\/fr\/#\/schema\/logo\/image\/"}}]}},"_links":{"self":[{"href":"https:\/\/gymfactory.eu\/fr\/wp-json\/wp\/v2\/product\/26159","targetHints":{"allow":["GET"]}}],"collection":[{"href":"https:\/\/gymfactory.eu\/fr\/wp-json\/wp\/v2\/product"}],"about":[{"href":"https:\/\/gymfactory.eu\/fr\/wp-json\/wp\/v2\/types\/product"}],"wp:featuredmedia":[{"embeddable":true,"href":"https:\/\/gymfactory.eu\/fr\/wp-json\/wp\/v2\/media\/23586"}],"wp:attachment":[{"href":"https:\/\/gymfactory.eu\/fr\/wp-json\/wp\/v2\/media?parent=26159"}],"wp:term":[{"taxonomy":"product_brand","embeddable":true,"href":"https:\/\/gymfactory.eu\/fr\/wp-json\/wp\/v2\/product_brand?post=26159"},{"taxonomy":"product_cat","embeddable":true,"href":"https:\/\/gymfactory.eu\/fr\/wp-json\/wp\/v2\/product_cat?post=26159"},{"taxonomy":"product_tag","embeddable":true,"href":"https:\/\/gymfactory.eu\/fr\/wp-json\/wp\/v2\/product_tag?post=26159"}],"curies":[{"name":"wp","href":"https:\/\/api.w.org\/{rel}","templated":true}]}}