{"id":26154,"date":"2025-02-10T11:33:12","date_gmt":"2025-02-10T09:33:12","guid":{"rendered":"https:\/\/gymfactory.eu\/product\/plateforme-pour-power-rack-y4\/"},"modified":"2026-04-10T17:02:41","modified_gmt":"2026-04-10T14:02:41","slug":"plateforme-pour-power-rack-y4","status":"publish","type":"product","link":"https:\/\/gymfactory.eu\/fr\/produit\/plateforme-pour-power-rack-y4\/","title":{"rendered":"Plateforme pour Power Rack Y4"},"content":{"rendered":"<p>La Plateforme pour Power Rack Y4 est une base durable con\u00e7ue pour les exercices de musculation tels que le soulev\u00e9 de terre (deadlift), les squats et les mouvements olympiques. Elle s\u2019associe parfaitement \u00e0 nos cages \u00e0 squat (power racks), cr\u00e9ant une zone de levage stable et s\u00fbre pour les installations \u00e0 domicile ou les salles de sport commerciales. <\/p>\n<p>Con\u00e7ue pour un usage intensif, cette plateforme aide \u00e0 prot\u00e9ger le sol et l\u2019\u00e9quipement tout en supportant des entra\u00eenements \u00e0 fort impact. C\u2019est une fondation id\u00e9ale pour les entra\u00eenements complets impliquant des barres et des poids libres.<\/p>\n\n    <div class=\"xs_social_share_widget xs_share_url after_content \t\tmain_content  wslu-style-1 wslu-share-box-shaped wslu-fill-colored wslu-none wslu-share-horizontal wslu-theme-font-no wslu-main_content\">\n\n\t\t\n        <ul>\n\t\t\t        <\/ul>\n    <\/div> \n","protected":false},"excerpt":{"rendered":"<p>La Plateforme pour Power Rack Y4 est une base durable con\u00e7ue pour les exercices de musculation tels que le soulev\u00e9 de terre (deadlift), les squats et les mouvements olympiques. Elle s\u2019associe parfaitement \u00e0 nos cages \u00e0 squat (power racks), cr\u00e9ant une zone de levage stable et s\u00fbre pour les installations \u00e0 domicile ou les salles [&hellip;]<\/p>\n","protected":false},"featured_media":28299,"template":"","meta":{"_acf_changed":false},"product_brand":[56],"product_cat":[830],"product_tag":[857],"class_list":{"0":"post-26154","1":"product","2":"type-product","3":"status-publish","4":"has-post-thumbnail","6":"product_brand-gym-factory","7":"product_cat-autres-equipements-de-salle-de-sport","8":"product_tag-couleur-metal-uniquement","10":"first","11":"instock","12":"taxable","13":"shipping-taxable","14":"purchasable","15":"product-type-variable","16":"has-default-attributes"},"acf":[],"yoast_head":"<!-- This site is optimized with the Yoast SEO plugin v25.2 - https:\/\/yoast.com\/wordpress\/plugins\/seo\/ -->\n<title>Plateforme pour Power Rack Y4 \u2013 \u00c9quipement d\u2019Exercice de Musculation<\/title>\n<meta name=\"description\" content=\"Cette plateforme pour power rack soutient les exercices de musculation, offrant une surface stable pour des entra\u00eenements intenses. Elle est id\u00e9ale pour une utilisation dans les salles de sport commerciales.\" \/>\n<meta name=\"robots\" content=\"index, follow, max-snippet:-1, max-image-preview:large, max-video-preview:-1\" \/>\n<link rel=\"canonical\" href=\"https:\/\/gymfactory.eu\/fr\/produit\/plateforme-pour-power-rack-y4\/\" \/>\n<meta property=\"og:locale\" content=\"fr_FR\" \/>\n<meta property=\"og:type\" content=\"article\" \/>\n<meta property=\"og:title\" content=\"Plateforme pour Power Rack Y4 \u2013 \u00c9quipement d\u2019Exercice de Musculation\" \/>\n<meta property=\"og:description\" content=\"Cette plateforme pour power rack soutient les exercices de musculation, offrant une surface stable pour des entra\u00eenements intenses. Elle est id\u00e9ale pour une utilisation dans les salles de sport commerciales.\" \/>\n<meta property=\"og:url\" content=\"https:\/\/gymfactory.eu\/fr\/produit\/plateforme-pour-power-rack-y4\/\" \/>\n<meta property=\"og:site_name\" content=\"Gym Factory\" \/>\n<meta property=\"article:modified_time\" content=\"2026-04-10T14:02:41+00:00\" \/>\n<meta property=\"og:image\" content=\"https:\/\/gymfactory.eu\/wp-content\/uploads\/2025\/02\/strength-training-exercise-equipment-deadlift-platform.webp\" \/>\n\t<meta property=\"og:image:width\" content=\"1500\" \/>\n\t<meta property=\"og:image:height\" content=\"1500\" \/>\n\t<meta property=\"og:image:type\" content=\"image\/webp\" \/>\n<meta name=\"twitter:card\" content=\"summary_large_image\" \/>\n<meta name=\"twitter:label1\" content=\"Dur\u00e9e de lecture estim\u00e9e\" \/>\n\t<meta name=\"twitter:data1\" content=\"1 minute\" \/>\n<script type=\"application\/ld+json\" class=\"yoast-schema-graph\">{\"@context\":\"https:\/\/schema.org\",\"@graph\":[{\"@type\":\"WebPage\",\"@id\":\"https:\/\/gymfactory.eu\/fr\/produit\/plateforme-pour-power-rack-y4\/\",\"url\":\"https:\/\/gymfactory.eu\/fr\/produit\/plateforme-pour-power-rack-y4\/\",\"name\":\"Plateforme pour Power Rack Y4 \u2013 \u00c9quipement d\u2019Exercice de Musculation\",\"isPartOf\":{\"@id\":\"https:\/\/gymfactory.eu\/fr\/#website\"},\"primaryImageOfPage\":{\"@id\":\"https:\/\/gymfactory.eu\/fr\/produit\/plateforme-pour-power-rack-y4\/#primaryimage\"},\"image\":{\"@id\":\"https:\/\/gymfactory.eu\/fr\/produit\/plateforme-pour-power-rack-y4\/#primaryimage\"},\"thumbnailUrl\":\"https:\/\/gymfactory.eu\/wp-content\/uploads\/2025\/02\/strength-training-exercise-equipment-deadlift-platform.webp\",\"datePublished\":\"2025-02-10T09:33:12+00:00\",\"dateModified\":\"2026-04-10T14:02:41+00:00\",\"description\":\"Cette plateforme pour power rack soutient les exercices de musculation, offrant une surface stable pour des entra\u00eenements intenses. Elle est id\u00e9ale pour une utilisation dans les salles de sport commerciales.\",\"breadcrumb\":{\"@id\":\"https:\/\/gymfactory.eu\/fr\/produit\/plateforme-pour-power-rack-y4\/#breadcrumb\"},\"inLanguage\":\"fr-FR\",\"potentialAction\":[{\"@type\":\"ReadAction\",\"target\":[\"https:\/\/gymfactory.eu\/fr\/produit\/plateforme-pour-power-rack-y4\/\"]}]},{\"@type\":\"ImageObject\",\"inLanguage\":\"fr-FR\",\"@id\":\"https:\/\/gymfactory.eu\/fr\/produit\/plateforme-pour-power-rack-y4\/#primaryimage\",\"url\":\"https:\/\/gymfactory.eu\/wp-content\/uploads\/2025\/02\/strength-training-exercise-equipment-deadlift-platform.webp\",\"contentUrl\":\"https:\/\/gymfactory.eu\/wp-content\/uploads\/2025\/02\/strength-training-exercise-equipment-deadlift-platform.webp\",\"width\":1500,\"height\":1500,\"caption\":\"Une installation d\u2019\u00e9quipement d\u2019exercice de musculation comprenant une plateforme de soulev\u00e9 de terre. La plateforme est install\u00e9e dans un environnement de salle de sport, entour\u00e9e de cages \u00e0 squat et de barres, offrant une surface stable pour les exercices d\u2019halt\u00e9rophilie.\"},{\"@type\":\"BreadcrumbList\",\"@id\":\"https:\/\/gymfactory.eu\/fr\/produit\/plateforme-pour-power-rack-y4\/#breadcrumb\",\"itemListElement\":[{\"@type\":\"ListItem\",\"position\":1,\"name\":\"Home\",\"item\":\"https:\/\/gymfactory.eu\/fr\/page-principale\/\"},{\"@type\":\"ListItem\",\"position\":2,\"name\":\"Catalogue\",\"item\":\"https:\/\/gymfactory.eu\/fr\/catalogue-2\/\"},{\"@type\":\"ListItem\",\"position\":3,\"name\":\"Plateforme pour Power Rack Y4\"}]},{\"@type\":\"WebSite\",\"@id\":\"https:\/\/gymfactory.eu\/fr\/#website\",\"url\":\"https:\/\/gymfactory.eu\/fr\/\",\"name\":\"Gym Factory\",\"description\":\"\",\"publisher\":{\"@id\":\"https:\/\/gymfactory.eu\/fr\/#organization\"},\"potentialAction\":[{\"@type\":\"SearchAction\",\"target\":{\"@type\":\"EntryPoint\",\"urlTemplate\":\"https:\/\/gymfactory.eu\/fr\/?s={search_term_string}\"},\"query-input\":{\"@type\":\"PropertyValueSpecification\",\"valueRequired\":true,\"valueName\":\"search_term_string\"}}],\"inLanguage\":\"fr-FR\"},{\"@type\":\"Organization\",\"@id\":\"https:\/\/gymfactory.eu\/fr\/#organization\",\"name\":\"Gym Factory\",\"url\":\"https:\/\/gymfactory.eu\/fr\/\",\"logo\":{\"@type\":\"ImageObject\",\"inLanguage\":\"fr-FR\",\"@id\":\"https:\/\/gymfactory.eu\/fr\/#\/schema\/logo\/image\/\",\"url\":\"https:\/\/gymfactory.eu\/wp-content\/uploads\/2024\/11\/Component-1.svg\",\"contentUrl\":\"https:\/\/gymfactory.eu\/wp-content\/uploads\/2024\/11\/Component-1.svg\",\"width\":54,\"height\":44,\"caption\":\"Gym Factory\"},\"image\":{\"@id\":\"https:\/\/gymfactory.eu\/fr\/#\/schema\/logo\/image\/\"}}]}<\/script>\n<!-- \/ Yoast SEO plugin. -->","yoast_head_json":{"title":"Plateforme pour Power Rack Y4 \u2013 \u00c9quipement d\u2019Exercice de Musculation","description":"Cette plateforme pour power rack soutient les exercices de musculation, offrant une surface stable pour des entra\u00eenements intenses. Elle est id\u00e9ale pour une utilisation dans les salles de sport commerciales.","robots":{"index":"index","follow":"follow","max-snippet":"max-snippet:-1","max-image-preview":"max-image-preview:large","max-video-preview":"max-video-preview:-1"},"canonical":"https:\/\/gymfactory.eu\/fr\/produit\/plateforme-pour-power-rack-y4\/","og_locale":"fr_FR","og_type":"article","og_title":"Plateforme pour Power Rack Y4 \u2013 \u00c9quipement d\u2019Exercice de Musculation","og_description":"Cette plateforme pour power rack soutient les exercices de musculation, offrant une surface stable pour des entra\u00eenements intenses. Elle est id\u00e9ale pour une utilisation dans les salles de sport commerciales.","og_url":"https:\/\/gymfactory.eu\/fr\/produit\/plateforme-pour-power-rack-y4\/","og_site_name":"Gym Factory","article_modified_time":"2026-04-10T14:02:41+00:00","og_image":[{"width":1500,"height":1500,"url":"https:\/\/gymfactory.eu\/wp-content\/uploads\/2025\/02\/strength-training-exercise-equipment-deadlift-platform.webp","type":"image\/webp"}],"twitter_card":"summary_large_image","twitter_misc":{"Dur\u00e9e de lecture estim\u00e9e":"1 minute"},"schema":{"@context":"https:\/\/schema.org","@graph":[{"@type":"WebPage","@id":"https:\/\/gymfactory.eu\/fr\/produit\/plateforme-pour-power-rack-y4\/","url":"https:\/\/gymfactory.eu\/fr\/produit\/plateforme-pour-power-rack-y4\/","name":"Plateforme pour Power Rack Y4 \u2013 \u00c9quipement d\u2019Exercice de Musculation","isPartOf":{"@id":"https:\/\/gymfactory.eu\/fr\/#website"},"primaryImageOfPage":{"@id":"https:\/\/gymfactory.eu\/fr\/produit\/plateforme-pour-power-rack-y4\/#primaryimage"},"image":{"@id":"https:\/\/gymfactory.eu\/fr\/produit\/plateforme-pour-power-rack-y4\/#primaryimage"},"thumbnailUrl":"https:\/\/gymfactory.eu\/wp-content\/uploads\/2025\/02\/strength-training-exercise-equipment-deadlift-platform.webp","datePublished":"2025-02-10T09:33:12+00:00","dateModified":"2026-04-10T14:02:41+00:00","description":"Cette plateforme pour power rack soutient les exercices de musculation, offrant une surface stable pour des entra\u00eenements intenses. Elle est id\u00e9ale pour une utilisation dans les salles de sport commerciales.","breadcrumb":{"@id":"https:\/\/gymfactory.eu\/fr\/produit\/plateforme-pour-power-rack-y4\/#breadcrumb"},"inLanguage":"fr-FR","potentialAction":[{"@type":"ReadAction","target":["https:\/\/gymfactory.eu\/fr\/produit\/plateforme-pour-power-rack-y4\/"]}]},{"@type":"ImageObject","inLanguage":"fr-FR","@id":"https:\/\/gymfactory.eu\/fr\/produit\/plateforme-pour-power-rack-y4\/#primaryimage","url":"https:\/\/gymfactory.eu\/wp-content\/uploads\/2025\/02\/strength-training-exercise-equipment-deadlift-platform.webp","contentUrl":"https:\/\/gymfactory.eu\/wp-content\/uploads\/2025\/02\/strength-training-exercise-equipment-deadlift-platform.webp","width":1500,"height":1500,"caption":"Une installation d\u2019\u00e9quipement d\u2019exercice de musculation comprenant une plateforme de soulev\u00e9 de terre. La plateforme est install\u00e9e dans un environnement de salle de sport, entour\u00e9e de cages \u00e0 squat et de barres, offrant une surface stable pour les exercices d\u2019halt\u00e9rophilie."},{"@type":"BreadcrumbList","@id":"https:\/\/gymfactory.eu\/fr\/produit\/plateforme-pour-power-rack-y4\/#breadcrumb","itemListElement":[{"@type":"ListItem","position":1,"name":"Home","item":"https:\/\/gymfactory.eu\/fr\/page-principale\/"},{"@type":"ListItem","position":2,"name":"Catalogue","item":"https:\/\/gymfactory.eu\/fr\/catalogue-2\/"},{"@type":"ListItem","position":3,"name":"Plateforme pour Power Rack Y4"}]},{"@type":"WebSite","@id":"https:\/\/gymfactory.eu\/fr\/#website","url":"https:\/\/gymfactory.eu\/fr\/","name":"Gym Factory","description":"","publisher":{"@id":"https:\/\/gymfactory.eu\/fr\/#organization"},"potentialAction":[{"@type":"SearchAction","target":{"@type":"EntryPoint","urlTemplate":"https:\/\/gymfactory.eu\/fr\/?s={search_term_string}"},"query-input":{"@type":"PropertyValueSpecification","valueRequired":true,"valueName":"search_term_string"}}],"inLanguage":"fr-FR"},{"@type":"Organization","@id":"https:\/\/gymfactory.eu\/fr\/#organization","name":"Gym Factory","url":"https:\/\/gymfactory.eu\/fr\/","logo":{"@type":"ImageObject","inLanguage":"fr-FR","@id":"https:\/\/gymfactory.eu\/fr\/#\/schema\/logo\/image\/","url":"https:\/\/gymfactory.eu\/wp-content\/uploads\/2024\/11\/Component-1.svg","contentUrl":"https:\/\/gymfactory.eu\/wp-content\/uploads\/2024\/11\/Component-1.svg","width":54,"height":44,"caption":"Gym Factory"},"image":{"@id":"https:\/\/gymfactory.eu\/fr\/#\/schema\/logo\/image\/"}}]}},"_links":{"self":[{"href":"https:\/\/gymfactory.eu\/fr\/wp-json\/wp\/v2\/product\/26154","targetHints":{"allow":["GET"]}}],"collection":[{"href":"https:\/\/gymfactory.eu\/fr\/wp-json\/wp\/v2\/product"}],"about":[{"href":"https:\/\/gymfactory.eu\/fr\/wp-json\/wp\/v2\/types\/product"}],"wp:featuredmedia":[{"embeddable":true,"href":"https:\/\/gymfactory.eu\/fr\/wp-json\/wp\/v2\/media\/28299"}],"wp:attachment":[{"href":"https:\/\/gymfactory.eu\/fr\/wp-json\/wp\/v2\/media?parent=26154"}],"wp:term":[{"taxonomy":"product_brand","embeddable":true,"href":"https:\/\/gymfactory.eu\/fr\/wp-json\/wp\/v2\/product_brand?post=26154"},{"taxonomy":"product_cat","embeddable":true,"href":"https:\/\/gymfactory.eu\/fr\/wp-json\/wp\/v2\/product_cat?post=26154"},{"taxonomy":"product_tag","embeddable":true,"href":"https:\/\/gymfactory.eu\/fr\/wp-json\/wp\/v2\/product_tag?post=26154"}],"curies":[{"name":"wp","href":"https:\/\/api.w.org\/{rel}","templated":true}]}}