{"id":26151,"date":"2025-02-10T11:04:36","date_gmt":"2025-02-10T09:04:36","guid":{"rendered":"https:\/\/gymfactory.eu\/product\/sissy-squat-s1\/"},"modified":"2025-02-10T11:04:36","modified_gmt":"2025-02-10T09:04:36","slug":"sissy-squat-s1","status":"publish","type":"product","link":"https:\/\/gymfactory.eu\/fr\/produit\/sissy-squat-s1\/","title":{"rendered":"Sissy Squat S1"},"content":{"rendered":"<p>Le Sissy Squat S1 est un \u00e9quipement d\u2019exercice de musculation compact, con\u00e7u sp\u00e9cifiquement pour r\u00e9aliser des sissy squats \u2013 un mouvement au poids du corps qui isole et renforce les quadriceps. Adapt\u00e9 aussi bien aux excellents home gyms qu\u2019aux salles de sport commerciales, il offre une plateforme stable et s\u00e9curisante pour le contr\u00f4le du bas du corps. <\/p>\n<p>Les coussins de support pour les jambes maintiennent fermement le bas des jambes en place, et leur position est r\u00e9glable pour s\u2019adapter aux diff\u00e9rents utilisateurs. Cela permet une ex\u00e9cution s\u00fbre des exercices pour les jambes, en mettant l\u2019accent sur la forme et la profondeur du mouvement. <\/p>\n<p>Simple, stable et efficace, le banc \u00e0 sissy squat est un outil cibl\u00e9 pour l\u2019entra\u00eenement des jambes \u00e0 dominante quadriceps dans un espace limit\u00e9.<\/p>\n\n    <div class=\"xs_social_share_widget xs_share_url after_content \t\tmain_content  wslu-style-1 wslu-share-box-shaped wslu-fill-colored wslu-none wslu-share-horizontal wslu-theme-font-no wslu-main_content\">\n\n\t\t\n        <ul>\n\t\t\t        <\/ul>\n    <\/div> \n","protected":false},"excerpt":{"rendered":"<p>Le Sissy Squat S1 est un \u00e9quipement d\u2019exercice de musculation compact, con\u00e7u sp\u00e9cifiquement pour r\u00e9aliser des sissy squats \u2013 un mouvement au poids du corps qui isole et renforce les quadriceps. Adapt\u00e9 aussi bien aux excellents home gyms qu\u2019aux salles de sport commerciales, il offre une plateforme stable et s\u00e9curisante pour le contr\u00f4le du bas [&hellip;]<\/p>\n","protected":false},"featured_media":11054,"template":"","meta":{"_acf_changed":false},"product_brand":[56],"product_cat":[830],"product_tag":[],"class_list":{"0":"post-26151","1":"product","2":"type-product","3":"status-publish","4":"has-post-thumbnail","6":"product_brand-gym-factory","7":"product_cat-autres-equipements-de-salle-de-sport","9":"first","10":"onbackorder","11":"taxable","12":"shipping-taxable","13":"purchasable","14":"product-type-variable","15":"has-default-attributes"},"acf":[],"yoast_head":"<!-- This site is optimized with the Yoast SEO plugin v25.2 - https:\/\/yoast.com\/wordpress\/plugins\/seo\/ -->\n<title>Sissy Squat S1 - \u00c9quipement d\u2019Exercice de Musculation<\/title>\n<meta name=\"description\" content=\"Machine de musculation polyvalente pour un entra\u00eenement puissant du bas du corps. L\u2019\u00e9quipement d\u2019exercice de musculation parfait pour les configurations \u00e0 domicile ou en salle.\" \/>\n<meta name=\"robots\" content=\"index, follow, max-snippet:-1, max-image-preview:large, max-video-preview:-1\" \/>\n<link rel=\"canonical\" href=\"https:\/\/gymfactory.eu\/fr\/produit\/sissy-squat-s1\/\" \/>\n<meta property=\"og:locale\" content=\"fr_FR\" \/>\n<meta property=\"og:type\" content=\"article\" \/>\n<meta property=\"og:title\" content=\"Sissy Squat S1 - \u00c9quipement d\u2019Exercice de Musculation\" \/>\n<meta property=\"og:description\" content=\"Machine de musculation polyvalente pour un entra\u00eenement puissant du bas du corps. L\u2019\u00e9quipement d\u2019exercice de musculation parfait pour les configurations \u00e0 domicile ou en salle.\" \/>\n<meta property=\"og:url\" content=\"https:\/\/gymfactory.eu\/fr\/produit\/sissy-squat-s1\/\" \/>\n<meta property=\"og:site_name\" content=\"Gym Factory\" \/>\n<meta property=\"og:image\" content=\"https:\/\/gymfactory.eu\/wp-content\/uploads\/2025\/02\/Gym-Machine-Sissy-Squat-Equipment.jpg\" \/>\n\t<meta property=\"og:image:width\" content=\"1500\" \/>\n\t<meta property=\"og:image:height\" content=\"1500\" \/>\n\t<meta property=\"og:image:type\" content=\"image\/jpeg\" \/>\n<meta name=\"twitter:card\" content=\"summary_large_image\" \/>\n<meta name=\"twitter:label1\" content=\"Dur\u00e9e de lecture estim\u00e9e\" \/>\n\t<meta name=\"twitter:data1\" content=\"1 minute\" \/>\n<script type=\"application\/ld+json\" class=\"yoast-schema-graph\">{\"@context\":\"https:\/\/schema.org\",\"@graph\":[{\"@type\":\"WebPage\",\"@id\":\"https:\/\/gymfactory.eu\/fr\/produit\/sissy-squat-s1\/\",\"url\":\"https:\/\/gymfactory.eu\/fr\/produit\/sissy-squat-s1\/\",\"name\":\"Sissy Squat S1 - \u00c9quipement d\u2019Exercice de Musculation\",\"isPartOf\":{\"@id\":\"https:\/\/gymfactory.eu\/fr\/#website\"},\"primaryImageOfPage\":{\"@id\":\"https:\/\/gymfactory.eu\/fr\/produit\/sissy-squat-s1\/#primaryimage\"},\"image\":{\"@id\":\"https:\/\/gymfactory.eu\/fr\/produit\/sissy-squat-s1\/#primaryimage\"},\"thumbnailUrl\":\"https:\/\/gymfactory.eu\/wp-content\/uploads\/2025\/02\/Gym-Machine-Sissy-Squat-Equipment.jpg\",\"datePublished\":\"2025-02-10T09:04:36+00:00\",\"description\":\"Machine de musculation polyvalente pour un entra\u00eenement puissant du bas du corps. L\u2019\u00e9quipement d\u2019exercice de musculation parfait pour les configurations \u00e0 domicile ou en salle.\",\"breadcrumb\":{\"@id\":\"https:\/\/gymfactory.eu\/fr\/produit\/sissy-squat-s1\/#breadcrumb\"},\"inLanguage\":\"fr-FR\",\"potentialAction\":[{\"@type\":\"ReadAction\",\"target\":[\"https:\/\/gymfactory.eu\/fr\/produit\/sissy-squat-s1\/\"]}]},{\"@type\":\"ImageObject\",\"inLanguage\":\"fr-FR\",\"@id\":\"https:\/\/gymfactory.eu\/fr\/produit\/sissy-squat-s1\/#primaryimage\",\"url\":\"https:\/\/gymfactory.eu\/wp-content\/uploads\/2025\/02\/Gym-Machine-Sissy-Squat-Equipment.jpg\",\"contentUrl\":\"https:\/\/gymfactory.eu\/wp-content\/uploads\/2025\/02\/Gym-Machine-Sissy-Squat-Equipment.jpg\",\"width\":1500,\"height\":1500,\"caption\":\"Une machine de salle de sport sp\u00e9cialis\u00e9e con\u00e7ue pour les exercices de sissy squat. L\u2019\u00e9quipement pr\u00e9sente un cadre en acier rouge avec un dossier rembourr\u00e9 noir et deux rouleaux rembourr\u00e9s r\u00e9glables pour s\u00e9curiser les jambes. La base comprend un repose-pieds en m\u00e9tal textur\u00e9 \u00e0 motif diamant pour la stabilit\u00e9, assurant un soutien appropri\u00e9 pendant les entra\u00eenements du bas du corps.\"},{\"@type\":\"BreadcrumbList\",\"@id\":\"https:\/\/gymfactory.eu\/fr\/produit\/sissy-squat-s1\/#breadcrumb\",\"itemListElement\":[{\"@type\":\"ListItem\",\"position\":1,\"name\":\"Home\",\"item\":\"https:\/\/gymfactory.eu\/fr\/page-principale\/\"},{\"@type\":\"ListItem\",\"position\":2,\"name\":\"Catalogue\",\"item\":\"https:\/\/gymfactory.eu\/fr\/catalogue-2\/\"},{\"@type\":\"ListItem\",\"position\":3,\"name\":\"Sissy Squat S1\"}]},{\"@type\":\"WebSite\",\"@id\":\"https:\/\/gymfactory.eu\/fr\/#website\",\"url\":\"https:\/\/gymfactory.eu\/fr\/\",\"name\":\"Gym Factory\",\"description\":\"\",\"publisher\":{\"@id\":\"https:\/\/gymfactory.eu\/fr\/#organization\"},\"potentialAction\":[{\"@type\":\"SearchAction\",\"target\":{\"@type\":\"EntryPoint\",\"urlTemplate\":\"https:\/\/gymfactory.eu\/fr\/?s={search_term_string}\"},\"query-input\":{\"@type\":\"PropertyValueSpecification\",\"valueRequired\":true,\"valueName\":\"search_term_string\"}}],\"inLanguage\":\"fr-FR\"},{\"@type\":\"Organization\",\"@id\":\"https:\/\/gymfactory.eu\/fr\/#organization\",\"name\":\"Gym Factory\",\"url\":\"https:\/\/gymfactory.eu\/fr\/\",\"logo\":{\"@type\":\"ImageObject\",\"inLanguage\":\"fr-FR\",\"@id\":\"https:\/\/gymfactory.eu\/fr\/#\/schema\/logo\/image\/\",\"url\":\"https:\/\/gymfactory.eu\/wp-content\/uploads\/2024\/11\/Component-1.svg\",\"contentUrl\":\"https:\/\/gymfactory.eu\/wp-content\/uploads\/2024\/11\/Component-1.svg\",\"width\":54,\"height\":44,\"caption\":\"Gym Factory\"},\"image\":{\"@id\":\"https:\/\/gymfactory.eu\/fr\/#\/schema\/logo\/image\/\"}}]}<\/script>\n<!-- \/ Yoast SEO plugin. -->","yoast_head_json":{"title":"Sissy Squat S1 - \u00c9quipement d\u2019Exercice de Musculation","description":"Machine de musculation polyvalente pour un entra\u00eenement puissant du bas du corps. L\u2019\u00e9quipement d\u2019exercice de musculation parfait pour les configurations \u00e0 domicile ou en salle.","robots":{"index":"index","follow":"follow","max-snippet":"max-snippet:-1","max-image-preview":"max-image-preview:large","max-video-preview":"max-video-preview:-1"},"canonical":"https:\/\/gymfactory.eu\/fr\/produit\/sissy-squat-s1\/","og_locale":"fr_FR","og_type":"article","og_title":"Sissy Squat S1 - \u00c9quipement d\u2019Exercice de Musculation","og_description":"Machine de musculation polyvalente pour un entra\u00eenement puissant du bas du corps. L\u2019\u00e9quipement d\u2019exercice de musculation parfait pour les configurations \u00e0 domicile ou en salle.","og_url":"https:\/\/gymfactory.eu\/fr\/produit\/sissy-squat-s1\/","og_site_name":"Gym Factory","og_image":[{"width":1500,"height":1500,"url":"https:\/\/gymfactory.eu\/wp-content\/uploads\/2025\/02\/Gym-Machine-Sissy-Squat-Equipment.jpg","type":"image\/jpeg"}],"twitter_card":"summary_large_image","twitter_misc":{"Dur\u00e9e de lecture estim\u00e9e":"1 minute"},"schema":{"@context":"https:\/\/schema.org","@graph":[{"@type":"WebPage","@id":"https:\/\/gymfactory.eu\/fr\/produit\/sissy-squat-s1\/","url":"https:\/\/gymfactory.eu\/fr\/produit\/sissy-squat-s1\/","name":"Sissy Squat S1 - \u00c9quipement d\u2019Exercice de Musculation","isPartOf":{"@id":"https:\/\/gymfactory.eu\/fr\/#website"},"primaryImageOfPage":{"@id":"https:\/\/gymfactory.eu\/fr\/produit\/sissy-squat-s1\/#primaryimage"},"image":{"@id":"https:\/\/gymfactory.eu\/fr\/produit\/sissy-squat-s1\/#primaryimage"},"thumbnailUrl":"https:\/\/gymfactory.eu\/wp-content\/uploads\/2025\/02\/Gym-Machine-Sissy-Squat-Equipment.jpg","datePublished":"2025-02-10T09:04:36+00:00","description":"Machine de musculation polyvalente pour un entra\u00eenement puissant du bas du corps. L\u2019\u00e9quipement d\u2019exercice de musculation parfait pour les configurations \u00e0 domicile ou en salle.","breadcrumb":{"@id":"https:\/\/gymfactory.eu\/fr\/produit\/sissy-squat-s1\/#breadcrumb"},"inLanguage":"fr-FR","potentialAction":[{"@type":"ReadAction","target":["https:\/\/gymfactory.eu\/fr\/produit\/sissy-squat-s1\/"]}]},{"@type":"ImageObject","inLanguage":"fr-FR","@id":"https:\/\/gymfactory.eu\/fr\/produit\/sissy-squat-s1\/#primaryimage","url":"https:\/\/gymfactory.eu\/wp-content\/uploads\/2025\/02\/Gym-Machine-Sissy-Squat-Equipment.jpg","contentUrl":"https:\/\/gymfactory.eu\/wp-content\/uploads\/2025\/02\/Gym-Machine-Sissy-Squat-Equipment.jpg","width":1500,"height":1500,"caption":"Une machine de salle de sport sp\u00e9cialis\u00e9e con\u00e7ue pour les exercices de sissy squat. L\u2019\u00e9quipement pr\u00e9sente un cadre en acier rouge avec un dossier rembourr\u00e9 noir et deux rouleaux rembourr\u00e9s r\u00e9glables pour s\u00e9curiser les jambes. La base comprend un repose-pieds en m\u00e9tal textur\u00e9 \u00e0 motif diamant pour la stabilit\u00e9, assurant un soutien appropri\u00e9 pendant les entra\u00eenements du bas du corps."},{"@type":"BreadcrumbList","@id":"https:\/\/gymfactory.eu\/fr\/produit\/sissy-squat-s1\/#breadcrumb","itemListElement":[{"@type":"ListItem","position":1,"name":"Home","item":"https:\/\/gymfactory.eu\/fr\/page-principale\/"},{"@type":"ListItem","position":2,"name":"Catalogue","item":"https:\/\/gymfactory.eu\/fr\/catalogue-2\/"},{"@type":"ListItem","position":3,"name":"Sissy Squat S1"}]},{"@type":"WebSite","@id":"https:\/\/gymfactory.eu\/fr\/#website","url":"https:\/\/gymfactory.eu\/fr\/","name":"Gym Factory","description":"","publisher":{"@id":"https:\/\/gymfactory.eu\/fr\/#organization"},"potentialAction":[{"@type":"SearchAction","target":{"@type":"EntryPoint","urlTemplate":"https:\/\/gymfactory.eu\/fr\/?s={search_term_string}"},"query-input":{"@type":"PropertyValueSpecification","valueRequired":true,"valueName":"search_term_string"}}],"inLanguage":"fr-FR"},{"@type":"Organization","@id":"https:\/\/gymfactory.eu\/fr\/#organization","name":"Gym Factory","url":"https:\/\/gymfactory.eu\/fr\/","logo":{"@type":"ImageObject","inLanguage":"fr-FR","@id":"https:\/\/gymfactory.eu\/fr\/#\/schema\/logo\/image\/","url":"https:\/\/gymfactory.eu\/wp-content\/uploads\/2024\/11\/Component-1.svg","contentUrl":"https:\/\/gymfactory.eu\/wp-content\/uploads\/2024\/11\/Component-1.svg","width":54,"height":44,"caption":"Gym Factory"},"image":{"@id":"https:\/\/gymfactory.eu\/fr\/#\/schema\/logo\/image\/"}}]}},"_links":{"self":[{"href":"https:\/\/gymfactory.eu\/fr\/wp-json\/wp\/v2\/product\/26151","targetHints":{"allow":["GET"]}}],"collection":[{"href":"https:\/\/gymfactory.eu\/fr\/wp-json\/wp\/v2\/product"}],"about":[{"href":"https:\/\/gymfactory.eu\/fr\/wp-json\/wp\/v2\/types\/product"}],"wp:featuredmedia":[{"embeddable":true,"href":"https:\/\/gymfactory.eu\/fr\/wp-json\/wp\/v2\/media\/11054"}],"wp:attachment":[{"href":"https:\/\/gymfactory.eu\/fr\/wp-json\/wp\/v2\/media?parent=26151"}],"wp:term":[{"taxonomy":"product_brand","embeddable":true,"href":"https:\/\/gymfactory.eu\/fr\/wp-json\/wp\/v2\/product_brand?post=26151"},{"taxonomy":"product_cat","embeddable":true,"href":"https:\/\/gymfactory.eu\/fr\/wp-json\/wp\/v2\/product_cat?post=26151"},{"taxonomy":"product_tag","embeddable":true,"href":"https:\/\/gymfactory.eu\/fr\/wp-json\/wp\/v2\/product_tag?post=26151"}],"curies":[{"name":"wp","href":"https:\/\/api.w.org\/{rel}","templated":true}]}}