{"id":26149,"date":"2025-02-10T10:32:07","date_gmt":"2025-02-10T08:32:07","guid":{"rendered":"https:\/\/gymfactory.eu\/product\/plateforme-z16\/"},"modified":"2025-02-10T10:32:07","modified_gmt":"2025-02-10T08:32:07","slug":"plateforme-z16","status":"publish","type":"product","link":"https:\/\/gymfactory.eu\/fr\/produit\/plateforme-z16\/","title":{"rendered":"Plateforme Z16"},"content":{"rendered":"<p>La Plateforme Z16 est un \u00e9quipement de musculation con\u00e7u sp\u00e9cifiquement pour les hip thrusts (relev\u00e9s de bassin) \u00e0 la barre. Sa large surface offre stabilit\u00e9 et soutien lors des mouvements ax\u00e9s sur les fessiers, tandis que les points d\u2019ancrage int\u00e9gr\u00e9s permettent d\u2019attacher solidement des bandes \u00e9lastiques pour une intensit\u00e9 accrue. <\/p>\n<p>La plateforme comprend une poign\u00e9e et des roulettes pour faciliter le transport, ce qui la rend parfaitement adapt\u00e9e aux configurations de musculation \u00e0 domicile. La plateforme de levage Z16 prend en charge les exercices pour les jambes et s\u2019int\u00e8gre harmonieusement dans les routines de force du bas du corps.<\/p>\n\n    <div class=\"xs_social_share_widget xs_share_url after_content \t\tmain_content  wslu-style-1 wslu-share-box-shaped wslu-fill-colored wslu-none wslu-share-horizontal wslu-theme-font-no wslu-main_content\">\n\n\t\t\n        <ul>\n\t\t\t        <\/ul>\n    <\/div> \n","protected":false},"excerpt":{"rendered":"<p>La Plateforme Z16 est un \u00e9quipement de musculation con\u00e7u sp\u00e9cifiquement pour les hip thrusts (relev\u00e9s de bassin) \u00e0 la barre. Sa large surface offre stabilit\u00e9 et soutien lors des mouvements ax\u00e9s sur les fessiers, tandis que les points d\u2019ancrage int\u00e9gr\u00e9s permettent d\u2019attacher solidement des bandes \u00e9lastiques pour une intensit\u00e9 accrue. La plateforme comprend une poign\u00e9e [&hellip;]<\/p>\n","protected":false},"featured_media":11049,"template":"","meta":{"_acf_changed":false},"product_brand":[56],"product_cat":[830],"product_tag":[],"class_list":{"0":"post-26149","1":"product","2":"type-product","3":"status-publish","4":"has-post-thumbnail","6":"product_brand-gym-factory","7":"product_cat-autres-equipements-de-salle-de-sport","9":"first","10":"onbackorder","11":"taxable","12":"shipping-taxable","13":"purchasable","14":"product-type-variable","15":"has-default-attributes"},"acf":[],"yoast_head":"<!-- This site is optimized with the Yoast SEO plugin v25.2 - https:\/\/yoast.com\/wordpress\/plugins\/seo\/ -->\n<title>Plateforme Z16 \u2013 \u00c9quipement Essentiel de Musculation<\/title>\n<meta name=\"description\" content=\"Cette plateforme est un \u00e9quipement de musculation durable, offrant un soutien pour divers exercices de jambes comme les squats, les step-ups et les hip thrusts.\" \/>\n<meta name=\"robots\" content=\"index, follow, max-snippet:-1, max-image-preview:large, max-video-preview:-1\" \/>\n<link rel=\"canonical\" href=\"https:\/\/gymfactory.eu\/fr\/produit\/plateforme-z16\/\" \/>\n<meta property=\"og:locale\" content=\"fr_FR\" \/>\n<meta property=\"og:type\" content=\"article\" \/>\n<meta property=\"og:title\" content=\"Plateforme Z16 \u2013 \u00c9quipement Essentiel de Musculation\" \/>\n<meta property=\"og:description\" content=\"Cette plateforme est un \u00e9quipement de musculation durable, offrant un soutien pour divers exercices de jambes comme les squats, les step-ups et les hip thrusts.\" \/>\n<meta property=\"og:url\" content=\"https:\/\/gymfactory.eu\/fr\/produit\/plateforme-z16\/\" \/>\n<meta property=\"og:site_name\" content=\"Gym Factory\" \/>\n<meta property=\"og:image\" content=\"https:\/\/gymfactory.eu\/wp-content\/uploads\/2025\/02\/Gym-Machine-Hip-Thruster-1.webp\" \/>\n\t<meta property=\"og:image:width\" content=\"1500\" \/>\n\t<meta property=\"og:image:height\" content=\"1500\" \/>\n\t<meta property=\"og:image:type\" content=\"image\/webp\" \/>\n<meta name=\"twitter:card\" content=\"summary_large_image\" \/>\n<meta name=\"twitter:label1\" content=\"Dur\u00e9e de lecture estim\u00e9e\" \/>\n\t<meta name=\"twitter:data1\" content=\"1 minute\" \/>\n<script type=\"application\/ld+json\" class=\"yoast-schema-graph\">{\"@context\":\"https:\/\/schema.org\",\"@graph\":[{\"@type\":\"WebPage\",\"@id\":\"https:\/\/gymfactory.eu\/fr\/produit\/plateforme-z16\/\",\"url\":\"https:\/\/gymfactory.eu\/fr\/produit\/plateforme-z16\/\",\"name\":\"Plateforme Z16 \u2013 \u00c9quipement Essentiel de Musculation\",\"isPartOf\":{\"@id\":\"https:\/\/gymfactory.eu\/fr\/#website\"},\"primaryImageOfPage\":{\"@id\":\"https:\/\/gymfactory.eu\/fr\/produit\/plateforme-z16\/#primaryimage\"},\"image\":{\"@id\":\"https:\/\/gymfactory.eu\/fr\/produit\/plateforme-z16\/#primaryimage\"},\"thumbnailUrl\":\"https:\/\/gymfactory.eu\/wp-content\/uploads\/2025\/02\/Gym-Machine-Hip-Thruster-1.webp\",\"datePublished\":\"2025-02-10T08:32:07+00:00\",\"description\":\"Cette plateforme est un \u00e9quipement de musculation durable, offrant un soutien pour divers exercices de jambes comme les squats, les step-ups et les hip thrusts.\",\"breadcrumb\":{\"@id\":\"https:\/\/gymfactory.eu\/fr\/produit\/plateforme-z16\/#breadcrumb\"},\"inLanguage\":\"fr-FR\",\"potentialAction\":[{\"@type\":\"ReadAction\",\"target\":[\"https:\/\/gymfactory.eu\/fr\/produit\/plateforme-z16\/\"]}]},{\"@type\":\"ImageObject\",\"inLanguage\":\"fr-FR\",\"@id\":\"https:\/\/gymfactory.eu\/fr\/produit\/plateforme-z16\/#primaryimage\",\"url\":\"https:\/\/gymfactory.eu\/wp-content\/uploads\/2025\/02\/Gym-Machine-Hip-Thruster-1.webp\",\"contentUrl\":\"https:\/\/gymfactory.eu\/wp-content\/uploads\/2025\/02\/Gym-Machine-Hip-Thruster-1.webp\",\"width\":1500,\"height\":1500,\"caption\":\"Une machine de salle de sport sp\u00e9cialis\u00e9e con\u00e7ue pour les exercices de hip thrust. L\u2019\u00e9quipement pr\u00e9sente un cadre robuste en acier bleu avec un coussin noir pour le soutien du dos. La section avant comprend une plateforme pour les pieds textur\u00e9e en m\u00e9tal avec un motif diamant pour une adh\u00e9rence et une stabilit\u00e9 am\u00e9lior\u00e9es. Le cadre dispose de goupilles suppl\u00e9mentaires pour la fixation de bandes \u00e9lastiques, permettant un entra\u00eenement polyvalent de la force du bas du corps.\"},{\"@type\":\"BreadcrumbList\",\"@id\":\"https:\/\/gymfactory.eu\/fr\/produit\/plateforme-z16\/#breadcrumb\",\"itemListElement\":[{\"@type\":\"ListItem\",\"position\":1,\"name\":\"Home\",\"item\":\"https:\/\/gymfactory.eu\/fr\/page-principale\/\"},{\"@type\":\"ListItem\",\"position\":2,\"name\":\"Catalogue\",\"item\":\"https:\/\/gymfactory.eu\/fr\/catalogue-2\/\"},{\"@type\":\"ListItem\",\"position\":3,\"name\":\"Plateforme Z16\"}]},{\"@type\":\"WebSite\",\"@id\":\"https:\/\/gymfactory.eu\/fr\/#website\",\"url\":\"https:\/\/gymfactory.eu\/fr\/\",\"name\":\"Gym Factory\",\"description\":\"\",\"publisher\":{\"@id\":\"https:\/\/gymfactory.eu\/fr\/#organization\"},\"potentialAction\":[{\"@type\":\"SearchAction\",\"target\":{\"@type\":\"EntryPoint\",\"urlTemplate\":\"https:\/\/gymfactory.eu\/fr\/?s={search_term_string}\"},\"query-input\":{\"@type\":\"PropertyValueSpecification\",\"valueRequired\":true,\"valueName\":\"search_term_string\"}}],\"inLanguage\":\"fr-FR\"},{\"@type\":\"Organization\",\"@id\":\"https:\/\/gymfactory.eu\/fr\/#organization\",\"name\":\"Gym Factory\",\"url\":\"https:\/\/gymfactory.eu\/fr\/\",\"logo\":{\"@type\":\"ImageObject\",\"inLanguage\":\"fr-FR\",\"@id\":\"https:\/\/gymfactory.eu\/fr\/#\/schema\/logo\/image\/\",\"url\":\"https:\/\/gymfactory.eu\/wp-content\/uploads\/2024\/11\/Component-1.svg\",\"contentUrl\":\"https:\/\/gymfactory.eu\/wp-content\/uploads\/2024\/11\/Component-1.svg\",\"width\":54,\"height\":44,\"caption\":\"Gym Factory\"},\"image\":{\"@id\":\"https:\/\/gymfactory.eu\/fr\/#\/schema\/logo\/image\/\"}}]}<\/script>\n<!-- \/ Yoast SEO plugin. -->","yoast_head_json":{"title":"Plateforme Z16 \u2013 \u00c9quipement Essentiel de Musculation","description":"Cette plateforme est un \u00e9quipement de musculation durable, offrant un soutien pour divers exercices de jambes comme les squats, les step-ups et les hip thrusts.","robots":{"index":"index","follow":"follow","max-snippet":"max-snippet:-1","max-image-preview":"max-image-preview:large","max-video-preview":"max-video-preview:-1"},"canonical":"https:\/\/gymfactory.eu\/fr\/produit\/plateforme-z16\/","og_locale":"fr_FR","og_type":"article","og_title":"Plateforme Z16 \u2013 \u00c9quipement Essentiel de Musculation","og_description":"Cette plateforme est un \u00e9quipement de musculation durable, offrant un soutien pour divers exercices de jambes comme les squats, les step-ups et les hip thrusts.","og_url":"https:\/\/gymfactory.eu\/fr\/produit\/plateforme-z16\/","og_site_name":"Gym Factory","og_image":[{"width":1500,"height":1500,"url":"https:\/\/gymfactory.eu\/wp-content\/uploads\/2025\/02\/Gym-Machine-Hip-Thruster-1.webp","type":"image\/webp"}],"twitter_card":"summary_large_image","twitter_misc":{"Dur\u00e9e de lecture estim\u00e9e":"1 minute"},"schema":{"@context":"https:\/\/schema.org","@graph":[{"@type":"WebPage","@id":"https:\/\/gymfactory.eu\/fr\/produit\/plateforme-z16\/","url":"https:\/\/gymfactory.eu\/fr\/produit\/plateforme-z16\/","name":"Plateforme Z16 \u2013 \u00c9quipement Essentiel de Musculation","isPartOf":{"@id":"https:\/\/gymfactory.eu\/fr\/#website"},"primaryImageOfPage":{"@id":"https:\/\/gymfactory.eu\/fr\/produit\/plateforme-z16\/#primaryimage"},"image":{"@id":"https:\/\/gymfactory.eu\/fr\/produit\/plateforme-z16\/#primaryimage"},"thumbnailUrl":"https:\/\/gymfactory.eu\/wp-content\/uploads\/2025\/02\/Gym-Machine-Hip-Thruster-1.webp","datePublished":"2025-02-10T08:32:07+00:00","description":"Cette plateforme est un \u00e9quipement de musculation durable, offrant un soutien pour divers exercices de jambes comme les squats, les step-ups et les hip thrusts.","breadcrumb":{"@id":"https:\/\/gymfactory.eu\/fr\/produit\/plateforme-z16\/#breadcrumb"},"inLanguage":"fr-FR","potentialAction":[{"@type":"ReadAction","target":["https:\/\/gymfactory.eu\/fr\/produit\/plateforme-z16\/"]}]},{"@type":"ImageObject","inLanguage":"fr-FR","@id":"https:\/\/gymfactory.eu\/fr\/produit\/plateforme-z16\/#primaryimage","url":"https:\/\/gymfactory.eu\/wp-content\/uploads\/2025\/02\/Gym-Machine-Hip-Thruster-1.webp","contentUrl":"https:\/\/gymfactory.eu\/wp-content\/uploads\/2025\/02\/Gym-Machine-Hip-Thruster-1.webp","width":1500,"height":1500,"caption":"Une machine de salle de sport sp\u00e9cialis\u00e9e con\u00e7ue pour les exercices de hip thrust. L\u2019\u00e9quipement pr\u00e9sente un cadre robuste en acier bleu avec un coussin noir pour le soutien du dos. La section avant comprend une plateforme pour les pieds textur\u00e9e en m\u00e9tal avec un motif diamant pour une adh\u00e9rence et une stabilit\u00e9 am\u00e9lior\u00e9es. Le cadre dispose de goupilles suppl\u00e9mentaires pour la fixation de bandes \u00e9lastiques, permettant un entra\u00eenement polyvalent de la force du bas du corps."},{"@type":"BreadcrumbList","@id":"https:\/\/gymfactory.eu\/fr\/produit\/plateforme-z16\/#breadcrumb","itemListElement":[{"@type":"ListItem","position":1,"name":"Home","item":"https:\/\/gymfactory.eu\/fr\/page-principale\/"},{"@type":"ListItem","position":2,"name":"Catalogue","item":"https:\/\/gymfactory.eu\/fr\/catalogue-2\/"},{"@type":"ListItem","position":3,"name":"Plateforme Z16"}]},{"@type":"WebSite","@id":"https:\/\/gymfactory.eu\/fr\/#website","url":"https:\/\/gymfactory.eu\/fr\/","name":"Gym Factory","description":"","publisher":{"@id":"https:\/\/gymfactory.eu\/fr\/#organization"},"potentialAction":[{"@type":"SearchAction","target":{"@type":"EntryPoint","urlTemplate":"https:\/\/gymfactory.eu\/fr\/?s={search_term_string}"},"query-input":{"@type":"PropertyValueSpecification","valueRequired":true,"valueName":"search_term_string"}}],"inLanguage":"fr-FR"},{"@type":"Organization","@id":"https:\/\/gymfactory.eu\/fr\/#organization","name":"Gym Factory","url":"https:\/\/gymfactory.eu\/fr\/","logo":{"@type":"ImageObject","inLanguage":"fr-FR","@id":"https:\/\/gymfactory.eu\/fr\/#\/schema\/logo\/image\/","url":"https:\/\/gymfactory.eu\/wp-content\/uploads\/2024\/11\/Component-1.svg","contentUrl":"https:\/\/gymfactory.eu\/wp-content\/uploads\/2024\/11\/Component-1.svg","width":54,"height":44,"caption":"Gym Factory"},"image":{"@id":"https:\/\/gymfactory.eu\/fr\/#\/schema\/logo\/image\/"}}]}},"_links":{"self":[{"href":"https:\/\/gymfactory.eu\/fr\/wp-json\/wp\/v2\/product\/26149","targetHints":{"allow":["GET"]}}],"collection":[{"href":"https:\/\/gymfactory.eu\/fr\/wp-json\/wp\/v2\/product"}],"about":[{"href":"https:\/\/gymfactory.eu\/fr\/wp-json\/wp\/v2\/types\/product"}],"wp:featuredmedia":[{"embeddable":true,"href":"https:\/\/gymfactory.eu\/fr\/wp-json\/wp\/v2\/media\/11049"}],"wp:attachment":[{"href":"https:\/\/gymfactory.eu\/fr\/wp-json\/wp\/v2\/media?parent=26149"}],"wp:term":[{"taxonomy":"product_brand","embeddable":true,"href":"https:\/\/gymfactory.eu\/fr\/wp-json\/wp\/v2\/product_brand?post=26149"},{"taxonomy":"product_cat","embeddable":true,"href":"https:\/\/gymfactory.eu\/fr\/wp-json\/wp\/v2\/product_cat?post=26149"},{"taxonomy":"product_tag","embeddable":true,"href":"https:\/\/gymfactory.eu\/fr\/wp-json\/wp\/v2\/product_tag?post=26149"}],"curies":[{"name":"wp","href":"https:\/\/api.w.org\/{rel}","templated":true}]}}